{"id":13847,"date":"2019-10-25T21:24:29","date_gmt":"2019-10-25T19:24:29","guid":{"rendered":"https:\/\/wire-processor.eu\/?page_id=13847"},"modified":"2021-07-07T13:57:55","modified_gmt":"2021-07-07T11:57:55","slug":"o-nas","status":"publish","type":"page","link":"https:\/\/wire-processor.eu\/cs\/o-nas\/","title":{"rendered":"O n\u00e1s"},"content":{"rendered":"<p><div class=\"fusion-fullwidth fullwidth-box fusion-builder-row-1 mass-responsive-section nonhundred-percent-fullwidth non-hundred-percent-height-scrolling\" style=\"--awb-background-position:left top;--awb-border-sizes-top:0px;--awb-border-sizes-bottom:0px;--awb-border-sizes-left:0px;--awb-border-sizes-right:0px;--awb-border-radius-top-left:0px;--awb-border-radius-top-right:0px;--awb-border-radius-bottom-right:0px;--awb-border-radius-bottom-left:0px;--awb-padding-top:3%;--awb-padding-bottom:0px;--awb-flex-wrap:wrap;\" id=\"section1\" ><div class=\"fusion-builder-row fusion-row\"><div class=\"fusion-layout-column fusion_builder_column fusion-builder-column-0 fusion_builder_column_1_1 1_1 fusion-one-full fusion-column-first fusion-column-last mass-intro\" style=\"--awb-padding-right:15%;--awb-padding-left:15%;--awb-bg-size:cover;--awb-margin-top:42px;--awb-margin-bottom:20px;\"><div class=\"fusion-column-wrapper fusion-flex-column-wrapper-legacy\"><div class=\"fusion-text fusion-text-1\"><h2 style=\"text-align: center;\">Navrhujeme, vyr\u00e1b\u00edme a dod\u00e1v\u00e1me stroje na zpracov\u00e1n\u00ed vodi\u010d\u016f a kabel\u016f.<\/h2>\n<\/div><div class=\"fusion-sep-clear\"><\/div><div class=\"fusion-separator\" style=\"margin-left: auto;margin-right: auto;margin-top:0px;margin-bottom:30px;width:100%;max-width:206px;\"><div class=\"fusion-separator-border sep-single sep-solid\" style=\"--awb-height:20px;--awb-amount:20px;--awb-sep-color:#fed03d;border-color:#fed03d;border-top-width:2px;\"><\/div><\/div><div class=\"fusion-sep-clear\"><\/div><div class=\"fusion-text fusion-text-2\"><p>Jiangsu Bozhiwang Automation Equipment Co Ltd, se s\u00eddlem v Changzhou je jedn\u00edm z nejv\u011bt\u0161\u00edch v\u00fdrobc\u016f za\u0159\u00edzen\u00ed na zpracov\u00e1n\u00ed vodi\u010d\u016f v \u010c\u00edn\u011b.<\/p>\n<p>Celkov\u00e1 v\u00fdrobn\u00ed plocha na\u0161\u00ed firmy \u010din\u00ed cca 10 000 m2, a po\u010det zam\u011bstnanc\u016f je vy\u0161\u0161\u00ed ne\u017e 300, z toho 200 jsou vysoce kvalifikovan\u00ed technici.<br \/>\nOd zalo\u017een\u00ed uplat\u0148ujeme z\u00e1sadu \u201ekvalita je \u017eivot\u201c, a d\u00edky tomu se m\u016f\u017eeme rozv\u00edjet a zlep\u0161ovat.<br \/>\nNa\u0161e nab\u00eddka zahrnuje:<\/p>\n<ul>\n<li>automatick\u00e1 za\u0159\u00edzen\u00ed pro lisov\u00e1n\u00ed koncovek,<\/li>\n<li>automaty na zpracov\u00e1n\u00ed vodi\u010d\u016f,<\/li>\n<li>poloautomatick\u00e1 za\u0159\u00edzen\u00ed pro lisov\u00e1n\u00ed koncovek,<\/li>\n<li>za\u0159\u00edzen\u00ed na skrucov\u00e1n\u00ed a p\u00e1jen\u00ed vodi\u010d\u016f,<\/li>\n<li>za\u0159\u00edzen\u00ed na zpracov\u00e1n\u00ed fotovoltaick\u00fdch kabel\u016f,<\/li>\n<li>za\u0159\u00edzen\u00ed na zpracov\u00e1n\u00ed koncentrick\u00fdch kabel\u016f,<\/li>\n<li>mosazen\u00e9 kabelov\u00e9 koncovky,<\/li>\n<li>nav\u00edjen\u00ed a v\u00e1z\u00e1n\u00ed,<\/li>\n<li>za\u0159\u00edzen\u00ed pro \u0159ez\u00e1n\u00ed kabelov\u00fdch chr\u00e1ni\u010dek,<\/li>\n<li>pneumatick\u00e1 odizolovac\u00ed za\u0159\u00edzen\u00ed,<\/li>\n<li>syst\u00e9my kontroly a zkou\u0161en\u00ed kabelov\u00fdch svazk\u016f,<\/li>\n<li>dodate\u010dn\u00e1 za\u0159\u00edzen\u00ed,<\/li>\n<li>aplik\u00e1tory,<\/li>\n<li>podava\u010de vodi\u010d\u016f<\/li>\n<\/ul>\n<p>C\u00edlem na\u0161\u00ed firmy jsou dlouhodob\u00e9, stabiln\u00ed a vz\u00e1jemn\u011b v\u00fdhodn\u00e9, partnersk\u00e9 vztahy se z\u00e1kazn\u00edky, abychom spole\u010dn\u011b dos\u00e1hli rozvoje. Na\u0161e v\u00fdrobky maj\u00ed po mnoho let dobr\u00e9 renom\u00e9 a t\u011b\u0161\u00ed se uzn\u00e1n\u00ed z\u00e1kazn\u00edk\u016f na cel\u00e9m sv\u011bt\u011b. Na\u0161e stroje jsme dod\u00e1vali do USA, It\u00e1lie, D\u00e1nska, \u0160v\u00fdcarska, \u00cdr\u00e1nu, Koreje, Polska a na St\u0159edn\u00ed v\u00fdchod. Rychl\u00fd rozvoj na\u0161\u00ed firmy vypl\u00fdv\u00e1 z koncepce v\u011bdy a technologie, kter\u00e1 poh\u00e1n\u00ed z\u00e1vod \u00fa\u010dinn\u00fdmi a spolehliv\u00fdmi investicemi.<\/p>\n<\/div><div class=\"fusion-clearfix\"><\/div><\/div><\/div><\/div><\/div><div class=\"fusion-fullwidth fullwidth-box fusion-builder-row-2 nonhundred-percent-fullwidth non-hundred-percent-height-scrolling\" style=\"--awb-background-position:right center;--awb-border-sizes-top:0px;--awb-border-sizes-bottom:0px;--awb-border-sizes-left:0px;--awb-border-sizes-right:0px;--awb-border-radius-top-left:0px;--awb-border-radius-top-right:0px;--awb-border-radius-bottom-right:0px;--awb-border-radius-bottom-left:0px;--awb-flex-wrap:wrap;\" ><div class=\"fusion-builder-row fusion-row\"><div class=\"fusion-layout-column fusion_builder_column fusion-builder-column-1 fusion_builder_column_1_1 1_1 fusion-one-full fusion-column-first fusion-column-last\" style=\"--awb-bg-size:cover;\"><div class=\"fusion-column-wrapper fusion-flex-column-wrapper-legacy\"><div class=\"fusion-column-content-centered\"><div class=\"fusion-column-content\"><div class=\"fusion-image-element fusion-image-align-center in-legacy-container\" style=\"text-align:center;--awb-caption-title-font-family:var(--h2_typography-font-family);--awb-caption-title-font-weight:var(--h2_typography-font-weight);--awb-caption-title-font-style:var(--h2_typography-font-style);--awb-caption-title-size:var(--h2_typography-font-size);--awb-caption-title-transform:var(--h2_typography-text-transform);--awb-caption-title-line-height:var(--h2_typography-line-height);--awb-caption-title-letter-spacing:var(--h2_typography-letter-spacing);\"><div class=\"imageframe-align-center\"><span class=\" fusion-imageframe imageframe-none imageframe-1 hover-type-none\"><img decoding=\"async\" width=\"1920\" height=\"480\" title=\"BG4jpg\" src=\"https:\/\/wire-processor.eu\/wp-content\/uploads\/2018\/05\/BG4jpg.jpg\" alt class=\"img-responsive wp-image-13853\" srcset=\"https:\/\/wire-processor.eu\/wp-content\/uploads\/2018\/05\/BG4jpg-200x50.jpg 200w, https:\/\/wire-processor.eu\/wp-content\/uploads\/2018\/05\/BG4jpg-400x100.jpg 400w, https:\/\/wire-processor.eu\/wp-content\/uploads\/2018\/05\/BG4jpg-600x150.jpg 600w, https:\/\/wire-processor.eu\/wp-content\/uploads\/2018\/05\/BG4jpg-800x200.jpg 800w, https:\/\/wire-processor.eu\/wp-content\/uploads\/2018\/05\/BG4jpg-1200x300.jpg 1200w, https:\/\/wire-processor.eu\/wp-content\/uploads\/2018\/05\/BG4jpg.jpg 1920w\" sizes=\"(max-width: 800px) 100vw, 1200px\" \/><\/span><\/div><\/div><\/div><\/div><div class=\"fusion-clearfix\"><\/div><\/div><\/div><\/div><\/div><div class=\"fusion-bg-parallax\" data-bg-align=\"center center\" data-direction=\"up\" data-mute=\"false\" data-opacity=\"100\" data-velocity=\"-0.3\" data-mobile-enabled=\"false\" data-break_parents=\"0\" data-bg-image=\"https:\/\/wire-processor.eu\/wp-content\/uploads\/2018\/05\/bg2.jpg\" data-bg-repeat=\"false\" ><\/div><div class=\"fusion-fullwidth fullwidth-box fusion-builder-row-3 fusion-parallax-up nonhundred-percent-fullwidth non-hundred-percent-height-scrolling\" style=\"--awb-border-sizes-top:0px;--awb-border-sizes-bottom:0px;--awb-border-sizes-left:0px;--awb-border-sizes-right:0px;--awb-border-color:#ffffff;--awb-border-radius-top-left:0px;--awb-border-radius-top-right:0px;--awb-border-radius-bottom-right:0px;--awb-border-radius-bottom-left:0px;--awb-background-image:url(&quot;https:\/\/wire-processor.eu\/wp-content\/uploads\/2018\/05\/bg2.jpg&quot;);--awb-background-size:cover;--awb-flex-wrap:wrap;\" ><div class=\"fusion-builder-row fusion-row\"><div class=\"fusion-layout-column fusion_builder_column fusion-builder-column-2 fusion_builder_column_1_1 1_1 fusion-one-full fusion-column-first fusion-column-last\" style=\"--awb-bg-size:cover;--awb-margin-bottom:70px;\"><div class=\"fusion-column-wrapper fusion-flex-column-wrapper-legacy\"><div class=\"fusion-section-separator section-separator slant fusion-section-separator-1\" style=\"--awb-spacer-height:99px;--awb-svg-margin-left:0;--awb-svg-margin-right:0;--awb-divider-height:99px;--awb-spacer-padding-top:inherit;--awb-sep-padding:0;--awb-svg-padding:0;\"><div class=\"fusion-section-separator-svg\"><svg class=\"fusion-slant-candy\" xmlns=\"http:\/\/www.w3.org\/2000\/svg\" version=\"1.1\" width=\"100%\" height=\"100\" viewBox=\"0 0 100 100\" preserveAspectRatio=\"none\" fill=\"rgba(255,255,255,1)\"><path d=\"M0 100 L0 0 L100 0 Z\"><\/path><\/svg><\/div><div class=\"fusion-section-separator-spacer\"><div class=\"fusion-section-separator-spacer-height\"><\/div><\/div><\/div><div class=\"fusion-clearfix\"><\/div><\/div><\/div><div class=\"fusion-layout-column fusion_builder_column fusion-builder-column-3 fusion_builder_column_1_1 1_1 fusion-one-full fusion-column-first fusion-column-last\" style=\"--awb-padding-right:15%;--awb-padding-bottom:30px;--awb-padding-left:15%;--awb-bg-size:cover;\"><div class=\"fusion-column-wrapper fusion-flex-column-wrapper-legacy\"><div class=\"fusion-text fusion-text-3\"><h2 style=\"font-weight: 300; text-align: center; color: #ffffff;\">N\u011bkolik slov o n\u00e1s<\/h2>\n<\/div><div class=\"fusion-sep-clear\"><\/div><div class=\"fusion-separator\" style=\"margin-left: auto;margin-right: auto;margin-top:0px;margin-bottom:30px;width:100%;max-width:206px;\"><div class=\"fusion-separator-border sep-single sep-solid\" style=\"--awb-height:20px;--awb-amount:20px;--awb-sep-color:#ff9800;border-color:#ff9800;border-top-width:2px;\"><\/div><\/div><div class=\"fusion-sep-clear\"><\/div><div class=\"fusion-testimonials clean awb-speech-bubble-show fusion-testimonials-1\" style=\"--awb-textcolor:#ffffff;--awb-backgroundcolor:rgba(255,255,255,0);--awb-testimonial-border-style:solid;--awb-testimonial-border-color:var(--awb-color3);--awb-border-top-left-radius:0px;--awb-border-top-right-radius:0px;--awb-border-bottom-left-radius:0px;--awb-border-bottom-right-radius:0px;--testimonial-border-width-top:0px;--testimonial-border-width-right:0px;--testimonial-border-width-bottom:0px;--testimonial-border-width-left:0px;\" data-random=\"0\" data-speed=\"4000\"><div class=\"reviews\"><div class=\"review active-testimonial avatar-above avatar-image\"><div class=\"testimonial-thumbnail\"><img decoding=\"async\" class=\"testimonial-image\" src=\"https:\/\/wire-processor.eu\/wp-content\/uploads\/2018\/07\/CEO-Wire-prcessor-1.jpg\" width=\"400\" height=\"400\" style=\"--awb-border-radius:50%;\" \/><\/div><blockquote class=\"has-transparent-color\"><div class=\"awb-quote\"><div class=\"awb-quote-content\">\n<p>\u201eBudoucnost v\u00fdrobn\u00edch firem je v automatizaci a robotizaci. C\u00edlem firmy Bozwang je realizace t\u00e9to vize dod\u00e1vkou stabiln\u00edch za\u0159\u00edzen\u00ed, kter\u00e9 budou zaru\u010dovat spolehliv\u00fd provoz a rychlou n\u00e1vratnost investic.\u201d<\/p>\n<\/div><\/div><\/blockquote><div class=\"author\"><span class=\"company-name\"><\/span><\/div><\/div><\/div><\/div><div class=\"fusion-clearfix\"><\/div><\/div><\/div><div class=\"fusion-layout-column fusion_builder_column fusion-builder-column-4 fusion_builder_column_1_1 1_1 fusion-one-full fusion-column-first fusion-column-last\" style=\"--awb-bg-size:cover;\"><div class=\"fusion-column-wrapper fusion-flex-column-wrapper-legacy\"><div class=\"fusion-section-separator section-separator slant fusion-section-separator-2\" style=\"--awb-spacer-height:99px;--awb-svg-margin-left:0;--awb-svg-margin-right:0;--awb-divider-height:99px;--awb-spacer-padding-top:inherit;--awb-sep-padding:0;--awb-svg-padding:0;--awb-svg-tag-margin-bottom:-3px;--awb-sep-svg-display:block;\"><div class=\"fusion-section-separator-svg\"><svg class=\"fusion-slant-candy\" xmlns=\"http:\/\/www.w3.org\/2000\/svg\" version=\"1.1\" width=\"100%\" height=\"100\" viewBox=\"0 0 100 100\" preserveAspectRatio=\"none\" fill=\"rgba(255,255,255,1)\"><path d=\"M100 0 L0 100 L101 100 Z\"><\/path><\/svg><\/div><div class=\"fusion-section-separator-spacer\"><div class=\"fusion-section-separator-spacer-height\"><\/div><\/div><\/div><div class=\"fusion-clearfix\"><\/div><\/div><\/div><\/div><\/div><div class=\"fusion-fullwidth fullwidth-box fusion-builder-row-4 nonhundred-percent-fullwidth non-hundred-percent-height-scrolling\" style=\"--awb-border-sizes-top:0px;--awb-border-sizes-bottom:0px;--awb-border-sizes-left:0px;--awb-border-sizes-right:0px;--awb-border-radius-top-left:0px;--awb-border-radius-top-right:0px;--awb-border-radius-bottom-right:0px;--awb-border-radius-bottom-left:0px;--awb-padding-top:100px;--awb-padding-bottom:90px;--awb-flex-wrap:wrap;\" ><div class=\"fusion-builder-row fusion-row\"><div class=\"fusion-layout-column fusion_builder_column fusion-builder-column-5 fusion_builder_column_1_1 1_1 fusion-one-full fusion-column-first fusion-column-last\" style=\"--awb-bg-size:cover;\"><div class=\"fusion-column-wrapper fusion-flex-column-wrapper-legacy\"><div class=\"fusion-text fusion-text-4\"><h1 style=\"font-weight: 300;\"><span style=\"color: #000000;\">Zjist\u011bte v\u00edce o na\u0161ich \u0159e\u0161en\u00edch pro zpracov\u00e1n\u00ed vodi\u010d\u016f.<\/span><\/h1>\n<\/div><div class=\"fusion-clearfix\"><\/div><\/div><\/div><div class=\"fusion-layout-column fusion_builder_column fusion-builder-column-6 fusion_builder_column_1_6 1_6 fusion-one-sixth fusion-column-first fusion-no-small-visibility\" style=\"--awb-bg-size:cover;width:13.3333%; margin-right: 4%;\"><div class=\"fusion-column-wrapper fusion-flex-column-wrapper-legacy\"><div class=\"fusion-sep-clear\"><\/div><div class=\"fusion-separator fusion-full-width-sep\" style=\"margin-left: auto;margin-right: auto;width:100%;\"><\/div><div class=\"fusion-sep-clear\"><\/div><div class=\"fusion-clearfix\"><\/div><\/div><\/div><div class=\"fusion-layout-column fusion_builder_column fusion-builder-column-7 fusion_builder_column_1_3 1_3 fusion-one-third\" style=\"--awb-bg-color:rgba(255,255,255,0.9);--awb-bg-color-hover:rgba(255,255,255,0.9);--awb-bg-size:cover;--awb-margin-top:20px;--awb-margin-bottom:20px;width:30.6666%; margin-right: 4%;\"><div class=\"fusion-column-wrapper fusion-flex-column-wrapper-legacy\"><div class=\"fusion-button-wrapper\"><a class=\"fusion-button button-flat fusion-button-default-size button-default fusion-button-default button-1 fusion-button-default-span fusion-button-default-type fusion-animated\" data-animationType=\"zoomIn\" data-animationDuration=\"0.3\" data-animationOffset=\"top-into-view\" target=\"_self\" href=\"\/cz\/Kontakt\/\"><i class=\"fa-phone-volume fas awb-button__icon awb-button__icon--default button-icon-left\" aria-hidden=\"true\"><\/i><span class=\"fusion-button-text awb-button__text awb-button__text--default\">KONTAKTUJTE N\u00c1S<\/span><\/a><\/div><div class=\"fusion-clearfix\"><\/div><\/div><\/div><div class=\"fusion-layout-column fusion_builder_column fusion-builder-column-8 fusion_builder_column_1_3 1_3 fusion-one-third\" style=\"--awb-bg-color:rgba(255,255,255,0.9);--awb-bg-color-hover:rgba(255,255,255,0.9);--awb-bg-size:cover;--awb-margin-top:20px;--awb-margin-bottom:20px;width:30.6666%; margin-right: 4%;\"><div class=\"fusion-column-wrapper fusion-flex-column-wrapper-legacy\"><div class=\"fusion-button-wrapper\"><a class=\"fusion-button button-flat fusion-button-default-size button-default fusion-button-default button-2 fusion-button-default-span fusion-button-default-type fusion-animated\" data-animationType=\"zoomIn\" data-animationDuration=\"0.3\" data-animationOffset=\"top-into-view\" target=\"_self\" href=\"https:\/\/wire-processor.eu\/cs\/nabidka\/\"><i class=\"fa-phone-volume fas awb-button__icon awb-button__icon--default button-icon-left\" aria-hidden=\"true\"><\/i><span class=\"fusion-button-text awb-button__text awb-button__text--default\">PROHL\u00c9DN\u011aTE SI NA\u0160I NAB\u00cdDKU!<\/span><\/a><\/div><div class=\"fusion-clearfix\"><\/div><\/div><\/div><div class=\"fusion-layout-column fusion_builder_column fusion-builder-column-9 fusion_builder_column_1_6 1_6 fusion-one-sixth fusion-column-last fusion-no-small-visibility\" style=\"--awb-bg-size:cover;width:13.3333%;\"><div class=\"fusion-column-wrapper fusion-flex-column-wrapper-legacy\"><div class=\"fusion-sep-clear\"><\/div><div class=\"fusion-separator fusion-full-width-sep\" style=\"margin-left: auto;margin-right: auto;width:100%;\"><\/div><div class=\"fusion-sep-clear\"><\/div><div class=\"fusion-clearfix\"><\/div><\/div><\/div><\/div><\/div><\/p>\n","protected":false},"excerpt":{"rendered":"","protected":false},"author":1,"featured_media":13857,"parent":0,"menu_order":0,"comment_status":"closed","ping_status":"closed","template":"100-width.php","meta":{"footnotes":""},"class_list":["post-13847","page","type-page","status-publish","has-post-thumbnail","hentry"],"yoast_head":"<!-- This site is optimized with the Yoast SEO plugin v26.3 - https:\/\/yoast.com\/wordpress\/plugins\/seo\/ -->\n<title>Stroje na zpracov\u00e1n\u00ed vodi\u010d\u016f a kabel\u016f - O n\u00e1s - Wire Processor<\/title>\n<meta name=\"description\" content=\"Navrhujeme, vyr\u00e1b\u00edme a dod\u00e1v\u00e1me stroje na zpracov\u00e1n\u00ed vodi\u010d\u016f a kabel\u016f. P\u0159e\u010dt\u011bte si v\u00edce o n\u00e1s a na\u0161ich v\u00fdrobc\u00edch pro zpracov\u00e1n\u00ed kabel\u016f a vodi\u010d\u016f.\" \/>\n<meta name=\"robots\" content=\"index, follow, max-snippet:-1, max-image-preview:large, max-video-preview:-1\" \/>\n<link rel=\"canonical\" href=\"https:\/\/wire-processor.eu\/cs\/o-nas\/\" \/>\n<meta property=\"og:locale\" content=\"cs_CZ\" \/>\n<meta property=\"og:type\" content=\"article\" \/>\n<meta property=\"og:title\" content=\"Stroje na zpracov\u00e1n\u00ed vodi\u010d\u016f a kabel\u016f - O n\u00e1s - Wire Processor\" \/>\n<meta property=\"og:description\" content=\"Navrhujeme, vyr\u00e1b\u00edme a dod\u00e1v\u00e1me stroje na zpracov\u00e1n\u00ed vodi\u010d\u016f a kabel\u016f. P\u0159e\u010dt\u011bte si v\u00edce o n\u00e1s a na\u0161ich v\u00fdrobc\u00edch pro zpracov\u00e1n\u00ed kabel\u016f a vodi\u010d\u016f.\" \/>\n<meta property=\"og:url\" content=\"https:\/\/wire-processor.eu\/cs\/o-nas\/\" \/>\n<meta property=\"og:site_name\" content=\"Wire processor\" \/>\n<meta property=\"article:modified_time\" content=\"2021-07-07T11:57:55+00:00\" \/>\n<meta property=\"og:image\" content=\"https:\/\/wire-processor.eu\/wp-content\/uploads\/2018\/05\/BZW-3.0GFN.jpg\" \/>\n\t<meta property=\"og:image:width\" content=\"1600\" \/>\n\t<meta property=\"og:image:height\" content=\"1236\" \/>\n\t<meta property=\"og:image:type\" content=\"image\/jpeg\" \/>\n<meta name=\"twitter:card\" content=\"summary_large_image\" \/>\n<meta name=\"twitter:label1\" content=\"Odhadovan\u00e1 doba \u010dten\u00ed\" \/>\n\t<meta name=\"twitter:data1\" content=\"11 minut\" \/>\n<script type=\"application\/ld+json\" class=\"yoast-schema-graph\">{\"@context\":\"https:\/\/schema.org\",\"@graph\":[{\"@type\":\"WebPage\",\"@id\":\"https:\/\/wire-processor.eu\/cs\/o-nas\/\",\"url\":\"https:\/\/wire-processor.eu\/cs\/o-nas\/\",\"name\":\"Stroje na zpracov\u00e1n\u00ed vodi\u010d\u016f a kabel\u016f - O n\u00e1s - Wire Processor\",\"isPartOf\":{\"@id\":\"https:\/\/wire-processor.eu\/en\/#website\"},\"primaryImageOfPage\":{\"@id\":\"https:\/\/wire-processor.eu\/cs\/o-nas\/#primaryimage\"},\"image\":{\"@id\":\"https:\/\/wire-processor.eu\/cs\/o-nas\/#primaryimage\"},\"thumbnailUrl\":\"https:\/\/wire-processor.eu\/wp-content\/uploads\/2018\/05\/BZW-3.0GFN.jpg\",\"datePublished\":\"2019-10-25T19:24:29+00:00\",\"dateModified\":\"2021-07-07T11:57:55+00:00\",\"description\":\"Navrhujeme, vyr\u00e1b\u00edme a dod\u00e1v\u00e1me stroje na zpracov\u00e1n\u00ed vodi\u010d\u016f a kabel\u016f. P\u0159e\u010dt\u011bte si v\u00edce o n\u00e1s a na\u0161ich v\u00fdrobc\u00edch pro zpracov\u00e1n\u00ed kabel\u016f a vodi\u010d\u016f.\",\"breadcrumb\":{\"@id\":\"https:\/\/wire-processor.eu\/cs\/o-nas\/#breadcrumb\"},\"inLanguage\":\"cs\",\"potentialAction\":[{\"@type\":\"ReadAction\",\"target\":[\"https:\/\/wire-processor.eu\/cs\/o-nas\/\"]}]},{\"@type\":\"ImageObject\",\"inLanguage\":\"cs\",\"@id\":\"https:\/\/wire-processor.eu\/cs\/o-nas\/#primaryimage\",\"url\":\"https:\/\/wire-processor.eu\/wp-content\/uploads\/2018\/05\/BZW-3.0GFN.jpg\",\"contentUrl\":\"https:\/\/wire-processor.eu\/wp-content\/uploads\/2018\/05\/BZW-3.0GFN.jpg\",\"width\":1600,\"height\":1236},{\"@type\":\"BreadcrumbList\",\"@id\":\"https:\/\/wire-processor.eu\/cs\/o-nas\/#breadcrumb\",\"itemListElement\":[{\"@type\":\"ListItem\",\"position\":1,\"name\":\"Strona g\u0142\u00f3wna\",\"item\":\"https:\/\/wire-processor.eu\/cs\/\"},{\"@type\":\"ListItem\",\"position\":2,\"name\":\"O n\u00e1s\"}]},{\"@type\":\"WebSite\",\"@id\":\"https:\/\/wire-processor.eu\/en\/#website\",\"url\":\"https:\/\/wire-processor.eu\/en\/\",\"name\":\"Wire processor\",\"description\":\"Maszyny do obr\u00f3bki przewod\u00f3w\",\"publisher\":{\"@id\":\"https:\/\/wire-processor.eu\/en\/#organization\"},\"potentialAction\":[{\"@type\":\"SearchAction\",\"target\":{\"@type\":\"EntryPoint\",\"urlTemplate\":\"https:\/\/wire-processor.eu\/en\/?s={search_term_string}\"},\"query-input\":{\"@type\":\"PropertyValueSpecification\",\"valueRequired\":true,\"valueName\":\"search_term_string\"}}],\"inLanguage\":\"cs\"},{\"@type\":\"Organization\",\"@id\":\"https:\/\/wire-processor.eu\/en\/#organization\",\"name\":\"Wire processor - maszyny do przewod\u00f3w\",\"url\":\"https:\/\/wire-processor.eu\/en\/\",\"logo\":{\"@type\":\"ImageObject\",\"inLanguage\":\"cs\",\"@id\":\"https:\/\/wire-processor.eu\/en\/#\/schema\/logo\/image\/\",\"url\":\"https:\/\/wire-processor.eu\/wp-content\/uploads\/2018\/04\/Bozwang-_logo_producent1.png\",\"contentUrl\":\"https:\/\/wire-processor.eu\/wp-content\/uploads\/2018\/04\/Bozwang-_logo_producent1.png\",\"width\":250,\"height\":33,\"caption\":\"Wire processor - maszyny do przewod\u00f3w\"},\"image\":{\"@id\":\"https:\/\/wire-processor.eu\/en\/#\/schema\/logo\/image\/\"}}]}<\/script>\n<!-- \/ Yoast SEO plugin. -->","yoast_head_json":{"title":"Stroje na zpracov\u00e1n\u00ed vodi\u010d\u016f a kabel\u016f - O n\u00e1s - Wire Processor","description":"Navrhujeme, vyr\u00e1b\u00edme a dod\u00e1v\u00e1me stroje na zpracov\u00e1n\u00ed vodi\u010d\u016f a kabel\u016f. P\u0159e\u010dt\u011bte si v\u00edce o n\u00e1s a na\u0161ich v\u00fdrobc\u00edch pro zpracov\u00e1n\u00ed kabel\u016f a vodi\u010d\u016f.","robots":{"index":"index","follow":"follow","max-snippet":"max-snippet:-1","max-image-preview":"max-image-preview:large","max-video-preview":"max-video-preview:-1"},"canonical":"https:\/\/wire-processor.eu\/cs\/o-nas\/","og_locale":"cs_CZ","og_type":"article","og_title":"Stroje na zpracov\u00e1n\u00ed vodi\u010d\u016f a kabel\u016f - O n\u00e1s - Wire Processor","og_description":"Navrhujeme, vyr\u00e1b\u00edme a dod\u00e1v\u00e1me stroje na zpracov\u00e1n\u00ed vodi\u010d\u016f a kabel\u016f. P\u0159e\u010dt\u011bte si v\u00edce o n\u00e1s a na\u0161ich v\u00fdrobc\u00edch pro zpracov\u00e1n\u00ed kabel\u016f a vodi\u010d\u016f.","og_url":"https:\/\/wire-processor.eu\/cs\/o-nas\/","og_site_name":"Wire processor","article_modified_time":"2021-07-07T11:57:55+00:00","og_image":[{"width":1600,"height":1236,"url":"https:\/\/wire-processor.eu\/wp-content\/uploads\/2018\/05\/BZW-3.0GFN.jpg","type":"image\/jpeg"}],"twitter_card":"summary_large_image","twitter_misc":{"Odhadovan\u00e1 doba \u010dten\u00ed":"11 minut"},"schema":{"@context":"https:\/\/schema.org","@graph":[{"@type":"WebPage","@id":"https:\/\/wire-processor.eu\/cs\/o-nas\/","url":"https:\/\/wire-processor.eu\/cs\/o-nas\/","name":"Stroje na zpracov\u00e1n\u00ed vodi\u010d\u016f a kabel\u016f - O n\u00e1s - Wire Processor","isPartOf":{"@id":"https:\/\/wire-processor.eu\/en\/#website"},"primaryImageOfPage":{"@id":"https:\/\/wire-processor.eu\/cs\/o-nas\/#primaryimage"},"image":{"@id":"https:\/\/wire-processor.eu\/cs\/o-nas\/#primaryimage"},"thumbnailUrl":"https:\/\/wire-processor.eu\/wp-content\/uploads\/2018\/05\/BZW-3.0GFN.jpg","datePublished":"2019-10-25T19:24:29+00:00","dateModified":"2021-07-07T11:57:55+00:00","description":"Navrhujeme, vyr\u00e1b\u00edme a dod\u00e1v\u00e1me stroje na zpracov\u00e1n\u00ed vodi\u010d\u016f a kabel\u016f. P\u0159e\u010dt\u011bte si v\u00edce o n\u00e1s a na\u0161ich v\u00fdrobc\u00edch pro zpracov\u00e1n\u00ed kabel\u016f a vodi\u010d\u016f.","breadcrumb":{"@id":"https:\/\/wire-processor.eu\/cs\/o-nas\/#breadcrumb"},"inLanguage":"cs","potentialAction":[{"@type":"ReadAction","target":["https:\/\/wire-processor.eu\/cs\/o-nas\/"]}]},{"@type":"ImageObject","inLanguage":"cs","@id":"https:\/\/wire-processor.eu\/cs\/o-nas\/#primaryimage","url":"https:\/\/wire-processor.eu\/wp-content\/uploads\/2018\/05\/BZW-3.0GFN.jpg","contentUrl":"https:\/\/wire-processor.eu\/wp-content\/uploads\/2018\/05\/BZW-3.0GFN.jpg","width":1600,"height":1236},{"@type":"BreadcrumbList","@id":"https:\/\/wire-processor.eu\/cs\/o-nas\/#breadcrumb","itemListElement":[{"@type":"ListItem","position":1,"name":"Strona g\u0142\u00f3wna","item":"https:\/\/wire-processor.eu\/cs\/"},{"@type":"ListItem","position":2,"name":"O n\u00e1s"}]},{"@type":"WebSite","@id":"https:\/\/wire-processor.eu\/en\/#website","url":"https:\/\/wire-processor.eu\/en\/","name":"Wire processor","description":"Maszyny do obr\u00f3bki przewod\u00f3w","publisher":{"@id":"https:\/\/wire-processor.eu\/en\/#organization"},"potentialAction":[{"@type":"SearchAction","target":{"@type":"EntryPoint","urlTemplate":"https:\/\/wire-processor.eu\/en\/?s={search_term_string}"},"query-input":{"@type":"PropertyValueSpecification","valueRequired":true,"valueName":"search_term_string"}}],"inLanguage":"cs"},{"@type":"Organization","@id":"https:\/\/wire-processor.eu\/en\/#organization","name":"Wire processor - maszyny do przewod\u00f3w","url":"https:\/\/wire-processor.eu\/en\/","logo":{"@type":"ImageObject","inLanguage":"cs","@id":"https:\/\/wire-processor.eu\/en\/#\/schema\/logo\/image\/","url":"https:\/\/wire-processor.eu\/wp-content\/uploads\/2018\/04\/Bozwang-_logo_producent1.png","contentUrl":"https:\/\/wire-processor.eu\/wp-content\/uploads\/2018\/04\/Bozwang-_logo_producent1.png","width":250,"height":33,"caption":"Wire processor - maszyny do przewod\u00f3w"},"image":{"@id":"https:\/\/wire-processor.eu\/en\/#\/schema\/logo\/image\/"}}]}},"_links":{"self":[{"href":"https:\/\/wire-processor.eu\/cs\/wp-json\/wp\/v2\/pages\/13847","targetHints":{"allow":["GET"]}}],"collection":[{"href":"https:\/\/wire-processor.eu\/cs\/wp-json\/wp\/v2\/pages"}],"about":[{"href":"https:\/\/wire-processor.eu\/cs\/wp-json\/wp\/v2\/types\/page"}],"author":[{"embeddable":true,"href":"https:\/\/wire-processor.eu\/cs\/wp-json\/wp\/v2\/users\/1"}],"replies":[{"embeddable":true,"href":"https:\/\/wire-processor.eu\/cs\/wp-json\/wp\/v2\/comments?post=13847"}],"version-history":[{"count":4,"href":"https:\/\/wire-processor.eu\/cs\/wp-json\/wp\/v2\/pages\/13847\/revisions"}],"predecessor-version":[{"id":15117,"href":"https:\/\/wire-processor.eu\/cs\/wp-json\/wp\/v2\/pages\/13847\/revisions\/15117"}],"wp:featuredmedia":[{"embeddable":true,"href":"https:\/\/wire-processor.eu\/cs\/wp-json\/wp\/v2\/media\/13857"}],"wp:attachment":[{"href":"https:\/\/wire-processor.eu\/cs\/wp-json\/wp\/v2\/media?parent=13847"}],"curies":[{"name":"wp","href":"https:\/\/api.w.org\/{rel}","templated":true}]}}