{"id":13866,"date":"2019-10-25T21:56:51","date_gmt":"2019-10-25T19:56:51","guid":{"rendered":"https:\/\/wire-processor.eu\/?page_id=13866"},"modified":"2019-10-25T22:09:15","modified_gmt":"2019-10-25T20:09:15","slug":"zasady-ochrany-osobnich-udaju","status":"publish","type":"page","link":"https:\/\/wire-processor.eu\/cs\/zasady-ochrany-osobnich-udaju\/","title":{"rendered":"Z\u00e1sady ochrany osobn\u00edch \u00fadaj\u016f"},"content":{"rendered":"<div class=\"fusion-fullwidth fullwidth-box fusion-builder-row-1 nonhundred-percent-fullwidth non-hundred-percent-height-scrolling\" style=\"--awb-border-radius-top-left:0px;--awb-border-radius-top-right:0px;--awb-border-radius-bottom-right:0px;--awb-border-radius-bottom-left:0px;--awb-flex-wrap:wrap;\" ><div class=\"fusion-builder-row fusion-row\"><div class=\"fusion-layout-column fusion_builder_column fusion-builder-column-0 fusion_builder_column_1_1 1_1 fusion-one-full fusion-column-first fusion-column-last\" style=\"--awb-bg-size:cover;\"><div class=\"fusion-column-wrapper fusion-flex-column-wrapper-legacy\"><div class=\"fusion-text fusion-text-1\"><p style=\"text-align: center;\"><strong>INFORMACE T\u00ddKAJ\u00cdC\u00cd SE OSOBN\u00cdCH \u00daDAJ\u016e<\/strong><\/p>\n<p>Informujeme, \u017ee spr\u00e1vcem Va\u0161ich osobn\u00edch \u00fadaj\u016f je ITS-AIM s.r.o., Hlucholazsk\u00e1 58, Mikulovice 790 84, \u010cesk\u00e1 republika. To znamen\u00e1, \u017ee odpov\u00edd\u00e1me.<\/p>\n<p style=\"text-align: center;\"><strong>\u00a7 1<\/strong><\/p>\n<p style=\"text-align: center;\"><strong>Osobn\u00ed \u00fadaje budou zpracov\u00e1v\u00e1ny spole\u010dnost\u00ed ITS \u2013 AIM s.r.o. zejm\u00e9na:<\/strong><\/p>\n<p>1.Na z\u00e1klad\u011b \u010dl\u00e1nku 6 odst. 1 p\u00edsm. b) a p\u00edsm. c) obecn\u00e9ho na\u0159\u00edzen\u00ed o ochran\u011b osobn\u00edch \u00fadaj\u016f za \u00fa\u010delem::<\/p>\n<p>a. P\u0159ijet\u00ed opat\u0159en\u00ed p\u0159ed uzav\u0159en\u00edm smlouvy na \u017e\u00e1dost osoby, j\u00ed\u017e se osobn\u00ed \u00fadaje t\u00fdkaj\u00ed nebo proveden\u00ed smlouvy, jej\u00ed\u017e stranou je osoba, j\u00ed\u017e se osobn\u00ed \u00fadaje t\u00fdkaj\u00ed (\u00fadaje nezbytn\u00e9 pro uzav\u0159en\u00ed smlouvy jsou uveden\u00e9 na formul\u00e1\u0159i smlouvy),<\/p>\n<p>b. Spln\u011bn\u00ed pr\u00e1vn\u00ed povinnosti, kter\u00e1 se na spr\u00e1vce vztahuje;<\/p>\n<p>2. Na z\u00e1klad\u011b pr\u00e1vn\u011b od\u016fvodn\u011bn\u00e9ho z\u00e1jmu ITS \u2013 AIM s.r.o. , tzn. na z\u00e1klad\u011b \u010dl. 6 odst. 1, p\u00edsm. f) obecn\u00e9ho na\u0159\u00edzen\u00ed o ochran\u011b osobn\u00edch \u00fadaj\u016f za \u00fa\u010delem:<\/p>\n<p>a. Marketingu vlastn\u00edch v\u00fdrobk\u016f nebo slu\u017eeb, v\u010detn\u011b personalizovan\u00fdch v\u00fdrobk\u016f nebo slu\u017eeb na z\u00e1klad\u011b profilu z\u00e1kazn\u00edka,<\/p>\n<p>b. Organizov\u00e1n\u00ed a prov\u00e1d\u011bn\u00ed konkurs\u016f a jin\u00fdch marketingov\u00fdch akc\u00ed,<\/p>\n<p>c. Vym\u00e1h\u00e1n\u00ed nebo zaji\u0161\u0165ov\u00e1n\u00ed n\u00e1rok\u016f<\/p>\n<p>d. Prov\u00e1d\u011bn\u00ed anal\u00fdz technick\u00e9 kvality poskytovan\u00fdch slu\u017eeb a vybaven\u00ed.<\/p>\n<p>e. Pln\u011bn\u00ed pr\u00e1vn\u00edch povinnost\u00ed, je\u017e se na n\u00e1s vztahuj\u00ed, nap\u0159.:<\/p>\n<p>f. Vystavov\u00e1n\u00ed a uchov\u00e1v\u00e1n\u00ed faktur a \u00fa\u010detn\u00edch doklad\u016f,<\/p>\n<p>g. Poskytov\u00e1n\u00ed odpov\u011bd\u00ed na reklamace ve lh\u016ft\u011b a v podob\u011b stanoven\u00e9 v p\u0159edpisech,<\/p>\n<p style=\"text-align: center;\"><strong>\u00a7 2<\/strong><\/p>\n<p style=\"text-align: center;\"><strong>\u00dadaje nezbytn\u00e9 pro realizaci pr\u00e1vn\u00edch povinnost\u00ed budeme vyu\u017e\u00edvat:<\/strong><\/p>\n<p>a. Po dobu pln\u011bn\u00ed povinnost\u00ed, nap\u0159. vystaven\u00ed faktury (pr\u00e1vn\u00ed z\u00e1klad: \u010dl. 6 odst. 1 c) obecn\u00e9ho na\u0159\u00edzen\u00ed o ochran\u011b osobn\u00edch \u00fadaj\u016f,<\/p>\n<p>b. Po dobu, po kterou mus\u00ed b\u00fdt \u00fadaje, nap\u0159. da\u0148ov\u00e9 \u00fadaje uchov\u00e1v\u00e1ny podle p\u0159edpis\u016f.<\/p>\n<p>c. Po dobu, v n\u00ed\u017e m\u016f\u017eeme n\u00e9st pr\u00e1vn\u00ed odpov\u011bdnost za nespln\u011bn\u00ed povinnosti, nap\u0159. obdr\u017eet finan\u010dn\u00ed sankci od st\u00e1tn\u00edch \u00fa\u0159ad\u016f (pr\u00e1vn\u00ed z\u00e1klad: \u010dl. 6 odst. 1 p\u00edsm. f) obecn\u00e9ho na\u0159\u00edzen\u00ed o ochran\u011b osobn\u00edch \u00fadaj\u016f),<\/p>\n<p>d. Odhalov\u00e1n\u00ed podvod\u016f a p\u0159edch\u00e1zen\u00ed jim \u2013 po dobu trv\u00e1n\u00ed smlouvy a n\u00e1sledn\u011b po dobu, po n\u00ed\u017e se proml\u010duj\u00ed n\u00e1roky vypl\u00fdvaj\u00edc\u00ed ze smlouvy se z\u00e1kazn\u00edkem, a v p\u0159\u00edpad\u011b vym\u00e1h\u00e1n\u00ed n\u00e1rok\u016f nebo informov\u00e1n\u00ed p\u0159\u00edslu\u0161n\u00fdch org\u00e1n\u016f \u2013 po dobu trv\u00e1n\u00ed t\u011bchto \u0159\u00edzen\u00ed (pr\u00e1vn\u00ed z\u00e1klad: n\u00e1\u0161 pr\u00e1vn\u011b od\u016fvodn\u011bn\u00fd z\u00e1jem),<\/p>\n<p>e. Ur\u010dov\u00e1n\u00ed, ochrana a vym\u00e1h\u00e1n\u00ed n\u00e1rok\u016f, kter\u00e9 zahrnuj\u00ed mimo jin\u00e9 prodej na\u0161ich pohled\u00e1vek ze smlouvy jin\u00e9mu subjektu \u2013 po dobu, po n\u00ed\u017e se proml\u010duj\u00ed n\u00e1roky vypl\u00fdvaj\u00edc\u00ed ze smlouvy (pr\u00e1vn\u00ed z\u00e1klad: n\u00e1\u0161 pr\u00e1vn\u011b od\u016fvodn\u011bn\u00fd z\u00e1jem),<\/p>\n<p>f. Vytv\u00e1\u0159en\u00ed v\u00fdkaz\u016f, anal\u00fdz statistik pro na\u0161e vnit\u0159n\u00ed pot\u0159eby, to zahrnuje zejm\u00e9na pod\u00e1v\u00e1n\u00ed zpr\u00e1v, marketingov\u00e9 pr\u016fzkumy, pl\u00e1nov\u00e1n\u00ed rozvoje slu\u017eeb, v\u00fdvojov\u00e9 pr\u00e1ce v oblasti informa\u010dn\u00edch syst\u00e9m\u016f \u2013 po dobu trv\u00e1n\u00ed smlouvy a n\u00e1sledn\u011b ne d\u00e9le, ne\u017e po dobu, po n\u00ed\u017e se proml\u010duj\u00ed n\u00e1roky vypl\u00fdvaj\u00edc\u00ed ze smlouvy (pr\u00e1vn\u00ed z\u00e1klad: n\u00e1\u0161 pr\u00e1vn\u011b od\u016fvodn\u011bn\u00fd z\u00e1jem),<\/p>\n<p>g. Ov\u011b\u0159en\u00ed platebn\u00ed d\u016fv\u011bryhodnosti \u2013 po dobu nezbytnou k proveden\u00ed tohoto posouzen\u00ed p\u0159i uzav\u0159en\u00ed, prodlou\u017een\u00ed nebo roz\u0161\u00ed\u0159en\u00ed rozsahu t\u00e9to nebo dal\u0161\u00ed smlouvy a pro \u0159e\u0161en\u00ed s t\u00edm souvisej\u00edc\u00edch reklamac\u00ed (pr\u00e1vn\u00ed z\u00e1klad: proveden\u00ed smlouvy), to se t\u00fdk\u00e1 rovn\u011b\u017e \u00fadaj\u016f obdr\u017een\u00fdch z jin\u00fdch zdroj\u016f.<\/p>\n<p style=\"text-align: center;\"><strong>\u00a7 3<\/strong><\/p>\n<p style=\"text-align: center;\"><strong>Doba, po kterou budou osobn\u00ed \u00fadaje zpracov\u00e1v\u00e1ny<\/strong><\/p>\n<p style=\"text-align: left;\">1. Osobn\u00ed \u00fadaje zpracov\u00e1van\u00e9 za \u00fa\u010delem uzav\u0159en\u00ed nebo proveden\u00ed smlouvy a spln\u011bn\u00ed pr\u00e1vn\u00ed povinnosti spr\u00e1vce budou uchov\u00e1v\u00e1ny po dobu platnosti smlouvy, a po jej\u00edm uplynut\u00ed po dobu nezbytnou pro:<\/p>\n<p>a. Poprodejn\u00ed obsluhu z\u00e1kazn\u00edk\u016f (nap\u0159. vy\u0159izov\u00e1n\u00ed reklamac\u00ed),<\/p>\n<p>b. Zaji\u0161t\u011bn\u00ed nebo vym\u00e1h\u00e1n\u00ed p\u0159\u00edpadn\u00fdch n\u00e1rok\u016f spole\u010dnosti ITS \u2013 AIM s.r.o.,<\/p>\n<p>c. Spln\u011bn\u00ed pr\u00e1vn\u00ed povinnosti spr\u00e1vce (nap\u0159. vypl\u00fdvaj\u00edc\u00ed z da\u0148ov\u00fdch nebo \u00fa\u010detn\u00edch p\u0159edpis\u016f);<\/p>\n<p>2. Osobn\u00ed \u00fadaje zpracov\u00e1van\u00e9 pro \u00fa\u010dely marketingu vlastn\u00edch v\u00fdrobk\u016f nebo slu\u017eeb, na z\u00e1klad\u011b opr\u00e1vn\u011bn\u00e9ho pr\u00e1vn\u00edho z\u00e1jmu, budou zpracov\u00e1v\u00e1ny do doby ozn\u00e1men\u00ed n\u00e1mitky osobou, j\u00ed\u017e se osobn\u00ed \u00fadaje t\u00fdkaj\u00ed;<\/p>\n<p>3. Osobn\u00ed \u00fadaje zpracov\u00e1van\u00e9 na z\u00e1klad\u011b samostatn\u00e9ho souhlasu budou uchov\u00e1v\u00e1ny do doby jeho odvol\u00e1n\u00ed.<\/p>\n<p style=\"text-align: center;\"><strong>\u00a7 4<\/strong><\/p>\n<p style=\"text-align: center;\"><strong>Pr\u00e1va osoby, j\u00ed\u017e se t\u00fdkaj\u00ed osobn\u00ed \u00fadaje.<\/strong><\/p>\n<p>1.Pr\u00e1vo na p\u0159\u00edstup ke zn\u011bn\u00ed sv\u00fdch osobn\u00edch \u00fadaj\u016f, tzn. pr\u00e1vo z\u00edskat potvrzen\u00ed, zda spr\u00e1vce zpracov\u00e1v\u00e1 \u00fadaje a informace t\u00fdkaj\u00edc\u00ed se tohoto zpracov\u00e1n\u00ed.<\/p>\n<p>2. Pr\u00e1vo na opravu \u00fadaj\u016f, pokud \u00fadaje zpracov\u00e1van\u00e9 spr\u00e1vcem jsou nespr\u00e1vn\u00e9 \u010di ne\u00fapln\u00e9.<\/p>\n<p>3. Pr\u00e1vo po\u017eadovat po spr\u00e1vci, aby odstranil \u00fadaje.<\/p>\n<p>4. Pr\u00e1vo po\u017eadovat po spr\u00e1vci, aby omezil zpracov\u00e1v\u00e1n\u00ed \u00fadaj\u016f.<\/p>\n<p>5. Pr\u00e1vo na p\u0159enositelnost \u00fadaj\u016f, tzn. pr\u00e1vo obdr\u017eet osobn\u00ed \u00fadaje poskytnut\u00e9 spr\u00e1vci a zaslat je jin\u00e9mu spr\u00e1vci.<\/p>\n<p>6. Pr\u00e1vo na pod\u00e1n\u00ed n\u00e1mitky proti zpracov\u00e1n\u00ed \u00fadaj\u016f na z\u00e1klad\u011b opr\u00e1vn\u011bn\u00e9ho z\u00e1jmu spr\u00e1vce nebo proti zpracov\u00e1n\u00ed za \u00fa\u010delem p\u0159\u00edm\u00e9ho marketingu<\/p>\n<p>7. Pr\u00e1vo na pod\u00e1n\u00ed \u017ealoby k polsk\u00e9mu dozorov\u00e9mu \u00fa\u0159adu nebo dozorov\u00e9mu \u00fa\u0159adu jin\u00e9ho \u010dlensk\u00e9ho st\u00e1tu Evropsk\u00e9 unie, p\u0159\u00edslu\u0161n\u00e9ho z hlediska m\u00edsta obvykl\u00e9ho pobytu nebo pr\u00e1ce osoby, j\u00ed\u017e se \u00fadaje t\u00fdkaj\u00ed nebo s ohledem na m\u00edsto \u00fadajn\u00e9ho poru\u0161en\u00ed obecn\u00e9ho na\u0159\u00edzen\u00ed o ochran\u011b osobn\u00edch \u00fadaj\u016f.<\/p>\n<p>8. Pr\u00e1vo odvolat kdykoli souhlas (ani\u017e je t\u00edm dot\u010dena z\u00e1konnost zpracov\u00e1v\u00e1n\u00ed zalo\u017een\u00e1 na souhlasu ud\u011blen\u00e9m p\u0159ed jeho odvol\u00e1n\u00edm).<\/p>\n<p>9. Pr\u00e1vo na osobn\u00ed z\u00e1sah ze strany spr\u00e1vce, pr\u00e1vo vyj\u00e1d\u0159it sv\u016fj n\u00e1zor a pr\u00e1vo napadnout rozhodnut\u00ed zalo\u017een\u00e9 na automatizovan\u00e9m zpracov\u00e1n\u00ed \u00fadaj\u016f.<\/p>\n<p>10. Pr\u00e1va uveden\u00e1 v bodech 1\u20139 lze realizovat pomoc\u00ed kontaktu se spr\u00e1vcem, tzn. ITS \u2013 AIM s.r.o. , tel. +48 886 788 660 e-mail: bh@wire-processor.eu<\/p>\n<p style=\"text-align: center;\"><strong>\u00a7 5<\/strong><\/p>\n<p style=\"text-align: center;\"><strong>Cookies<\/strong><\/p>\n<p>Za \u00fa\u010delem p\u0159izp\u016fsoben\u00ed obsahu a slu\u017eeb dostupn\u00fdch prost\u0159ednictv\u00edm port\u00e1lu wire-processor.eu individu\u00e1ln\u00edm pot\u0159eb\u00e1m a z\u00e1jm\u016fm U\u017eivatel\u016f vyu\u017e\u00edv\u00e1 Spr\u00e1vce tzv. cookies, to znamen\u00e1 kr\u00e1tk\u00e9 textov\u00e9 informace ukl\u00e1dan\u00e9 do po\u010d\u00edta\u010de U\u017eivatele, kter\u00e9 m\u016f\u017ee server p\u0159e\u010d\u00edst p\u0159i ka\u017ed\u00e9m p\u0159ipojen\u00ed z tohoto po\u010d\u00edta\u010de. Cookies poskytuj\u00ed statistick\u00e9 \u00fadaje o provozu U\u017eivatel\u016f a vyu\u017e\u00edv\u00e1n\u00ed jednotliv\u00fdch stran port\u00e1lu nimi a umo\u017e\u0148uj\u00ed \u00fa\u010dinnou identifikaci U\u017eivatele a jeho preferenc\u00ed, co\u017e umo\u017e\u0148uje zjistit jeho chov\u00e1n\u00ed a z\u00e1jmy. U\u017eivatel m\u016f\u017ee kdykoli zak\u00e1zat ve sv\u00e9m prohl\u00ed\u017ee\u010di mo\u017enost p\u0159\u00edj\u00edm\u00e1n\u00ed cookies, av\u0161ak zak\u00e1z\u00e1n\u00ed cookies m\u016f\u017ee zt\u00ed\u017eit nebo dokonce znemo\u017enit vyu\u017e\u00edv\u00e1n\u00ed tohoto port\u00e1lu. V mnoha p\u0159\u00edpadech software slou\u017e\u00edc\u00ed k prohl\u00ed\u017een\u00ed internetov\u00fdch stran (internetov\u00fd prohl\u00ed\u017ee\u010d) standardn\u011b povoluje ulo\u017een\u00ed soubor\u016f cookies v koncov\u00e9m za\u0159\u00edzen\u00ed U\u017eivatele. U\u017eivatel\u00e9 internetov\u00fdch str\u00e1nek wire-processor.eu mohou kdykoli prov\u00e9st nastaven\u00ed t\u00fdkaj\u00edc\u00ed se soubor\u016f cookies. Tato nastaven\u00ed mohou b\u00fdt zm\u011bn\u011bna zejm\u00e9na takov\u00fdm zp\u016fsobem, aby blokovala automatickou obsluhu soubor\u016f cookies v nastaven\u00edch internetov\u00e9ho prohl\u00ed\u017ee\u010de nebo informovat o ka\u017ed\u00e9m jejich um\u00edst\u011bn\u00ed v za\u0159\u00edzen\u00ed U\u017eivatele internetov\u00fdch str\u00e1nek wire-processor.eu . Podrobn\u00e9 informace o mo\u017enosti a zp\u016fsobech obsluhy soubor\u016f cookies jsou dostupn\u00e9 v nastaven\u00edch softwaru (internetov\u00e9ho prohl\u00ed\u017ee\u010de).<\/p>\n<p>https:\/\/support.microsoft.com\/cs-cs\/help\/17442\/windows-internet-explorer-delete-manage-cookies<br \/>https:\/\/support.google.com\/chrome\/answer\/95647?co=GENIE.Platform%3DDesktop&amp;hl=cs<br \/>https:\/\/support.mozilla.org\/cs\/kb\/usuwanie-ciasteczek<br \/>https:\/\/support.apple.com\/kb\/ph21411?locale=cs_CS<br \/>http:\/\/help.opera.com\/Windows\/12.10\/cs\/cookies.html<\/p>\n<p>https:\/\/support.mozilla.org\/cs\/kb\/usuwanie-ciasteczek<\/p>\n<p style=\"text-align: center;\"><strong>\u00a7 6<\/strong><\/p>\n<p style=\"text-align: center;\"><strong>St\u00ed\u017enost<\/strong><\/p>\n<p>M\u00e1te pr\u00e1vo podat st\u00ed\u017enost p\u0159edsedovi \u00da\u0159adu pro ochranu osobn\u00edch \u00fadaj\u016f, pokud se domn\u00edv\u00e1te, \u017ee zpracov\u00e1n\u00ed Va\u0161ich osobn\u00edch \u00fadaj\u016f poru\u0161uje pr\u00e1vn\u00ed p\u0159edpisy.<\/p>\n<ul>\n<li>Na\u0159\u00edzen\u00ed Evropsk\u00e9ho parlamentu a Rady (EU) 2016\/679 ze dne 27. dubna 2016 o ochran\u011b fyzick\u00fdch osob v souvislosti se zpracov\u00e1n\u00edm osobn\u00edch \u00fadaj\u016f a o voln\u00e9m pohybu t\u011bchto \u00fadaj\u016f a o zru\u0161en\u00ed sm\u011brnice 95\/46\/ES (obecn\u00e9 na\u0159\u00edzen\u00ed o ochran\u011b osobn\u00edch \u00fadaj\u016f).<\/li>\n<\/ul>\n<\/div><div class=\"fusion-clearfix\"><\/div><\/div><\/div><\/div><\/div>\n","protected":false},"excerpt":{"rendered":"","protected":false},"author":1,"featured_media":0,"parent":0,"menu_order":0,"comment_status":"closed","ping_status":"closed","template":"","meta":{"footnotes":""},"class_list":["post-13866","page","type-page","status-publish","hentry"],"yoast_head":"<!-- This site is optimized with the Yoast SEO plugin v26.3 - https:\/\/yoast.com\/wordpress\/plugins\/seo\/ -->\n<title>Z\u00e1sady ochrany osobn\u00edch \u00fadaj\u016f - Wire processor<\/title>\n<meta name=\"robots\" content=\"noindex, nofollow\" \/>\n<meta property=\"og:locale\" content=\"cs_CZ\" \/>\n<meta property=\"og:type\" content=\"article\" \/>\n<meta property=\"og:title\" content=\"Z\u00e1sady ochrany osobn\u00edch \u00fadaj\u016f - Wire processor\" \/>\n<meta property=\"og:url\" content=\"https:\/\/wire-processor.eu\/cs\/zasady-ochrany-osobnich-udaju\/\" \/>\n<meta property=\"og:site_name\" content=\"Wire processor\" \/>\n<meta property=\"article:modified_time\" content=\"2019-10-25T20:09:15+00:00\" \/>\n<meta name=\"twitter:card\" content=\"summary_large_image\" \/>\n<meta name=\"twitter:label1\" content=\"Odhadovan\u00e1 doba \u010dten\u00ed\" \/>\n\t<meta name=\"twitter:data1\" content=\"8 minut\" \/>\n<script type=\"application\/ld+json\" class=\"yoast-schema-graph\">{\"@context\":\"https:\/\/schema.org\",\"@graph\":[{\"@type\":\"WebPage\",\"@id\":\"https:\/\/wire-processor.eu\/cs\/zasady-ochrany-osobnich-udaju\/\",\"url\":\"https:\/\/wire-processor.eu\/cs\/zasady-ochrany-osobnich-udaju\/\",\"name\":\"Z\u00e1sady ochrany osobn\u00edch \u00fadaj\u016f - Wire processor\",\"isPartOf\":{\"@id\":\"https:\/\/wire-processor.eu\/en\/#website\"},\"datePublished\":\"2019-10-25T19:56:51+00:00\",\"dateModified\":\"2019-10-25T20:09:15+00:00\",\"breadcrumb\":{\"@id\":\"https:\/\/wire-processor.eu\/cs\/zasady-ochrany-osobnich-udaju\/#breadcrumb\"},\"inLanguage\":\"cs\",\"potentialAction\":[{\"@type\":\"ReadAction\",\"target\":[\"https:\/\/wire-processor.eu\/cs\/zasady-ochrany-osobnich-udaju\/\"]}]},{\"@type\":\"BreadcrumbList\",\"@id\":\"https:\/\/wire-processor.eu\/cs\/zasady-ochrany-osobnich-udaju\/#breadcrumb\",\"itemListElement\":[{\"@type\":\"ListItem\",\"position\":1,\"name\":\"Strona g\u0142\u00f3wna\",\"item\":\"https:\/\/wire-processor.eu\/cs\/\"},{\"@type\":\"ListItem\",\"position\":2,\"name\":\"Z\u00e1sady ochrany osobn\u00edch \u00fadaj\u016f\"}]},{\"@type\":\"WebSite\",\"@id\":\"https:\/\/wire-processor.eu\/en\/#website\",\"url\":\"https:\/\/wire-processor.eu\/en\/\",\"name\":\"Wire processor\",\"description\":\"Maszyny do obr\u00f3bki przewod\u00f3w\",\"publisher\":{\"@id\":\"https:\/\/wire-processor.eu\/en\/#organization\"},\"potentialAction\":[{\"@type\":\"SearchAction\",\"target\":{\"@type\":\"EntryPoint\",\"urlTemplate\":\"https:\/\/wire-processor.eu\/en\/?s={search_term_string}\"},\"query-input\":{\"@type\":\"PropertyValueSpecification\",\"valueRequired\":true,\"valueName\":\"search_term_string\"}}],\"inLanguage\":\"cs\"},{\"@type\":\"Organization\",\"@id\":\"https:\/\/wire-processor.eu\/en\/#organization\",\"name\":\"Wire processor - maszyny do przewod\u00f3w\",\"url\":\"https:\/\/wire-processor.eu\/en\/\",\"logo\":{\"@type\":\"ImageObject\",\"inLanguage\":\"cs\",\"@id\":\"https:\/\/wire-processor.eu\/en\/#\/schema\/logo\/image\/\",\"url\":\"https:\/\/wire-processor.eu\/wp-content\/uploads\/2018\/04\/Bozwang-_logo_producent1.png\",\"contentUrl\":\"https:\/\/wire-processor.eu\/wp-content\/uploads\/2018\/04\/Bozwang-_logo_producent1.png\",\"width\":250,\"height\":33,\"caption\":\"Wire processor - maszyny do przewod\u00f3w\"},\"image\":{\"@id\":\"https:\/\/wire-processor.eu\/en\/#\/schema\/logo\/image\/\"}}]}<\/script>\n<!-- \/ Yoast SEO plugin. -->","yoast_head_json":{"title":"Z\u00e1sady ochrany osobn\u00edch \u00fadaj\u016f - Wire processor","robots":{"index":"noindex","follow":"nofollow"},"og_locale":"cs_CZ","og_type":"article","og_title":"Z\u00e1sady ochrany osobn\u00edch \u00fadaj\u016f - Wire processor","og_url":"https:\/\/wire-processor.eu\/cs\/zasady-ochrany-osobnich-udaju\/","og_site_name":"Wire processor","article_modified_time":"2019-10-25T20:09:15+00:00","twitter_card":"summary_large_image","twitter_misc":{"Odhadovan\u00e1 doba \u010dten\u00ed":"8 minut"},"schema":{"@context":"https:\/\/schema.org","@graph":[{"@type":"WebPage","@id":"https:\/\/wire-processor.eu\/cs\/zasady-ochrany-osobnich-udaju\/","url":"https:\/\/wire-processor.eu\/cs\/zasady-ochrany-osobnich-udaju\/","name":"Z\u00e1sady ochrany osobn\u00edch \u00fadaj\u016f - Wire processor","isPartOf":{"@id":"https:\/\/wire-processor.eu\/en\/#website"},"datePublished":"2019-10-25T19:56:51+00:00","dateModified":"2019-10-25T20:09:15+00:00","breadcrumb":{"@id":"https:\/\/wire-processor.eu\/cs\/zasady-ochrany-osobnich-udaju\/#breadcrumb"},"inLanguage":"cs","potentialAction":[{"@type":"ReadAction","target":["https:\/\/wire-processor.eu\/cs\/zasady-ochrany-osobnich-udaju\/"]}]},{"@type":"BreadcrumbList","@id":"https:\/\/wire-processor.eu\/cs\/zasady-ochrany-osobnich-udaju\/#breadcrumb","itemListElement":[{"@type":"ListItem","position":1,"name":"Strona g\u0142\u00f3wna","item":"https:\/\/wire-processor.eu\/cs\/"},{"@type":"ListItem","position":2,"name":"Z\u00e1sady ochrany osobn\u00edch \u00fadaj\u016f"}]},{"@type":"WebSite","@id":"https:\/\/wire-processor.eu\/en\/#website","url":"https:\/\/wire-processor.eu\/en\/","name":"Wire processor","description":"Maszyny do obr\u00f3bki przewod\u00f3w","publisher":{"@id":"https:\/\/wire-processor.eu\/en\/#organization"},"potentialAction":[{"@type":"SearchAction","target":{"@type":"EntryPoint","urlTemplate":"https:\/\/wire-processor.eu\/en\/?s={search_term_string}"},"query-input":{"@type":"PropertyValueSpecification","valueRequired":true,"valueName":"search_term_string"}}],"inLanguage":"cs"},{"@type":"Organization","@id":"https:\/\/wire-processor.eu\/en\/#organization","name":"Wire processor - maszyny do przewod\u00f3w","url":"https:\/\/wire-processor.eu\/en\/","logo":{"@type":"ImageObject","inLanguage":"cs","@id":"https:\/\/wire-processor.eu\/en\/#\/schema\/logo\/image\/","url":"https:\/\/wire-processor.eu\/wp-content\/uploads\/2018\/04\/Bozwang-_logo_producent1.png","contentUrl":"https:\/\/wire-processor.eu\/wp-content\/uploads\/2018\/04\/Bozwang-_logo_producent1.png","width":250,"height":33,"caption":"Wire processor - maszyny do przewod\u00f3w"},"image":{"@id":"https:\/\/wire-processor.eu\/en\/#\/schema\/logo\/image\/"}}]}},"_links":{"self":[{"href":"https:\/\/wire-processor.eu\/cs\/wp-json\/wp\/v2\/pages\/13866","targetHints":{"allow":["GET"]}}],"collection":[{"href":"https:\/\/wire-processor.eu\/cs\/wp-json\/wp\/v2\/pages"}],"about":[{"href":"https:\/\/wire-processor.eu\/cs\/wp-json\/wp\/v2\/types\/page"}],"author":[{"embeddable":true,"href":"https:\/\/wire-processor.eu\/cs\/wp-json\/wp\/v2\/users\/1"}],"replies":[{"embeddable":true,"href":"https:\/\/wire-processor.eu\/cs\/wp-json\/wp\/v2\/comments?post=13866"}],"version-history":[{"count":6,"href":"https:\/\/wire-processor.eu\/cs\/wp-json\/wp\/v2\/pages\/13866\/revisions"}],"predecessor-version":[{"id":13872,"href":"https:\/\/wire-processor.eu\/cs\/wp-json\/wp\/v2\/pages\/13866\/revisions\/13872"}],"wp:attachment":[{"href":"https:\/\/wire-processor.eu\/cs\/wp-json\/wp\/v2\/media?parent=13866"}],"curies":[{"name":"wp","href":"https:\/\/api.w.org\/{rel}","templated":true}]}}