{"id":17037,"date":"2024-05-06T22:19:14","date_gmt":"2024-05-06T20:19:14","guid":{"rendered":"https:\/\/wire-processor.eu\/katalog\/"},"modified":"2024-05-06T22:19:14","modified_gmt":"2024-05-06T20:19:14","slug":"katalog","status":"publish","type":"page","link":"https:\/\/wire-processor.eu\/cs\/katalog\/","title":{"rendered":"Katalog"},"content":{"rendered":"<div class=\"fusion-fullwidth fullwidth-box fusion-builder-row-1 fusion-flex-container has-pattern-background has-mask-background nonhundred-percent-fullwidth non-hundred-percent-height-scrolling\" style=\"--awb-border-radius-top-left:0px;--awb-border-radius-top-right:0px;--awb-border-radius-bottom-right:0px;--awb-border-radius-bottom-left:0px;--awb-flex-wrap:wrap;\" ><div class=\"fusion-builder-row fusion-row fusion-flex-align-items-flex-start fusion-flex-content-wrap\" style=\"max-width:1216.8px;margin-left: calc(-4% \/ 2 );margin-right: calc(-4% \/ 2 );\"><div class=\"fusion-layout-column fusion_builder_column fusion-builder-column-0 fusion_builder_column_1_1 1_1 fusion-flex-column\" style=\"--awb-bg-size:cover;--awb-width-large:100%;--awb-margin-top-large:0px;--awb-spacing-right-large:1.92%;--awb-margin-bottom-large:0px;--awb-spacing-left-large:1.92%;--awb-width-medium:100%;--awb-order-medium:0;--awb-spacing-right-medium:1.92%;--awb-spacing-left-medium:1.92%;--awb-width-small:100%;--awb-order-small:0;--awb-spacing-right-small:1.92%;--awb-spacing-left-small:1.92%;\"><div class=\"fusion-column-wrapper fusion-column-has-shadow fusion-flex-justify-content-flex-start fusion-content-layout-column\"><a class=\"fb-icon-element-1 fb-icon-element fontawesome-icon fa-file-pdf fas circle-no fusion-link\" style=\"--awb-iconcolor:#003789;--awb-iconcolor-hover:#003789;--awb-font-size:130px;--awb-margin-top:0;--awb-margin-right:0;--awb-margin-bottom:0;--awb-margin-left:0;--awb-align-self:center;\" href=\"https:\/\/wire-processor.eu\/wp-content\/uploads\/2024\/05\/WireProcessingMachinesBozwangItsAim.pdf\" target=\"_blank\" aria-label=\"Link to https:\/\/wire-processor.eu\/wp-content\/uploads\/2024\/05\/WireProcessingMachinesBozwangItsAim.pdf\" rel=\"noopener noreferrer\"><\/a><div class=\"fusion-text fusion-text-1\" style=\"--awb-content-alignment:center;\"><p><a href=\"https:\/\/wire-processor.eu\/wp-content\/uploads\/2024\/05\/WireProcessingMachinesBozwangItsAim.pdf\" target=\"_blank\" rel=\"noopener\">St\u00e1hn\u011bte si katalog stroj\u016f na zpracov\u00e1n\u00ed kabel\u016f<\/a><\/p>\n<\/div><\/div><\/div><\/div><\/div>\n","protected":false},"excerpt":{"rendered":"","protected":false},"author":1,"featured_media":0,"parent":0,"menu_order":0,"comment_status":"closed","ping_status":"closed","template":"","meta":{"footnotes":""},"class_list":["post-17037","page","type-page","status-publish","hentry"],"yoast_head":"<!-- This site is optimized with the Yoast SEO plugin v26.3 - https:\/\/yoast.com\/wordpress\/plugins\/seo\/ -->\n<title>Katalog - Wire processor<\/title>\n<meta name=\"robots\" content=\"index, follow, max-snippet:-1, max-image-preview:large, max-video-preview:-1\" \/>\n<link rel=\"canonical\" href=\"https:\/\/wire-processor.eu\/cs\/katalog\/\" \/>\n<meta property=\"og:locale\" content=\"cs_CZ\" \/>\n<meta property=\"og:type\" content=\"article\" \/>\n<meta property=\"og:title\" content=\"Katalog - Wire processor\" \/>\n<meta property=\"og:url\" content=\"https:\/\/wire-processor.eu\/cs\/katalog\/\" \/>\n<meta property=\"og:site_name\" content=\"Wire processor\" \/>\n<meta name=\"twitter:card\" content=\"summary_large_image\" \/>\n<meta name=\"twitter:label1\" content=\"Odhadovan\u00e1 doba \u010dten\u00ed\" \/>\n\t<meta name=\"twitter:data1\" content=\"3 minuty\" \/>\n<script type=\"application\/ld+json\" class=\"yoast-schema-graph\">{\"@context\":\"https:\/\/schema.org\",\"@graph\":[{\"@type\":\"WebPage\",\"@id\":\"https:\/\/wire-processor.eu\/cs\/katalog\/\",\"url\":\"https:\/\/wire-processor.eu\/cs\/katalog\/\",\"name\":\"Katalog - Wire processor\",\"isPartOf\":{\"@id\":\"https:\/\/wire-processor.eu\/en\/#website\"},\"datePublished\":\"2024-05-06T20:19:14+00:00\",\"breadcrumb\":{\"@id\":\"https:\/\/wire-processor.eu\/cs\/katalog\/#breadcrumb\"},\"inLanguage\":\"cs\",\"potentialAction\":[{\"@type\":\"ReadAction\",\"target\":[\"https:\/\/wire-processor.eu\/cs\/katalog\/\"]}]},{\"@type\":\"BreadcrumbList\",\"@id\":\"https:\/\/wire-processor.eu\/cs\/katalog\/#breadcrumb\",\"itemListElement\":[{\"@type\":\"ListItem\",\"position\":1,\"name\":\"Strona g\u0142\u00f3wna\",\"item\":\"https:\/\/wire-processor.eu\/cs\/\"},{\"@type\":\"ListItem\",\"position\":2,\"name\":\"Katalog\"}]},{\"@type\":\"WebSite\",\"@id\":\"https:\/\/wire-processor.eu\/en\/#website\",\"url\":\"https:\/\/wire-processor.eu\/en\/\",\"name\":\"Wire processor\",\"description\":\"Maszyny do obr\u00f3bki przewod\u00f3w\",\"publisher\":{\"@id\":\"https:\/\/wire-processor.eu\/en\/#organization\"},\"potentialAction\":[{\"@type\":\"SearchAction\",\"target\":{\"@type\":\"EntryPoint\",\"urlTemplate\":\"https:\/\/wire-processor.eu\/en\/?s={search_term_string}\"},\"query-input\":{\"@type\":\"PropertyValueSpecification\",\"valueRequired\":true,\"valueName\":\"search_term_string\"}}],\"inLanguage\":\"cs\"},{\"@type\":\"Organization\",\"@id\":\"https:\/\/wire-processor.eu\/en\/#organization\",\"name\":\"Wire processor - maszyny do przewod\u00f3w\",\"url\":\"https:\/\/wire-processor.eu\/en\/\",\"logo\":{\"@type\":\"ImageObject\",\"inLanguage\":\"cs\",\"@id\":\"https:\/\/wire-processor.eu\/en\/#\/schema\/logo\/image\/\",\"url\":\"https:\/\/wire-processor.eu\/wp-content\/uploads\/2018\/04\/Bozwang-_logo_producent1.png\",\"contentUrl\":\"https:\/\/wire-processor.eu\/wp-content\/uploads\/2018\/04\/Bozwang-_logo_producent1.png\",\"width\":250,\"height\":33,\"caption\":\"Wire processor - maszyny do przewod\u00f3w\"},\"image\":{\"@id\":\"https:\/\/wire-processor.eu\/en\/#\/schema\/logo\/image\/\"}}]}<\/script>\n<!-- \/ Yoast SEO plugin. -->","yoast_head_json":{"title":"Katalog - Wire processor","robots":{"index":"index","follow":"follow","max-snippet":"max-snippet:-1","max-image-preview":"max-image-preview:large","max-video-preview":"max-video-preview:-1"},"canonical":"https:\/\/wire-processor.eu\/cs\/katalog\/","og_locale":"cs_CZ","og_type":"article","og_title":"Katalog - Wire processor","og_url":"https:\/\/wire-processor.eu\/cs\/katalog\/","og_site_name":"Wire processor","twitter_card":"summary_large_image","twitter_misc":{"Odhadovan\u00e1 doba \u010dten\u00ed":"3 minuty"},"schema":{"@context":"https:\/\/schema.org","@graph":[{"@type":"WebPage","@id":"https:\/\/wire-processor.eu\/cs\/katalog\/","url":"https:\/\/wire-processor.eu\/cs\/katalog\/","name":"Katalog - Wire processor","isPartOf":{"@id":"https:\/\/wire-processor.eu\/en\/#website"},"datePublished":"2024-05-06T20:19:14+00:00","breadcrumb":{"@id":"https:\/\/wire-processor.eu\/cs\/katalog\/#breadcrumb"},"inLanguage":"cs","potentialAction":[{"@type":"ReadAction","target":["https:\/\/wire-processor.eu\/cs\/katalog\/"]}]},{"@type":"BreadcrumbList","@id":"https:\/\/wire-processor.eu\/cs\/katalog\/#breadcrumb","itemListElement":[{"@type":"ListItem","position":1,"name":"Strona g\u0142\u00f3wna","item":"https:\/\/wire-processor.eu\/cs\/"},{"@type":"ListItem","position":2,"name":"Katalog"}]},{"@type":"WebSite","@id":"https:\/\/wire-processor.eu\/en\/#website","url":"https:\/\/wire-processor.eu\/en\/","name":"Wire processor","description":"Maszyny do obr\u00f3bki przewod\u00f3w","publisher":{"@id":"https:\/\/wire-processor.eu\/en\/#organization"},"potentialAction":[{"@type":"SearchAction","target":{"@type":"EntryPoint","urlTemplate":"https:\/\/wire-processor.eu\/en\/?s={search_term_string}"},"query-input":{"@type":"PropertyValueSpecification","valueRequired":true,"valueName":"search_term_string"}}],"inLanguage":"cs"},{"@type":"Organization","@id":"https:\/\/wire-processor.eu\/en\/#organization","name":"Wire processor - maszyny do przewod\u00f3w","url":"https:\/\/wire-processor.eu\/en\/","logo":{"@type":"ImageObject","inLanguage":"cs","@id":"https:\/\/wire-processor.eu\/en\/#\/schema\/logo\/image\/","url":"https:\/\/wire-processor.eu\/wp-content\/uploads\/2018\/04\/Bozwang-_logo_producent1.png","contentUrl":"https:\/\/wire-processor.eu\/wp-content\/uploads\/2018\/04\/Bozwang-_logo_producent1.png","width":250,"height":33,"caption":"Wire processor - maszyny do przewod\u00f3w"},"image":{"@id":"https:\/\/wire-processor.eu\/en\/#\/schema\/logo\/image\/"}}]}},"_links":{"self":[{"href":"https:\/\/wire-processor.eu\/cs\/wp-json\/wp\/v2\/pages\/17037","targetHints":{"allow":["GET"]}}],"collection":[{"href":"https:\/\/wire-processor.eu\/cs\/wp-json\/wp\/v2\/pages"}],"about":[{"href":"https:\/\/wire-processor.eu\/cs\/wp-json\/wp\/v2\/types\/page"}],"author":[{"embeddable":true,"href":"https:\/\/wire-processor.eu\/cs\/wp-json\/wp\/v2\/users\/1"}],"replies":[{"embeddable":true,"href":"https:\/\/wire-processor.eu\/cs\/wp-json\/wp\/v2\/comments?post=17037"}],"version-history":[{"count":2,"href":"https:\/\/wire-processor.eu\/cs\/wp-json\/wp\/v2\/pages\/17037\/revisions"}],"predecessor-version":[{"id":17039,"href":"https:\/\/wire-processor.eu\/cs\/wp-json\/wp\/v2\/pages\/17037\/revisions\/17039"}],"wp:attachment":[{"href":"https:\/\/wire-processor.eu\/cs\/wp-json\/wp\/v2\/media?parent=17037"}],"curies":[{"name":"wp","href":"https:\/\/api.w.org\/{rel}","templated":true}]}}