{"id":13987,"date":"2018-04-28T20:50:44","date_gmt":"2018-04-28T18:50:44","guid":{"rendered":"https:\/\/wire-processor.eu\/oferta\/nezarazene\/1-lis-pro-dvoustranne-lisovani-koncovek-bzw-3-0\/"},"modified":"2019-11-23T12:49:42","modified_gmt":"2019-11-23T11:49:42","slug":"lis-pro-dvoustranne-lisovani-koncovek-bzw-3-0","status":"publish","type":"product","link":"https:\/\/wire-processor.eu\/cs\/oferta\/lis-pro-dvoustranne-lisovani-koncovek-bzw-3-0\/","title":{"rendered":"Lis pro dvoustrann\u00e9 lisov\u00e1n\u00ed koncovek BZW-3.0"},"content":{"rendered":"","protected":false},"excerpt":{"rendered":"<ul>\n<li>Cable Type \u2013 0,3 \u2013 6 mm\u00b2 (AWG9 # \u2013 AWG23 #), other sizes on request,<\/li>\n<li>Features \u2013 wire cutting, wire stripping, half stripping, one and two-sided crimping,<\/li>\n<li>Dimensions \u2013 3500 x 1200 x 1700mm,<\/li>\n<li>Weight -1100 kg.<\/li>\n<\/ul>\n","protected":false},"featured_media":16598,"template":"","meta":[],"product_brand":[],"product_cat":[547],"product_tag":[],"class_list":{"0":"post-13987","1":"product","2":"type-product","3":"status-publish","4":"has-post-thumbnail","6":"product_cat-automaticka-zarizeni-pro-krimpovani-koncovek","8":"first","9":"instock","10":"shipping-taxable","11":"product-type-simple"},"yoast_head":"<!-- This site is optimized with the Yoast SEO plugin v26.3 - https:\/\/yoast.com\/wordpress\/plugins\/seo\/ -->\n<title>Lis pro dvoustrann\u00e9 lisov\u00e1n\u00ed koncovek BZW-3.0 -Wire Processor<\/title>\n<meta name=\"robots\" content=\"index, follow, max-snippet:-1, max-image-preview:large, max-video-preview:-1\" \/>\n<link rel=\"canonical\" href=\"https:\/\/wire-processor.eu\/cs\/oferta\/lis-pro-dvoustranne-lisovani-koncovek-bzw-3-0\/\" \/>\n<meta property=\"og:locale\" content=\"cs_CZ\" \/>\n<meta property=\"og:type\" content=\"article\" \/>\n<meta property=\"og:title\" content=\"Lis pro dvoustrann\u00e9 lisov\u00e1n\u00ed koncovek BZW-3.0 -Wire Processor\" \/>\n<meta property=\"og:description\" content=\"Cable Type \u2013 0,3 \u2013 6 mm\u00b2 (AWG9 # \u2013 AWG23 #), other sizes on request,  Features \u2013 wire cutting, wire stripping, half stripping, one and two-sided crimping,  Dimensions \u2013 3500 x 1200 x 1700mm,  Weight -1100 kg.\" \/>\n<meta property=\"og:url\" content=\"https:\/\/wire-processor.eu\/cs\/oferta\/lis-pro-dvoustranne-lisovani-koncovek-bzw-3-0\/\" \/>\n<meta property=\"og:site_name\" content=\"Wire processor\" \/>\n<meta property=\"article:modified_time\" content=\"2019-11-23T11:49:42+00:00\" \/>\n<meta property=\"og:image\" content=\"https:\/\/wire-processor.eu\/wp-content\/uploads\/2019\/07\/BZW-3.0-C-C-PM-4M.jpg\" \/>\n\t<meta property=\"og:image:width\" content=\"800\" \/>\n\t<meta property=\"og:image:height\" content=\"800\" \/>\n\t<meta property=\"og:image:type\" content=\"image\/jpeg\" \/>\n<meta name=\"twitter:card\" content=\"summary_large_image\" \/>\n<script type=\"application\/ld+json\" class=\"yoast-schema-graph\">{\"@context\":\"https:\/\/schema.org\",\"@graph\":[{\"@type\":\"WebPage\",\"@id\":\"https:\/\/wire-processor.eu\/cs\/oferta\/lis-pro-dvoustranne-lisovani-koncovek-bzw-3-0\/\",\"url\":\"https:\/\/wire-processor.eu\/cs\/oferta\/lis-pro-dvoustranne-lisovani-koncovek-bzw-3-0\/\",\"name\":\"Lis pro dvoustrann\u00e9 lisov\u00e1n\u00ed koncovek BZW-3.0 -Wire Processor\",\"isPartOf\":{\"@id\":\"https:\/\/wire-processor.eu\/en\/#website\"},\"primaryImageOfPage\":{\"@id\":\"https:\/\/wire-processor.eu\/cs\/oferta\/lis-pro-dvoustranne-lisovani-koncovek-bzw-3-0\/#primaryimage\"},\"image\":{\"@id\":\"https:\/\/wire-processor.eu\/cs\/oferta\/lis-pro-dvoustranne-lisovani-koncovek-bzw-3-0\/#primaryimage\"},\"thumbnailUrl\":\"https:\/\/wire-processor.eu\/wp-content\/uploads\/2018\/04\/bzw-30.jpg\",\"datePublished\":\"2018-04-28T18:50:44+00:00\",\"dateModified\":\"2019-11-23T11:49:42+00:00\",\"breadcrumb\":{\"@id\":\"https:\/\/wire-processor.eu\/cs\/oferta\/lis-pro-dvoustranne-lisovani-koncovek-bzw-3-0\/#breadcrumb\"},\"inLanguage\":\"cs\",\"potentialAction\":[{\"@type\":\"ReadAction\",\"target\":[\"https:\/\/wire-processor.eu\/cs\/oferta\/lis-pro-dvoustranne-lisovani-koncovek-bzw-3-0\/\"]}]},{\"@type\":\"ImageObject\",\"inLanguage\":\"cs\",\"@id\":\"https:\/\/wire-processor.eu\/cs\/oferta\/lis-pro-dvoustranne-lisovani-koncovek-bzw-3-0\/#primaryimage\",\"url\":\"https:\/\/wire-processor.eu\/wp-content\/uploads\/2018\/04\/bzw-30.jpg\",\"contentUrl\":\"https:\/\/wire-processor.eu\/wp-content\/uploads\/2018\/04\/bzw-30.jpg\",\"width\":1200,\"height\":1200,\"caption\":\"BZW-3.0 Automatyczna maszyna do obustronnego zaciskania terminali\"},{\"@type\":\"BreadcrumbList\",\"@id\":\"https:\/\/wire-processor.eu\/cs\/oferta\/lis-pro-dvoustranne-lisovani-koncovek-bzw-3-0\/#breadcrumb\",\"itemListElement\":[{\"@type\":\"ListItem\",\"position\":1,\"name\":\"Strona g\u0142\u00f3wna\",\"item\":\"https:\/\/wire-processor.eu\/cs\/\"},{\"@type\":\"ListItem\",\"position\":2,\"name\":\"Nab\u00eddka\",\"item\":\"https:\/\/wire-processor.eu\/cs\/nabidka\/\"},{\"@type\":\"ListItem\",\"position\":3,\"name\":\"Lis pro dvoustrann\u00e9 lisov\u00e1n\u00ed koncovek BZW-3.0\"}]},{\"@type\":\"WebSite\",\"@id\":\"https:\/\/wire-processor.eu\/en\/#website\",\"url\":\"https:\/\/wire-processor.eu\/en\/\",\"name\":\"Wire processor\",\"description\":\"Maszyny do obr\u00f3bki przewod\u00f3w\",\"publisher\":{\"@id\":\"https:\/\/wire-processor.eu\/en\/#organization\"},\"potentialAction\":[{\"@type\":\"SearchAction\",\"target\":{\"@type\":\"EntryPoint\",\"urlTemplate\":\"https:\/\/wire-processor.eu\/en\/?s={search_term_string}\"},\"query-input\":{\"@type\":\"PropertyValueSpecification\",\"valueRequired\":true,\"valueName\":\"search_term_string\"}}],\"inLanguage\":\"cs\"},{\"@type\":\"Organization\",\"@id\":\"https:\/\/wire-processor.eu\/en\/#organization\",\"name\":\"Wire processor - maszyny do przewod\u00f3w\",\"url\":\"https:\/\/wire-processor.eu\/en\/\",\"logo\":{\"@type\":\"ImageObject\",\"inLanguage\":\"cs\",\"@id\":\"https:\/\/wire-processor.eu\/en\/#\/schema\/logo\/image\/\",\"url\":\"https:\/\/wire-processor.eu\/wp-content\/uploads\/2018\/04\/Bozwang-_logo_producent1.png\",\"contentUrl\":\"https:\/\/wire-processor.eu\/wp-content\/uploads\/2018\/04\/Bozwang-_logo_producent1.png\",\"width\":250,\"height\":33,\"caption\":\"Wire processor - maszyny do przewod\u00f3w\"},\"image\":{\"@id\":\"https:\/\/wire-processor.eu\/en\/#\/schema\/logo\/image\/\"}}]}<\/script>\n<!-- \/ Yoast SEO plugin. -->","yoast_head_json":{"title":"Lis pro dvoustrann\u00e9 lisov\u00e1n\u00ed koncovek BZW-3.0 -Wire Processor","robots":{"index":"index","follow":"follow","max-snippet":"max-snippet:-1","max-image-preview":"max-image-preview:large","max-video-preview":"max-video-preview:-1"},"canonical":"https:\/\/wire-processor.eu\/cs\/oferta\/lis-pro-dvoustranne-lisovani-koncovek-bzw-3-0\/","og_locale":"cs_CZ","og_type":"article","og_title":"Lis pro dvoustrann\u00e9 lisov\u00e1n\u00ed koncovek BZW-3.0 -Wire Processor","og_description":"Cable Type \u2013 0,3 \u2013 6 mm\u00b2 (AWG9 # \u2013 AWG23 #), other sizes on request,  Features \u2013 wire cutting, wire stripping, half stripping, one and two-sided crimping,  Dimensions \u2013 3500 x 1200 x 1700mm,  Weight -1100 kg.","og_url":"https:\/\/wire-processor.eu\/cs\/oferta\/lis-pro-dvoustranne-lisovani-koncovek-bzw-3-0\/","og_site_name":"Wire processor","article_modified_time":"2019-11-23T11:49:42+00:00","og_image":[{"width":800,"height":800,"url":"https:\/\/wire-processor.eu\/wp-content\/uploads\/2019\/07\/BZW-3.0-C-C-PM-4M.jpg","type":"image\/jpeg"}],"twitter_card":"summary_large_image","schema":{"@context":"https:\/\/schema.org","@graph":[{"@type":"WebPage","@id":"https:\/\/wire-processor.eu\/cs\/oferta\/lis-pro-dvoustranne-lisovani-koncovek-bzw-3-0\/","url":"https:\/\/wire-processor.eu\/cs\/oferta\/lis-pro-dvoustranne-lisovani-koncovek-bzw-3-0\/","name":"Lis pro dvoustrann\u00e9 lisov\u00e1n\u00ed koncovek BZW-3.0 -Wire Processor","isPartOf":{"@id":"https:\/\/wire-processor.eu\/en\/#website"},"primaryImageOfPage":{"@id":"https:\/\/wire-processor.eu\/cs\/oferta\/lis-pro-dvoustranne-lisovani-koncovek-bzw-3-0\/#primaryimage"},"image":{"@id":"https:\/\/wire-processor.eu\/cs\/oferta\/lis-pro-dvoustranne-lisovani-koncovek-bzw-3-0\/#primaryimage"},"thumbnailUrl":"https:\/\/wire-processor.eu\/wp-content\/uploads\/2018\/04\/bzw-30.jpg","datePublished":"2018-04-28T18:50:44+00:00","dateModified":"2019-11-23T11:49:42+00:00","breadcrumb":{"@id":"https:\/\/wire-processor.eu\/cs\/oferta\/lis-pro-dvoustranne-lisovani-koncovek-bzw-3-0\/#breadcrumb"},"inLanguage":"cs","potentialAction":[{"@type":"ReadAction","target":["https:\/\/wire-processor.eu\/cs\/oferta\/lis-pro-dvoustranne-lisovani-koncovek-bzw-3-0\/"]}]},{"@type":"ImageObject","inLanguage":"cs","@id":"https:\/\/wire-processor.eu\/cs\/oferta\/lis-pro-dvoustranne-lisovani-koncovek-bzw-3-0\/#primaryimage","url":"https:\/\/wire-processor.eu\/wp-content\/uploads\/2018\/04\/bzw-30.jpg","contentUrl":"https:\/\/wire-processor.eu\/wp-content\/uploads\/2018\/04\/bzw-30.jpg","width":1200,"height":1200,"caption":"BZW-3.0 Automatyczna maszyna do obustronnego zaciskania terminali"},{"@type":"BreadcrumbList","@id":"https:\/\/wire-processor.eu\/cs\/oferta\/lis-pro-dvoustranne-lisovani-koncovek-bzw-3-0\/#breadcrumb","itemListElement":[{"@type":"ListItem","position":1,"name":"Strona g\u0142\u00f3wna","item":"https:\/\/wire-processor.eu\/cs\/"},{"@type":"ListItem","position":2,"name":"Nab\u00eddka","item":"https:\/\/wire-processor.eu\/cs\/nabidka\/"},{"@type":"ListItem","position":3,"name":"Lis pro dvoustrann\u00e9 lisov\u00e1n\u00ed koncovek BZW-3.0"}]},{"@type":"WebSite","@id":"https:\/\/wire-processor.eu\/en\/#website","url":"https:\/\/wire-processor.eu\/en\/","name":"Wire processor","description":"Maszyny do obr\u00f3bki przewod\u00f3w","publisher":{"@id":"https:\/\/wire-processor.eu\/en\/#organization"},"potentialAction":[{"@type":"SearchAction","target":{"@type":"EntryPoint","urlTemplate":"https:\/\/wire-processor.eu\/en\/?s={search_term_string}"},"query-input":{"@type":"PropertyValueSpecification","valueRequired":true,"valueName":"search_term_string"}}],"inLanguage":"cs"},{"@type":"Organization","@id":"https:\/\/wire-processor.eu\/en\/#organization","name":"Wire processor - maszyny do przewod\u00f3w","url":"https:\/\/wire-processor.eu\/en\/","logo":{"@type":"ImageObject","inLanguage":"cs","@id":"https:\/\/wire-processor.eu\/en\/#\/schema\/logo\/image\/","url":"https:\/\/wire-processor.eu\/wp-content\/uploads\/2018\/04\/Bozwang-_logo_producent1.png","contentUrl":"https:\/\/wire-processor.eu\/wp-content\/uploads\/2018\/04\/Bozwang-_logo_producent1.png","width":250,"height":33,"caption":"Wire processor - maszyny do przewod\u00f3w"},"image":{"@id":"https:\/\/wire-processor.eu\/en\/#\/schema\/logo\/image\/"}}]}},"_links":{"self":[{"href":"https:\/\/wire-processor.eu\/cs\/wp-json\/wp\/v2\/product\/13987","targetHints":{"allow":["GET"]}}],"collection":[{"href":"https:\/\/wire-processor.eu\/cs\/wp-json\/wp\/v2\/product"}],"about":[{"href":"https:\/\/wire-processor.eu\/cs\/wp-json\/wp\/v2\/types\/product"}],"wp:featuredmedia":[{"embeddable":true,"href":"https:\/\/wire-processor.eu\/cs\/wp-json\/wp\/v2\/media\/16598"}],"wp:attachment":[{"href":"https:\/\/wire-processor.eu\/cs\/wp-json\/wp\/v2\/media?parent=13987"}],"wp:term":[{"taxonomy":"product_brand","embeddable":true,"href":"https:\/\/wire-processor.eu\/cs\/wp-json\/wp\/v2\/product_brand?post=13987"},{"taxonomy":"product_cat","embeddable":true,"href":"https:\/\/wire-processor.eu\/cs\/wp-json\/wp\/v2\/product_cat?post=13987"},{"taxonomy":"product_tag","embeddable":true,"href":"https:\/\/wire-processor.eu\/cs\/wp-json\/wp\/v2\/product_tag?post=13987"}],"curies":[{"name":"wp","href":"https:\/\/api.w.org\/{rel}","templated":true}]}}