{"id":13997,"date":"2018-04-28T20:54:46","date_gmt":"2018-04-28T18:54:46","guid":{"rendered":"https:\/\/wire-processor.eu\/oferta\/nezarazene\/4-lis-pro-dvoustranne-lisovani-koncovek-s-funkci-znaceni-vodicu-a-a-umisteni-smrstovacich-trubicek-bzw-3-0-h-m\/"},"modified":"2019-11-23T13:01:36","modified_gmt":"2019-11-23T12:01:36","slug":"lis-pro-dvoustranne-lisovani-koncovek-s-funkci-znaceni-vodicu-a-a-umisteni-smrstovacich-trubicek-bzw-3-0-h-m","status":"publish","type":"product","link":"https:\/\/wire-processor.eu\/cs\/oferta\/lis-pro-dvoustranne-lisovani-koncovek-s-funkci-znaceni-vodicu-a-a-umisteni-smrstovacich-trubicek-bzw-3-0-h-m\/","title":{"rendered":"Lis pro dvoustrann\u00e9 lisov\u00e1n\u00ed koncovek s funkc\u00ed zna\u010den\u00ed vodi\u010d\u016f a a um\u00edst\u011bn\u00ed smr\u0161\u0165ovac\u00edch trubi\u010dek BZW-3.0 H M"},"content":{"rendered":"","protected":false},"excerpt":{"rendered":"<ul>\n<li>Wire range 0,3 &#8211; 6 mm\u00b2 (AWG9#-AWG23#) (Other size can be special ordered\uff09<\/li>\n<li>Cutting length 60 &#8211; 10000 mm (Other size can be special ordered\uff09<\/li>\n<li>Cutting precision \u00b1\uff080,2%*L+1\uff09mm<\/li>\n<li>Stripping length 0,1 &#8211; 18 mm<\/li>\n<li>Feeding speed Max. 8,0 m\/s<\/li>\n<li>Crimping force 30 kN<\/li>\n<li>Power 230V 50Hz<\/li>\n<li>Air supply 0,5 MPa &#8211; 0,7 MPa\uff0c8m\u00b3\/h<\/li>\n<li>Weight about 1100kg<\/li>\n<li>Dimension 3500 x 1200 x 1700 mm<\/li>\n<li>Detecting ability wire knotting, wire lacking, terminal lacking, crimping pressure, air pressure, bare wire and terminal crimping lacking;<\/li>\n<li>Applicator range OTP applicator, European applicator and pneumatic applicator;<\/li>\n<li>It can be installed with CFM, monitoring the crimping quality during the whole processing and 100% traceability.<\/li>\n<li>Function &#8211; automatic wire cutting, wire single end striping and double end stripping\/half stripping\/ terminal crimping\/seal threading, single end heat shrink tubing\/jacketing inserting.<\/li>\n<\/ul>\n","protected":false},"featured_media":13998,"template":"","meta":[],"product_brand":[],"product_cat":[547],"product_tag":[],"class_list":{"0":"post-13997","1":"product","2":"type-product","3":"status-publish","4":"has-post-thumbnail","6":"product_cat-automaticka-zarizeni-pro-krimpovani-koncovek","8":"first","9":"instock","10":"shipping-taxable","11":"product-type-simple"},"yoast_head":"<!-- This site is optimized with the Yoast SEO plugin v26.3 - https:\/\/yoast.com\/wordpress\/plugins\/seo\/ -->\n<title>Lis pro dvoustrann\u00e9 lisov\u00e1n\u00ed koncovek s funkc\u00ed zna\u010den\u00ed vodi\u010d\u016f a a um\u00edst\u011bn\u00ed smr\u0161\u0165ovac\u00edch trubi\u010dek BZW-3.0 H M - Wire processor<\/title>\n<meta name=\"robots\" content=\"index, follow, max-snippet:-1, max-image-preview:large, max-video-preview:-1\" \/>\n<link rel=\"canonical\" href=\"https:\/\/wire-processor.eu\/cs\/oferta\/lis-pro-dvoustranne-lisovani-koncovek-s-funkci-znaceni-vodicu-a-a-umisteni-smrstovacich-trubicek-bzw-3-0-h-m\/\" \/>\n<meta property=\"og:locale\" content=\"cs_CZ\" \/>\n<meta property=\"og:type\" content=\"article\" \/>\n<meta property=\"og:title\" content=\"Lis pro dvoustrann\u00e9 lisov\u00e1n\u00ed koncovek s funkc\u00ed zna\u010den\u00ed vodi\u010d\u016f a a um\u00edst\u011bn\u00ed smr\u0161\u0165ovac\u00edch trubi\u010dek BZW-3.0 H M - Wire processor\" \/>\n<meta property=\"og:description\" content=\"Wire range 0,3 - 6 mm\u00b2 (AWG9#-AWG23#) (Other size can be special ordered\uff09  Cutting length 60 - 10000 mm (Other size can be special ordered\uff09  Cutting precision \u00b1\uff080,2%*L+1\uff09mm  Stripping length 0,1 - 18 mm  Feeding speed Max. 8,0 m\/s  Crimping force 30 kN  Power 230V 50Hz  Air supply 0,5 MPa - 0,7 MPa\uff0c8m\u00b3\/h  Weight about 1100kg  Dimension 3500 x 1200 x 1700 mm  Detecting ability wire knotting, wire lacking, terminal lacking, crimping pressure, air pressure, bare wire and terminal crimping lacking;  Applicator range OTP applicator, European applicator and pneumatic applicator;  It can be installed with CFM, monitoring the crimping quality during the whole processing and 100% traceability.  Function - automatic wire cutting, wire single end striping and double end stripping\/half stripping\/ terminal crimping\/seal threading, single end heat shrink tubing\/jacketing inserting.\" \/>\n<meta property=\"og:url\" content=\"https:\/\/wire-processor.eu\/cs\/oferta\/lis-pro-dvoustranne-lisovani-koncovek-s-funkci-znaceni-vodicu-a-a-umisteni-smrstovacich-trubicek-bzw-3-0-h-m\/\" \/>\n<meta property=\"og:site_name\" content=\"Wire processor\" \/>\n<meta property=\"article:modified_time\" content=\"2019-11-23T12:01:36+00:00\" \/>\n<meta property=\"og:image\" content=\"https:\/\/wire-processor.eu\/wp-content\/uploads\/2018\/05\/BZW-3.0HM.jpg\" \/>\n\t<meta property=\"og:image:width\" content=\"1600\" \/>\n\t<meta property=\"og:image:height\" content=\"1600\" \/>\n\t<meta property=\"og:image:type\" content=\"image\/jpeg\" \/>\n<meta name=\"twitter:card\" content=\"summary_large_image\" \/>\n<script type=\"application\/ld+json\" class=\"yoast-schema-graph\">{\"@context\":\"https:\/\/schema.org\",\"@graph\":[{\"@type\":\"WebPage\",\"@id\":\"https:\/\/wire-processor.eu\/cs\/oferta\/lis-pro-dvoustranne-lisovani-koncovek-s-funkci-znaceni-vodicu-a-a-umisteni-smrstovacich-trubicek-bzw-3-0-h-m\/\",\"url\":\"https:\/\/wire-processor.eu\/cs\/oferta\/lis-pro-dvoustranne-lisovani-koncovek-s-funkci-znaceni-vodicu-a-a-umisteni-smrstovacich-trubicek-bzw-3-0-h-m\/\",\"name\":\"Lis pro dvoustrann\u00e9 lisov\u00e1n\u00ed koncovek s funkc\u00ed zna\u010den\u00ed vodi\u010d\u016f a a um\u00edst\u011bn\u00ed smr\u0161\u0165ovac\u00edch trubi\u010dek BZW-3.0 H M - Wire processor\",\"isPartOf\":{\"@id\":\"https:\/\/wire-processor.eu\/en\/#website\"},\"primaryImageOfPage\":{\"@id\":\"https:\/\/wire-processor.eu\/cs\/oferta\/lis-pro-dvoustranne-lisovani-koncovek-s-funkci-znaceni-vodicu-a-a-umisteni-smrstovacich-trubicek-bzw-3-0-h-m\/#primaryimage\"},\"image\":{\"@id\":\"https:\/\/wire-processor.eu\/cs\/oferta\/lis-pro-dvoustranne-lisovani-koncovek-s-funkci-znaceni-vodicu-a-a-umisteni-smrstovacich-trubicek-bzw-3-0-h-m\/#primaryimage\"},\"thumbnailUrl\":\"https:\/\/wire-processor.eu\/wp-content\/uploads\/2018\/05\/BZW-3.0HM.jpg\",\"datePublished\":\"2018-04-28T18:54:46+00:00\",\"dateModified\":\"2019-11-23T12:01:36+00:00\",\"breadcrumb\":{\"@id\":\"https:\/\/wire-processor.eu\/cs\/oferta\/lis-pro-dvoustranne-lisovani-koncovek-s-funkci-znaceni-vodicu-a-a-umisteni-smrstovacich-trubicek-bzw-3-0-h-m\/#breadcrumb\"},\"inLanguage\":\"cs\",\"potentialAction\":[{\"@type\":\"ReadAction\",\"target\":[\"https:\/\/wire-processor.eu\/cs\/oferta\/lis-pro-dvoustranne-lisovani-koncovek-s-funkci-znaceni-vodicu-a-a-umisteni-smrstovacich-trubicek-bzw-3-0-h-m\/\"]}]},{\"@type\":\"ImageObject\",\"inLanguage\":\"cs\",\"@id\":\"https:\/\/wire-processor.eu\/cs\/oferta\/lis-pro-dvoustranne-lisovani-koncovek-s-funkci-znaceni-vodicu-a-a-umisteni-smrstovacich-trubicek-bzw-3-0-h-m\/#primaryimage\",\"url\":\"https:\/\/wire-processor.eu\/wp-content\/uploads\/2018\/05\/BZW-3.0HM.jpg\",\"contentUrl\":\"https:\/\/wire-processor.eu\/wp-content\/uploads\/2018\/05\/BZW-3.0HM.jpg\",\"width\":1600,\"height\":1600,\"caption\":\"Lis pro dvoustrann\u00e9 lisov\u00e1n\u00ed koncovek s funkc\u00ed zna\u010den\u00ed vodi\u010d\u016f a a um\u00edst\u011bn\u00ed smr\u0161\u0165ovac\u00edch trubi\u010dek BZW-3.0 H M\"},{\"@type\":\"BreadcrumbList\",\"@id\":\"https:\/\/wire-processor.eu\/cs\/oferta\/lis-pro-dvoustranne-lisovani-koncovek-s-funkci-znaceni-vodicu-a-a-umisteni-smrstovacich-trubicek-bzw-3-0-h-m\/#breadcrumb\",\"itemListElement\":[{\"@type\":\"ListItem\",\"position\":1,\"name\":\"Strona g\u0142\u00f3wna\",\"item\":\"https:\/\/wire-processor.eu\/cs\/\"},{\"@type\":\"ListItem\",\"position\":2,\"name\":\"Nab\u00eddka\",\"item\":\"https:\/\/wire-processor.eu\/cs\/nabidka\/\"},{\"@type\":\"ListItem\",\"position\":3,\"name\":\"Lis pro dvoustrann\u00e9 lisov\u00e1n\u00ed koncovek s funkc\u00ed zna\u010den\u00ed vodi\u010d\u016f a a um\u00edst\u011bn\u00ed smr\u0161\u0165ovac\u00edch trubi\u010dek BZW-3.0 H M\"}]},{\"@type\":\"WebSite\",\"@id\":\"https:\/\/wire-processor.eu\/en\/#website\",\"url\":\"https:\/\/wire-processor.eu\/en\/\",\"name\":\"Wire processor\",\"description\":\"Maszyny do obr\u00f3bki przewod\u00f3w\",\"publisher\":{\"@id\":\"https:\/\/wire-processor.eu\/en\/#organization\"},\"potentialAction\":[{\"@type\":\"SearchAction\",\"target\":{\"@type\":\"EntryPoint\",\"urlTemplate\":\"https:\/\/wire-processor.eu\/en\/?s={search_term_string}\"},\"query-input\":{\"@type\":\"PropertyValueSpecification\",\"valueRequired\":true,\"valueName\":\"search_term_string\"}}],\"inLanguage\":\"cs\"},{\"@type\":\"Organization\",\"@id\":\"https:\/\/wire-processor.eu\/en\/#organization\",\"name\":\"Wire processor - maszyny do przewod\u00f3w\",\"url\":\"https:\/\/wire-processor.eu\/en\/\",\"logo\":{\"@type\":\"ImageObject\",\"inLanguage\":\"cs\",\"@id\":\"https:\/\/wire-processor.eu\/en\/#\/schema\/logo\/image\/\",\"url\":\"https:\/\/wire-processor.eu\/wp-content\/uploads\/2018\/04\/Bozwang-_logo_producent1.png\",\"contentUrl\":\"https:\/\/wire-processor.eu\/wp-content\/uploads\/2018\/04\/Bozwang-_logo_producent1.png\",\"width\":250,\"height\":33,\"caption\":\"Wire processor - maszyny do przewod\u00f3w\"},\"image\":{\"@id\":\"https:\/\/wire-processor.eu\/en\/#\/schema\/logo\/image\/\"}}]}<\/script>\n<!-- \/ Yoast SEO plugin. -->","yoast_head_json":{"title":"Lis pro dvoustrann\u00e9 lisov\u00e1n\u00ed koncovek s funkc\u00ed zna\u010den\u00ed vodi\u010d\u016f a a um\u00edst\u011bn\u00ed smr\u0161\u0165ovac\u00edch trubi\u010dek BZW-3.0 H M - Wire processor","robots":{"index":"index","follow":"follow","max-snippet":"max-snippet:-1","max-image-preview":"max-image-preview:large","max-video-preview":"max-video-preview:-1"},"canonical":"https:\/\/wire-processor.eu\/cs\/oferta\/lis-pro-dvoustranne-lisovani-koncovek-s-funkci-znaceni-vodicu-a-a-umisteni-smrstovacich-trubicek-bzw-3-0-h-m\/","og_locale":"cs_CZ","og_type":"article","og_title":"Lis pro dvoustrann\u00e9 lisov\u00e1n\u00ed koncovek s funkc\u00ed zna\u010den\u00ed vodi\u010d\u016f a a um\u00edst\u011bn\u00ed smr\u0161\u0165ovac\u00edch trubi\u010dek BZW-3.0 H M - Wire processor","og_description":"Wire range 0,3 - 6 mm\u00b2 (AWG9#-AWG23#) (Other size can be special ordered\uff09  Cutting length 60 - 10000 mm (Other size can be special ordered\uff09  Cutting precision \u00b1\uff080,2%*L+1\uff09mm  Stripping length 0,1 - 18 mm  Feeding speed Max. 8,0 m\/s  Crimping force 30 kN  Power 230V 50Hz  Air supply 0,5 MPa - 0,7 MPa\uff0c8m\u00b3\/h  Weight about 1100kg  Dimension 3500 x 1200 x 1700 mm  Detecting ability wire knotting, wire lacking, terminal lacking, crimping pressure, air pressure, bare wire and terminal crimping lacking;  Applicator range OTP applicator, European applicator and pneumatic applicator;  It can be installed with CFM, monitoring the crimping quality during the whole processing and 100% traceability.  Function - automatic wire cutting, wire single end striping and double end stripping\/half stripping\/ terminal crimping\/seal threading, single end heat shrink tubing\/jacketing inserting.","og_url":"https:\/\/wire-processor.eu\/cs\/oferta\/lis-pro-dvoustranne-lisovani-koncovek-s-funkci-znaceni-vodicu-a-a-umisteni-smrstovacich-trubicek-bzw-3-0-h-m\/","og_site_name":"Wire processor","article_modified_time":"2019-11-23T12:01:36+00:00","og_image":[{"width":1600,"height":1600,"url":"https:\/\/wire-processor.eu\/wp-content\/uploads\/2018\/05\/BZW-3.0HM.jpg","type":"image\/jpeg"}],"twitter_card":"summary_large_image","schema":{"@context":"https:\/\/schema.org","@graph":[{"@type":"WebPage","@id":"https:\/\/wire-processor.eu\/cs\/oferta\/lis-pro-dvoustranne-lisovani-koncovek-s-funkci-znaceni-vodicu-a-a-umisteni-smrstovacich-trubicek-bzw-3-0-h-m\/","url":"https:\/\/wire-processor.eu\/cs\/oferta\/lis-pro-dvoustranne-lisovani-koncovek-s-funkci-znaceni-vodicu-a-a-umisteni-smrstovacich-trubicek-bzw-3-0-h-m\/","name":"Lis pro dvoustrann\u00e9 lisov\u00e1n\u00ed koncovek s funkc\u00ed zna\u010den\u00ed vodi\u010d\u016f a a um\u00edst\u011bn\u00ed smr\u0161\u0165ovac\u00edch trubi\u010dek BZW-3.0 H M - Wire processor","isPartOf":{"@id":"https:\/\/wire-processor.eu\/en\/#website"},"primaryImageOfPage":{"@id":"https:\/\/wire-processor.eu\/cs\/oferta\/lis-pro-dvoustranne-lisovani-koncovek-s-funkci-znaceni-vodicu-a-a-umisteni-smrstovacich-trubicek-bzw-3-0-h-m\/#primaryimage"},"image":{"@id":"https:\/\/wire-processor.eu\/cs\/oferta\/lis-pro-dvoustranne-lisovani-koncovek-s-funkci-znaceni-vodicu-a-a-umisteni-smrstovacich-trubicek-bzw-3-0-h-m\/#primaryimage"},"thumbnailUrl":"https:\/\/wire-processor.eu\/wp-content\/uploads\/2018\/05\/BZW-3.0HM.jpg","datePublished":"2018-04-28T18:54:46+00:00","dateModified":"2019-11-23T12:01:36+00:00","breadcrumb":{"@id":"https:\/\/wire-processor.eu\/cs\/oferta\/lis-pro-dvoustranne-lisovani-koncovek-s-funkci-znaceni-vodicu-a-a-umisteni-smrstovacich-trubicek-bzw-3-0-h-m\/#breadcrumb"},"inLanguage":"cs","potentialAction":[{"@type":"ReadAction","target":["https:\/\/wire-processor.eu\/cs\/oferta\/lis-pro-dvoustranne-lisovani-koncovek-s-funkci-znaceni-vodicu-a-a-umisteni-smrstovacich-trubicek-bzw-3-0-h-m\/"]}]},{"@type":"ImageObject","inLanguage":"cs","@id":"https:\/\/wire-processor.eu\/cs\/oferta\/lis-pro-dvoustranne-lisovani-koncovek-s-funkci-znaceni-vodicu-a-a-umisteni-smrstovacich-trubicek-bzw-3-0-h-m\/#primaryimage","url":"https:\/\/wire-processor.eu\/wp-content\/uploads\/2018\/05\/BZW-3.0HM.jpg","contentUrl":"https:\/\/wire-processor.eu\/wp-content\/uploads\/2018\/05\/BZW-3.0HM.jpg","width":1600,"height":1600,"caption":"Lis pro dvoustrann\u00e9 lisov\u00e1n\u00ed koncovek s funkc\u00ed zna\u010den\u00ed vodi\u010d\u016f a a um\u00edst\u011bn\u00ed smr\u0161\u0165ovac\u00edch trubi\u010dek BZW-3.0 H M"},{"@type":"BreadcrumbList","@id":"https:\/\/wire-processor.eu\/cs\/oferta\/lis-pro-dvoustranne-lisovani-koncovek-s-funkci-znaceni-vodicu-a-a-umisteni-smrstovacich-trubicek-bzw-3-0-h-m\/#breadcrumb","itemListElement":[{"@type":"ListItem","position":1,"name":"Strona g\u0142\u00f3wna","item":"https:\/\/wire-processor.eu\/cs\/"},{"@type":"ListItem","position":2,"name":"Nab\u00eddka","item":"https:\/\/wire-processor.eu\/cs\/nabidka\/"},{"@type":"ListItem","position":3,"name":"Lis pro dvoustrann\u00e9 lisov\u00e1n\u00ed koncovek s funkc\u00ed zna\u010den\u00ed vodi\u010d\u016f a a um\u00edst\u011bn\u00ed smr\u0161\u0165ovac\u00edch trubi\u010dek BZW-3.0 H M"}]},{"@type":"WebSite","@id":"https:\/\/wire-processor.eu\/en\/#website","url":"https:\/\/wire-processor.eu\/en\/","name":"Wire processor","description":"Maszyny do obr\u00f3bki przewod\u00f3w","publisher":{"@id":"https:\/\/wire-processor.eu\/en\/#organization"},"potentialAction":[{"@type":"SearchAction","target":{"@type":"EntryPoint","urlTemplate":"https:\/\/wire-processor.eu\/en\/?s={search_term_string}"},"query-input":{"@type":"PropertyValueSpecification","valueRequired":true,"valueName":"search_term_string"}}],"inLanguage":"cs"},{"@type":"Organization","@id":"https:\/\/wire-processor.eu\/en\/#organization","name":"Wire processor - maszyny do przewod\u00f3w","url":"https:\/\/wire-processor.eu\/en\/","logo":{"@type":"ImageObject","inLanguage":"cs","@id":"https:\/\/wire-processor.eu\/en\/#\/schema\/logo\/image\/","url":"https:\/\/wire-processor.eu\/wp-content\/uploads\/2018\/04\/Bozwang-_logo_producent1.png","contentUrl":"https:\/\/wire-processor.eu\/wp-content\/uploads\/2018\/04\/Bozwang-_logo_producent1.png","width":250,"height":33,"caption":"Wire processor - maszyny do przewod\u00f3w"},"image":{"@id":"https:\/\/wire-processor.eu\/en\/#\/schema\/logo\/image\/"}}]}},"_links":{"self":[{"href":"https:\/\/wire-processor.eu\/cs\/wp-json\/wp\/v2\/product\/13997","targetHints":{"allow":["GET"]}}],"collection":[{"href":"https:\/\/wire-processor.eu\/cs\/wp-json\/wp\/v2\/product"}],"about":[{"href":"https:\/\/wire-processor.eu\/cs\/wp-json\/wp\/v2\/types\/product"}],"wp:featuredmedia":[{"embeddable":true,"href":"https:\/\/wire-processor.eu\/cs\/wp-json\/wp\/v2\/media\/13998"}],"wp:attachment":[{"href":"https:\/\/wire-processor.eu\/cs\/wp-json\/wp\/v2\/media?parent=13997"}],"wp:term":[{"taxonomy":"product_brand","embeddable":true,"href":"https:\/\/wire-processor.eu\/cs\/wp-json\/wp\/v2\/product_brand?post=13997"},{"taxonomy":"product_cat","embeddable":true,"href":"https:\/\/wire-processor.eu\/cs\/wp-json\/wp\/v2\/product_cat?post=13997"},{"taxonomy":"product_tag","embeddable":true,"href":"https:\/\/wire-processor.eu\/cs\/wp-json\/wp\/v2\/product_tag?post=13997"}],"curies":[{"name":"wp","href":"https:\/\/api.w.org\/{rel}","templated":true}]}}