{"id":14000,"date":"2018-04-28T20:55:58","date_gmt":"2018-04-28T18:55:58","guid":{"rendered":"https:\/\/wire-processor.eu\/oferta\/nezarazene\/lis-pro-dvoustranne-lisovani-koncovek-bzw-2-0\/"},"modified":"2018-04-28T20:55:58","modified_gmt":"2018-04-28T18:55:58","slug":"lis-pro-dvoustranne-lisovani-koncovek-bzw-2-0","status":"publish","type":"product","link":"https:\/\/wire-processor.eu\/cs\/oferta\/lis-pro-dvoustranne-lisovani-koncovek-bzw-2-0\/","title":{"rendered":"Lis pro dvoustrann\u00e9 lisov\u00e1n\u00ed koncovek BZW-2.0"},"content":{"rendered":"","protected":false},"excerpt":{"rendered":"<ul>\n<li>Wire size: 0,1 &#8211; 2,5mm\u00b2 (AWG12-36) (special size could be ordered)<\/li>\n<li>Pre-feeding device: servo motor (it is optional)<\/li>\n<li>Capacity: 4000 &#8211; 4200 pcs\/hour (the length of each piece is less than 100mm)<\/li>\n<li>Function: double ends for wire striping and crimping, single end for semi stripping, single end for crimping.<\/li>\n<li>The adjusting method for blade: microprocessor controlled system + high precision stepping motor driving.<\/li>\n<li>Cutting length: 35 &#8211; 100000 mm (special length could be order)<\/li>\n<li>Cutting precision: adjusting range 0,5mm + cutting length * 0,5% below<\/li>\n<li>Stripping length: 1-10mm (special length could be ordered)<\/li>\n<li>Equipped die: OTP horizontal die, straight die, European style die, Korean die and etc.<\/li>\n<li>Crimping machine: frequency conversion mute crimping machine<\/li>\n<li>Control: PLC, touching screen.<\/li>\n<li>Inspecting items: inspection for wire tangle, defective wire, pre-feeding, wire crimping, and air pressure.<\/li>\n<li>Power supply: AC 230V\/110V 50\/60Hz<\/li>\n<li>Compressed air: 0,5 MPa about 140 N\/min<\/li>\n<li>Outer dimension: 700 x 800 x1500 mm<\/li>\n<li>Weight: about 300kg<\/li>\n<\/ul>\n","protected":false},"featured_media":14001,"template":"","meta":[],"product_brand":[],"product_cat":[547],"product_tag":[],"class_list":{"0":"post-14000","1":"product","2":"type-product","3":"status-publish","4":"has-post-thumbnail","6":"product_cat-automaticka-zarizeni-pro-krimpovani-koncovek","8":"first","9":"instock","10":"shipping-taxable","11":"product-type-simple"},"yoast_head":"<!-- This site is optimized with the Yoast SEO plugin v26.3 - https:\/\/yoast.com\/wordpress\/plugins\/seo\/ -->\n<title>Lis pro dvoustrann\u00e9 lisov\u00e1n\u00ed koncovek BZW-2.0 - Wire processor<\/title>\n<meta name=\"robots\" content=\"index, follow, max-snippet:-1, max-image-preview:large, max-video-preview:-1\" \/>\n<link rel=\"canonical\" href=\"https:\/\/wire-processor.eu\/cs\/oferta\/lis-pro-dvoustranne-lisovani-koncovek-bzw-2-0\/\" \/>\n<meta property=\"og:locale\" content=\"cs_CZ\" \/>\n<meta property=\"og:type\" content=\"article\" \/>\n<meta property=\"og:title\" content=\"Lis pro dvoustrann\u00e9 lisov\u00e1n\u00ed koncovek BZW-2.0 - Wire processor\" \/>\n<meta property=\"og:description\" content=\"Wire size: 0,1 - 2,5mm\u00b2 (AWG12-36) (special size could be ordered)  Pre-feeding device: servo motor (it is optional)  Capacity: 4000 - 4200 pcs\/hour (the length of each piece is less than 100mm)  Function: double ends for wire striping and crimping, single end for semi stripping, single end for crimping.  The adjusting method for blade: microprocessor controlled system + high precision stepping motor driving.  Cutting length: 35 - 100000 mm (special length could be order)  Cutting precision: adjusting range 0,5mm + cutting length * 0,5% below  Stripping length: 1-10mm (special length could be ordered)  Equipped die: OTP horizontal die, straight die, European style die, Korean die and etc.  Crimping machine: frequency conversion mute crimping machine  Control: PLC, touching screen.  Inspecting items: inspection for wire tangle, defective wire, pre-feeding, wire crimping, and air pressure.  Power supply: AC 230V\/110V 50\/60Hz  Compressed air: 0,5 MPa about 140 N\/min  Outer dimension: 700 x 800 x1500 mm  Weight: about 300kg\" \/>\n<meta property=\"og:url\" content=\"https:\/\/wire-processor.eu\/cs\/oferta\/lis-pro-dvoustranne-lisovani-koncovek-bzw-2-0\/\" \/>\n<meta property=\"og:site_name\" content=\"Wire processor\" \/>\n<meta property=\"og:image\" content=\"https:\/\/wire-processor.eu\/wp-content\/uploads\/2018\/05\/BZW-2.0.jpg\" \/>\n\t<meta property=\"og:image:width\" content=\"1600\" \/>\n\t<meta property=\"og:image:height\" content=\"1600\" \/>\n\t<meta property=\"og:image:type\" content=\"image\/jpeg\" \/>\n<meta name=\"twitter:card\" content=\"summary_large_image\" \/>\n<script type=\"application\/ld+json\" class=\"yoast-schema-graph\">{\"@context\":\"https:\/\/schema.org\",\"@graph\":[{\"@type\":\"WebPage\",\"@id\":\"https:\/\/wire-processor.eu\/cs\/oferta\/lis-pro-dvoustranne-lisovani-koncovek-bzw-2-0\/\",\"url\":\"https:\/\/wire-processor.eu\/cs\/oferta\/lis-pro-dvoustranne-lisovani-koncovek-bzw-2-0\/\",\"name\":\"Lis pro dvoustrann\u00e9 lisov\u00e1n\u00ed koncovek BZW-2.0 - Wire processor\",\"isPartOf\":{\"@id\":\"https:\/\/wire-processor.eu\/en\/#website\"},\"primaryImageOfPage\":{\"@id\":\"https:\/\/wire-processor.eu\/cs\/oferta\/lis-pro-dvoustranne-lisovani-koncovek-bzw-2-0\/#primaryimage\"},\"image\":{\"@id\":\"https:\/\/wire-processor.eu\/cs\/oferta\/lis-pro-dvoustranne-lisovani-koncovek-bzw-2-0\/#primaryimage\"},\"thumbnailUrl\":\"https:\/\/wire-processor.eu\/wp-content\/uploads\/2018\/05\/BZW-2.0.jpg\",\"datePublished\":\"2018-04-28T18:55:58+00:00\",\"breadcrumb\":{\"@id\":\"https:\/\/wire-processor.eu\/cs\/oferta\/lis-pro-dvoustranne-lisovani-koncovek-bzw-2-0\/#breadcrumb\"},\"inLanguage\":\"cs\",\"potentialAction\":[{\"@type\":\"ReadAction\",\"target\":[\"https:\/\/wire-processor.eu\/cs\/oferta\/lis-pro-dvoustranne-lisovani-koncovek-bzw-2-0\/\"]}]},{\"@type\":\"ImageObject\",\"inLanguage\":\"cs\",\"@id\":\"https:\/\/wire-processor.eu\/cs\/oferta\/lis-pro-dvoustranne-lisovani-koncovek-bzw-2-0\/#primaryimage\",\"url\":\"https:\/\/wire-processor.eu\/wp-content\/uploads\/2018\/05\/BZW-2.0.jpg\",\"contentUrl\":\"https:\/\/wire-processor.eu\/wp-content\/uploads\/2018\/05\/BZW-2.0.jpg\",\"width\":1600,\"height\":1600,\"caption\":\"Lis pro dvoustrann\u00e9 lisov\u00e1n\u00ed koncovek BZW-2.0\"},{\"@type\":\"BreadcrumbList\",\"@id\":\"https:\/\/wire-processor.eu\/cs\/oferta\/lis-pro-dvoustranne-lisovani-koncovek-bzw-2-0\/#breadcrumb\",\"itemListElement\":[{\"@type\":\"ListItem\",\"position\":1,\"name\":\"Strona g\u0142\u00f3wna\",\"item\":\"https:\/\/wire-processor.eu\/cs\/\"},{\"@type\":\"ListItem\",\"position\":2,\"name\":\"Nab\u00eddka\",\"item\":\"https:\/\/wire-processor.eu\/cs\/nabidka\/\"},{\"@type\":\"ListItem\",\"position\":3,\"name\":\"Lis pro dvoustrann\u00e9 lisov\u00e1n\u00ed koncovek BZW-2.0\"}]},{\"@type\":\"WebSite\",\"@id\":\"https:\/\/wire-processor.eu\/en\/#website\",\"url\":\"https:\/\/wire-processor.eu\/en\/\",\"name\":\"Wire processor\",\"description\":\"Maszyny do obr\u00f3bki przewod\u00f3w\",\"publisher\":{\"@id\":\"https:\/\/wire-processor.eu\/en\/#organization\"},\"potentialAction\":[{\"@type\":\"SearchAction\",\"target\":{\"@type\":\"EntryPoint\",\"urlTemplate\":\"https:\/\/wire-processor.eu\/en\/?s={search_term_string}\"},\"query-input\":{\"@type\":\"PropertyValueSpecification\",\"valueRequired\":true,\"valueName\":\"search_term_string\"}}],\"inLanguage\":\"cs\"},{\"@type\":\"Organization\",\"@id\":\"https:\/\/wire-processor.eu\/en\/#organization\",\"name\":\"Wire processor - maszyny do przewod\u00f3w\",\"url\":\"https:\/\/wire-processor.eu\/en\/\",\"logo\":{\"@type\":\"ImageObject\",\"inLanguage\":\"cs\",\"@id\":\"https:\/\/wire-processor.eu\/en\/#\/schema\/logo\/image\/\",\"url\":\"https:\/\/wire-processor.eu\/wp-content\/uploads\/2018\/04\/Bozwang-_logo_producent1.png\",\"contentUrl\":\"https:\/\/wire-processor.eu\/wp-content\/uploads\/2018\/04\/Bozwang-_logo_producent1.png\",\"width\":250,\"height\":33,\"caption\":\"Wire processor - maszyny do przewod\u00f3w\"},\"image\":{\"@id\":\"https:\/\/wire-processor.eu\/en\/#\/schema\/logo\/image\/\"}}]}<\/script>\n<!-- \/ Yoast SEO plugin. -->","yoast_head_json":{"title":"Lis pro dvoustrann\u00e9 lisov\u00e1n\u00ed koncovek BZW-2.0 - Wire processor","robots":{"index":"index","follow":"follow","max-snippet":"max-snippet:-1","max-image-preview":"max-image-preview:large","max-video-preview":"max-video-preview:-1"},"canonical":"https:\/\/wire-processor.eu\/cs\/oferta\/lis-pro-dvoustranne-lisovani-koncovek-bzw-2-0\/","og_locale":"cs_CZ","og_type":"article","og_title":"Lis pro dvoustrann\u00e9 lisov\u00e1n\u00ed koncovek BZW-2.0 - Wire processor","og_description":"Wire size: 0,1 - 2,5mm\u00b2 (AWG12-36) (special size could be ordered)  Pre-feeding device: servo motor (it is optional)  Capacity: 4000 - 4200 pcs\/hour (the length of each piece is less than 100mm)  Function: double ends for wire striping and crimping, single end for semi stripping, single end for crimping.  The adjusting method for blade: microprocessor controlled system + high precision stepping motor driving.  Cutting length: 35 - 100000 mm (special length could be order)  Cutting precision: adjusting range 0,5mm + cutting length * 0,5% below  Stripping length: 1-10mm (special length could be ordered)  Equipped die: OTP horizontal die, straight die, European style die, Korean die and etc.  Crimping machine: frequency conversion mute crimping machine  Control: PLC, touching screen.  Inspecting items: inspection for wire tangle, defective wire, pre-feeding, wire crimping, and air pressure.  Power supply: AC 230V\/110V 50\/60Hz  Compressed air: 0,5 MPa about 140 N\/min  Outer dimension: 700 x 800 x1500 mm  Weight: about 300kg","og_url":"https:\/\/wire-processor.eu\/cs\/oferta\/lis-pro-dvoustranne-lisovani-koncovek-bzw-2-0\/","og_site_name":"Wire processor","og_image":[{"width":1600,"height":1600,"url":"https:\/\/wire-processor.eu\/wp-content\/uploads\/2018\/05\/BZW-2.0.jpg","type":"image\/jpeg"}],"twitter_card":"summary_large_image","schema":{"@context":"https:\/\/schema.org","@graph":[{"@type":"WebPage","@id":"https:\/\/wire-processor.eu\/cs\/oferta\/lis-pro-dvoustranne-lisovani-koncovek-bzw-2-0\/","url":"https:\/\/wire-processor.eu\/cs\/oferta\/lis-pro-dvoustranne-lisovani-koncovek-bzw-2-0\/","name":"Lis pro dvoustrann\u00e9 lisov\u00e1n\u00ed koncovek BZW-2.0 - Wire processor","isPartOf":{"@id":"https:\/\/wire-processor.eu\/en\/#website"},"primaryImageOfPage":{"@id":"https:\/\/wire-processor.eu\/cs\/oferta\/lis-pro-dvoustranne-lisovani-koncovek-bzw-2-0\/#primaryimage"},"image":{"@id":"https:\/\/wire-processor.eu\/cs\/oferta\/lis-pro-dvoustranne-lisovani-koncovek-bzw-2-0\/#primaryimage"},"thumbnailUrl":"https:\/\/wire-processor.eu\/wp-content\/uploads\/2018\/05\/BZW-2.0.jpg","datePublished":"2018-04-28T18:55:58+00:00","breadcrumb":{"@id":"https:\/\/wire-processor.eu\/cs\/oferta\/lis-pro-dvoustranne-lisovani-koncovek-bzw-2-0\/#breadcrumb"},"inLanguage":"cs","potentialAction":[{"@type":"ReadAction","target":["https:\/\/wire-processor.eu\/cs\/oferta\/lis-pro-dvoustranne-lisovani-koncovek-bzw-2-0\/"]}]},{"@type":"ImageObject","inLanguage":"cs","@id":"https:\/\/wire-processor.eu\/cs\/oferta\/lis-pro-dvoustranne-lisovani-koncovek-bzw-2-0\/#primaryimage","url":"https:\/\/wire-processor.eu\/wp-content\/uploads\/2018\/05\/BZW-2.0.jpg","contentUrl":"https:\/\/wire-processor.eu\/wp-content\/uploads\/2018\/05\/BZW-2.0.jpg","width":1600,"height":1600,"caption":"Lis pro dvoustrann\u00e9 lisov\u00e1n\u00ed koncovek BZW-2.0"},{"@type":"BreadcrumbList","@id":"https:\/\/wire-processor.eu\/cs\/oferta\/lis-pro-dvoustranne-lisovani-koncovek-bzw-2-0\/#breadcrumb","itemListElement":[{"@type":"ListItem","position":1,"name":"Strona g\u0142\u00f3wna","item":"https:\/\/wire-processor.eu\/cs\/"},{"@type":"ListItem","position":2,"name":"Nab\u00eddka","item":"https:\/\/wire-processor.eu\/cs\/nabidka\/"},{"@type":"ListItem","position":3,"name":"Lis pro dvoustrann\u00e9 lisov\u00e1n\u00ed koncovek BZW-2.0"}]},{"@type":"WebSite","@id":"https:\/\/wire-processor.eu\/en\/#website","url":"https:\/\/wire-processor.eu\/en\/","name":"Wire processor","description":"Maszyny do obr\u00f3bki przewod\u00f3w","publisher":{"@id":"https:\/\/wire-processor.eu\/en\/#organization"},"potentialAction":[{"@type":"SearchAction","target":{"@type":"EntryPoint","urlTemplate":"https:\/\/wire-processor.eu\/en\/?s={search_term_string}"},"query-input":{"@type":"PropertyValueSpecification","valueRequired":true,"valueName":"search_term_string"}}],"inLanguage":"cs"},{"@type":"Organization","@id":"https:\/\/wire-processor.eu\/en\/#organization","name":"Wire processor - maszyny do przewod\u00f3w","url":"https:\/\/wire-processor.eu\/en\/","logo":{"@type":"ImageObject","inLanguage":"cs","@id":"https:\/\/wire-processor.eu\/en\/#\/schema\/logo\/image\/","url":"https:\/\/wire-processor.eu\/wp-content\/uploads\/2018\/04\/Bozwang-_logo_producent1.png","contentUrl":"https:\/\/wire-processor.eu\/wp-content\/uploads\/2018\/04\/Bozwang-_logo_producent1.png","width":250,"height":33,"caption":"Wire processor - maszyny do przewod\u00f3w"},"image":{"@id":"https:\/\/wire-processor.eu\/en\/#\/schema\/logo\/image\/"}}]}},"_links":{"self":[{"href":"https:\/\/wire-processor.eu\/cs\/wp-json\/wp\/v2\/product\/14000","targetHints":{"allow":["GET"]}}],"collection":[{"href":"https:\/\/wire-processor.eu\/cs\/wp-json\/wp\/v2\/product"}],"about":[{"href":"https:\/\/wire-processor.eu\/cs\/wp-json\/wp\/v2\/types\/product"}],"wp:featuredmedia":[{"embeddable":true,"href":"https:\/\/wire-processor.eu\/cs\/wp-json\/wp\/v2\/media\/14001"}],"wp:attachment":[{"href":"https:\/\/wire-processor.eu\/cs\/wp-json\/wp\/v2\/media?parent=14000"}],"wp:term":[{"taxonomy":"product_brand","embeddable":true,"href":"https:\/\/wire-processor.eu\/cs\/wp-json\/wp\/v2\/product_brand?post=14000"},{"taxonomy":"product_cat","embeddable":true,"href":"https:\/\/wire-processor.eu\/cs\/wp-json\/wp\/v2\/product_cat?post=14000"},{"taxonomy":"product_tag","embeddable":true,"href":"https:\/\/wire-processor.eu\/cs\/wp-json\/wp\/v2\/product_tag?post=14000"}],"curies":[{"name":"wp","href":"https:\/\/api.w.org\/{rel}","templated":true}]}}