{"id":14003,"date":"2018-04-28T20:56:59","date_gmt":"2018-04-28T18:56:59","guid":{"rendered":"https:\/\/wire-processor.eu\/oferta\/nezarazene\/lis-pro-jednostranne-lisovani-bzw-1-0\/"},"modified":"2018-04-28T20:56:59","modified_gmt":"2018-04-28T18:56:59","slug":"lis-pro-jednostranne-lisovani-bzw-1-0","status":"publish","type":"product","link":"https:\/\/wire-processor.eu\/cs\/oferta\/lis-pro-jednostranne-lisovani-bzw-1-0\/","title":{"rendered":"Lis pro jednostrann\u00e9 lisov\u00e1n\u00ed BZW-1.0"},"content":{"rendered":"","protected":false},"excerpt":{"rendered":"<ul>\n<li>Wire range 0,3 &#8211; 2,5mm\u00b2 (AWG13-AWG23) (Other size can be special ordered\uff09<\/li>\n<li>Cutting length 35 mm~6500 mm (Other size can be special ordered\uff09<\/li>\n<li>Cutting precision \u00b1\uff080.2%*L+1\uff09mm<\/li>\n<li>Stripping length 0,1 &#8211; 10 mm (Other size can be special ordered\uff09<\/li>\n<li>Feeding speed Max.6.0 m\/s<\/li>\n<li>Capacity 5000 &#8211; 5500 pcs\/h (within length 100mm)<\/li>\n<li>Crimping force 20kN<\/li>\n<li>Voltage 230V, 50Hz<\/li>\n<li>Motor 0,75 kW<\/li>\n<li>Air supply 0,5 MPa-0,7 MPa\uff0c6m\u00b3\/h<\/li>\n<li>Weight about 200 kg<\/li>\n<li>Dimension 650 x 700 x 1500 mm<\/li>\n<li>Function &#8211; single end half stripping, single end crimping<\/li>\n<\/ul>\n","protected":false},"featured_media":16395,"template":"","meta":[],"product_brand":[],"product_cat":[547,548],"product_tag":[],"class_list":{"0":"post-14003","1":"product","2":"type-product","3":"status-publish","4":"has-post-thumbnail","6":"product_cat-automaticka-zarizeni-pro-krimpovani-koncovek","7":"product_cat-poloautomaticka-zarizeni-na-lisovani-koncovek","9":"first","10":"instock","11":"shipping-taxable","12":"product-type-simple"},"yoast_head":"<!-- This site is optimized with the Yoast SEO plugin v26.3 - https:\/\/yoast.com\/wordpress\/plugins\/seo\/ -->\n<title>Lis pro jednostrann\u00e9 lisov\u00e1n\u00ed BZW-1.0 - Wire processor<\/title>\n<meta name=\"robots\" content=\"index, follow, max-snippet:-1, max-image-preview:large, max-video-preview:-1\" \/>\n<link rel=\"canonical\" href=\"https:\/\/wire-processor.eu\/cs\/oferta\/lis-pro-jednostranne-lisovani-bzw-1-0\/\" \/>\n<meta property=\"og:locale\" content=\"cs_CZ\" \/>\n<meta property=\"og:type\" content=\"article\" \/>\n<meta property=\"og:title\" content=\"Lis pro jednostrann\u00e9 lisov\u00e1n\u00ed BZW-1.0 - Wire processor\" \/>\n<meta property=\"og:description\" content=\"Wire range 0,3 - 2,5mm\u00b2 (AWG13-AWG23) (Other size can be special ordered\uff09  Cutting length 35 mm~6500 mm (Other size can be special ordered\uff09  Cutting precision \u00b1\uff080.2%*L+1\uff09mm  Stripping length 0,1 - 10 mm (Other size can be special ordered\uff09  Feeding speed Max.6.0 m\/s  Capacity 5000 - 5500 pcs\/h (within length 100mm)  Crimping force 20kN  Voltage 230V, 50Hz  Motor 0,75 kW  Air supply 0,5 MPa-0,7 MPa\uff0c6m\u00b3\/h  Weight about 200 kg  Dimension 650 x 700 x 1500 mm  Function - single end half stripping, single end crimping\" \/>\n<meta property=\"og:url\" content=\"https:\/\/wire-processor.eu\/cs\/oferta\/lis-pro-jednostranne-lisovani-bzw-1-0\/\" \/>\n<meta property=\"og:site_name\" content=\"Wire processor\" \/>\n<meta property=\"og:image\" content=\"https:\/\/wire-processor.eu\/wp-content\/uploads\/2018\/05\/BZW-1.0-\u673a\u5668\u6362\u56fe\u539f\u6837\u672c_1.jpg\" \/>\n\t<meta property=\"og:image:width\" content=\"1600\" \/>\n\t<meta property=\"og:image:height\" content=\"1600\" \/>\n\t<meta property=\"og:image:type\" content=\"image\/jpeg\" \/>\n<meta name=\"twitter:card\" content=\"summary_large_image\" \/>\n<script type=\"application\/ld+json\" class=\"yoast-schema-graph\">{\"@context\":\"https:\/\/schema.org\",\"@graph\":[{\"@type\":\"WebPage\",\"@id\":\"https:\/\/wire-processor.eu\/cs\/oferta\/lis-pro-jednostranne-lisovani-bzw-1-0\/\",\"url\":\"https:\/\/wire-processor.eu\/cs\/oferta\/lis-pro-jednostranne-lisovani-bzw-1-0\/\",\"name\":\"Lis pro jednostrann\u00e9 lisov\u00e1n\u00ed BZW-1.0 - Wire processor\",\"isPartOf\":{\"@id\":\"https:\/\/wire-processor.eu\/en\/#website\"},\"primaryImageOfPage\":{\"@id\":\"https:\/\/wire-processor.eu\/cs\/oferta\/lis-pro-jednostranne-lisovani-bzw-1-0\/#primaryimage\"},\"image\":{\"@id\":\"https:\/\/wire-processor.eu\/cs\/oferta\/lis-pro-jednostranne-lisovani-bzw-1-0\/#primaryimage\"},\"thumbnailUrl\":\"https:\/\/wire-processor.eu\/wp-content\/uploads\/2018\/04\/1801663548085401.jpg\",\"datePublished\":\"2018-04-28T18:56:59+00:00\",\"breadcrumb\":{\"@id\":\"https:\/\/wire-processor.eu\/cs\/oferta\/lis-pro-jednostranne-lisovani-bzw-1-0\/#breadcrumb\"},\"inLanguage\":\"cs\",\"potentialAction\":[{\"@type\":\"ReadAction\",\"target\":[\"https:\/\/wire-processor.eu\/cs\/oferta\/lis-pro-jednostranne-lisovani-bzw-1-0\/\"]}]},{\"@type\":\"ImageObject\",\"inLanguage\":\"cs\",\"@id\":\"https:\/\/wire-processor.eu\/cs\/oferta\/lis-pro-jednostranne-lisovani-bzw-1-0\/#primaryimage\",\"url\":\"https:\/\/wire-processor.eu\/wp-content\/uploads\/2018\/04\/1801663548085401.jpg\",\"contentUrl\":\"https:\/\/wire-processor.eu\/wp-content\/uploads\/2018\/04\/1801663548085401.jpg\",\"width\":800,\"height\":799,\"caption\":\"Lis na jednostrann\u00e9 krimpov\u00e1n\u00ed BZW-1.0\"},{\"@type\":\"BreadcrumbList\",\"@id\":\"https:\/\/wire-processor.eu\/cs\/oferta\/lis-pro-jednostranne-lisovani-bzw-1-0\/#breadcrumb\",\"itemListElement\":[{\"@type\":\"ListItem\",\"position\":1,\"name\":\"Strona g\u0142\u00f3wna\",\"item\":\"https:\/\/wire-processor.eu\/cs\/\"},{\"@type\":\"ListItem\",\"position\":2,\"name\":\"Nab\u00eddka\",\"item\":\"https:\/\/wire-processor.eu\/cs\/nabidka\/\"},{\"@type\":\"ListItem\",\"position\":3,\"name\":\"Lis pro jednostrann\u00e9 lisov\u00e1n\u00ed BZW-1.0\"}]},{\"@type\":\"WebSite\",\"@id\":\"https:\/\/wire-processor.eu\/en\/#website\",\"url\":\"https:\/\/wire-processor.eu\/en\/\",\"name\":\"Wire processor\",\"description\":\"Maszyny do obr\u00f3bki przewod\u00f3w\",\"publisher\":{\"@id\":\"https:\/\/wire-processor.eu\/en\/#organization\"},\"potentialAction\":[{\"@type\":\"SearchAction\",\"target\":{\"@type\":\"EntryPoint\",\"urlTemplate\":\"https:\/\/wire-processor.eu\/en\/?s={search_term_string}\"},\"query-input\":{\"@type\":\"PropertyValueSpecification\",\"valueRequired\":true,\"valueName\":\"search_term_string\"}}],\"inLanguage\":\"cs\"},{\"@type\":\"Organization\",\"@id\":\"https:\/\/wire-processor.eu\/en\/#organization\",\"name\":\"Wire processor - maszyny do przewod\u00f3w\",\"url\":\"https:\/\/wire-processor.eu\/en\/\",\"logo\":{\"@type\":\"ImageObject\",\"inLanguage\":\"cs\",\"@id\":\"https:\/\/wire-processor.eu\/en\/#\/schema\/logo\/image\/\",\"url\":\"https:\/\/wire-processor.eu\/wp-content\/uploads\/2018\/04\/Bozwang-_logo_producent1.png\",\"contentUrl\":\"https:\/\/wire-processor.eu\/wp-content\/uploads\/2018\/04\/Bozwang-_logo_producent1.png\",\"width\":250,\"height\":33,\"caption\":\"Wire processor - maszyny do przewod\u00f3w\"},\"image\":{\"@id\":\"https:\/\/wire-processor.eu\/en\/#\/schema\/logo\/image\/\"}}]}<\/script>\n<!-- \/ Yoast SEO plugin. -->","yoast_head_json":{"title":"Lis pro jednostrann\u00e9 lisov\u00e1n\u00ed BZW-1.0 - Wire processor","robots":{"index":"index","follow":"follow","max-snippet":"max-snippet:-1","max-image-preview":"max-image-preview:large","max-video-preview":"max-video-preview:-1"},"canonical":"https:\/\/wire-processor.eu\/cs\/oferta\/lis-pro-jednostranne-lisovani-bzw-1-0\/","og_locale":"cs_CZ","og_type":"article","og_title":"Lis pro jednostrann\u00e9 lisov\u00e1n\u00ed BZW-1.0 - Wire processor","og_description":"Wire range 0,3 - 2,5mm\u00b2 (AWG13-AWG23) (Other size can be special ordered\uff09  Cutting length 35 mm~6500 mm (Other size can be special ordered\uff09  Cutting precision \u00b1\uff080.2%*L+1\uff09mm  Stripping length 0,1 - 10 mm (Other size can be special ordered\uff09  Feeding speed Max.6.0 m\/s  Capacity 5000 - 5500 pcs\/h (within length 100mm)  Crimping force 20kN  Voltage 230V, 50Hz  Motor 0,75 kW  Air supply 0,5 MPa-0,7 MPa\uff0c6m\u00b3\/h  Weight about 200 kg  Dimension 650 x 700 x 1500 mm  Function - single end half stripping, single end crimping","og_url":"https:\/\/wire-processor.eu\/cs\/oferta\/lis-pro-jednostranne-lisovani-bzw-1-0\/","og_site_name":"Wire processor","og_image":[{"width":1600,"height":1600,"url":"https:\/\/wire-processor.eu\/wp-content\/uploads\/2018\/05\/BZW-1.0-\u673a\u5668\u6362\u56fe\u539f\u6837\u672c_1.jpg","type":"image\/jpeg"}],"twitter_card":"summary_large_image","schema":{"@context":"https:\/\/schema.org","@graph":[{"@type":"WebPage","@id":"https:\/\/wire-processor.eu\/cs\/oferta\/lis-pro-jednostranne-lisovani-bzw-1-0\/","url":"https:\/\/wire-processor.eu\/cs\/oferta\/lis-pro-jednostranne-lisovani-bzw-1-0\/","name":"Lis pro jednostrann\u00e9 lisov\u00e1n\u00ed BZW-1.0 - Wire processor","isPartOf":{"@id":"https:\/\/wire-processor.eu\/en\/#website"},"primaryImageOfPage":{"@id":"https:\/\/wire-processor.eu\/cs\/oferta\/lis-pro-jednostranne-lisovani-bzw-1-0\/#primaryimage"},"image":{"@id":"https:\/\/wire-processor.eu\/cs\/oferta\/lis-pro-jednostranne-lisovani-bzw-1-0\/#primaryimage"},"thumbnailUrl":"https:\/\/wire-processor.eu\/wp-content\/uploads\/2018\/04\/1801663548085401.jpg","datePublished":"2018-04-28T18:56:59+00:00","breadcrumb":{"@id":"https:\/\/wire-processor.eu\/cs\/oferta\/lis-pro-jednostranne-lisovani-bzw-1-0\/#breadcrumb"},"inLanguage":"cs","potentialAction":[{"@type":"ReadAction","target":["https:\/\/wire-processor.eu\/cs\/oferta\/lis-pro-jednostranne-lisovani-bzw-1-0\/"]}]},{"@type":"ImageObject","inLanguage":"cs","@id":"https:\/\/wire-processor.eu\/cs\/oferta\/lis-pro-jednostranne-lisovani-bzw-1-0\/#primaryimage","url":"https:\/\/wire-processor.eu\/wp-content\/uploads\/2018\/04\/1801663548085401.jpg","contentUrl":"https:\/\/wire-processor.eu\/wp-content\/uploads\/2018\/04\/1801663548085401.jpg","width":800,"height":799,"caption":"Lis na jednostrann\u00e9 krimpov\u00e1n\u00ed BZW-1.0"},{"@type":"BreadcrumbList","@id":"https:\/\/wire-processor.eu\/cs\/oferta\/lis-pro-jednostranne-lisovani-bzw-1-0\/#breadcrumb","itemListElement":[{"@type":"ListItem","position":1,"name":"Strona g\u0142\u00f3wna","item":"https:\/\/wire-processor.eu\/cs\/"},{"@type":"ListItem","position":2,"name":"Nab\u00eddka","item":"https:\/\/wire-processor.eu\/cs\/nabidka\/"},{"@type":"ListItem","position":3,"name":"Lis pro jednostrann\u00e9 lisov\u00e1n\u00ed BZW-1.0"}]},{"@type":"WebSite","@id":"https:\/\/wire-processor.eu\/en\/#website","url":"https:\/\/wire-processor.eu\/en\/","name":"Wire processor","description":"Maszyny do obr\u00f3bki przewod\u00f3w","publisher":{"@id":"https:\/\/wire-processor.eu\/en\/#organization"},"potentialAction":[{"@type":"SearchAction","target":{"@type":"EntryPoint","urlTemplate":"https:\/\/wire-processor.eu\/en\/?s={search_term_string}"},"query-input":{"@type":"PropertyValueSpecification","valueRequired":true,"valueName":"search_term_string"}}],"inLanguage":"cs"},{"@type":"Organization","@id":"https:\/\/wire-processor.eu\/en\/#organization","name":"Wire processor - maszyny do przewod\u00f3w","url":"https:\/\/wire-processor.eu\/en\/","logo":{"@type":"ImageObject","inLanguage":"cs","@id":"https:\/\/wire-processor.eu\/en\/#\/schema\/logo\/image\/","url":"https:\/\/wire-processor.eu\/wp-content\/uploads\/2018\/04\/Bozwang-_logo_producent1.png","contentUrl":"https:\/\/wire-processor.eu\/wp-content\/uploads\/2018\/04\/Bozwang-_logo_producent1.png","width":250,"height":33,"caption":"Wire processor - maszyny do przewod\u00f3w"},"image":{"@id":"https:\/\/wire-processor.eu\/en\/#\/schema\/logo\/image\/"}}]}},"_links":{"self":[{"href":"https:\/\/wire-processor.eu\/cs\/wp-json\/wp\/v2\/product\/14003","targetHints":{"allow":["GET"]}}],"collection":[{"href":"https:\/\/wire-processor.eu\/cs\/wp-json\/wp\/v2\/product"}],"about":[{"href":"https:\/\/wire-processor.eu\/cs\/wp-json\/wp\/v2\/types\/product"}],"wp:featuredmedia":[{"embeddable":true,"href":"https:\/\/wire-processor.eu\/cs\/wp-json\/wp\/v2\/media\/16395"}],"wp:attachment":[{"href":"https:\/\/wire-processor.eu\/cs\/wp-json\/wp\/v2\/media?parent=14003"}],"wp:term":[{"taxonomy":"product_brand","embeddable":true,"href":"https:\/\/wire-processor.eu\/cs\/wp-json\/wp\/v2\/product_brand?post=14003"},{"taxonomy":"product_cat","embeddable":true,"href":"https:\/\/wire-processor.eu\/cs\/wp-json\/wp\/v2\/product_cat?post=14003"},{"taxonomy":"product_tag","embeddable":true,"href":"https:\/\/wire-processor.eu\/cs\/wp-json\/wp\/v2\/product_tag?post=14003"}],"curies":[{"name":"wp","href":"https:\/\/api.w.org\/{rel}","templated":true}]}}