{"id":14026,"date":"2018-04-28T21:23:24","date_gmt":"2018-04-28T19:23:24","guid":{"rendered":"https:\/\/wire-processor.eu\/oferta\/nezarazene\/automat-pro-rezani-odizolovani-kabelu-s-oslona-do-50mm2-bzw-882dh-k-50\/"},"modified":"2019-11-23T13:18:40","modified_gmt":"2019-11-23T12:18:40","slug":"automat-pro-rezani-odizolovani-vodicu-s-dvojitou-izolaci-do-35mm2-bzw-882dh50-wx","status":"publish","type":"product","link":"https:\/\/wire-processor.eu\/cs\/oferta\/automat-pro-rezani-odizolovani-vodicu-s-dvojitou-izolaci-do-35mm2-bzw-882dh50-wx\/","title":{"rendered":"Automat pro \u0159ez\u00e1n\u00ed, odizolov\u00e1n\u00ed vodi\u010d\u016f s dvojitou izolac\u00ed do 35mm2 BZW-882DH50-WX"},"content":{"rendered":"","protected":false},"excerpt":{"rendered":"<ul>\n<li>Applied wire type Multi-core round and flat sheathed cable<\/li>\n<li>Diameter \u00d8 2-14\uff08other size can be special ordered\uff09<\/li>\n<li>Inner core 1-5 piece<\/li>\n<li>Cutting length 0,1-100000mm<\/li>\n<li>Cutting precision \u00b1\uff080.2+0.002*L\uff09mm<\/li>\n<li>Drive Belt conveyor, 8 wheels independently servo driven<\/li>\n<li>Outer stripping length wire head 0,1 &#8211; 200 mm, wire end 0,1 &#8211; 100 mm<\/li>\n<li>Inner stripping length wire head 0,1 &#8211; 30 mm, wire end 0,1 &#8211; 30 mm<\/li>\n<li>Power AC220V\/110V, 50\/60 Hz<\/li>\n<li>Motor 0,75 kW<\/li>\n<li>Air pressure 0,4-0,6 MPa<\/li>\n<li>Weight 247 kg<\/li>\n<li>Dimension 945 x 615 x 1270 mm<\/li>\n<li>Display mode Touch screen<\/li>\n<li>Display interface 10 Inch Touch screen\uff0cwith English system<\/li>\n<\/ul>\n","protected":false},"featured_media":16439,"template":"","meta":[],"product_brand":[],"product_cat":[560],"product_tag":[],"class_list":{"0":"post-14026","1":"product","2":"type-product","3":"status-publish","4":"has-post-thumbnail","6":"product_cat-automaty-na-zpracovani-vodicu","8":"first","9":"instock","10":"shipping-taxable","11":"product-type-simple"},"yoast_head":"<!-- This site is optimized with the Yoast SEO plugin v26.3 - https:\/\/yoast.com\/wordpress\/plugins\/seo\/ -->\n<title>Automat pro \u0159ez\u00e1n\u00ed, odizolov\u00e1n\u00ed vodi\u010d\u016f s dvojitou izolac\u00ed do 35mm2 BZW-882DH50-WX - Wire processor<\/title>\n<meta name=\"robots\" content=\"index, follow, max-snippet:-1, max-image-preview:large, max-video-preview:-1\" \/>\n<link rel=\"canonical\" href=\"https:\/\/wire-processor.eu\/cs\/oferta\/automat-pro-rezani-odizolovani-vodicu-s-dvojitou-izolaci-do-35mm2-bzw-882dh50-wx\/\" \/>\n<meta property=\"og:locale\" content=\"cs_CZ\" \/>\n<meta property=\"og:type\" content=\"article\" \/>\n<meta property=\"og:title\" content=\"Automat pro \u0159ez\u00e1n\u00ed, odizolov\u00e1n\u00ed vodi\u010d\u016f s dvojitou izolac\u00ed do 35mm2 BZW-882DH50-WX - Wire processor\" \/>\n<meta property=\"og:description\" content=\"Applied wire type Multi-core round and flat sheathed cable  Diameter \u00d8 2-14\uff08other size can be special ordered\uff09  Inner core 1-5 piece  Cutting length 0,1-100000mm  Cutting precision \u00b1\uff080.2+0.002*L\uff09mm  Drive Belt conveyor, 8 wheels independently servo driven  Outer stripping length wire head 0,1 - 200 mm, wire end 0,1 - 100 mm  Inner stripping length wire head 0,1 - 30 mm, wire end 0,1 - 30 mm  Power AC220V\/110V, 50\/60 Hz  Motor 0,75 kW  Air pressure 0,4-0,6 MPa  Weight 247 kg  Dimension 945 x 615 x 1270 mm  Display mode Touch screen  Display interface 10 Inch Touch screen\uff0cwith English system\" \/>\n<meta property=\"og:url\" content=\"https:\/\/wire-processor.eu\/cs\/oferta\/automat-pro-rezani-odizolovani-vodicu-s-dvojitou-izolaci-do-35mm2-bzw-882dh50-wx\/\" \/>\n<meta property=\"og:site_name\" content=\"Wire processor\" \/>\n<meta property=\"article:modified_time\" content=\"2019-11-23T12:18:40+00:00\" \/>\n<meta property=\"og:image\" content=\"https:\/\/wire-processor.eu\/wp-content\/uploads\/2018\/04\/IMG_2928.jpg\" \/>\n\t<meta property=\"og:image:width\" content=\"800\" \/>\n\t<meta property=\"og:image:height\" content=\"800\" \/>\n\t<meta property=\"og:image:type\" content=\"image\/jpeg\" \/>\n<meta name=\"twitter:card\" content=\"summary_large_image\" \/>\n<script type=\"application\/ld+json\" class=\"yoast-schema-graph\">{\"@context\":\"https:\/\/schema.org\",\"@graph\":[{\"@type\":\"WebPage\",\"@id\":\"https:\/\/wire-processor.eu\/cs\/oferta\/automat-pro-rezani-odizolovani-vodicu-s-dvojitou-izolaci-do-35mm2-bzw-882dh50-wx\/\",\"url\":\"https:\/\/wire-processor.eu\/cs\/oferta\/automat-pro-rezani-odizolovani-vodicu-s-dvojitou-izolaci-do-35mm2-bzw-882dh50-wx\/\",\"name\":\"Automat pro \u0159ez\u00e1n\u00ed, odizolov\u00e1n\u00ed vodi\u010d\u016f s dvojitou izolac\u00ed do 35mm2 BZW-882DH50-WX - Wire processor\",\"isPartOf\":{\"@id\":\"https:\/\/wire-processor.eu\/en\/#website\"},\"primaryImageOfPage\":{\"@id\":\"https:\/\/wire-processor.eu\/cs\/oferta\/automat-pro-rezani-odizolovani-vodicu-s-dvojitou-izolaci-do-35mm2-bzw-882dh50-wx\/#primaryimage\"},\"image\":{\"@id\":\"https:\/\/wire-processor.eu\/cs\/oferta\/automat-pro-rezani-odizolovani-vodicu-s-dvojitou-izolaci-do-35mm2-bzw-882dh50-wx\/#primaryimage\"},\"thumbnailUrl\":\"https:\/\/wire-processor.eu\/wp-content\/uploads\/2018\/04\/IMG_4795-bzw.jpg\",\"datePublished\":\"2018-04-28T19:23:24+00:00\",\"dateModified\":\"2019-11-23T12:18:40+00:00\",\"breadcrumb\":{\"@id\":\"https:\/\/wire-processor.eu\/cs\/oferta\/automat-pro-rezani-odizolovani-vodicu-s-dvojitou-izolaci-do-35mm2-bzw-882dh50-wx\/#breadcrumb\"},\"inLanguage\":\"cs\",\"potentialAction\":[{\"@type\":\"ReadAction\",\"target\":[\"https:\/\/wire-processor.eu\/cs\/oferta\/automat-pro-rezani-odizolovani-vodicu-s-dvojitou-izolaci-do-35mm2-bzw-882dh50-wx\/\"]}]},{\"@type\":\"ImageObject\",\"inLanguage\":\"cs\",\"@id\":\"https:\/\/wire-processor.eu\/cs\/oferta\/automat-pro-rezani-odizolovani-vodicu-s-dvojitou-izolaci-do-35mm2-bzw-882dh50-wx\/#primaryimage\",\"url\":\"https:\/\/wire-processor.eu\/wp-content\/uploads\/2018\/04\/IMG_4795-bzw.jpg\",\"contentUrl\":\"https:\/\/wire-processor.eu\/wp-content\/uploads\/2018\/04\/IMG_4795-bzw.jpg\",\"width\":800,\"height\":800,\"caption\":\"Stroj na \u0159ez\u00e1n\u00ed a odizolov\u00e1n\u00ed dvojit\u011b izolovan\u00fdch dr\u00e1t\u016f do 35mm2 BZW-882DH50-WX\"},{\"@type\":\"BreadcrumbList\",\"@id\":\"https:\/\/wire-processor.eu\/cs\/oferta\/automat-pro-rezani-odizolovani-vodicu-s-dvojitou-izolaci-do-35mm2-bzw-882dh50-wx\/#breadcrumb\",\"itemListElement\":[{\"@type\":\"ListItem\",\"position\":1,\"name\":\"Strona g\u0142\u00f3wna\",\"item\":\"https:\/\/wire-processor.eu\/cs\/\"},{\"@type\":\"ListItem\",\"position\":2,\"name\":\"Nab\u00eddka\",\"item\":\"https:\/\/wire-processor.eu\/cs\/nabidka\/\"},{\"@type\":\"ListItem\",\"position\":3,\"name\":\"Automat pro \u0159ez\u00e1n\u00ed, odizolov\u00e1n\u00ed vodi\u010d\u016f s dvojitou izolac\u00ed do 35mm2 BZW-882DH50-WX\"}]},{\"@type\":\"WebSite\",\"@id\":\"https:\/\/wire-processor.eu\/en\/#website\",\"url\":\"https:\/\/wire-processor.eu\/en\/\",\"name\":\"Wire processor\",\"description\":\"Maszyny do obr\u00f3bki przewod\u00f3w\",\"publisher\":{\"@id\":\"https:\/\/wire-processor.eu\/en\/#organization\"},\"potentialAction\":[{\"@type\":\"SearchAction\",\"target\":{\"@type\":\"EntryPoint\",\"urlTemplate\":\"https:\/\/wire-processor.eu\/en\/?s={search_term_string}\"},\"query-input\":{\"@type\":\"PropertyValueSpecification\",\"valueRequired\":true,\"valueName\":\"search_term_string\"}}],\"inLanguage\":\"cs\"},{\"@type\":\"Organization\",\"@id\":\"https:\/\/wire-processor.eu\/en\/#organization\",\"name\":\"Wire processor - maszyny do przewod\u00f3w\",\"url\":\"https:\/\/wire-processor.eu\/en\/\",\"logo\":{\"@type\":\"ImageObject\",\"inLanguage\":\"cs\",\"@id\":\"https:\/\/wire-processor.eu\/en\/#\/schema\/logo\/image\/\",\"url\":\"https:\/\/wire-processor.eu\/wp-content\/uploads\/2018\/04\/Bozwang-_logo_producent1.png\",\"contentUrl\":\"https:\/\/wire-processor.eu\/wp-content\/uploads\/2018\/04\/Bozwang-_logo_producent1.png\",\"width\":250,\"height\":33,\"caption\":\"Wire processor - maszyny do przewod\u00f3w\"},\"image\":{\"@id\":\"https:\/\/wire-processor.eu\/en\/#\/schema\/logo\/image\/\"}}]}<\/script>\n<!-- \/ Yoast SEO plugin. -->","yoast_head_json":{"title":"Automat pro \u0159ez\u00e1n\u00ed, odizolov\u00e1n\u00ed vodi\u010d\u016f s dvojitou izolac\u00ed do 35mm2 BZW-882DH50-WX - Wire processor","robots":{"index":"index","follow":"follow","max-snippet":"max-snippet:-1","max-image-preview":"max-image-preview:large","max-video-preview":"max-video-preview:-1"},"canonical":"https:\/\/wire-processor.eu\/cs\/oferta\/automat-pro-rezani-odizolovani-vodicu-s-dvojitou-izolaci-do-35mm2-bzw-882dh50-wx\/","og_locale":"cs_CZ","og_type":"article","og_title":"Automat pro \u0159ez\u00e1n\u00ed, odizolov\u00e1n\u00ed vodi\u010d\u016f s dvojitou izolac\u00ed do 35mm2 BZW-882DH50-WX - Wire processor","og_description":"Applied wire type Multi-core round and flat sheathed cable  Diameter \u00d8 2-14\uff08other size can be special ordered\uff09  Inner core 1-5 piece  Cutting length 0,1-100000mm  Cutting precision \u00b1\uff080.2+0.002*L\uff09mm  Drive Belt conveyor, 8 wheels independently servo driven  Outer stripping length wire head 0,1 - 200 mm, wire end 0,1 - 100 mm  Inner stripping length wire head 0,1 - 30 mm, wire end 0,1 - 30 mm  Power AC220V\/110V, 50\/60 Hz  Motor 0,75 kW  Air pressure 0,4-0,6 MPa  Weight 247 kg  Dimension 945 x 615 x 1270 mm  Display mode Touch screen  Display interface 10 Inch Touch screen\uff0cwith English system","og_url":"https:\/\/wire-processor.eu\/cs\/oferta\/automat-pro-rezani-odizolovani-vodicu-s-dvojitou-izolaci-do-35mm2-bzw-882dh50-wx\/","og_site_name":"Wire processor","article_modified_time":"2019-11-23T12:18:40+00:00","og_image":[{"width":800,"height":800,"url":"https:\/\/wire-processor.eu\/wp-content\/uploads\/2018\/04\/IMG_2928.jpg","type":"image\/jpeg"}],"twitter_card":"summary_large_image","schema":{"@context":"https:\/\/schema.org","@graph":[{"@type":"WebPage","@id":"https:\/\/wire-processor.eu\/cs\/oferta\/automat-pro-rezani-odizolovani-vodicu-s-dvojitou-izolaci-do-35mm2-bzw-882dh50-wx\/","url":"https:\/\/wire-processor.eu\/cs\/oferta\/automat-pro-rezani-odizolovani-vodicu-s-dvojitou-izolaci-do-35mm2-bzw-882dh50-wx\/","name":"Automat pro \u0159ez\u00e1n\u00ed, odizolov\u00e1n\u00ed vodi\u010d\u016f s dvojitou izolac\u00ed do 35mm2 BZW-882DH50-WX - Wire processor","isPartOf":{"@id":"https:\/\/wire-processor.eu\/en\/#website"},"primaryImageOfPage":{"@id":"https:\/\/wire-processor.eu\/cs\/oferta\/automat-pro-rezani-odizolovani-vodicu-s-dvojitou-izolaci-do-35mm2-bzw-882dh50-wx\/#primaryimage"},"image":{"@id":"https:\/\/wire-processor.eu\/cs\/oferta\/automat-pro-rezani-odizolovani-vodicu-s-dvojitou-izolaci-do-35mm2-bzw-882dh50-wx\/#primaryimage"},"thumbnailUrl":"https:\/\/wire-processor.eu\/wp-content\/uploads\/2018\/04\/IMG_4795-bzw.jpg","datePublished":"2018-04-28T19:23:24+00:00","dateModified":"2019-11-23T12:18:40+00:00","breadcrumb":{"@id":"https:\/\/wire-processor.eu\/cs\/oferta\/automat-pro-rezani-odizolovani-vodicu-s-dvojitou-izolaci-do-35mm2-bzw-882dh50-wx\/#breadcrumb"},"inLanguage":"cs","potentialAction":[{"@type":"ReadAction","target":["https:\/\/wire-processor.eu\/cs\/oferta\/automat-pro-rezani-odizolovani-vodicu-s-dvojitou-izolaci-do-35mm2-bzw-882dh50-wx\/"]}]},{"@type":"ImageObject","inLanguage":"cs","@id":"https:\/\/wire-processor.eu\/cs\/oferta\/automat-pro-rezani-odizolovani-vodicu-s-dvojitou-izolaci-do-35mm2-bzw-882dh50-wx\/#primaryimage","url":"https:\/\/wire-processor.eu\/wp-content\/uploads\/2018\/04\/IMG_4795-bzw.jpg","contentUrl":"https:\/\/wire-processor.eu\/wp-content\/uploads\/2018\/04\/IMG_4795-bzw.jpg","width":800,"height":800,"caption":"Stroj na \u0159ez\u00e1n\u00ed a odizolov\u00e1n\u00ed dvojit\u011b izolovan\u00fdch dr\u00e1t\u016f do 35mm2 BZW-882DH50-WX"},{"@type":"BreadcrumbList","@id":"https:\/\/wire-processor.eu\/cs\/oferta\/automat-pro-rezani-odizolovani-vodicu-s-dvojitou-izolaci-do-35mm2-bzw-882dh50-wx\/#breadcrumb","itemListElement":[{"@type":"ListItem","position":1,"name":"Strona g\u0142\u00f3wna","item":"https:\/\/wire-processor.eu\/cs\/"},{"@type":"ListItem","position":2,"name":"Nab\u00eddka","item":"https:\/\/wire-processor.eu\/cs\/nabidka\/"},{"@type":"ListItem","position":3,"name":"Automat pro \u0159ez\u00e1n\u00ed, odizolov\u00e1n\u00ed vodi\u010d\u016f s dvojitou izolac\u00ed do 35mm2 BZW-882DH50-WX"}]},{"@type":"WebSite","@id":"https:\/\/wire-processor.eu\/en\/#website","url":"https:\/\/wire-processor.eu\/en\/","name":"Wire processor","description":"Maszyny do obr\u00f3bki przewod\u00f3w","publisher":{"@id":"https:\/\/wire-processor.eu\/en\/#organization"},"potentialAction":[{"@type":"SearchAction","target":{"@type":"EntryPoint","urlTemplate":"https:\/\/wire-processor.eu\/en\/?s={search_term_string}"},"query-input":{"@type":"PropertyValueSpecification","valueRequired":true,"valueName":"search_term_string"}}],"inLanguage":"cs"},{"@type":"Organization","@id":"https:\/\/wire-processor.eu\/en\/#organization","name":"Wire processor - maszyny do przewod\u00f3w","url":"https:\/\/wire-processor.eu\/en\/","logo":{"@type":"ImageObject","inLanguage":"cs","@id":"https:\/\/wire-processor.eu\/en\/#\/schema\/logo\/image\/","url":"https:\/\/wire-processor.eu\/wp-content\/uploads\/2018\/04\/Bozwang-_logo_producent1.png","contentUrl":"https:\/\/wire-processor.eu\/wp-content\/uploads\/2018\/04\/Bozwang-_logo_producent1.png","width":250,"height":33,"caption":"Wire processor - maszyny do przewod\u00f3w"},"image":{"@id":"https:\/\/wire-processor.eu\/en\/#\/schema\/logo\/image\/"}}]}},"_links":{"self":[{"href":"https:\/\/wire-processor.eu\/cs\/wp-json\/wp\/v2\/product\/14026","targetHints":{"allow":["GET"]}}],"collection":[{"href":"https:\/\/wire-processor.eu\/cs\/wp-json\/wp\/v2\/product"}],"about":[{"href":"https:\/\/wire-processor.eu\/cs\/wp-json\/wp\/v2\/types\/product"}],"wp:featuredmedia":[{"embeddable":true,"href":"https:\/\/wire-processor.eu\/cs\/wp-json\/wp\/v2\/media\/16439"}],"wp:attachment":[{"href":"https:\/\/wire-processor.eu\/cs\/wp-json\/wp\/v2\/media?parent=14026"}],"wp:term":[{"taxonomy":"product_brand","embeddable":true,"href":"https:\/\/wire-processor.eu\/cs\/wp-json\/wp\/v2\/product_brand?post=14026"},{"taxonomy":"product_cat","embeddable":true,"href":"https:\/\/wire-processor.eu\/cs\/wp-json\/wp\/v2\/product_cat?post=14026"},{"taxonomy":"product_tag","embeddable":true,"href":"https:\/\/wire-processor.eu\/cs\/wp-json\/wp\/v2\/product_tag?post=14026"}],"curies":[{"name":"wp","href":"https:\/\/api.w.org\/{rel}","templated":true}]}}