{"id":14028,"date":"2018-04-28T21:13:22","date_gmt":"2018-04-28T19:13:22","guid":{"rendered":"https:\/\/wire-processor.eu\/oferta\/nezarazene\/automat-pro-rezani-odizolovani-kabelu-s-oslona-do-50mm2-bzw-882dh-k-50-2\/"},"modified":"2018-04-28T21:13:22","modified_gmt":"2018-04-28T19:13:22","slug":"automat-pro-rezani-odizolovani-kabelu-s-oslona-do-50mm2-bzw-882dh-k-50-2","status":"publish","type":"product","link":"https:\/\/wire-processor.eu\/cs\/oferta\/automat-pro-rezani-odizolovani-kabelu-s-oslona-do-50mm2-bzw-882dh-k-50-2\/","title":{"rendered":"Automat pro \u0159ez\u00e1n\u00ed, odizolov\u00e1n\u00ed kabel\u016f s os\u0142on\u0105 do 50mm2 BZW-882DH\/K-50"},"content":{"rendered":"","protected":false},"excerpt":{"rendered":"<ul>\n<li>Stripping range 4 &#8211; 50 mm\u00b2<\/li>\n<li>Cutting length 0,1 &#8211; 99999,99 mm<\/li>\n<li>Cutting precision 0,2%mm<\/li>\n<li>Stripping length wire head 1 &#8211; 200 mm, wire end 1 &#8211; 100 mm<\/li>\n<li>Capacity 1000 &#8211; 15000 pcs\/h (it depends on the length of the wire)<\/li>\n<li>Power 220V, 50Hz<\/li>\n<li>Motor 0,3 kW<\/li>\n<li>Stored programs 0 &#8211; 99 kinds of processing data<\/li>\n<li>Tool materials Imported high speed steel<\/li>\n<li>Tube diameter \u00f8 6 &#8211; 18 mm<\/li>\n<li>Max. stripping diameter 16 mm<\/li>\n<li>Air supply 0,2-0,6 MPa<\/li>\n<li>Stripping layer 3 layer<\/li>\n<li>Weight 105 kg<\/li>\n<li>Dimension 800 x 650 x 45 0mm<\/li>\n<\/ul>\n","protected":false},"featured_media":14029,"template":"","meta":[],"product_brand":[],"product_cat":[560],"product_tag":[],"class_list":{"0":"post-14028","1":"product","2":"type-product","3":"status-publish","4":"has-post-thumbnail","6":"product_cat-automaty-na-zpracovani-vodicu","8":"first","9":"instock","10":"shipping-taxable","11":"product-type-simple"},"yoast_head":"<!-- This site is optimized with the Yoast SEO plugin v26.3 - https:\/\/yoast.com\/wordpress\/plugins\/seo\/ -->\n<title>Automat pro \u0159ez\u00e1n\u00ed, odizolov\u00e1n\u00ed kabel\u016f s os\u0142on\u0105 do 50mm2 BZW-882DH\/K-50<\/title>\n<meta name=\"robots\" content=\"index, follow, max-snippet:-1, max-image-preview:large, max-video-preview:-1\" \/>\n<link rel=\"canonical\" href=\"https:\/\/wire-processor.eu\/cs\/oferta\/automat-pro-rezani-odizolovani-kabelu-s-oslona-do-50mm2-bzw-882dh-k-50-2\/\" \/>\n<meta property=\"og:locale\" content=\"cs_CZ\" \/>\n<meta property=\"og:type\" content=\"article\" \/>\n<meta property=\"og:title\" content=\"Automat pro \u0159ez\u00e1n\u00ed, odizolov\u00e1n\u00ed kabel\u016f s os\u0142on\u0105 do 50mm2 BZW-882DH\/K-50\" \/>\n<meta property=\"og:description\" content=\"Stripping range 4 - 50 mm\u00b2  Cutting length 0,1 - 99999,99 mm  Cutting precision 0,2%mm  Stripping length wire head 1 - 200 mm, wire end 1 - 100 mm  Capacity 1000 - 15000 pcs\/h (it depends on the length of the wire)  Power 220V, 50Hz  Motor 0,3 kW  Stored programs 0 - 99 kinds of processing data  Tool materials Imported high speed steel  Tube diameter \u00f8 6 - 18 mm  Max. stripping diameter 16 mm  Air supply 0,2-0,6 MPa  Stripping layer 3 layer  Weight 105 kg  Dimension 800 x 650 x 45 0mm\" \/>\n<meta property=\"og:url\" content=\"https:\/\/wire-processor.eu\/cs\/oferta\/automat-pro-rezani-odizolovani-kabelu-s-oslona-do-50mm2-bzw-882dh-k-50-2\/\" \/>\n<meta property=\"og:site_name\" content=\"Wire processor\" \/>\n<meta property=\"og:image\" content=\"https:\/\/wire-processor.eu\/wp-content\/uploads\/2018\/05\/BZW-882DK-50-2.jpg\" \/>\n\t<meta property=\"og:image:width\" content=\"1600\" \/>\n\t<meta property=\"og:image:height\" content=\"1600\" \/>\n\t<meta property=\"og:image:type\" content=\"image\/jpeg\" \/>\n<meta name=\"twitter:card\" content=\"summary_large_image\" \/>\n<script type=\"application\/ld+json\" class=\"yoast-schema-graph\">{\"@context\":\"https:\/\/schema.org\",\"@graph\":[{\"@type\":\"WebPage\",\"@id\":\"https:\/\/wire-processor.eu\/cs\/oferta\/automat-pro-rezani-odizolovani-kabelu-s-oslona-do-50mm2-bzw-882dh-k-50-2\/\",\"url\":\"https:\/\/wire-processor.eu\/cs\/oferta\/automat-pro-rezani-odizolovani-kabelu-s-oslona-do-50mm2-bzw-882dh-k-50-2\/\",\"name\":\"Automat pro \u0159ez\u00e1n\u00ed, odizolov\u00e1n\u00ed kabel\u016f s os\u0142on\u0105 do 50mm2 BZW-882DH\/K-50\",\"isPartOf\":{\"@id\":\"https:\/\/wire-processor.eu\/en\/#website\"},\"primaryImageOfPage\":{\"@id\":\"https:\/\/wire-processor.eu\/cs\/oferta\/automat-pro-rezani-odizolovani-kabelu-s-oslona-do-50mm2-bzw-882dh-k-50-2\/#primaryimage\"},\"image\":{\"@id\":\"https:\/\/wire-processor.eu\/cs\/oferta\/automat-pro-rezani-odizolovani-kabelu-s-oslona-do-50mm2-bzw-882dh-k-50-2\/#primaryimage\"},\"thumbnailUrl\":\"https:\/\/wire-processor.eu\/wp-content\/uploads\/2018\/05\/BZW-882DK-50-2.jpg\",\"datePublished\":\"2018-04-28T19:13:22+00:00\",\"breadcrumb\":{\"@id\":\"https:\/\/wire-processor.eu\/cs\/oferta\/automat-pro-rezani-odizolovani-kabelu-s-oslona-do-50mm2-bzw-882dh-k-50-2\/#breadcrumb\"},\"inLanguage\":\"cs\",\"potentialAction\":[{\"@type\":\"ReadAction\",\"target\":[\"https:\/\/wire-processor.eu\/cs\/oferta\/automat-pro-rezani-odizolovani-kabelu-s-oslona-do-50mm2-bzw-882dh-k-50-2\/\"]}]},{\"@type\":\"ImageObject\",\"inLanguage\":\"cs\",\"@id\":\"https:\/\/wire-processor.eu\/cs\/oferta\/automat-pro-rezani-odizolovani-kabelu-s-oslona-do-50mm2-bzw-882dh-k-50-2\/#primaryimage\",\"url\":\"https:\/\/wire-processor.eu\/wp-content\/uploads\/2018\/05\/BZW-882DK-50-2.jpg\",\"contentUrl\":\"https:\/\/wire-processor.eu\/wp-content\/uploads\/2018\/05\/BZW-882DK-50-2.jpg\",\"width\":1600,\"height\":1600,\"caption\":\"Automat pro \u0159ez\u00e1n\u00ed, odizolov\u00e1n\u00ed kabel\u016f s os\u0142on\u0105 do 50mm2 BZW-882DH\/K-50\"},{\"@type\":\"BreadcrumbList\",\"@id\":\"https:\/\/wire-processor.eu\/cs\/oferta\/automat-pro-rezani-odizolovani-kabelu-s-oslona-do-50mm2-bzw-882dh-k-50-2\/#breadcrumb\",\"itemListElement\":[{\"@type\":\"ListItem\",\"position\":1,\"name\":\"Strona g\u0142\u00f3wna\",\"item\":\"https:\/\/wire-processor.eu\/cs\/\"},{\"@type\":\"ListItem\",\"position\":2,\"name\":\"Nab\u00eddka\",\"item\":\"https:\/\/wire-processor.eu\/cs\/nabidka\/\"},{\"@type\":\"ListItem\",\"position\":3,\"name\":\"Automat pro \u0159ez\u00e1n\u00ed, odizolov\u00e1n\u00ed kabel\u016f s os\u0142on\u0105 do 50mm2 BZW-882DH\/K-50\"}]},{\"@type\":\"WebSite\",\"@id\":\"https:\/\/wire-processor.eu\/en\/#website\",\"url\":\"https:\/\/wire-processor.eu\/en\/\",\"name\":\"Wire processor\",\"description\":\"Maszyny do obr\u00f3bki przewod\u00f3w\",\"publisher\":{\"@id\":\"https:\/\/wire-processor.eu\/en\/#organization\"},\"potentialAction\":[{\"@type\":\"SearchAction\",\"target\":{\"@type\":\"EntryPoint\",\"urlTemplate\":\"https:\/\/wire-processor.eu\/en\/?s={search_term_string}\"},\"query-input\":{\"@type\":\"PropertyValueSpecification\",\"valueRequired\":true,\"valueName\":\"search_term_string\"}}],\"inLanguage\":\"cs\"},{\"@type\":\"Organization\",\"@id\":\"https:\/\/wire-processor.eu\/en\/#organization\",\"name\":\"Wire processor - maszyny do przewod\u00f3w\",\"url\":\"https:\/\/wire-processor.eu\/en\/\",\"logo\":{\"@type\":\"ImageObject\",\"inLanguage\":\"cs\",\"@id\":\"https:\/\/wire-processor.eu\/en\/#\/schema\/logo\/image\/\",\"url\":\"https:\/\/wire-processor.eu\/wp-content\/uploads\/2018\/04\/Bozwang-_logo_producent1.png\",\"contentUrl\":\"https:\/\/wire-processor.eu\/wp-content\/uploads\/2018\/04\/Bozwang-_logo_producent1.png\",\"width\":250,\"height\":33,\"caption\":\"Wire processor - maszyny do przewod\u00f3w\"},\"image\":{\"@id\":\"https:\/\/wire-processor.eu\/en\/#\/schema\/logo\/image\/\"}}]}<\/script>\n<!-- \/ Yoast SEO plugin. -->","yoast_head_json":{"title":"Automat pro \u0159ez\u00e1n\u00ed, odizolov\u00e1n\u00ed kabel\u016f s os\u0142on\u0105 do 50mm2 BZW-882DH\/K-50","robots":{"index":"index","follow":"follow","max-snippet":"max-snippet:-1","max-image-preview":"max-image-preview:large","max-video-preview":"max-video-preview:-1"},"canonical":"https:\/\/wire-processor.eu\/cs\/oferta\/automat-pro-rezani-odizolovani-kabelu-s-oslona-do-50mm2-bzw-882dh-k-50-2\/","og_locale":"cs_CZ","og_type":"article","og_title":"Automat pro \u0159ez\u00e1n\u00ed, odizolov\u00e1n\u00ed kabel\u016f s os\u0142on\u0105 do 50mm2 BZW-882DH\/K-50","og_description":"Stripping range 4 - 50 mm\u00b2  Cutting length 0,1 - 99999,99 mm  Cutting precision 0,2%mm  Stripping length wire head 1 - 200 mm, wire end 1 - 100 mm  Capacity 1000 - 15000 pcs\/h (it depends on the length of the wire)  Power 220V, 50Hz  Motor 0,3 kW  Stored programs 0 - 99 kinds of processing data  Tool materials Imported high speed steel  Tube diameter \u00f8 6 - 18 mm  Max. stripping diameter 16 mm  Air supply 0,2-0,6 MPa  Stripping layer 3 layer  Weight 105 kg  Dimension 800 x 650 x 45 0mm","og_url":"https:\/\/wire-processor.eu\/cs\/oferta\/automat-pro-rezani-odizolovani-kabelu-s-oslona-do-50mm2-bzw-882dh-k-50-2\/","og_site_name":"Wire processor","og_image":[{"width":1600,"height":1600,"url":"https:\/\/wire-processor.eu\/wp-content\/uploads\/2018\/05\/BZW-882DK-50-2.jpg","type":"image\/jpeg"}],"twitter_card":"summary_large_image","schema":{"@context":"https:\/\/schema.org","@graph":[{"@type":"WebPage","@id":"https:\/\/wire-processor.eu\/cs\/oferta\/automat-pro-rezani-odizolovani-kabelu-s-oslona-do-50mm2-bzw-882dh-k-50-2\/","url":"https:\/\/wire-processor.eu\/cs\/oferta\/automat-pro-rezani-odizolovani-kabelu-s-oslona-do-50mm2-bzw-882dh-k-50-2\/","name":"Automat pro \u0159ez\u00e1n\u00ed, odizolov\u00e1n\u00ed kabel\u016f s os\u0142on\u0105 do 50mm2 BZW-882DH\/K-50","isPartOf":{"@id":"https:\/\/wire-processor.eu\/en\/#website"},"primaryImageOfPage":{"@id":"https:\/\/wire-processor.eu\/cs\/oferta\/automat-pro-rezani-odizolovani-kabelu-s-oslona-do-50mm2-bzw-882dh-k-50-2\/#primaryimage"},"image":{"@id":"https:\/\/wire-processor.eu\/cs\/oferta\/automat-pro-rezani-odizolovani-kabelu-s-oslona-do-50mm2-bzw-882dh-k-50-2\/#primaryimage"},"thumbnailUrl":"https:\/\/wire-processor.eu\/wp-content\/uploads\/2018\/05\/BZW-882DK-50-2.jpg","datePublished":"2018-04-28T19:13:22+00:00","breadcrumb":{"@id":"https:\/\/wire-processor.eu\/cs\/oferta\/automat-pro-rezani-odizolovani-kabelu-s-oslona-do-50mm2-bzw-882dh-k-50-2\/#breadcrumb"},"inLanguage":"cs","potentialAction":[{"@type":"ReadAction","target":["https:\/\/wire-processor.eu\/cs\/oferta\/automat-pro-rezani-odizolovani-kabelu-s-oslona-do-50mm2-bzw-882dh-k-50-2\/"]}]},{"@type":"ImageObject","inLanguage":"cs","@id":"https:\/\/wire-processor.eu\/cs\/oferta\/automat-pro-rezani-odizolovani-kabelu-s-oslona-do-50mm2-bzw-882dh-k-50-2\/#primaryimage","url":"https:\/\/wire-processor.eu\/wp-content\/uploads\/2018\/05\/BZW-882DK-50-2.jpg","contentUrl":"https:\/\/wire-processor.eu\/wp-content\/uploads\/2018\/05\/BZW-882DK-50-2.jpg","width":1600,"height":1600,"caption":"Automat pro \u0159ez\u00e1n\u00ed, odizolov\u00e1n\u00ed kabel\u016f s os\u0142on\u0105 do 50mm2 BZW-882DH\/K-50"},{"@type":"BreadcrumbList","@id":"https:\/\/wire-processor.eu\/cs\/oferta\/automat-pro-rezani-odizolovani-kabelu-s-oslona-do-50mm2-bzw-882dh-k-50-2\/#breadcrumb","itemListElement":[{"@type":"ListItem","position":1,"name":"Strona g\u0142\u00f3wna","item":"https:\/\/wire-processor.eu\/cs\/"},{"@type":"ListItem","position":2,"name":"Nab\u00eddka","item":"https:\/\/wire-processor.eu\/cs\/nabidka\/"},{"@type":"ListItem","position":3,"name":"Automat pro \u0159ez\u00e1n\u00ed, odizolov\u00e1n\u00ed kabel\u016f s os\u0142on\u0105 do 50mm2 BZW-882DH\/K-50"}]},{"@type":"WebSite","@id":"https:\/\/wire-processor.eu\/en\/#website","url":"https:\/\/wire-processor.eu\/en\/","name":"Wire processor","description":"Maszyny do obr\u00f3bki przewod\u00f3w","publisher":{"@id":"https:\/\/wire-processor.eu\/en\/#organization"},"potentialAction":[{"@type":"SearchAction","target":{"@type":"EntryPoint","urlTemplate":"https:\/\/wire-processor.eu\/en\/?s={search_term_string}"},"query-input":{"@type":"PropertyValueSpecification","valueRequired":true,"valueName":"search_term_string"}}],"inLanguage":"cs"},{"@type":"Organization","@id":"https:\/\/wire-processor.eu\/en\/#organization","name":"Wire processor - maszyny do przewod\u00f3w","url":"https:\/\/wire-processor.eu\/en\/","logo":{"@type":"ImageObject","inLanguage":"cs","@id":"https:\/\/wire-processor.eu\/en\/#\/schema\/logo\/image\/","url":"https:\/\/wire-processor.eu\/wp-content\/uploads\/2018\/04\/Bozwang-_logo_producent1.png","contentUrl":"https:\/\/wire-processor.eu\/wp-content\/uploads\/2018\/04\/Bozwang-_logo_producent1.png","width":250,"height":33,"caption":"Wire processor - maszyny do przewod\u00f3w"},"image":{"@id":"https:\/\/wire-processor.eu\/en\/#\/schema\/logo\/image\/"}}]}},"_links":{"self":[{"href":"https:\/\/wire-processor.eu\/cs\/wp-json\/wp\/v2\/product\/14028","targetHints":{"allow":["GET"]}}],"collection":[{"href":"https:\/\/wire-processor.eu\/cs\/wp-json\/wp\/v2\/product"}],"about":[{"href":"https:\/\/wire-processor.eu\/cs\/wp-json\/wp\/v2\/types\/product"}],"wp:featuredmedia":[{"embeddable":true,"href":"https:\/\/wire-processor.eu\/cs\/wp-json\/wp\/v2\/media\/14029"}],"wp:attachment":[{"href":"https:\/\/wire-processor.eu\/cs\/wp-json\/wp\/v2\/media?parent=14028"}],"wp:term":[{"taxonomy":"product_brand","embeddable":true,"href":"https:\/\/wire-processor.eu\/cs\/wp-json\/wp\/v2\/product_brand?post=14028"},{"taxonomy":"product_cat","embeddable":true,"href":"https:\/\/wire-processor.eu\/cs\/wp-json\/wp\/v2\/product_cat?post=14028"},{"taxonomy":"product_tag","embeddable":true,"href":"https:\/\/wire-processor.eu\/cs\/wp-json\/wp\/v2\/product_tag?post=14028"}],"curies":[{"name":"wp","href":"https:\/\/api.w.org\/{rel}","templated":true}]}}