{"id":14033,"date":"2018-04-28T21:24:51","date_gmt":"2018-04-28T19:24:51","guid":{"rendered":"https:\/\/wire-processor.eu\/oferta\/nezarazene\/automat-pro-rezani-odizolovani-50mm2-s-otocnou-frezkou-a-dvojitymi-nozi-bzw-882dh50-x\/"},"modified":"2018-04-28T21:24:51","modified_gmt":"2018-04-28T19:24:51","slug":"automat-pro-rezani-odizolovani-50mm2-s-otocnou-frezkou-a-dvojitymi-nozi-bzw-882dh50-x","status":"publish","type":"product","link":"https:\/\/wire-processor.eu\/cs\/oferta\/automat-pro-rezani-odizolovani-50mm2-s-otocnou-frezkou-a-dvojitymi-nozi-bzw-882dh50-x\/","title":{"rendered":"Automat pro \u0159ez\u00e1n\u00ed, odizolov\u00e1n\u00ed 50mm2 s oto\u010dnou fr\u00e9zkou a dvojit\u00fdmi no\u017ei BZW-882DH50-X"},"content":{"rendered":"","protected":false},"excerpt":{"rendered":"<ul>\n<li>Outer diameter\u00a0 \u00d8\u00a02-14mm<\/li>\n<li>Stripping range 4-25mm2<\/li>\n<li>Cutting length 0,1-100000 mm<\/li>\n<li>Cutting precision \u00b1\uff080,2+0,002*L\uff09mm<\/li>\n<li>Drive Belt conveyor , 8 wheels independently servo driven<\/li>\n<li>Stripping type Rotary and stripping cutter<\/li>\n<li>Stripping length wire head 0,1-200mm, wire end 0.1-100mm<\/li>\n<li>Tool materials Imported high speed steel and import tungsten steel<\/li>\n<li>Stripping speed 450 &#8211; 650pcs\/h<\/li>\n<li>Power AC220V\/110V 50\/60Hz<\/li>\n<li>Motor 0,75 kW<\/li>\n<li>Air pressure 0,4 &#8211; 0,6MPa<\/li>\n<li>Weight 298kg<\/li>\n<li>Dimension 1100*615*1270 mm<\/li>\n<li>Display mode touch screen<\/li>\n<li>Display interface 10 Inch Touch screen with English and Chinese system<\/li>\n<\/ul>\n","protected":false},"featured_media":15031,"template":"","meta":[],"product_brand":[],"product_cat":[560],"product_tag":[],"class_list":{"0":"post-14033","1":"product","2":"type-product","3":"status-publish","4":"has-post-thumbnail","6":"product_cat-automaty-na-zpracovani-vodicu","8":"first","9":"instock","10":"shipping-taxable","11":"product-type-simple"},"yoast_head":"<!-- This site is optimized with the Yoast SEO plugin v26.3 - https:\/\/yoast.com\/wordpress\/plugins\/seo\/ -->\n<title>Automat pro \u0159ez\u00e1n\u00ed, odizolov\u00e1n\u00ed 50mm2 s oto\u010dnou fr\u00e9zkou a dvojit\u00fdmi no\u017ei BZW-882DH50-X - Wire processor<\/title>\n<meta name=\"robots\" content=\"index, follow, max-snippet:-1, max-image-preview:large, max-video-preview:-1\" \/>\n<link rel=\"canonical\" href=\"https:\/\/wire-processor.eu\/cs\/oferta\/automat-pro-rezani-odizolovani-50mm2-s-otocnou-frezkou-a-dvojitymi-nozi-bzw-882dh50-x\/\" \/>\n<meta property=\"og:locale\" content=\"cs_CZ\" \/>\n<meta property=\"og:type\" content=\"article\" \/>\n<meta property=\"og:title\" content=\"Automat pro \u0159ez\u00e1n\u00ed, odizolov\u00e1n\u00ed 50mm2 s oto\u010dnou fr\u00e9zkou a dvojit\u00fdmi no\u017ei BZW-882DH50-X - Wire processor\" \/>\n<meta property=\"og:description\" content=\"Outer diameter\u00a0 \u00d8\u00a02-14mm  Stripping range 4-25mm2  Cutting length 0,1-100000 mm  Cutting precision \u00b1\uff080,2+0,002*L\uff09mm  Drive Belt conveyor , 8 wheels independently servo driven  Stripping type Rotary and stripping cutter  Stripping length wire head 0,1-200mm, wire end 0.1-100mm  Tool materials Imported high speed steel and import tungsten steel  Stripping speed 450 - 650pcs\/h  Power AC220V\/110V 50\/60Hz  Motor 0,75 kW  Air pressure 0,4 - 0,6MPa  Weight 298kg  Dimension 1100*615*1270 mm  Display mode touch screen  Display interface 10 Inch Touch screen with English and Chinese system\" \/>\n<meta property=\"og:url\" content=\"https:\/\/wire-processor.eu\/cs\/oferta\/automat-pro-rezani-odizolovani-50mm2-s-otocnou-frezkou-a-dvojitymi-nozi-bzw-882dh50-x\/\" \/>\n<meta property=\"og:site_name\" content=\"Wire processor\" \/>\n<meta property=\"og:image\" content=\"https:\/\/wire-processor.eu\/wp-content\/uploads\/2018\/04\/Automat-do-ci\u0119cia-odizolowywania-50mm2-z-frezark\u0105-obrotow\u0105-i-podw\u00f3jnymi-no\u017cami-BZW-882DH50-X-1.jpg\" \/>\n\t<meta property=\"og:image:width\" content=\"800\" \/>\n\t<meta property=\"og:image:height\" content=\"800\" \/>\n\t<meta property=\"og:image:type\" content=\"image\/jpeg\" \/>\n<meta name=\"twitter:card\" content=\"summary_large_image\" \/>\n<script type=\"application\/ld+json\" class=\"yoast-schema-graph\">{\"@context\":\"https:\/\/schema.org\",\"@graph\":[{\"@type\":\"WebPage\",\"@id\":\"https:\/\/wire-processor.eu\/cs\/oferta\/automat-pro-rezani-odizolovani-50mm2-s-otocnou-frezkou-a-dvojitymi-nozi-bzw-882dh50-x\/\",\"url\":\"https:\/\/wire-processor.eu\/cs\/oferta\/automat-pro-rezani-odizolovani-50mm2-s-otocnou-frezkou-a-dvojitymi-nozi-bzw-882dh50-x\/\",\"name\":\"Automat pro \u0159ez\u00e1n\u00ed, odizolov\u00e1n\u00ed 50mm2 s oto\u010dnou fr\u00e9zkou a dvojit\u00fdmi no\u017ei BZW-882DH50-X - Wire processor\",\"isPartOf\":{\"@id\":\"https:\/\/wire-processor.eu\/en\/#website\"},\"primaryImageOfPage\":{\"@id\":\"https:\/\/wire-processor.eu\/cs\/oferta\/automat-pro-rezani-odizolovani-50mm2-s-otocnou-frezkou-a-dvojitymi-nozi-bzw-882dh50-x\/#primaryimage\"},\"image\":{\"@id\":\"https:\/\/wire-processor.eu\/cs\/oferta\/automat-pro-rezani-odizolovani-50mm2-s-otocnou-frezkou-a-dvojitymi-nozi-bzw-882dh50-x\/#primaryimage\"},\"thumbnailUrl\":\"https:\/\/wire-processor.eu\/wp-content\/uploads\/2018\/04\/Automat-do-ci\u0119cia-odizolowywania-50mm2-z-frezark\u0105-obrotow\u0105-i-podw\u00f3jnymi-no\u017cami-BZW-882DH50-X-1.jpg\",\"datePublished\":\"2018-04-28T19:24:51+00:00\",\"breadcrumb\":{\"@id\":\"https:\/\/wire-processor.eu\/cs\/oferta\/automat-pro-rezani-odizolovani-50mm2-s-otocnou-frezkou-a-dvojitymi-nozi-bzw-882dh50-x\/#breadcrumb\"},\"inLanguage\":\"cs\",\"potentialAction\":[{\"@type\":\"ReadAction\",\"target\":[\"https:\/\/wire-processor.eu\/cs\/oferta\/automat-pro-rezani-odizolovani-50mm2-s-otocnou-frezkou-a-dvojitymi-nozi-bzw-882dh50-x\/\"]}]},{\"@type\":\"ImageObject\",\"inLanguage\":\"cs\",\"@id\":\"https:\/\/wire-processor.eu\/cs\/oferta\/automat-pro-rezani-odizolovani-50mm2-s-otocnou-frezkou-a-dvojitymi-nozi-bzw-882dh50-x\/#primaryimage\",\"url\":\"https:\/\/wire-processor.eu\/wp-content\/uploads\/2018\/04\/Automat-do-ci\u0119cia-odizolowywania-50mm2-z-frezark\u0105-obrotow\u0105-i-podw\u00f3jnymi-no\u017cami-BZW-882DH50-X-1.jpg\",\"contentUrl\":\"https:\/\/wire-processor.eu\/wp-content\/uploads\/2018\/04\/Automat-do-ci\u0119cia-odizolowywania-50mm2-z-frezark\u0105-obrotow\u0105-i-podw\u00f3jnymi-no\u017cami-BZW-882DH50-X-1.jpg\",\"width\":800,\"height\":800,\"caption\":\"Automat do ci\u0119cia, odizolowywania 50mm2 z frezark\u0105 obrotow\u0105 i podw\u00f3jnymi no\u017cami BZW-882DH50-X 1\"},{\"@type\":\"BreadcrumbList\",\"@id\":\"https:\/\/wire-processor.eu\/cs\/oferta\/automat-pro-rezani-odizolovani-50mm2-s-otocnou-frezkou-a-dvojitymi-nozi-bzw-882dh50-x\/#breadcrumb\",\"itemListElement\":[{\"@type\":\"ListItem\",\"position\":1,\"name\":\"Strona g\u0142\u00f3wna\",\"item\":\"https:\/\/wire-processor.eu\/cs\/\"},{\"@type\":\"ListItem\",\"position\":2,\"name\":\"Nab\u00eddka\",\"item\":\"https:\/\/wire-processor.eu\/cs\/nabidka\/\"},{\"@type\":\"ListItem\",\"position\":3,\"name\":\"Automat pro \u0159ez\u00e1n\u00ed, odizolov\u00e1n\u00ed 50mm2 s oto\u010dnou fr\u00e9zkou a dvojit\u00fdmi no\u017ei BZW-882DH50-X\"}]},{\"@type\":\"WebSite\",\"@id\":\"https:\/\/wire-processor.eu\/en\/#website\",\"url\":\"https:\/\/wire-processor.eu\/en\/\",\"name\":\"Wire processor\",\"description\":\"Maszyny do obr\u00f3bki przewod\u00f3w\",\"publisher\":{\"@id\":\"https:\/\/wire-processor.eu\/en\/#organization\"},\"potentialAction\":[{\"@type\":\"SearchAction\",\"target\":{\"@type\":\"EntryPoint\",\"urlTemplate\":\"https:\/\/wire-processor.eu\/en\/?s={search_term_string}\"},\"query-input\":{\"@type\":\"PropertyValueSpecification\",\"valueRequired\":true,\"valueName\":\"search_term_string\"}}],\"inLanguage\":\"cs\"},{\"@type\":\"Organization\",\"@id\":\"https:\/\/wire-processor.eu\/en\/#organization\",\"name\":\"Wire processor - maszyny do przewod\u00f3w\",\"url\":\"https:\/\/wire-processor.eu\/en\/\",\"logo\":{\"@type\":\"ImageObject\",\"inLanguage\":\"cs\",\"@id\":\"https:\/\/wire-processor.eu\/en\/#\/schema\/logo\/image\/\",\"url\":\"https:\/\/wire-processor.eu\/wp-content\/uploads\/2018\/04\/Bozwang-_logo_producent1.png\",\"contentUrl\":\"https:\/\/wire-processor.eu\/wp-content\/uploads\/2018\/04\/Bozwang-_logo_producent1.png\",\"width\":250,\"height\":33,\"caption\":\"Wire processor - maszyny do przewod\u00f3w\"},\"image\":{\"@id\":\"https:\/\/wire-processor.eu\/en\/#\/schema\/logo\/image\/\"}}]}<\/script>\n<!-- \/ Yoast SEO plugin. -->","yoast_head_json":{"title":"Automat pro \u0159ez\u00e1n\u00ed, odizolov\u00e1n\u00ed 50mm2 s oto\u010dnou fr\u00e9zkou a dvojit\u00fdmi no\u017ei BZW-882DH50-X - Wire processor","robots":{"index":"index","follow":"follow","max-snippet":"max-snippet:-1","max-image-preview":"max-image-preview:large","max-video-preview":"max-video-preview:-1"},"canonical":"https:\/\/wire-processor.eu\/cs\/oferta\/automat-pro-rezani-odizolovani-50mm2-s-otocnou-frezkou-a-dvojitymi-nozi-bzw-882dh50-x\/","og_locale":"cs_CZ","og_type":"article","og_title":"Automat pro \u0159ez\u00e1n\u00ed, odizolov\u00e1n\u00ed 50mm2 s oto\u010dnou fr\u00e9zkou a dvojit\u00fdmi no\u017ei BZW-882DH50-X - Wire processor","og_description":"Outer diameter\u00a0 \u00d8\u00a02-14mm  Stripping range 4-25mm2  Cutting length 0,1-100000 mm  Cutting precision \u00b1\uff080,2+0,002*L\uff09mm  Drive Belt conveyor , 8 wheels independently servo driven  Stripping type Rotary and stripping cutter  Stripping length wire head 0,1-200mm, wire end 0.1-100mm  Tool materials Imported high speed steel and import tungsten steel  Stripping speed 450 - 650pcs\/h  Power AC220V\/110V 50\/60Hz  Motor 0,75 kW  Air pressure 0,4 - 0,6MPa  Weight 298kg  Dimension 1100*615*1270 mm  Display mode touch screen  Display interface 10 Inch Touch screen with English and Chinese system","og_url":"https:\/\/wire-processor.eu\/cs\/oferta\/automat-pro-rezani-odizolovani-50mm2-s-otocnou-frezkou-a-dvojitymi-nozi-bzw-882dh50-x\/","og_site_name":"Wire processor","og_image":[{"width":800,"height":800,"url":"https:\/\/wire-processor.eu\/wp-content\/uploads\/2018\/04\/Automat-do-ci\u0119cia-odizolowywania-50mm2-z-frezark\u0105-obrotow\u0105-i-podw\u00f3jnymi-no\u017cami-BZW-882DH50-X-1.jpg","type":"image\/jpeg"}],"twitter_card":"summary_large_image","schema":{"@context":"https:\/\/schema.org","@graph":[{"@type":"WebPage","@id":"https:\/\/wire-processor.eu\/cs\/oferta\/automat-pro-rezani-odizolovani-50mm2-s-otocnou-frezkou-a-dvojitymi-nozi-bzw-882dh50-x\/","url":"https:\/\/wire-processor.eu\/cs\/oferta\/automat-pro-rezani-odizolovani-50mm2-s-otocnou-frezkou-a-dvojitymi-nozi-bzw-882dh50-x\/","name":"Automat pro \u0159ez\u00e1n\u00ed, odizolov\u00e1n\u00ed 50mm2 s oto\u010dnou fr\u00e9zkou a dvojit\u00fdmi no\u017ei BZW-882DH50-X - Wire processor","isPartOf":{"@id":"https:\/\/wire-processor.eu\/en\/#website"},"primaryImageOfPage":{"@id":"https:\/\/wire-processor.eu\/cs\/oferta\/automat-pro-rezani-odizolovani-50mm2-s-otocnou-frezkou-a-dvojitymi-nozi-bzw-882dh50-x\/#primaryimage"},"image":{"@id":"https:\/\/wire-processor.eu\/cs\/oferta\/automat-pro-rezani-odizolovani-50mm2-s-otocnou-frezkou-a-dvojitymi-nozi-bzw-882dh50-x\/#primaryimage"},"thumbnailUrl":"https:\/\/wire-processor.eu\/wp-content\/uploads\/2018\/04\/Automat-do-ci\u0119cia-odizolowywania-50mm2-z-frezark\u0105-obrotow\u0105-i-podw\u00f3jnymi-no\u017cami-BZW-882DH50-X-1.jpg","datePublished":"2018-04-28T19:24:51+00:00","breadcrumb":{"@id":"https:\/\/wire-processor.eu\/cs\/oferta\/automat-pro-rezani-odizolovani-50mm2-s-otocnou-frezkou-a-dvojitymi-nozi-bzw-882dh50-x\/#breadcrumb"},"inLanguage":"cs","potentialAction":[{"@type":"ReadAction","target":["https:\/\/wire-processor.eu\/cs\/oferta\/automat-pro-rezani-odizolovani-50mm2-s-otocnou-frezkou-a-dvojitymi-nozi-bzw-882dh50-x\/"]}]},{"@type":"ImageObject","inLanguage":"cs","@id":"https:\/\/wire-processor.eu\/cs\/oferta\/automat-pro-rezani-odizolovani-50mm2-s-otocnou-frezkou-a-dvojitymi-nozi-bzw-882dh50-x\/#primaryimage","url":"https:\/\/wire-processor.eu\/wp-content\/uploads\/2018\/04\/Automat-do-ci\u0119cia-odizolowywania-50mm2-z-frezark\u0105-obrotow\u0105-i-podw\u00f3jnymi-no\u017cami-BZW-882DH50-X-1.jpg","contentUrl":"https:\/\/wire-processor.eu\/wp-content\/uploads\/2018\/04\/Automat-do-ci\u0119cia-odizolowywania-50mm2-z-frezark\u0105-obrotow\u0105-i-podw\u00f3jnymi-no\u017cami-BZW-882DH50-X-1.jpg","width":800,"height":800,"caption":"Automat do ci\u0119cia, odizolowywania 50mm2 z frezark\u0105 obrotow\u0105 i podw\u00f3jnymi no\u017cami BZW-882DH50-X 1"},{"@type":"BreadcrumbList","@id":"https:\/\/wire-processor.eu\/cs\/oferta\/automat-pro-rezani-odizolovani-50mm2-s-otocnou-frezkou-a-dvojitymi-nozi-bzw-882dh50-x\/#breadcrumb","itemListElement":[{"@type":"ListItem","position":1,"name":"Strona g\u0142\u00f3wna","item":"https:\/\/wire-processor.eu\/cs\/"},{"@type":"ListItem","position":2,"name":"Nab\u00eddka","item":"https:\/\/wire-processor.eu\/cs\/nabidka\/"},{"@type":"ListItem","position":3,"name":"Automat pro \u0159ez\u00e1n\u00ed, odizolov\u00e1n\u00ed 50mm2 s oto\u010dnou fr\u00e9zkou a dvojit\u00fdmi no\u017ei BZW-882DH50-X"}]},{"@type":"WebSite","@id":"https:\/\/wire-processor.eu\/en\/#website","url":"https:\/\/wire-processor.eu\/en\/","name":"Wire processor","description":"Maszyny do obr\u00f3bki przewod\u00f3w","publisher":{"@id":"https:\/\/wire-processor.eu\/en\/#organization"},"potentialAction":[{"@type":"SearchAction","target":{"@type":"EntryPoint","urlTemplate":"https:\/\/wire-processor.eu\/en\/?s={search_term_string}"},"query-input":{"@type":"PropertyValueSpecification","valueRequired":true,"valueName":"search_term_string"}}],"inLanguage":"cs"},{"@type":"Organization","@id":"https:\/\/wire-processor.eu\/en\/#organization","name":"Wire processor - maszyny do przewod\u00f3w","url":"https:\/\/wire-processor.eu\/en\/","logo":{"@type":"ImageObject","inLanguage":"cs","@id":"https:\/\/wire-processor.eu\/en\/#\/schema\/logo\/image\/","url":"https:\/\/wire-processor.eu\/wp-content\/uploads\/2018\/04\/Bozwang-_logo_producent1.png","contentUrl":"https:\/\/wire-processor.eu\/wp-content\/uploads\/2018\/04\/Bozwang-_logo_producent1.png","width":250,"height":33,"caption":"Wire processor - maszyny do przewod\u00f3w"},"image":{"@id":"https:\/\/wire-processor.eu\/en\/#\/schema\/logo\/image\/"}}]}},"_links":{"self":[{"href":"https:\/\/wire-processor.eu\/cs\/wp-json\/wp\/v2\/product\/14033","targetHints":{"allow":["GET"]}}],"collection":[{"href":"https:\/\/wire-processor.eu\/cs\/wp-json\/wp\/v2\/product"}],"about":[{"href":"https:\/\/wire-processor.eu\/cs\/wp-json\/wp\/v2\/types\/product"}],"wp:featuredmedia":[{"embeddable":true,"href":"https:\/\/wire-processor.eu\/cs\/wp-json\/wp\/v2\/media\/15031"}],"wp:attachment":[{"href":"https:\/\/wire-processor.eu\/cs\/wp-json\/wp\/v2\/media?parent=14033"}],"wp:term":[{"taxonomy":"product_brand","embeddable":true,"href":"https:\/\/wire-processor.eu\/cs\/wp-json\/wp\/v2\/product_brand?post=14033"},{"taxonomy":"product_cat","embeddable":true,"href":"https:\/\/wire-processor.eu\/cs\/wp-json\/wp\/v2\/product_cat?post=14033"},{"taxonomy":"product_tag","embeddable":true,"href":"https:\/\/wire-processor.eu\/cs\/wp-json\/wp\/v2\/product_tag?post=14033"}],"curies":[{"name":"wp","href":"https:\/\/api.w.org\/{rel}","templated":true}]}}