{"id":14035,"date":"2018-04-28T21:27:25","date_gmt":"2018-04-28T19:27:25","guid":{"rendered":"https:\/\/wire-processor.eu\/oferta\/nezarazene\/automat-pro-rezani-odizolovani-do-50mm2-s-vnitrnim-loupanim-bzw-882dh50-z\/"},"modified":"2018-04-28T21:27:25","modified_gmt":"2018-04-28T19:27:25","slug":"automat-pro-rezani-odizolovani-do-50mm2-s-vnitrnim-loupanim-bzw-882dh50-z","status":"publish","type":"product","link":"https:\/\/wire-processor.eu\/cs\/oferta\/automat-pro-rezani-odizolovani-do-50mm2-s-vnitrnim-loupanim-bzw-882dh50-z\/","title":{"rendered":"Automat pro \u0159ez\u00e1n\u00ed, odizolov\u00e1n\u00ed do 50mm2 s vnit\u0159n\u00edm loup\u00e1n\u00edm  BZW-882DH50-Z"},"content":{"rendered":"","protected":false},"excerpt":{"rendered":"<ul>\n<li>Stripping range: 4-50 mm\u00b2<\/li>\n<li>Stripping Length: 1-200mm(wire head), 1-100mm(wire end)<\/li>\n<li>Feeding Speed: Max. 6,0 m\/s<\/li>\n<li>Max. stripping diameter: 16 mm<\/li>\n<li>Capacity: 1000-5000 pcs\/h<\/li>\n<li>Power: 220V, 50Hz, 0,3 kw<\/li>\n<li>Air Supply: 0,2 &#8211; 0,6 MPa<\/li>\n<li>Weight: 115kg<\/li>\n<li>Dimension: 1200 x 630 x 430mm<\/li>\n<li>Stored program: 0 &#8211; 99 kinds of processing data.<\/li>\n<li>Stripping layer: 3 layers<\/li>\n<\/ul>\n","protected":false},"featured_media":14036,"template":"","meta":[],"product_brand":[],"product_cat":[560],"product_tag":[],"class_list":{"0":"post-14035","1":"product","2":"type-product","3":"status-publish","4":"has-post-thumbnail","6":"product_cat-automaty-na-zpracovani-vodicu","8":"first","9":"instock","10":"shipping-taxable","11":"product-type-simple"},"yoast_head":"<!-- This site is optimized with the Yoast SEO plugin v26.3 - https:\/\/yoast.com\/wordpress\/plugins\/seo\/ -->\n<title>Automat pro \u0159ez\u00e1n\u00ed, odizolov\u00e1n\u00ed do 50mm2 s vnit\u0159n\u00edm loup\u00e1n\u00edm BZW-882DH50-Z - Wire processor<\/title>\n<meta name=\"robots\" content=\"index, follow, max-snippet:-1, max-image-preview:large, max-video-preview:-1\" \/>\n<link rel=\"canonical\" href=\"https:\/\/wire-processor.eu\/cs\/oferta\/automat-pro-rezani-odizolovani-do-50mm2-s-vnitrnim-loupanim-bzw-882dh50-z\/\" \/>\n<meta property=\"og:locale\" content=\"cs_CZ\" \/>\n<meta property=\"og:type\" content=\"article\" \/>\n<meta property=\"og:title\" content=\"Automat pro \u0159ez\u00e1n\u00ed, odizolov\u00e1n\u00ed do 50mm2 s vnit\u0159n\u00edm loup\u00e1n\u00edm BZW-882DH50-Z - Wire processor\" \/>\n<meta property=\"og:description\" content=\"Stripping range: 4-50 mm\u00b2  Stripping Length: 1-200mm(wire head), 1-100mm(wire end)  Feeding Speed: Max. 6,0 m\/s  Max. stripping diameter: 16 mm  Capacity: 1000-5000 pcs\/h  Power: 220V, 50Hz, 0,3 kw  Air Supply: 0,2 - 0,6 MPa  Weight: 115kg  Dimension: 1200 x 630 x 430mm  Stored program: 0 - 99 kinds of processing data.  Stripping layer: 3 layers\" \/>\n<meta property=\"og:url\" content=\"https:\/\/wire-processor.eu\/cs\/oferta\/automat-pro-rezani-odizolovani-do-50mm2-s-vnitrnim-loupanim-bzw-882dh50-z\/\" \/>\n<meta property=\"og:site_name\" content=\"Wire processor\" \/>\n<meta property=\"og:image\" content=\"https:\/\/wire-processor.eu\/wp-content\/uploads\/2018\/05\/BZW-882DH50Z\u673a\u5668-\u6837\u7ebf.jpg\" \/>\n\t<meta property=\"og:image:width\" content=\"1600\" \/>\n\t<meta property=\"og:image:height\" content=\"1600\" \/>\n\t<meta property=\"og:image:type\" content=\"image\/jpeg\" \/>\n<meta name=\"twitter:card\" content=\"summary_large_image\" \/>\n<script type=\"application\/ld+json\" class=\"yoast-schema-graph\">{\"@context\":\"https:\/\/schema.org\",\"@graph\":[{\"@type\":\"WebPage\",\"@id\":\"https:\/\/wire-processor.eu\/cs\/oferta\/automat-pro-rezani-odizolovani-do-50mm2-s-vnitrnim-loupanim-bzw-882dh50-z\/\",\"url\":\"https:\/\/wire-processor.eu\/cs\/oferta\/automat-pro-rezani-odizolovani-do-50mm2-s-vnitrnim-loupanim-bzw-882dh50-z\/\",\"name\":\"Automat pro \u0159ez\u00e1n\u00ed, odizolov\u00e1n\u00ed do 50mm2 s vnit\u0159n\u00edm loup\u00e1n\u00edm BZW-882DH50-Z - Wire processor\",\"isPartOf\":{\"@id\":\"https:\/\/wire-processor.eu\/en\/#website\"},\"primaryImageOfPage\":{\"@id\":\"https:\/\/wire-processor.eu\/cs\/oferta\/automat-pro-rezani-odizolovani-do-50mm2-s-vnitrnim-loupanim-bzw-882dh50-z\/#primaryimage\"},\"image\":{\"@id\":\"https:\/\/wire-processor.eu\/cs\/oferta\/automat-pro-rezani-odizolovani-do-50mm2-s-vnitrnim-loupanim-bzw-882dh50-z\/#primaryimage\"},\"thumbnailUrl\":\"https:\/\/wire-processor.eu\/wp-content\/uploads\/2018\/05\/BZW-882DH50Z\u673a\u5668-\u6837\u7ebf.jpg\",\"datePublished\":\"2018-04-28T19:27:25+00:00\",\"breadcrumb\":{\"@id\":\"https:\/\/wire-processor.eu\/cs\/oferta\/automat-pro-rezani-odizolovani-do-50mm2-s-vnitrnim-loupanim-bzw-882dh50-z\/#breadcrumb\"},\"inLanguage\":\"cs\",\"potentialAction\":[{\"@type\":\"ReadAction\",\"target\":[\"https:\/\/wire-processor.eu\/cs\/oferta\/automat-pro-rezani-odizolovani-do-50mm2-s-vnitrnim-loupanim-bzw-882dh50-z\/\"]}]},{\"@type\":\"ImageObject\",\"inLanguage\":\"cs\",\"@id\":\"https:\/\/wire-processor.eu\/cs\/oferta\/automat-pro-rezani-odizolovani-do-50mm2-s-vnitrnim-loupanim-bzw-882dh50-z\/#primaryimage\",\"url\":\"https:\/\/wire-processor.eu\/wp-content\/uploads\/2018\/05\/BZW-882DH50Z\u673a\u5668-\u6837\u7ebf.jpg\",\"contentUrl\":\"https:\/\/wire-processor.eu\/wp-content\/uploads\/2018\/05\/BZW-882DH50Z\u673a\u5668-\u6837\u7ebf.jpg\",\"width\":1600,\"height\":1600,\"caption\":\"Automat pro \u0159ez\u00e1n\u00ed, odizolov\u00e1n\u00ed do 50mm2 s vnit\u0159n\u00edm loup\u00e1n\u00edm BZW-882DH50-Z\"},{\"@type\":\"BreadcrumbList\",\"@id\":\"https:\/\/wire-processor.eu\/cs\/oferta\/automat-pro-rezani-odizolovani-do-50mm2-s-vnitrnim-loupanim-bzw-882dh50-z\/#breadcrumb\",\"itemListElement\":[{\"@type\":\"ListItem\",\"position\":1,\"name\":\"Strona g\u0142\u00f3wna\",\"item\":\"https:\/\/wire-processor.eu\/cs\/\"},{\"@type\":\"ListItem\",\"position\":2,\"name\":\"Nab\u00eddka\",\"item\":\"https:\/\/wire-processor.eu\/cs\/nabidka\/\"},{\"@type\":\"ListItem\",\"position\":3,\"name\":\"Automat pro \u0159ez\u00e1n\u00ed, odizolov\u00e1n\u00ed do 50mm2 s vnit\u0159n\u00edm loup\u00e1n\u00edm BZW-882DH50-Z\"}]},{\"@type\":\"WebSite\",\"@id\":\"https:\/\/wire-processor.eu\/en\/#website\",\"url\":\"https:\/\/wire-processor.eu\/en\/\",\"name\":\"Wire processor\",\"description\":\"Maszyny do obr\u00f3bki przewod\u00f3w\",\"publisher\":{\"@id\":\"https:\/\/wire-processor.eu\/en\/#organization\"},\"potentialAction\":[{\"@type\":\"SearchAction\",\"target\":{\"@type\":\"EntryPoint\",\"urlTemplate\":\"https:\/\/wire-processor.eu\/en\/?s={search_term_string}\"},\"query-input\":{\"@type\":\"PropertyValueSpecification\",\"valueRequired\":true,\"valueName\":\"search_term_string\"}}],\"inLanguage\":\"cs\"},{\"@type\":\"Organization\",\"@id\":\"https:\/\/wire-processor.eu\/en\/#organization\",\"name\":\"Wire processor - maszyny do przewod\u00f3w\",\"url\":\"https:\/\/wire-processor.eu\/en\/\",\"logo\":{\"@type\":\"ImageObject\",\"inLanguage\":\"cs\",\"@id\":\"https:\/\/wire-processor.eu\/en\/#\/schema\/logo\/image\/\",\"url\":\"https:\/\/wire-processor.eu\/wp-content\/uploads\/2018\/04\/Bozwang-_logo_producent1.png\",\"contentUrl\":\"https:\/\/wire-processor.eu\/wp-content\/uploads\/2018\/04\/Bozwang-_logo_producent1.png\",\"width\":250,\"height\":33,\"caption\":\"Wire processor - maszyny do przewod\u00f3w\"},\"image\":{\"@id\":\"https:\/\/wire-processor.eu\/en\/#\/schema\/logo\/image\/\"}}]}<\/script>\n<!-- \/ Yoast SEO plugin. -->","yoast_head_json":{"title":"Automat pro \u0159ez\u00e1n\u00ed, odizolov\u00e1n\u00ed do 50mm2 s vnit\u0159n\u00edm loup\u00e1n\u00edm BZW-882DH50-Z - Wire processor","robots":{"index":"index","follow":"follow","max-snippet":"max-snippet:-1","max-image-preview":"max-image-preview:large","max-video-preview":"max-video-preview:-1"},"canonical":"https:\/\/wire-processor.eu\/cs\/oferta\/automat-pro-rezani-odizolovani-do-50mm2-s-vnitrnim-loupanim-bzw-882dh50-z\/","og_locale":"cs_CZ","og_type":"article","og_title":"Automat pro \u0159ez\u00e1n\u00ed, odizolov\u00e1n\u00ed do 50mm2 s vnit\u0159n\u00edm loup\u00e1n\u00edm BZW-882DH50-Z - Wire processor","og_description":"Stripping range: 4-50 mm\u00b2  Stripping Length: 1-200mm(wire head), 1-100mm(wire end)  Feeding Speed: Max. 6,0 m\/s  Max. stripping diameter: 16 mm  Capacity: 1000-5000 pcs\/h  Power: 220V, 50Hz, 0,3 kw  Air Supply: 0,2 - 0,6 MPa  Weight: 115kg  Dimension: 1200 x 630 x 430mm  Stored program: 0 - 99 kinds of processing data.  Stripping layer: 3 layers","og_url":"https:\/\/wire-processor.eu\/cs\/oferta\/automat-pro-rezani-odizolovani-do-50mm2-s-vnitrnim-loupanim-bzw-882dh50-z\/","og_site_name":"Wire processor","og_image":[{"width":1600,"height":1600,"url":"https:\/\/wire-processor.eu\/wp-content\/uploads\/2018\/05\/BZW-882DH50Z\u673a\u5668-\u6837\u7ebf.jpg","type":"image\/jpeg"}],"twitter_card":"summary_large_image","schema":{"@context":"https:\/\/schema.org","@graph":[{"@type":"WebPage","@id":"https:\/\/wire-processor.eu\/cs\/oferta\/automat-pro-rezani-odizolovani-do-50mm2-s-vnitrnim-loupanim-bzw-882dh50-z\/","url":"https:\/\/wire-processor.eu\/cs\/oferta\/automat-pro-rezani-odizolovani-do-50mm2-s-vnitrnim-loupanim-bzw-882dh50-z\/","name":"Automat pro \u0159ez\u00e1n\u00ed, odizolov\u00e1n\u00ed do 50mm2 s vnit\u0159n\u00edm loup\u00e1n\u00edm BZW-882DH50-Z - Wire processor","isPartOf":{"@id":"https:\/\/wire-processor.eu\/en\/#website"},"primaryImageOfPage":{"@id":"https:\/\/wire-processor.eu\/cs\/oferta\/automat-pro-rezani-odizolovani-do-50mm2-s-vnitrnim-loupanim-bzw-882dh50-z\/#primaryimage"},"image":{"@id":"https:\/\/wire-processor.eu\/cs\/oferta\/automat-pro-rezani-odizolovani-do-50mm2-s-vnitrnim-loupanim-bzw-882dh50-z\/#primaryimage"},"thumbnailUrl":"https:\/\/wire-processor.eu\/wp-content\/uploads\/2018\/05\/BZW-882DH50Z\u673a\u5668-\u6837\u7ebf.jpg","datePublished":"2018-04-28T19:27:25+00:00","breadcrumb":{"@id":"https:\/\/wire-processor.eu\/cs\/oferta\/automat-pro-rezani-odizolovani-do-50mm2-s-vnitrnim-loupanim-bzw-882dh50-z\/#breadcrumb"},"inLanguage":"cs","potentialAction":[{"@type":"ReadAction","target":["https:\/\/wire-processor.eu\/cs\/oferta\/automat-pro-rezani-odizolovani-do-50mm2-s-vnitrnim-loupanim-bzw-882dh50-z\/"]}]},{"@type":"ImageObject","inLanguage":"cs","@id":"https:\/\/wire-processor.eu\/cs\/oferta\/automat-pro-rezani-odizolovani-do-50mm2-s-vnitrnim-loupanim-bzw-882dh50-z\/#primaryimage","url":"https:\/\/wire-processor.eu\/wp-content\/uploads\/2018\/05\/BZW-882DH50Z\u673a\u5668-\u6837\u7ebf.jpg","contentUrl":"https:\/\/wire-processor.eu\/wp-content\/uploads\/2018\/05\/BZW-882DH50Z\u673a\u5668-\u6837\u7ebf.jpg","width":1600,"height":1600,"caption":"Automat pro \u0159ez\u00e1n\u00ed, odizolov\u00e1n\u00ed do 50mm2 s vnit\u0159n\u00edm loup\u00e1n\u00edm BZW-882DH50-Z"},{"@type":"BreadcrumbList","@id":"https:\/\/wire-processor.eu\/cs\/oferta\/automat-pro-rezani-odizolovani-do-50mm2-s-vnitrnim-loupanim-bzw-882dh50-z\/#breadcrumb","itemListElement":[{"@type":"ListItem","position":1,"name":"Strona g\u0142\u00f3wna","item":"https:\/\/wire-processor.eu\/cs\/"},{"@type":"ListItem","position":2,"name":"Nab\u00eddka","item":"https:\/\/wire-processor.eu\/cs\/nabidka\/"},{"@type":"ListItem","position":3,"name":"Automat pro \u0159ez\u00e1n\u00ed, odizolov\u00e1n\u00ed do 50mm2 s vnit\u0159n\u00edm loup\u00e1n\u00edm BZW-882DH50-Z"}]},{"@type":"WebSite","@id":"https:\/\/wire-processor.eu\/en\/#website","url":"https:\/\/wire-processor.eu\/en\/","name":"Wire processor","description":"Maszyny do obr\u00f3bki przewod\u00f3w","publisher":{"@id":"https:\/\/wire-processor.eu\/en\/#organization"},"potentialAction":[{"@type":"SearchAction","target":{"@type":"EntryPoint","urlTemplate":"https:\/\/wire-processor.eu\/en\/?s={search_term_string}"},"query-input":{"@type":"PropertyValueSpecification","valueRequired":true,"valueName":"search_term_string"}}],"inLanguage":"cs"},{"@type":"Organization","@id":"https:\/\/wire-processor.eu\/en\/#organization","name":"Wire processor - maszyny do przewod\u00f3w","url":"https:\/\/wire-processor.eu\/en\/","logo":{"@type":"ImageObject","inLanguage":"cs","@id":"https:\/\/wire-processor.eu\/en\/#\/schema\/logo\/image\/","url":"https:\/\/wire-processor.eu\/wp-content\/uploads\/2018\/04\/Bozwang-_logo_producent1.png","contentUrl":"https:\/\/wire-processor.eu\/wp-content\/uploads\/2018\/04\/Bozwang-_logo_producent1.png","width":250,"height":33,"caption":"Wire processor - maszyny do przewod\u00f3w"},"image":{"@id":"https:\/\/wire-processor.eu\/en\/#\/schema\/logo\/image\/"}}]}},"_links":{"self":[{"href":"https:\/\/wire-processor.eu\/cs\/wp-json\/wp\/v2\/product\/14035","targetHints":{"allow":["GET"]}}],"collection":[{"href":"https:\/\/wire-processor.eu\/cs\/wp-json\/wp\/v2\/product"}],"about":[{"href":"https:\/\/wire-processor.eu\/cs\/wp-json\/wp\/v2\/types\/product"}],"wp:featuredmedia":[{"embeddable":true,"href":"https:\/\/wire-processor.eu\/cs\/wp-json\/wp\/v2\/media\/14036"}],"wp:attachment":[{"href":"https:\/\/wire-processor.eu\/cs\/wp-json\/wp\/v2\/media?parent=14035"}],"wp:term":[{"taxonomy":"product_brand","embeddable":true,"href":"https:\/\/wire-processor.eu\/cs\/wp-json\/wp\/v2\/product_brand?post=14035"},{"taxonomy":"product_cat","embeddable":true,"href":"https:\/\/wire-processor.eu\/cs\/wp-json\/wp\/v2\/product_cat?post=14035"},{"taxonomy":"product_tag","embeddable":true,"href":"https:\/\/wire-processor.eu\/cs\/wp-json\/wp\/v2\/product_tag?post=14035"}],"curies":[{"name":"wp","href":"https:\/\/api.w.org\/{rel}","templated":true}]}}