{"id":14052,"date":"2018-04-28T21:41:41","date_gmt":"2018-04-28T19:41:41","guid":{"rendered":"https:\/\/wire-processor.eu\/oferta\/nezarazene\/automat-pro-rezani-odizolovani-rozrezavani-paskovych-vodicu-bzw-882d-f\/"},"modified":"2018-04-28T21:41:41","modified_gmt":"2018-04-28T19:41:41","slug":"automat-pro-rezani-odizolovani-rozrezavani-paskovych-vodicu-bzw-882d-f","status":"publish","type":"product","link":"https:\/\/wire-processor.eu\/cs\/oferta\/automat-pro-rezani-odizolovani-rozrezavani-paskovych-vodicu-bzw-882d-f\/","title":{"rendered":"Automat pro \u0159ez\u00e1n\u00ed, odizolov\u00e1n\u00ed, roz\u0159ez\u00e1v\u00e1n\u00ed p\u00e1skov\u00fdch vodi\u010d\u016f BZW-882D F"},"content":{"rendered":"","protected":false},"excerpt":{"rendered":"<ul>\n<li>Wire range &#8211; within 20pin, AWG28#\uff1a1-20pin\uff1b AWG26#\uff1a1-15pin\uff1b AWG24#\uff1a1-12pin<\/li>\n<li>Cutting length &#8211; 30 &#8211; 99999 mm<\/li>\n<li>Dividing length &#8211; 1 &#8211; 200 mm<\/li>\n<li>Cutting precision &#8211; &amp;plusmn;\uff080,2%*L+1\uff09mm<\/li>\n<li>Stripping length &#8211; wire head 0,1-30mm , wire end 0,1-30 mm<\/li>\n<li>Capacity &#8211; 1000-3000 pcs\/h<\/li>\n<li>Tool materials &#8211; Imported tungsten steel and high speed steel<\/li>\n<li>Drive: 4 wheels driven<\/li>\n<li>Feeding speed: 0,7m\/s<\/li>\n<li>Power &#8211; 220V 50HZ<\/li>\n<li>Motor &#8211; 0,3KW<\/li>\n<li>Air supply &#8211; 0,3MPa &#8211; 0,5 MPa<\/li>\n<li>Weight &#8211; 31kg<\/li>\n<li>Dimension &#8211; 460&amp;times;297&amp;times;345 mm<\/li>\n<\/ul>\n","protected":false},"featured_media":14053,"template":"","meta":[],"product_brand":[],"product_cat":[560],"product_tag":[],"class_list":{"0":"post-14052","1":"product","2":"type-product","3":"status-publish","4":"has-post-thumbnail","6":"product_cat-automaty-na-zpracovani-vodicu","8":"first","9":"instock","10":"shipping-taxable","11":"product-type-simple"},"yoast_head":"<!-- This site is optimized with the Yoast SEO plugin v26.3 - https:\/\/yoast.com\/wordpress\/plugins\/seo\/ -->\n<title>Automat pro \u0159ez\u00e1n\u00ed, odizolov\u00e1n\u00ed, roz\u0159ez\u00e1v\u00e1n\u00ed p\u00e1skov\u00fdch vodi\u010d\u016f BZW-882D F - Wire processor<\/title>\n<meta name=\"robots\" content=\"index, follow, max-snippet:-1, max-image-preview:large, max-video-preview:-1\" \/>\n<link rel=\"canonical\" href=\"https:\/\/wire-processor.eu\/cs\/oferta\/automat-pro-rezani-odizolovani-rozrezavani-paskovych-vodicu-bzw-882d-f\/\" \/>\n<meta property=\"og:locale\" content=\"cs_CZ\" \/>\n<meta property=\"og:type\" content=\"article\" \/>\n<meta property=\"og:title\" content=\"Automat pro \u0159ez\u00e1n\u00ed, odizolov\u00e1n\u00ed, roz\u0159ez\u00e1v\u00e1n\u00ed p\u00e1skov\u00fdch vodi\u010d\u016f BZW-882D F - Wire processor\" \/>\n<meta property=\"og:description\" content=\"Wire range - within 20pin, AWG28#\uff1a1-20pin\uff1b AWG26#\uff1a1-15pin\uff1b AWG24#\uff1a1-12pin  Cutting length - 30 - 99999 mm  Dividing length - 1 - 200 mm  Cutting precision - &amp;plusmn;\uff080,2%*L+1\uff09mm  Stripping length - wire head 0,1-30mm , wire end 0,1-30 mm  Capacity - 1000-3000 pcs\/h  Tool materials - Imported tungsten steel and high speed steel  Drive: 4 wheels driven  Feeding speed: 0,7m\/s  Power - 220V 50HZ  Motor - 0,3KW  Air supply - 0,3MPa - 0,5 MPa  Weight - 31kg  Dimension - 460&amp;times;297&amp;times;345 mm\" \/>\n<meta property=\"og:url\" content=\"https:\/\/wire-processor.eu\/cs\/oferta\/automat-pro-rezani-odizolovani-rozrezavani-paskovych-vodicu-bzw-882d-f\/\" \/>\n<meta property=\"og:site_name\" content=\"Wire processor\" \/>\n<meta property=\"og:image\" content=\"https:\/\/wire-processor.eu\/wp-content\/uploads\/2018\/05\/BZW-882DF-\u673a\u5668.jpg\" \/>\n\t<meta property=\"og:image:width\" content=\"1600\" \/>\n\t<meta property=\"og:image:height\" content=\"1600\" \/>\n\t<meta property=\"og:image:type\" content=\"image\/jpeg\" \/>\n<meta name=\"twitter:card\" content=\"summary_large_image\" \/>\n<script type=\"application\/ld+json\" class=\"yoast-schema-graph\">{\"@context\":\"https:\/\/schema.org\",\"@graph\":[{\"@type\":\"WebPage\",\"@id\":\"https:\/\/wire-processor.eu\/cs\/oferta\/automat-pro-rezani-odizolovani-rozrezavani-paskovych-vodicu-bzw-882d-f\/\",\"url\":\"https:\/\/wire-processor.eu\/cs\/oferta\/automat-pro-rezani-odizolovani-rozrezavani-paskovych-vodicu-bzw-882d-f\/\",\"name\":\"Automat pro \u0159ez\u00e1n\u00ed, odizolov\u00e1n\u00ed, roz\u0159ez\u00e1v\u00e1n\u00ed p\u00e1skov\u00fdch vodi\u010d\u016f BZW-882D F - Wire processor\",\"isPartOf\":{\"@id\":\"https:\/\/wire-processor.eu\/en\/#website\"},\"primaryImageOfPage\":{\"@id\":\"https:\/\/wire-processor.eu\/cs\/oferta\/automat-pro-rezani-odizolovani-rozrezavani-paskovych-vodicu-bzw-882d-f\/#primaryimage\"},\"image\":{\"@id\":\"https:\/\/wire-processor.eu\/cs\/oferta\/automat-pro-rezani-odizolovani-rozrezavani-paskovych-vodicu-bzw-882d-f\/#primaryimage\"},\"thumbnailUrl\":\"https:\/\/wire-processor.eu\/wp-content\/uploads\/2018\/05\/BZW-882DF-\u673a\u5668.jpg\",\"datePublished\":\"2018-04-28T19:41:41+00:00\",\"breadcrumb\":{\"@id\":\"https:\/\/wire-processor.eu\/cs\/oferta\/automat-pro-rezani-odizolovani-rozrezavani-paskovych-vodicu-bzw-882d-f\/#breadcrumb\"},\"inLanguage\":\"cs\",\"potentialAction\":[{\"@type\":\"ReadAction\",\"target\":[\"https:\/\/wire-processor.eu\/cs\/oferta\/automat-pro-rezani-odizolovani-rozrezavani-paskovych-vodicu-bzw-882d-f\/\"]}]},{\"@type\":\"ImageObject\",\"inLanguage\":\"cs\",\"@id\":\"https:\/\/wire-processor.eu\/cs\/oferta\/automat-pro-rezani-odizolovani-rozrezavani-paskovych-vodicu-bzw-882d-f\/#primaryimage\",\"url\":\"https:\/\/wire-processor.eu\/wp-content\/uploads\/2018\/05\/BZW-882DF-\u673a\u5668.jpg\",\"contentUrl\":\"https:\/\/wire-processor.eu\/wp-content\/uploads\/2018\/05\/BZW-882DF-\u673a\u5668.jpg\",\"width\":1600,\"height\":1600,\"caption\":\"Automat pro \u0159ez\u00e1n\u00ed, odizolov\u00e1n\u00ed, roz\u0159ez\u00e1v\u00e1n\u00ed p\u00e1skov\u00fdch vodi\u010d\u016f BZW-882D F\"},{\"@type\":\"BreadcrumbList\",\"@id\":\"https:\/\/wire-processor.eu\/cs\/oferta\/automat-pro-rezani-odizolovani-rozrezavani-paskovych-vodicu-bzw-882d-f\/#breadcrumb\",\"itemListElement\":[{\"@type\":\"ListItem\",\"position\":1,\"name\":\"Strona g\u0142\u00f3wna\",\"item\":\"https:\/\/wire-processor.eu\/cs\/\"},{\"@type\":\"ListItem\",\"position\":2,\"name\":\"Nab\u00eddka\",\"item\":\"https:\/\/wire-processor.eu\/cs\/nabidka\/\"},{\"@type\":\"ListItem\",\"position\":3,\"name\":\"Automat pro \u0159ez\u00e1n\u00ed, odizolov\u00e1n\u00ed, roz\u0159ez\u00e1v\u00e1n\u00ed p\u00e1skov\u00fdch vodi\u010d\u016f BZW-882D F\"}]},{\"@type\":\"WebSite\",\"@id\":\"https:\/\/wire-processor.eu\/en\/#website\",\"url\":\"https:\/\/wire-processor.eu\/en\/\",\"name\":\"Wire processor\",\"description\":\"Maszyny do obr\u00f3bki przewod\u00f3w\",\"publisher\":{\"@id\":\"https:\/\/wire-processor.eu\/en\/#organization\"},\"potentialAction\":[{\"@type\":\"SearchAction\",\"target\":{\"@type\":\"EntryPoint\",\"urlTemplate\":\"https:\/\/wire-processor.eu\/en\/?s={search_term_string}\"},\"query-input\":{\"@type\":\"PropertyValueSpecification\",\"valueRequired\":true,\"valueName\":\"search_term_string\"}}],\"inLanguage\":\"cs\"},{\"@type\":\"Organization\",\"@id\":\"https:\/\/wire-processor.eu\/en\/#organization\",\"name\":\"Wire processor - maszyny do przewod\u00f3w\",\"url\":\"https:\/\/wire-processor.eu\/en\/\",\"logo\":{\"@type\":\"ImageObject\",\"inLanguage\":\"cs\",\"@id\":\"https:\/\/wire-processor.eu\/en\/#\/schema\/logo\/image\/\",\"url\":\"https:\/\/wire-processor.eu\/wp-content\/uploads\/2018\/04\/Bozwang-_logo_producent1.png\",\"contentUrl\":\"https:\/\/wire-processor.eu\/wp-content\/uploads\/2018\/04\/Bozwang-_logo_producent1.png\",\"width\":250,\"height\":33,\"caption\":\"Wire processor - maszyny do przewod\u00f3w\"},\"image\":{\"@id\":\"https:\/\/wire-processor.eu\/en\/#\/schema\/logo\/image\/\"}}]}<\/script>\n<!-- \/ Yoast SEO plugin. -->","yoast_head_json":{"title":"Automat pro \u0159ez\u00e1n\u00ed, odizolov\u00e1n\u00ed, roz\u0159ez\u00e1v\u00e1n\u00ed p\u00e1skov\u00fdch vodi\u010d\u016f BZW-882D F - Wire processor","robots":{"index":"index","follow":"follow","max-snippet":"max-snippet:-1","max-image-preview":"max-image-preview:large","max-video-preview":"max-video-preview:-1"},"canonical":"https:\/\/wire-processor.eu\/cs\/oferta\/automat-pro-rezani-odizolovani-rozrezavani-paskovych-vodicu-bzw-882d-f\/","og_locale":"cs_CZ","og_type":"article","og_title":"Automat pro \u0159ez\u00e1n\u00ed, odizolov\u00e1n\u00ed, roz\u0159ez\u00e1v\u00e1n\u00ed p\u00e1skov\u00fdch vodi\u010d\u016f BZW-882D F - Wire processor","og_description":"Wire range - within 20pin, AWG28#\uff1a1-20pin\uff1b AWG26#\uff1a1-15pin\uff1b AWG24#\uff1a1-12pin  Cutting length - 30 - 99999 mm  Dividing length - 1 - 200 mm  Cutting precision - &amp;plusmn;\uff080,2%*L+1\uff09mm  Stripping length - wire head 0,1-30mm , wire end 0,1-30 mm  Capacity - 1000-3000 pcs\/h  Tool materials - Imported tungsten steel and high speed steel  Drive: 4 wheels driven  Feeding speed: 0,7m\/s  Power - 220V 50HZ  Motor - 0,3KW  Air supply - 0,3MPa - 0,5 MPa  Weight - 31kg  Dimension - 460&amp;times;297&amp;times;345 mm","og_url":"https:\/\/wire-processor.eu\/cs\/oferta\/automat-pro-rezani-odizolovani-rozrezavani-paskovych-vodicu-bzw-882d-f\/","og_site_name":"Wire processor","og_image":[{"width":1600,"height":1600,"url":"https:\/\/wire-processor.eu\/wp-content\/uploads\/2018\/05\/BZW-882DF-\u673a\u5668.jpg","type":"image\/jpeg"}],"twitter_card":"summary_large_image","schema":{"@context":"https:\/\/schema.org","@graph":[{"@type":"WebPage","@id":"https:\/\/wire-processor.eu\/cs\/oferta\/automat-pro-rezani-odizolovani-rozrezavani-paskovych-vodicu-bzw-882d-f\/","url":"https:\/\/wire-processor.eu\/cs\/oferta\/automat-pro-rezani-odizolovani-rozrezavani-paskovych-vodicu-bzw-882d-f\/","name":"Automat pro \u0159ez\u00e1n\u00ed, odizolov\u00e1n\u00ed, roz\u0159ez\u00e1v\u00e1n\u00ed p\u00e1skov\u00fdch vodi\u010d\u016f BZW-882D F - Wire processor","isPartOf":{"@id":"https:\/\/wire-processor.eu\/en\/#website"},"primaryImageOfPage":{"@id":"https:\/\/wire-processor.eu\/cs\/oferta\/automat-pro-rezani-odizolovani-rozrezavani-paskovych-vodicu-bzw-882d-f\/#primaryimage"},"image":{"@id":"https:\/\/wire-processor.eu\/cs\/oferta\/automat-pro-rezani-odizolovani-rozrezavani-paskovych-vodicu-bzw-882d-f\/#primaryimage"},"thumbnailUrl":"https:\/\/wire-processor.eu\/wp-content\/uploads\/2018\/05\/BZW-882DF-\u673a\u5668.jpg","datePublished":"2018-04-28T19:41:41+00:00","breadcrumb":{"@id":"https:\/\/wire-processor.eu\/cs\/oferta\/automat-pro-rezani-odizolovani-rozrezavani-paskovych-vodicu-bzw-882d-f\/#breadcrumb"},"inLanguage":"cs","potentialAction":[{"@type":"ReadAction","target":["https:\/\/wire-processor.eu\/cs\/oferta\/automat-pro-rezani-odizolovani-rozrezavani-paskovych-vodicu-bzw-882d-f\/"]}]},{"@type":"ImageObject","inLanguage":"cs","@id":"https:\/\/wire-processor.eu\/cs\/oferta\/automat-pro-rezani-odizolovani-rozrezavani-paskovych-vodicu-bzw-882d-f\/#primaryimage","url":"https:\/\/wire-processor.eu\/wp-content\/uploads\/2018\/05\/BZW-882DF-\u673a\u5668.jpg","contentUrl":"https:\/\/wire-processor.eu\/wp-content\/uploads\/2018\/05\/BZW-882DF-\u673a\u5668.jpg","width":1600,"height":1600,"caption":"Automat pro \u0159ez\u00e1n\u00ed, odizolov\u00e1n\u00ed, roz\u0159ez\u00e1v\u00e1n\u00ed p\u00e1skov\u00fdch vodi\u010d\u016f BZW-882D F"},{"@type":"BreadcrumbList","@id":"https:\/\/wire-processor.eu\/cs\/oferta\/automat-pro-rezani-odizolovani-rozrezavani-paskovych-vodicu-bzw-882d-f\/#breadcrumb","itemListElement":[{"@type":"ListItem","position":1,"name":"Strona g\u0142\u00f3wna","item":"https:\/\/wire-processor.eu\/cs\/"},{"@type":"ListItem","position":2,"name":"Nab\u00eddka","item":"https:\/\/wire-processor.eu\/cs\/nabidka\/"},{"@type":"ListItem","position":3,"name":"Automat pro \u0159ez\u00e1n\u00ed, odizolov\u00e1n\u00ed, roz\u0159ez\u00e1v\u00e1n\u00ed p\u00e1skov\u00fdch vodi\u010d\u016f BZW-882D F"}]},{"@type":"WebSite","@id":"https:\/\/wire-processor.eu\/en\/#website","url":"https:\/\/wire-processor.eu\/en\/","name":"Wire processor","description":"Maszyny do obr\u00f3bki przewod\u00f3w","publisher":{"@id":"https:\/\/wire-processor.eu\/en\/#organization"},"potentialAction":[{"@type":"SearchAction","target":{"@type":"EntryPoint","urlTemplate":"https:\/\/wire-processor.eu\/en\/?s={search_term_string}"},"query-input":{"@type":"PropertyValueSpecification","valueRequired":true,"valueName":"search_term_string"}}],"inLanguage":"cs"},{"@type":"Organization","@id":"https:\/\/wire-processor.eu\/en\/#organization","name":"Wire processor - maszyny do przewod\u00f3w","url":"https:\/\/wire-processor.eu\/en\/","logo":{"@type":"ImageObject","inLanguage":"cs","@id":"https:\/\/wire-processor.eu\/en\/#\/schema\/logo\/image\/","url":"https:\/\/wire-processor.eu\/wp-content\/uploads\/2018\/04\/Bozwang-_logo_producent1.png","contentUrl":"https:\/\/wire-processor.eu\/wp-content\/uploads\/2018\/04\/Bozwang-_logo_producent1.png","width":250,"height":33,"caption":"Wire processor - maszyny do przewod\u00f3w"},"image":{"@id":"https:\/\/wire-processor.eu\/en\/#\/schema\/logo\/image\/"}}]}},"_links":{"self":[{"href":"https:\/\/wire-processor.eu\/cs\/wp-json\/wp\/v2\/product\/14052","targetHints":{"allow":["GET"]}}],"collection":[{"href":"https:\/\/wire-processor.eu\/cs\/wp-json\/wp\/v2\/product"}],"about":[{"href":"https:\/\/wire-processor.eu\/cs\/wp-json\/wp\/v2\/types\/product"}],"wp:featuredmedia":[{"embeddable":true,"href":"https:\/\/wire-processor.eu\/cs\/wp-json\/wp\/v2\/media\/14053"}],"wp:attachment":[{"href":"https:\/\/wire-processor.eu\/cs\/wp-json\/wp\/v2\/media?parent=14052"}],"wp:term":[{"taxonomy":"product_brand","embeddable":true,"href":"https:\/\/wire-processor.eu\/cs\/wp-json\/wp\/v2\/product_brand?post=14052"},{"taxonomy":"product_cat","embeddable":true,"href":"https:\/\/wire-processor.eu\/cs\/wp-json\/wp\/v2\/product_cat?post=14052"},{"taxonomy":"product_tag","embeddable":true,"href":"https:\/\/wire-processor.eu\/cs\/wp-json\/wp\/v2\/product_tag?post=14052"}],"curies":[{"name":"wp","href":"https:\/\/api.w.org\/{rel}","templated":true}]}}