{"id":14057,"date":"2018-04-28T21:44:27","date_gmt":"2018-04-28T19:44:27","guid":{"rendered":"https:\/\/wire-processor.eu\/oferta\/nezarazene\/automat-pro-rezani-odizolovani-staceni-vodicu-10-25mm2-bzw-228-n\/"},"modified":"2024-01-24T20:10:34","modified_gmt":"2024-01-24T19:10:34","slug":"automat-pro-rezani-odizolovani-staceni-vodicu-0-1-2-0mm2-bzw-228-n","status":"publish","type":"product","link":"https:\/\/wire-processor.eu\/cs\/oferta\/automat-pro-rezani-odizolovani-staceni-vodicu-0-1-2-0mm2-bzw-228-n\/","title":{"rendered":"Automat pro \u0159ez\u00e1n\u00ed, odizolov\u00e1n\u00ed, st\u00e1\u010den\u00ed vodi\u010d\u016f 0.1-2.0mm2 BZW-228 N"},"content":{"rendered":"","protected":false},"excerpt":{"rendered":"<ul>\n<li>Outer dimension: 420 x 580 x 320 mm<\/li>\n<li>Weight: 35 kg<\/li>\n<li>Display: 128 x 80 Blue LCD<\/li>\n<li>Power supply: AC215-235V \u226650\/Hz<\/li>\n<li>Power: 120 &#8211; 250 W<\/li>\n<li>Cutting length: 1mm-99999,9mm<\/li>\n<li>Middle stripping: 13 stripping positions in the middle.<\/li>\n<li>Stripping length: Stripping head: 0,1 &#8211; 30mm, stripping end: 0,1 &#8211; 30mm<\/li>\n<li>Applicable wire core area: 0.1-2.0mm2 *2 (AWG11#-28#)*2<\/li>\n<li>Cutting tolerance: 0,002 x L mm (within) x L= cutting length<\/li>\n<li>Twisting range: AWG11#-28# (double line)<\/li>\n<li>Twisting length: 0-30mm<\/li>\n<li>Max. Guide bushing diameter: 1,5-5mm<\/li>\n<li>Blade materials: imported high speed steel, tungsten steel<\/li>\n<li>Drive: 4 Wheels driving<\/li>\n<li>Stripping capacity per hour: 4000-10000 pieces<\/li>\n<li>Wire pressure adjustment: have<\/li>\n<li>Pulse equivalent: no error within 1 m.<\/li>\n<li>Program: it can storage 200 programs; it doesn&amp;rsquo;t need to reset parameters while changing the different wire.<\/li>\n<li>Total: 999999 pieces<\/li>\n<li>Batch: 99999 pieces<\/li>\n<li>Blade motor precision: 0,03mm<\/li>\n<li>Precision for inlet and outlet motor: mute mixed stepping motor, each step is about 0,1mm<\/li>\n<li>Remarked function: automatic pre-feeding and discharging, time sets for automatic starting, exclusive striping and discharging the wire. The program 96 is for processing the super short wire.<\/li>\n<li>The shortest twisting function: the wire could be twisted while the middle part of the wire skin length remains 26mm.<\/li>\n<\/ul>\n","protected":false},"featured_media":14058,"template":"","meta":[],"product_brand":[],"product_cat":[560],"product_tag":[],"class_list":{"0":"post-14057","1":"product","2":"type-product","3":"status-publish","4":"has-post-thumbnail","6":"product_cat-automaty-na-zpracovani-vodicu","8":"first","9":"instock","10":"shipping-taxable","11":"product-type-simple"},"yoast_head":"<!-- This site is optimized with the Yoast SEO plugin v26.3 - https:\/\/yoast.com\/wordpress\/plugins\/seo\/ -->\n<title>Automat pro \u0159ez\u00e1n\u00ed, odizolov\u00e1n\u00ed, st\u00e1\u010den\u00ed vodi\u010d\u016f 10-25mm2 BZW-228 N - Wire processor<\/title>\n<meta name=\"robots\" content=\"index, follow, max-snippet:-1, max-image-preview:large, max-video-preview:-1\" \/>\n<link rel=\"canonical\" href=\"https:\/\/wire-processor.eu\/cs\/oferta\/automat-pro-rezani-odizolovani-staceni-vodicu-0-1-2-0mm2-bzw-228-n\/\" \/>\n<meta property=\"og:locale\" content=\"cs_CZ\" \/>\n<meta property=\"og:type\" content=\"article\" \/>\n<meta property=\"og:title\" content=\"Automat pro \u0159ez\u00e1n\u00ed, odizolov\u00e1n\u00ed, st\u00e1\u010den\u00ed vodi\u010d\u016f 10-25mm2 BZW-228 N - Wire processor\" \/>\n<meta property=\"og:description\" content=\"Outer dimension: 420 x 580 x 320 mm  Weight: 35 kg  Display: 128 x 80 Blue LCD  Power supply: AC215-235V \u226650\/Hz  Power: 120 - 250 W  Cutting length: 1mm-99999,9mm  Middle stripping: 13 stripping positions in the middle.  Stripping length: Stripping head: 0,1 - 30mm, stripping end: 0,1 - 30mm  Applicable wire core area: 0.1-2.0mm2 *2 (AWG11#-28#)*2  Cutting tolerance: 0,002 x L mm (within) x L= cutting length  Twisting range: AWG11#-28# (double line)  Twisting length: 0-30mm  Max. Guide bushing diameter: 1,5-5mm  Blade materials: imported high speed steel, tungsten steel  Drive: 4 Wheels driving  Stripping capacity per hour: 4000-10000 pieces  Wire pressure adjustment: have  Pulse equivalent: no error within 1 m.  Program: it can storage 200 programs; it doesn&amp;rsquo;t need to reset parameters while changing the different wire.  Total: 999999 pieces  Batch: 99999 pieces  Blade motor precision: 0,03mm  Precision for inlet and outlet motor: mute mixed stepping motor, each step is about 0,1mm  Remarked function: automatic pre-feeding and discharging, time sets for automatic starting, exclusive striping and discharging the wire. The program 96 is for processing the super short wire.  The shortest twisting function: the wire could be twisted while the middle part of the wire skin length remains 26mm.\" \/>\n<meta property=\"og:url\" content=\"https:\/\/wire-processor.eu\/cs\/oferta\/automat-pro-rezani-odizolovani-staceni-vodicu-0-1-2-0mm2-bzw-228-n\/\" \/>\n<meta property=\"og:site_name\" content=\"Wire processor\" \/>\n<meta property=\"article:modified_time\" content=\"2024-01-24T19:10:34+00:00\" \/>\n<meta property=\"og:image\" content=\"https:\/\/wire-processor.eu\/wp-content\/uploads\/2018\/05\/BZW-228N.jpg\" \/>\n\t<meta property=\"og:image:width\" content=\"1600\" \/>\n\t<meta property=\"og:image:height\" content=\"1600\" \/>\n\t<meta property=\"og:image:type\" content=\"image\/jpeg\" \/>\n<meta name=\"twitter:card\" content=\"summary_large_image\" \/>\n<script type=\"application\/ld+json\" class=\"yoast-schema-graph\">{\"@context\":\"https:\/\/schema.org\",\"@graph\":[{\"@type\":\"WebPage\",\"@id\":\"https:\/\/wire-processor.eu\/cs\/oferta\/automat-pro-rezani-odizolovani-staceni-vodicu-0-1-2-0mm2-bzw-228-n\/\",\"url\":\"https:\/\/wire-processor.eu\/cs\/oferta\/automat-pro-rezani-odizolovani-staceni-vodicu-0-1-2-0mm2-bzw-228-n\/\",\"name\":\"Automat pro \u0159ez\u00e1n\u00ed, odizolov\u00e1n\u00ed, st\u00e1\u010den\u00ed vodi\u010d\u016f 10-25mm2 BZW-228 N - Wire processor\",\"isPartOf\":{\"@id\":\"https:\/\/wire-processor.eu\/en\/#website\"},\"primaryImageOfPage\":{\"@id\":\"https:\/\/wire-processor.eu\/cs\/oferta\/automat-pro-rezani-odizolovani-staceni-vodicu-0-1-2-0mm2-bzw-228-n\/#primaryimage\"},\"image\":{\"@id\":\"https:\/\/wire-processor.eu\/cs\/oferta\/automat-pro-rezani-odizolovani-staceni-vodicu-0-1-2-0mm2-bzw-228-n\/#primaryimage\"},\"thumbnailUrl\":\"https:\/\/wire-processor.eu\/wp-content\/uploads\/2018\/05\/BZW-228N.jpg\",\"datePublished\":\"2018-04-28T19:44:27+00:00\",\"dateModified\":\"2024-01-24T19:10:34+00:00\",\"breadcrumb\":{\"@id\":\"https:\/\/wire-processor.eu\/cs\/oferta\/automat-pro-rezani-odizolovani-staceni-vodicu-0-1-2-0mm2-bzw-228-n\/#breadcrumb\"},\"inLanguage\":\"cs\",\"potentialAction\":[{\"@type\":\"ReadAction\",\"target\":[\"https:\/\/wire-processor.eu\/cs\/oferta\/automat-pro-rezani-odizolovani-staceni-vodicu-0-1-2-0mm2-bzw-228-n\/\"]}]},{\"@type\":\"ImageObject\",\"inLanguage\":\"cs\",\"@id\":\"https:\/\/wire-processor.eu\/cs\/oferta\/automat-pro-rezani-odizolovani-staceni-vodicu-0-1-2-0mm2-bzw-228-n\/#primaryimage\",\"url\":\"https:\/\/wire-processor.eu\/wp-content\/uploads\/2018\/05\/BZW-228N.jpg\",\"contentUrl\":\"https:\/\/wire-processor.eu\/wp-content\/uploads\/2018\/05\/BZW-228N.jpg\",\"width\":1600,\"height\":1600,\"caption\":\"Automat pro \u0159ez\u00e1n\u00ed, odizolov\u00e1n\u00ed, st\u00e1\u010den\u00ed vodi\u010d\u016f 10-25mm2 BZW-228 N\"},{\"@type\":\"BreadcrumbList\",\"@id\":\"https:\/\/wire-processor.eu\/cs\/oferta\/automat-pro-rezani-odizolovani-staceni-vodicu-0-1-2-0mm2-bzw-228-n\/#breadcrumb\",\"itemListElement\":[{\"@type\":\"ListItem\",\"position\":1,\"name\":\"Strona g\u0142\u00f3wna\",\"item\":\"https:\/\/wire-processor.eu\/cs\/\"},{\"@type\":\"ListItem\",\"position\":2,\"name\":\"Nab\u00eddka\",\"item\":\"https:\/\/wire-processor.eu\/cs\/nabidka\/\"},{\"@type\":\"ListItem\",\"position\":3,\"name\":\"Automat pro \u0159ez\u00e1n\u00ed, odizolov\u00e1n\u00ed, st\u00e1\u010den\u00ed vodi\u010d\u016f 0.1-2.0mm2 BZW-228 N\"}]},{\"@type\":\"WebSite\",\"@id\":\"https:\/\/wire-processor.eu\/en\/#website\",\"url\":\"https:\/\/wire-processor.eu\/en\/\",\"name\":\"Wire processor\",\"description\":\"Maszyny do obr\u00f3bki przewod\u00f3w\",\"publisher\":{\"@id\":\"https:\/\/wire-processor.eu\/en\/#organization\"},\"potentialAction\":[{\"@type\":\"SearchAction\",\"target\":{\"@type\":\"EntryPoint\",\"urlTemplate\":\"https:\/\/wire-processor.eu\/en\/?s={search_term_string}\"},\"query-input\":{\"@type\":\"PropertyValueSpecification\",\"valueRequired\":true,\"valueName\":\"search_term_string\"}}],\"inLanguage\":\"cs\"},{\"@type\":\"Organization\",\"@id\":\"https:\/\/wire-processor.eu\/en\/#organization\",\"name\":\"Wire processor - maszyny do przewod\u00f3w\",\"url\":\"https:\/\/wire-processor.eu\/en\/\",\"logo\":{\"@type\":\"ImageObject\",\"inLanguage\":\"cs\",\"@id\":\"https:\/\/wire-processor.eu\/en\/#\/schema\/logo\/image\/\",\"url\":\"https:\/\/wire-processor.eu\/wp-content\/uploads\/2018\/04\/Bozwang-_logo_producent1.png\",\"contentUrl\":\"https:\/\/wire-processor.eu\/wp-content\/uploads\/2018\/04\/Bozwang-_logo_producent1.png\",\"width\":250,\"height\":33,\"caption\":\"Wire processor - maszyny do przewod\u00f3w\"},\"image\":{\"@id\":\"https:\/\/wire-processor.eu\/en\/#\/schema\/logo\/image\/\"}}]}<\/script>\n<!-- \/ Yoast SEO plugin. -->","yoast_head_json":{"title":"Automat pro \u0159ez\u00e1n\u00ed, odizolov\u00e1n\u00ed, st\u00e1\u010den\u00ed vodi\u010d\u016f 10-25mm2 BZW-228 N - Wire processor","robots":{"index":"index","follow":"follow","max-snippet":"max-snippet:-1","max-image-preview":"max-image-preview:large","max-video-preview":"max-video-preview:-1"},"canonical":"https:\/\/wire-processor.eu\/cs\/oferta\/automat-pro-rezani-odizolovani-staceni-vodicu-0-1-2-0mm2-bzw-228-n\/","og_locale":"cs_CZ","og_type":"article","og_title":"Automat pro \u0159ez\u00e1n\u00ed, odizolov\u00e1n\u00ed, st\u00e1\u010den\u00ed vodi\u010d\u016f 10-25mm2 BZW-228 N - Wire processor","og_description":"Outer dimension: 420 x 580 x 320 mm  Weight: 35 kg  Display: 128 x 80 Blue LCD  Power supply: AC215-235V \u226650\/Hz  Power: 120 - 250 W  Cutting length: 1mm-99999,9mm  Middle stripping: 13 stripping positions in the middle.  Stripping length: Stripping head: 0,1 - 30mm, stripping end: 0,1 - 30mm  Applicable wire core area: 0.1-2.0mm2 *2 (AWG11#-28#)*2  Cutting tolerance: 0,002 x L mm (within) x L= cutting length  Twisting range: AWG11#-28# (double line)  Twisting length: 0-30mm  Max. Guide bushing diameter: 1,5-5mm  Blade materials: imported high speed steel, tungsten steel  Drive: 4 Wheels driving  Stripping capacity per hour: 4000-10000 pieces  Wire pressure adjustment: have  Pulse equivalent: no error within 1 m.  Program: it can storage 200 programs; it doesn&amp;rsquo;t need to reset parameters while changing the different wire.  Total: 999999 pieces  Batch: 99999 pieces  Blade motor precision: 0,03mm  Precision for inlet and outlet motor: mute mixed stepping motor, each step is about 0,1mm  Remarked function: automatic pre-feeding and discharging, time sets for automatic starting, exclusive striping and discharging the wire. The program 96 is for processing the super short wire.  The shortest twisting function: the wire could be twisted while the middle part of the wire skin length remains 26mm.","og_url":"https:\/\/wire-processor.eu\/cs\/oferta\/automat-pro-rezani-odizolovani-staceni-vodicu-0-1-2-0mm2-bzw-228-n\/","og_site_name":"Wire processor","article_modified_time":"2024-01-24T19:10:34+00:00","og_image":[{"width":1600,"height":1600,"url":"https:\/\/wire-processor.eu\/wp-content\/uploads\/2018\/05\/BZW-228N.jpg","type":"image\/jpeg"}],"twitter_card":"summary_large_image","schema":{"@context":"https:\/\/schema.org","@graph":[{"@type":"WebPage","@id":"https:\/\/wire-processor.eu\/cs\/oferta\/automat-pro-rezani-odizolovani-staceni-vodicu-0-1-2-0mm2-bzw-228-n\/","url":"https:\/\/wire-processor.eu\/cs\/oferta\/automat-pro-rezani-odizolovani-staceni-vodicu-0-1-2-0mm2-bzw-228-n\/","name":"Automat pro \u0159ez\u00e1n\u00ed, odizolov\u00e1n\u00ed, st\u00e1\u010den\u00ed vodi\u010d\u016f 10-25mm2 BZW-228 N - Wire processor","isPartOf":{"@id":"https:\/\/wire-processor.eu\/en\/#website"},"primaryImageOfPage":{"@id":"https:\/\/wire-processor.eu\/cs\/oferta\/automat-pro-rezani-odizolovani-staceni-vodicu-0-1-2-0mm2-bzw-228-n\/#primaryimage"},"image":{"@id":"https:\/\/wire-processor.eu\/cs\/oferta\/automat-pro-rezani-odizolovani-staceni-vodicu-0-1-2-0mm2-bzw-228-n\/#primaryimage"},"thumbnailUrl":"https:\/\/wire-processor.eu\/wp-content\/uploads\/2018\/05\/BZW-228N.jpg","datePublished":"2018-04-28T19:44:27+00:00","dateModified":"2024-01-24T19:10:34+00:00","breadcrumb":{"@id":"https:\/\/wire-processor.eu\/cs\/oferta\/automat-pro-rezani-odizolovani-staceni-vodicu-0-1-2-0mm2-bzw-228-n\/#breadcrumb"},"inLanguage":"cs","potentialAction":[{"@type":"ReadAction","target":["https:\/\/wire-processor.eu\/cs\/oferta\/automat-pro-rezani-odizolovani-staceni-vodicu-0-1-2-0mm2-bzw-228-n\/"]}]},{"@type":"ImageObject","inLanguage":"cs","@id":"https:\/\/wire-processor.eu\/cs\/oferta\/automat-pro-rezani-odizolovani-staceni-vodicu-0-1-2-0mm2-bzw-228-n\/#primaryimage","url":"https:\/\/wire-processor.eu\/wp-content\/uploads\/2018\/05\/BZW-228N.jpg","contentUrl":"https:\/\/wire-processor.eu\/wp-content\/uploads\/2018\/05\/BZW-228N.jpg","width":1600,"height":1600,"caption":"Automat pro \u0159ez\u00e1n\u00ed, odizolov\u00e1n\u00ed, st\u00e1\u010den\u00ed vodi\u010d\u016f 10-25mm2 BZW-228 N"},{"@type":"BreadcrumbList","@id":"https:\/\/wire-processor.eu\/cs\/oferta\/automat-pro-rezani-odizolovani-staceni-vodicu-0-1-2-0mm2-bzw-228-n\/#breadcrumb","itemListElement":[{"@type":"ListItem","position":1,"name":"Strona g\u0142\u00f3wna","item":"https:\/\/wire-processor.eu\/cs\/"},{"@type":"ListItem","position":2,"name":"Nab\u00eddka","item":"https:\/\/wire-processor.eu\/cs\/nabidka\/"},{"@type":"ListItem","position":3,"name":"Automat pro \u0159ez\u00e1n\u00ed, odizolov\u00e1n\u00ed, st\u00e1\u010den\u00ed vodi\u010d\u016f 0.1-2.0mm2 BZW-228 N"}]},{"@type":"WebSite","@id":"https:\/\/wire-processor.eu\/en\/#website","url":"https:\/\/wire-processor.eu\/en\/","name":"Wire processor","description":"Maszyny do obr\u00f3bki przewod\u00f3w","publisher":{"@id":"https:\/\/wire-processor.eu\/en\/#organization"},"potentialAction":[{"@type":"SearchAction","target":{"@type":"EntryPoint","urlTemplate":"https:\/\/wire-processor.eu\/en\/?s={search_term_string}"},"query-input":{"@type":"PropertyValueSpecification","valueRequired":true,"valueName":"search_term_string"}}],"inLanguage":"cs"},{"@type":"Organization","@id":"https:\/\/wire-processor.eu\/en\/#organization","name":"Wire processor - maszyny do przewod\u00f3w","url":"https:\/\/wire-processor.eu\/en\/","logo":{"@type":"ImageObject","inLanguage":"cs","@id":"https:\/\/wire-processor.eu\/en\/#\/schema\/logo\/image\/","url":"https:\/\/wire-processor.eu\/wp-content\/uploads\/2018\/04\/Bozwang-_logo_producent1.png","contentUrl":"https:\/\/wire-processor.eu\/wp-content\/uploads\/2018\/04\/Bozwang-_logo_producent1.png","width":250,"height":33,"caption":"Wire processor - maszyny do przewod\u00f3w"},"image":{"@id":"https:\/\/wire-processor.eu\/en\/#\/schema\/logo\/image\/"}}]}},"_links":{"self":[{"href":"https:\/\/wire-processor.eu\/cs\/wp-json\/wp\/v2\/product\/14057","targetHints":{"allow":["GET"]}}],"collection":[{"href":"https:\/\/wire-processor.eu\/cs\/wp-json\/wp\/v2\/product"}],"about":[{"href":"https:\/\/wire-processor.eu\/cs\/wp-json\/wp\/v2\/types\/product"}],"wp:featuredmedia":[{"embeddable":true,"href":"https:\/\/wire-processor.eu\/cs\/wp-json\/wp\/v2\/media\/14058"}],"wp:attachment":[{"href":"https:\/\/wire-processor.eu\/cs\/wp-json\/wp\/v2\/media?parent=14057"}],"wp:term":[{"taxonomy":"product_brand","embeddable":true,"href":"https:\/\/wire-processor.eu\/cs\/wp-json\/wp\/v2\/product_brand?post=14057"},{"taxonomy":"product_cat","embeddable":true,"href":"https:\/\/wire-processor.eu\/cs\/wp-json\/wp\/v2\/product_cat?post=14057"},{"taxonomy":"product_tag","embeddable":true,"href":"https:\/\/wire-processor.eu\/cs\/wp-json\/wp\/v2\/product_tag?post=14057"}],"curies":[{"name":"wp","href":"https:\/\/api.w.org\/{rel}","templated":true}]}}