{"id":14093,"date":"2018-04-28T22:05:34","date_gmt":"2018-04-28T20:05:34","guid":{"rendered":"https:\/\/wire-processor.eu\/oferta\/nezarazene\/lis-pro-lisovani-koncovek-20kn-s-funkci-loupani-bzw-2t-dj\/"},"modified":"2018-04-28T22:05:34","modified_gmt":"2018-04-28T20:05:34","slug":"lis-pro-lisovani-koncovek-20kn-s-funkci-loupani-bzw-2t-dj","status":"publish","type":"product","link":"https:\/\/wire-processor.eu\/cs\/oferta\/lis-pro-lisovani-koncovek-20kn-s-funkci-loupani-bzw-2t-dj\/","title":{"rendered":"Lis pro lisov\u00e1n\u00ed koncovek 20KN s funkc\u00ed loup\u00e1n\u00ed BZW-2T-DJ"},"content":{"rendered":"","protected":false},"excerpt":{"rendered":"<ul>\n<li>Specification: 300 x 340 x 650 mm<\/li>\n<li>Weight: 60 kg<\/li>\n<li>Crimping force: 20kN<\/li>\n<li>Average power consumption: 0,45kW<\/li>\n<li>Motor power: 0,75 kW<\/li>\n<li>Power: 220V 50 Hz<\/li>\n<li>Stroke: 30mm<\/li>\n<li>Stripping range: 18-34 AWG<\/li>\n<\/ul>\n","protected":false},"featured_media":14094,"template":"","meta":[],"product_brand":[],"product_cat":[548],"product_tag":[],"class_list":{"0":"post-14093","1":"product","2":"type-product","3":"status-publish","4":"has-post-thumbnail","6":"product_cat-poloautomaticka-zarizeni-na-lisovani-koncovek","8":"first","9":"instock","10":"shipping-taxable","11":"product-type-simple"},"yoast_head":"<!-- This site is optimized with the Yoast SEO plugin v26.3 - https:\/\/yoast.com\/wordpress\/plugins\/seo\/ -->\n<title>Lis pro lisov\u00e1n\u00ed koncovek 20KN s funkc\u00ed loup\u00e1n\u00ed BZW-2T-DJ<\/title>\n<meta name=\"robots\" content=\"index, follow, max-snippet:-1, max-image-preview:large, max-video-preview:-1\" \/>\n<link rel=\"canonical\" href=\"https:\/\/wire-processor.eu\/cs\/oferta\/lis-pro-lisovani-koncovek-20kn-s-funkci-loupani-bzw-2t-dj\/\" \/>\n<meta property=\"og:locale\" content=\"cs_CZ\" \/>\n<meta property=\"og:type\" content=\"article\" \/>\n<meta property=\"og:title\" content=\"Lis pro lisov\u00e1n\u00ed koncovek 20KN s funkc\u00ed loup\u00e1n\u00ed BZW-2T-DJ\" \/>\n<meta property=\"og:description\" content=\"Specification: 300 x 340 x 650 mm  Weight: 60 kg  Crimping force: 20kN  Average power consumption: 0,45kW  Motor power: 0,75 kW  Power: 220V 50 Hz  Stroke: 30mm  Stripping range: 18-34 AWG\" \/>\n<meta property=\"og:url\" content=\"https:\/\/wire-processor.eu\/cs\/oferta\/lis-pro-lisovani-koncovek-20kn-s-funkci-loupani-bzw-2t-dj\/\" \/>\n<meta property=\"og:site_name\" content=\"Wire processor\" \/>\n<meta property=\"og:image\" content=\"https:\/\/wire-processor.eu\/wp-content\/uploads\/2018\/05\/BZW-2T-DJ-\u5265\u76ae\u5e26\u6253\u7aef\u5b50\u673a.jpg\" \/>\n\t<meta property=\"og:image:width\" content=\"1599\" \/>\n\t<meta property=\"og:image:height\" content=\"1600\" \/>\n\t<meta property=\"og:image:type\" content=\"image\/jpeg\" \/>\n<meta name=\"twitter:card\" content=\"summary_large_image\" \/>\n<script type=\"application\/ld+json\" class=\"yoast-schema-graph\">{\"@context\":\"https:\/\/schema.org\",\"@graph\":[{\"@type\":\"WebPage\",\"@id\":\"https:\/\/wire-processor.eu\/cs\/oferta\/lis-pro-lisovani-koncovek-20kn-s-funkci-loupani-bzw-2t-dj\/\",\"url\":\"https:\/\/wire-processor.eu\/cs\/oferta\/lis-pro-lisovani-koncovek-20kn-s-funkci-loupani-bzw-2t-dj\/\",\"name\":\"Lis pro lisov\u00e1n\u00ed koncovek 20KN s funkc\u00ed loup\u00e1n\u00ed BZW-2T-DJ\",\"isPartOf\":{\"@id\":\"https:\/\/wire-processor.eu\/en\/#website\"},\"primaryImageOfPage\":{\"@id\":\"https:\/\/wire-processor.eu\/cs\/oferta\/lis-pro-lisovani-koncovek-20kn-s-funkci-loupani-bzw-2t-dj\/#primaryimage\"},\"image\":{\"@id\":\"https:\/\/wire-processor.eu\/cs\/oferta\/lis-pro-lisovani-koncovek-20kn-s-funkci-loupani-bzw-2t-dj\/#primaryimage\"},\"thumbnailUrl\":\"https:\/\/wire-processor.eu\/wp-content\/uploads\/2018\/05\/BZW-2T-DJ-\u5265\u76ae\u5e26\u6253\u7aef\u5b50\u673a.jpg\",\"datePublished\":\"2018-04-28T20:05:34+00:00\",\"breadcrumb\":{\"@id\":\"https:\/\/wire-processor.eu\/cs\/oferta\/lis-pro-lisovani-koncovek-20kn-s-funkci-loupani-bzw-2t-dj\/#breadcrumb\"},\"inLanguage\":\"cs\",\"potentialAction\":[{\"@type\":\"ReadAction\",\"target\":[\"https:\/\/wire-processor.eu\/cs\/oferta\/lis-pro-lisovani-koncovek-20kn-s-funkci-loupani-bzw-2t-dj\/\"]}]},{\"@type\":\"ImageObject\",\"inLanguage\":\"cs\",\"@id\":\"https:\/\/wire-processor.eu\/cs\/oferta\/lis-pro-lisovani-koncovek-20kn-s-funkci-loupani-bzw-2t-dj\/#primaryimage\",\"url\":\"https:\/\/wire-processor.eu\/wp-content\/uploads\/2018\/05\/BZW-2T-DJ-\u5265\u76ae\u5e26\u6253\u7aef\u5b50\u673a.jpg\",\"contentUrl\":\"https:\/\/wire-processor.eu\/wp-content\/uploads\/2018\/05\/BZW-2T-DJ-\u5265\u76ae\u5e26\u6253\u7aef\u5b50\u673a.jpg\",\"width\":1599,\"height\":1600,\"caption\":\"Lis pro lisov\u00e1n\u00ed koncovek 20kN s funkc\u00ed loup\u00e1n\u00ed, v\u00fdm\u011bnn\u00fd aplik\u00e1tor BZW-2T-D\"},{\"@type\":\"BreadcrumbList\",\"@id\":\"https:\/\/wire-processor.eu\/cs\/oferta\/lis-pro-lisovani-koncovek-20kn-s-funkci-loupani-bzw-2t-dj\/#breadcrumb\",\"itemListElement\":[{\"@type\":\"ListItem\",\"position\":1,\"name\":\"Strona g\u0142\u00f3wna\",\"item\":\"https:\/\/wire-processor.eu\/cs\/\"},{\"@type\":\"ListItem\",\"position\":2,\"name\":\"Nab\u00eddka\",\"item\":\"https:\/\/wire-processor.eu\/cs\/nabidka\/\"},{\"@type\":\"ListItem\",\"position\":3,\"name\":\"Lis pro lisov\u00e1n\u00ed koncovek 20KN s funkc\u00ed loup\u00e1n\u00ed BZW-2T-DJ\"}]},{\"@type\":\"WebSite\",\"@id\":\"https:\/\/wire-processor.eu\/en\/#website\",\"url\":\"https:\/\/wire-processor.eu\/en\/\",\"name\":\"Wire processor\",\"description\":\"Maszyny do obr\u00f3bki przewod\u00f3w\",\"publisher\":{\"@id\":\"https:\/\/wire-processor.eu\/en\/#organization\"},\"potentialAction\":[{\"@type\":\"SearchAction\",\"target\":{\"@type\":\"EntryPoint\",\"urlTemplate\":\"https:\/\/wire-processor.eu\/en\/?s={search_term_string}\"},\"query-input\":{\"@type\":\"PropertyValueSpecification\",\"valueRequired\":true,\"valueName\":\"search_term_string\"}}],\"inLanguage\":\"cs\"},{\"@type\":\"Organization\",\"@id\":\"https:\/\/wire-processor.eu\/en\/#organization\",\"name\":\"Wire processor - maszyny do przewod\u00f3w\",\"url\":\"https:\/\/wire-processor.eu\/en\/\",\"logo\":{\"@type\":\"ImageObject\",\"inLanguage\":\"cs\",\"@id\":\"https:\/\/wire-processor.eu\/en\/#\/schema\/logo\/image\/\",\"url\":\"https:\/\/wire-processor.eu\/wp-content\/uploads\/2018\/04\/Bozwang-_logo_producent1.png\",\"contentUrl\":\"https:\/\/wire-processor.eu\/wp-content\/uploads\/2018\/04\/Bozwang-_logo_producent1.png\",\"width\":250,\"height\":33,\"caption\":\"Wire processor - maszyny do przewod\u00f3w\"},\"image\":{\"@id\":\"https:\/\/wire-processor.eu\/en\/#\/schema\/logo\/image\/\"}}]}<\/script>\n<!-- \/ Yoast SEO plugin. -->","yoast_head_json":{"title":"Lis pro lisov\u00e1n\u00ed koncovek 20KN s funkc\u00ed loup\u00e1n\u00ed BZW-2T-DJ","robots":{"index":"index","follow":"follow","max-snippet":"max-snippet:-1","max-image-preview":"max-image-preview:large","max-video-preview":"max-video-preview:-1"},"canonical":"https:\/\/wire-processor.eu\/cs\/oferta\/lis-pro-lisovani-koncovek-20kn-s-funkci-loupani-bzw-2t-dj\/","og_locale":"cs_CZ","og_type":"article","og_title":"Lis pro lisov\u00e1n\u00ed koncovek 20KN s funkc\u00ed loup\u00e1n\u00ed BZW-2T-DJ","og_description":"Specification: 300 x 340 x 650 mm  Weight: 60 kg  Crimping force: 20kN  Average power consumption: 0,45kW  Motor power: 0,75 kW  Power: 220V 50 Hz  Stroke: 30mm  Stripping range: 18-34 AWG","og_url":"https:\/\/wire-processor.eu\/cs\/oferta\/lis-pro-lisovani-koncovek-20kn-s-funkci-loupani-bzw-2t-dj\/","og_site_name":"Wire processor","og_image":[{"width":1599,"height":1600,"url":"https:\/\/wire-processor.eu\/wp-content\/uploads\/2018\/05\/BZW-2T-DJ-\u5265\u76ae\u5e26\u6253\u7aef\u5b50\u673a.jpg","type":"image\/jpeg"}],"twitter_card":"summary_large_image","schema":{"@context":"https:\/\/schema.org","@graph":[{"@type":"WebPage","@id":"https:\/\/wire-processor.eu\/cs\/oferta\/lis-pro-lisovani-koncovek-20kn-s-funkci-loupani-bzw-2t-dj\/","url":"https:\/\/wire-processor.eu\/cs\/oferta\/lis-pro-lisovani-koncovek-20kn-s-funkci-loupani-bzw-2t-dj\/","name":"Lis pro lisov\u00e1n\u00ed koncovek 20KN s funkc\u00ed loup\u00e1n\u00ed BZW-2T-DJ","isPartOf":{"@id":"https:\/\/wire-processor.eu\/en\/#website"},"primaryImageOfPage":{"@id":"https:\/\/wire-processor.eu\/cs\/oferta\/lis-pro-lisovani-koncovek-20kn-s-funkci-loupani-bzw-2t-dj\/#primaryimage"},"image":{"@id":"https:\/\/wire-processor.eu\/cs\/oferta\/lis-pro-lisovani-koncovek-20kn-s-funkci-loupani-bzw-2t-dj\/#primaryimage"},"thumbnailUrl":"https:\/\/wire-processor.eu\/wp-content\/uploads\/2018\/05\/BZW-2T-DJ-\u5265\u76ae\u5e26\u6253\u7aef\u5b50\u673a.jpg","datePublished":"2018-04-28T20:05:34+00:00","breadcrumb":{"@id":"https:\/\/wire-processor.eu\/cs\/oferta\/lis-pro-lisovani-koncovek-20kn-s-funkci-loupani-bzw-2t-dj\/#breadcrumb"},"inLanguage":"cs","potentialAction":[{"@type":"ReadAction","target":["https:\/\/wire-processor.eu\/cs\/oferta\/lis-pro-lisovani-koncovek-20kn-s-funkci-loupani-bzw-2t-dj\/"]}]},{"@type":"ImageObject","inLanguage":"cs","@id":"https:\/\/wire-processor.eu\/cs\/oferta\/lis-pro-lisovani-koncovek-20kn-s-funkci-loupani-bzw-2t-dj\/#primaryimage","url":"https:\/\/wire-processor.eu\/wp-content\/uploads\/2018\/05\/BZW-2T-DJ-\u5265\u76ae\u5e26\u6253\u7aef\u5b50\u673a.jpg","contentUrl":"https:\/\/wire-processor.eu\/wp-content\/uploads\/2018\/05\/BZW-2T-DJ-\u5265\u76ae\u5e26\u6253\u7aef\u5b50\u673a.jpg","width":1599,"height":1600,"caption":"Lis pro lisov\u00e1n\u00ed koncovek 20kN s funkc\u00ed loup\u00e1n\u00ed, v\u00fdm\u011bnn\u00fd aplik\u00e1tor BZW-2T-D"},{"@type":"BreadcrumbList","@id":"https:\/\/wire-processor.eu\/cs\/oferta\/lis-pro-lisovani-koncovek-20kn-s-funkci-loupani-bzw-2t-dj\/#breadcrumb","itemListElement":[{"@type":"ListItem","position":1,"name":"Strona g\u0142\u00f3wna","item":"https:\/\/wire-processor.eu\/cs\/"},{"@type":"ListItem","position":2,"name":"Nab\u00eddka","item":"https:\/\/wire-processor.eu\/cs\/nabidka\/"},{"@type":"ListItem","position":3,"name":"Lis pro lisov\u00e1n\u00ed koncovek 20KN s funkc\u00ed loup\u00e1n\u00ed BZW-2T-DJ"}]},{"@type":"WebSite","@id":"https:\/\/wire-processor.eu\/en\/#website","url":"https:\/\/wire-processor.eu\/en\/","name":"Wire processor","description":"Maszyny do obr\u00f3bki przewod\u00f3w","publisher":{"@id":"https:\/\/wire-processor.eu\/en\/#organization"},"potentialAction":[{"@type":"SearchAction","target":{"@type":"EntryPoint","urlTemplate":"https:\/\/wire-processor.eu\/en\/?s={search_term_string}"},"query-input":{"@type":"PropertyValueSpecification","valueRequired":true,"valueName":"search_term_string"}}],"inLanguage":"cs"},{"@type":"Organization","@id":"https:\/\/wire-processor.eu\/en\/#organization","name":"Wire processor - maszyny do przewod\u00f3w","url":"https:\/\/wire-processor.eu\/en\/","logo":{"@type":"ImageObject","inLanguage":"cs","@id":"https:\/\/wire-processor.eu\/en\/#\/schema\/logo\/image\/","url":"https:\/\/wire-processor.eu\/wp-content\/uploads\/2018\/04\/Bozwang-_logo_producent1.png","contentUrl":"https:\/\/wire-processor.eu\/wp-content\/uploads\/2018\/04\/Bozwang-_logo_producent1.png","width":250,"height":33,"caption":"Wire processor - maszyny do przewod\u00f3w"},"image":{"@id":"https:\/\/wire-processor.eu\/en\/#\/schema\/logo\/image\/"}}]}},"_links":{"self":[{"href":"https:\/\/wire-processor.eu\/cs\/wp-json\/wp\/v2\/product\/14093","targetHints":{"allow":["GET"]}}],"collection":[{"href":"https:\/\/wire-processor.eu\/cs\/wp-json\/wp\/v2\/product"}],"about":[{"href":"https:\/\/wire-processor.eu\/cs\/wp-json\/wp\/v2\/types\/product"}],"wp:featuredmedia":[{"embeddable":true,"href":"https:\/\/wire-processor.eu\/cs\/wp-json\/wp\/v2\/media\/14094"}],"wp:attachment":[{"href":"https:\/\/wire-processor.eu\/cs\/wp-json\/wp\/v2\/media?parent=14093"}],"wp:term":[{"taxonomy":"product_brand","embeddable":true,"href":"https:\/\/wire-processor.eu\/cs\/wp-json\/wp\/v2\/product_brand?post=14093"},{"taxonomy":"product_cat","embeddable":true,"href":"https:\/\/wire-processor.eu\/cs\/wp-json\/wp\/v2\/product_cat?post=14093"},{"taxonomy":"product_tag","embeddable":true,"href":"https:\/\/wire-processor.eu\/cs\/wp-json\/wp\/v2\/product_tag?post=14093"}],"curies":[{"name":"wp","href":"https:\/\/api.w.org\/{rel}","templated":true}]}}