{"id":14103,"date":"2018-04-28T22:16:04","date_gmt":"2018-04-28T20:16:04","guid":{"rendered":"https:\/\/wire-processor.eu\/oferta\/nezarazene\/automat-pro-rezani-staceni-a-pajeni-vodicu-bzw-887\/"},"modified":"2021-03-08T20:53:57","modified_gmt":"2021-03-08T19:53:57","slug":"automat-pro-rezani-staceni-a-pajeni-vodicu-bzw-887","status":"publish","type":"product","link":"https:\/\/wire-processor.eu\/cs\/oferta\/automat-pro-rezani-staceni-a-pajeni-vodicu-bzw-887\/","title":{"rendered":"Automat pro \u0159ez\u00e1n\u00ed, st\u00e1\u010den\u00ed a p\u00e1jen\u00ed vodi\u010d\u016f BZW-887"},"content":{"rendered":"<ul>\n<li>Power &#8211; AC 220V\/50\/60Hz one phase<\/li>\n<li>Functions &#8211; single end or both end; wire cutting; wire stripping; twisting tinning; semi-stripping with rubber remaining.<\/li>\n<li>Capacity:\n<ul>\n<li>Frequency: 2000 times \/h (as per cutting wire with length 10mm)<\/li>\n<li>Wire feeding pieces -10 pieces (32#, 30# as example)<\/li>\n<li>Capacity: 20000 pieces\/ h (32#, 30# 10mm as example)<\/li>\n<\/ul>\n<\/li>\n<li>Applicable wire &#8211; enameled wire, super thin Teflon, electronic wire diameter: 0.3mm-3mm (AWG36#&#8211;AWG16#)<\/li>\n<li>Cutting length &#8211; 7,2 &#8211; 6000mm<\/li>\n<li>Twisting length &#8211; 3,0-8,0mm<\/li>\n<li>Tinning length &#8211; 0,1-9,9mm<\/li>\n<li>Outer dimension &#8211; 600 x 800 x 1100 mm<\/li>\n<li>Weight &#8211; 280kg<\/li>\n<\/ul>\n","protected":false},"excerpt":{"rendered":"<p><iframe width=\"560\" height=\"315\" src=\"https:\/\/www.youtube.com\/embed\/ztQUx6FcmWw\" frameborder=\"0\" allow=\"accelerometer; autoplay; clipboard-write; encrypted-media; gyroscope; picture-in-picture\" allowfullscreen><\/iframe><\/p>\n","protected":false},"featured_media":14778,"template":"","meta":[],"product_brand":[],"product_cat":[554],"product_tag":[810],"class_list":{"0":"post-14103","1":"product","2":"type-product","3":"status-publish","4":"has-post-thumbnail","6":"product_cat-zarizeni-pro-staceni-a-pajeni","7":"product_tag-rezani-kabelu","9":"first","10":"instock","11":"featured","12":"shipping-taxable","13":"product-type-simple"},"yoast_head":"<!-- This site is optimized with the Yoast SEO plugin v26.3 - https:\/\/yoast.com\/wordpress\/plugins\/seo\/ -->\n<title>Automat pro \u0159ez\u00e1n\u00ed, st\u00e1\u010den\u00ed a p\u00e1jen\u00ed vodi\u010d\u016f BZW-887 - Wire processor<\/title>\n<meta name=\"robots\" content=\"index, follow, max-snippet:-1, max-image-preview:large, max-video-preview:-1\" \/>\n<link rel=\"canonical\" href=\"https:\/\/wire-processor.eu\/cs\/oferta\/automat-pro-rezani-staceni-a-pajeni-vodicu-bzw-887\/\" \/>\n<meta property=\"og:locale\" content=\"cs_CZ\" \/>\n<meta property=\"og:type\" content=\"article\" \/>\n<meta property=\"og:title\" content=\"Automat pro \u0159ez\u00e1n\u00ed, st\u00e1\u010den\u00ed a p\u00e1jen\u00ed vodi\u010d\u016f BZW-887 - Wire processor\" \/>\n<meta property=\"og:url\" content=\"https:\/\/wire-processor.eu\/cs\/oferta\/automat-pro-rezani-staceni-a-pajeni-vodicu-bzw-887\/\" \/>\n<meta property=\"og:site_name\" content=\"Wire processor\" \/>\n<meta property=\"article:modified_time\" content=\"2021-03-08T19:53:57+00:00\" \/>\n<meta property=\"og:image\" content=\"https:\/\/wire-processor.eu\/wp-content\/uploads\/2018\/04\/Automat-do-ci\u0119cia-skr\u0119cania-i-cynowania-przewod\u00f3w-BZW-887.jpg\" \/>\n\t<meta property=\"og:image:width\" content=\"800\" \/>\n\t<meta property=\"og:image:height\" content=\"800\" \/>\n\t<meta property=\"og:image:type\" content=\"image\/jpeg\" \/>\n<meta name=\"twitter:card\" content=\"summary_large_image\" \/>\n<script type=\"application\/ld+json\" class=\"yoast-schema-graph\">{\"@context\":\"https:\/\/schema.org\",\"@graph\":[{\"@type\":\"WebPage\",\"@id\":\"https:\/\/wire-processor.eu\/cs\/oferta\/automat-pro-rezani-staceni-a-pajeni-vodicu-bzw-887\/\",\"url\":\"https:\/\/wire-processor.eu\/cs\/oferta\/automat-pro-rezani-staceni-a-pajeni-vodicu-bzw-887\/\",\"name\":\"Automat pro \u0159ez\u00e1n\u00ed, st\u00e1\u010den\u00ed a p\u00e1jen\u00ed vodi\u010d\u016f BZW-887 - Wire processor\",\"isPartOf\":{\"@id\":\"https:\/\/wire-processor.eu\/en\/#website\"},\"primaryImageOfPage\":{\"@id\":\"https:\/\/wire-processor.eu\/cs\/oferta\/automat-pro-rezani-staceni-a-pajeni-vodicu-bzw-887\/#primaryimage\"},\"image\":{\"@id\":\"https:\/\/wire-processor.eu\/cs\/oferta\/automat-pro-rezani-staceni-a-pajeni-vodicu-bzw-887\/#primaryimage\"},\"thumbnailUrl\":\"https:\/\/wire-processor.eu\/wp-content\/uploads\/2018\/04\/Automat-do-ci\u0119cia-skr\u0119cania-i-cynowania-przewod\u00f3w-BZW-887.jpg\",\"datePublished\":\"2018-04-28T20:16:04+00:00\",\"dateModified\":\"2021-03-08T19:53:57+00:00\",\"breadcrumb\":{\"@id\":\"https:\/\/wire-processor.eu\/cs\/oferta\/automat-pro-rezani-staceni-a-pajeni-vodicu-bzw-887\/#breadcrumb\"},\"inLanguage\":\"cs\",\"potentialAction\":[{\"@type\":\"ReadAction\",\"target\":[\"https:\/\/wire-processor.eu\/cs\/oferta\/automat-pro-rezani-staceni-a-pajeni-vodicu-bzw-887\/\"]}]},{\"@type\":\"ImageObject\",\"inLanguage\":\"cs\",\"@id\":\"https:\/\/wire-processor.eu\/cs\/oferta\/automat-pro-rezani-staceni-a-pajeni-vodicu-bzw-887\/#primaryimage\",\"url\":\"https:\/\/wire-processor.eu\/wp-content\/uploads\/2018\/04\/Automat-do-ci\u0119cia-skr\u0119cania-i-cynowania-przewod\u00f3w-BZW-887.jpg\",\"contentUrl\":\"https:\/\/wire-processor.eu\/wp-content\/uploads\/2018\/04\/Automat-do-ci\u0119cia-skr\u0119cania-i-cynowania-przewod\u00f3w-BZW-887.jpg\",\"width\":800,\"height\":800,\"caption\":\"BZW-887 Automat pro \u0159ez\u00e1n\u00ed, st\u00e1\u010den\u00ed a p\u00e1jen\u00ed vodi\u010d\u016f\"},{\"@type\":\"BreadcrumbList\",\"@id\":\"https:\/\/wire-processor.eu\/cs\/oferta\/automat-pro-rezani-staceni-a-pajeni-vodicu-bzw-887\/#breadcrumb\",\"itemListElement\":[{\"@type\":\"ListItem\",\"position\":1,\"name\":\"Strona g\u0142\u00f3wna\",\"item\":\"https:\/\/wire-processor.eu\/cs\/\"},{\"@type\":\"ListItem\",\"position\":2,\"name\":\"Nab\u00eddka\",\"item\":\"https:\/\/wire-processor.eu\/cs\/nabidka\/\"},{\"@type\":\"ListItem\",\"position\":3,\"name\":\"Automat pro \u0159ez\u00e1n\u00ed, st\u00e1\u010den\u00ed a p\u00e1jen\u00ed vodi\u010d\u016f BZW-887\"}]},{\"@type\":\"WebSite\",\"@id\":\"https:\/\/wire-processor.eu\/en\/#website\",\"url\":\"https:\/\/wire-processor.eu\/en\/\",\"name\":\"Wire processor\",\"description\":\"Maszyny do obr\u00f3bki przewod\u00f3w\",\"publisher\":{\"@id\":\"https:\/\/wire-processor.eu\/en\/#organization\"},\"potentialAction\":[{\"@type\":\"SearchAction\",\"target\":{\"@type\":\"EntryPoint\",\"urlTemplate\":\"https:\/\/wire-processor.eu\/en\/?s={search_term_string}\"},\"query-input\":{\"@type\":\"PropertyValueSpecification\",\"valueRequired\":true,\"valueName\":\"search_term_string\"}}],\"inLanguage\":\"cs\"},{\"@type\":\"Organization\",\"@id\":\"https:\/\/wire-processor.eu\/en\/#organization\",\"name\":\"Wire processor - maszyny do przewod\u00f3w\",\"url\":\"https:\/\/wire-processor.eu\/en\/\",\"logo\":{\"@type\":\"ImageObject\",\"inLanguage\":\"cs\",\"@id\":\"https:\/\/wire-processor.eu\/en\/#\/schema\/logo\/image\/\",\"url\":\"https:\/\/wire-processor.eu\/wp-content\/uploads\/2018\/04\/Bozwang-_logo_producent1.png\",\"contentUrl\":\"https:\/\/wire-processor.eu\/wp-content\/uploads\/2018\/04\/Bozwang-_logo_producent1.png\",\"width\":250,\"height\":33,\"caption\":\"Wire processor - maszyny do przewod\u00f3w\"},\"image\":{\"@id\":\"https:\/\/wire-processor.eu\/en\/#\/schema\/logo\/image\/\"}}]}<\/script>\n<!-- \/ Yoast SEO plugin. -->","yoast_head_json":{"title":"Automat pro \u0159ez\u00e1n\u00ed, st\u00e1\u010den\u00ed a p\u00e1jen\u00ed vodi\u010d\u016f BZW-887 - Wire processor","robots":{"index":"index","follow":"follow","max-snippet":"max-snippet:-1","max-image-preview":"max-image-preview:large","max-video-preview":"max-video-preview:-1"},"canonical":"https:\/\/wire-processor.eu\/cs\/oferta\/automat-pro-rezani-staceni-a-pajeni-vodicu-bzw-887\/","og_locale":"cs_CZ","og_type":"article","og_title":"Automat pro \u0159ez\u00e1n\u00ed, st\u00e1\u010den\u00ed a p\u00e1jen\u00ed vodi\u010d\u016f BZW-887 - Wire processor","og_url":"https:\/\/wire-processor.eu\/cs\/oferta\/automat-pro-rezani-staceni-a-pajeni-vodicu-bzw-887\/","og_site_name":"Wire processor","article_modified_time":"2021-03-08T19:53:57+00:00","og_image":[{"width":800,"height":800,"url":"https:\/\/wire-processor.eu\/wp-content\/uploads\/2018\/04\/Automat-do-ci\u0119cia-skr\u0119cania-i-cynowania-przewod\u00f3w-BZW-887.jpg","type":"image\/jpeg"}],"twitter_card":"summary_large_image","schema":{"@context":"https:\/\/schema.org","@graph":[{"@type":"WebPage","@id":"https:\/\/wire-processor.eu\/cs\/oferta\/automat-pro-rezani-staceni-a-pajeni-vodicu-bzw-887\/","url":"https:\/\/wire-processor.eu\/cs\/oferta\/automat-pro-rezani-staceni-a-pajeni-vodicu-bzw-887\/","name":"Automat pro \u0159ez\u00e1n\u00ed, st\u00e1\u010den\u00ed a p\u00e1jen\u00ed vodi\u010d\u016f BZW-887 - Wire processor","isPartOf":{"@id":"https:\/\/wire-processor.eu\/en\/#website"},"primaryImageOfPage":{"@id":"https:\/\/wire-processor.eu\/cs\/oferta\/automat-pro-rezani-staceni-a-pajeni-vodicu-bzw-887\/#primaryimage"},"image":{"@id":"https:\/\/wire-processor.eu\/cs\/oferta\/automat-pro-rezani-staceni-a-pajeni-vodicu-bzw-887\/#primaryimage"},"thumbnailUrl":"https:\/\/wire-processor.eu\/wp-content\/uploads\/2018\/04\/Automat-do-ci\u0119cia-skr\u0119cania-i-cynowania-przewod\u00f3w-BZW-887.jpg","datePublished":"2018-04-28T20:16:04+00:00","dateModified":"2021-03-08T19:53:57+00:00","breadcrumb":{"@id":"https:\/\/wire-processor.eu\/cs\/oferta\/automat-pro-rezani-staceni-a-pajeni-vodicu-bzw-887\/#breadcrumb"},"inLanguage":"cs","potentialAction":[{"@type":"ReadAction","target":["https:\/\/wire-processor.eu\/cs\/oferta\/automat-pro-rezani-staceni-a-pajeni-vodicu-bzw-887\/"]}]},{"@type":"ImageObject","inLanguage":"cs","@id":"https:\/\/wire-processor.eu\/cs\/oferta\/automat-pro-rezani-staceni-a-pajeni-vodicu-bzw-887\/#primaryimage","url":"https:\/\/wire-processor.eu\/wp-content\/uploads\/2018\/04\/Automat-do-ci\u0119cia-skr\u0119cania-i-cynowania-przewod\u00f3w-BZW-887.jpg","contentUrl":"https:\/\/wire-processor.eu\/wp-content\/uploads\/2018\/04\/Automat-do-ci\u0119cia-skr\u0119cania-i-cynowania-przewod\u00f3w-BZW-887.jpg","width":800,"height":800,"caption":"BZW-887 Automat pro \u0159ez\u00e1n\u00ed, st\u00e1\u010den\u00ed a p\u00e1jen\u00ed vodi\u010d\u016f"},{"@type":"BreadcrumbList","@id":"https:\/\/wire-processor.eu\/cs\/oferta\/automat-pro-rezani-staceni-a-pajeni-vodicu-bzw-887\/#breadcrumb","itemListElement":[{"@type":"ListItem","position":1,"name":"Strona g\u0142\u00f3wna","item":"https:\/\/wire-processor.eu\/cs\/"},{"@type":"ListItem","position":2,"name":"Nab\u00eddka","item":"https:\/\/wire-processor.eu\/cs\/nabidka\/"},{"@type":"ListItem","position":3,"name":"Automat pro \u0159ez\u00e1n\u00ed, st\u00e1\u010den\u00ed a p\u00e1jen\u00ed vodi\u010d\u016f BZW-887"}]},{"@type":"WebSite","@id":"https:\/\/wire-processor.eu\/en\/#website","url":"https:\/\/wire-processor.eu\/en\/","name":"Wire processor","description":"Maszyny do obr\u00f3bki przewod\u00f3w","publisher":{"@id":"https:\/\/wire-processor.eu\/en\/#organization"},"potentialAction":[{"@type":"SearchAction","target":{"@type":"EntryPoint","urlTemplate":"https:\/\/wire-processor.eu\/en\/?s={search_term_string}"},"query-input":{"@type":"PropertyValueSpecification","valueRequired":true,"valueName":"search_term_string"}}],"inLanguage":"cs"},{"@type":"Organization","@id":"https:\/\/wire-processor.eu\/en\/#organization","name":"Wire processor - maszyny do przewod\u00f3w","url":"https:\/\/wire-processor.eu\/en\/","logo":{"@type":"ImageObject","inLanguage":"cs","@id":"https:\/\/wire-processor.eu\/en\/#\/schema\/logo\/image\/","url":"https:\/\/wire-processor.eu\/wp-content\/uploads\/2018\/04\/Bozwang-_logo_producent1.png","contentUrl":"https:\/\/wire-processor.eu\/wp-content\/uploads\/2018\/04\/Bozwang-_logo_producent1.png","width":250,"height":33,"caption":"Wire processor - maszyny do przewod\u00f3w"},"image":{"@id":"https:\/\/wire-processor.eu\/en\/#\/schema\/logo\/image\/"}}]}},"_links":{"self":[{"href":"https:\/\/wire-processor.eu\/cs\/wp-json\/wp\/v2\/product\/14103","targetHints":{"allow":["GET"]}}],"collection":[{"href":"https:\/\/wire-processor.eu\/cs\/wp-json\/wp\/v2\/product"}],"about":[{"href":"https:\/\/wire-processor.eu\/cs\/wp-json\/wp\/v2\/types\/product"}],"wp:featuredmedia":[{"embeddable":true,"href":"https:\/\/wire-processor.eu\/cs\/wp-json\/wp\/v2\/media\/14778"}],"wp:attachment":[{"href":"https:\/\/wire-processor.eu\/cs\/wp-json\/wp\/v2\/media?parent=14103"}],"wp:term":[{"taxonomy":"product_brand","embeddable":true,"href":"https:\/\/wire-processor.eu\/cs\/wp-json\/wp\/v2\/product_brand?post=14103"},{"taxonomy":"product_cat","embeddable":true,"href":"https:\/\/wire-processor.eu\/cs\/wp-json\/wp\/v2\/product_cat?post=14103"},{"taxonomy":"product_tag","embeddable":true,"href":"https:\/\/wire-processor.eu\/cs\/wp-json\/wp\/v2\/product_tag?post=14103"}],"curies":[{"name":"wp","href":"https:\/\/api.w.org\/{rel}","templated":true}]}}