{"id":14106,"date":"2018-04-28T22:18:39","date_gmt":"2018-04-28T20:18:39","guid":{"rendered":"https:\/\/wire-processor.eu\/oferta\/nezarazene\/automaticky-lis-pro-jednostranne-lisovani-s-funkci-pajeni-pro-5-vodicu-bzw-5-0-z\/"},"modified":"2018-04-28T22:18:39","modified_gmt":"2018-04-28T20:18:39","slug":"automaticky-lis-pro-jednostranne-lisovani-s-funkci-pajeni-pro-5-vodicu-bzw-5-0-z","status":"publish","type":"product","link":"https:\/\/wire-processor.eu\/cs\/oferta\/automaticky-lis-pro-jednostranne-lisovani-s-funkci-pajeni-pro-5-vodicu-bzw-5-0-z\/","title":{"rendered":"Automatick\u00fd lis pro jednostrann\u00e9 lisov\u00e1n\u00ed s funkc\u00ed p\u00e1jen\u00ed pro 5 vodi\u010d\u016f BZW-5.0 Z"},"content":{"rendered":"","protected":false},"excerpt":{"rendered":"<ul>\n<li>Power &#8211; AC 220V, 50\/60Hz Single phase<\/li>\n<li>Function &#8211; Wire cutting\u3001single end strip\u3001double end strip\u3001single end half strip\u3001double end half strip\u3001single end twisting\u3001single end crimping\uff0csingle end tinning<\/li>\n<li>Cutting length &#8211; 30mm-99999.9mm<\/li>\n<li>Stripping length &#8211; Wire head\uff1a0,1mm-7mm<\/li>\n<li>Twisting length &#8211; 3mm &#8211; 7mm<\/li>\n<li>Tube diameter &#8211; \u0278 1.5mm-5mm<\/li>\n<li>Cross section &#8211; AWG#16-AWG#32<\/li>\n<li>Crimping force &#8211; 2.0T<\/li>\n<li>Working speed &#8211; 4000-5000pcs\/hour<\/li>\n<li>Crimping position &#8211; Digital adjustment<\/li>\n<li>Detection device &#8211; Low air pressure\u3001wire lack or not\u3001punch unwell\u3001Wire knotting<\/li>\n<li>Tool material &#8211; tungsten steel\/ high speed steel<\/li>\n<li>Dimension &#8211; 900mm*600mm*1400mm\uff08Excluding raised part\uff09<\/li>\n<li>Weight &#8211; 250kg<\/li>\n<\/ul>\n","protected":false},"featured_media":14107,"template":"","meta":[],"product_brand":[],"product_cat":[554],"product_tag":[],"class_list":{"0":"post-14106","1":"product","2":"type-product","3":"status-publish","4":"has-post-thumbnail","6":"product_cat-zarizeni-pro-staceni-a-pajeni","8":"first","9":"instock","10":"shipping-taxable","11":"product-type-simple"},"yoast_head":"<!-- This site is optimized with the Yoast SEO plugin v26.3 - https:\/\/yoast.com\/wordpress\/plugins\/seo\/ -->\n<title>Automatick\u00fd lis pro jednostrann\u00e9 lisov\u00e1n\u00ed s funkc\u00ed p\u00e1jen\u00ed pro 5 vodi\u010d\u016f BZW-5.0 Z<\/title>\n<meta name=\"robots\" content=\"index, follow, max-snippet:-1, max-image-preview:large, max-video-preview:-1\" \/>\n<link rel=\"canonical\" href=\"https:\/\/wire-processor.eu\/cs\/oferta\/automaticky-lis-pro-jednostranne-lisovani-s-funkci-pajeni-pro-5-vodicu-bzw-5-0-z\/\" \/>\n<meta property=\"og:locale\" content=\"cs_CZ\" \/>\n<meta property=\"og:type\" content=\"article\" \/>\n<meta property=\"og:title\" content=\"Automatick\u00fd lis pro jednostrann\u00e9 lisov\u00e1n\u00ed s funkc\u00ed p\u00e1jen\u00ed pro 5 vodi\u010d\u016f BZW-5.0 Z\" \/>\n<meta property=\"og:description\" content=\"Power - AC 220V, 50\/60Hz Single phase  Function - Wire cutting\u3001single end strip\u3001double end strip\u3001single end half strip\u3001double end half strip\u3001single end twisting\u3001single end crimping\uff0csingle end tinning  Cutting length - 30mm-99999.9mm  Stripping length - Wire head\uff1a0,1mm-7mm  Twisting length - 3mm - 7mm  Tube diameter - \u0278 1.5mm-5mm  Cross section - AWG#16-AWG#32  Crimping force - 2.0T  Working speed - 4000-5000pcs\/hour  Crimping position - Digital adjustment  Detection device - Low air pressure\u3001wire lack or not\u3001punch unwell\u3001Wire knotting  Tool material - tungsten steel\/ high speed steel  Dimension - 900mm*600mm*1400mm\uff08Excluding raised part\uff09  Weight - 250kg\" \/>\n<meta property=\"og:url\" content=\"https:\/\/wire-processor.eu\/cs\/oferta\/automaticky-lis-pro-jednostranne-lisovani-s-funkci-pajeni-pro-5-vodicu-bzw-5-0-z\/\" \/>\n<meta property=\"og:site_name\" content=\"Wire processor\" \/>\n<meta property=\"og:image\" content=\"https:\/\/wire-processor.eu\/wp-content\/uploads\/2018\/04\/BZW-5.0Z-e1524996167489.jpg\" \/>\n\t<meta property=\"og:image:width\" content=\"1000\" \/>\n\t<meta property=\"og:image:height\" content=\"1001\" \/>\n\t<meta property=\"og:image:type\" content=\"image\/jpeg\" \/>\n<meta name=\"twitter:card\" content=\"summary_large_image\" \/>\n<script type=\"application\/ld+json\" class=\"yoast-schema-graph\">{\"@context\":\"https:\/\/schema.org\",\"@graph\":[{\"@type\":\"WebPage\",\"@id\":\"https:\/\/wire-processor.eu\/cs\/oferta\/automaticky-lis-pro-jednostranne-lisovani-s-funkci-pajeni-pro-5-vodicu-bzw-5-0-z\/\",\"url\":\"https:\/\/wire-processor.eu\/cs\/oferta\/automaticky-lis-pro-jednostranne-lisovani-s-funkci-pajeni-pro-5-vodicu-bzw-5-0-z\/\",\"name\":\"Automatick\u00fd lis pro jednostrann\u00e9 lisov\u00e1n\u00ed s funkc\u00ed p\u00e1jen\u00ed pro 5 vodi\u010d\u016f BZW-5.0 Z\",\"isPartOf\":{\"@id\":\"https:\/\/wire-processor.eu\/en\/#website\"},\"primaryImageOfPage\":{\"@id\":\"https:\/\/wire-processor.eu\/cs\/oferta\/automaticky-lis-pro-jednostranne-lisovani-s-funkci-pajeni-pro-5-vodicu-bzw-5-0-z\/#primaryimage\"},\"image\":{\"@id\":\"https:\/\/wire-processor.eu\/cs\/oferta\/automaticky-lis-pro-jednostranne-lisovani-s-funkci-pajeni-pro-5-vodicu-bzw-5-0-z\/#primaryimage\"},\"thumbnailUrl\":\"https:\/\/wire-processor.eu\/wp-content\/uploads\/2018\/04\/BZW-5.0Z-e1524996167489.jpg\",\"datePublished\":\"2018-04-28T20:18:39+00:00\",\"breadcrumb\":{\"@id\":\"https:\/\/wire-processor.eu\/cs\/oferta\/automaticky-lis-pro-jednostranne-lisovani-s-funkci-pajeni-pro-5-vodicu-bzw-5-0-z\/#breadcrumb\"},\"inLanguage\":\"cs\",\"potentialAction\":[{\"@type\":\"ReadAction\",\"target\":[\"https:\/\/wire-processor.eu\/cs\/oferta\/automaticky-lis-pro-jednostranne-lisovani-s-funkci-pajeni-pro-5-vodicu-bzw-5-0-z\/\"]}]},{\"@type\":\"ImageObject\",\"inLanguage\":\"cs\",\"@id\":\"https:\/\/wire-processor.eu\/cs\/oferta\/automaticky-lis-pro-jednostranne-lisovani-s-funkci-pajeni-pro-5-vodicu-bzw-5-0-z\/#primaryimage\",\"url\":\"https:\/\/wire-processor.eu\/wp-content\/uploads\/2018\/04\/BZW-5.0Z-e1524996167489.jpg\",\"contentUrl\":\"https:\/\/wire-processor.eu\/wp-content\/uploads\/2018\/04\/BZW-5.0Z-e1524996167489.jpg\",\"width\":1000,\"height\":1001,\"caption\":\"Automatick\u00fd lis pro jednostrann\u00e9 lisov\u00e1n\u00ed s funkc\u00ed p\u00e1jen\u00ed pro 5 vodi\u010d\u016f BZW-5.0 Z\"},{\"@type\":\"BreadcrumbList\",\"@id\":\"https:\/\/wire-processor.eu\/cs\/oferta\/automaticky-lis-pro-jednostranne-lisovani-s-funkci-pajeni-pro-5-vodicu-bzw-5-0-z\/#breadcrumb\",\"itemListElement\":[{\"@type\":\"ListItem\",\"position\":1,\"name\":\"Strona g\u0142\u00f3wna\",\"item\":\"https:\/\/wire-processor.eu\/cs\/\"},{\"@type\":\"ListItem\",\"position\":2,\"name\":\"Nab\u00eddka\",\"item\":\"https:\/\/wire-processor.eu\/cs\/nabidka\/\"},{\"@type\":\"ListItem\",\"position\":3,\"name\":\"Automatick\u00fd lis pro jednostrann\u00e9 lisov\u00e1n\u00ed s funkc\u00ed p\u00e1jen\u00ed pro 5 vodi\u010d\u016f BZW-5.0 Z\"}]},{\"@type\":\"WebSite\",\"@id\":\"https:\/\/wire-processor.eu\/en\/#website\",\"url\":\"https:\/\/wire-processor.eu\/en\/\",\"name\":\"Wire processor\",\"description\":\"Maszyny do obr\u00f3bki przewod\u00f3w\",\"publisher\":{\"@id\":\"https:\/\/wire-processor.eu\/en\/#organization\"},\"potentialAction\":[{\"@type\":\"SearchAction\",\"target\":{\"@type\":\"EntryPoint\",\"urlTemplate\":\"https:\/\/wire-processor.eu\/en\/?s={search_term_string}\"},\"query-input\":{\"@type\":\"PropertyValueSpecification\",\"valueRequired\":true,\"valueName\":\"search_term_string\"}}],\"inLanguage\":\"cs\"},{\"@type\":\"Organization\",\"@id\":\"https:\/\/wire-processor.eu\/en\/#organization\",\"name\":\"Wire processor - maszyny do przewod\u00f3w\",\"url\":\"https:\/\/wire-processor.eu\/en\/\",\"logo\":{\"@type\":\"ImageObject\",\"inLanguage\":\"cs\",\"@id\":\"https:\/\/wire-processor.eu\/en\/#\/schema\/logo\/image\/\",\"url\":\"https:\/\/wire-processor.eu\/wp-content\/uploads\/2018\/04\/Bozwang-_logo_producent1.png\",\"contentUrl\":\"https:\/\/wire-processor.eu\/wp-content\/uploads\/2018\/04\/Bozwang-_logo_producent1.png\",\"width\":250,\"height\":33,\"caption\":\"Wire processor - maszyny do przewod\u00f3w\"},\"image\":{\"@id\":\"https:\/\/wire-processor.eu\/en\/#\/schema\/logo\/image\/\"}}]}<\/script>\n<!-- \/ Yoast SEO plugin. -->","yoast_head_json":{"title":"Automatick\u00fd lis pro jednostrann\u00e9 lisov\u00e1n\u00ed s funkc\u00ed p\u00e1jen\u00ed pro 5 vodi\u010d\u016f BZW-5.0 Z","robots":{"index":"index","follow":"follow","max-snippet":"max-snippet:-1","max-image-preview":"max-image-preview:large","max-video-preview":"max-video-preview:-1"},"canonical":"https:\/\/wire-processor.eu\/cs\/oferta\/automaticky-lis-pro-jednostranne-lisovani-s-funkci-pajeni-pro-5-vodicu-bzw-5-0-z\/","og_locale":"cs_CZ","og_type":"article","og_title":"Automatick\u00fd lis pro jednostrann\u00e9 lisov\u00e1n\u00ed s funkc\u00ed p\u00e1jen\u00ed pro 5 vodi\u010d\u016f BZW-5.0 Z","og_description":"Power - AC 220V, 50\/60Hz Single phase  Function - Wire cutting\u3001single end strip\u3001double end strip\u3001single end half strip\u3001double end half strip\u3001single end twisting\u3001single end crimping\uff0csingle end tinning  Cutting length - 30mm-99999.9mm  Stripping length - Wire head\uff1a0,1mm-7mm  Twisting length - 3mm - 7mm  Tube diameter - \u0278 1.5mm-5mm  Cross section - AWG#16-AWG#32  Crimping force - 2.0T  Working speed - 4000-5000pcs\/hour  Crimping position - Digital adjustment  Detection device - Low air pressure\u3001wire lack or not\u3001punch unwell\u3001Wire knotting  Tool material - tungsten steel\/ high speed steel  Dimension - 900mm*600mm*1400mm\uff08Excluding raised part\uff09  Weight - 250kg","og_url":"https:\/\/wire-processor.eu\/cs\/oferta\/automaticky-lis-pro-jednostranne-lisovani-s-funkci-pajeni-pro-5-vodicu-bzw-5-0-z\/","og_site_name":"Wire processor","og_image":[{"width":1000,"height":1001,"url":"https:\/\/wire-processor.eu\/wp-content\/uploads\/2018\/04\/BZW-5.0Z-e1524996167489.jpg","type":"image\/jpeg"}],"twitter_card":"summary_large_image","schema":{"@context":"https:\/\/schema.org","@graph":[{"@type":"WebPage","@id":"https:\/\/wire-processor.eu\/cs\/oferta\/automaticky-lis-pro-jednostranne-lisovani-s-funkci-pajeni-pro-5-vodicu-bzw-5-0-z\/","url":"https:\/\/wire-processor.eu\/cs\/oferta\/automaticky-lis-pro-jednostranne-lisovani-s-funkci-pajeni-pro-5-vodicu-bzw-5-0-z\/","name":"Automatick\u00fd lis pro jednostrann\u00e9 lisov\u00e1n\u00ed s funkc\u00ed p\u00e1jen\u00ed pro 5 vodi\u010d\u016f BZW-5.0 Z","isPartOf":{"@id":"https:\/\/wire-processor.eu\/en\/#website"},"primaryImageOfPage":{"@id":"https:\/\/wire-processor.eu\/cs\/oferta\/automaticky-lis-pro-jednostranne-lisovani-s-funkci-pajeni-pro-5-vodicu-bzw-5-0-z\/#primaryimage"},"image":{"@id":"https:\/\/wire-processor.eu\/cs\/oferta\/automaticky-lis-pro-jednostranne-lisovani-s-funkci-pajeni-pro-5-vodicu-bzw-5-0-z\/#primaryimage"},"thumbnailUrl":"https:\/\/wire-processor.eu\/wp-content\/uploads\/2018\/04\/BZW-5.0Z-e1524996167489.jpg","datePublished":"2018-04-28T20:18:39+00:00","breadcrumb":{"@id":"https:\/\/wire-processor.eu\/cs\/oferta\/automaticky-lis-pro-jednostranne-lisovani-s-funkci-pajeni-pro-5-vodicu-bzw-5-0-z\/#breadcrumb"},"inLanguage":"cs","potentialAction":[{"@type":"ReadAction","target":["https:\/\/wire-processor.eu\/cs\/oferta\/automaticky-lis-pro-jednostranne-lisovani-s-funkci-pajeni-pro-5-vodicu-bzw-5-0-z\/"]}]},{"@type":"ImageObject","inLanguage":"cs","@id":"https:\/\/wire-processor.eu\/cs\/oferta\/automaticky-lis-pro-jednostranne-lisovani-s-funkci-pajeni-pro-5-vodicu-bzw-5-0-z\/#primaryimage","url":"https:\/\/wire-processor.eu\/wp-content\/uploads\/2018\/04\/BZW-5.0Z-e1524996167489.jpg","contentUrl":"https:\/\/wire-processor.eu\/wp-content\/uploads\/2018\/04\/BZW-5.0Z-e1524996167489.jpg","width":1000,"height":1001,"caption":"Automatick\u00fd lis pro jednostrann\u00e9 lisov\u00e1n\u00ed s funkc\u00ed p\u00e1jen\u00ed pro 5 vodi\u010d\u016f BZW-5.0 Z"},{"@type":"BreadcrumbList","@id":"https:\/\/wire-processor.eu\/cs\/oferta\/automaticky-lis-pro-jednostranne-lisovani-s-funkci-pajeni-pro-5-vodicu-bzw-5-0-z\/#breadcrumb","itemListElement":[{"@type":"ListItem","position":1,"name":"Strona g\u0142\u00f3wna","item":"https:\/\/wire-processor.eu\/cs\/"},{"@type":"ListItem","position":2,"name":"Nab\u00eddka","item":"https:\/\/wire-processor.eu\/cs\/nabidka\/"},{"@type":"ListItem","position":3,"name":"Automatick\u00fd lis pro jednostrann\u00e9 lisov\u00e1n\u00ed s funkc\u00ed p\u00e1jen\u00ed pro 5 vodi\u010d\u016f BZW-5.0 Z"}]},{"@type":"WebSite","@id":"https:\/\/wire-processor.eu\/en\/#website","url":"https:\/\/wire-processor.eu\/en\/","name":"Wire processor","description":"Maszyny do obr\u00f3bki przewod\u00f3w","publisher":{"@id":"https:\/\/wire-processor.eu\/en\/#organization"},"potentialAction":[{"@type":"SearchAction","target":{"@type":"EntryPoint","urlTemplate":"https:\/\/wire-processor.eu\/en\/?s={search_term_string}"},"query-input":{"@type":"PropertyValueSpecification","valueRequired":true,"valueName":"search_term_string"}}],"inLanguage":"cs"},{"@type":"Organization","@id":"https:\/\/wire-processor.eu\/en\/#organization","name":"Wire processor - maszyny do przewod\u00f3w","url":"https:\/\/wire-processor.eu\/en\/","logo":{"@type":"ImageObject","inLanguage":"cs","@id":"https:\/\/wire-processor.eu\/en\/#\/schema\/logo\/image\/","url":"https:\/\/wire-processor.eu\/wp-content\/uploads\/2018\/04\/Bozwang-_logo_producent1.png","contentUrl":"https:\/\/wire-processor.eu\/wp-content\/uploads\/2018\/04\/Bozwang-_logo_producent1.png","width":250,"height":33,"caption":"Wire processor - maszyny do przewod\u00f3w"},"image":{"@id":"https:\/\/wire-processor.eu\/en\/#\/schema\/logo\/image\/"}}]}},"_links":{"self":[{"href":"https:\/\/wire-processor.eu\/cs\/wp-json\/wp\/v2\/product\/14106","targetHints":{"allow":["GET"]}}],"collection":[{"href":"https:\/\/wire-processor.eu\/cs\/wp-json\/wp\/v2\/product"}],"about":[{"href":"https:\/\/wire-processor.eu\/cs\/wp-json\/wp\/v2\/types\/product"}],"wp:featuredmedia":[{"embeddable":true,"href":"https:\/\/wire-processor.eu\/cs\/wp-json\/wp\/v2\/media\/14107"}],"wp:attachment":[{"href":"https:\/\/wire-processor.eu\/cs\/wp-json\/wp\/v2\/media?parent=14106"}],"wp:term":[{"taxonomy":"product_brand","embeddable":true,"href":"https:\/\/wire-processor.eu\/cs\/wp-json\/wp\/v2\/product_brand?post=14106"},{"taxonomy":"product_cat","embeddable":true,"href":"https:\/\/wire-processor.eu\/cs\/wp-json\/wp\/v2\/product_cat?post=14106"},{"taxonomy":"product_tag","embeddable":true,"href":"https:\/\/wire-processor.eu\/cs\/wp-json\/wp\/v2\/product_tag?post=14106"}],"curies":[{"name":"wp","href":"https:\/\/api.w.org\/{rel}","templated":true}]}}