{"id":14116,"date":"2018-05-10T18:36:43","date_gmt":"2018-05-10T16:36:43","guid":{"rendered":"https:\/\/wire-processor.eu\/oferta\/nezarazene\/automat-pro-rezani-kabelovych-trubicek-1-100mm-bzw-100-r\/"},"modified":"2018-05-10T18:36:43","modified_gmt":"2018-05-10T16:36:43","slug":"automat-pro-rezani-kabelovych-trubicek-1-100mm-bzw-100-r","status":"publish","type":"product","link":"https:\/\/wire-processor.eu\/cs\/oferta\/automat-pro-rezani-kabelovych-trubicek-1-100mm-bzw-100-r\/","title":{"rendered":"Automat pro \u0159ez\u00e1n\u00ed kabelov\u00fdch trubi\u010dek 1-100mm BZW-100 R"},"content":{"rendered":"","protected":false},"excerpt":{"rendered":"<ul>\n<li>Applicable tube diameter &#8211; \u00a0\u00f81 &#8211; \u00f8100 mm<\/li>\n<li>Applicable tube type &#8211; heat-shrink tube, ribbon cable, shielding wire, etc;<\/li>\n<li>It can add hot-melt cutter to process the color ribbon belt and nylon braid.<\/li>\n<li>Cutting length &#8211; 2 mm &#8211; 10000 mm<\/li>\n<li>Cutting width &#8211; 1-100 mm<\/li>\n<li>Cutting tolerance\u00a0 &#8211; 0,02 x L,\u00a0 \u00b10.2 mm<\/li>\n<li>Capacity\u00a0 &#8211; 10800 PCS\/H (Depending on tube material )<\/li>\n<li>Speed adjustment &#8211; 00-99<\/li>\n<li>Cutter material &#8211; Tungsten steel<\/li>\n<li>Voltage &#8211; AC220V\/50Hz<\/li>\n<li>Power &#8211; 170W<\/li>\n<li>Dimension &#8211; 350 x 250 x 320 mm<\/li>\n<li>Weight &#8211; 23kg<\/li>\n<\/ul>\n","protected":false},"featured_media":14117,"template":"","meta":[],"product_brand":[],"product_cat":[559],"product_tag":[],"class_list":{"0":"post-14116","1":"product","2":"type-product","3":"status-publish","4":"has-post-thumbnail","6":"product_cat-zarizeni-pro-rezani-kabelovych-chranicek","8":"first","9":"instock","10":"shipping-taxable","11":"product-type-simple"},"yoast_head":"<!-- This site is optimized with the Yoast SEO plugin v26.3 - https:\/\/yoast.com\/wordpress\/plugins\/seo\/ -->\n<title>Automat pro \u0159ez\u00e1n\u00ed kabelov\u00fdch trubi\u010dek 1-100mm BZW-100 R - Wire processor<\/title>\n<meta name=\"robots\" content=\"index, follow, max-snippet:-1, max-image-preview:large, max-video-preview:-1\" \/>\n<link rel=\"canonical\" href=\"https:\/\/wire-processor.eu\/cs\/oferta\/automat-pro-rezani-kabelovych-trubicek-1-100mm-bzw-100-r\/\" \/>\n<meta property=\"og:locale\" content=\"cs_CZ\" \/>\n<meta property=\"og:type\" content=\"article\" \/>\n<meta property=\"og:title\" content=\"Automat pro \u0159ez\u00e1n\u00ed kabelov\u00fdch trubi\u010dek 1-100mm BZW-100 R - Wire processor\" \/>\n<meta property=\"og:description\" content=\"Applicable tube diameter - \u00a0\u00f81 - \u00f8100 mm  Applicable tube type - heat-shrink tube, ribbon cable, shielding wire, etc;  It can add hot-melt cutter to process the color ribbon belt and nylon braid.  Cutting length - 2 mm - 10000 mm  Cutting width - 1-100 mm  Cutting tolerance\u00a0 - 0,02 x L,\u00a0 \u00b10.2 mm  Capacity\u00a0 - 10800 PCS\/H (Depending on tube material )  Speed adjustment - 00-99  Cutter material - Tungsten steel  Voltage - AC220V\/50Hz  Power - 170W  Dimension - 350 x 250 x 320 mm  Weight - 23kg\" \/>\n<meta property=\"og:url\" content=\"https:\/\/wire-processor.eu\/cs\/oferta\/automat-pro-rezani-kabelovych-trubicek-1-100mm-bzw-100-r\/\" \/>\n<meta property=\"og:site_name\" content=\"Wire processor\" \/>\n<meta property=\"og:image\" content=\"https:\/\/wire-processor.eu\/wp-content\/uploads\/2018\/05\/BZW-100R\u7535\u8111\u5207\u7ba1\u673a.jpg\" \/>\n\t<meta property=\"og:image:width\" content=\"1600\" \/>\n\t<meta property=\"og:image:height\" content=\"1600\" \/>\n\t<meta property=\"og:image:type\" content=\"image\/jpeg\" \/>\n<meta name=\"twitter:card\" content=\"summary_large_image\" \/>\n<script type=\"application\/ld+json\" class=\"yoast-schema-graph\">{\"@context\":\"https:\/\/schema.org\",\"@graph\":[{\"@type\":\"WebPage\",\"@id\":\"https:\/\/wire-processor.eu\/cs\/oferta\/automat-pro-rezani-kabelovych-trubicek-1-100mm-bzw-100-r\/\",\"url\":\"https:\/\/wire-processor.eu\/cs\/oferta\/automat-pro-rezani-kabelovych-trubicek-1-100mm-bzw-100-r\/\",\"name\":\"Automat pro \u0159ez\u00e1n\u00ed kabelov\u00fdch trubi\u010dek 1-100mm BZW-100 R - Wire processor\",\"isPartOf\":{\"@id\":\"https:\/\/wire-processor.eu\/en\/#website\"},\"primaryImageOfPage\":{\"@id\":\"https:\/\/wire-processor.eu\/cs\/oferta\/automat-pro-rezani-kabelovych-trubicek-1-100mm-bzw-100-r\/#primaryimage\"},\"image\":{\"@id\":\"https:\/\/wire-processor.eu\/cs\/oferta\/automat-pro-rezani-kabelovych-trubicek-1-100mm-bzw-100-r\/#primaryimage\"},\"thumbnailUrl\":\"https:\/\/wire-processor.eu\/wp-content\/uploads\/2018\/05\/BZW-100R\u7535\u8111\u5207\u7ba1\u673a.jpg\",\"datePublished\":\"2018-05-10T16:36:43+00:00\",\"breadcrumb\":{\"@id\":\"https:\/\/wire-processor.eu\/cs\/oferta\/automat-pro-rezani-kabelovych-trubicek-1-100mm-bzw-100-r\/#breadcrumb\"},\"inLanguage\":\"cs\",\"potentialAction\":[{\"@type\":\"ReadAction\",\"target\":[\"https:\/\/wire-processor.eu\/cs\/oferta\/automat-pro-rezani-kabelovych-trubicek-1-100mm-bzw-100-r\/\"]}]},{\"@type\":\"ImageObject\",\"inLanguage\":\"cs\",\"@id\":\"https:\/\/wire-processor.eu\/cs\/oferta\/automat-pro-rezani-kabelovych-trubicek-1-100mm-bzw-100-r\/#primaryimage\",\"url\":\"https:\/\/wire-processor.eu\/wp-content\/uploads\/2018\/05\/BZW-100R\u7535\u8111\u5207\u7ba1\u673a.jpg\",\"contentUrl\":\"https:\/\/wire-processor.eu\/wp-content\/uploads\/2018\/05\/BZW-100R\u7535\u8111\u5207\u7ba1\u673a.jpg\",\"width\":1600,\"height\":1600,\"caption\":\"Automat pro \u0159ez\u00e1n\u00ed kabelov\u00fdch trubi\u010dek 1-100mm BZW-100 R\"},{\"@type\":\"BreadcrumbList\",\"@id\":\"https:\/\/wire-processor.eu\/cs\/oferta\/automat-pro-rezani-kabelovych-trubicek-1-100mm-bzw-100-r\/#breadcrumb\",\"itemListElement\":[{\"@type\":\"ListItem\",\"position\":1,\"name\":\"Strona g\u0142\u00f3wna\",\"item\":\"https:\/\/wire-processor.eu\/cs\/\"},{\"@type\":\"ListItem\",\"position\":2,\"name\":\"Nab\u00eddka\",\"item\":\"https:\/\/wire-processor.eu\/cs\/nabidka\/\"},{\"@type\":\"ListItem\",\"position\":3,\"name\":\"Automat pro \u0159ez\u00e1n\u00ed kabelov\u00fdch trubi\u010dek 1-100mm BZW-100 R\"}]},{\"@type\":\"WebSite\",\"@id\":\"https:\/\/wire-processor.eu\/en\/#website\",\"url\":\"https:\/\/wire-processor.eu\/en\/\",\"name\":\"Wire processor\",\"description\":\"Maszyny do obr\u00f3bki przewod\u00f3w\",\"publisher\":{\"@id\":\"https:\/\/wire-processor.eu\/en\/#organization\"},\"potentialAction\":[{\"@type\":\"SearchAction\",\"target\":{\"@type\":\"EntryPoint\",\"urlTemplate\":\"https:\/\/wire-processor.eu\/en\/?s={search_term_string}\"},\"query-input\":{\"@type\":\"PropertyValueSpecification\",\"valueRequired\":true,\"valueName\":\"search_term_string\"}}],\"inLanguage\":\"cs\"},{\"@type\":\"Organization\",\"@id\":\"https:\/\/wire-processor.eu\/en\/#organization\",\"name\":\"Wire processor - maszyny do przewod\u00f3w\",\"url\":\"https:\/\/wire-processor.eu\/en\/\",\"logo\":{\"@type\":\"ImageObject\",\"inLanguage\":\"cs\",\"@id\":\"https:\/\/wire-processor.eu\/en\/#\/schema\/logo\/image\/\",\"url\":\"https:\/\/wire-processor.eu\/wp-content\/uploads\/2018\/04\/Bozwang-_logo_producent1.png\",\"contentUrl\":\"https:\/\/wire-processor.eu\/wp-content\/uploads\/2018\/04\/Bozwang-_logo_producent1.png\",\"width\":250,\"height\":33,\"caption\":\"Wire processor - maszyny do przewod\u00f3w\"},\"image\":{\"@id\":\"https:\/\/wire-processor.eu\/en\/#\/schema\/logo\/image\/\"}}]}<\/script>\n<!-- \/ Yoast SEO plugin. -->","yoast_head_json":{"title":"Automat pro \u0159ez\u00e1n\u00ed kabelov\u00fdch trubi\u010dek 1-100mm BZW-100 R - Wire processor","robots":{"index":"index","follow":"follow","max-snippet":"max-snippet:-1","max-image-preview":"max-image-preview:large","max-video-preview":"max-video-preview:-1"},"canonical":"https:\/\/wire-processor.eu\/cs\/oferta\/automat-pro-rezani-kabelovych-trubicek-1-100mm-bzw-100-r\/","og_locale":"cs_CZ","og_type":"article","og_title":"Automat pro \u0159ez\u00e1n\u00ed kabelov\u00fdch trubi\u010dek 1-100mm BZW-100 R - Wire processor","og_description":"Applicable tube diameter - \u00a0\u00f81 - \u00f8100 mm  Applicable tube type - heat-shrink tube, ribbon cable, shielding wire, etc;  It can add hot-melt cutter to process the color ribbon belt and nylon braid.  Cutting length - 2 mm - 10000 mm  Cutting width - 1-100 mm  Cutting tolerance\u00a0 - 0,02 x L,\u00a0 \u00b10.2 mm  Capacity\u00a0 - 10800 PCS\/H (Depending on tube material )  Speed adjustment - 00-99  Cutter material - Tungsten steel  Voltage - AC220V\/50Hz  Power - 170W  Dimension - 350 x 250 x 320 mm  Weight - 23kg","og_url":"https:\/\/wire-processor.eu\/cs\/oferta\/automat-pro-rezani-kabelovych-trubicek-1-100mm-bzw-100-r\/","og_site_name":"Wire processor","og_image":[{"width":1600,"height":1600,"url":"https:\/\/wire-processor.eu\/wp-content\/uploads\/2018\/05\/BZW-100R\u7535\u8111\u5207\u7ba1\u673a.jpg","type":"image\/jpeg"}],"twitter_card":"summary_large_image","schema":{"@context":"https:\/\/schema.org","@graph":[{"@type":"WebPage","@id":"https:\/\/wire-processor.eu\/cs\/oferta\/automat-pro-rezani-kabelovych-trubicek-1-100mm-bzw-100-r\/","url":"https:\/\/wire-processor.eu\/cs\/oferta\/automat-pro-rezani-kabelovych-trubicek-1-100mm-bzw-100-r\/","name":"Automat pro \u0159ez\u00e1n\u00ed kabelov\u00fdch trubi\u010dek 1-100mm BZW-100 R - Wire processor","isPartOf":{"@id":"https:\/\/wire-processor.eu\/en\/#website"},"primaryImageOfPage":{"@id":"https:\/\/wire-processor.eu\/cs\/oferta\/automat-pro-rezani-kabelovych-trubicek-1-100mm-bzw-100-r\/#primaryimage"},"image":{"@id":"https:\/\/wire-processor.eu\/cs\/oferta\/automat-pro-rezani-kabelovych-trubicek-1-100mm-bzw-100-r\/#primaryimage"},"thumbnailUrl":"https:\/\/wire-processor.eu\/wp-content\/uploads\/2018\/05\/BZW-100R\u7535\u8111\u5207\u7ba1\u673a.jpg","datePublished":"2018-05-10T16:36:43+00:00","breadcrumb":{"@id":"https:\/\/wire-processor.eu\/cs\/oferta\/automat-pro-rezani-kabelovych-trubicek-1-100mm-bzw-100-r\/#breadcrumb"},"inLanguage":"cs","potentialAction":[{"@type":"ReadAction","target":["https:\/\/wire-processor.eu\/cs\/oferta\/automat-pro-rezani-kabelovych-trubicek-1-100mm-bzw-100-r\/"]}]},{"@type":"ImageObject","inLanguage":"cs","@id":"https:\/\/wire-processor.eu\/cs\/oferta\/automat-pro-rezani-kabelovych-trubicek-1-100mm-bzw-100-r\/#primaryimage","url":"https:\/\/wire-processor.eu\/wp-content\/uploads\/2018\/05\/BZW-100R\u7535\u8111\u5207\u7ba1\u673a.jpg","contentUrl":"https:\/\/wire-processor.eu\/wp-content\/uploads\/2018\/05\/BZW-100R\u7535\u8111\u5207\u7ba1\u673a.jpg","width":1600,"height":1600,"caption":"Automat pro \u0159ez\u00e1n\u00ed kabelov\u00fdch trubi\u010dek 1-100mm BZW-100 R"},{"@type":"BreadcrumbList","@id":"https:\/\/wire-processor.eu\/cs\/oferta\/automat-pro-rezani-kabelovych-trubicek-1-100mm-bzw-100-r\/#breadcrumb","itemListElement":[{"@type":"ListItem","position":1,"name":"Strona g\u0142\u00f3wna","item":"https:\/\/wire-processor.eu\/cs\/"},{"@type":"ListItem","position":2,"name":"Nab\u00eddka","item":"https:\/\/wire-processor.eu\/cs\/nabidka\/"},{"@type":"ListItem","position":3,"name":"Automat pro \u0159ez\u00e1n\u00ed kabelov\u00fdch trubi\u010dek 1-100mm BZW-100 R"}]},{"@type":"WebSite","@id":"https:\/\/wire-processor.eu\/en\/#website","url":"https:\/\/wire-processor.eu\/en\/","name":"Wire processor","description":"Maszyny do obr\u00f3bki przewod\u00f3w","publisher":{"@id":"https:\/\/wire-processor.eu\/en\/#organization"},"potentialAction":[{"@type":"SearchAction","target":{"@type":"EntryPoint","urlTemplate":"https:\/\/wire-processor.eu\/en\/?s={search_term_string}"},"query-input":{"@type":"PropertyValueSpecification","valueRequired":true,"valueName":"search_term_string"}}],"inLanguage":"cs"},{"@type":"Organization","@id":"https:\/\/wire-processor.eu\/en\/#organization","name":"Wire processor - maszyny do przewod\u00f3w","url":"https:\/\/wire-processor.eu\/en\/","logo":{"@type":"ImageObject","inLanguage":"cs","@id":"https:\/\/wire-processor.eu\/en\/#\/schema\/logo\/image\/","url":"https:\/\/wire-processor.eu\/wp-content\/uploads\/2018\/04\/Bozwang-_logo_producent1.png","contentUrl":"https:\/\/wire-processor.eu\/wp-content\/uploads\/2018\/04\/Bozwang-_logo_producent1.png","width":250,"height":33,"caption":"Wire processor - maszyny do przewod\u00f3w"},"image":{"@id":"https:\/\/wire-processor.eu\/en\/#\/schema\/logo\/image\/"}}]}},"_links":{"self":[{"href":"https:\/\/wire-processor.eu\/cs\/wp-json\/wp\/v2\/product\/14116","targetHints":{"allow":["GET"]}}],"collection":[{"href":"https:\/\/wire-processor.eu\/cs\/wp-json\/wp\/v2\/product"}],"about":[{"href":"https:\/\/wire-processor.eu\/cs\/wp-json\/wp\/v2\/types\/product"}],"wp:featuredmedia":[{"embeddable":true,"href":"https:\/\/wire-processor.eu\/cs\/wp-json\/wp\/v2\/media\/14117"}],"wp:attachment":[{"href":"https:\/\/wire-processor.eu\/cs\/wp-json\/wp\/v2\/media?parent=14116"}],"wp:term":[{"taxonomy":"product_brand","embeddable":true,"href":"https:\/\/wire-processor.eu\/cs\/wp-json\/wp\/v2\/product_brand?post=14116"},{"taxonomy":"product_cat","embeddable":true,"href":"https:\/\/wire-processor.eu\/cs\/wp-json\/wp\/v2\/product_cat?post=14116"},{"taxonomy":"product_tag","embeddable":true,"href":"https:\/\/wire-processor.eu\/cs\/wp-json\/wp\/v2\/product_tag?post=14116"}],"curies":[{"name":"wp","href":"https:\/\/api.w.org\/{rel}","templated":true}]}}