{"id":14122,"date":"2018-05-10T18:49:22","date_gmt":"2018-05-10T16:49:22","guid":{"rendered":"https:\/\/wire-processor.eu\/oferta\/nezarazene\/horizontalni-zarizeni-pro-mereni-sily-pretrzeni-0-1000n-s-pohonem-bzw-1000d\/"},"modified":"2018-05-10T18:49:22","modified_gmt":"2018-05-10T16:49:22","slug":"horizontalni-zarizeni-pro-mereni-sily-pretrzeni-0-1000n-s-pohonem-bzw-1000d","status":"publish","type":"product","link":"https:\/\/wire-processor.eu\/cs\/oferta\/horizontalni-zarizeni-pro-mereni-sily-pretrzeni-0-1000n-s-pohonem-bzw-1000d\/","title":{"rendered":"Horizont\u00e1ln\u00ed za\u0159\u00edzen\u00ed pro m\u011b\u0159en\u00ed s\u00edly p\u0159etr\u017een\u00ed 0-1000N s pohonem BZW-1000D"},"content":{"rendered":"","protected":false},"excerpt":{"rendered":"<ul>\n<li>Measure range &#8211; 0-1000N<\/li>\n<li>Measure mode &#8211; Manual<\/li>\n<li>Testing speed &#8211; 30~300 mm\/min<\/li>\n<li>Stroke &#8211; 570mm<\/li>\n<li>Counting function &#8211; 9999 cycle<\/li>\n<li>Voltage &#8211; AC 220V<\/li>\n<li>Weight &#8211; 40 kg<\/li>\n<li>Dimension :360 x 255 x 1000 mm<\/li>\n<\/ul>\n","protected":false},"featured_media":14123,"template":"","meta":[],"product_brand":[],"product_cat":[549],"product_tag":[],"class_list":{"0":"post-14122","1":"product","2":"type-product","3":"status-publish","4":"has-post-thumbnail","6":"product_cat-systemy-kontroly-a-testovani-kabelovych-svazku","8":"first","9":"instock","10":"shipping-taxable","11":"product-type-simple"},"yoast_head":"<!-- This site is optimized with the Yoast SEO plugin v26.3 - https:\/\/yoast.com\/wordpress\/plugins\/seo\/ -->\n<title>Horizont\u00e1ln\u00ed za\u0159\u00edzen\u00ed pro m\u011b\u0159en\u00ed s\u00edly p\u0159etr\u017een\u00ed 0-1000N s pohonem BZW-1000D<\/title>\n<meta name=\"robots\" content=\"index, follow, max-snippet:-1, max-image-preview:large, max-video-preview:-1\" \/>\n<link rel=\"canonical\" href=\"https:\/\/wire-processor.eu\/cs\/oferta\/horizontalni-zarizeni-pro-mereni-sily-pretrzeni-0-1000n-s-pohonem-bzw-1000d\/\" \/>\n<meta property=\"og:locale\" content=\"cs_CZ\" \/>\n<meta property=\"og:type\" content=\"article\" \/>\n<meta property=\"og:title\" content=\"Horizont\u00e1ln\u00ed za\u0159\u00edzen\u00ed pro m\u011b\u0159en\u00ed s\u00edly p\u0159etr\u017een\u00ed 0-1000N s pohonem BZW-1000D\" \/>\n<meta property=\"og:description\" content=\"Measure range - 0-1000N  Measure mode - Manual  Testing speed - 30~300 mm\/min  Stroke - 570mm  Counting function - 9999 cycle  Voltage - AC 220V  Weight - 40 kg  Dimension :360 x 255 x 1000 mm\" \/>\n<meta property=\"og:url\" content=\"https:\/\/wire-processor.eu\/cs\/oferta\/horizontalni-zarizeni-pro-mereni-sily-pretrzeni-0-1000n-s-pohonem-bzw-1000d\/\" \/>\n<meta property=\"og:site_name\" content=\"Wire processor\" \/>\n<meta property=\"og:image\" content=\"https:\/\/wire-processor.eu\/wp-content\/uploads\/2018\/05\/BZW-1000D\u7535\u52a8\u5367\u5f0f\u6d4b\u529b\u5668.jpg\" \/>\n\t<meta property=\"og:image:width\" content=\"1600\" \/>\n\t<meta property=\"og:image:height\" content=\"1600\" \/>\n\t<meta property=\"og:image:type\" content=\"image\/jpeg\" \/>\n<meta name=\"twitter:card\" content=\"summary_large_image\" \/>\n<script type=\"application\/ld+json\" class=\"yoast-schema-graph\">{\"@context\":\"https:\/\/schema.org\",\"@graph\":[{\"@type\":\"WebPage\",\"@id\":\"https:\/\/wire-processor.eu\/cs\/oferta\/horizontalni-zarizeni-pro-mereni-sily-pretrzeni-0-1000n-s-pohonem-bzw-1000d\/\",\"url\":\"https:\/\/wire-processor.eu\/cs\/oferta\/horizontalni-zarizeni-pro-mereni-sily-pretrzeni-0-1000n-s-pohonem-bzw-1000d\/\",\"name\":\"Horizont\u00e1ln\u00ed za\u0159\u00edzen\u00ed pro m\u011b\u0159en\u00ed s\u00edly p\u0159etr\u017een\u00ed 0-1000N s pohonem BZW-1000D\",\"isPartOf\":{\"@id\":\"https:\/\/wire-processor.eu\/en\/#website\"},\"primaryImageOfPage\":{\"@id\":\"https:\/\/wire-processor.eu\/cs\/oferta\/horizontalni-zarizeni-pro-mereni-sily-pretrzeni-0-1000n-s-pohonem-bzw-1000d\/#primaryimage\"},\"image\":{\"@id\":\"https:\/\/wire-processor.eu\/cs\/oferta\/horizontalni-zarizeni-pro-mereni-sily-pretrzeni-0-1000n-s-pohonem-bzw-1000d\/#primaryimage\"},\"thumbnailUrl\":\"https:\/\/wire-processor.eu\/wp-content\/uploads\/2018\/05\/BZW-1000D\u7535\u52a8\u5367\u5f0f\u6d4b\u529b\u5668.jpg\",\"datePublished\":\"2018-05-10T16:49:22+00:00\",\"breadcrumb\":{\"@id\":\"https:\/\/wire-processor.eu\/cs\/oferta\/horizontalni-zarizeni-pro-mereni-sily-pretrzeni-0-1000n-s-pohonem-bzw-1000d\/#breadcrumb\"},\"inLanguage\":\"cs\",\"potentialAction\":[{\"@type\":\"ReadAction\",\"target\":[\"https:\/\/wire-processor.eu\/cs\/oferta\/horizontalni-zarizeni-pro-mereni-sily-pretrzeni-0-1000n-s-pohonem-bzw-1000d\/\"]}]},{\"@type\":\"ImageObject\",\"inLanguage\":\"cs\",\"@id\":\"https:\/\/wire-processor.eu\/cs\/oferta\/horizontalni-zarizeni-pro-mereni-sily-pretrzeni-0-1000n-s-pohonem-bzw-1000d\/#primaryimage\",\"url\":\"https:\/\/wire-processor.eu\/wp-content\/uploads\/2018\/05\/BZW-1000D\u7535\u52a8\u5367\u5f0f\u6d4b\u529b\u5668.jpg\",\"contentUrl\":\"https:\/\/wire-processor.eu\/wp-content\/uploads\/2018\/05\/BZW-1000D\u7535\u52a8\u5367\u5f0f\u6d4b\u529b\u5668.jpg\",\"width\":1600,\"height\":1600,\"caption\":\"Horizont\u00e1ln\u00ed za\u0159\u00edzen\u00ed pro m\u011b\u0159en\u00ed s\u00edly p\u0159etr\u017een\u00ed 0-1000N s pohonem BZW-1000D\"},{\"@type\":\"BreadcrumbList\",\"@id\":\"https:\/\/wire-processor.eu\/cs\/oferta\/horizontalni-zarizeni-pro-mereni-sily-pretrzeni-0-1000n-s-pohonem-bzw-1000d\/#breadcrumb\",\"itemListElement\":[{\"@type\":\"ListItem\",\"position\":1,\"name\":\"Strona g\u0142\u00f3wna\",\"item\":\"https:\/\/wire-processor.eu\/cs\/\"},{\"@type\":\"ListItem\",\"position\":2,\"name\":\"Nab\u00eddka\",\"item\":\"https:\/\/wire-processor.eu\/cs\/nabidka\/\"},{\"@type\":\"ListItem\",\"position\":3,\"name\":\"Horizont\u00e1ln\u00ed za\u0159\u00edzen\u00ed pro m\u011b\u0159en\u00ed s\u00edly p\u0159etr\u017een\u00ed 0-1000N s pohonem BZW-1000D\"}]},{\"@type\":\"WebSite\",\"@id\":\"https:\/\/wire-processor.eu\/en\/#website\",\"url\":\"https:\/\/wire-processor.eu\/en\/\",\"name\":\"Wire processor\",\"description\":\"Maszyny do obr\u00f3bki przewod\u00f3w\",\"publisher\":{\"@id\":\"https:\/\/wire-processor.eu\/en\/#organization\"},\"potentialAction\":[{\"@type\":\"SearchAction\",\"target\":{\"@type\":\"EntryPoint\",\"urlTemplate\":\"https:\/\/wire-processor.eu\/en\/?s={search_term_string}\"},\"query-input\":{\"@type\":\"PropertyValueSpecification\",\"valueRequired\":true,\"valueName\":\"search_term_string\"}}],\"inLanguage\":\"cs\"},{\"@type\":\"Organization\",\"@id\":\"https:\/\/wire-processor.eu\/en\/#organization\",\"name\":\"Wire processor - maszyny do przewod\u00f3w\",\"url\":\"https:\/\/wire-processor.eu\/en\/\",\"logo\":{\"@type\":\"ImageObject\",\"inLanguage\":\"cs\",\"@id\":\"https:\/\/wire-processor.eu\/en\/#\/schema\/logo\/image\/\",\"url\":\"https:\/\/wire-processor.eu\/wp-content\/uploads\/2018\/04\/Bozwang-_logo_producent1.png\",\"contentUrl\":\"https:\/\/wire-processor.eu\/wp-content\/uploads\/2018\/04\/Bozwang-_logo_producent1.png\",\"width\":250,\"height\":33,\"caption\":\"Wire processor - maszyny do przewod\u00f3w\"},\"image\":{\"@id\":\"https:\/\/wire-processor.eu\/en\/#\/schema\/logo\/image\/\"}}]}<\/script>\n<!-- \/ Yoast SEO plugin. -->","yoast_head_json":{"title":"Horizont\u00e1ln\u00ed za\u0159\u00edzen\u00ed pro m\u011b\u0159en\u00ed s\u00edly p\u0159etr\u017een\u00ed 0-1000N s pohonem BZW-1000D","robots":{"index":"index","follow":"follow","max-snippet":"max-snippet:-1","max-image-preview":"max-image-preview:large","max-video-preview":"max-video-preview:-1"},"canonical":"https:\/\/wire-processor.eu\/cs\/oferta\/horizontalni-zarizeni-pro-mereni-sily-pretrzeni-0-1000n-s-pohonem-bzw-1000d\/","og_locale":"cs_CZ","og_type":"article","og_title":"Horizont\u00e1ln\u00ed za\u0159\u00edzen\u00ed pro m\u011b\u0159en\u00ed s\u00edly p\u0159etr\u017een\u00ed 0-1000N s pohonem BZW-1000D","og_description":"Measure range - 0-1000N  Measure mode - Manual  Testing speed - 30~300 mm\/min  Stroke - 570mm  Counting function - 9999 cycle  Voltage - AC 220V  Weight - 40 kg  Dimension :360 x 255 x 1000 mm","og_url":"https:\/\/wire-processor.eu\/cs\/oferta\/horizontalni-zarizeni-pro-mereni-sily-pretrzeni-0-1000n-s-pohonem-bzw-1000d\/","og_site_name":"Wire processor","og_image":[{"width":1600,"height":1600,"url":"https:\/\/wire-processor.eu\/wp-content\/uploads\/2018\/05\/BZW-1000D\u7535\u52a8\u5367\u5f0f\u6d4b\u529b\u5668.jpg","type":"image\/jpeg"}],"twitter_card":"summary_large_image","schema":{"@context":"https:\/\/schema.org","@graph":[{"@type":"WebPage","@id":"https:\/\/wire-processor.eu\/cs\/oferta\/horizontalni-zarizeni-pro-mereni-sily-pretrzeni-0-1000n-s-pohonem-bzw-1000d\/","url":"https:\/\/wire-processor.eu\/cs\/oferta\/horizontalni-zarizeni-pro-mereni-sily-pretrzeni-0-1000n-s-pohonem-bzw-1000d\/","name":"Horizont\u00e1ln\u00ed za\u0159\u00edzen\u00ed pro m\u011b\u0159en\u00ed s\u00edly p\u0159etr\u017een\u00ed 0-1000N s pohonem BZW-1000D","isPartOf":{"@id":"https:\/\/wire-processor.eu\/en\/#website"},"primaryImageOfPage":{"@id":"https:\/\/wire-processor.eu\/cs\/oferta\/horizontalni-zarizeni-pro-mereni-sily-pretrzeni-0-1000n-s-pohonem-bzw-1000d\/#primaryimage"},"image":{"@id":"https:\/\/wire-processor.eu\/cs\/oferta\/horizontalni-zarizeni-pro-mereni-sily-pretrzeni-0-1000n-s-pohonem-bzw-1000d\/#primaryimage"},"thumbnailUrl":"https:\/\/wire-processor.eu\/wp-content\/uploads\/2018\/05\/BZW-1000D\u7535\u52a8\u5367\u5f0f\u6d4b\u529b\u5668.jpg","datePublished":"2018-05-10T16:49:22+00:00","breadcrumb":{"@id":"https:\/\/wire-processor.eu\/cs\/oferta\/horizontalni-zarizeni-pro-mereni-sily-pretrzeni-0-1000n-s-pohonem-bzw-1000d\/#breadcrumb"},"inLanguage":"cs","potentialAction":[{"@type":"ReadAction","target":["https:\/\/wire-processor.eu\/cs\/oferta\/horizontalni-zarizeni-pro-mereni-sily-pretrzeni-0-1000n-s-pohonem-bzw-1000d\/"]}]},{"@type":"ImageObject","inLanguage":"cs","@id":"https:\/\/wire-processor.eu\/cs\/oferta\/horizontalni-zarizeni-pro-mereni-sily-pretrzeni-0-1000n-s-pohonem-bzw-1000d\/#primaryimage","url":"https:\/\/wire-processor.eu\/wp-content\/uploads\/2018\/05\/BZW-1000D\u7535\u52a8\u5367\u5f0f\u6d4b\u529b\u5668.jpg","contentUrl":"https:\/\/wire-processor.eu\/wp-content\/uploads\/2018\/05\/BZW-1000D\u7535\u52a8\u5367\u5f0f\u6d4b\u529b\u5668.jpg","width":1600,"height":1600,"caption":"Horizont\u00e1ln\u00ed za\u0159\u00edzen\u00ed pro m\u011b\u0159en\u00ed s\u00edly p\u0159etr\u017een\u00ed 0-1000N s pohonem BZW-1000D"},{"@type":"BreadcrumbList","@id":"https:\/\/wire-processor.eu\/cs\/oferta\/horizontalni-zarizeni-pro-mereni-sily-pretrzeni-0-1000n-s-pohonem-bzw-1000d\/#breadcrumb","itemListElement":[{"@type":"ListItem","position":1,"name":"Strona g\u0142\u00f3wna","item":"https:\/\/wire-processor.eu\/cs\/"},{"@type":"ListItem","position":2,"name":"Nab\u00eddka","item":"https:\/\/wire-processor.eu\/cs\/nabidka\/"},{"@type":"ListItem","position":3,"name":"Horizont\u00e1ln\u00ed za\u0159\u00edzen\u00ed pro m\u011b\u0159en\u00ed s\u00edly p\u0159etr\u017een\u00ed 0-1000N s pohonem BZW-1000D"}]},{"@type":"WebSite","@id":"https:\/\/wire-processor.eu\/en\/#website","url":"https:\/\/wire-processor.eu\/en\/","name":"Wire processor","description":"Maszyny do obr\u00f3bki przewod\u00f3w","publisher":{"@id":"https:\/\/wire-processor.eu\/en\/#organization"},"potentialAction":[{"@type":"SearchAction","target":{"@type":"EntryPoint","urlTemplate":"https:\/\/wire-processor.eu\/en\/?s={search_term_string}"},"query-input":{"@type":"PropertyValueSpecification","valueRequired":true,"valueName":"search_term_string"}}],"inLanguage":"cs"},{"@type":"Organization","@id":"https:\/\/wire-processor.eu\/en\/#organization","name":"Wire processor - maszyny do przewod\u00f3w","url":"https:\/\/wire-processor.eu\/en\/","logo":{"@type":"ImageObject","inLanguage":"cs","@id":"https:\/\/wire-processor.eu\/en\/#\/schema\/logo\/image\/","url":"https:\/\/wire-processor.eu\/wp-content\/uploads\/2018\/04\/Bozwang-_logo_producent1.png","contentUrl":"https:\/\/wire-processor.eu\/wp-content\/uploads\/2018\/04\/Bozwang-_logo_producent1.png","width":250,"height":33,"caption":"Wire processor - maszyny do przewod\u00f3w"},"image":{"@id":"https:\/\/wire-processor.eu\/en\/#\/schema\/logo\/image\/"}}]}},"_links":{"self":[{"href":"https:\/\/wire-processor.eu\/cs\/wp-json\/wp\/v2\/product\/14122","targetHints":{"allow":["GET"]}}],"collection":[{"href":"https:\/\/wire-processor.eu\/cs\/wp-json\/wp\/v2\/product"}],"about":[{"href":"https:\/\/wire-processor.eu\/cs\/wp-json\/wp\/v2\/types\/product"}],"wp:featuredmedia":[{"embeddable":true,"href":"https:\/\/wire-processor.eu\/cs\/wp-json\/wp\/v2\/media\/14123"}],"wp:attachment":[{"href":"https:\/\/wire-processor.eu\/cs\/wp-json\/wp\/v2\/media?parent=14122"}],"wp:term":[{"taxonomy":"product_brand","embeddable":true,"href":"https:\/\/wire-processor.eu\/cs\/wp-json\/wp\/v2\/product_brand?post=14122"},{"taxonomy":"product_cat","embeddable":true,"href":"https:\/\/wire-processor.eu\/cs\/wp-json\/wp\/v2\/product_cat?post=14122"},{"taxonomy":"product_tag","embeddable":true,"href":"https:\/\/wire-processor.eu\/cs\/wp-json\/wp\/v2\/product_tag?post=14122"}],"curies":[{"name":"wp","href":"https:\/\/api.w.org\/{rel}","templated":true}]}}