{"id":14125,"date":"2018-05-10T19:02:51","date_gmt":"2018-05-10T17:02:51","guid":{"rendered":"https:\/\/wire-processor.eu\/oferta\/nezarazene\/zarizeni-pro-rozpletani-ochranneho-stineni-vodicu-bzw-2w\/"},"modified":"2018-05-10T19:02:51","modified_gmt":"2018-05-10T17:02:51","slug":"zarizeni-pro-rozpletani-ochranneho-stineni-vodicu-bzw-2w","status":"publish","type":"product","link":"https:\/\/wire-processor.eu\/cs\/oferta\/zarizeni-pro-rozpletani-ochranneho-stineni-vodicu-bzw-2w\/","title":{"rendered":"Za\u0159\u00edzen\u00ed pro rozpl\u00e9t\u00e1n\u00ed ochrann\u00e9ho st\u00edn\u011bn\u00ed vodi\u010d\u016f BZW-2W"},"content":{"rendered":"","protected":false},"excerpt":{"rendered":"<ul>\n<li>Wire range: 2.5 &#8211; 70mm<\/li>\n<li>Combing length: 150 mm (other size can be special ordered)<\/li>\n<li>Weight: 42 kg<\/li>\n<li>Dimension: \u00a0530 x 320 x 290mm<\/li>\n<li>Voltage: 220V\/50Hz<\/li>\n<li>Power: 240W<\/li>\n<li>Speed: 3 s\/pcs (adjustable)<\/li>\n<\/ul>\n","protected":false},"featured_media":14126,"template":"","meta":[],"product_brand":[],"product_cat":[550],"product_tag":[],"class_list":{"0":"post-14125","1":"product","2":"type-product","3":"status-publish","4":"has-post-thumbnail","6":"product_cat-dalsi-zarizeni","8":"first","9":"instock","10":"shipping-taxable","11":"product-type-simple"},"yoast_head":"<!-- This site is optimized with the Yoast SEO plugin v26.3 - https:\/\/yoast.com\/wordpress\/plugins\/seo\/ -->\n<title>Za\u0159\u00edzen\u00ed pro rozpl\u00e9t\u00e1n\u00ed ochrann\u00e9ho st\u00edn\u011bn\u00ed vodi\u010d\u016f BZW-2W - Wire processor<\/title>\n<meta name=\"robots\" content=\"index, follow, max-snippet:-1, max-image-preview:large, max-video-preview:-1\" \/>\n<link rel=\"canonical\" href=\"https:\/\/wire-processor.eu\/cs\/oferta\/zarizeni-pro-rozpletani-ochranneho-stineni-vodicu-bzw-2w\/\" \/>\n<meta property=\"og:locale\" content=\"cs_CZ\" \/>\n<meta property=\"og:type\" content=\"article\" \/>\n<meta property=\"og:title\" content=\"Za\u0159\u00edzen\u00ed pro rozpl\u00e9t\u00e1n\u00ed ochrann\u00e9ho st\u00edn\u011bn\u00ed vodi\u010d\u016f BZW-2W - Wire processor\" \/>\n<meta property=\"og:description\" content=\"Wire range: 2.5 - 70mm  Combing length: 150 mm (other size can be special ordered)  Weight: 42 kg  Dimension: \u00a0530 x 320 x 290mm  Voltage: 220V\/50Hz  Power: 240W  Speed: 3 s\/pcs (adjustable)\" \/>\n<meta property=\"og:url\" content=\"https:\/\/wire-processor.eu\/cs\/oferta\/zarizeni-pro-rozpletani-ochranneho-stineni-vodicu-bzw-2w\/\" \/>\n<meta property=\"og:site_name\" content=\"Wire processor\" \/>\n<meta property=\"og:image\" content=\"https:\/\/wire-processor.eu\/wp-content\/uploads\/2018\/05\/bzw-2W.jpg\" \/>\n\t<meta property=\"og:image:width\" content=\"726\" \/>\n\t<meta property=\"og:image:height\" content=\"726\" \/>\n\t<meta property=\"og:image:type\" content=\"image\/jpeg\" \/>\n<meta name=\"twitter:card\" content=\"summary_large_image\" \/>\n<script type=\"application\/ld+json\" class=\"yoast-schema-graph\">{\"@context\":\"https:\/\/schema.org\",\"@graph\":[{\"@type\":\"WebPage\",\"@id\":\"https:\/\/wire-processor.eu\/cs\/oferta\/zarizeni-pro-rozpletani-ochranneho-stineni-vodicu-bzw-2w\/\",\"url\":\"https:\/\/wire-processor.eu\/cs\/oferta\/zarizeni-pro-rozpletani-ochranneho-stineni-vodicu-bzw-2w\/\",\"name\":\"Za\u0159\u00edzen\u00ed pro rozpl\u00e9t\u00e1n\u00ed ochrann\u00e9ho st\u00edn\u011bn\u00ed vodi\u010d\u016f BZW-2W - Wire processor\",\"isPartOf\":{\"@id\":\"https:\/\/wire-processor.eu\/en\/#website\"},\"primaryImageOfPage\":{\"@id\":\"https:\/\/wire-processor.eu\/cs\/oferta\/zarizeni-pro-rozpletani-ochranneho-stineni-vodicu-bzw-2w\/#primaryimage\"},\"image\":{\"@id\":\"https:\/\/wire-processor.eu\/cs\/oferta\/zarizeni-pro-rozpletani-ochranneho-stineni-vodicu-bzw-2w\/#primaryimage\"},\"thumbnailUrl\":\"https:\/\/wire-processor.eu\/wp-content\/uploads\/2018\/05\/bzw-2W.jpg\",\"datePublished\":\"2018-05-10T17:02:51+00:00\",\"breadcrumb\":{\"@id\":\"https:\/\/wire-processor.eu\/cs\/oferta\/zarizeni-pro-rozpletani-ochranneho-stineni-vodicu-bzw-2w\/#breadcrumb\"},\"inLanguage\":\"cs\",\"potentialAction\":[{\"@type\":\"ReadAction\",\"target\":[\"https:\/\/wire-processor.eu\/cs\/oferta\/zarizeni-pro-rozpletani-ochranneho-stineni-vodicu-bzw-2w\/\"]}]},{\"@type\":\"ImageObject\",\"inLanguage\":\"cs\",\"@id\":\"https:\/\/wire-processor.eu\/cs\/oferta\/zarizeni-pro-rozpletani-ochranneho-stineni-vodicu-bzw-2w\/#primaryimage\",\"url\":\"https:\/\/wire-processor.eu\/wp-content\/uploads\/2018\/05\/bzw-2W.jpg\",\"contentUrl\":\"https:\/\/wire-processor.eu\/wp-content\/uploads\/2018\/05\/bzw-2W.jpg\",\"width\":726,\"height\":726,\"caption\":\"Za\u0159\u00edzen\u00ed pro rozpl\u00e9t\u00e1n\u00ed ochrann\u00e9ho st\u00edn\u011bn\u00ed vodi\u010d\u016f BZW-2W\"},{\"@type\":\"BreadcrumbList\",\"@id\":\"https:\/\/wire-processor.eu\/cs\/oferta\/zarizeni-pro-rozpletani-ochranneho-stineni-vodicu-bzw-2w\/#breadcrumb\",\"itemListElement\":[{\"@type\":\"ListItem\",\"position\":1,\"name\":\"Strona g\u0142\u00f3wna\",\"item\":\"https:\/\/wire-processor.eu\/cs\/\"},{\"@type\":\"ListItem\",\"position\":2,\"name\":\"Nab\u00eddka\",\"item\":\"https:\/\/wire-processor.eu\/cs\/nabidka\/\"},{\"@type\":\"ListItem\",\"position\":3,\"name\":\"Za\u0159\u00edzen\u00ed pro rozpl\u00e9t\u00e1n\u00ed ochrann\u00e9ho st\u00edn\u011bn\u00ed vodi\u010d\u016f BZW-2W\"}]},{\"@type\":\"WebSite\",\"@id\":\"https:\/\/wire-processor.eu\/en\/#website\",\"url\":\"https:\/\/wire-processor.eu\/en\/\",\"name\":\"Wire processor\",\"description\":\"Maszyny do obr\u00f3bki przewod\u00f3w\",\"publisher\":{\"@id\":\"https:\/\/wire-processor.eu\/en\/#organization\"},\"potentialAction\":[{\"@type\":\"SearchAction\",\"target\":{\"@type\":\"EntryPoint\",\"urlTemplate\":\"https:\/\/wire-processor.eu\/en\/?s={search_term_string}\"},\"query-input\":{\"@type\":\"PropertyValueSpecification\",\"valueRequired\":true,\"valueName\":\"search_term_string\"}}],\"inLanguage\":\"cs\"},{\"@type\":\"Organization\",\"@id\":\"https:\/\/wire-processor.eu\/en\/#organization\",\"name\":\"Wire processor - maszyny do przewod\u00f3w\",\"url\":\"https:\/\/wire-processor.eu\/en\/\",\"logo\":{\"@type\":\"ImageObject\",\"inLanguage\":\"cs\",\"@id\":\"https:\/\/wire-processor.eu\/en\/#\/schema\/logo\/image\/\",\"url\":\"https:\/\/wire-processor.eu\/wp-content\/uploads\/2018\/04\/Bozwang-_logo_producent1.png\",\"contentUrl\":\"https:\/\/wire-processor.eu\/wp-content\/uploads\/2018\/04\/Bozwang-_logo_producent1.png\",\"width\":250,\"height\":33,\"caption\":\"Wire processor - maszyny do przewod\u00f3w\"},\"image\":{\"@id\":\"https:\/\/wire-processor.eu\/en\/#\/schema\/logo\/image\/\"}}]}<\/script>\n<!-- \/ Yoast SEO plugin. -->","yoast_head_json":{"title":"Za\u0159\u00edzen\u00ed pro rozpl\u00e9t\u00e1n\u00ed ochrann\u00e9ho st\u00edn\u011bn\u00ed vodi\u010d\u016f BZW-2W - Wire processor","robots":{"index":"index","follow":"follow","max-snippet":"max-snippet:-1","max-image-preview":"max-image-preview:large","max-video-preview":"max-video-preview:-1"},"canonical":"https:\/\/wire-processor.eu\/cs\/oferta\/zarizeni-pro-rozpletani-ochranneho-stineni-vodicu-bzw-2w\/","og_locale":"cs_CZ","og_type":"article","og_title":"Za\u0159\u00edzen\u00ed pro rozpl\u00e9t\u00e1n\u00ed ochrann\u00e9ho st\u00edn\u011bn\u00ed vodi\u010d\u016f BZW-2W - Wire processor","og_description":"Wire range: 2.5 - 70mm  Combing length: 150 mm (other size can be special ordered)  Weight: 42 kg  Dimension: \u00a0530 x 320 x 290mm  Voltage: 220V\/50Hz  Power: 240W  Speed: 3 s\/pcs (adjustable)","og_url":"https:\/\/wire-processor.eu\/cs\/oferta\/zarizeni-pro-rozpletani-ochranneho-stineni-vodicu-bzw-2w\/","og_site_name":"Wire processor","og_image":[{"width":726,"height":726,"url":"https:\/\/wire-processor.eu\/wp-content\/uploads\/2018\/05\/bzw-2W.jpg","type":"image\/jpeg"}],"twitter_card":"summary_large_image","schema":{"@context":"https:\/\/schema.org","@graph":[{"@type":"WebPage","@id":"https:\/\/wire-processor.eu\/cs\/oferta\/zarizeni-pro-rozpletani-ochranneho-stineni-vodicu-bzw-2w\/","url":"https:\/\/wire-processor.eu\/cs\/oferta\/zarizeni-pro-rozpletani-ochranneho-stineni-vodicu-bzw-2w\/","name":"Za\u0159\u00edzen\u00ed pro rozpl\u00e9t\u00e1n\u00ed ochrann\u00e9ho st\u00edn\u011bn\u00ed vodi\u010d\u016f BZW-2W - Wire processor","isPartOf":{"@id":"https:\/\/wire-processor.eu\/en\/#website"},"primaryImageOfPage":{"@id":"https:\/\/wire-processor.eu\/cs\/oferta\/zarizeni-pro-rozpletani-ochranneho-stineni-vodicu-bzw-2w\/#primaryimage"},"image":{"@id":"https:\/\/wire-processor.eu\/cs\/oferta\/zarizeni-pro-rozpletani-ochranneho-stineni-vodicu-bzw-2w\/#primaryimage"},"thumbnailUrl":"https:\/\/wire-processor.eu\/wp-content\/uploads\/2018\/05\/bzw-2W.jpg","datePublished":"2018-05-10T17:02:51+00:00","breadcrumb":{"@id":"https:\/\/wire-processor.eu\/cs\/oferta\/zarizeni-pro-rozpletani-ochranneho-stineni-vodicu-bzw-2w\/#breadcrumb"},"inLanguage":"cs","potentialAction":[{"@type":"ReadAction","target":["https:\/\/wire-processor.eu\/cs\/oferta\/zarizeni-pro-rozpletani-ochranneho-stineni-vodicu-bzw-2w\/"]}]},{"@type":"ImageObject","inLanguage":"cs","@id":"https:\/\/wire-processor.eu\/cs\/oferta\/zarizeni-pro-rozpletani-ochranneho-stineni-vodicu-bzw-2w\/#primaryimage","url":"https:\/\/wire-processor.eu\/wp-content\/uploads\/2018\/05\/bzw-2W.jpg","contentUrl":"https:\/\/wire-processor.eu\/wp-content\/uploads\/2018\/05\/bzw-2W.jpg","width":726,"height":726,"caption":"Za\u0159\u00edzen\u00ed pro rozpl\u00e9t\u00e1n\u00ed ochrann\u00e9ho st\u00edn\u011bn\u00ed vodi\u010d\u016f BZW-2W"},{"@type":"BreadcrumbList","@id":"https:\/\/wire-processor.eu\/cs\/oferta\/zarizeni-pro-rozpletani-ochranneho-stineni-vodicu-bzw-2w\/#breadcrumb","itemListElement":[{"@type":"ListItem","position":1,"name":"Strona g\u0142\u00f3wna","item":"https:\/\/wire-processor.eu\/cs\/"},{"@type":"ListItem","position":2,"name":"Nab\u00eddka","item":"https:\/\/wire-processor.eu\/cs\/nabidka\/"},{"@type":"ListItem","position":3,"name":"Za\u0159\u00edzen\u00ed pro rozpl\u00e9t\u00e1n\u00ed ochrann\u00e9ho st\u00edn\u011bn\u00ed vodi\u010d\u016f BZW-2W"}]},{"@type":"WebSite","@id":"https:\/\/wire-processor.eu\/en\/#website","url":"https:\/\/wire-processor.eu\/en\/","name":"Wire processor","description":"Maszyny do obr\u00f3bki przewod\u00f3w","publisher":{"@id":"https:\/\/wire-processor.eu\/en\/#organization"},"potentialAction":[{"@type":"SearchAction","target":{"@type":"EntryPoint","urlTemplate":"https:\/\/wire-processor.eu\/en\/?s={search_term_string}"},"query-input":{"@type":"PropertyValueSpecification","valueRequired":true,"valueName":"search_term_string"}}],"inLanguage":"cs"},{"@type":"Organization","@id":"https:\/\/wire-processor.eu\/en\/#organization","name":"Wire processor - maszyny do przewod\u00f3w","url":"https:\/\/wire-processor.eu\/en\/","logo":{"@type":"ImageObject","inLanguage":"cs","@id":"https:\/\/wire-processor.eu\/en\/#\/schema\/logo\/image\/","url":"https:\/\/wire-processor.eu\/wp-content\/uploads\/2018\/04\/Bozwang-_logo_producent1.png","contentUrl":"https:\/\/wire-processor.eu\/wp-content\/uploads\/2018\/04\/Bozwang-_logo_producent1.png","width":250,"height":33,"caption":"Wire processor - maszyny do przewod\u00f3w"},"image":{"@id":"https:\/\/wire-processor.eu\/en\/#\/schema\/logo\/image\/"}}]}},"_links":{"self":[{"href":"https:\/\/wire-processor.eu\/cs\/wp-json\/wp\/v2\/product\/14125","targetHints":{"allow":["GET"]}}],"collection":[{"href":"https:\/\/wire-processor.eu\/cs\/wp-json\/wp\/v2\/product"}],"about":[{"href":"https:\/\/wire-processor.eu\/cs\/wp-json\/wp\/v2\/types\/product"}],"wp:featuredmedia":[{"embeddable":true,"href":"https:\/\/wire-processor.eu\/cs\/wp-json\/wp\/v2\/media\/14126"}],"wp:attachment":[{"href":"https:\/\/wire-processor.eu\/cs\/wp-json\/wp\/v2\/media?parent=14125"}],"wp:term":[{"taxonomy":"product_brand","embeddable":true,"href":"https:\/\/wire-processor.eu\/cs\/wp-json\/wp\/v2\/product_brand?post=14125"},{"taxonomy":"product_cat","embeddable":true,"href":"https:\/\/wire-processor.eu\/cs\/wp-json\/wp\/v2\/product_cat?post=14125"},{"taxonomy":"product_tag","embeddable":true,"href":"https:\/\/wire-processor.eu\/cs\/wp-json\/wp\/v2\/product_tag?post=14125"}],"curies":[{"name":"wp","href":"https:\/\/api.w.org\/{rel}","templated":true}]}}