{"id":14133,"date":"2018-05-10T20:20:38","date_gmt":"2018-05-10T18:20:38","guid":{"rendered":"https:\/\/wire-processor.eu\/oferta\/nezarazene\/stolni-automaticky-aplikator-kabelovych-pasku-bzw-10\/"},"modified":"2018-05-10T20:20:38","modified_gmt":"2018-05-10T18:20:38","slug":"stolni-automaticky-aplikator-kabelovych-pasku-bzw-10","status":"publish","type":"product","link":"https:\/\/wire-processor.eu\/cs\/oferta\/stolni-automaticky-aplikator-kabelovych-pasku-bzw-10\/","title":{"rendered":"Stoln\u00ed, automatick\u00fd aplik\u00e1tor kabelov\u00fdch p\u00e1sk\u016f BZW-10"},"content":{"rendered":"","protected":false},"excerpt":{"rendered":"<ul>\n<li>Application range &#8211; Electronic connecting wire, braided tube, jacket tube, motor coils, home appliances, cable, etc.<\/li>\n<li>Tie length &#8211; 60mm\/80mm\/100mm\/120mm\/150mm<\/li>\n<li>Capacity &#8211; 1500PCS\/h ( Depending on products )<\/li>\n<li>Power &#8211; AC220V 50\/60HZ<\/li>\n<li>Power &#8211; 100W<\/li>\n<li>Dimension &#8211; 1230 x 550 x 800 mm<\/li>\n<li>Weight &#8211; 150kg<\/li>\n<\/ul>\n","protected":false},"featured_media":14134,"template":"","meta":[],"product_brand":[],"product_cat":[555],"product_tag":[],"class_list":{"0":"post-14133","1":"product","2":"type-product","3":"status-publish","4":"has-post-thumbnail","6":"product_cat-navijeni-vazani-a-paskovani","8":"first","9":"instock","10":"shipping-taxable","11":"product-type-simple"},"yoast_head":"<!-- This site is optimized with the Yoast SEO plugin v26.3 - https:\/\/yoast.com\/wordpress\/plugins\/seo\/ -->\n<title>Stoln\u00ed, automatick\u00fd aplik\u00e1tor kabelov\u00fdch p\u00e1sk\u016f BZW-10 - Wire processor<\/title>\n<meta name=\"robots\" content=\"index, follow, max-snippet:-1, max-image-preview:large, max-video-preview:-1\" \/>\n<link rel=\"canonical\" href=\"https:\/\/wire-processor.eu\/cs\/oferta\/stolni-automaticky-aplikator-kabelovych-pasku-bzw-10\/\" \/>\n<meta property=\"og:locale\" content=\"cs_CZ\" \/>\n<meta property=\"og:type\" content=\"article\" \/>\n<meta property=\"og:title\" content=\"Stoln\u00ed, automatick\u00fd aplik\u00e1tor kabelov\u00fdch p\u00e1sk\u016f BZW-10 - Wire processor\" \/>\n<meta property=\"og:description\" content=\"Application range - Electronic connecting wire, braided tube, jacket tube, motor coils, home appliances, cable, etc.  Tie length - 60mm\/80mm\/100mm\/120mm\/150mm  Capacity - 1500PCS\/h ( Depending on products )  Power - AC220V 50\/60HZ  Power - 100W  Dimension - 1230 x 550 x 800 mm  Weight - 150kg\" \/>\n<meta property=\"og:url\" content=\"https:\/\/wire-processor.eu\/cs\/oferta\/stolni-automaticky-aplikator-kabelovych-pasku-bzw-10\/\" \/>\n<meta property=\"og:site_name\" content=\"Wire processor\" \/>\n<meta property=\"og:image\" content=\"https:\/\/wire-processor.eu\/wp-content\/uploads\/2018\/05\/BZW-10.jpg\" \/>\n\t<meta property=\"og:image:width\" content=\"1600\" \/>\n\t<meta property=\"og:image:height\" content=\"1600\" \/>\n\t<meta property=\"og:image:type\" content=\"image\/jpeg\" \/>\n<meta name=\"twitter:card\" content=\"summary_large_image\" \/>\n<script type=\"application\/ld+json\" class=\"yoast-schema-graph\">{\"@context\":\"https:\/\/schema.org\",\"@graph\":[{\"@type\":\"WebPage\",\"@id\":\"https:\/\/wire-processor.eu\/cs\/oferta\/stolni-automaticky-aplikator-kabelovych-pasku-bzw-10\/\",\"url\":\"https:\/\/wire-processor.eu\/cs\/oferta\/stolni-automaticky-aplikator-kabelovych-pasku-bzw-10\/\",\"name\":\"Stoln\u00ed, automatick\u00fd aplik\u00e1tor kabelov\u00fdch p\u00e1sk\u016f BZW-10 - Wire processor\",\"isPartOf\":{\"@id\":\"https:\/\/wire-processor.eu\/en\/#website\"},\"primaryImageOfPage\":{\"@id\":\"https:\/\/wire-processor.eu\/cs\/oferta\/stolni-automaticky-aplikator-kabelovych-pasku-bzw-10\/#primaryimage\"},\"image\":{\"@id\":\"https:\/\/wire-processor.eu\/cs\/oferta\/stolni-automaticky-aplikator-kabelovych-pasku-bzw-10\/#primaryimage\"},\"thumbnailUrl\":\"https:\/\/wire-processor.eu\/wp-content\/uploads\/2018\/05\/BZW-10.jpg\",\"datePublished\":\"2018-05-10T18:20:38+00:00\",\"breadcrumb\":{\"@id\":\"https:\/\/wire-processor.eu\/cs\/oferta\/stolni-automaticky-aplikator-kabelovych-pasku-bzw-10\/#breadcrumb\"},\"inLanguage\":\"cs\",\"potentialAction\":[{\"@type\":\"ReadAction\",\"target\":[\"https:\/\/wire-processor.eu\/cs\/oferta\/stolni-automaticky-aplikator-kabelovych-pasku-bzw-10\/\"]}]},{\"@type\":\"ImageObject\",\"inLanguage\":\"cs\",\"@id\":\"https:\/\/wire-processor.eu\/cs\/oferta\/stolni-automaticky-aplikator-kabelovych-pasku-bzw-10\/#primaryimage\",\"url\":\"https:\/\/wire-processor.eu\/wp-content\/uploads\/2018\/05\/BZW-10.jpg\",\"contentUrl\":\"https:\/\/wire-processor.eu\/wp-content\/uploads\/2018\/05\/BZW-10.jpg\",\"width\":1600,\"height\":1600,\"caption\":\"Stoln\u00ed, automatick\u00fd aplik\u00e1tor kabelov\u00fdch p\u00e1sk\u016f BZW-10\"},{\"@type\":\"BreadcrumbList\",\"@id\":\"https:\/\/wire-processor.eu\/cs\/oferta\/stolni-automaticky-aplikator-kabelovych-pasku-bzw-10\/#breadcrumb\",\"itemListElement\":[{\"@type\":\"ListItem\",\"position\":1,\"name\":\"Strona g\u0142\u00f3wna\",\"item\":\"https:\/\/wire-processor.eu\/cs\/\"},{\"@type\":\"ListItem\",\"position\":2,\"name\":\"Nab\u00eddka\",\"item\":\"https:\/\/wire-processor.eu\/cs\/nabidka\/\"},{\"@type\":\"ListItem\",\"position\":3,\"name\":\"Stoln\u00ed, automatick\u00fd aplik\u00e1tor kabelov\u00fdch p\u00e1sk\u016f BZW-10\"}]},{\"@type\":\"WebSite\",\"@id\":\"https:\/\/wire-processor.eu\/en\/#website\",\"url\":\"https:\/\/wire-processor.eu\/en\/\",\"name\":\"Wire processor\",\"description\":\"Maszyny do obr\u00f3bki przewod\u00f3w\",\"publisher\":{\"@id\":\"https:\/\/wire-processor.eu\/en\/#organization\"},\"potentialAction\":[{\"@type\":\"SearchAction\",\"target\":{\"@type\":\"EntryPoint\",\"urlTemplate\":\"https:\/\/wire-processor.eu\/en\/?s={search_term_string}\"},\"query-input\":{\"@type\":\"PropertyValueSpecification\",\"valueRequired\":true,\"valueName\":\"search_term_string\"}}],\"inLanguage\":\"cs\"},{\"@type\":\"Organization\",\"@id\":\"https:\/\/wire-processor.eu\/en\/#organization\",\"name\":\"Wire processor - maszyny do przewod\u00f3w\",\"url\":\"https:\/\/wire-processor.eu\/en\/\",\"logo\":{\"@type\":\"ImageObject\",\"inLanguage\":\"cs\",\"@id\":\"https:\/\/wire-processor.eu\/en\/#\/schema\/logo\/image\/\",\"url\":\"https:\/\/wire-processor.eu\/wp-content\/uploads\/2018\/04\/Bozwang-_logo_producent1.png\",\"contentUrl\":\"https:\/\/wire-processor.eu\/wp-content\/uploads\/2018\/04\/Bozwang-_logo_producent1.png\",\"width\":250,\"height\":33,\"caption\":\"Wire processor - maszyny do przewod\u00f3w\"},\"image\":{\"@id\":\"https:\/\/wire-processor.eu\/en\/#\/schema\/logo\/image\/\"}}]}<\/script>\n<!-- \/ Yoast SEO plugin. -->","yoast_head_json":{"title":"Stoln\u00ed, automatick\u00fd aplik\u00e1tor kabelov\u00fdch p\u00e1sk\u016f BZW-10 - Wire processor","robots":{"index":"index","follow":"follow","max-snippet":"max-snippet:-1","max-image-preview":"max-image-preview:large","max-video-preview":"max-video-preview:-1"},"canonical":"https:\/\/wire-processor.eu\/cs\/oferta\/stolni-automaticky-aplikator-kabelovych-pasku-bzw-10\/","og_locale":"cs_CZ","og_type":"article","og_title":"Stoln\u00ed, automatick\u00fd aplik\u00e1tor kabelov\u00fdch p\u00e1sk\u016f BZW-10 - Wire processor","og_description":"Application range - Electronic connecting wire, braided tube, jacket tube, motor coils, home appliances, cable, etc.  Tie length - 60mm\/80mm\/100mm\/120mm\/150mm  Capacity - 1500PCS\/h ( Depending on products )  Power - AC220V 50\/60HZ  Power - 100W  Dimension - 1230 x 550 x 800 mm  Weight - 150kg","og_url":"https:\/\/wire-processor.eu\/cs\/oferta\/stolni-automaticky-aplikator-kabelovych-pasku-bzw-10\/","og_site_name":"Wire processor","og_image":[{"width":1600,"height":1600,"url":"https:\/\/wire-processor.eu\/wp-content\/uploads\/2018\/05\/BZW-10.jpg","type":"image\/jpeg"}],"twitter_card":"summary_large_image","schema":{"@context":"https:\/\/schema.org","@graph":[{"@type":"WebPage","@id":"https:\/\/wire-processor.eu\/cs\/oferta\/stolni-automaticky-aplikator-kabelovych-pasku-bzw-10\/","url":"https:\/\/wire-processor.eu\/cs\/oferta\/stolni-automaticky-aplikator-kabelovych-pasku-bzw-10\/","name":"Stoln\u00ed, automatick\u00fd aplik\u00e1tor kabelov\u00fdch p\u00e1sk\u016f BZW-10 - Wire processor","isPartOf":{"@id":"https:\/\/wire-processor.eu\/en\/#website"},"primaryImageOfPage":{"@id":"https:\/\/wire-processor.eu\/cs\/oferta\/stolni-automaticky-aplikator-kabelovych-pasku-bzw-10\/#primaryimage"},"image":{"@id":"https:\/\/wire-processor.eu\/cs\/oferta\/stolni-automaticky-aplikator-kabelovych-pasku-bzw-10\/#primaryimage"},"thumbnailUrl":"https:\/\/wire-processor.eu\/wp-content\/uploads\/2018\/05\/BZW-10.jpg","datePublished":"2018-05-10T18:20:38+00:00","breadcrumb":{"@id":"https:\/\/wire-processor.eu\/cs\/oferta\/stolni-automaticky-aplikator-kabelovych-pasku-bzw-10\/#breadcrumb"},"inLanguage":"cs","potentialAction":[{"@type":"ReadAction","target":["https:\/\/wire-processor.eu\/cs\/oferta\/stolni-automaticky-aplikator-kabelovych-pasku-bzw-10\/"]}]},{"@type":"ImageObject","inLanguage":"cs","@id":"https:\/\/wire-processor.eu\/cs\/oferta\/stolni-automaticky-aplikator-kabelovych-pasku-bzw-10\/#primaryimage","url":"https:\/\/wire-processor.eu\/wp-content\/uploads\/2018\/05\/BZW-10.jpg","contentUrl":"https:\/\/wire-processor.eu\/wp-content\/uploads\/2018\/05\/BZW-10.jpg","width":1600,"height":1600,"caption":"Stoln\u00ed, automatick\u00fd aplik\u00e1tor kabelov\u00fdch p\u00e1sk\u016f BZW-10"},{"@type":"BreadcrumbList","@id":"https:\/\/wire-processor.eu\/cs\/oferta\/stolni-automaticky-aplikator-kabelovych-pasku-bzw-10\/#breadcrumb","itemListElement":[{"@type":"ListItem","position":1,"name":"Strona g\u0142\u00f3wna","item":"https:\/\/wire-processor.eu\/cs\/"},{"@type":"ListItem","position":2,"name":"Nab\u00eddka","item":"https:\/\/wire-processor.eu\/cs\/nabidka\/"},{"@type":"ListItem","position":3,"name":"Stoln\u00ed, automatick\u00fd aplik\u00e1tor kabelov\u00fdch p\u00e1sk\u016f BZW-10"}]},{"@type":"WebSite","@id":"https:\/\/wire-processor.eu\/en\/#website","url":"https:\/\/wire-processor.eu\/en\/","name":"Wire processor","description":"Maszyny do obr\u00f3bki przewod\u00f3w","publisher":{"@id":"https:\/\/wire-processor.eu\/en\/#organization"},"potentialAction":[{"@type":"SearchAction","target":{"@type":"EntryPoint","urlTemplate":"https:\/\/wire-processor.eu\/en\/?s={search_term_string}"},"query-input":{"@type":"PropertyValueSpecification","valueRequired":true,"valueName":"search_term_string"}}],"inLanguage":"cs"},{"@type":"Organization","@id":"https:\/\/wire-processor.eu\/en\/#organization","name":"Wire processor - maszyny do przewod\u00f3w","url":"https:\/\/wire-processor.eu\/en\/","logo":{"@type":"ImageObject","inLanguage":"cs","@id":"https:\/\/wire-processor.eu\/en\/#\/schema\/logo\/image\/","url":"https:\/\/wire-processor.eu\/wp-content\/uploads\/2018\/04\/Bozwang-_logo_producent1.png","contentUrl":"https:\/\/wire-processor.eu\/wp-content\/uploads\/2018\/04\/Bozwang-_logo_producent1.png","width":250,"height":33,"caption":"Wire processor - maszyny do przewod\u00f3w"},"image":{"@id":"https:\/\/wire-processor.eu\/en\/#\/schema\/logo\/image\/"}}]}},"_links":{"self":[{"href":"https:\/\/wire-processor.eu\/cs\/wp-json\/wp\/v2\/product\/14133","targetHints":{"allow":["GET"]}}],"collection":[{"href":"https:\/\/wire-processor.eu\/cs\/wp-json\/wp\/v2\/product"}],"about":[{"href":"https:\/\/wire-processor.eu\/cs\/wp-json\/wp\/v2\/types\/product"}],"wp:featuredmedia":[{"embeddable":true,"href":"https:\/\/wire-processor.eu\/cs\/wp-json\/wp\/v2\/media\/14134"}],"wp:attachment":[{"href":"https:\/\/wire-processor.eu\/cs\/wp-json\/wp\/v2\/media?parent=14133"}],"wp:term":[{"taxonomy":"product_brand","embeddable":true,"href":"https:\/\/wire-processor.eu\/cs\/wp-json\/wp\/v2\/product_brand?post=14133"},{"taxonomy":"product_cat","embeddable":true,"href":"https:\/\/wire-processor.eu\/cs\/wp-json\/wp\/v2\/product_cat?post=14133"},{"taxonomy":"product_tag","embeddable":true,"href":"https:\/\/wire-processor.eu\/cs\/wp-json\/wp\/v2\/product_tag?post=14133"}],"curies":[{"name":"wp","href":"https:\/\/api.w.org\/{rel}","templated":true}]}}