{"id":14136,"date":"2018-05-10T20:20:38","date_gmt":"2018-05-10T18:20:38","guid":{"rendered":"https:\/\/wire-processor.eu\/oferta\/nezarazene\/automaticky-navijeci-vazaci-stroj-pro-dlouhe-a-velke-vodice-bzw-60\/"},"modified":"2018-05-10T20:20:38","modified_gmt":"2018-05-10T18:20:38","slug":"automaticky-navijeci-vazaci-stroj-pro-dlouhe-a-velke-vodice-bzw-60","status":"publish","type":"product","link":"https:\/\/wire-processor.eu\/cs\/oferta\/automaticky-navijeci-vazaci-stroj-pro-dlouhe-a-velke-vodice-bzw-60\/","title":{"rendered":"Automatick\u00fd nav\u00edjec\u00ed, v\u00e1zac\u00ed stroj pro dlouh\u00e9 a velk\u00e9 vodi\u010de BZW-60"},"content":{"rendered":"","protected":false},"excerpt":{"rendered":"<ul>\n<li>Application &#8211; suitable for AC wire, HDMI wire, network cable, PC wire, earphone wire, video wire, etc..<\/li>\n<li>Applicable wire &#8211; 1,5mm\uff1c= OD\uff1c=15,0mm<\/li>\n<li>Wire length &#8211; 0,6-6m<\/li>\n<li>Front length &#8211; 200mm<\/li>\n<li>Rear size &#8211; 0-200mm<\/li>\n<li>Coiling size &#8211; 0-300mm<\/li>\n<li>Middle coiling &#8211; 0-300mm<\/li>\n<li>Wire coiling shape &#8211; suitable for coiling 8-shaped wire<\/li>\n<li>Capacity &#8211; \u22661980pcs\/h (Depending on the wire material )<\/li>\n<li>Voltage &#8211; 210-240V 5A<\/li>\n<li>Air supply &#8211; 0.5-0.6MPa<\/li>\n<li>Dimension &#8211; 1700 x 600 x 1600mm<\/li>\n<li>Weight &#8211; 300kg<\/li>\n<li>Function &#8211; wire cutting, wire winding and wire tying<\/li>\n<\/ul>\n","protected":false},"featured_media":14137,"template":"","meta":[],"product_brand":[],"product_cat":[555],"product_tag":[],"class_list":{"0":"post-14136","1":"product","2":"type-product","3":"status-publish","4":"has-post-thumbnail","6":"product_cat-navijeni-vazani-a-paskovani","8":"first","9":"instock","10":"shipping-taxable","11":"product-type-simple"},"yoast_head":"<!-- This site is optimized with the Yoast SEO plugin v26.3 - https:\/\/yoast.com\/wordpress\/plugins\/seo\/ -->\n<title>55. Automatick\u00fd nav\u00edjec\u00ed, v\u00e1zac\u00ed stroj pro dlouh\u00e9 a velk\u00e9 vodi\u010de BZW-60 - Wire processor<\/title>\n<meta name=\"robots\" content=\"index, follow, max-snippet:-1, max-image-preview:large, max-video-preview:-1\" \/>\n<link rel=\"canonical\" href=\"https:\/\/wire-processor.eu\/cs\/oferta\/automaticky-navijeci-vazaci-stroj-pro-dlouhe-a-velke-vodice-bzw-60\/\" \/>\n<meta property=\"og:locale\" content=\"cs_CZ\" \/>\n<meta property=\"og:type\" content=\"article\" \/>\n<meta property=\"og:title\" content=\"55. Automatick\u00fd nav\u00edjec\u00ed, v\u00e1zac\u00ed stroj pro dlouh\u00e9 a velk\u00e9 vodi\u010de BZW-60 - Wire processor\" \/>\n<meta property=\"og:description\" content=\"Application - suitable for AC wire, HDMI wire, network cable, PC wire, earphone wire, video wire, etc..  Applicable wire - 1,5mm\uff1c= OD\uff1c=15,0mm  Wire length - 0,6-6m  Front length - 200mm  Rear size - 0-200mm  Coiling size - 0-300mm  Middle coiling - 0-300mm  Wire coiling shape - suitable for coiling 8-shaped wire  Capacity - \u22661980pcs\/h (Depending on the wire material )  Voltage - 210-240V 5A  Air supply - 0.5-0.6MPa  Dimension - 1700 x 600 x 1600mm  Weight - 300kg  Function - wire cutting, wire winding and wire tying\" \/>\n<meta property=\"og:url\" content=\"https:\/\/wire-processor.eu\/cs\/oferta\/automaticky-navijeci-vazaci-stroj-pro-dlouhe-a-velke-vodice-bzw-60\/\" \/>\n<meta property=\"og:site_name\" content=\"Wire processor\" \/>\n<meta property=\"og:image\" content=\"https:\/\/wire-processor.eu\/wp-content\/uploads\/2018\/05\/BZW-60.jpg\" \/>\n\t<meta property=\"og:image:width\" content=\"1597\" \/>\n\t<meta property=\"og:image:height\" content=\"1600\" \/>\n\t<meta property=\"og:image:type\" content=\"image\/jpeg\" \/>\n<meta name=\"twitter:card\" content=\"summary_large_image\" \/>\n<script type=\"application\/ld+json\" class=\"yoast-schema-graph\">{\"@context\":\"https:\/\/schema.org\",\"@graph\":[{\"@type\":\"WebPage\",\"@id\":\"https:\/\/wire-processor.eu\/cs\/oferta\/automaticky-navijeci-vazaci-stroj-pro-dlouhe-a-velke-vodice-bzw-60\/\",\"url\":\"https:\/\/wire-processor.eu\/cs\/oferta\/automaticky-navijeci-vazaci-stroj-pro-dlouhe-a-velke-vodice-bzw-60\/\",\"name\":\"55. Automatick\u00fd nav\u00edjec\u00ed, v\u00e1zac\u00ed stroj pro dlouh\u00e9 a velk\u00e9 vodi\u010de BZW-60 - Wire processor\",\"isPartOf\":{\"@id\":\"https:\/\/wire-processor.eu\/en\/#website\"},\"primaryImageOfPage\":{\"@id\":\"https:\/\/wire-processor.eu\/cs\/oferta\/automaticky-navijeci-vazaci-stroj-pro-dlouhe-a-velke-vodice-bzw-60\/#primaryimage\"},\"image\":{\"@id\":\"https:\/\/wire-processor.eu\/cs\/oferta\/automaticky-navijeci-vazaci-stroj-pro-dlouhe-a-velke-vodice-bzw-60\/#primaryimage\"},\"thumbnailUrl\":\"https:\/\/wire-processor.eu\/wp-content\/uploads\/2018\/05\/BZW-60.jpg\",\"datePublished\":\"2018-05-10T18:20:38+00:00\",\"breadcrumb\":{\"@id\":\"https:\/\/wire-processor.eu\/cs\/oferta\/automaticky-navijeci-vazaci-stroj-pro-dlouhe-a-velke-vodice-bzw-60\/#breadcrumb\"},\"inLanguage\":\"cs\",\"potentialAction\":[{\"@type\":\"ReadAction\",\"target\":[\"https:\/\/wire-processor.eu\/cs\/oferta\/automaticky-navijeci-vazaci-stroj-pro-dlouhe-a-velke-vodice-bzw-60\/\"]}]},{\"@type\":\"ImageObject\",\"inLanguage\":\"cs\",\"@id\":\"https:\/\/wire-processor.eu\/cs\/oferta\/automaticky-navijeci-vazaci-stroj-pro-dlouhe-a-velke-vodice-bzw-60\/#primaryimage\",\"url\":\"https:\/\/wire-processor.eu\/wp-content\/uploads\/2018\/05\/BZW-60.jpg\",\"contentUrl\":\"https:\/\/wire-processor.eu\/wp-content\/uploads\/2018\/05\/BZW-60.jpg\",\"width\":1597,\"height\":1600,\"caption\":\"55. Automatick\u00fd nav\u00edjec\u00ed, v\u00e1zac\u00ed stroj pro dlouh\u00e9 a velk\u00e9 vodi\u010de BZW-60\"},{\"@type\":\"BreadcrumbList\",\"@id\":\"https:\/\/wire-processor.eu\/cs\/oferta\/automaticky-navijeci-vazaci-stroj-pro-dlouhe-a-velke-vodice-bzw-60\/#breadcrumb\",\"itemListElement\":[{\"@type\":\"ListItem\",\"position\":1,\"name\":\"Strona g\u0142\u00f3wna\",\"item\":\"https:\/\/wire-processor.eu\/cs\/\"},{\"@type\":\"ListItem\",\"position\":2,\"name\":\"Nab\u00eddka\",\"item\":\"https:\/\/wire-processor.eu\/cs\/nabidka\/\"},{\"@type\":\"ListItem\",\"position\":3,\"name\":\"Automatick\u00fd nav\u00edjec\u00ed, v\u00e1zac\u00ed stroj pro dlouh\u00e9 a velk\u00e9 vodi\u010de BZW-60\"}]},{\"@type\":\"WebSite\",\"@id\":\"https:\/\/wire-processor.eu\/en\/#website\",\"url\":\"https:\/\/wire-processor.eu\/en\/\",\"name\":\"Wire processor\",\"description\":\"Maszyny do obr\u00f3bki przewod\u00f3w\",\"publisher\":{\"@id\":\"https:\/\/wire-processor.eu\/en\/#organization\"},\"potentialAction\":[{\"@type\":\"SearchAction\",\"target\":{\"@type\":\"EntryPoint\",\"urlTemplate\":\"https:\/\/wire-processor.eu\/en\/?s={search_term_string}\"},\"query-input\":{\"@type\":\"PropertyValueSpecification\",\"valueRequired\":true,\"valueName\":\"search_term_string\"}}],\"inLanguage\":\"cs\"},{\"@type\":\"Organization\",\"@id\":\"https:\/\/wire-processor.eu\/en\/#organization\",\"name\":\"Wire processor - maszyny do przewod\u00f3w\",\"url\":\"https:\/\/wire-processor.eu\/en\/\",\"logo\":{\"@type\":\"ImageObject\",\"inLanguage\":\"cs\",\"@id\":\"https:\/\/wire-processor.eu\/en\/#\/schema\/logo\/image\/\",\"url\":\"https:\/\/wire-processor.eu\/wp-content\/uploads\/2018\/04\/Bozwang-_logo_producent1.png\",\"contentUrl\":\"https:\/\/wire-processor.eu\/wp-content\/uploads\/2018\/04\/Bozwang-_logo_producent1.png\",\"width\":250,\"height\":33,\"caption\":\"Wire processor - maszyny do przewod\u00f3w\"},\"image\":{\"@id\":\"https:\/\/wire-processor.eu\/en\/#\/schema\/logo\/image\/\"}}]}<\/script>\n<!-- \/ Yoast SEO plugin. -->","yoast_head_json":{"title":"55. Automatick\u00fd nav\u00edjec\u00ed, v\u00e1zac\u00ed stroj pro dlouh\u00e9 a velk\u00e9 vodi\u010de BZW-60 - Wire processor","robots":{"index":"index","follow":"follow","max-snippet":"max-snippet:-1","max-image-preview":"max-image-preview:large","max-video-preview":"max-video-preview:-1"},"canonical":"https:\/\/wire-processor.eu\/cs\/oferta\/automaticky-navijeci-vazaci-stroj-pro-dlouhe-a-velke-vodice-bzw-60\/","og_locale":"cs_CZ","og_type":"article","og_title":"55. Automatick\u00fd nav\u00edjec\u00ed, v\u00e1zac\u00ed stroj pro dlouh\u00e9 a velk\u00e9 vodi\u010de BZW-60 - Wire processor","og_description":"Application - suitable for AC wire, HDMI wire, network cable, PC wire, earphone wire, video wire, etc..  Applicable wire - 1,5mm\uff1c= OD\uff1c=15,0mm  Wire length - 0,6-6m  Front length - 200mm  Rear size - 0-200mm  Coiling size - 0-300mm  Middle coiling - 0-300mm  Wire coiling shape - suitable for coiling 8-shaped wire  Capacity - \u22661980pcs\/h (Depending on the wire material )  Voltage - 210-240V 5A  Air supply - 0.5-0.6MPa  Dimension - 1700 x 600 x 1600mm  Weight - 300kg  Function - wire cutting, wire winding and wire tying","og_url":"https:\/\/wire-processor.eu\/cs\/oferta\/automaticky-navijeci-vazaci-stroj-pro-dlouhe-a-velke-vodice-bzw-60\/","og_site_name":"Wire processor","og_image":[{"width":1597,"height":1600,"url":"https:\/\/wire-processor.eu\/wp-content\/uploads\/2018\/05\/BZW-60.jpg","type":"image\/jpeg"}],"twitter_card":"summary_large_image","schema":{"@context":"https:\/\/schema.org","@graph":[{"@type":"WebPage","@id":"https:\/\/wire-processor.eu\/cs\/oferta\/automaticky-navijeci-vazaci-stroj-pro-dlouhe-a-velke-vodice-bzw-60\/","url":"https:\/\/wire-processor.eu\/cs\/oferta\/automaticky-navijeci-vazaci-stroj-pro-dlouhe-a-velke-vodice-bzw-60\/","name":"55. Automatick\u00fd nav\u00edjec\u00ed, v\u00e1zac\u00ed stroj pro dlouh\u00e9 a velk\u00e9 vodi\u010de BZW-60 - Wire processor","isPartOf":{"@id":"https:\/\/wire-processor.eu\/en\/#website"},"primaryImageOfPage":{"@id":"https:\/\/wire-processor.eu\/cs\/oferta\/automaticky-navijeci-vazaci-stroj-pro-dlouhe-a-velke-vodice-bzw-60\/#primaryimage"},"image":{"@id":"https:\/\/wire-processor.eu\/cs\/oferta\/automaticky-navijeci-vazaci-stroj-pro-dlouhe-a-velke-vodice-bzw-60\/#primaryimage"},"thumbnailUrl":"https:\/\/wire-processor.eu\/wp-content\/uploads\/2018\/05\/BZW-60.jpg","datePublished":"2018-05-10T18:20:38+00:00","breadcrumb":{"@id":"https:\/\/wire-processor.eu\/cs\/oferta\/automaticky-navijeci-vazaci-stroj-pro-dlouhe-a-velke-vodice-bzw-60\/#breadcrumb"},"inLanguage":"cs","potentialAction":[{"@type":"ReadAction","target":["https:\/\/wire-processor.eu\/cs\/oferta\/automaticky-navijeci-vazaci-stroj-pro-dlouhe-a-velke-vodice-bzw-60\/"]}]},{"@type":"ImageObject","inLanguage":"cs","@id":"https:\/\/wire-processor.eu\/cs\/oferta\/automaticky-navijeci-vazaci-stroj-pro-dlouhe-a-velke-vodice-bzw-60\/#primaryimage","url":"https:\/\/wire-processor.eu\/wp-content\/uploads\/2018\/05\/BZW-60.jpg","contentUrl":"https:\/\/wire-processor.eu\/wp-content\/uploads\/2018\/05\/BZW-60.jpg","width":1597,"height":1600,"caption":"55. Automatick\u00fd nav\u00edjec\u00ed, v\u00e1zac\u00ed stroj pro dlouh\u00e9 a velk\u00e9 vodi\u010de BZW-60"},{"@type":"BreadcrumbList","@id":"https:\/\/wire-processor.eu\/cs\/oferta\/automaticky-navijeci-vazaci-stroj-pro-dlouhe-a-velke-vodice-bzw-60\/#breadcrumb","itemListElement":[{"@type":"ListItem","position":1,"name":"Strona g\u0142\u00f3wna","item":"https:\/\/wire-processor.eu\/cs\/"},{"@type":"ListItem","position":2,"name":"Nab\u00eddka","item":"https:\/\/wire-processor.eu\/cs\/nabidka\/"},{"@type":"ListItem","position":3,"name":"Automatick\u00fd nav\u00edjec\u00ed, v\u00e1zac\u00ed stroj pro dlouh\u00e9 a velk\u00e9 vodi\u010de BZW-60"}]},{"@type":"WebSite","@id":"https:\/\/wire-processor.eu\/en\/#website","url":"https:\/\/wire-processor.eu\/en\/","name":"Wire processor","description":"Maszyny do obr\u00f3bki przewod\u00f3w","publisher":{"@id":"https:\/\/wire-processor.eu\/en\/#organization"},"potentialAction":[{"@type":"SearchAction","target":{"@type":"EntryPoint","urlTemplate":"https:\/\/wire-processor.eu\/en\/?s={search_term_string}"},"query-input":{"@type":"PropertyValueSpecification","valueRequired":true,"valueName":"search_term_string"}}],"inLanguage":"cs"},{"@type":"Organization","@id":"https:\/\/wire-processor.eu\/en\/#organization","name":"Wire processor - maszyny do przewod\u00f3w","url":"https:\/\/wire-processor.eu\/en\/","logo":{"@type":"ImageObject","inLanguage":"cs","@id":"https:\/\/wire-processor.eu\/en\/#\/schema\/logo\/image\/","url":"https:\/\/wire-processor.eu\/wp-content\/uploads\/2018\/04\/Bozwang-_logo_producent1.png","contentUrl":"https:\/\/wire-processor.eu\/wp-content\/uploads\/2018\/04\/Bozwang-_logo_producent1.png","width":250,"height":33,"caption":"Wire processor - maszyny do przewod\u00f3w"},"image":{"@id":"https:\/\/wire-processor.eu\/en\/#\/schema\/logo\/image\/"}}]}},"_links":{"self":[{"href":"https:\/\/wire-processor.eu\/cs\/wp-json\/wp\/v2\/product\/14136","targetHints":{"allow":["GET"]}}],"collection":[{"href":"https:\/\/wire-processor.eu\/cs\/wp-json\/wp\/v2\/product"}],"about":[{"href":"https:\/\/wire-processor.eu\/cs\/wp-json\/wp\/v2\/types\/product"}],"wp:featuredmedia":[{"embeddable":true,"href":"https:\/\/wire-processor.eu\/cs\/wp-json\/wp\/v2\/media\/14137"}],"wp:attachment":[{"href":"https:\/\/wire-processor.eu\/cs\/wp-json\/wp\/v2\/media?parent=14136"}],"wp:term":[{"taxonomy":"product_brand","embeddable":true,"href":"https:\/\/wire-processor.eu\/cs\/wp-json\/wp\/v2\/product_brand?post=14136"},{"taxonomy":"product_cat","embeddable":true,"href":"https:\/\/wire-processor.eu\/cs\/wp-json\/wp\/v2\/product_cat?post=14136"},{"taxonomy":"product_tag","embeddable":true,"href":"https:\/\/wire-processor.eu\/cs\/wp-json\/wp\/v2\/product_tag?post=14136"}],"curies":[{"name":"wp","href":"https:\/\/api.w.org\/{rel}","templated":true}]}}