{"id":14157,"date":"2018-05-10T21:13:09","date_gmt":"2018-05-10T19:13:09","guid":{"rendered":"https:\/\/wire-processor.eu\/oferta\/nezarazene\/zarizeni-pro-automatickou-montaz-spoju-pro-vodice-pv-bzw-87\/"},"modified":"2018-05-10T21:13:09","modified_gmt":"2018-05-10T19:13:09","slug":"zarizeni-pro-automatickou-montaz-spoju-pro-vodice-pv-bzw-87","status":"publish","type":"product","link":"https:\/\/wire-processor.eu\/cs\/oferta\/zarizeni-pro-automatickou-montaz-spoju-pro-vodice-pv-bzw-87\/","title":{"rendered":"Za\u0159\u00edzen\u00ed pro automatickou mont\u00e1\u017e spoj\u016f pro vodi\u010de PV BZW-87"},"content":{"rendered":"","protected":false},"excerpt":{"rendered":"<ul>\n<li>Connector type -According to the client&#8217;s requirements<\/li>\n<li>Functions &#8211; Automatic assembly of connectors<\/li>\n<li>Precision -&gt; 99%<\/li>\n<li>Capacity &#8211; 15 &#8211; 20 pieces per minute<\/li>\n<\/ul>\n","protected":false},"featured_media":14158,"template":"","meta":[],"product_brand":[],"product_cat":[552],"product_tag":[],"class_list":{"0":"post-14157","1":"product","2":"type-product","3":"status-publish","4":"has-post-thumbnail","6":"product_cat-zarizeni-pro-zpracovani-fotovoltaickych-kabelu","8":"first","9":"instock","10":"shipping-taxable","11":"product-type-simple"},"yoast_head":"<!-- This site is optimized with the Yoast SEO plugin v26.3 - https:\/\/yoast.com\/wordpress\/plugins\/seo\/ -->\n<title>Za\u0159\u00edzen\u00ed pro automatickou mont\u00e1\u017e spoj\u016f pro vodi\u010de PV BZW-87<\/title>\n<meta name=\"robots\" content=\"index, follow, max-snippet:-1, max-image-preview:large, max-video-preview:-1\" \/>\n<link rel=\"canonical\" href=\"https:\/\/wire-processor.eu\/cs\/oferta\/zarizeni-pro-automatickou-montaz-spoju-pro-vodice-pv-bzw-87\/\" \/>\n<meta property=\"og:locale\" content=\"cs_CZ\" \/>\n<meta property=\"og:type\" content=\"article\" \/>\n<meta property=\"og:title\" content=\"Za\u0159\u00edzen\u00ed pro automatickou mont\u00e1\u017e spoj\u016f pro vodi\u010de PV BZW-87\" \/>\n<meta property=\"og:description\" content=\"Connector type -According to the client&#039;s requirements  Functions - Automatic assembly of connectors  Precision -&gt; 99%  Capacity - 15 - 20 pieces per minute\" \/>\n<meta property=\"og:url\" content=\"https:\/\/wire-processor.eu\/cs\/oferta\/zarizeni-pro-automatickou-montaz-spoju-pro-vodice-pv-bzw-87\/\" \/>\n<meta property=\"og:site_name\" content=\"Wire processor\" \/>\n<meta property=\"og:image\" content=\"https:\/\/wire-processor.eu\/wp-content\/uploads\/2018\/05\/BZW-87.jpg\" \/>\n\t<meta property=\"og:image:width\" content=\"1600\" \/>\n\t<meta property=\"og:image:height\" content=\"1600\" \/>\n\t<meta property=\"og:image:type\" content=\"image\/jpeg\" \/>\n<meta name=\"twitter:card\" content=\"summary_large_image\" \/>\n<script type=\"application\/ld+json\" class=\"yoast-schema-graph\">{\"@context\":\"https:\/\/schema.org\",\"@graph\":[{\"@type\":\"WebPage\",\"@id\":\"https:\/\/wire-processor.eu\/cs\/oferta\/zarizeni-pro-automatickou-montaz-spoju-pro-vodice-pv-bzw-87\/\",\"url\":\"https:\/\/wire-processor.eu\/cs\/oferta\/zarizeni-pro-automatickou-montaz-spoju-pro-vodice-pv-bzw-87\/\",\"name\":\"Za\u0159\u00edzen\u00ed pro automatickou mont\u00e1\u017e spoj\u016f pro vodi\u010de PV BZW-87\",\"isPartOf\":{\"@id\":\"https:\/\/wire-processor.eu\/en\/#website\"},\"primaryImageOfPage\":{\"@id\":\"https:\/\/wire-processor.eu\/cs\/oferta\/zarizeni-pro-automatickou-montaz-spoju-pro-vodice-pv-bzw-87\/#primaryimage\"},\"image\":{\"@id\":\"https:\/\/wire-processor.eu\/cs\/oferta\/zarizeni-pro-automatickou-montaz-spoju-pro-vodice-pv-bzw-87\/#primaryimage\"},\"thumbnailUrl\":\"https:\/\/wire-processor.eu\/wp-content\/uploads\/2018\/05\/BZW-87.jpg\",\"datePublished\":\"2018-05-10T19:13:09+00:00\",\"breadcrumb\":{\"@id\":\"https:\/\/wire-processor.eu\/cs\/oferta\/zarizeni-pro-automatickou-montaz-spoju-pro-vodice-pv-bzw-87\/#breadcrumb\"},\"inLanguage\":\"cs\",\"potentialAction\":[{\"@type\":\"ReadAction\",\"target\":[\"https:\/\/wire-processor.eu\/cs\/oferta\/zarizeni-pro-automatickou-montaz-spoju-pro-vodice-pv-bzw-87\/\"]}]},{\"@type\":\"ImageObject\",\"inLanguage\":\"cs\",\"@id\":\"https:\/\/wire-processor.eu\/cs\/oferta\/zarizeni-pro-automatickou-montaz-spoju-pro-vodice-pv-bzw-87\/#primaryimage\",\"url\":\"https:\/\/wire-processor.eu\/wp-content\/uploads\/2018\/05\/BZW-87.jpg\",\"contentUrl\":\"https:\/\/wire-processor.eu\/wp-content\/uploads\/2018\/05\/BZW-87.jpg\",\"width\":1600,\"height\":1600,\"caption\":\"Za\u0159\u00edzen\u00ed pro automatickou mont\u00e1\u017e spoj\u016f pro vodi\u010de PV BZW-87\"},{\"@type\":\"BreadcrumbList\",\"@id\":\"https:\/\/wire-processor.eu\/cs\/oferta\/zarizeni-pro-automatickou-montaz-spoju-pro-vodice-pv-bzw-87\/#breadcrumb\",\"itemListElement\":[{\"@type\":\"ListItem\",\"position\":1,\"name\":\"Strona g\u0142\u00f3wna\",\"item\":\"https:\/\/wire-processor.eu\/cs\/\"},{\"@type\":\"ListItem\",\"position\":2,\"name\":\"Nab\u00eddka\",\"item\":\"https:\/\/wire-processor.eu\/cs\/nabidka\/\"},{\"@type\":\"ListItem\",\"position\":3,\"name\":\"Za\u0159\u00edzen\u00ed pro automatickou mont\u00e1\u017e spoj\u016f pro vodi\u010de PV BZW-87\"}]},{\"@type\":\"WebSite\",\"@id\":\"https:\/\/wire-processor.eu\/en\/#website\",\"url\":\"https:\/\/wire-processor.eu\/en\/\",\"name\":\"Wire processor\",\"description\":\"Maszyny do obr\u00f3bki przewod\u00f3w\",\"publisher\":{\"@id\":\"https:\/\/wire-processor.eu\/en\/#organization\"},\"potentialAction\":[{\"@type\":\"SearchAction\",\"target\":{\"@type\":\"EntryPoint\",\"urlTemplate\":\"https:\/\/wire-processor.eu\/en\/?s={search_term_string}\"},\"query-input\":{\"@type\":\"PropertyValueSpecification\",\"valueRequired\":true,\"valueName\":\"search_term_string\"}}],\"inLanguage\":\"cs\"},{\"@type\":\"Organization\",\"@id\":\"https:\/\/wire-processor.eu\/en\/#organization\",\"name\":\"Wire processor - maszyny do przewod\u00f3w\",\"url\":\"https:\/\/wire-processor.eu\/en\/\",\"logo\":{\"@type\":\"ImageObject\",\"inLanguage\":\"cs\",\"@id\":\"https:\/\/wire-processor.eu\/en\/#\/schema\/logo\/image\/\",\"url\":\"https:\/\/wire-processor.eu\/wp-content\/uploads\/2018\/04\/Bozwang-_logo_producent1.png\",\"contentUrl\":\"https:\/\/wire-processor.eu\/wp-content\/uploads\/2018\/04\/Bozwang-_logo_producent1.png\",\"width\":250,\"height\":33,\"caption\":\"Wire processor - maszyny do przewod\u00f3w\"},\"image\":{\"@id\":\"https:\/\/wire-processor.eu\/en\/#\/schema\/logo\/image\/\"}}]}<\/script>\n<!-- \/ Yoast SEO plugin. -->","yoast_head_json":{"title":"Za\u0159\u00edzen\u00ed pro automatickou mont\u00e1\u017e spoj\u016f pro vodi\u010de PV BZW-87","robots":{"index":"index","follow":"follow","max-snippet":"max-snippet:-1","max-image-preview":"max-image-preview:large","max-video-preview":"max-video-preview:-1"},"canonical":"https:\/\/wire-processor.eu\/cs\/oferta\/zarizeni-pro-automatickou-montaz-spoju-pro-vodice-pv-bzw-87\/","og_locale":"cs_CZ","og_type":"article","og_title":"Za\u0159\u00edzen\u00ed pro automatickou mont\u00e1\u017e spoj\u016f pro vodi\u010de PV BZW-87","og_description":"Connector type -According to the client's requirements  Functions - Automatic assembly of connectors  Precision -&gt; 99%  Capacity - 15 - 20 pieces per minute","og_url":"https:\/\/wire-processor.eu\/cs\/oferta\/zarizeni-pro-automatickou-montaz-spoju-pro-vodice-pv-bzw-87\/","og_site_name":"Wire processor","og_image":[{"width":1600,"height":1600,"url":"https:\/\/wire-processor.eu\/wp-content\/uploads\/2018\/05\/BZW-87.jpg","type":"image\/jpeg"}],"twitter_card":"summary_large_image","schema":{"@context":"https:\/\/schema.org","@graph":[{"@type":"WebPage","@id":"https:\/\/wire-processor.eu\/cs\/oferta\/zarizeni-pro-automatickou-montaz-spoju-pro-vodice-pv-bzw-87\/","url":"https:\/\/wire-processor.eu\/cs\/oferta\/zarizeni-pro-automatickou-montaz-spoju-pro-vodice-pv-bzw-87\/","name":"Za\u0159\u00edzen\u00ed pro automatickou mont\u00e1\u017e spoj\u016f pro vodi\u010de PV BZW-87","isPartOf":{"@id":"https:\/\/wire-processor.eu\/en\/#website"},"primaryImageOfPage":{"@id":"https:\/\/wire-processor.eu\/cs\/oferta\/zarizeni-pro-automatickou-montaz-spoju-pro-vodice-pv-bzw-87\/#primaryimage"},"image":{"@id":"https:\/\/wire-processor.eu\/cs\/oferta\/zarizeni-pro-automatickou-montaz-spoju-pro-vodice-pv-bzw-87\/#primaryimage"},"thumbnailUrl":"https:\/\/wire-processor.eu\/wp-content\/uploads\/2018\/05\/BZW-87.jpg","datePublished":"2018-05-10T19:13:09+00:00","breadcrumb":{"@id":"https:\/\/wire-processor.eu\/cs\/oferta\/zarizeni-pro-automatickou-montaz-spoju-pro-vodice-pv-bzw-87\/#breadcrumb"},"inLanguage":"cs","potentialAction":[{"@type":"ReadAction","target":["https:\/\/wire-processor.eu\/cs\/oferta\/zarizeni-pro-automatickou-montaz-spoju-pro-vodice-pv-bzw-87\/"]}]},{"@type":"ImageObject","inLanguage":"cs","@id":"https:\/\/wire-processor.eu\/cs\/oferta\/zarizeni-pro-automatickou-montaz-spoju-pro-vodice-pv-bzw-87\/#primaryimage","url":"https:\/\/wire-processor.eu\/wp-content\/uploads\/2018\/05\/BZW-87.jpg","contentUrl":"https:\/\/wire-processor.eu\/wp-content\/uploads\/2018\/05\/BZW-87.jpg","width":1600,"height":1600,"caption":"Za\u0159\u00edzen\u00ed pro automatickou mont\u00e1\u017e spoj\u016f pro vodi\u010de PV BZW-87"},{"@type":"BreadcrumbList","@id":"https:\/\/wire-processor.eu\/cs\/oferta\/zarizeni-pro-automatickou-montaz-spoju-pro-vodice-pv-bzw-87\/#breadcrumb","itemListElement":[{"@type":"ListItem","position":1,"name":"Strona g\u0142\u00f3wna","item":"https:\/\/wire-processor.eu\/cs\/"},{"@type":"ListItem","position":2,"name":"Nab\u00eddka","item":"https:\/\/wire-processor.eu\/cs\/nabidka\/"},{"@type":"ListItem","position":3,"name":"Za\u0159\u00edzen\u00ed pro automatickou mont\u00e1\u017e spoj\u016f pro vodi\u010de PV BZW-87"}]},{"@type":"WebSite","@id":"https:\/\/wire-processor.eu\/en\/#website","url":"https:\/\/wire-processor.eu\/en\/","name":"Wire processor","description":"Maszyny do obr\u00f3bki przewod\u00f3w","publisher":{"@id":"https:\/\/wire-processor.eu\/en\/#organization"},"potentialAction":[{"@type":"SearchAction","target":{"@type":"EntryPoint","urlTemplate":"https:\/\/wire-processor.eu\/en\/?s={search_term_string}"},"query-input":{"@type":"PropertyValueSpecification","valueRequired":true,"valueName":"search_term_string"}}],"inLanguage":"cs"},{"@type":"Organization","@id":"https:\/\/wire-processor.eu\/en\/#organization","name":"Wire processor - maszyny do przewod\u00f3w","url":"https:\/\/wire-processor.eu\/en\/","logo":{"@type":"ImageObject","inLanguage":"cs","@id":"https:\/\/wire-processor.eu\/en\/#\/schema\/logo\/image\/","url":"https:\/\/wire-processor.eu\/wp-content\/uploads\/2018\/04\/Bozwang-_logo_producent1.png","contentUrl":"https:\/\/wire-processor.eu\/wp-content\/uploads\/2018\/04\/Bozwang-_logo_producent1.png","width":250,"height":33,"caption":"Wire processor - maszyny do przewod\u00f3w"},"image":{"@id":"https:\/\/wire-processor.eu\/en\/#\/schema\/logo\/image\/"}}]}},"_links":{"self":[{"href":"https:\/\/wire-processor.eu\/cs\/wp-json\/wp\/v2\/product\/14157","targetHints":{"allow":["GET"]}}],"collection":[{"href":"https:\/\/wire-processor.eu\/cs\/wp-json\/wp\/v2\/product"}],"about":[{"href":"https:\/\/wire-processor.eu\/cs\/wp-json\/wp\/v2\/types\/product"}],"wp:featuredmedia":[{"embeddable":true,"href":"https:\/\/wire-processor.eu\/cs\/wp-json\/wp\/v2\/media\/14158"}],"wp:attachment":[{"href":"https:\/\/wire-processor.eu\/cs\/wp-json\/wp\/v2\/media?parent=14157"}],"wp:term":[{"taxonomy":"product_brand","embeddable":true,"href":"https:\/\/wire-processor.eu\/cs\/wp-json\/wp\/v2\/product_brand?post=14157"},{"taxonomy":"product_cat","embeddable":true,"href":"https:\/\/wire-processor.eu\/cs\/wp-json\/wp\/v2\/product_cat?post=14157"},{"taxonomy":"product_tag","embeddable":true,"href":"https:\/\/wire-processor.eu\/cs\/wp-json\/wp\/v2\/product_tag?post=14157"}],"curies":[{"name":"wp","href":"https:\/\/api.w.org\/{rel}","templated":true}]}}