{"id":14160,"date":"2018-05-11T20:52:56","date_gmt":"2018-05-11T18:52:56","guid":{"rendered":"https:\/\/wire-processor.eu\/oferta\/nezarazene\/loupacka-pro-koncentricke-kabely-3mm-18mm-bzw-886b\/"},"modified":"2019-12-07T12:56:41","modified_gmt":"2019-12-07T11:56:41","slug":"loupacka-pro-koncentricke-kabely-3mm-18mm-bzw-886b","status":"publish","type":"product","link":"https:\/\/wire-processor.eu\/cs\/oferta\/loupacka-pro-koncentricke-kabely-3mm-18mm-bzw-886b\/","title":{"rendered":"Loupa\u010dka pro koncentrick\u00e9 kabely 3mm &#8211; 15 mm BZW-886B"},"content":{"rendered":"<p>Prezentacja wideo sk\u00f3rowarki do kabli koncentrycznych 3mm-15mm &#8211; model BZW-886B.<\/p>\n<div class=\"fusion-video fusion-youtube\" style=\"--awb-max-width:600px;--awb-max-height:360px;\"><div class=\"video-shortcode\"><div class=\"fluid-width-video-wrapper\" style=\"padding-top:60%;\" ><iframe class=\"fusion-hidden\" data-privacy-type=\"youtube\" src=\"\" title=\"YouTube video player 1\" data-privacy-src=\"https:\/\/www.youtube.com\/embed\/yVdJAkJuoc0?wmode=transparent&autoplay=0\" width=\"600\" height=\"360\" allowfullscreen allow=\"autoplay; clipboard-write; encrypted-media; gyroscope; picture-in-picture;\"><\/iframe><div class=\"fusion-privacy-placeholder\" style=\"width:600px; height:360px;\" data-privacy-type=\"youtube\"><div class=\"fusion-privacy-placeholder-content\"><div class=\"fusion-privacy-label\">For privacy reasons YouTube needs your permission to be loaded. For more details, please see our <a class=\"privacy-policy-link\" href=\"https:\/\/wire-processor.eu\/polityka-prywatnosci\/\" rel=\"privacy-policy\">Polityka prywatno\u015bci<\/a>.<\/div><button data-privacy-type=\"youtube\" class=\"fusion-button button-default fusion-button-default-size button fusion-privacy-consent\">I Accept<\/button><\/div><\/div><\/div><\/div><\/div>\n","protected":false},"excerpt":{"rendered":"<ul>\n<li>Applied wire &#8211; middle size coaxial cable<\/li>\n<li>Voltage &#8211; AC220V\/110V, 50\/60Hz<\/li>\n<li>Motor &#8211; 600 W<\/li>\n<li>Stripping length &#8211; 0,1mm &#8211; 90mm<\/li>\n<li>Stripping length setting unit &#8211; 0,01mm<\/li>\n<li>Cutting wire diameter &#8211; 3,0 &#8211; 18mm<\/li>\n<li>Cutting depth setting unit &#8211; 0,01mm<\/li>\n<li>Stripping method- rotary cutter<\/li>\n<li>Stripping layer &#8211; Max.9 layers<\/li>\n<li>Capacity &#8211; 400-800pcs\/h<\/li>\n<li>Dimension &#8211; 720 x 230 x 350 mm<\/li>\n<li>Weight &#8211; 40kg<\/li>\n<\/ul>\n","protected":false},"featured_media":14161,"template":"","meta":[],"product_brand":[],"product_cat":[553],"product_tag":[],"class_list":{"0":"post-14160","1":"product","2":"type-product","3":"status-publish","4":"has-post-thumbnail","6":"product_cat-zarizeni-na-zpracovani-koncentrickych-kabelu","8":"first","9":"instock","10":"featured","11":"shipping-taxable","12":"product-type-simple"},"yoast_head":"<!-- This site is optimized with the Yoast SEO plugin v26.3 - https:\/\/yoast.com\/wordpress\/plugins\/seo\/ -->\n<title>Loupa\u010dka pro koncentrick\u00e9 kabely 3mm-18mm BZW-886B<\/title>\n<meta name=\"robots\" content=\"index, follow, max-snippet:-1, max-image-preview:large, max-video-preview:-1\" \/>\n<link rel=\"canonical\" href=\"https:\/\/wire-processor.eu\/cs\/oferta\/loupacka-pro-koncentricke-kabely-3mm-18mm-bzw-886b\/\" \/>\n<meta property=\"og:locale\" content=\"cs_CZ\" \/>\n<meta property=\"og:type\" content=\"article\" \/>\n<meta property=\"og:title\" content=\"Loupa\u010dka pro koncentrick\u00e9 kabely 3mm-18mm BZW-886B\" \/>\n<meta property=\"og:description\" content=\"Applied wire - middle size coaxial cable  Voltage - AC220V\/110V, 50\/60Hz  Motor - 600 W  Stripping length - 0,1mm - 90mm  Stripping length setting unit - 0,01mm  Cutting wire diameter - 3,0 - 18mm  Cutting depth setting unit - 0,01mm  Stripping method- rotary cutter  Stripping layer - Max.9 layers  Capacity - 400-800pcs\/h  Dimension - 720 x 230 x 350 mm  Weight - 40kg\" \/>\n<meta property=\"og:url\" content=\"https:\/\/wire-processor.eu\/cs\/oferta\/loupacka-pro-koncentricke-kabely-3mm-18mm-bzw-886b\/\" \/>\n<meta property=\"og:site_name\" content=\"Wire processor\" \/>\n<meta property=\"article:modified_time\" content=\"2019-12-07T11:56:41+00:00\" \/>\n<meta property=\"og:image\" content=\"https:\/\/wire-processor.eu\/wp-content\/uploads\/2018\/05\/BZW-886B.jpg\" \/>\n\t<meta property=\"og:image:width\" content=\"1600\" \/>\n\t<meta property=\"og:image:height\" content=\"1600\" \/>\n\t<meta property=\"og:image:type\" content=\"image\/jpeg\" \/>\n<meta name=\"twitter:card\" content=\"summary_large_image\" \/>\n<script type=\"application\/ld+json\" class=\"yoast-schema-graph\">{\"@context\":\"https:\/\/schema.org\",\"@graph\":[{\"@type\":\"WebPage\",\"@id\":\"https:\/\/wire-processor.eu\/cs\/oferta\/loupacka-pro-koncentricke-kabely-3mm-18mm-bzw-886b\/\",\"url\":\"https:\/\/wire-processor.eu\/cs\/oferta\/loupacka-pro-koncentricke-kabely-3mm-18mm-bzw-886b\/\",\"name\":\"Loupa\u010dka pro koncentrick\u00e9 kabely 3mm-18mm BZW-886B\",\"isPartOf\":{\"@id\":\"https:\/\/wire-processor.eu\/en\/#website\"},\"primaryImageOfPage\":{\"@id\":\"https:\/\/wire-processor.eu\/cs\/oferta\/loupacka-pro-koncentricke-kabely-3mm-18mm-bzw-886b\/#primaryimage\"},\"image\":{\"@id\":\"https:\/\/wire-processor.eu\/cs\/oferta\/loupacka-pro-koncentricke-kabely-3mm-18mm-bzw-886b\/#primaryimage\"},\"thumbnailUrl\":\"https:\/\/wire-processor.eu\/wp-content\/uploads\/2018\/05\/BZW-886B.jpg\",\"datePublished\":\"2018-05-11T18:52:56+00:00\",\"dateModified\":\"2019-12-07T11:56:41+00:00\",\"breadcrumb\":{\"@id\":\"https:\/\/wire-processor.eu\/cs\/oferta\/loupacka-pro-koncentricke-kabely-3mm-18mm-bzw-886b\/#breadcrumb\"},\"inLanguage\":\"cs\",\"potentialAction\":[{\"@type\":\"ReadAction\",\"target\":[\"https:\/\/wire-processor.eu\/cs\/oferta\/loupacka-pro-koncentricke-kabely-3mm-18mm-bzw-886b\/\"]}]},{\"@type\":\"ImageObject\",\"inLanguage\":\"cs\",\"@id\":\"https:\/\/wire-processor.eu\/cs\/oferta\/loupacka-pro-koncentricke-kabely-3mm-18mm-bzw-886b\/#primaryimage\",\"url\":\"https:\/\/wire-processor.eu\/wp-content\/uploads\/2018\/05\/BZW-886B.jpg\",\"contentUrl\":\"https:\/\/wire-processor.eu\/wp-content\/uploads\/2018\/05\/BZW-886B.jpg\",\"width\":1600,\"height\":1600,\"caption\":\"Sk\u00f3rowarka do kabli koncentrycznych 3mm-18mm BZW-886B\"},{\"@type\":\"BreadcrumbList\",\"@id\":\"https:\/\/wire-processor.eu\/cs\/oferta\/loupacka-pro-koncentricke-kabely-3mm-18mm-bzw-886b\/#breadcrumb\",\"itemListElement\":[{\"@type\":\"ListItem\",\"position\":1,\"name\":\"Strona g\u0142\u00f3wna\",\"item\":\"https:\/\/wire-processor.eu\/cs\/\"},{\"@type\":\"ListItem\",\"position\":2,\"name\":\"Nab\u00eddka\",\"item\":\"https:\/\/wire-processor.eu\/cs\/nabidka\/\"},{\"@type\":\"ListItem\",\"position\":3,\"name\":\"Loupa\u010dka pro koncentrick\u00e9 kabely 3mm &#8211; 15 mm BZW-886B\"}]},{\"@type\":\"WebSite\",\"@id\":\"https:\/\/wire-processor.eu\/en\/#website\",\"url\":\"https:\/\/wire-processor.eu\/en\/\",\"name\":\"Wire processor\",\"description\":\"Maszyny do obr\u00f3bki przewod\u00f3w\",\"publisher\":{\"@id\":\"https:\/\/wire-processor.eu\/en\/#organization\"},\"potentialAction\":[{\"@type\":\"SearchAction\",\"target\":{\"@type\":\"EntryPoint\",\"urlTemplate\":\"https:\/\/wire-processor.eu\/en\/?s={search_term_string}\"},\"query-input\":{\"@type\":\"PropertyValueSpecification\",\"valueRequired\":true,\"valueName\":\"search_term_string\"}}],\"inLanguage\":\"cs\"},{\"@type\":\"Organization\",\"@id\":\"https:\/\/wire-processor.eu\/en\/#organization\",\"name\":\"Wire processor - maszyny do przewod\u00f3w\",\"url\":\"https:\/\/wire-processor.eu\/en\/\",\"logo\":{\"@type\":\"ImageObject\",\"inLanguage\":\"cs\",\"@id\":\"https:\/\/wire-processor.eu\/en\/#\/schema\/logo\/image\/\",\"url\":\"https:\/\/wire-processor.eu\/wp-content\/uploads\/2018\/04\/Bozwang-_logo_producent1.png\",\"contentUrl\":\"https:\/\/wire-processor.eu\/wp-content\/uploads\/2018\/04\/Bozwang-_logo_producent1.png\",\"width\":250,\"height\":33,\"caption\":\"Wire processor - maszyny do przewod\u00f3w\"},\"image\":{\"@id\":\"https:\/\/wire-processor.eu\/en\/#\/schema\/logo\/image\/\"}}]}<\/script>\n<!-- \/ Yoast SEO plugin. -->","yoast_head_json":{"title":"Loupa\u010dka pro koncentrick\u00e9 kabely 3mm-18mm BZW-886B","robots":{"index":"index","follow":"follow","max-snippet":"max-snippet:-1","max-image-preview":"max-image-preview:large","max-video-preview":"max-video-preview:-1"},"canonical":"https:\/\/wire-processor.eu\/cs\/oferta\/loupacka-pro-koncentricke-kabely-3mm-18mm-bzw-886b\/","og_locale":"cs_CZ","og_type":"article","og_title":"Loupa\u010dka pro koncentrick\u00e9 kabely 3mm-18mm BZW-886B","og_description":"Applied wire - middle size coaxial cable  Voltage - AC220V\/110V, 50\/60Hz  Motor - 600 W  Stripping length - 0,1mm - 90mm  Stripping length setting unit - 0,01mm  Cutting wire diameter - 3,0 - 18mm  Cutting depth setting unit - 0,01mm  Stripping method- rotary cutter  Stripping layer - Max.9 layers  Capacity - 400-800pcs\/h  Dimension - 720 x 230 x 350 mm  Weight - 40kg","og_url":"https:\/\/wire-processor.eu\/cs\/oferta\/loupacka-pro-koncentricke-kabely-3mm-18mm-bzw-886b\/","og_site_name":"Wire processor","article_modified_time":"2019-12-07T11:56:41+00:00","og_image":[{"width":1600,"height":1600,"url":"https:\/\/wire-processor.eu\/wp-content\/uploads\/2018\/05\/BZW-886B.jpg","type":"image\/jpeg"}],"twitter_card":"summary_large_image","schema":{"@context":"https:\/\/schema.org","@graph":[{"@type":"WebPage","@id":"https:\/\/wire-processor.eu\/cs\/oferta\/loupacka-pro-koncentricke-kabely-3mm-18mm-bzw-886b\/","url":"https:\/\/wire-processor.eu\/cs\/oferta\/loupacka-pro-koncentricke-kabely-3mm-18mm-bzw-886b\/","name":"Loupa\u010dka pro koncentrick\u00e9 kabely 3mm-18mm BZW-886B","isPartOf":{"@id":"https:\/\/wire-processor.eu\/en\/#website"},"primaryImageOfPage":{"@id":"https:\/\/wire-processor.eu\/cs\/oferta\/loupacka-pro-koncentricke-kabely-3mm-18mm-bzw-886b\/#primaryimage"},"image":{"@id":"https:\/\/wire-processor.eu\/cs\/oferta\/loupacka-pro-koncentricke-kabely-3mm-18mm-bzw-886b\/#primaryimage"},"thumbnailUrl":"https:\/\/wire-processor.eu\/wp-content\/uploads\/2018\/05\/BZW-886B.jpg","datePublished":"2018-05-11T18:52:56+00:00","dateModified":"2019-12-07T11:56:41+00:00","breadcrumb":{"@id":"https:\/\/wire-processor.eu\/cs\/oferta\/loupacka-pro-koncentricke-kabely-3mm-18mm-bzw-886b\/#breadcrumb"},"inLanguage":"cs","potentialAction":[{"@type":"ReadAction","target":["https:\/\/wire-processor.eu\/cs\/oferta\/loupacka-pro-koncentricke-kabely-3mm-18mm-bzw-886b\/"]}]},{"@type":"ImageObject","inLanguage":"cs","@id":"https:\/\/wire-processor.eu\/cs\/oferta\/loupacka-pro-koncentricke-kabely-3mm-18mm-bzw-886b\/#primaryimage","url":"https:\/\/wire-processor.eu\/wp-content\/uploads\/2018\/05\/BZW-886B.jpg","contentUrl":"https:\/\/wire-processor.eu\/wp-content\/uploads\/2018\/05\/BZW-886B.jpg","width":1600,"height":1600,"caption":"Sk\u00f3rowarka do kabli koncentrycznych 3mm-18mm BZW-886B"},{"@type":"BreadcrumbList","@id":"https:\/\/wire-processor.eu\/cs\/oferta\/loupacka-pro-koncentricke-kabely-3mm-18mm-bzw-886b\/#breadcrumb","itemListElement":[{"@type":"ListItem","position":1,"name":"Strona g\u0142\u00f3wna","item":"https:\/\/wire-processor.eu\/cs\/"},{"@type":"ListItem","position":2,"name":"Nab\u00eddka","item":"https:\/\/wire-processor.eu\/cs\/nabidka\/"},{"@type":"ListItem","position":3,"name":"Loupa\u010dka pro koncentrick\u00e9 kabely 3mm &#8211; 15 mm BZW-886B"}]},{"@type":"WebSite","@id":"https:\/\/wire-processor.eu\/en\/#website","url":"https:\/\/wire-processor.eu\/en\/","name":"Wire processor","description":"Maszyny do obr\u00f3bki przewod\u00f3w","publisher":{"@id":"https:\/\/wire-processor.eu\/en\/#organization"},"potentialAction":[{"@type":"SearchAction","target":{"@type":"EntryPoint","urlTemplate":"https:\/\/wire-processor.eu\/en\/?s={search_term_string}"},"query-input":{"@type":"PropertyValueSpecification","valueRequired":true,"valueName":"search_term_string"}}],"inLanguage":"cs"},{"@type":"Organization","@id":"https:\/\/wire-processor.eu\/en\/#organization","name":"Wire processor - maszyny do przewod\u00f3w","url":"https:\/\/wire-processor.eu\/en\/","logo":{"@type":"ImageObject","inLanguage":"cs","@id":"https:\/\/wire-processor.eu\/en\/#\/schema\/logo\/image\/","url":"https:\/\/wire-processor.eu\/wp-content\/uploads\/2018\/04\/Bozwang-_logo_producent1.png","contentUrl":"https:\/\/wire-processor.eu\/wp-content\/uploads\/2018\/04\/Bozwang-_logo_producent1.png","width":250,"height":33,"caption":"Wire processor - maszyny do przewod\u00f3w"},"image":{"@id":"https:\/\/wire-processor.eu\/en\/#\/schema\/logo\/image\/"}}]}},"_links":{"self":[{"href":"https:\/\/wire-processor.eu\/cs\/wp-json\/wp\/v2\/product\/14160","targetHints":{"allow":["GET"]}}],"collection":[{"href":"https:\/\/wire-processor.eu\/cs\/wp-json\/wp\/v2\/product"}],"about":[{"href":"https:\/\/wire-processor.eu\/cs\/wp-json\/wp\/v2\/types\/product"}],"wp:featuredmedia":[{"embeddable":true,"href":"https:\/\/wire-processor.eu\/cs\/wp-json\/wp\/v2\/media\/14161"}],"wp:attachment":[{"href":"https:\/\/wire-processor.eu\/cs\/wp-json\/wp\/v2\/media?parent=14160"}],"wp:term":[{"taxonomy":"product_brand","embeddable":true,"href":"https:\/\/wire-processor.eu\/cs\/wp-json\/wp\/v2\/product_brand?post=14160"},{"taxonomy":"product_cat","embeddable":true,"href":"https:\/\/wire-processor.eu\/cs\/wp-json\/wp\/v2\/product_cat?post=14160"},{"taxonomy":"product_tag","embeddable":true,"href":"https:\/\/wire-processor.eu\/cs\/wp-json\/wp\/v2\/product_tag?post=14160"}],"curies":[{"name":"wp","href":"https:\/\/api.w.org\/{rel}","templated":true}]}}