{"id":14164,"date":"2018-05-11T20:52:57","date_gmt":"2018-05-11T18:52:57","guid":{"rendered":"https:\/\/wire-processor.eu\/oferta\/nezarazene\/loupacka-pro-koncentricke-kabely-3mm-25mm-bzw-886c\/"},"modified":"2024-02-20T09:23:21","modified_gmt":"2024-02-20T08:23:21","slug":"loupacka-pro-koncentricke-kabely-3mm-25mm-bzw-886c","status":"publish","type":"product","link":"https:\/\/wire-processor.eu\/cs\/oferta\/loupacka-pro-koncentricke-kabely-3mm-25mm-bzw-886c\/","title":{"rendered":"Loupa\u010dka pro koncentrick\u00e9 kabely 3mm-25mm BZW-886C"},"content":{"rendered":"<p><iframe title=\"YouTube video player\" src=\"https:\/\/www.youtube-nocookie.com\/embed\/MxRQdKH2tYg?si=Ls5Ca9FBxMmBxCtM\" width=\"560\" height=\"315\" frameborder=\"0\" allowfullscreen=\"allowfullscreen\"><\/iframe><\/p>\n","protected":false},"excerpt":{"rendered":"<ul>\n<li>Applied wire &#8211; large size coaxial cable and automotive cable ,<\/li>\n<li>Power &#8211; AC 220V \/ 110V,\u00a0 50\/60Hz,<\/li>\n<li>Motor &#8211; 800W,<\/li>\n<li>Stripping length setting unit &#8211; 0,01 mm ,<\/li>\n<li>Cutting wire diameter &#8211; 3,0-25 mm,<\/li>\n<li>Cutting depth setting unit &#8211; 0,01 mm,<\/li>\n<li>Stripping method &#8211; rotary cutter,<\/li>\n<li>Stripping layer &#8211; Max.9 layers ,<\/li>\n<li>Capacity &#8211; 300-800 pcs\/h ,<\/li>\n<li>Dimension 1000 x 225 x 400 mm,<\/li>\n<li>Weight 50 kg,<\/li>\n<\/ul>\n","protected":false},"featured_media":16842,"template":"","meta":[],"product_brand":[],"product_cat":[553],"product_tag":[],"class_list":{"0":"post-14164","1":"product","2":"type-product","3":"status-publish","4":"has-post-thumbnail","6":"product_cat-zarizeni-na-zpracovani-koncentrickych-kabelu","8":"first","9":"instock","10":"featured","11":"shipping-taxable","12":"product-type-simple"},"yoast_head":"<!-- This site is optimized with the Yoast SEO plugin v26.3 - https:\/\/yoast.com\/wordpress\/plugins\/seo\/ -->\n<title>Loupa\u010dka pro koncentrick\u00e9 kabely 3mm-25mm BZW-886C - Wire processor<\/title>\n<meta name=\"robots\" content=\"index, follow, max-snippet:-1, max-image-preview:large, max-video-preview:-1\" \/>\n<link rel=\"canonical\" href=\"https:\/\/wire-processor.eu\/cs\/oferta\/loupacka-pro-koncentricke-kabely-3mm-25mm-bzw-886c\/\" \/>\n<meta property=\"og:locale\" content=\"cs_CZ\" \/>\n<meta property=\"og:type\" content=\"article\" \/>\n<meta property=\"og:title\" content=\"Loupa\u010dka pro koncentrick\u00e9 kabely 3mm-25mm BZW-886C - Wire processor\" \/>\n<meta property=\"og:description\" content=\"Applied wire - large size coaxial cable and automotive cable ,  Power - AC 220V \/ 110V,\u00a0 50\/60Hz,  Motor - 800W,  Stripping length setting unit - 0,01 mm ,  Cutting wire diameter - 3,0-25 mm,  Cutting depth setting unit - 0,01 mm,  Stripping method - rotary cutter,  Stripping layer - Max.9 layers ,  Capacity - 300-800 pcs\/h ,  Dimension 1000 x 225 x 400 mm,  Weight 50 kg,\" \/>\n<meta property=\"og:url\" content=\"https:\/\/wire-processor.eu\/cs\/oferta\/loupacka-pro-koncentricke-kabely-3mm-25mm-bzw-886c\/\" \/>\n<meta property=\"og:site_name\" content=\"Wire processor\" \/>\n<meta property=\"article:modified_time\" content=\"2024-02-20T08:23:21+00:00\" \/>\n<meta property=\"og:image\" content=\"https:\/\/wire-processor.eu\/wp-content\/uploads\/2018\/05\/BZW-886C.jpg\" \/>\n\t<meta property=\"og:image:width\" content=\"1600\" \/>\n\t<meta property=\"og:image:height\" content=\"1600\" \/>\n\t<meta property=\"og:image:type\" content=\"image\/jpeg\" \/>\n<meta name=\"twitter:card\" content=\"summary_large_image\" \/>\n<script type=\"application\/ld+json\" class=\"yoast-schema-graph\">{\"@context\":\"https:\/\/schema.org\",\"@graph\":[{\"@type\":\"WebPage\",\"@id\":\"https:\/\/wire-processor.eu\/cs\/oferta\/loupacka-pro-koncentricke-kabely-3mm-25mm-bzw-886c\/\",\"url\":\"https:\/\/wire-processor.eu\/cs\/oferta\/loupacka-pro-koncentricke-kabely-3mm-25mm-bzw-886c\/\",\"name\":\"Loupa\u010dka pro koncentrick\u00e9 kabely 3mm-25mm BZW-886C - Wire processor\",\"isPartOf\":{\"@id\":\"https:\/\/wire-processor.eu\/en\/#website\"},\"primaryImageOfPage\":{\"@id\":\"https:\/\/wire-processor.eu\/cs\/oferta\/loupacka-pro-koncentricke-kabely-3mm-25mm-bzw-886c\/#primaryimage\"},\"image\":{\"@id\":\"https:\/\/wire-processor.eu\/cs\/oferta\/loupacka-pro-koncentricke-kabely-3mm-25mm-bzw-886c\/#primaryimage\"},\"thumbnailUrl\":\"https:\/\/wire-processor.eu\/wp-content\/uploads\/2018\/05\/bzw-886cIMG_20230807_110631.jpg\",\"datePublished\":\"2018-05-11T18:52:57+00:00\",\"dateModified\":\"2024-02-20T08:23:21+00:00\",\"breadcrumb\":{\"@id\":\"https:\/\/wire-processor.eu\/cs\/oferta\/loupacka-pro-koncentricke-kabely-3mm-25mm-bzw-886c\/#breadcrumb\"},\"inLanguage\":\"cs\",\"potentialAction\":[{\"@type\":\"ReadAction\",\"target\":[\"https:\/\/wire-processor.eu\/cs\/oferta\/loupacka-pro-koncentricke-kabely-3mm-25mm-bzw-886c\/\"]}]},{\"@type\":\"ImageObject\",\"inLanguage\":\"cs\",\"@id\":\"https:\/\/wire-processor.eu\/cs\/oferta\/loupacka-pro-koncentricke-kabely-3mm-25mm-bzw-886c\/#primaryimage\",\"url\":\"https:\/\/wire-processor.eu\/wp-content\/uploads\/2018\/05\/bzw-886cIMG_20230807_110631.jpg\",\"contentUrl\":\"https:\/\/wire-processor.eu\/wp-content\/uploads\/2018\/05\/bzw-886cIMG_20230807_110631.jpg\",\"width\":800,\"height\":800,\"caption\":\"Stript\u00e9r koaxi\u00e1ln\u00edch kabel\u016f 3mm-25mm BZW-886C\"},{\"@type\":\"BreadcrumbList\",\"@id\":\"https:\/\/wire-processor.eu\/cs\/oferta\/loupacka-pro-koncentricke-kabely-3mm-25mm-bzw-886c\/#breadcrumb\",\"itemListElement\":[{\"@type\":\"ListItem\",\"position\":1,\"name\":\"Strona g\u0142\u00f3wna\",\"item\":\"https:\/\/wire-processor.eu\/cs\/\"},{\"@type\":\"ListItem\",\"position\":2,\"name\":\"Nab\u00eddka\",\"item\":\"https:\/\/wire-processor.eu\/cs\/nabidka\/\"},{\"@type\":\"ListItem\",\"position\":3,\"name\":\"Loupa\u010dka pro koncentrick\u00e9 kabely 3mm-25mm BZW-886C\"}]},{\"@type\":\"WebSite\",\"@id\":\"https:\/\/wire-processor.eu\/en\/#website\",\"url\":\"https:\/\/wire-processor.eu\/en\/\",\"name\":\"Wire processor\",\"description\":\"Maszyny do obr\u00f3bki przewod\u00f3w\",\"publisher\":{\"@id\":\"https:\/\/wire-processor.eu\/en\/#organization\"},\"potentialAction\":[{\"@type\":\"SearchAction\",\"target\":{\"@type\":\"EntryPoint\",\"urlTemplate\":\"https:\/\/wire-processor.eu\/en\/?s={search_term_string}\"},\"query-input\":{\"@type\":\"PropertyValueSpecification\",\"valueRequired\":true,\"valueName\":\"search_term_string\"}}],\"inLanguage\":\"cs\"},{\"@type\":\"Organization\",\"@id\":\"https:\/\/wire-processor.eu\/en\/#organization\",\"name\":\"Wire processor - maszyny do przewod\u00f3w\",\"url\":\"https:\/\/wire-processor.eu\/en\/\",\"logo\":{\"@type\":\"ImageObject\",\"inLanguage\":\"cs\",\"@id\":\"https:\/\/wire-processor.eu\/en\/#\/schema\/logo\/image\/\",\"url\":\"https:\/\/wire-processor.eu\/wp-content\/uploads\/2018\/04\/Bozwang-_logo_producent1.png\",\"contentUrl\":\"https:\/\/wire-processor.eu\/wp-content\/uploads\/2018\/04\/Bozwang-_logo_producent1.png\",\"width\":250,\"height\":33,\"caption\":\"Wire processor - maszyny do przewod\u00f3w\"},\"image\":{\"@id\":\"https:\/\/wire-processor.eu\/en\/#\/schema\/logo\/image\/\"}}]}<\/script>\n<!-- \/ Yoast SEO plugin. -->","yoast_head_json":{"title":"Loupa\u010dka pro koncentrick\u00e9 kabely 3mm-25mm BZW-886C - Wire processor","robots":{"index":"index","follow":"follow","max-snippet":"max-snippet:-1","max-image-preview":"max-image-preview:large","max-video-preview":"max-video-preview:-1"},"canonical":"https:\/\/wire-processor.eu\/cs\/oferta\/loupacka-pro-koncentricke-kabely-3mm-25mm-bzw-886c\/","og_locale":"cs_CZ","og_type":"article","og_title":"Loupa\u010dka pro koncentrick\u00e9 kabely 3mm-25mm BZW-886C - Wire processor","og_description":"Applied wire - large size coaxial cable and automotive cable ,  Power - AC 220V \/ 110V,\u00a0 50\/60Hz,  Motor - 800W,  Stripping length setting unit - 0,01 mm ,  Cutting wire diameter - 3,0-25 mm,  Cutting depth setting unit - 0,01 mm,  Stripping method - rotary cutter,  Stripping layer - Max.9 layers ,  Capacity - 300-800 pcs\/h ,  Dimension 1000 x 225 x 400 mm,  Weight 50 kg,","og_url":"https:\/\/wire-processor.eu\/cs\/oferta\/loupacka-pro-koncentricke-kabely-3mm-25mm-bzw-886c\/","og_site_name":"Wire processor","article_modified_time":"2024-02-20T08:23:21+00:00","og_image":[{"width":1600,"height":1600,"url":"https:\/\/wire-processor.eu\/wp-content\/uploads\/2018\/05\/BZW-886C.jpg","type":"image\/jpeg"}],"twitter_card":"summary_large_image","schema":{"@context":"https:\/\/schema.org","@graph":[{"@type":"WebPage","@id":"https:\/\/wire-processor.eu\/cs\/oferta\/loupacka-pro-koncentricke-kabely-3mm-25mm-bzw-886c\/","url":"https:\/\/wire-processor.eu\/cs\/oferta\/loupacka-pro-koncentricke-kabely-3mm-25mm-bzw-886c\/","name":"Loupa\u010dka pro koncentrick\u00e9 kabely 3mm-25mm BZW-886C - Wire processor","isPartOf":{"@id":"https:\/\/wire-processor.eu\/en\/#website"},"primaryImageOfPage":{"@id":"https:\/\/wire-processor.eu\/cs\/oferta\/loupacka-pro-koncentricke-kabely-3mm-25mm-bzw-886c\/#primaryimage"},"image":{"@id":"https:\/\/wire-processor.eu\/cs\/oferta\/loupacka-pro-koncentricke-kabely-3mm-25mm-bzw-886c\/#primaryimage"},"thumbnailUrl":"https:\/\/wire-processor.eu\/wp-content\/uploads\/2018\/05\/bzw-886cIMG_20230807_110631.jpg","datePublished":"2018-05-11T18:52:57+00:00","dateModified":"2024-02-20T08:23:21+00:00","breadcrumb":{"@id":"https:\/\/wire-processor.eu\/cs\/oferta\/loupacka-pro-koncentricke-kabely-3mm-25mm-bzw-886c\/#breadcrumb"},"inLanguage":"cs","potentialAction":[{"@type":"ReadAction","target":["https:\/\/wire-processor.eu\/cs\/oferta\/loupacka-pro-koncentricke-kabely-3mm-25mm-bzw-886c\/"]}]},{"@type":"ImageObject","inLanguage":"cs","@id":"https:\/\/wire-processor.eu\/cs\/oferta\/loupacka-pro-koncentricke-kabely-3mm-25mm-bzw-886c\/#primaryimage","url":"https:\/\/wire-processor.eu\/wp-content\/uploads\/2018\/05\/bzw-886cIMG_20230807_110631.jpg","contentUrl":"https:\/\/wire-processor.eu\/wp-content\/uploads\/2018\/05\/bzw-886cIMG_20230807_110631.jpg","width":800,"height":800,"caption":"Stript\u00e9r koaxi\u00e1ln\u00edch kabel\u016f 3mm-25mm BZW-886C"},{"@type":"BreadcrumbList","@id":"https:\/\/wire-processor.eu\/cs\/oferta\/loupacka-pro-koncentricke-kabely-3mm-25mm-bzw-886c\/#breadcrumb","itemListElement":[{"@type":"ListItem","position":1,"name":"Strona g\u0142\u00f3wna","item":"https:\/\/wire-processor.eu\/cs\/"},{"@type":"ListItem","position":2,"name":"Nab\u00eddka","item":"https:\/\/wire-processor.eu\/cs\/nabidka\/"},{"@type":"ListItem","position":3,"name":"Loupa\u010dka pro koncentrick\u00e9 kabely 3mm-25mm BZW-886C"}]},{"@type":"WebSite","@id":"https:\/\/wire-processor.eu\/en\/#website","url":"https:\/\/wire-processor.eu\/en\/","name":"Wire processor","description":"Maszyny do obr\u00f3bki przewod\u00f3w","publisher":{"@id":"https:\/\/wire-processor.eu\/en\/#organization"},"potentialAction":[{"@type":"SearchAction","target":{"@type":"EntryPoint","urlTemplate":"https:\/\/wire-processor.eu\/en\/?s={search_term_string}"},"query-input":{"@type":"PropertyValueSpecification","valueRequired":true,"valueName":"search_term_string"}}],"inLanguage":"cs"},{"@type":"Organization","@id":"https:\/\/wire-processor.eu\/en\/#organization","name":"Wire processor - maszyny do przewod\u00f3w","url":"https:\/\/wire-processor.eu\/en\/","logo":{"@type":"ImageObject","inLanguage":"cs","@id":"https:\/\/wire-processor.eu\/en\/#\/schema\/logo\/image\/","url":"https:\/\/wire-processor.eu\/wp-content\/uploads\/2018\/04\/Bozwang-_logo_producent1.png","contentUrl":"https:\/\/wire-processor.eu\/wp-content\/uploads\/2018\/04\/Bozwang-_logo_producent1.png","width":250,"height":33,"caption":"Wire processor - maszyny do przewod\u00f3w"},"image":{"@id":"https:\/\/wire-processor.eu\/en\/#\/schema\/logo\/image\/"}}]}},"_links":{"self":[{"href":"https:\/\/wire-processor.eu\/cs\/wp-json\/wp\/v2\/product\/14164","targetHints":{"allow":["GET"]}}],"collection":[{"href":"https:\/\/wire-processor.eu\/cs\/wp-json\/wp\/v2\/product"}],"about":[{"href":"https:\/\/wire-processor.eu\/cs\/wp-json\/wp\/v2\/types\/product"}],"wp:featuredmedia":[{"embeddable":true,"href":"https:\/\/wire-processor.eu\/cs\/wp-json\/wp\/v2\/media\/16842"}],"wp:attachment":[{"href":"https:\/\/wire-processor.eu\/cs\/wp-json\/wp\/v2\/media?parent=14164"}],"wp:term":[{"taxonomy":"product_brand","embeddable":true,"href":"https:\/\/wire-processor.eu\/cs\/wp-json\/wp\/v2\/product_brand?post=14164"},{"taxonomy":"product_cat","embeddable":true,"href":"https:\/\/wire-processor.eu\/cs\/wp-json\/wp\/v2\/product_cat?post=14164"},{"taxonomy":"product_tag","embeddable":true,"href":"https:\/\/wire-processor.eu\/cs\/wp-json\/wp\/v2\/product_tag?post=14164"}],"curies":[{"name":"wp","href":"https:\/\/api.w.org\/{rel}","templated":true}]}}