{"id":14177,"date":"2018-05-12T21:11:53","date_gmt":"2018-05-12T19:11:53","guid":{"rendered":"https:\/\/wire-processor.eu\/oferta\/nezarazene\/automat-pro-rezani-kabelovych-trubek-5-35mm-bzw-180\/"},"modified":"2024-03-06T13:39:15","modified_gmt":"2024-03-06T12:39:15","slug":"automat-pro-rezani-kabelovych-trubek-5-35mm-bzw-180","status":"publish","type":"product","link":"https:\/\/wire-processor.eu\/cs\/oferta\/automat-pro-rezani-kabelovych-trubek-5-35mm-bzw-180\/","title":{"rendered":"Automat na \u0159ez\u00e1n\u00ed kabelov\u00fdch trubek 5-35mm BZW-180"},"content":{"rendered":"<p>Stroj na \u0159ez\u00e1n\u00ed kabelov\u00fdch trubi\u010dek BZW-180 je profesion\u00e1ln\u00ed za\u0159\u00edzen\u00ed ur\u010den\u00e9 pro automatick\u00e9 \u0159ez\u00e1n\u00ed kabelov\u00fdch trubek. Vynikaj\u00edc\u00ed p\u0159i \u0159ez\u00e1n\u00ed kruhov\u00fdch plastov\u00fdch korytov\u00fdch trubek. Vyzna\u010duje se jednoduch\u00fdm ovl\u00e1d\u00e1n\u00edm, vysokou v\u00fdkonnost\u00ed zpracov\u00e1n\u00ed a stabilitou. Poh\u00e1n\u011bna krokov\u00fdm motorem zaji\u0161\u0165uje stabiln\u00ed pod\u00e1v\u00e1n\u00ed materi\u00e1lu a p\u0159esnou d\u00e9lku \u0159ezu. Integrovan\u00fd elektronick\u00fd syst\u00e9m umo\u017e\u0148uje stabiln\u00ed kontrolu procesu \u0159ez\u00e1n\u00ed a snadn\u00e9 ovl\u00e1d\u00e1n\u00ed. Stroj m\u016f\u017ee b\u00fdt dodate\u010dn\u011b vybaven odpov\u00eddaj\u00edc\u00edm podava\u010dem trubek, co\u017e d\u00e1le zefektiv\u0148uje pracovn\u00ed proces.<\/p>\n","protected":false},"excerpt":{"rendered":"<ul>\n<li>Pr\u016fm\u011br \u0159ezu &#8211; 5 &#8211; 35mm<\/li>\n<li>Funkce &#8211; \u0158ez\u00e1n\u00ed kabelov\u00fdch trubek<\/li>\n<li>Rozm\u011bry &#8211; 560 x 440 x 400mm<\/li>\n<li>V\u00e1ha &#8211; 72kg<\/li>\n<\/ul>\n<p><iframe title=\"YouTube video player\" src=\"https:\/\/www.youtube-nocookie.com\/embed\/aCG2v7AFIJU?si=-g_IJCtSx8IBjODQ\" width=\"560\" height=\"315\" frameborder=\"0\" allowfullscreen=\"allowfullscreen\"><\/iframe><\/p>\n","protected":false},"featured_media":15086,"template":"","meta":[],"product_brand":[],"product_cat":[559],"product_tag":[],"class_list":{"0":"post-14177","1":"product","2":"type-product","3":"status-publish","4":"has-post-thumbnail","6":"product_cat-zarizeni-pro-rezani-kabelovych-chranicek","8":"first","9":"instock","10":"shipping-taxable","11":"product-type-simple"},"yoast_head":"<!-- This site is optimized with the Yoast SEO plugin v26.3 - https:\/\/yoast.com\/wordpress\/plugins\/seo\/ -->\n<title>Automat na \u0159ez\u00e1n\u00ed kabelov\u00fdch trubek 5-35mm BZW-180 - Wire processor<\/title>\n<meta name=\"description\" content=\"Stroj na \u0159ez\u00e1n\u00ed kabelov\u00fdch trubek a hadic BZW-180. Stroje na zpracov\u00e1n\u00ed kabel\u016f - pod\u00edvejte se na www.wire-processor.eu. Velk\u00fd v\u00fdb\u011br stroj\u016f dostupn\u00fdch okam\u017eit\u011b.\" \/>\n<meta name=\"robots\" content=\"index, follow, max-snippet:-1, max-image-preview:large, max-video-preview:-1\" \/>\n<link rel=\"canonical\" href=\"https:\/\/wire-processor.eu\/cs\/oferta\/automat-pro-rezani-kabelovych-trubek-5-35mm-bzw-180\/\" \/>\n<meta property=\"og:locale\" content=\"cs_CZ\" \/>\n<meta property=\"og:type\" content=\"article\" \/>\n<meta property=\"og:title\" content=\"Automat na \u0159ez\u00e1n\u00ed kabelov\u00fdch trubek 5-35mm BZW-180 - Wire processor\" \/>\n<meta property=\"og:description\" content=\"Stroj na \u0159ez\u00e1n\u00ed kabelov\u00fdch trubek a hadic BZW-180. Stroje na zpracov\u00e1n\u00ed kabel\u016f - pod\u00edvejte se na www.wire-processor.eu. Velk\u00fd v\u00fdb\u011br stroj\u016f dostupn\u00fdch okam\u017eit\u011b.\" \/>\n<meta property=\"og:url\" content=\"https:\/\/wire-processor.eu\/cs\/oferta\/automat-pro-rezani-kabelovych-trubek-5-35mm-bzw-180\/\" \/>\n<meta property=\"og:site_name\" content=\"Wire processor\" \/>\n<meta property=\"article:modified_time\" content=\"2024-03-06T12:39:15+00:00\" \/>\n<meta property=\"og:image\" content=\"https:\/\/wire-processor.eu\/wp-content\/uploads\/2018\/05\/Automat-do-ci\u0119cia-rur-kablowych-5-35mm-BZW-180.jpg\" \/>\n\t<meta property=\"og:image:width\" content=\"800\" \/>\n\t<meta property=\"og:image:height\" content=\"800\" \/>\n\t<meta property=\"og:image:type\" content=\"image\/jpeg\" \/>\n<meta name=\"twitter:card\" content=\"summary_large_image\" \/>\n<meta name=\"twitter:label1\" content=\"Odhadovan\u00e1 doba \u010dten\u00ed\" \/>\n\t<meta name=\"twitter:data1\" content=\"1 minuta\" \/>\n<script type=\"application\/ld+json\" class=\"yoast-schema-graph\">{\"@context\":\"https:\/\/schema.org\",\"@graph\":[{\"@type\":\"WebPage\",\"@id\":\"https:\/\/wire-processor.eu\/cs\/oferta\/automat-pro-rezani-kabelovych-trubek-5-35mm-bzw-180\/\",\"url\":\"https:\/\/wire-processor.eu\/cs\/oferta\/automat-pro-rezani-kabelovych-trubek-5-35mm-bzw-180\/\",\"name\":\"Automat na \u0159ez\u00e1n\u00ed kabelov\u00fdch trubek 5-35mm BZW-180 - Wire processor\",\"isPartOf\":{\"@id\":\"https:\/\/wire-processor.eu\/en\/#website\"},\"primaryImageOfPage\":{\"@id\":\"https:\/\/wire-processor.eu\/cs\/oferta\/automat-pro-rezani-kabelovych-trubek-5-35mm-bzw-180\/#primaryimage\"},\"image\":{\"@id\":\"https:\/\/wire-processor.eu\/cs\/oferta\/automat-pro-rezani-kabelovych-trubek-5-35mm-bzw-180\/#primaryimage\"},\"thumbnailUrl\":\"https:\/\/wire-processor.eu\/wp-content\/uploads\/2018\/05\/Automat-do-ci\u0119cia-rur-kablowych-5-35mm-BZW-180.jpg\",\"datePublished\":\"2018-05-12T19:11:53+00:00\",\"dateModified\":\"2024-03-06T12:39:15+00:00\",\"description\":\"Stroj na \u0159ez\u00e1n\u00ed kabelov\u00fdch trubek a hadic BZW-180. Stroje na zpracov\u00e1n\u00ed kabel\u016f - pod\u00edvejte se na www.wire-processor.eu. Velk\u00fd v\u00fdb\u011br stroj\u016f dostupn\u00fdch okam\u017eit\u011b.\",\"breadcrumb\":{\"@id\":\"https:\/\/wire-processor.eu\/cs\/oferta\/automat-pro-rezani-kabelovych-trubek-5-35mm-bzw-180\/#breadcrumb\"},\"inLanguage\":\"cs\",\"potentialAction\":[{\"@type\":\"ReadAction\",\"target\":[\"https:\/\/wire-processor.eu\/cs\/oferta\/automat-pro-rezani-kabelovych-trubek-5-35mm-bzw-180\/\"]}]},{\"@type\":\"ImageObject\",\"inLanguage\":\"cs\",\"@id\":\"https:\/\/wire-processor.eu\/cs\/oferta\/automat-pro-rezani-kabelovych-trubek-5-35mm-bzw-180\/#primaryimage\",\"url\":\"https:\/\/wire-processor.eu\/wp-content\/uploads\/2018\/05\/Automat-do-ci\u0119cia-rur-kablowych-5-35mm-BZW-180.jpg\",\"contentUrl\":\"https:\/\/wire-processor.eu\/wp-content\/uploads\/2018\/05\/Automat-do-ci\u0119cia-rur-kablowych-5-35mm-BZW-180.jpg\",\"width\":800,\"height\":800,\"caption\":\"Automat do ci\u0119cia rur kablowych 5-35mm BZW-180\"},{\"@type\":\"BreadcrumbList\",\"@id\":\"https:\/\/wire-processor.eu\/cs\/oferta\/automat-pro-rezani-kabelovych-trubek-5-35mm-bzw-180\/#breadcrumb\",\"itemListElement\":[{\"@type\":\"ListItem\",\"position\":1,\"name\":\"Strona g\u0142\u00f3wna\",\"item\":\"https:\/\/wire-processor.eu\/cs\/\"},{\"@type\":\"ListItem\",\"position\":2,\"name\":\"Nab\u00eddka\",\"item\":\"https:\/\/wire-processor.eu\/cs\/nabidka\/\"},{\"@type\":\"ListItem\",\"position\":3,\"name\":\"Automat na \u0159ez\u00e1n\u00ed kabelov\u00fdch trubek 5-35mm BZW-180\"}]},{\"@type\":\"WebSite\",\"@id\":\"https:\/\/wire-processor.eu\/en\/#website\",\"url\":\"https:\/\/wire-processor.eu\/en\/\",\"name\":\"Wire processor\",\"description\":\"Maszyny do obr\u00f3bki przewod\u00f3w\",\"publisher\":{\"@id\":\"https:\/\/wire-processor.eu\/en\/#organization\"},\"potentialAction\":[{\"@type\":\"SearchAction\",\"target\":{\"@type\":\"EntryPoint\",\"urlTemplate\":\"https:\/\/wire-processor.eu\/en\/?s={search_term_string}\"},\"query-input\":{\"@type\":\"PropertyValueSpecification\",\"valueRequired\":true,\"valueName\":\"search_term_string\"}}],\"inLanguage\":\"cs\"},{\"@type\":\"Organization\",\"@id\":\"https:\/\/wire-processor.eu\/en\/#organization\",\"name\":\"Wire processor - maszyny do przewod\u00f3w\",\"url\":\"https:\/\/wire-processor.eu\/en\/\",\"logo\":{\"@type\":\"ImageObject\",\"inLanguage\":\"cs\",\"@id\":\"https:\/\/wire-processor.eu\/en\/#\/schema\/logo\/image\/\",\"url\":\"https:\/\/wire-processor.eu\/wp-content\/uploads\/2018\/04\/Bozwang-_logo_producent1.png\",\"contentUrl\":\"https:\/\/wire-processor.eu\/wp-content\/uploads\/2018\/04\/Bozwang-_logo_producent1.png\",\"width\":250,\"height\":33,\"caption\":\"Wire processor - maszyny do przewod\u00f3w\"},\"image\":{\"@id\":\"https:\/\/wire-processor.eu\/en\/#\/schema\/logo\/image\/\"}}]}<\/script>\n<!-- \/ Yoast SEO plugin. -->","yoast_head_json":{"title":"Automat na \u0159ez\u00e1n\u00ed kabelov\u00fdch trubek 5-35mm BZW-180 - Wire processor","description":"Stroj na \u0159ez\u00e1n\u00ed kabelov\u00fdch trubek a hadic BZW-180. Stroje na zpracov\u00e1n\u00ed kabel\u016f - pod\u00edvejte se na www.wire-processor.eu. Velk\u00fd v\u00fdb\u011br stroj\u016f dostupn\u00fdch okam\u017eit\u011b.","robots":{"index":"index","follow":"follow","max-snippet":"max-snippet:-1","max-image-preview":"max-image-preview:large","max-video-preview":"max-video-preview:-1"},"canonical":"https:\/\/wire-processor.eu\/cs\/oferta\/automat-pro-rezani-kabelovych-trubek-5-35mm-bzw-180\/","og_locale":"cs_CZ","og_type":"article","og_title":"Automat na \u0159ez\u00e1n\u00ed kabelov\u00fdch trubek 5-35mm BZW-180 - Wire processor","og_description":"Stroj na \u0159ez\u00e1n\u00ed kabelov\u00fdch trubek a hadic BZW-180. Stroje na zpracov\u00e1n\u00ed kabel\u016f - pod\u00edvejte se na www.wire-processor.eu. Velk\u00fd v\u00fdb\u011br stroj\u016f dostupn\u00fdch okam\u017eit\u011b.","og_url":"https:\/\/wire-processor.eu\/cs\/oferta\/automat-pro-rezani-kabelovych-trubek-5-35mm-bzw-180\/","og_site_name":"Wire processor","article_modified_time":"2024-03-06T12:39:15+00:00","og_image":[{"width":800,"height":800,"url":"https:\/\/wire-processor.eu\/wp-content\/uploads\/2018\/05\/Automat-do-ci\u0119cia-rur-kablowych-5-35mm-BZW-180.jpg","type":"image\/jpeg"}],"twitter_card":"summary_large_image","twitter_misc":{"Odhadovan\u00e1 doba \u010dten\u00ed":"1 minuta"},"schema":{"@context":"https:\/\/schema.org","@graph":[{"@type":"WebPage","@id":"https:\/\/wire-processor.eu\/cs\/oferta\/automat-pro-rezani-kabelovych-trubek-5-35mm-bzw-180\/","url":"https:\/\/wire-processor.eu\/cs\/oferta\/automat-pro-rezani-kabelovych-trubek-5-35mm-bzw-180\/","name":"Automat na \u0159ez\u00e1n\u00ed kabelov\u00fdch trubek 5-35mm BZW-180 - Wire processor","isPartOf":{"@id":"https:\/\/wire-processor.eu\/en\/#website"},"primaryImageOfPage":{"@id":"https:\/\/wire-processor.eu\/cs\/oferta\/automat-pro-rezani-kabelovych-trubek-5-35mm-bzw-180\/#primaryimage"},"image":{"@id":"https:\/\/wire-processor.eu\/cs\/oferta\/automat-pro-rezani-kabelovych-trubek-5-35mm-bzw-180\/#primaryimage"},"thumbnailUrl":"https:\/\/wire-processor.eu\/wp-content\/uploads\/2018\/05\/Automat-do-ci\u0119cia-rur-kablowych-5-35mm-BZW-180.jpg","datePublished":"2018-05-12T19:11:53+00:00","dateModified":"2024-03-06T12:39:15+00:00","description":"Stroj na \u0159ez\u00e1n\u00ed kabelov\u00fdch trubek a hadic BZW-180. Stroje na zpracov\u00e1n\u00ed kabel\u016f - pod\u00edvejte se na www.wire-processor.eu. Velk\u00fd v\u00fdb\u011br stroj\u016f dostupn\u00fdch okam\u017eit\u011b.","breadcrumb":{"@id":"https:\/\/wire-processor.eu\/cs\/oferta\/automat-pro-rezani-kabelovych-trubek-5-35mm-bzw-180\/#breadcrumb"},"inLanguage":"cs","potentialAction":[{"@type":"ReadAction","target":["https:\/\/wire-processor.eu\/cs\/oferta\/automat-pro-rezani-kabelovych-trubek-5-35mm-bzw-180\/"]}]},{"@type":"ImageObject","inLanguage":"cs","@id":"https:\/\/wire-processor.eu\/cs\/oferta\/automat-pro-rezani-kabelovych-trubek-5-35mm-bzw-180\/#primaryimage","url":"https:\/\/wire-processor.eu\/wp-content\/uploads\/2018\/05\/Automat-do-ci\u0119cia-rur-kablowych-5-35mm-BZW-180.jpg","contentUrl":"https:\/\/wire-processor.eu\/wp-content\/uploads\/2018\/05\/Automat-do-ci\u0119cia-rur-kablowych-5-35mm-BZW-180.jpg","width":800,"height":800,"caption":"Automat do ci\u0119cia rur kablowych 5-35mm BZW-180"},{"@type":"BreadcrumbList","@id":"https:\/\/wire-processor.eu\/cs\/oferta\/automat-pro-rezani-kabelovych-trubek-5-35mm-bzw-180\/#breadcrumb","itemListElement":[{"@type":"ListItem","position":1,"name":"Strona g\u0142\u00f3wna","item":"https:\/\/wire-processor.eu\/cs\/"},{"@type":"ListItem","position":2,"name":"Nab\u00eddka","item":"https:\/\/wire-processor.eu\/cs\/nabidka\/"},{"@type":"ListItem","position":3,"name":"Automat na \u0159ez\u00e1n\u00ed kabelov\u00fdch trubek 5-35mm BZW-180"}]},{"@type":"WebSite","@id":"https:\/\/wire-processor.eu\/en\/#website","url":"https:\/\/wire-processor.eu\/en\/","name":"Wire processor","description":"Maszyny do obr\u00f3bki przewod\u00f3w","publisher":{"@id":"https:\/\/wire-processor.eu\/en\/#organization"},"potentialAction":[{"@type":"SearchAction","target":{"@type":"EntryPoint","urlTemplate":"https:\/\/wire-processor.eu\/en\/?s={search_term_string}"},"query-input":{"@type":"PropertyValueSpecification","valueRequired":true,"valueName":"search_term_string"}}],"inLanguage":"cs"},{"@type":"Organization","@id":"https:\/\/wire-processor.eu\/en\/#organization","name":"Wire processor - maszyny do przewod\u00f3w","url":"https:\/\/wire-processor.eu\/en\/","logo":{"@type":"ImageObject","inLanguage":"cs","@id":"https:\/\/wire-processor.eu\/en\/#\/schema\/logo\/image\/","url":"https:\/\/wire-processor.eu\/wp-content\/uploads\/2018\/04\/Bozwang-_logo_producent1.png","contentUrl":"https:\/\/wire-processor.eu\/wp-content\/uploads\/2018\/04\/Bozwang-_logo_producent1.png","width":250,"height":33,"caption":"Wire processor - maszyny do przewod\u00f3w"},"image":{"@id":"https:\/\/wire-processor.eu\/en\/#\/schema\/logo\/image\/"}}]}},"_links":{"self":[{"href":"https:\/\/wire-processor.eu\/cs\/wp-json\/wp\/v2\/product\/14177","targetHints":{"allow":["GET"]}}],"collection":[{"href":"https:\/\/wire-processor.eu\/cs\/wp-json\/wp\/v2\/product"}],"about":[{"href":"https:\/\/wire-processor.eu\/cs\/wp-json\/wp\/v2\/types\/product"}],"wp:featuredmedia":[{"embeddable":true,"href":"https:\/\/wire-processor.eu\/cs\/wp-json\/wp\/v2\/media\/15086"}],"wp:attachment":[{"href":"https:\/\/wire-processor.eu\/cs\/wp-json\/wp\/v2\/media?parent=14177"}],"wp:term":[{"taxonomy":"product_brand","embeddable":true,"href":"https:\/\/wire-processor.eu\/cs\/wp-json\/wp\/v2\/product_brand?post=14177"},{"taxonomy":"product_cat","embeddable":true,"href":"https:\/\/wire-processor.eu\/cs\/wp-json\/wp\/v2\/product_cat?post=14177"},{"taxonomy":"product_tag","embeddable":true,"href":"https:\/\/wire-processor.eu\/cs\/wp-json\/wp\/v2\/product_tag?post=14177"}],"curies":[{"name":"wp","href":"https:\/\/api.w.org\/{rel}","templated":true}]}}