{"id":14208,"date":"2018-05-13T07:27:17","date_gmt":"2018-05-13T05:27:17","guid":{"rendered":"https:\/\/wire-processor.eu\/oferta\/nezarazene\/rozvijeci-zarizeni-pro-vodice-servo-25mm-10mm2-6m-s-bzw-sf\/"},"modified":"2018-05-13T07:27:17","modified_gmt":"2018-05-13T05:27:17","slug":"rozvijeci-zarizeni-pro-vodice-servo-25mm-10mm2-6m-s-bzw-sf","status":"publish","type":"product","link":"https:\/\/wire-processor.eu\/cs\/oferta\/rozvijeci-zarizeni-pro-vodice-servo-25mm-10mm2-6m-s-bzw-sf\/","title":{"rendered":"Rozv\u00edjec\u00ed za\u0159\u00edzen\u00ed pro vodi\u010de servo 2,5mm-10mm2 &#8211; 6m\/s BZW-SF"},"content":{"rendered":"","protected":false},"excerpt":{"rendered":"<ul>\n<li>Cross secrion: 2,5 mm\u00b2 &#8211; 10 mm\u00b2 (other sizes on request)<\/li>\n<li>Wire feeding speed max. 6m\/s<\/li>\n<li>Capacity 7,6 (duble end)<\/li>\n<li>Power AC 220 V 50 Hz<\/li>\n<li>Air supply 0,6 MPa<\/li>\n<li>Weiight 240 kg<\/li>\n<li>Dimension 2350 x 720 x 1400 mm<\/li>\n<\/ul>\n","protected":false},"featured_media":14209,"template":"","meta":[],"product_brand":[],"product_cat":[550],"product_tag":[],"class_list":{"0":"post-14208","1":"product","2":"type-product","3":"status-publish","4":"has-post-thumbnail","6":"product_cat-dalsi-zarizeni","8":"first","9":"instock","10":"shipping-taxable","11":"product-type-simple"},"yoast_head":"<!-- This site is optimized with the Yoast SEO plugin v26.3 - https:\/\/yoast.com\/wordpress\/plugins\/seo\/ -->\n<title>Rozv\u00edjec\u00ed za\u0159\u00edzen\u00ed pro vodi\u010de servo 2,5mm-10mm2 - 6m\/s BZW-SF - Wire processor<\/title>\n<meta name=\"robots\" content=\"index, follow, max-snippet:-1, max-image-preview:large, max-video-preview:-1\" \/>\n<link rel=\"canonical\" href=\"https:\/\/wire-processor.eu\/cs\/oferta\/rozvijeci-zarizeni-pro-vodice-servo-25mm-10mm2-6m-s-bzw-sf\/\" \/>\n<meta property=\"og:locale\" content=\"cs_CZ\" \/>\n<meta property=\"og:type\" content=\"article\" \/>\n<meta property=\"og:title\" content=\"Rozv\u00edjec\u00ed za\u0159\u00edzen\u00ed pro vodi\u010de servo 2,5mm-10mm2 - 6m\/s BZW-SF - Wire processor\" \/>\n<meta property=\"og:description\" content=\"Cross secrion: 2,5 mm\u00b2 - 10 mm\u00b2 (other sizes on request)  Wire feeding speed max. 6m\/s  Capacity 7,6 (duble end)  Power AC 220 V 50 Hz  Air supply 0,6 MPa  Weiight 240 kg  Dimension 2350 x 720 x 1400 mm\" \/>\n<meta property=\"og:url\" content=\"https:\/\/wire-processor.eu\/cs\/oferta\/rozvijeci-zarizeni-pro-vodice-servo-25mm-10mm2-6m-s-bzw-sf\/\" \/>\n<meta property=\"og:site_name\" content=\"Wire processor\" \/>\n<meta property=\"og:image\" content=\"https:\/\/wire-processor.eu\/wp-content\/uploads\/2018\/05\/\u653e\u7ebf\u67b6BZW-SF.jpg\" \/>\n\t<meta property=\"og:image:width\" content=\"1600\" \/>\n\t<meta property=\"og:image:height\" content=\"1600\" \/>\n\t<meta property=\"og:image:type\" content=\"image\/jpeg\" \/>\n<meta name=\"twitter:card\" content=\"summary_large_image\" \/>\n<script type=\"application\/ld+json\" class=\"yoast-schema-graph\">{\"@context\":\"https:\/\/schema.org\",\"@graph\":[{\"@type\":\"WebPage\",\"@id\":\"https:\/\/wire-processor.eu\/cs\/oferta\/rozvijeci-zarizeni-pro-vodice-servo-25mm-10mm2-6m-s-bzw-sf\/\",\"url\":\"https:\/\/wire-processor.eu\/cs\/oferta\/rozvijeci-zarizeni-pro-vodice-servo-25mm-10mm2-6m-s-bzw-sf\/\",\"name\":\"Rozv\u00edjec\u00ed za\u0159\u00edzen\u00ed pro vodi\u010de servo 2,5mm-10mm2 - 6m\/s BZW-SF - Wire processor\",\"isPartOf\":{\"@id\":\"https:\/\/wire-processor.eu\/en\/#website\"},\"primaryImageOfPage\":{\"@id\":\"https:\/\/wire-processor.eu\/cs\/oferta\/rozvijeci-zarizeni-pro-vodice-servo-25mm-10mm2-6m-s-bzw-sf\/#primaryimage\"},\"image\":{\"@id\":\"https:\/\/wire-processor.eu\/cs\/oferta\/rozvijeci-zarizeni-pro-vodice-servo-25mm-10mm2-6m-s-bzw-sf\/#primaryimage\"},\"thumbnailUrl\":\"https:\/\/wire-processor.eu\/wp-content\/uploads\/2018\/05\/\u653e\u7ebf\u67b6BZW-SF.jpg\",\"datePublished\":\"2018-05-13T05:27:17+00:00\",\"breadcrumb\":{\"@id\":\"https:\/\/wire-processor.eu\/cs\/oferta\/rozvijeci-zarizeni-pro-vodice-servo-25mm-10mm2-6m-s-bzw-sf\/#breadcrumb\"},\"inLanguage\":\"cs\",\"potentialAction\":[{\"@type\":\"ReadAction\",\"target\":[\"https:\/\/wire-processor.eu\/cs\/oferta\/rozvijeci-zarizeni-pro-vodice-servo-25mm-10mm2-6m-s-bzw-sf\/\"]}]},{\"@type\":\"ImageObject\",\"inLanguage\":\"cs\",\"@id\":\"https:\/\/wire-processor.eu\/cs\/oferta\/rozvijeci-zarizeni-pro-vodice-servo-25mm-10mm2-6m-s-bzw-sf\/#primaryimage\",\"url\":\"https:\/\/wire-processor.eu\/wp-content\/uploads\/2018\/05\/\u653e\u7ebf\u67b6BZW-SF.jpg\",\"contentUrl\":\"https:\/\/wire-processor.eu\/wp-content\/uploads\/2018\/05\/\u653e\u7ebf\u67b6BZW-SF.jpg\",\"width\":1600,\"height\":1600,\"caption\":\"Rozv\u00edjec\u00ed za\u0159\u00edzen\u00ed pro vodi\u010de servo 2,5mm-10mm2 - 6m\/s BZW-SF\"},{\"@type\":\"BreadcrumbList\",\"@id\":\"https:\/\/wire-processor.eu\/cs\/oferta\/rozvijeci-zarizeni-pro-vodice-servo-25mm-10mm2-6m-s-bzw-sf\/#breadcrumb\",\"itemListElement\":[{\"@type\":\"ListItem\",\"position\":1,\"name\":\"Strona g\u0142\u00f3wna\",\"item\":\"https:\/\/wire-processor.eu\/cs\/\"},{\"@type\":\"ListItem\",\"position\":2,\"name\":\"Nab\u00eddka\",\"item\":\"https:\/\/wire-processor.eu\/cs\/nabidka\/\"},{\"@type\":\"ListItem\",\"position\":3,\"name\":\"Rozv\u00edjec\u00ed za\u0159\u00edzen\u00ed pro vodi\u010de servo 2,5mm-10mm2 &#8211; 6m\/s BZW-SF\"}]},{\"@type\":\"WebSite\",\"@id\":\"https:\/\/wire-processor.eu\/en\/#website\",\"url\":\"https:\/\/wire-processor.eu\/en\/\",\"name\":\"Wire processor\",\"description\":\"Maszyny do obr\u00f3bki przewod\u00f3w\",\"publisher\":{\"@id\":\"https:\/\/wire-processor.eu\/en\/#organization\"},\"potentialAction\":[{\"@type\":\"SearchAction\",\"target\":{\"@type\":\"EntryPoint\",\"urlTemplate\":\"https:\/\/wire-processor.eu\/en\/?s={search_term_string}\"},\"query-input\":{\"@type\":\"PropertyValueSpecification\",\"valueRequired\":true,\"valueName\":\"search_term_string\"}}],\"inLanguage\":\"cs\"},{\"@type\":\"Organization\",\"@id\":\"https:\/\/wire-processor.eu\/en\/#organization\",\"name\":\"Wire processor - maszyny do przewod\u00f3w\",\"url\":\"https:\/\/wire-processor.eu\/en\/\",\"logo\":{\"@type\":\"ImageObject\",\"inLanguage\":\"cs\",\"@id\":\"https:\/\/wire-processor.eu\/en\/#\/schema\/logo\/image\/\",\"url\":\"https:\/\/wire-processor.eu\/wp-content\/uploads\/2018\/04\/Bozwang-_logo_producent1.png\",\"contentUrl\":\"https:\/\/wire-processor.eu\/wp-content\/uploads\/2018\/04\/Bozwang-_logo_producent1.png\",\"width\":250,\"height\":33,\"caption\":\"Wire processor - maszyny do przewod\u00f3w\"},\"image\":{\"@id\":\"https:\/\/wire-processor.eu\/en\/#\/schema\/logo\/image\/\"}}]}<\/script>\n<!-- \/ Yoast SEO plugin. -->","yoast_head_json":{"title":"Rozv\u00edjec\u00ed za\u0159\u00edzen\u00ed pro vodi\u010de servo 2,5mm-10mm2 - 6m\/s BZW-SF - Wire processor","robots":{"index":"index","follow":"follow","max-snippet":"max-snippet:-1","max-image-preview":"max-image-preview:large","max-video-preview":"max-video-preview:-1"},"canonical":"https:\/\/wire-processor.eu\/cs\/oferta\/rozvijeci-zarizeni-pro-vodice-servo-25mm-10mm2-6m-s-bzw-sf\/","og_locale":"cs_CZ","og_type":"article","og_title":"Rozv\u00edjec\u00ed za\u0159\u00edzen\u00ed pro vodi\u010de servo 2,5mm-10mm2 - 6m\/s BZW-SF - Wire processor","og_description":"Cross secrion: 2,5 mm\u00b2 - 10 mm\u00b2 (other sizes on request)  Wire feeding speed max. 6m\/s  Capacity 7,6 (duble end)  Power AC 220 V 50 Hz  Air supply 0,6 MPa  Weiight 240 kg  Dimension 2350 x 720 x 1400 mm","og_url":"https:\/\/wire-processor.eu\/cs\/oferta\/rozvijeci-zarizeni-pro-vodice-servo-25mm-10mm2-6m-s-bzw-sf\/","og_site_name":"Wire processor","og_image":[{"width":1600,"height":1600,"url":"https:\/\/wire-processor.eu\/wp-content\/uploads\/2018\/05\/\u653e\u7ebf\u67b6BZW-SF.jpg","type":"image\/jpeg"}],"twitter_card":"summary_large_image","schema":{"@context":"https:\/\/schema.org","@graph":[{"@type":"WebPage","@id":"https:\/\/wire-processor.eu\/cs\/oferta\/rozvijeci-zarizeni-pro-vodice-servo-25mm-10mm2-6m-s-bzw-sf\/","url":"https:\/\/wire-processor.eu\/cs\/oferta\/rozvijeci-zarizeni-pro-vodice-servo-25mm-10mm2-6m-s-bzw-sf\/","name":"Rozv\u00edjec\u00ed za\u0159\u00edzen\u00ed pro vodi\u010de servo 2,5mm-10mm2 - 6m\/s BZW-SF - Wire processor","isPartOf":{"@id":"https:\/\/wire-processor.eu\/en\/#website"},"primaryImageOfPage":{"@id":"https:\/\/wire-processor.eu\/cs\/oferta\/rozvijeci-zarizeni-pro-vodice-servo-25mm-10mm2-6m-s-bzw-sf\/#primaryimage"},"image":{"@id":"https:\/\/wire-processor.eu\/cs\/oferta\/rozvijeci-zarizeni-pro-vodice-servo-25mm-10mm2-6m-s-bzw-sf\/#primaryimage"},"thumbnailUrl":"https:\/\/wire-processor.eu\/wp-content\/uploads\/2018\/05\/\u653e\u7ebf\u67b6BZW-SF.jpg","datePublished":"2018-05-13T05:27:17+00:00","breadcrumb":{"@id":"https:\/\/wire-processor.eu\/cs\/oferta\/rozvijeci-zarizeni-pro-vodice-servo-25mm-10mm2-6m-s-bzw-sf\/#breadcrumb"},"inLanguage":"cs","potentialAction":[{"@type":"ReadAction","target":["https:\/\/wire-processor.eu\/cs\/oferta\/rozvijeci-zarizeni-pro-vodice-servo-25mm-10mm2-6m-s-bzw-sf\/"]}]},{"@type":"ImageObject","inLanguage":"cs","@id":"https:\/\/wire-processor.eu\/cs\/oferta\/rozvijeci-zarizeni-pro-vodice-servo-25mm-10mm2-6m-s-bzw-sf\/#primaryimage","url":"https:\/\/wire-processor.eu\/wp-content\/uploads\/2018\/05\/\u653e\u7ebf\u67b6BZW-SF.jpg","contentUrl":"https:\/\/wire-processor.eu\/wp-content\/uploads\/2018\/05\/\u653e\u7ebf\u67b6BZW-SF.jpg","width":1600,"height":1600,"caption":"Rozv\u00edjec\u00ed za\u0159\u00edzen\u00ed pro vodi\u010de servo 2,5mm-10mm2 - 6m\/s BZW-SF"},{"@type":"BreadcrumbList","@id":"https:\/\/wire-processor.eu\/cs\/oferta\/rozvijeci-zarizeni-pro-vodice-servo-25mm-10mm2-6m-s-bzw-sf\/#breadcrumb","itemListElement":[{"@type":"ListItem","position":1,"name":"Strona g\u0142\u00f3wna","item":"https:\/\/wire-processor.eu\/cs\/"},{"@type":"ListItem","position":2,"name":"Nab\u00eddka","item":"https:\/\/wire-processor.eu\/cs\/nabidka\/"},{"@type":"ListItem","position":3,"name":"Rozv\u00edjec\u00ed za\u0159\u00edzen\u00ed pro vodi\u010de servo 2,5mm-10mm2 &#8211; 6m\/s BZW-SF"}]},{"@type":"WebSite","@id":"https:\/\/wire-processor.eu\/en\/#website","url":"https:\/\/wire-processor.eu\/en\/","name":"Wire processor","description":"Maszyny do obr\u00f3bki przewod\u00f3w","publisher":{"@id":"https:\/\/wire-processor.eu\/en\/#organization"},"potentialAction":[{"@type":"SearchAction","target":{"@type":"EntryPoint","urlTemplate":"https:\/\/wire-processor.eu\/en\/?s={search_term_string}"},"query-input":{"@type":"PropertyValueSpecification","valueRequired":true,"valueName":"search_term_string"}}],"inLanguage":"cs"},{"@type":"Organization","@id":"https:\/\/wire-processor.eu\/en\/#organization","name":"Wire processor - maszyny do przewod\u00f3w","url":"https:\/\/wire-processor.eu\/en\/","logo":{"@type":"ImageObject","inLanguage":"cs","@id":"https:\/\/wire-processor.eu\/en\/#\/schema\/logo\/image\/","url":"https:\/\/wire-processor.eu\/wp-content\/uploads\/2018\/04\/Bozwang-_logo_producent1.png","contentUrl":"https:\/\/wire-processor.eu\/wp-content\/uploads\/2018\/04\/Bozwang-_logo_producent1.png","width":250,"height":33,"caption":"Wire processor - maszyny do przewod\u00f3w"},"image":{"@id":"https:\/\/wire-processor.eu\/en\/#\/schema\/logo\/image\/"}}]}},"_links":{"self":[{"href":"https:\/\/wire-processor.eu\/cs\/wp-json\/wp\/v2\/product\/14208","targetHints":{"allow":["GET"]}}],"collection":[{"href":"https:\/\/wire-processor.eu\/cs\/wp-json\/wp\/v2\/product"}],"about":[{"href":"https:\/\/wire-processor.eu\/cs\/wp-json\/wp\/v2\/types\/product"}],"wp:featuredmedia":[{"embeddable":true,"href":"https:\/\/wire-processor.eu\/cs\/wp-json\/wp\/v2\/media\/14209"}],"wp:attachment":[{"href":"https:\/\/wire-processor.eu\/cs\/wp-json\/wp\/v2\/media?parent=14208"}],"wp:term":[{"taxonomy":"product_brand","embeddable":true,"href":"https:\/\/wire-processor.eu\/cs\/wp-json\/wp\/v2\/product_brand?post=14208"},{"taxonomy":"product_cat","embeddable":true,"href":"https:\/\/wire-processor.eu\/cs\/wp-json\/wp\/v2\/product_cat?post=14208"},{"taxonomy":"product_tag","embeddable":true,"href":"https:\/\/wire-processor.eu\/cs\/wp-json\/wp\/v2\/product_tag?post=14208"}],"curies":[{"name":"wp","href":"https:\/\/api.w.org\/{rel}","templated":true}]}}