{"id":14214,"date":"2018-05-13T07:27:18","date_gmt":"2018-05-13T05:27:18","guid":{"rendered":"https:\/\/wire-processor.eu\/oferta\/nezarazene\/ohrivac-vodicu-500-x-500-x-600mm-1-100c-bzw-h\/"},"modified":"2018-05-13T07:27:18","modified_gmt":"2018-05-13T05:27:18","slug":"ohrivac-vodicu-500-x-500-x-600mm-1-100c-bzw-h","status":"publish","type":"product","link":"https:\/\/wire-processor.eu\/cs\/oferta\/ohrivac-vodicu-500-x-500-x-600mm-1-100c-bzw-h\/","title":{"rendered":"Oh\u0159\u00edva\u010d vodi\u010d\u016f 500 x 500 x 600mm, 1-100C BZW-H"},"content":{"rendered":"<p>Mainly used for heating wires in cold weather condition.<\/p>\n<p>Temperature is adjustable with the sensor controller<\/p>\n","protected":false},"excerpt":{"rendered":"<ul>\n<li>Voltage : 220V 5 0Hz<\/li>\n<li>Temperature range: 1-100\u00b0C<\/li>\n<li>Dimension : 500 x 500 x 600 mm<\/li>\n<li>Weight : 10kg<\/li>\n<\/ul>\n","protected":false},"featured_media":14215,"template":"","meta":[],"product_brand":[],"product_cat":[550],"product_tag":[],"class_list":{"0":"post-14214","1":"product","2":"type-product","3":"status-publish","4":"has-post-thumbnail","6":"product_cat-dalsi-zarizeni","8":"first","9":"instock","10":"shipping-taxable","11":"product-type-simple"},"yoast_head":"<!-- This site is optimized with the Yoast SEO plugin v26.3 - https:\/\/yoast.com\/wordpress\/plugins\/seo\/ -->\n<title>Oh\u0159\u00edva\u010d vodi\u010d\u016f 500 x 500 x 600mm, 1-100C BZW-H - Wire processor<\/title>\n<meta name=\"robots\" content=\"index, follow, max-snippet:-1, max-image-preview:large, max-video-preview:-1\" \/>\n<link rel=\"canonical\" href=\"https:\/\/wire-processor.eu\/cs\/oferta\/ohrivac-vodicu-500-x-500-x-600mm-1-100c-bzw-h\/\" \/>\n<meta property=\"og:locale\" content=\"cs_CZ\" \/>\n<meta property=\"og:type\" content=\"article\" \/>\n<meta property=\"og:title\" content=\"Oh\u0159\u00edva\u010d vodi\u010d\u016f 500 x 500 x 600mm, 1-100C BZW-H - Wire processor\" \/>\n<meta property=\"og:description\" content=\"Voltage : 220V 5 0Hz  Temperature range: 1-100\u00b0C  Dimension : 500 x 500 x 600 mm  Weight : 10kg\" \/>\n<meta property=\"og:url\" content=\"https:\/\/wire-processor.eu\/cs\/oferta\/ohrivac-vodicu-500-x-500-x-600mm-1-100c-bzw-h\/\" \/>\n<meta property=\"og:site_name\" content=\"Wire processor\" \/>\n<meta property=\"og:image\" content=\"https:\/\/wire-processor.eu\/wp-content\/uploads\/2018\/05\/BW-H\u70d8\u7bb1.jpg\" \/>\n\t<meta property=\"og:image:width\" content=\"1222\" \/>\n\t<meta property=\"og:image:height\" content=\"1222\" \/>\n\t<meta property=\"og:image:type\" content=\"image\/jpeg\" \/>\n<meta name=\"twitter:card\" content=\"summary_large_image\" \/>\n<script type=\"application\/ld+json\" class=\"yoast-schema-graph\">{\"@context\":\"https:\/\/schema.org\",\"@graph\":[{\"@type\":\"WebPage\",\"@id\":\"https:\/\/wire-processor.eu\/cs\/oferta\/ohrivac-vodicu-500-x-500-x-600mm-1-100c-bzw-h\/\",\"url\":\"https:\/\/wire-processor.eu\/cs\/oferta\/ohrivac-vodicu-500-x-500-x-600mm-1-100c-bzw-h\/\",\"name\":\"Oh\u0159\u00edva\u010d vodi\u010d\u016f 500 x 500 x 600mm, 1-100C BZW-H - Wire processor\",\"isPartOf\":{\"@id\":\"https:\/\/wire-processor.eu\/en\/#website\"},\"primaryImageOfPage\":{\"@id\":\"https:\/\/wire-processor.eu\/cs\/oferta\/ohrivac-vodicu-500-x-500-x-600mm-1-100c-bzw-h\/#primaryimage\"},\"image\":{\"@id\":\"https:\/\/wire-processor.eu\/cs\/oferta\/ohrivac-vodicu-500-x-500-x-600mm-1-100c-bzw-h\/#primaryimage\"},\"thumbnailUrl\":\"https:\/\/wire-processor.eu\/wp-content\/uploads\/2018\/05\/BW-H\u70d8\u7bb1.jpg\",\"datePublished\":\"2018-05-13T05:27:18+00:00\",\"breadcrumb\":{\"@id\":\"https:\/\/wire-processor.eu\/cs\/oferta\/ohrivac-vodicu-500-x-500-x-600mm-1-100c-bzw-h\/#breadcrumb\"},\"inLanguage\":\"cs\",\"potentialAction\":[{\"@type\":\"ReadAction\",\"target\":[\"https:\/\/wire-processor.eu\/cs\/oferta\/ohrivac-vodicu-500-x-500-x-600mm-1-100c-bzw-h\/\"]}]},{\"@type\":\"ImageObject\",\"inLanguage\":\"cs\",\"@id\":\"https:\/\/wire-processor.eu\/cs\/oferta\/ohrivac-vodicu-500-x-500-x-600mm-1-100c-bzw-h\/#primaryimage\",\"url\":\"https:\/\/wire-processor.eu\/wp-content\/uploads\/2018\/05\/BW-H\u70d8\u7bb1.jpg\",\"contentUrl\":\"https:\/\/wire-processor.eu\/wp-content\/uploads\/2018\/05\/BW-H\u70d8\u7bb1.jpg\",\"width\":1222,\"height\":1222,\"caption\":\"Oh\u0159\u00edva\u010d vodi\u010d\u016f 500 x 500 x 600mm, 1-100C BZW-H\"},{\"@type\":\"BreadcrumbList\",\"@id\":\"https:\/\/wire-processor.eu\/cs\/oferta\/ohrivac-vodicu-500-x-500-x-600mm-1-100c-bzw-h\/#breadcrumb\",\"itemListElement\":[{\"@type\":\"ListItem\",\"position\":1,\"name\":\"Strona g\u0142\u00f3wna\",\"item\":\"https:\/\/wire-processor.eu\/cs\/\"},{\"@type\":\"ListItem\",\"position\":2,\"name\":\"Nab\u00eddka\",\"item\":\"https:\/\/wire-processor.eu\/cs\/nabidka\/\"},{\"@type\":\"ListItem\",\"position\":3,\"name\":\"Oh\u0159\u00edva\u010d vodi\u010d\u016f 500 x 500 x 600mm, 1-100C BZW-H\"}]},{\"@type\":\"WebSite\",\"@id\":\"https:\/\/wire-processor.eu\/en\/#website\",\"url\":\"https:\/\/wire-processor.eu\/en\/\",\"name\":\"Wire processor\",\"description\":\"Maszyny do obr\u00f3bki przewod\u00f3w\",\"publisher\":{\"@id\":\"https:\/\/wire-processor.eu\/en\/#organization\"},\"potentialAction\":[{\"@type\":\"SearchAction\",\"target\":{\"@type\":\"EntryPoint\",\"urlTemplate\":\"https:\/\/wire-processor.eu\/en\/?s={search_term_string}\"},\"query-input\":{\"@type\":\"PropertyValueSpecification\",\"valueRequired\":true,\"valueName\":\"search_term_string\"}}],\"inLanguage\":\"cs\"},{\"@type\":\"Organization\",\"@id\":\"https:\/\/wire-processor.eu\/en\/#organization\",\"name\":\"Wire processor - maszyny do przewod\u00f3w\",\"url\":\"https:\/\/wire-processor.eu\/en\/\",\"logo\":{\"@type\":\"ImageObject\",\"inLanguage\":\"cs\",\"@id\":\"https:\/\/wire-processor.eu\/en\/#\/schema\/logo\/image\/\",\"url\":\"https:\/\/wire-processor.eu\/wp-content\/uploads\/2018\/04\/Bozwang-_logo_producent1.png\",\"contentUrl\":\"https:\/\/wire-processor.eu\/wp-content\/uploads\/2018\/04\/Bozwang-_logo_producent1.png\",\"width\":250,\"height\":33,\"caption\":\"Wire processor - maszyny do przewod\u00f3w\"},\"image\":{\"@id\":\"https:\/\/wire-processor.eu\/en\/#\/schema\/logo\/image\/\"}}]}<\/script>\n<!-- \/ Yoast SEO plugin. -->","yoast_head_json":{"title":"Oh\u0159\u00edva\u010d vodi\u010d\u016f 500 x 500 x 600mm, 1-100C BZW-H - Wire processor","robots":{"index":"index","follow":"follow","max-snippet":"max-snippet:-1","max-image-preview":"max-image-preview:large","max-video-preview":"max-video-preview:-1"},"canonical":"https:\/\/wire-processor.eu\/cs\/oferta\/ohrivac-vodicu-500-x-500-x-600mm-1-100c-bzw-h\/","og_locale":"cs_CZ","og_type":"article","og_title":"Oh\u0159\u00edva\u010d vodi\u010d\u016f 500 x 500 x 600mm, 1-100C BZW-H - Wire processor","og_description":"Voltage : 220V 5 0Hz  Temperature range: 1-100\u00b0C  Dimension : 500 x 500 x 600 mm  Weight : 10kg","og_url":"https:\/\/wire-processor.eu\/cs\/oferta\/ohrivac-vodicu-500-x-500-x-600mm-1-100c-bzw-h\/","og_site_name":"Wire processor","og_image":[{"width":1222,"height":1222,"url":"https:\/\/wire-processor.eu\/wp-content\/uploads\/2018\/05\/BW-H\u70d8\u7bb1.jpg","type":"image\/jpeg"}],"twitter_card":"summary_large_image","schema":{"@context":"https:\/\/schema.org","@graph":[{"@type":"WebPage","@id":"https:\/\/wire-processor.eu\/cs\/oferta\/ohrivac-vodicu-500-x-500-x-600mm-1-100c-bzw-h\/","url":"https:\/\/wire-processor.eu\/cs\/oferta\/ohrivac-vodicu-500-x-500-x-600mm-1-100c-bzw-h\/","name":"Oh\u0159\u00edva\u010d vodi\u010d\u016f 500 x 500 x 600mm, 1-100C BZW-H - Wire processor","isPartOf":{"@id":"https:\/\/wire-processor.eu\/en\/#website"},"primaryImageOfPage":{"@id":"https:\/\/wire-processor.eu\/cs\/oferta\/ohrivac-vodicu-500-x-500-x-600mm-1-100c-bzw-h\/#primaryimage"},"image":{"@id":"https:\/\/wire-processor.eu\/cs\/oferta\/ohrivac-vodicu-500-x-500-x-600mm-1-100c-bzw-h\/#primaryimage"},"thumbnailUrl":"https:\/\/wire-processor.eu\/wp-content\/uploads\/2018\/05\/BW-H\u70d8\u7bb1.jpg","datePublished":"2018-05-13T05:27:18+00:00","breadcrumb":{"@id":"https:\/\/wire-processor.eu\/cs\/oferta\/ohrivac-vodicu-500-x-500-x-600mm-1-100c-bzw-h\/#breadcrumb"},"inLanguage":"cs","potentialAction":[{"@type":"ReadAction","target":["https:\/\/wire-processor.eu\/cs\/oferta\/ohrivac-vodicu-500-x-500-x-600mm-1-100c-bzw-h\/"]}]},{"@type":"ImageObject","inLanguage":"cs","@id":"https:\/\/wire-processor.eu\/cs\/oferta\/ohrivac-vodicu-500-x-500-x-600mm-1-100c-bzw-h\/#primaryimage","url":"https:\/\/wire-processor.eu\/wp-content\/uploads\/2018\/05\/BW-H\u70d8\u7bb1.jpg","contentUrl":"https:\/\/wire-processor.eu\/wp-content\/uploads\/2018\/05\/BW-H\u70d8\u7bb1.jpg","width":1222,"height":1222,"caption":"Oh\u0159\u00edva\u010d vodi\u010d\u016f 500 x 500 x 600mm, 1-100C BZW-H"},{"@type":"BreadcrumbList","@id":"https:\/\/wire-processor.eu\/cs\/oferta\/ohrivac-vodicu-500-x-500-x-600mm-1-100c-bzw-h\/#breadcrumb","itemListElement":[{"@type":"ListItem","position":1,"name":"Strona g\u0142\u00f3wna","item":"https:\/\/wire-processor.eu\/cs\/"},{"@type":"ListItem","position":2,"name":"Nab\u00eddka","item":"https:\/\/wire-processor.eu\/cs\/nabidka\/"},{"@type":"ListItem","position":3,"name":"Oh\u0159\u00edva\u010d vodi\u010d\u016f 500 x 500 x 600mm, 1-100C BZW-H"}]},{"@type":"WebSite","@id":"https:\/\/wire-processor.eu\/en\/#website","url":"https:\/\/wire-processor.eu\/en\/","name":"Wire processor","description":"Maszyny do obr\u00f3bki przewod\u00f3w","publisher":{"@id":"https:\/\/wire-processor.eu\/en\/#organization"},"potentialAction":[{"@type":"SearchAction","target":{"@type":"EntryPoint","urlTemplate":"https:\/\/wire-processor.eu\/en\/?s={search_term_string}"},"query-input":{"@type":"PropertyValueSpecification","valueRequired":true,"valueName":"search_term_string"}}],"inLanguage":"cs"},{"@type":"Organization","@id":"https:\/\/wire-processor.eu\/en\/#organization","name":"Wire processor - maszyny do przewod\u00f3w","url":"https:\/\/wire-processor.eu\/en\/","logo":{"@type":"ImageObject","inLanguage":"cs","@id":"https:\/\/wire-processor.eu\/en\/#\/schema\/logo\/image\/","url":"https:\/\/wire-processor.eu\/wp-content\/uploads\/2018\/04\/Bozwang-_logo_producent1.png","contentUrl":"https:\/\/wire-processor.eu\/wp-content\/uploads\/2018\/04\/Bozwang-_logo_producent1.png","width":250,"height":33,"caption":"Wire processor - maszyny do przewod\u00f3w"},"image":{"@id":"https:\/\/wire-processor.eu\/en\/#\/schema\/logo\/image\/"}}]}},"_links":{"self":[{"href":"https:\/\/wire-processor.eu\/cs\/wp-json\/wp\/v2\/product\/14214","targetHints":{"allow":["GET"]}}],"collection":[{"href":"https:\/\/wire-processor.eu\/cs\/wp-json\/wp\/v2\/product"}],"about":[{"href":"https:\/\/wire-processor.eu\/cs\/wp-json\/wp\/v2\/types\/product"}],"wp:featuredmedia":[{"embeddable":true,"href":"https:\/\/wire-processor.eu\/cs\/wp-json\/wp\/v2\/media\/14215"}],"wp:attachment":[{"href":"https:\/\/wire-processor.eu\/cs\/wp-json\/wp\/v2\/media?parent=14214"}],"wp:term":[{"taxonomy":"product_brand","embeddable":true,"href":"https:\/\/wire-processor.eu\/cs\/wp-json\/wp\/v2\/product_brand?post=14214"},{"taxonomy":"product_cat","embeddable":true,"href":"https:\/\/wire-processor.eu\/cs\/wp-json\/wp\/v2\/product_cat?post=14214"},{"taxonomy":"product_tag","embeddable":true,"href":"https:\/\/wire-processor.eu\/cs\/wp-json\/wp\/v2\/product_tag?post=14214"}],"curies":[{"name":"wp","href":"https:\/\/api.w.org\/{rel}","templated":true}]}}