{"id":14216,"date":"2018-05-13T07:27:18","date_gmt":"2018-05-13T05:27:18","guid":{"rendered":"https:\/\/wire-processor.eu\/oferta\/nezarazene\/stitkovaci-zarizeni-pro-vodice-bzw-gft\/"},"modified":"2018-05-13T07:27:18","modified_gmt":"2018-05-13T05:27:18","slug":"stitkovaci-zarizeni-pro-vodice-bzw-gft","status":"publish","type":"product","link":"https:\/\/wire-processor.eu\/cs\/oferta\/stitkovaci-zarizeni-pro-vodice-bzw-gft\/","title":{"rendered":"\u0160t\u00edtkovac\u00ed za\u0159\u00edzen\u00ed pro  vodi\u010de BZW-GFT"},"content":{"rendered":"<p>1. Driven by servo motor, precise positioning of screw rod\uff1b<\/p>\n<p>2. Fast induction device to complete the identification standard;<\/p>\n<p>3. Automatic label separation, fast speed and sticker without contact, it will not affect the viscosity of the label\uff1b<\/p>\n<p>4. With auxiliary tooling of the wire labeling position, fast speed and accurate position\uff1b<\/p>\n<p>5. Fold the label with the folded plate, the adhesion is even and direction is uniform.<\/p>\n<p>6. Simple operation and maintenance, and it is easy to learn.<\/p>\n","protected":false},"excerpt":{"rendered":"<ul>\n<li>Range\uff1a\u0278 6~8mm<\/li>\n<li>Precision\uff1a&amp;plusmn;0.2mm<\/li>\n<li>Speed\uff1a500 &#8211; 1000PCS\/H \uff08Depending on the speed of the operator\uff09<\/li>\n<li>Power\uff1aAC 220V\/50 Hz<\/li>\n<li>Air supply\uff1a0,6 &#8211; 0,7 Mpa<\/li>\n<li>Motor\uff1a450W<\/li>\n<li>Dimension\uff1a610 X 500 X 1104 mm<\/li>\n<li>Weight\uff1a95KG<\/li>\n<\/ul>\n","protected":false},"featured_media":14217,"template":"","meta":[],"product_brand":[],"product_cat":[550],"product_tag":[],"class_list":{"0":"post-14216","1":"product","2":"type-product","3":"status-publish","4":"has-post-thumbnail","6":"product_cat-dalsi-zarizeni","8":"first","9":"instock","10":"shipping-taxable","11":"product-type-simple"},"yoast_head":"<!-- This site is optimized with the Yoast SEO plugin v26.3 - https:\/\/yoast.com\/wordpress\/plugins\/seo\/ -->\n<title>\u0160t\u00edtkovac\u00ed za\u0159\u00edzen\u00ed pro vodi\u010de BZW-GFT - Wire processor<\/title>\n<meta name=\"robots\" content=\"index, follow, max-snippet:-1, max-image-preview:large, max-video-preview:-1\" \/>\n<link rel=\"canonical\" href=\"https:\/\/wire-processor.eu\/cs\/oferta\/stitkovaci-zarizeni-pro-vodice-bzw-gft\/\" \/>\n<meta property=\"og:locale\" content=\"cs_CZ\" \/>\n<meta property=\"og:type\" content=\"article\" \/>\n<meta property=\"og:title\" content=\"\u0160t\u00edtkovac\u00ed za\u0159\u00edzen\u00ed pro vodi\u010de BZW-GFT - Wire processor\" \/>\n<meta property=\"og:description\" content=\"Range\uff1a\u0278 6~8mm  Precision\uff1a&amp;plusmn;0.2mm  Speed\uff1a500 - 1000PCS\/H \uff08Depending on the speed of the operator\uff09  Power\uff1aAC 220V\/50 Hz  Air supply\uff1a0,6 - 0,7 Mpa  Motor\uff1a450W  Dimension\uff1a610 X 500 X 1104 mm  Weight\uff1a95KG\" \/>\n<meta property=\"og:url\" content=\"https:\/\/wire-processor.eu\/cs\/oferta\/stitkovaci-zarizeni-pro-vodice-bzw-gft\/\" \/>\n<meta property=\"og:site_name\" content=\"Wire processor\" \/>\n<meta property=\"og:image\" content=\"https:\/\/wire-processor.eu\/wp-content\/uploads\/2018\/05\/BZW-GFT\u673a\u5668\u672c\u4f53.jpg\" \/>\n\t<meta property=\"og:image:width\" content=\"1600\" \/>\n\t<meta property=\"og:image:height\" content=\"1600\" \/>\n\t<meta property=\"og:image:type\" content=\"image\/jpeg\" \/>\n<meta name=\"twitter:card\" content=\"summary_large_image\" \/>\n<script type=\"application\/ld+json\" class=\"yoast-schema-graph\">{\"@context\":\"https:\/\/schema.org\",\"@graph\":[{\"@type\":\"WebPage\",\"@id\":\"https:\/\/wire-processor.eu\/cs\/oferta\/stitkovaci-zarizeni-pro-vodice-bzw-gft\/\",\"url\":\"https:\/\/wire-processor.eu\/cs\/oferta\/stitkovaci-zarizeni-pro-vodice-bzw-gft\/\",\"name\":\"\u0160t\u00edtkovac\u00ed za\u0159\u00edzen\u00ed pro vodi\u010de BZW-GFT - Wire processor\",\"isPartOf\":{\"@id\":\"https:\/\/wire-processor.eu\/en\/#website\"},\"primaryImageOfPage\":{\"@id\":\"https:\/\/wire-processor.eu\/cs\/oferta\/stitkovaci-zarizeni-pro-vodice-bzw-gft\/#primaryimage\"},\"image\":{\"@id\":\"https:\/\/wire-processor.eu\/cs\/oferta\/stitkovaci-zarizeni-pro-vodice-bzw-gft\/#primaryimage\"},\"thumbnailUrl\":\"https:\/\/wire-processor.eu\/wp-content\/uploads\/2018\/05\/BZW-GFT\u673a\u5668\u672c\u4f53.jpg\",\"datePublished\":\"2018-05-13T05:27:18+00:00\",\"breadcrumb\":{\"@id\":\"https:\/\/wire-processor.eu\/cs\/oferta\/stitkovaci-zarizeni-pro-vodice-bzw-gft\/#breadcrumb\"},\"inLanguage\":\"cs\",\"potentialAction\":[{\"@type\":\"ReadAction\",\"target\":[\"https:\/\/wire-processor.eu\/cs\/oferta\/stitkovaci-zarizeni-pro-vodice-bzw-gft\/\"]}]},{\"@type\":\"ImageObject\",\"inLanguage\":\"cs\",\"@id\":\"https:\/\/wire-processor.eu\/cs\/oferta\/stitkovaci-zarizeni-pro-vodice-bzw-gft\/#primaryimage\",\"url\":\"https:\/\/wire-processor.eu\/wp-content\/uploads\/2018\/05\/BZW-GFT\u673a\u5668\u672c\u4f53.jpg\",\"contentUrl\":\"https:\/\/wire-processor.eu\/wp-content\/uploads\/2018\/05\/BZW-GFT\u673a\u5668\u672c\u4f53.jpg\",\"width\":1600,\"height\":1600,\"caption\":\"\u0160t\u00edtkovac\u00ed za\u0159\u00edzen\u00ed pro vodi\u010de BZW-GFT\"},{\"@type\":\"BreadcrumbList\",\"@id\":\"https:\/\/wire-processor.eu\/cs\/oferta\/stitkovaci-zarizeni-pro-vodice-bzw-gft\/#breadcrumb\",\"itemListElement\":[{\"@type\":\"ListItem\",\"position\":1,\"name\":\"Strona g\u0142\u00f3wna\",\"item\":\"https:\/\/wire-processor.eu\/cs\/\"},{\"@type\":\"ListItem\",\"position\":2,\"name\":\"Nab\u00eddka\",\"item\":\"https:\/\/wire-processor.eu\/cs\/nabidka\/\"},{\"@type\":\"ListItem\",\"position\":3,\"name\":\"\u0160t\u00edtkovac\u00ed za\u0159\u00edzen\u00ed pro vodi\u010de BZW-GFT\"}]},{\"@type\":\"WebSite\",\"@id\":\"https:\/\/wire-processor.eu\/en\/#website\",\"url\":\"https:\/\/wire-processor.eu\/en\/\",\"name\":\"Wire processor\",\"description\":\"Maszyny do obr\u00f3bki przewod\u00f3w\",\"publisher\":{\"@id\":\"https:\/\/wire-processor.eu\/en\/#organization\"},\"potentialAction\":[{\"@type\":\"SearchAction\",\"target\":{\"@type\":\"EntryPoint\",\"urlTemplate\":\"https:\/\/wire-processor.eu\/en\/?s={search_term_string}\"},\"query-input\":{\"@type\":\"PropertyValueSpecification\",\"valueRequired\":true,\"valueName\":\"search_term_string\"}}],\"inLanguage\":\"cs\"},{\"@type\":\"Organization\",\"@id\":\"https:\/\/wire-processor.eu\/en\/#organization\",\"name\":\"Wire processor - maszyny do przewod\u00f3w\",\"url\":\"https:\/\/wire-processor.eu\/en\/\",\"logo\":{\"@type\":\"ImageObject\",\"inLanguage\":\"cs\",\"@id\":\"https:\/\/wire-processor.eu\/en\/#\/schema\/logo\/image\/\",\"url\":\"https:\/\/wire-processor.eu\/wp-content\/uploads\/2018\/04\/Bozwang-_logo_producent1.png\",\"contentUrl\":\"https:\/\/wire-processor.eu\/wp-content\/uploads\/2018\/04\/Bozwang-_logo_producent1.png\",\"width\":250,\"height\":33,\"caption\":\"Wire processor - maszyny do przewod\u00f3w\"},\"image\":{\"@id\":\"https:\/\/wire-processor.eu\/en\/#\/schema\/logo\/image\/\"}}]}<\/script>\n<!-- \/ Yoast SEO plugin. -->","yoast_head_json":{"title":"\u0160t\u00edtkovac\u00ed za\u0159\u00edzen\u00ed pro vodi\u010de BZW-GFT - Wire processor","robots":{"index":"index","follow":"follow","max-snippet":"max-snippet:-1","max-image-preview":"max-image-preview:large","max-video-preview":"max-video-preview:-1"},"canonical":"https:\/\/wire-processor.eu\/cs\/oferta\/stitkovaci-zarizeni-pro-vodice-bzw-gft\/","og_locale":"cs_CZ","og_type":"article","og_title":"\u0160t\u00edtkovac\u00ed za\u0159\u00edzen\u00ed pro vodi\u010de BZW-GFT - Wire processor","og_description":"Range\uff1a\u0278 6~8mm  Precision\uff1a&amp;plusmn;0.2mm  Speed\uff1a500 - 1000PCS\/H \uff08Depending on the speed of the operator\uff09  Power\uff1aAC 220V\/50 Hz  Air supply\uff1a0,6 - 0,7 Mpa  Motor\uff1a450W  Dimension\uff1a610 X 500 X 1104 mm  Weight\uff1a95KG","og_url":"https:\/\/wire-processor.eu\/cs\/oferta\/stitkovaci-zarizeni-pro-vodice-bzw-gft\/","og_site_name":"Wire processor","og_image":[{"width":1600,"height":1600,"url":"https:\/\/wire-processor.eu\/wp-content\/uploads\/2018\/05\/BZW-GFT\u673a\u5668\u672c\u4f53.jpg","type":"image\/jpeg"}],"twitter_card":"summary_large_image","schema":{"@context":"https:\/\/schema.org","@graph":[{"@type":"WebPage","@id":"https:\/\/wire-processor.eu\/cs\/oferta\/stitkovaci-zarizeni-pro-vodice-bzw-gft\/","url":"https:\/\/wire-processor.eu\/cs\/oferta\/stitkovaci-zarizeni-pro-vodice-bzw-gft\/","name":"\u0160t\u00edtkovac\u00ed za\u0159\u00edzen\u00ed pro vodi\u010de BZW-GFT - Wire processor","isPartOf":{"@id":"https:\/\/wire-processor.eu\/en\/#website"},"primaryImageOfPage":{"@id":"https:\/\/wire-processor.eu\/cs\/oferta\/stitkovaci-zarizeni-pro-vodice-bzw-gft\/#primaryimage"},"image":{"@id":"https:\/\/wire-processor.eu\/cs\/oferta\/stitkovaci-zarizeni-pro-vodice-bzw-gft\/#primaryimage"},"thumbnailUrl":"https:\/\/wire-processor.eu\/wp-content\/uploads\/2018\/05\/BZW-GFT\u673a\u5668\u672c\u4f53.jpg","datePublished":"2018-05-13T05:27:18+00:00","breadcrumb":{"@id":"https:\/\/wire-processor.eu\/cs\/oferta\/stitkovaci-zarizeni-pro-vodice-bzw-gft\/#breadcrumb"},"inLanguage":"cs","potentialAction":[{"@type":"ReadAction","target":["https:\/\/wire-processor.eu\/cs\/oferta\/stitkovaci-zarizeni-pro-vodice-bzw-gft\/"]}]},{"@type":"ImageObject","inLanguage":"cs","@id":"https:\/\/wire-processor.eu\/cs\/oferta\/stitkovaci-zarizeni-pro-vodice-bzw-gft\/#primaryimage","url":"https:\/\/wire-processor.eu\/wp-content\/uploads\/2018\/05\/BZW-GFT\u673a\u5668\u672c\u4f53.jpg","contentUrl":"https:\/\/wire-processor.eu\/wp-content\/uploads\/2018\/05\/BZW-GFT\u673a\u5668\u672c\u4f53.jpg","width":1600,"height":1600,"caption":"\u0160t\u00edtkovac\u00ed za\u0159\u00edzen\u00ed pro vodi\u010de BZW-GFT"},{"@type":"BreadcrumbList","@id":"https:\/\/wire-processor.eu\/cs\/oferta\/stitkovaci-zarizeni-pro-vodice-bzw-gft\/#breadcrumb","itemListElement":[{"@type":"ListItem","position":1,"name":"Strona g\u0142\u00f3wna","item":"https:\/\/wire-processor.eu\/cs\/"},{"@type":"ListItem","position":2,"name":"Nab\u00eddka","item":"https:\/\/wire-processor.eu\/cs\/nabidka\/"},{"@type":"ListItem","position":3,"name":"\u0160t\u00edtkovac\u00ed za\u0159\u00edzen\u00ed pro vodi\u010de BZW-GFT"}]},{"@type":"WebSite","@id":"https:\/\/wire-processor.eu\/en\/#website","url":"https:\/\/wire-processor.eu\/en\/","name":"Wire processor","description":"Maszyny do obr\u00f3bki przewod\u00f3w","publisher":{"@id":"https:\/\/wire-processor.eu\/en\/#organization"},"potentialAction":[{"@type":"SearchAction","target":{"@type":"EntryPoint","urlTemplate":"https:\/\/wire-processor.eu\/en\/?s={search_term_string}"},"query-input":{"@type":"PropertyValueSpecification","valueRequired":true,"valueName":"search_term_string"}}],"inLanguage":"cs"},{"@type":"Organization","@id":"https:\/\/wire-processor.eu\/en\/#organization","name":"Wire processor - maszyny do przewod\u00f3w","url":"https:\/\/wire-processor.eu\/en\/","logo":{"@type":"ImageObject","inLanguage":"cs","@id":"https:\/\/wire-processor.eu\/en\/#\/schema\/logo\/image\/","url":"https:\/\/wire-processor.eu\/wp-content\/uploads\/2018\/04\/Bozwang-_logo_producent1.png","contentUrl":"https:\/\/wire-processor.eu\/wp-content\/uploads\/2018\/04\/Bozwang-_logo_producent1.png","width":250,"height":33,"caption":"Wire processor - maszyny do przewod\u00f3w"},"image":{"@id":"https:\/\/wire-processor.eu\/en\/#\/schema\/logo\/image\/"}}]}},"_links":{"self":[{"href":"https:\/\/wire-processor.eu\/cs\/wp-json\/wp\/v2\/product\/14216","targetHints":{"allow":["GET"]}}],"collection":[{"href":"https:\/\/wire-processor.eu\/cs\/wp-json\/wp\/v2\/product"}],"about":[{"href":"https:\/\/wire-processor.eu\/cs\/wp-json\/wp\/v2\/types\/product"}],"wp:featuredmedia":[{"embeddable":true,"href":"https:\/\/wire-processor.eu\/cs\/wp-json\/wp\/v2\/media\/14217"}],"wp:attachment":[{"href":"https:\/\/wire-processor.eu\/cs\/wp-json\/wp\/v2\/media?parent=14216"}],"wp:term":[{"taxonomy":"product_brand","embeddable":true,"href":"https:\/\/wire-processor.eu\/cs\/wp-json\/wp\/v2\/product_brand?post=14216"},{"taxonomy":"product_cat","embeddable":true,"href":"https:\/\/wire-processor.eu\/cs\/wp-json\/wp\/v2\/product_cat?post=14216"},{"taxonomy":"product_tag","embeddable":true,"href":"https:\/\/wire-processor.eu\/cs\/wp-json\/wp\/v2\/product_tag?post=14216"}],"curies":[{"name":"wp","href":"https:\/\/api.w.org\/{rel}","templated":true}]}}