{"id":14239,"date":"2018-05-13T07:42:42","date_gmt":"2018-05-13T05:42:42","guid":{"rendered":"https:\/\/wire-processor.eu\/oferta\/nezarazene\/ctyrbodovy-aplikator-bzw-m4\/"},"modified":"2018-05-13T07:42:42","modified_gmt":"2018-05-13T05:42:42","slug":"ctyrbodovy-aplikator-bzw-m4","status":"publish","type":"product","link":"https:\/\/wire-processor.eu\/cs\/oferta\/ctyrbodovy-aplikator-bzw-m4\/","title":{"rendered":"\u010cty\u0159bodov\u00fd aplik\u00e1tor BZW-M4"},"content":{"rendered":"<p>Mostly used for terminal crimping of aviation plug. Crimping on the four edges of terminal to make better contact between conductor wire and terminal. Exquisite in structure design, evenness crimping force and excellent finished shape of terminal crimping .<\/p>\n","protected":false},"excerpt":{"rendered":"<ul>\n<li>Wire diameter range &#8211; 0.05-10mm2<\/li>\n<li>Shut height &#8211; 135.8mm<\/li>\n<li>Stroke 40mm<\/li>\n<li>Applicable machine type &#8211; Semi-automatic terminal crimping machine<\/li>\n<li>Dimension 185 x 165 x 160 mm<\/li>\n<li>Weight 8kg<\/li>\n<\/ul>\n","protected":false},"featured_media":14240,"template":"","meta":[],"product_brand":[],"product_cat":[546],"product_tag":[],"class_list":{"0":"post-14239","1":"product","2":"type-product","3":"status-publish","4":"has-post-thumbnail","6":"product_cat-aplikatory-cs","8":"first","9":"instock","10":"shipping-taxable","11":"product-type-simple"},"yoast_head":"<!-- This site is optimized with the Yoast SEO plugin v26.3 - https:\/\/yoast.com\/wordpress\/plugins\/seo\/ -->\n<title>\u010cty\u0159bodov\u00fd aplik\u00e1tor BZW-M4 - Wire processor<\/title>\n<meta name=\"robots\" content=\"index, follow, max-snippet:-1, max-image-preview:large, max-video-preview:-1\" \/>\n<link rel=\"canonical\" href=\"https:\/\/wire-processor.eu\/cs\/oferta\/ctyrbodovy-aplikator-bzw-m4\/\" \/>\n<meta property=\"og:locale\" content=\"cs_CZ\" \/>\n<meta property=\"og:type\" content=\"article\" \/>\n<meta property=\"og:title\" content=\"\u010cty\u0159bodov\u00fd aplik\u00e1tor BZW-M4 - Wire processor\" \/>\n<meta property=\"og:description\" content=\"Wire diameter range - 0.05-10mm2  Shut height - 135.8mm  Stroke 40mm  Applicable machine type - Semi-automatic terminal crimping machine  Dimension 185 x 165 x 160 mm  Weight 8kg\" \/>\n<meta property=\"og:url\" content=\"https:\/\/wire-processor.eu\/cs\/oferta\/ctyrbodovy-aplikator-bzw-m4\/\" \/>\n<meta property=\"og:site_name\" content=\"Wire processor\" \/>\n<meta property=\"og:image\" content=\"https:\/\/wire-processor.eu\/wp-content\/uploads\/2018\/05\/\u56db\u8fb9\u89e6\u7535\u538b\u63a5\u6a21\u5177.jpg\" \/>\n\t<meta property=\"og:image:width\" content=\"1600\" \/>\n\t<meta property=\"og:image:height\" content=\"1600\" \/>\n\t<meta property=\"og:image:type\" content=\"image\/jpeg\" \/>\n<meta name=\"twitter:card\" content=\"summary_large_image\" \/>\n<script type=\"application\/ld+json\" class=\"yoast-schema-graph\">{\"@context\":\"https:\/\/schema.org\",\"@graph\":[{\"@type\":\"WebPage\",\"@id\":\"https:\/\/wire-processor.eu\/cs\/oferta\/ctyrbodovy-aplikator-bzw-m4\/\",\"url\":\"https:\/\/wire-processor.eu\/cs\/oferta\/ctyrbodovy-aplikator-bzw-m4\/\",\"name\":\"\u010cty\u0159bodov\u00fd aplik\u00e1tor BZW-M4 - Wire processor\",\"isPartOf\":{\"@id\":\"https:\/\/wire-processor.eu\/en\/#website\"},\"primaryImageOfPage\":{\"@id\":\"https:\/\/wire-processor.eu\/cs\/oferta\/ctyrbodovy-aplikator-bzw-m4\/#primaryimage\"},\"image\":{\"@id\":\"https:\/\/wire-processor.eu\/cs\/oferta\/ctyrbodovy-aplikator-bzw-m4\/#primaryimage\"},\"thumbnailUrl\":\"https:\/\/wire-processor.eu\/wp-content\/uploads\/2018\/05\/\u56db\u8fb9\u89e6\u7535\u538b\u63a5\u6a21\u5177.jpg\",\"datePublished\":\"2018-05-13T05:42:42+00:00\",\"breadcrumb\":{\"@id\":\"https:\/\/wire-processor.eu\/cs\/oferta\/ctyrbodovy-aplikator-bzw-m4\/#breadcrumb\"},\"inLanguage\":\"cs\",\"potentialAction\":[{\"@type\":\"ReadAction\",\"target\":[\"https:\/\/wire-processor.eu\/cs\/oferta\/ctyrbodovy-aplikator-bzw-m4\/\"]}]},{\"@type\":\"ImageObject\",\"inLanguage\":\"cs\",\"@id\":\"https:\/\/wire-processor.eu\/cs\/oferta\/ctyrbodovy-aplikator-bzw-m4\/#primaryimage\",\"url\":\"https:\/\/wire-processor.eu\/wp-content\/uploads\/2018\/05\/\u56db\u8fb9\u89e6\u7535\u538b\u63a5\u6a21\u5177.jpg\",\"contentUrl\":\"https:\/\/wire-processor.eu\/wp-content\/uploads\/2018\/05\/\u56db\u8fb9\u89e6\u7535\u538b\u63a5\u6a21\u5177.jpg\",\"width\":1600,\"height\":1600,\"caption\":\"\u010cty\u0159bodov\u00fd aplik\u00e1tor BZW-M4\"},{\"@type\":\"BreadcrumbList\",\"@id\":\"https:\/\/wire-processor.eu\/cs\/oferta\/ctyrbodovy-aplikator-bzw-m4\/#breadcrumb\",\"itemListElement\":[{\"@type\":\"ListItem\",\"position\":1,\"name\":\"Strona g\u0142\u00f3wna\",\"item\":\"https:\/\/wire-processor.eu\/cs\/\"},{\"@type\":\"ListItem\",\"position\":2,\"name\":\"Nab\u00eddka\",\"item\":\"https:\/\/wire-processor.eu\/cs\/nabidka\/\"},{\"@type\":\"ListItem\",\"position\":3,\"name\":\"\u010cty\u0159bodov\u00fd aplik\u00e1tor BZW-M4\"}]},{\"@type\":\"WebSite\",\"@id\":\"https:\/\/wire-processor.eu\/en\/#website\",\"url\":\"https:\/\/wire-processor.eu\/en\/\",\"name\":\"Wire processor\",\"description\":\"Maszyny do obr\u00f3bki przewod\u00f3w\",\"publisher\":{\"@id\":\"https:\/\/wire-processor.eu\/en\/#organization\"},\"potentialAction\":[{\"@type\":\"SearchAction\",\"target\":{\"@type\":\"EntryPoint\",\"urlTemplate\":\"https:\/\/wire-processor.eu\/en\/?s={search_term_string}\"},\"query-input\":{\"@type\":\"PropertyValueSpecification\",\"valueRequired\":true,\"valueName\":\"search_term_string\"}}],\"inLanguage\":\"cs\"},{\"@type\":\"Organization\",\"@id\":\"https:\/\/wire-processor.eu\/en\/#organization\",\"name\":\"Wire processor - maszyny do przewod\u00f3w\",\"url\":\"https:\/\/wire-processor.eu\/en\/\",\"logo\":{\"@type\":\"ImageObject\",\"inLanguage\":\"cs\",\"@id\":\"https:\/\/wire-processor.eu\/en\/#\/schema\/logo\/image\/\",\"url\":\"https:\/\/wire-processor.eu\/wp-content\/uploads\/2018\/04\/Bozwang-_logo_producent1.png\",\"contentUrl\":\"https:\/\/wire-processor.eu\/wp-content\/uploads\/2018\/04\/Bozwang-_logo_producent1.png\",\"width\":250,\"height\":33,\"caption\":\"Wire processor - maszyny do przewod\u00f3w\"},\"image\":{\"@id\":\"https:\/\/wire-processor.eu\/en\/#\/schema\/logo\/image\/\"}}]}<\/script>\n<!-- \/ Yoast SEO plugin. -->","yoast_head_json":{"title":"\u010cty\u0159bodov\u00fd aplik\u00e1tor BZW-M4 - Wire processor","robots":{"index":"index","follow":"follow","max-snippet":"max-snippet:-1","max-image-preview":"max-image-preview:large","max-video-preview":"max-video-preview:-1"},"canonical":"https:\/\/wire-processor.eu\/cs\/oferta\/ctyrbodovy-aplikator-bzw-m4\/","og_locale":"cs_CZ","og_type":"article","og_title":"\u010cty\u0159bodov\u00fd aplik\u00e1tor BZW-M4 - Wire processor","og_description":"Wire diameter range - 0.05-10mm2  Shut height - 135.8mm  Stroke 40mm  Applicable machine type - Semi-automatic terminal crimping machine  Dimension 185 x 165 x 160 mm  Weight 8kg","og_url":"https:\/\/wire-processor.eu\/cs\/oferta\/ctyrbodovy-aplikator-bzw-m4\/","og_site_name":"Wire processor","og_image":[{"width":1600,"height":1600,"url":"https:\/\/wire-processor.eu\/wp-content\/uploads\/2018\/05\/\u56db\u8fb9\u89e6\u7535\u538b\u63a5\u6a21\u5177.jpg","type":"image\/jpeg"}],"twitter_card":"summary_large_image","schema":{"@context":"https:\/\/schema.org","@graph":[{"@type":"WebPage","@id":"https:\/\/wire-processor.eu\/cs\/oferta\/ctyrbodovy-aplikator-bzw-m4\/","url":"https:\/\/wire-processor.eu\/cs\/oferta\/ctyrbodovy-aplikator-bzw-m4\/","name":"\u010cty\u0159bodov\u00fd aplik\u00e1tor BZW-M4 - Wire processor","isPartOf":{"@id":"https:\/\/wire-processor.eu\/en\/#website"},"primaryImageOfPage":{"@id":"https:\/\/wire-processor.eu\/cs\/oferta\/ctyrbodovy-aplikator-bzw-m4\/#primaryimage"},"image":{"@id":"https:\/\/wire-processor.eu\/cs\/oferta\/ctyrbodovy-aplikator-bzw-m4\/#primaryimage"},"thumbnailUrl":"https:\/\/wire-processor.eu\/wp-content\/uploads\/2018\/05\/\u56db\u8fb9\u89e6\u7535\u538b\u63a5\u6a21\u5177.jpg","datePublished":"2018-05-13T05:42:42+00:00","breadcrumb":{"@id":"https:\/\/wire-processor.eu\/cs\/oferta\/ctyrbodovy-aplikator-bzw-m4\/#breadcrumb"},"inLanguage":"cs","potentialAction":[{"@type":"ReadAction","target":["https:\/\/wire-processor.eu\/cs\/oferta\/ctyrbodovy-aplikator-bzw-m4\/"]}]},{"@type":"ImageObject","inLanguage":"cs","@id":"https:\/\/wire-processor.eu\/cs\/oferta\/ctyrbodovy-aplikator-bzw-m4\/#primaryimage","url":"https:\/\/wire-processor.eu\/wp-content\/uploads\/2018\/05\/\u56db\u8fb9\u89e6\u7535\u538b\u63a5\u6a21\u5177.jpg","contentUrl":"https:\/\/wire-processor.eu\/wp-content\/uploads\/2018\/05\/\u56db\u8fb9\u89e6\u7535\u538b\u63a5\u6a21\u5177.jpg","width":1600,"height":1600,"caption":"\u010cty\u0159bodov\u00fd aplik\u00e1tor BZW-M4"},{"@type":"BreadcrumbList","@id":"https:\/\/wire-processor.eu\/cs\/oferta\/ctyrbodovy-aplikator-bzw-m4\/#breadcrumb","itemListElement":[{"@type":"ListItem","position":1,"name":"Strona g\u0142\u00f3wna","item":"https:\/\/wire-processor.eu\/cs\/"},{"@type":"ListItem","position":2,"name":"Nab\u00eddka","item":"https:\/\/wire-processor.eu\/cs\/nabidka\/"},{"@type":"ListItem","position":3,"name":"\u010cty\u0159bodov\u00fd aplik\u00e1tor BZW-M4"}]},{"@type":"WebSite","@id":"https:\/\/wire-processor.eu\/en\/#website","url":"https:\/\/wire-processor.eu\/en\/","name":"Wire processor","description":"Maszyny do obr\u00f3bki przewod\u00f3w","publisher":{"@id":"https:\/\/wire-processor.eu\/en\/#organization"},"potentialAction":[{"@type":"SearchAction","target":{"@type":"EntryPoint","urlTemplate":"https:\/\/wire-processor.eu\/en\/?s={search_term_string}"},"query-input":{"@type":"PropertyValueSpecification","valueRequired":true,"valueName":"search_term_string"}}],"inLanguage":"cs"},{"@type":"Organization","@id":"https:\/\/wire-processor.eu\/en\/#organization","name":"Wire processor - maszyny do przewod\u00f3w","url":"https:\/\/wire-processor.eu\/en\/","logo":{"@type":"ImageObject","inLanguage":"cs","@id":"https:\/\/wire-processor.eu\/en\/#\/schema\/logo\/image\/","url":"https:\/\/wire-processor.eu\/wp-content\/uploads\/2018\/04\/Bozwang-_logo_producent1.png","contentUrl":"https:\/\/wire-processor.eu\/wp-content\/uploads\/2018\/04\/Bozwang-_logo_producent1.png","width":250,"height":33,"caption":"Wire processor - maszyny do przewod\u00f3w"},"image":{"@id":"https:\/\/wire-processor.eu\/en\/#\/schema\/logo\/image\/"}}]}},"_links":{"self":[{"href":"https:\/\/wire-processor.eu\/cs\/wp-json\/wp\/v2\/product\/14239","targetHints":{"allow":["GET"]}}],"collection":[{"href":"https:\/\/wire-processor.eu\/cs\/wp-json\/wp\/v2\/product"}],"about":[{"href":"https:\/\/wire-processor.eu\/cs\/wp-json\/wp\/v2\/types\/product"}],"wp:featuredmedia":[{"embeddable":true,"href":"https:\/\/wire-processor.eu\/cs\/wp-json\/wp\/v2\/media\/14240"}],"wp:attachment":[{"href":"https:\/\/wire-processor.eu\/cs\/wp-json\/wp\/v2\/media?parent=14239"}],"wp:term":[{"taxonomy":"product_brand","embeddable":true,"href":"https:\/\/wire-processor.eu\/cs\/wp-json\/wp\/v2\/product_brand?post=14239"},{"taxonomy":"product_cat","embeddable":true,"href":"https:\/\/wire-processor.eu\/cs\/wp-json\/wp\/v2\/product_cat?post=14239"},{"taxonomy":"product_tag","embeddable":true,"href":"https:\/\/wire-processor.eu\/cs\/wp-json\/wp\/v2\/product_tag?post=14239"}],"curies":[{"name":"wp","href":"https:\/\/api.w.org\/{rel}","templated":true}]}}