{"id":14241,"date":"2018-05-13T07:42:42","date_gmt":"2018-05-13T05:42:42","guid":{"rendered":"https:\/\/wire-processor.eu\/oferta\/nezarazene\/dvoupolohovy-aplikator-pro-pripojovaci-skrinky-bzw-mg2\/"},"modified":"2018-05-13T07:42:42","modified_gmt":"2018-05-13T05:42:42","slug":"dvoupolohovy-aplikator-pro-pripojovaci-skrinky-bzw-mg2","status":"publish","type":"product","link":"https:\/\/wire-processor.eu\/cs\/oferta\/dvoupolohovy-aplikator-pro-pripojovaci-skrinky-bzw-mg2\/","title":{"rendered":"Dvoupolohov\u00fd aplik\u00e1tor pro p\u0159ipojovac\u00ed sk\u0159\u00ed\u0148ky BZW-MG2"},"content":{"rendered":"","protected":false},"excerpt":{"rendered":"<ul>\n<li>Suitable for different wire diameter.<\/li>\n<li>Suitable for different model of PV junction box.<\/li>\n<li>Applicable machine type : BZW-4T-C Mute terminal crimping machine<\/li>\n<li>Shut height : 125mm<\/li>\n<li>Stroke : 30-40mm<\/li>\n<li>Weight :10kg<\/li>\n<li>Dimension : 130 x 130 x 150mm<\/li>\n<\/ul>\n","protected":false},"featured_media":14242,"template":"","meta":[],"product_brand":[],"product_cat":[546],"product_tag":[],"class_list":{"0":"post-14241","1":"product","2":"type-product","3":"status-publish","4":"has-post-thumbnail","6":"product_cat-aplikatory-cs","8":"first","9":"instock","10":"shipping-taxable","11":"product-type-simple"},"yoast_head":"<!-- This site is optimized with the Yoast SEO plugin v26.3 - https:\/\/yoast.com\/wordpress\/plugins\/seo\/ -->\n<title>Dvoupolohov\u00fd aplik\u00e1tor pro p\u0159ipojovac\u00ed sk\u0159\u00ed\u0148ky BZW-MG2 - Wire processor<\/title>\n<meta name=\"robots\" content=\"index, follow, max-snippet:-1, max-image-preview:large, max-video-preview:-1\" \/>\n<link rel=\"canonical\" href=\"https:\/\/wire-processor.eu\/cs\/oferta\/dvoupolohovy-aplikator-pro-pripojovaci-skrinky-bzw-mg2\/\" \/>\n<meta property=\"og:locale\" content=\"cs_CZ\" \/>\n<meta property=\"og:type\" content=\"article\" \/>\n<meta property=\"og:title\" content=\"Dvoupolohov\u00fd aplik\u00e1tor pro p\u0159ipojovac\u00ed sk\u0159\u00ed\u0148ky BZW-MG2 - Wire processor\" \/>\n<meta property=\"og:description\" content=\"Suitable for different wire diameter.  Suitable for different model of PV junction box.  Applicable machine type : BZW-4T-C Mute terminal crimping machine  Shut height : 125mm  Stroke : 30-40mm  Weight :10kg  Dimension : 130 x 130 x 150mm\" \/>\n<meta property=\"og:url\" content=\"https:\/\/wire-processor.eu\/cs\/oferta\/dvoupolohovy-aplikator-pro-pripojovaci-skrinky-bzw-mg2\/\" \/>\n<meta property=\"og:site_name\" content=\"Wire processor\" \/>\n<meta property=\"og:image\" content=\"https:\/\/wire-processor.eu\/wp-content\/uploads\/2018\/05\/\u5149\u4f0f\u63a5\u7ebf\u76d2\u53cc\u538b\u6a21\u5177.jpg\" \/>\n\t<meta property=\"og:image:width\" content=\"1600\" \/>\n\t<meta property=\"og:image:height\" content=\"1600\" \/>\n\t<meta property=\"og:image:type\" content=\"image\/jpeg\" \/>\n<meta name=\"twitter:card\" content=\"summary_large_image\" \/>\n<script type=\"application\/ld+json\" class=\"yoast-schema-graph\">{\"@context\":\"https:\/\/schema.org\",\"@graph\":[{\"@type\":\"WebPage\",\"@id\":\"https:\/\/wire-processor.eu\/cs\/oferta\/dvoupolohovy-aplikator-pro-pripojovaci-skrinky-bzw-mg2\/\",\"url\":\"https:\/\/wire-processor.eu\/cs\/oferta\/dvoupolohovy-aplikator-pro-pripojovaci-skrinky-bzw-mg2\/\",\"name\":\"Dvoupolohov\u00fd aplik\u00e1tor pro p\u0159ipojovac\u00ed sk\u0159\u00ed\u0148ky BZW-MG2 - Wire processor\",\"isPartOf\":{\"@id\":\"https:\/\/wire-processor.eu\/en\/#website\"},\"primaryImageOfPage\":{\"@id\":\"https:\/\/wire-processor.eu\/cs\/oferta\/dvoupolohovy-aplikator-pro-pripojovaci-skrinky-bzw-mg2\/#primaryimage\"},\"image\":{\"@id\":\"https:\/\/wire-processor.eu\/cs\/oferta\/dvoupolohovy-aplikator-pro-pripojovaci-skrinky-bzw-mg2\/#primaryimage\"},\"thumbnailUrl\":\"https:\/\/wire-processor.eu\/wp-content\/uploads\/2018\/05\/\u5149\u4f0f\u63a5\u7ebf\u76d2\u53cc\u538b\u6a21\u5177.jpg\",\"datePublished\":\"2018-05-13T05:42:42+00:00\",\"breadcrumb\":{\"@id\":\"https:\/\/wire-processor.eu\/cs\/oferta\/dvoupolohovy-aplikator-pro-pripojovaci-skrinky-bzw-mg2\/#breadcrumb\"},\"inLanguage\":\"cs\",\"potentialAction\":[{\"@type\":\"ReadAction\",\"target\":[\"https:\/\/wire-processor.eu\/cs\/oferta\/dvoupolohovy-aplikator-pro-pripojovaci-skrinky-bzw-mg2\/\"]}]},{\"@type\":\"ImageObject\",\"inLanguage\":\"cs\",\"@id\":\"https:\/\/wire-processor.eu\/cs\/oferta\/dvoupolohovy-aplikator-pro-pripojovaci-skrinky-bzw-mg2\/#primaryimage\",\"url\":\"https:\/\/wire-processor.eu\/wp-content\/uploads\/2018\/05\/\u5149\u4f0f\u63a5\u7ebf\u76d2\u53cc\u538b\u6a21\u5177.jpg\",\"contentUrl\":\"https:\/\/wire-processor.eu\/wp-content\/uploads\/2018\/05\/\u5149\u4f0f\u63a5\u7ebf\u76d2\u53cc\u538b\u6a21\u5177.jpg\",\"width\":1600,\"height\":1600,\"caption\":\"Dvoupolohov\u00fd aplik\u00e1tor pro p\u0159ipojovac\u00ed sk\u0159\u00ed\u0148ky BZW-MG2\"},{\"@type\":\"BreadcrumbList\",\"@id\":\"https:\/\/wire-processor.eu\/cs\/oferta\/dvoupolohovy-aplikator-pro-pripojovaci-skrinky-bzw-mg2\/#breadcrumb\",\"itemListElement\":[{\"@type\":\"ListItem\",\"position\":1,\"name\":\"Strona g\u0142\u00f3wna\",\"item\":\"https:\/\/wire-processor.eu\/cs\/\"},{\"@type\":\"ListItem\",\"position\":2,\"name\":\"Nab\u00eddka\",\"item\":\"https:\/\/wire-processor.eu\/cs\/nabidka\/\"},{\"@type\":\"ListItem\",\"position\":3,\"name\":\"Dvoupolohov\u00fd aplik\u00e1tor pro p\u0159ipojovac\u00ed sk\u0159\u00ed\u0148ky BZW-MG2\"}]},{\"@type\":\"WebSite\",\"@id\":\"https:\/\/wire-processor.eu\/en\/#website\",\"url\":\"https:\/\/wire-processor.eu\/en\/\",\"name\":\"Wire processor\",\"description\":\"Maszyny do obr\u00f3bki przewod\u00f3w\",\"publisher\":{\"@id\":\"https:\/\/wire-processor.eu\/en\/#organization\"},\"potentialAction\":[{\"@type\":\"SearchAction\",\"target\":{\"@type\":\"EntryPoint\",\"urlTemplate\":\"https:\/\/wire-processor.eu\/en\/?s={search_term_string}\"},\"query-input\":{\"@type\":\"PropertyValueSpecification\",\"valueRequired\":true,\"valueName\":\"search_term_string\"}}],\"inLanguage\":\"cs\"},{\"@type\":\"Organization\",\"@id\":\"https:\/\/wire-processor.eu\/en\/#organization\",\"name\":\"Wire processor - maszyny do przewod\u00f3w\",\"url\":\"https:\/\/wire-processor.eu\/en\/\",\"logo\":{\"@type\":\"ImageObject\",\"inLanguage\":\"cs\",\"@id\":\"https:\/\/wire-processor.eu\/en\/#\/schema\/logo\/image\/\",\"url\":\"https:\/\/wire-processor.eu\/wp-content\/uploads\/2018\/04\/Bozwang-_logo_producent1.png\",\"contentUrl\":\"https:\/\/wire-processor.eu\/wp-content\/uploads\/2018\/04\/Bozwang-_logo_producent1.png\",\"width\":250,\"height\":33,\"caption\":\"Wire processor - maszyny do przewod\u00f3w\"},\"image\":{\"@id\":\"https:\/\/wire-processor.eu\/en\/#\/schema\/logo\/image\/\"}}]}<\/script>\n<!-- \/ Yoast SEO plugin. -->","yoast_head_json":{"title":"Dvoupolohov\u00fd aplik\u00e1tor pro p\u0159ipojovac\u00ed sk\u0159\u00ed\u0148ky BZW-MG2 - Wire processor","robots":{"index":"index","follow":"follow","max-snippet":"max-snippet:-1","max-image-preview":"max-image-preview:large","max-video-preview":"max-video-preview:-1"},"canonical":"https:\/\/wire-processor.eu\/cs\/oferta\/dvoupolohovy-aplikator-pro-pripojovaci-skrinky-bzw-mg2\/","og_locale":"cs_CZ","og_type":"article","og_title":"Dvoupolohov\u00fd aplik\u00e1tor pro p\u0159ipojovac\u00ed sk\u0159\u00ed\u0148ky BZW-MG2 - Wire processor","og_description":"Suitable for different wire diameter.  Suitable for different model of PV junction box.  Applicable machine type : BZW-4T-C Mute terminal crimping machine  Shut height : 125mm  Stroke : 30-40mm  Weight :10kg  Dimension : 130 x 130 x 150mm","og_url":"https:\/\/wire-processor.eu\/cs\/oferta\/dvoupolohovy-aplikator-pro-pripojovaci-skrinky-bzw-mg2\/","og_site_name":"Wire processor","og_image":[{"width":1600,"height":1600,"url":"https:\/\/wire-processor.eu\/wp-content\/uploads\/2018\/05\/\u5149\u4f0f\u63a5\u7ebf\u76d2\u53cc\u538b\u6a21\u5177.jpg","type":"image\/jpeg"}],"twitter_card":"summary_large_image","schema":{"@context":"https:\/\/schema.org","@graph":[{"@type":"WebPage","@id":"https:\/\/wire-processor.eu\/cs\/oferta\/dvoupolohovy-aplikator-pro-pripojovaci-skrinky-bzw-mg2\/","url":"https:\/\/wire-processor.eu\/cs\/oferta\/dvoupolohovy-aplikator-pro-pripojovaci-skrinky-bzw-mg2\/","name":"Dvoupolohov\u00fd aplik\u00e1tor pro p\u0159ipojovac\u00ed sk\u0159\u00ed\u0148ky BZW-MG2 - Wire processor","isPartOf":{"@id":"https:\/\/wire-processor.eu\/en\/#website"},"primaryImageOfPage":{"@id":"https:\/\/wire-processor.eu\/cs\/oferta\/dvoupolohovy-aplikator-pro-pripojovaci-skrinky-bzw-mg2\/#primaryimage"},"image":{"@id":"https:\/\/wire-processor.eu\/cs\/oferta\/dvoupolohovy-aplikator-pro-pripojovaci-skrinky-bzw-mg2\/#primaryimage"},"thumbnailUrl":"https:\/\/wire-processor.eu\/wp-content\/uploads\/2018\/05\/\u5149\u4f0f\u63a5\u7ebf\u76d2\u53cc\u538b\u6a21\u5177.jpg","datePublished":"2018-05-13T05:42:42+00:00","breadcrumb":{"@id":"https:\/\/wire-processor.eu\/cs\/oferta\/dvoupolohovy-aplikator-pro-pripojovaci-skrinky-bzw-mg2\/#breadcrumb"},"inLanguage":"cs","potentialAction":[{"@type":"ReadAction","target":["https:\/\/wire-processor.eu\/cs\/oferta\/dvoupolohovy-aplikator-pro-pripojovaci-skrinky-bzw-mg2\/"]}]},{"@type":"ImageObject","inLanguage":"cs","@id":"https:\/\/wire-processor.eu\/cs\/oferta\/dvoupolohovy-aplikator-pro-pripojovaci-skrinky-bzw-mg2\/#primaryimage","url":"https:\/\/wire-processor.eu\/wp-content\/uploads\/2018\/05\/\u5149\u4f0f\u63a5\u7ebf\u76d2\u53cc\u538b\u6a21\u5177.jpg","contentUrl":"https:\/\/wire-processor.eu\/wp-content\/uploads\/2018\/05\/\u5149\u4f0f\u63a5\u7ebf\u76d2\u53cc\u538b\u6a21\u5177.jpg","width":1600,"height":1600,"caption":"Dvoupolohov\u00fd aplik\u00e1tor pro p\u0159ipojovac\u00ed sk\u0159\u00ed\u0148ky BZW-MG2"},{"@type":"BreadcrumbList","@id":"https:\/\/wire-processor.eu\/cs\/oferta\/dvoupolohovy-aplikator-pro-pripojovaci-skrinky-bzw-mg2\/#breadcrumb","itemListElement":[{"@type":"ListItem","position":1,"name":"Strona g\u0142\u00f3wna","item":"https:\/\/wire-processor.eu\/cs\/"},{"@type":"ListItem","position":2,"name":"Nab\u00eddka","item":"https:\/\/wire-processor.eu\/cs\/nabidka\/"},{"@type":"ListItem","position":3,"name":"Dvoupolohov\u00fd aplik\u00e1tor pro p\u0159ipojovac\u00ed sk\u0159\u00ed\u0148ky BZW-MG2"}]},{"@type":"WebSite","@id":"https:\/\/wire-processor.eu\/en\/#website","url":"https:\/\/wire-processor.eu\/en\/","name":"Wire processor","description":"Maszyny do obr\u00f3bki przewod\u00f3w","publisher":{"@id":"https:\/\/wire-processor.eu\/en\/#organization"},"potentialAction":[{"@type":"SearchAction","target":{"@type":"EntryPoint","urlTemplate":"https:\/\/wire-processor.eu\/en\/?s={search_term_string}"},"query-input":{"@type":"PropertyValueSpecification","valueRequired":true,"valueName":"search_term_string"}}],"inLanguage":"cs"},{"@type":"Organization","@id":"https:\/\/wire-processor.eu\/en\/#organization","name":"Wire processor - maszyny do przewod\u00f3w","url":"https:\/\/wire-processor.eu\/en\/","logo":{"@type":"ImageObject","inLanguage":"cs","@id":"https:\/\/wire-processor.eu\/en\/#\/schema\/logo\/image\/","url":"https:\/\/wire-processor.eu\/wp-content\/uploads\/2018\/04\/Bozwang-_logo_producent1.png","contentUrl":"https:\/\/wire-processor.eu\/wp-content\/uploads\/2018\/04\/Bozwang-_logo_producent1.png","width":250,"height":33,"caption":"Wire processor - maszyny do przewod\u00f3w"},"image":{"@id":"https:\/\/wire-processor.eu\/en\/#\/schema\/logo\/image\/"}}]}},"_links":{"self":[{"href":"https:\/\/wire-processor.eu\/cs\/wp-json\/wp\/v2\/product\/14241","targetHints":{"allow":["GET"]}}],"collection":[{"href":"https:\/\/wire-processor.eu\/cs\/wp-json\/wp\/v2\/product"}],"about":[{"href":"https:\/\/wire-processor.eu\/cs\/wp-json\/wp\/v2\/types\/product"}],"wp:featuredmedia":[{"embeddable":true,"href":"https:\/\/wire-processor.eu\/cs\/wp-json\/wp\/v2\/media\/14242"}],"wp:attachment":[{"href":"https:\/\/wire-processor.eu\/cs\/wp-json\/wp\/v2\/media?parent=14241"}],"wp:term":[{"taxonomy":"product_brand","embeddable":true,"href":"https:\/\/wire-processor.eu\/cs\/wp-json\/wp\/v2\/product_brand?post=14241"},{"taxonomy":"product_cat","embeddable":true,"href":"https:\/\/wire-processor.eu\/cs\/wp-json\/wp\/v2\/product_cat?post=14241"},{"taxonomy":"product_tag","embeddable":true,"href":"https:\/\/wire-processor.eu\/cs\/wp-json\/wp\/v2\/product_tag?post=14241"}],"curies":[{"name":"wp","href":"https:\/\/api.w.org\/{rel}","templated":true}]}}