{"id":14280,"date":"2019-07-07T22:25:06","date_gmt":"2019-07-07T20:25:06","guid":{"rendered":"https:\/\/wire-processor.eu\/oferta\/nezarazene\/zarizeni-pro-zkousky-pevnosti-v-tahu-velkych-koncovek-bzw-3000d\/"},"modified":"2024-03-27T12:33:40","modified_gmt":"2024-03-27T11:33:40","slug":"zarizeni-pro-zkousky-pevnosti-v-tahu-velkych-koncovek-bzw-3000d","status":"publish","type":"product","link":"https:\/\/wire-processor.eu\/cs\/oferta\/zarizeni-pro-zkousky-pevnosti-v-tahu-velkych-koncovek-bzw-3000d\/","title":{"rendered":"Za\u0159\u00edzen\u00ed pro testov\u00e1n\u00ed tahov\u00e9 pevnosti velk\u00fdch termin\u00e1l\u016f BZW-3000D"},"content":{"rendered":"","protected":false},"excerpt":{"rendered":"","protected":false},"featured_media":14281,"template":"","meta":[],"product_brand":[],"product_cat":[549],"product_tag":[1442,1441],"class_list":{"0":"post-14280","1":"product","2":"type-product","3":"status-publish","4":"has-post-thumbnail","6":"product_cat-systemy-kontroly-a-testovani-kabelovych-svazku","7":"product_tag-roztahovani-terminalu","8":"product_tag-testovani-pevnosti-v-tahu","10":"first","11":"instock","12":"shipping-taxable","13":"product-type-simple"},"yoast_head":"<!-- This site is optimized with the Yoast SEO plugin v26.3 - https:\/\/yoast.com\/wordpress\/plugins\/seo\/ -->\n<title>Za\u0159\u00edzen\u00ed pro testov\u00e1n\u00ed pevnosti tahem velk\u00fdch termin\u00e1l\u016f BZW-3000D - Wire processor<\/title>\n<meta name=\"robots\" content=\"index, follow, max-snippet:-1, max-image-preview:large, max-video-preview:-1\" \/>\n<link rel=\"canonical\" href=\"https:\/\/wire-processor.eu\/cs\/oferta\/zarizeni-pro-zkousky-pevnosti-v-tahu-velkych-koncovek-bzw-3000d\/\" \/>\n<meta property=\"og:locale\" content=\"cs_CZ\" \/>\n<meta property=\"og:type\" content=\"article\" \/>\n<meta property=\"og:title\" content=\"Za\u0159\u00edzen\u00ed pro testov\u00e1n\u00ed pevnosti tahem velk\u00fdch termin\u00e1l\u016f BZW-3000D - Wire processor\" \/>\n<meta property=\"og:url\" content=\"https:\/\/wire-processor.eu\/cs\/oferta\/zarizeni-pro-zkousky-pevnosti-v-tahu-velkych-koncovek-bzw-3000d\/\" \/>\n<meta property=\"og:site_name\" content=\"Wire processor\" \/>\n<meta property=\"article:modified_time\" content=\"2024-03-27T11:33:40+00:00\" \/>\n<meta property=\"og:image\" content=\"https:\/\/wire-processor.eu\/wp-content\/uploads\/2019\/07\/3000D.jpg\" \/>\n\t<meta property=\"og:image:width\" content=\"800\" \/>\n\t<meta property=\"og:image:height\" content=\"800\" \/>\n\t<meta property=\"og:image:type\" content=\"image\/jpeg\" \/>\n<meta name=\"twitter:card\" content=\"summary_large_image\" \/>\n<script type=\"application\/ld+json\" class=\"yoast-schema-graph\">{\"@context\":\"https:\/\/schema.org\",\"@graph\":[{\"@type\":\"WebPage\",\"@id\":\"https:\/\/wire-processor.eu\/cs\/oferta\/zarizeni-pro-zkousky-pevnosti-v-tahu-velkych-koncovek-bzw-3000d\/\",\"url\":\"https:\/\/wire-processor.eu\/cs\/oferta\/zarizeni-pro-zkousky-pevnosti-v-tahu-velkych-koncovek-bzw-3000d\/\",\"name\":\"Za\u0159\u00edzen\u00ed pro testov\u00e1n\u00ed pevnosti tahem velk\u00fdch termin\u00e1l\u016f BZW-3000D - Wire processor\",\"isPartOf\":{\"@id\":\"https:\/\/wire-processor.eu\/en\/#website\"},\"primaryImageOfPage\":{\"@id\":\"https:\/\/wire-processor.eu\/cs\/oferta\/zarizeni-pro-zkousky-pevnosti-v-tahu-velkych-koncovek-bzw-3000d\/#primaryimage\"},\"image\":{\"@id\":\"https:\/\/wire-processor.eu\/cs\/oferta\/zarizeni-pro-zkousky-pevnosti-v-tahu-velkych-koncovek-bzw-3000d\/#primaryimage\"},\"thumbnailUrl\":\"https:\/\/wire-processor.eu\/wp-content\/uploads\/2019\/07\/3000D.jpg\",\"datePublished\":\"2019-07-07T20:25:06+00:00\",\"dateModified\":\"2024-03-27T11:33:40+00:00\",\"breadcrumb\":{\"@id\":\"https:\/\/wire-processor.eu\/cs\/oferta\/zarizeni-pro-zkousky-pevnosti-v-tahu-velkych-koncovek-bzw-3000d\/#breadcrumb\"},\"inLanguage\":\"cs\",\"potentialAction\":[{\"@type\":\"ReadAction\",\"target\":[\"https:\/\/wire-processor.eu\/cs\/oferta\/zarizeni-pro-zkousky-pevnosti-v-tahu-velkych-koncovek-bzw-3000d\/\"]}]},{\"@type\":\"ImageObject\",\"inLanguage\":\"cs\",\"@id\":\"https:\/\/wire-processor.eu\/cs\/oferta\/zarizeni-pro-zkousky-pevnosti-v-tahu-velkych-koncovek-bzw-3000d\/#primaryimage\",\"url\":\"https:\/\/wire-processor.eu\/wp-content\/uploads\/2019\/07\/3000D.jpg\",\"contentUrl\":\"https:\/\/wire-processor.eu\/wp-content\/uploads\/2019\/07\/3000D.jpg\",\"width\":800,\"height\":800,\"caption\":\"Za\u0159\u00edzen\u00ed pro testov\u00e1n\u00ed pevnosti v tahu velk\u00fdch termin\u00e1l\u016f - BZW-3000D\"},{\"@type\":\"BreadcrumbList\",\"@id\":\"https:\/\/wire-processor.eu\/cs\/oferta\/zarizeni-pro-zkousky-pevnosti-v-tahu-velkych-koncovek-bzw-3000d\/#breadcrumb\",\"itemListElement\":[{\"@type\":\"ListItem\",\"position\":1,\"name\":\"Strona g\u0142\u00f3wna\",\"item\":\"https:\/\/wire-processor.eu\/cs\/\"},{\"@type\":\"ListItem\",\"position\":2,\"name\":\"Nab\u00eddka\",\"item\":\"https:\/\/wire-processor.eu\/cs\/nabidka\/\"},{\"@type\":\"ListItem\",\"position\":3,\"name\":\"Za\u0159\u00edzen\u00ed pro testov\u00e1n\u00ed tahov\u00e9 pevnosti velk\u00fdch termin\u00e1l\u016f BZW-3000D\"}]},{\"@type\":\"WebSite\",\"@id\":\"https:\/\/wire-processor.eu\/en\/#website\",\"url\":\"https:\/\/wire-processor.eu\/en\/\",\"name\":\"Wire processor\",\"description\":\"Maszyny do obr\u00f3bki przewod\u00f3w\",\"publisher\":{\"@id\":\"https:\/\/wire-processor.eu\/en\/#organization\"},\"potentialAction\":[{\"@type\":\"SearchAction\",\"target\":{\"@type\":\"EntryPoint\",\"urlTemplate\":\"https:\/\/wire-processor.eu\/en\/?s={search_term_string}\"},\"query-input\":{\"@type\":\"PropertyValueSpecification\",\"valueRequired\":true,\"valueName\":\"search_term_string\"}}],\"inLanguage\":\"cs\"},{\"@type\":\"Organization\",\"@id\":\"https:\/\/wire-processor.eu\/en\/#organization\",\"name\":\"Wire processor - maszyny do przewod\u00f3w\",\"url\":\"https:\/\/wire-processor.eu\/en\/\",\"logo\":{\"@type\":\"ImageObject\",\"inLanguage\":\"cs\",\"@id\":\"https:\/\/wire-processor.eu\/en\/#\/schema\/logo\/image\/\",\"url\":\"https:\/\/wire-processor.eu\/wp-content\/uploads\/2018\/04\/Bozwang-_logo_producent1.png\",\"contentUrl\":\"https:\/\/wire-processor.eu\/wp-content\/uploads\/2018\/04\/Bozwang-_logo_producent1.png\",\"width\":250,\"height\":33,\"caption\":\"Wire processor - maszyny do przewod\u00f3w\"},\"image\":{\"@id\":\"https:\/\/wire-processor.eu\/en\/#\/schema\/logo\/image\/\"}}]}<\/script>\n<!-- \/ Yoast SEO plugin. -->","yoast_head_json":{"title":"Za\u0159\u00edzen\u00ed pro testov\u00e1n\u00ed pevnosti tahem velk\u00fdch termin\u00e1l\u016f BZW-3000D - Wire processor","robots":{"index":"index","follow":"follow","max-snippet":"max-snippet:-1","max-image-preview":"max-image-preview:large","max-video-preview":"max-video-preview:-1"},"canonical":"https:\/\/wire-processor.eu\/cs\/oferta\/zarizeni-pro-zkousky-pevnosti-v-tahu-velkych-koncovek-bzw-3000d\/","og_locale":"cs_CZ","og_type":"article","og_title":"Za\u0159\u00edzen\u00ed pro testov\u00e1n\u00ed pevnosti tahem velk\u00fdch termin\u00e1l\u016f BZW-3000D - Wire processor","og_url":"https:\/\/wire-processor.eu\/cs\/oferta\/zarizeni-pro-zkousky-pevnosti-v-tahu-velkych-koncovek-bzw-3000d\/","og_site_name":"Wire processor","article_modified_time":"2024-03-27T11:33:40+00:00","og_image":[{"width":800,"height":800,"url":"https:\/\/wire-processor.eu\/wp-content\/uploads\/2019\/07\/3000D.jpg","type":"image\/jpeg"}],"twitter_card":"summary_large_image","schema":{"@context":"https:\/\/schema.org","@graph":[{"@type":"WebPage","@id":"https:\/\/wire-processor.eu\/cs\/oferta\/zarizeni-pro-zkousky-pevnosti-v-tahu-velkych-koncovek-bzw-3000d\/","url":"https:\/\/wire-processor.eu\/cs\/oferta\/zarizeni-pro-zkousky-pevnosti-v-tahu-velkych-koncovek-bzw-3000d\/","name":"Za\u0159\u00edzen\u00ed pro testov\u00e1n\u00ed pevnosti tahem velk\u00fdch termin\u00e1l\u016f BZW-3000D - Wire processor","isPartOf":{"@id":"https:\/\/wire-processor.eu\/en\/#website"},"primaryImageOfPage":{"@id":"https:\/\/wire-processor.eu\/cs\/oferta\/zarizeni-pro-zkousky-pevnosti-v-tahu-velkych-koncovek-bzw-3000d\/#primaryimage"},"image":{"@id":"https:\/\/wire-processor.eu\/cs\/oferta\/zarizeni-pro-zkousky-pevnosti-v-tahu-velkych-koncovek-bzw-3000d\/#primaryimage"},"thumbnailUrl":"https:\/\/wire-processor.eu\/wp-content\/uploads\/2019\/07\/3000D.jpg","datePublished":"2019-07-07T20:25:06+00:00","dateModified":"2024-03-27T11:33:40+00:00","breadcrumb":{"@id":"https:\/\/wire-processor.eu\/cs\/oferta\/zarizeni-pro-zkousky-pevnosti-v-tahu-velkych-koncovek-bzw-3000d\/#breadcrumb"},"inLanguage":"cs","potentialAction":[{"@type":"ReadAction","target":["https:\/\/wire-processor.eu\/cs\/oferta\/zarizeni-pro-zkousky-pevnosti-v-tahu-velkych-koncovek-bzw-3000d\/"]}]},{"@type":"ImageObject","inLanguage":"cs","@id":"https:\/\/wire-processor.eu\/cs\/oferta\/zarizeni-pro-zkousky-pevnosti-v-tahu-velkych-koncovek-bzw-3000d\/#primaryimage","url":"https:\/\/wire-processor.eu\/wp-content\/uploads\/2019\/07\/3000D.jpg","contentUrl":"https:\/\/wire-processor.eu\/wp-content\/uploads\/2019\/07\/3000D.jpg","width":800,"height":800,"caption":"Za\u0159\u00edzen\u00ed pro testov\u00e1n\u00ed pevnosti v tahu velk\u00fdch termin\u00e1l\u016f - BZW-3000D"},{"@type":"BreadcrumbList","@id":"https:\/\/wire-processor.eu\/cs\/oferta\/zarizeni-pro-zkousky-pevnosti-v-tahu-velkych-koncovek-bzw-3000d\/#breadcrumb","itemListElement":[{"@type":"ListItem","position":1,"name":"Strona g\u0142\u00f3wna","item":"https:\/\/wire-processor.eu\/cs\/"},{"@type":"ListItem","position":2,"name":"Nab\u00eddka","item":"https:\/\/wire-processor.eu\/cs\/nabidka\/"},{"@type":"ListItem","position":3,"name":"Za\u0159\u00edzen\u00ed pro testov\u00e1n\u00ed tahov\u00e9 pevnosti velk\u00fdch termin\u00e1l\u016f BZW-3000D"}]},{"@type":"WebSite","@id":"https:\/\/wire-processor.eu\/en\/#website","url":"https:\/\/wire-processor.eu\/en\/","name":"Wire processor","description":"Maszyny do obr\u00f3bki przewod\u00f3w","publisher":{"@id":"https:\/\/wire-processor.eu\/en\/#organization"},"potentialAction":[{"@type":"SearchAction","target":{"@type":"EntryPoint","urlTemplate":"https:\/\/wire-processor.eu\/en\/?s={search_term_string}"},"query-input":{"@type":"PropertyValueSpecification","valueRequired":true,"valueName":"search_term_string"}}],"inLanguage":"cs"},{"@type":"Organization","@id":"https:\/\/wire-processor.eu\/en\/#organization","name":"Wire processor - maszyny do przewod\u00f3w","url":"https:\/\/wire-processor.eu\/en\/","logo":{"@type":"ImageObject","inLanguage":"cs","@id":"https:\/\/wire-processor.eu\/en\/#\/schema\/logo\/image\/","url":"https:\/\/wire-processor.eu\/wp-content\/uploads\/2018\/04\/Bozwang-_logo_producent1.png","contentUrl":"https:\/\/wire-processor.eu\/wp-content\/uploads\/2018\/04\/Bozwang-_logo_producent1.png","width":250,"height":33,"caption":"Wire processor - maszyny do przewod\u00f3w"},"image":{"@id":"https:\/\/wire-processor.eu\/en\/#\/schema\/logo\/image\/"}}]}},"_links":{"self":[{"href":"https:\/\/wire-processor.eu\/cs\/wp-json\/wp\/v2\/product\/14280","targetHints":{"allow":["GET"]}}],"collection":[{"href":"https:\/\/wire-processor.eu\/cs\/wp-json\/wp\/v2\/product"}],"about":[{"href":"https:\/\/wire-processor.eu\/cs\/wp-json\/wp\/v2\/types\/product"}],"wp:featuredmedia":[{"embeddable":true,"href":"https:\/\/wire-processor.eu\/cs\/wp-json\/wp\/v2\/media\/14281"}],"wp:attachment":[{"href":"https:\/\/wire-processor.eu\/cs\/wp-json\/wp\/v2\/media?parent=14280"}],"wp:term":[{"taxonomy":"product_brand","embeddable":true,"href":"https:\/\/wire-processor.eu\/cs\/wp-json\/wp\/v2\/product_brand?post=14280"},{"taxonomy":"product_cat","embeddable":true,"href":"https:\/\/wire-processor.eu\/cs\/wp-json\/wp\/v2\/product_cat?post=14280"},{"taxonomy":"product_tag","embeddable":true,"href":"https:\/\/wire-processor.eu\/cs\/wp-json\/wp\/v2\/product_tag?post=14280"}],"curies":[{"name":"wp","href":"https:\/\/api.w.org\/{rel}","templated":true}]}}