{"id":14289,"date":"2019-07-09T22:10:33","date_gmt":"2019-07-09T20:10:33","guid":{"rendered":"https:\/\/wire-processor.eu\/oferta\/nezarazene\/poloautomaticke-zarizeni-pro-odizolovani-vodicu-krimpovani-a-vkladani-tesneni-bzw-2-5t-fbd\/"},"modified":"2023-11-17T13:55:23","modified_gmt":"2023-11-17T12:55:23","slug":"poloautomaticke-zarizeni-pro-odizolovani-vodicu-krimpovani-a-vkladani-tesneni-bzw-2-5t-fbd","status":"publish","type":"product","link":"https:\/\/wire-processor.eu\/cs\/oferta\/poloautomaticke-zarizeni-pro-odizolovani-vodicu-krimpovani-a-vkladani-tesneni-bzw-2-5t-fbd\/","title":{"rendered":"Poloautomatick\u00e9 za\u0159\u00edzen\u00ed pro odizolov\u00e1n\u00ed vodi\u010d\u016f, krimpov\u00e1n\u00ed a vkl\u00e1d\u00e1n\u00ed t\u011bsn\u011bn\u00ed BZW-2.5T FBD"},"content":{"rendered":"<p>BZW-2.5T FBD se pou\u017e\u00edv\u00e1 pro zpracov\u00e1n\u00ed vodi\u010d\u016f ve v\u00fdvodu nebo kroucen\u00fdch dvojic\u00edch vodi\u010d\u016f. Dok\u00e1\u017ee automaticky zpracov\u00e1vat vod\u011bodoln\u00e9 z\u00e1str\u010dky, odstra\u0148ov\u00e1n\u00ed izolace a krimpov\u00e1n\u00ed dvouj\u00e1drov\u00e9ho vodi\u010de. M\u00e1 funkce rozpozn\u00e1v\u00e1n\u00ed barvy vodi\u010d\u016f, detekce odstra\u0148ov\u00e1n\u00ed izolace a detekce tlaku, co\u017e m\u016f\u017ee zlep\u0161it v\u00fdrobn\u00ed efektivitu a zajistit vysokou kvalitu v\u00fdrobku.<br \/>\nN\u00ed\u017ee grafika prezentuje mo\u017en\u00e9 operace na vodi\u010di.<br \/>\n<img decoding=\"async\" class=\"alignnone wp-image-16536\" src=\"https:\/\/wire-processor.eu\/wp-content\/uploads\/2019\/07\/BZW-2.5T-FBD-product-function-2.jpg\" alt=\"BZW-2.5T-FBD product function 2\" width=\"483\" height=\"335\" srcset=\"https:\/\/wire-processor.eu\/wp-content\/uploads\/2019\/07\/BZW-2.5T-FBD-product-function-2-200x139.jpg 200w, https:\/\/wire-processor.eu\/wp-content\/uploads\/2019\/07\/BZW-2.5T-FBD-product-function-2-300x208.jpg 300w, https:\/\/wire-processor.eu\/wp-content\/uploads\/2019\/07\/BZW-2.5T-FBD-product-function-2-400x277.jpg 400w, https:\/\/wire-processor.eu\/wp-content\/uploads\/2019\/07\/BZW-2.5T-FBD-product-function-2.jpg 600w\" sizes=\"(max-width: 483px) 100vw, 483px\" \/><\/p>\n<p>&nbsp;<\/p>\n<ol>\n<li>Je to integrovan\u00fd stroj, hlavn\u011b pou\u017e\u00edvan\u00fd pro odstran\u011bn\u00ed izolace z vodi\u010d\u016f, krimpov\u00e1n\u00ed a vkl\u00e1d\u00e1n\u00ed t\u011bsn\u011bn\u00ed, co\u017e zvy\u0161uje v\u00fdrobn\u00ed efektivitu.<\/li>\n<li>Byl pou\u017eit vysoce efektivn\u00ed servomotor, rychl\u00e9 raz\u00edtkov\u00e1n\u00ed, stabiln\u00ed tlak.<\/li>\n<li>Posuvn\u00e1 li\u0161ta pro odstran\u011bn\u00ed izolace pou\u017e\u00edv\u00e1 ot\u00e1\u010den\u00ed \u0161roubem, co\u017e zaji\u0161\u0165uje vysokou p\u0159esnost d\u00e9lky odizolovan\u00e9ho vodi\u010de.<\/li>\n<li>Struktura pod\u00e1v\u00e1n\u00ed t\u011bsn\u011bn\u00ed je jednoduch\u00e1 a snadno m\u011bniteln\u00e1, spl\u0148uje r\u016fzn\u00e9 pot\u0159eby.<\/li>\n<li>Jednoduch\u00e9 na obsluhu, stabiln\u00ed kvalita, integrace pozice.<\/li>\n<li>M\u016f\u017ee b\u00fdt instalov\u00e1n a p\u0159ipojen syst\u00e9m \u0159\u00edzen\u00ed tlaku OES k syst\u00e9mu MES.<\/li>\n<\/ol>\n","protected":false},"excerpt":{"rendered":"<p>BZW-2.5T FBD se pou\u017e\u00edv\u00e1 pro zpracov\u00e1n\u00ed vodi\u010d\u016f ve v\u00fdvodu nebo kroucen\u00fdch dvojic\u00edch vodi\u010d\u016f. Dok\u00e1\u017ee automaticky zpracov\u00e1vat vod\u011bodoln\u00e9 z\u00e1str\u010dky, odstra\u0148ov\u00e1n\u00ed izolace a krimpov\u00e1n\u00ed dvouj\u00e1drov\u00e9ho vodi\u010de. M\u00e1 funkce rozpozn\u00e1v\u00e1n\u00ed barvy vodi\u010d\u016f, detekce odstra\u0148ov\u00e1n\u00ed izolace a detekce tlaku, co\u017e m\u016f\u017ee zlep\u0161it v\u00fdrobn\u00ed efektivitu a zajistit vysokou kvalitu v\u00fdrobku. N\u00ed\u017ee grafika prezentuje mo\u017en\u00e9 operace na vodi\u010di. &nbsp; Je to<\/p>\n","protected":false},"featured_media":16528,"template":"","meta":[],"product_brand":[],"product_cat":[548],"product_tag":[],"class_list":{"0":"post-14289","1":"product","2":"type-product","3":"status-publish","4":"has-post-thumbnail","6":"product_cat-poloautomaticka-zarizeni-na-lisovani-koncovek","8":"first","9":"instock","10":"shipping-taxable","11":"product-type-simple"},"yoast_head":"<!-- This site is optimized with the Yoast SEO plugin v26.3 - https:\/\/yoast.com\/wordpress\/plugins\/seo\/ -->\n<title>Poloautomatick\u00e9 za\u0159\u00edzen\u00ed pro odizolov\u00e1n\u00ed vodi\u010d\u016f, krimpov\u00e1n\u00ed a vkl\u00e1d\u00e1n\u00ed t\u011bsn\u011bn\u00ed BZW-2.5T FBD - Wire processor<\/title>\n<meta name=\"description\" content=\"Poloautomatick\u00e9 za\u0159\u00edzen\u00ed pro odizolov\u00e1n\u00ed vodi\u010d\u016f, krimpov\u00e1n\u00ed a vkl\u00e1d\u00e1n\u00ed t\u011bsn\u011bn\u00ed BZW-2.5T FBD Zde v\u00edce!\" \/>\n<meta name=\"robots\" content=\"index, follow, max-snippet:-1, max-image-preview:large, max-video-preview:-1\" \/>\n<link rel=\"canonical\" href=\"https:\/\/wire-processor.eu\/cs\/oferta\/poloautomaticke-zarizeni-pro-odizolovani-vodicu-krimpovani-a-vkladani-tesneni-bzw-2-5t-fbd\/\" \/>\n<meta property=\"og:locale\" content=\"cs_CZ\" \/>\n<meta property=\"og:type\" content=\"article\" \/>\n<meta property=\"og:title\" content=\"Poloautomatick\u00e9 za\u0159\u00edzen\u00ed pro odizolov\u00e1n\u00ed vodi\u010d\u016f, krimpov\u00e1n\u00ed a vkl\u00e1d\u00e1n\u00ed t\u011bsn\u011bn\u00ed BZW-2.5T FBD - Wire processor\" \/>\n<meta property=\"og:description\" content=\"Poloautomatick\u00e9 za\u0159\u00edzen\u00ed pro odizolov\u00e1n\u00ed vodi\u010d\u016f, krimpov\u00e1n\u00ed a vkl\u00e1d\u00e1n\u00ed t\u011bsn\u011bn\u00ed BZW-2.5T FBD Zde v\u00edce!\" \/>\n<meta property=\"og:url\" content=\"https:\/\/wire-processor.eu\/cs\/oferta\/poloautomaticke-zarizeni-pro-odizolovani-vodicu-krimpovani-a-vkladani-tesneni-bzw-2-5t-fbd\/\" \/>\n<meta property=\"og:site_name\" content=\"Wire processor\" \/>\n<meta property=\"article:modified_time\" content=\"2023-11-17T12:55:23+00:00\" \/>\n<meta property=\"og:image\" content=\"https:\/\/wire-processor.eu\/wp-content\/uploads\/2019\/07\/BZW-2.5T-FBD-1.jpg\" \/>\n\t<meta property=\"og:image:width\" content=\"1200\" \/>\n\t<meta property=\"og:image:height\" content=\"1200\" \/>\n\t<meta property=\"og:image:type\" content=\"image\/jpeg\" \/>\n<meta name=\"twitter:card\" content=\"summary_large_image\" \/>\n<meta name=\"twitter:label1\" content=\"Odhadovan\u00e1 doba \u010dten\u00ed\" \/>\n\t<meta name=\"twitter:data1\" content=\"1 minuta\" \/>\n<script type=\"application\/ld+json\" class=\"yoast-schema-graph\">{\"@context\":\"https:\/\/schema.org\",\"@graph\":[{\"@type\":\"WebPage\",\"@id\":\"https:\/\/wire-processor.eu\/cs\/oferta\/poloautomaticke-zarizeni-pro-odizolovani-vodicu-krimpovani-a-vkladani-tesneni-bzw-2-5t-fbd\/\",\"url\":\"https:\/\/wire-processor.eu\/cs\/oferta\/poloautomaticke-zarizeni-pro-odizolovani-vodicu-krimpovani-a-vkladani-tesneni-bzw-2-5t-fbd\/\",\"name\":\"Poloautomatick\u00e9 za\u0159\u00edzen\u00ed pro odizolov\u00e1n\u00ed vodi\u010d\u016f, krimpov\u00e1n\u00ed a vkl\u00e1d\u00e1n\u00ed t\u011bsn\u011bn\u00ed BZW-2.5T FBD - Wire processor\",\"isPartOf\":{\"@id\":\"https:\/\/wire-processor.eu\/en\/#website\"},\"primaryImageOfPage\":{\"@id\":\"https:\/\/wire-processor.eu\/cs\/oferta\/poloautomaticke-zarizeni-pro-odizolovani-vodicu-krimpovani-a-vkladani-tesneni-bzw-2-5t-fbd\/#primaryimage\"},\"image\":{\"@id\":\"https:\/\/wire-processor.eu\/cs\/oferta\/poloautomaticke-zarizeni-pro-odizolovani-vodicu-krimpovani-a-vkladani-tesneni-bzw-2-5t-fbd\/#primaryimage\"},\"thumbnailUrl\":\"https:\/\/wire-processor.eu\/wp-content\/uploads\/2019\/07\/BZW-2.5T-FBD-1.jpg\",\"datePublished\":\"2019-07-09T20:10:33+00:00\",\"dateModified\":\"2023-11-17T12:55:23+00:00\",\"description\":\"Poloautomatick\u00e9 za\u0159\u00edzen\u00ed pro odizolov\u00e1n\u00ed vodi\u010d\u016f, krimpov\u00e1n\u00ed a vkl\u00e1d\u00e1n\u00ed t\u011bsn\u011bn\u00ed BZW-2.5T FBD Zde v\u00edce!\",\"breadcrumb\":{\"@id\":\"https:\/\/wire-processor.eu\/cs\/oferta\/poloautomaticke-zarizeni-pro-odizolovani-vodicu-krimpovani-a-vkladani-tesneni-bzw-2-5t-fbd\/#breadcrumb\"},\"inLanguage\":\"cs\",\"potentialAction\":[{\"@type\":\"ReadAction\",\"target\":[\"https:\/\/wire-processor.eu\/cs\/oferta\/poloautomaticke-zarizeni-pro-odizolovani-vodicu-krimpovani-a-vkladani-tesneni-bzw-2-5t-fbd\/\"]}]},{\"@type\":\"ImageObject\",\"inLanguage\":\"cs\",\"@id\":\"https:\/\/wire-processor.eu\/cs\/oferta\/poloautomaticke-zarizeni-pro-odizolovani-vodicu-krimpovani-a-vkladani-tesneni-bzw-2-5t-fbd\/#primaryimage\",\"url\":\"https:\/\/wire-processor.eu\/wp-content\/uploads\/2019\/07\/BZW-2.5T-FBD-1.jpg\",\"contentUrl\":\"https:\/\/wire-processor.eu\/wp-content\/uploads\/2019\/07\/BZW-2.5T-FBD-1.jpg\",\"width\":1200,\"height\":1200,\"caption\":\"BZW-2.5T-FBD\"},{\"@type\":\"BreadcrumbList\",\"@id\":\"https:\/\/wire-processor.eu\/cs\/oferta\/poloautomaticke-zarizeni-pro-odizolovani-vodicu-krimpovani-a-vkladani-tesneni-bzw-2-5t-fbd\/#breadcrumb\",\"itemListElement\":[{\"@type\":\"ListItem\",\"position\":1,\"name\":\"Strona g\u0142\u00f3wna\",\"item\":\"https:\/\/wire-processor.eu\/cs\/\"},{\"@type\":\"ListItem\",\"position\":2,\"name\":\"Nab\u00eddka\",\"item\":\"https:\/\/wire-processor.eu\/cs\/nabidka\/\"},{\"@type\":\"ListItem\",\"position\":3,\"name\":\"Poloautomatick\u00e9 za\u0159\u00edzen\u00ed pro odizolov\u00e1n\u00ed vodi\u010d\u016f, krimpov\u00e1n\u00ed a vkl\u00e1d\u00e1n\u00ed t\u011bsn\u011bn\u00ed BZW-2.5T FBD\"}]},{\"@type\":\"WebSite\",\"@id\":\"https:\/\/wire-processor.eu\/en\/#website\",\"url\":\"https:\/\/wire-processor.eu\/en\/\",\"name\":\"Wire processor\",\"description\":\"Maszyny do obr\u00f3bki przewod\u00f3w\",\"publisher\":{\"@id\":\"https:\/\/wire-processor.eu\/en\/#organization\"},\"potentialAction\":[{\"@type\":\"SearchAction\",\"target\":{\"@type\":\"EntryPoint\",\"urlTemplate\":\"https:\/\/wire-processor.eu\/en\/?s={search_term_string}\"},\"query-input\":{\"@type\":\"PropertyValueSpecification\",\"valueRequired\":true,\"valueName\":\"search_term_string\"}}],\"inLanguage\":\"cs\"},{\"@type\":\"Organization\",\"@id\":\"https:\/\/wire-processor.eu\/en\/#organization\",\"name\":\"Wire processor - maszyny do przewod\u00f3w\",\"url\":\"https:\/\/wire-processor.eu\/en\/\",\"logo\":{\"@type\":\"ImageObject\",\"inLanguage\":\"cs\",\"@id\":\"https:\/\/wire-processor.eu\/en\/#\/schema\/logo\/image\/\",\"url\":\"https:\/\/wire-processor.eu\/wp-content\/uploads\/2018\/04\/Bozwang-_logo_producent1.png\",\"contentUrl\":\"https:\/\/wire-processor.eu\/wp-content\/uploads\/2018\/04\/Bozwang-_logo_producent1.png\",\"width\":250,\"height\":33,\"caption\":\"Wire processor - maszyny do przewod\u00f3w\"},\"image\":{\"@id\":\"https:\/\/wire-processor.eu\/en\/#\/schema\/logo\/image\/\"}}]}<\/script>\n<!-- \/ Yoast SEO plugin. -->","yoast_head_json":{"title":"Poloautomatick\u00e9 za\u0159\u00edzen\u00ed pro odizolov\u00e1n\u00ed vodi\u010d\u016f, krimpov\u00e1n\u00ed a vkl\u00e1d\u00e1n\u00ed t\u011bsn\u011bn\u00ed BZW-2.5T FBD - Wire processor","description":"Poloautomatick\u00e9 za\u0159\u00edzen\u00ed pro odizolov\u00e1n\u00ed vodi\u010d\u016f, krimpov\u00e1n\u00ed a vkl\u00e1d\u00e1n\u00ed t\u011bsn\u011bn\u00ed BZW-2.5T FBD Zde v\u00edce!","robots":{"index":"index","follow":"follow","max-snippet":"max-snippet:-1","max-image-preview":"max-image-preview:large","max-video-preview":"max-video-preview:-1"},"canonical":"https:\/\/wire-processor.eu\/cs\/oferta\/poloautomaticke-zarizeni-pro-odizolovani-vodicu-krimpovani-a-vkladani-tesneni-bzw-2-5t-fbd\/","og_locale":"cs_CZ","og_type":"article","og_title":"Poloautomatick\u00e9 za\u0159\u00edzen\u00ed pro odizolov\u00e1n\u00ed vodi\u010d\u016f, krimpov\u00e1n\u00ed a vkl\u00e1d\u00e1n\u00ed t\u011bsn\u011bn\u00ed BZW-2.5T FBD - Wire processor","og_description":"Poloautomatick\u00e9 za\u0159\u00edzen\u00ed pro odizolov\u00e1n\u00ed vodi\u010d\u016f, krimpov\u00e1n\u00ed a vkl\u00e1d\u00e1n\u00ed t\u011bsn\u011bn\u00ed BZW-2.5T FBD Zde v\u00edce!","og_url":"https:\/\/wire-processor.eu\/cs\/oferta\/poloautomaticke-zarizeni-pro-odizolovani-vodicu-krimpovani-a-vkladani-tesneni-bzw-2-5t-fbd\/","og_site_name":"Wire processor","article_modified_time":"2023-11-17T12:55:23+00:00","og_image":[{"width":1200,"height":1200,"url":"https:\/\/wire-processor.eu\/wp-content\/uploads\/2019\/07\/BZW-2.5T-FBD-1.jpg","type":"image\/jpeg"}],"twitter_card":"summary_large_image","twitter_misc":{"Odhadovan\u00e1 doba \u010dten\u00ed":"1 minuta"},"schema":{"@context":"https:\/\/schema.org","@graph":[{"@type":"WebPage","@id":"https:\/\/wire-processor.eu\/cs\/oferta\/poloautomaticke-zarizeni-pro-odizolovani-vodicu-krimpovani-a-vkladani-tesneni-bzw-2-5t-fbd\/","url":"https:\/\/wire-processor.eu\/cs\/oferta\/poloautomaticke-zarizeni-pro-odizolovani-vodicu-krimpovani-a-vkladani-tesneni-bzw-2-5t-fbd\/","name":"Poloautomatick\u00e9 za\u0159\u00edzen\u00ed pro odizolov\u00e1n\u00ed vodi\u010d\u016f, krimpov\u00e1n\u00ed a vkl\u00e1d\u00e1n\u00ed t\u011bsn\u011bn\u00ed BZW-2.5T FBD - Wire processor","isPartOf":{"@id":"https:\/\/wire-processor.eu\/en\/#website"},"primaryImageOfPage":{"@id":"https:\/\/wire-processor.eu\/cs\/oferta\/poloautomaticke-zarizeni-pro-odizolovani-vodicu-krimpovani-a-vkladani-tesneni-bzw-2-5t-fbd\/#primaryimage"},"image":{"@id":"https:\/\/wire-processor.eu\/cs\/oferta\/poloautomaticke-zarizeni-pro-odizolovani-vodicu-krimpovani-a-vkladani-tesneni-bzw-2-5t-fbd\/#primaryimage"},"thumbnailUrl":"https:\/\/wire-processor.eu\/wp-content\/uploads\/2019\/07\/BZW-2.5T-FBD-1.jpg","datePublished":"2019-07-09T20:10:33+00:00","dateModified":"2023-11-17T12:55:23+00:00","description":"Poloautomatick\u00e9 za\u0159\u00edzen\u00ed pro odizolov\u00e1n\u00ed vodi\u010d\u016f, krimpov\u00e1n\u00ed a vkl\u00e1d\u00e1n\u00ed t\u011bsn\u011bn\u00ed BZW-2.5T FBD Zde v\u00edce!","breadcrumb":{"@id":"https:\/\/wire-processor.eu\/cs\/oferta\/poloautomaticke-zarizeni-pro-odizolovani-vodicu-krimpovani-a-vkladani-tesneni-bzw-2-5t-fbd\/#breadcrumb"},"inLanguage":"cs","potentialAction":[{"@type":"ReadAction","target":["https:\/\/wire-processor.eu\/cs\/oferta\/poloautomaticke-zarizeni-pro-odizolovani-vodicu-krimpovani-a-vkladani-tesneni-bzw-2-5t-fbd\/"]}]},{"@type":"ImageObject","inLanguage":"cs","@id":"https:\/\/wire-processor.eu\/cs\/oferta\/poloautomaticke-zarizeni-pro-odizolovani-vodicu-krimpovani-a-vkladani-tesneni-bzw-2-5t-fbd\/#primaryimage","url":"https:\/\/wire-processor.eu\/wp-content\/uploads\/2019\/07\/BZW-2.5T-FBD-1.jpg","contentUrl":"https:\/\/wire-processor.eu\/wp-content\/uploads\/2019\/07\/BZW-2.5T-FBD-1.jpg","width":1200,"height":1200,"caption":"BZW-2.5T-FBD"},{"@type":"BreadcrumbList","@id":"https:\/\/wire-processor.eu\/cs\/oferta\/poloautomaticke-zarizeni-pro-odizolovani-vodicu-krimpovani-a-vkladani-tesneni-bzw-2-5t-fbd\/#breadcrumb","itemListElement":[{"@type":"ListItem","position":1,"name":"Strona g\u0142\u00f3wna","item":"https:\/\/wire-processor.eu\/cs\/"},{"@type":"ListItem","position":2,"name":"Nab\u00eddka","item":"https:\/\/wire-processor.eu\/cs\/nabidka\/"},{"@type":"ListItem","position":3,"name":"Poloautomatick\u00e9 za\u0159\u00edzen\u00ed pro odizolov\u00e1n\u00ed vodi\u010d\u016f, krimpov\u00e1n\u00ed a vkl\u00e1d\u00e1n\u00ed t\u011bsn\u011bn\u00ed BZW-2.5T FBD"}]},{"@type":"WebSite","@id":"https:\/\/wire-processor.eu\/en\/#website","url":"https:\/\/wire-processor.eu\/en\/","name":"Wire processor","description":"Maszyny do obr\u00f3bki przewod\u00f3w","publisher":{"@id":"https:\/\/wire-processor.eu\/en\/#organization"},"potentialAction":[{"@type":"SearchAction","target":{"@type":"EntryPoint","urlTemplate":"https:\/\/wire-processor.eu\/en\/?s={search_term_string}"},"query-input":{"@type":"PropertyValueSpecification","valueRequired":true,"valueName":"search_term_string"}}],"inLanguage":"cs"},{"@type":"Organization","@id":"https:\/\/wire-processor.eu\/en\/#organization","name":"Wire processor - maszyny do przewod\u00f3w","url":"https:\/\/wire-processor.eu\/en\/","logo":{"@type":"ImageObject","inLanguage":"cs","@id":"https:\/\/wire-processor.eu\/en\/#\/schema\/logo\/image\/","url":"https:\/\/wire-processor.eu\/wp-content\/uploads\/2018\/04\/Bozwang-_logo_producent1.png","contentUrl":"https:\/\/wire-processor.eu\/wp-content\/uploads\/2018\/04\/Bozwang-_logo_producent1.png","width":250,"height":33,"caption":"Wire processor - maszyny do przewod\u00f3w"},"image":{"@id":"https:\/\/wire-processor.eu\/en\/#\/schema\/logo\/image\/"}}]}},"_links":{"self":[{"href":"https:\/\/wire-processor.eu\/cs\/wp-json\/wp\/v2\/product\/14289","targetHints":{"allow":["GET"]}}],"collection":[{"href":"https:\/\/wire-processor.eu\/cs\/wp-json\/wp\/v2\/product"}],"about":[{"href":"https:\/\/wire-processor.eu\/cs\/wp-json\/wp\/v2\/types\/product"}],"wp:featuredmedia":[{"embeddable":true,"href":"https:\/\/wire-processor.eu\/cs\/wp-json\/wp\/v2\/media\/16528"}],"wp:attachment":[{"href":"https:\/\/wire-processor.eu\/cs\/wp-json\/wp\/v2\/media?parent=14289"}],"wp:term":[{"taxonomy":"product_brand","embeddable":true,"href":"https:\/\/wire-processor.eu\/cs\/wp-json\/wp\/v2\/product_brand?post=14289"},{"taxonomy":"product_cat","embeddable":true,"href":"https:\/\/wire-processor.eu\/cs\/wp-json\/wp\/v2\/product_cat?post=14289"},{"taxonomy":"product_tag","embeddable":true,"href":"https:\/\/wire-processor.eu\/cs\/wp-json\/wp\/v2\/product_tag?post=14289"}],"curies":[{"name":"wp","href":"https:\/\/api.w.org\/{rel}","templated":true}]}}