{"id":14300,"date":"2019-07-14T00:22:52","date_gmt":"2019-07-13T22:22:52","guid":{"rendered":"https:\/\/wire-processor.eu\/oferta\/nezarazene\/zarizeni-pro-rezani-a-stahovani-izolace-z-vodice-70-mm2-s-jednou-navijeci-jednotkou-bzw-882dh-70-s\/"},"modified":"2024-03-27T10:16:42","modified_gmt":"2024-03-27T09:16:42","slug":"zarizeni-pro-rezani-a-stahovani-izolace-z-vodice-70-mm2-s-jednou-navijeci-jednotkou-bzw-882dh-70-s","status":"publish","type":"product","link":"https:\/\/wire-processor.eu\/cs\/oferta\/zarizeni-pro-rezani-a-stahovani-izolace-z-vodice-70-mm2-s-jednou-navijeci-jednotkou-bzw-882dh-70-s\/","title":{"rendered":"P\u0159\u00edstroj na st\u0159\u00edh\u00e1n\u00ed a odizolov\u00e1n\u00ed izolace z kabelu o pr\u016f\u0159ezu 70 mm2 s jednou nav\u00edjec\u00ed jednotkou BZW-882DH-70 S."},"content":{"rendered":"","protected":false},"excerpt":{"rendered":"<div class=\"tlid-input input\">\n<div class=\"source-wrap\">\n<div class=\"input-full-height-wrapper tlid-input-full-height-wrapper\">\n<div class=\"source-input\">\n<div class=\"source-footer-wrap source-or-target-footer\">\n<div class=\"character-count tlid-character-count\">\n<div class=\"cc-ctr normal\">Jde o nov\u00fd mikroprocesorem \u0159\u00edzen\u00fd stroj pro zpracov\u00e1n\u00ed kabel\u016f. Zejm\u00e9na pou\u017e\u00edvan\u00fd pro zpracov\u00e1n\u00ed kabelov\u00fdch svazk\u016f v automobilov\u00e9m pr\u016fmyslu, energetick\u00e9m pr\u016fmyslu atd. Automatick\u00e9 st\u0159\u00edh\u00e1n\u00ed kabelu, odizolov\u00e1n\u00ed obou konc\u016f a sou\u010dasn\u00e9 odstran\u011bn\u00ed v\u00edce vrstev.<\/div>\n<\/div>\n<\/div>\n<\/div>\n<\/div>\n<\/div>\n<\/div>\n<div class=\"tlid-results-container results-container\">\n<div class=\"tlid-result result-dict-wrapper\">\n<div class=\"result tlid-copy-target\">\n<div class=\"text-wrap tlid-copy-target\">\n<div class=\"result-shield-container tlid-copy-target\" tabindex=\"0\"><span class=\"tlid-translation translation\" lang=\"pl\">Przemys\u0142owy uk\u0142ad kontroli poziomu i precyzyjny sterownik serwomechanizmu, zapewniaj\u0105 wysok\u0105 pr\u0119dko\u015b\u0107 i stabiln\u0105 prac\u0119 przez d\u0142ugi okres u\u017cytkowania.<br \/>\nPr\u016fmyslov\u00fd syst\u00e9m kontroly \u00farovn\u011b a p\u0159esn\u00fd \u0159\u00eddic\u00ed syst\u00e9m servomotoru, kter\u00e9 zaji\u0161\u0165uj\u00ed vysokou rychlost a stabiln\u00ed provoz po dlouhou dobu u\u017e\u00edv\u00e1n\u00ed.<br \/>\nAutomatick\u00e1 regulace pr\u016fm\u011bru kabelu, nen\u00ed pot\u0159eba m\u011bnit \u0159ezac\u00ed n\u00e1stroje pro r\u016fzn\u00e9 druhy kabel\u016f.<br \/>\nKabely s vn\u011bj\u0161\u00edm pr\u016fm\u011brem men\u0161\u00edm ne\u017e 14 mm lze snadno zpracov\u00e1vat, a vysok\u00e1 hodnota tahov\u00e9 s\u00edly zaji\u0161\u0165uje vysok\u00fd v\u00fdkon pr\u00e1ce. Stroj je multifunk\u010dn\u00ed, n\u011bkolik komunika\u010dn\u00edch port\u016f je vyhrazeno pro p\u0159ipojen\u00ed pomocn\u00fdch za\u0159\u00edzen\u00ed. Pomocn\u00e1 za\u0159\u00edzen\u00ed: automatick\u00fd pod\u00e1va\u010d kabelu, za\u0159\u00edzen\u00ed na p\u0159\u00edjem kabelu, mechanick\u00e1 ramena, sestava pro nav\u00edjen\u00ed kabelu a tak d\u00e1le.<\/span><\/div>\n<\/div>\n<\/div>\n<\/div>\n<\/div>\n","protected":false},"featured_media":15019,"template":"","meta":[],"product_brand":[],"product_cat":[560],"product_tag":[],"class_list":{"0":"post-14300","1":"product","2":"type-product","3":"status-publish","4":"has-post-thumbnail","6":"product_cat-automaty-na-zpracovani-vodicu","8":"first","9":"instock","10":"shipping-taxable","11":"product-type-simple"},"yoast_head":"<!-- This site is optimized with the Yoast SEO plugin v26.3 - https:\/\/yoast.com\/wordpress\/plugins\/seo\/ -->\n<title>P\u0159\u00edstroj na st\u0159\u00edh\u00e1n\u00ed a odizolov\u00e1n\u00ed izolace z kabelu 70 mm2 s jednou vinutou jednotkou BZW-882DH-70 S - Wire processor<\/title>\n<meta name=\"robots\" content=\"index, follow, max-snippet:-1, max-image-preview:large, max-video-preview:-1\" \/>\n<link rel=\"canonical\" href=\"https:\/\/wire-processor.eu\/cs\/oferta\/zarizeni-pro-rezani-a-stahovani-izolace-z-vodice-70-mm2-s-jednou-navijeci-jednotkou-bzw-882dh-70-s\/\" \/>\n<meta property=\"og:locale\" content=\"cs_CZ\" \/>\n<meta property=\"og:type\" content=\"article\" \/>\n<meta property=\"og:title\" content=\"P\u0159\u00edstroj na st\u0159\u00edh\u00e1n\u00ed a odizolov\u00e1n\u00ed izolace z kabelu 70 mm2 s jednou vinutou jednotkou BZW-882DH-70 S - Wire processor\" \/>\n<meta property=\"og:description\" content=\"Jde o nov\u00fd mikroprocesorem \u0159\u00edzen\u00fd stroj pro zpracov\u00e1n\u00ed kabel\u016f. Zejm\u00e9na pou\u017e\u00edvan\u00fd pro zpracov\u00e1n\u00ed kabelov\u00fdch svazk\u016f v automobilov\u00e9m pr\u016fmyslu, energetick\u00e9m pr\u016fmyslu atd. Automatick\u00e9 st\u0159\u00edh\u00e1n\u00ed kabelu, odizolov\u00e1n\u00ed obou konc\u016f a sou\u010dasn\u00e9 odstran\u011bn\u00ed v\u00edce vrstev.      Przemys\u0142owy uk\u0142ad kontroli poziomu i precyzyjny sterownik serwomechanizmu, zapewniaj\u0105 wysok\u0105 pr\u0119dko\u015b\u0107 i stabiln\u0105 prac\u0119 przez d\u0142ugi okres u\u017cytkowania. Pr\u016fmyslov\u00fd syst\u00e9m kontroly \u00farovn\u011b a p\u0159esn\u00fd \u0159\u00eddic\u00ed syst\u00e9m servomotoru, kter\u00e9 zaji\u0161\u0165uj\u00ed vysokou rychlost a stabiln\u00ed provoz po dlouhou dobu u\u017e\u00edv\u00e1n\u00ed. Automatick\u00e1 regulace pr\u016fm\u011bru kabelu, nen\u00ed pot\u0159eba m\u011bnit \u0159ezac\u00ed n\u00e1stroje pro r\u016fzn\u00e9 druhy kabel\u016f. Kabely s vn\u011bj\u0161\u00edm pr\u016fm\u011brem men\u0161\u00edm ne\u017e 14 mm lze snadno zpracov\u00e1vat, a vysok\u00e1 hodnota tahov\u00e9 s\u00edly zaji\u0161\u0165uje vysok\u00fd v\u00fdkon pr\u00e1ce. Stroj je multifunk\u010dn\u00ed, n\u011bkolik komunika\u010dn\u00edch port\u016f je vyhrazeno pro p\u0159ipojen\u00ed pomocn\u00fdch za\u0159\u00edzen\u00ed. Pomocn\u00e1 za\u0159\u00edzen\u00ed: automatick\u00fd pod\u00e1va\u010d kabelu, za\u0159\u00edzen\u00ed na p\u0159\u00edjem kabelu, mechanick\u00e1 ramena, sestava pro nav\u00edjen\u00ed kabelu a tak d\u00e1le.\" \/>\n<meta property=\"og:url\" content=\"https:\/\/wire-processor.eu\/cs\/oferta\/zarizeni-pro-rezani-a-stahovani-izolace-z-vodice-70-mm2-s-jednou-navijeci-jednotkou-bzw-882dh-70-s\/\" \/>\n<meta property=\"og:site_name\" content=\"Wire processor\" \/>\n<meta property=\"article:modified_time\" content=\"2024-03-27T09:16:42+00:00\" \/>\n<meta property=\"og:image\" content=\"https:\/\/wire-processor.eu\/wp-content\/uploads\/2019\/07\/BZW-882DH-70-S-v2.jpg\" \/>\n\t<meta property=\"og:image:width\" content=\"800\" \/>\n\t<meta property=\"og:image:height\" content=\"800\" \/>\n\t<meta property=\"og:image:type\" content=\"image\/jpeg\" \/>\n<meta name=\"twitter:card\" content=\"summary_large_image\" \/>\n<script type=\"application\/ld+json\" class=\"yoast-schema-graph\">{\"@context\":\"https:\/\/schema.org\",\"@graph\":[{\"@type\":\"WebPage\",\"@id\":\"https:\/\/wire-processor.eu\/cs\/oferta\/zarizeni-pro-rezani-a-stahovani-izolace-z-vodice-70-mm2-s-jednou-navijeci-jednotkou-bzw-882dh-70-s\/\",\"url\":\"https:\/\/wire-processor.eu\/cs\/oferta\/zarizeni-pro-rezani-a-stahovani-izolace-z-vodice-70-mm2-s-jednou-navijeci-jednotkou-bzw-882dh-70-s\/\",\"name\":\"P\u0159\u00edstroj na st\u0159\u00edh\u00e1n\u00ed a odizolov\u00e1n\u00ed izolace z kabelu 70 mm2 s jednou vinutou jednotkou BZW-882DH-70 S - Wire processor\",\"isPartOf\":{\"@id\":\"https:\/\/wire-processor.eu\/en\/#website\"},\"primaryImageOfPage\":{\"@id\":\"https:\/\/wire-processor.eu\/cs\/oferta\/zarizeni-pro-rezani-a-stahovani-izolace-z-vodice-70-mm2-s-jednou-navijeci-jednotkou-bzw-882dh-70-s\/#primaryimage\"},\"image\":{\"@id\":\"https:\/\/wire-processor.eu\/cs\/oferta\/zarizeni-pro-rezani-a-stahovani-izolace-z-vodice-70-mm2-s-jednou-navijeci-jednotkou-bzw-882dh-70-s\/#primaryimage\"},\"thumbnailUrl\":\"https:\/\/wire-processor.eu\/wp-content\/uploads\/2019\/07\/BZW-882DH-70-S-v2.jpg\",\"datePublished\":\"2019-07-13T22:22:52+00:00\",\"dateModified\":\"2024-03-27T09:16:42+00:00\",\"breadcrumb\":{\"@id\":\"https:\/\/wire-processor.eu\/cs\/oferta\/zarizeni-pro-rezani-a-stahovani-izolace-z-vodice-70-mm2-s-jednou-navijeci-jednotkou-bzw-882dh-70-s\/#breadcrumb\"},\"inLanguage\":\"cs\",\"potentialAction\":[{\"@type\":\"ReadAction\",\"target\":[\"https:\/\/wire-processor.eu\/cs\/oferta\/zarizeni-pro-rezani-a-stahovani-izolace-z-vodice-70-mm2-s-jednou-navijeci-jednotkou-bzw-882dh-70-s\/\"]}]},{\"@type\":\"ImageObject\",\"inLanguage\":\"cs\",\"@id\":\"https:\/\/wire-processor.eu\/cs\/oferta\/zarizeni-pro-rezani-a-stahovani-izolace-z-vodice-70-mm2-s-jednou-navijeci-jednotkou-bzw-882dh-70-s\/#primaryimage\",\"url\":\"https:\/\/wire-processor.eu\/wp-content\/uploads\/2019\/07\/BZW-882DH-70-S-v2.jpg\",\"contentUrl\":\"https:\/\/wire-processor.eu\/wp-content\/uploads\/2019\/07\/BZW-882DH-70-S-v2.jpg\",\"width\":800,\"height\":800,\"caption\":\"Urz\u0105dzenie do ci\u0119cia i zdejmowania izolacji z przewodu 70 mm2 z jedn\u0105 jednostk\u0105 nawijaj\u0105c\u0105 BZW-882DH-70 S\"},{\"@type\":\"BreadcrumbList\",\"@id\":\"https:\/\/wire-processor.eu\/cs\/oferta\/zarizeni-pro-rezani-a-stahovani-izolace-z-vodice-70-mm2-s-jednou-navijeci-jednotkou-bzw-882dh-70-s\/#breadcrumb\",\"itemListElement\":[{\"@type\":\"ListItem\",\"position\":1,\"name\":\"Strona g\u0142\u00f3wna\",\"item\":\"https:\/\/wire-processor.eu\/cs\/\"},{\"@type\":\"ListItem\",\"position\":2,\"name\":\"Nab\u00eddka\",\"item\":\"https:\/\/wire-processor.eu\/cs\/nabidka\/\"},{\"@type\":\"ListItem\",\"position\":3,\"name\":\"P\u0159\u00edstroj na st\u0159\u00edh\u00e1n\u00ed a odizolov\u00e1n\u00ed izolace z kabelu o pr\u016f\u0159ezu 70 mm2 s jednou nav\u00edjec\u00ed jednotkou BZW-882DH-70 S.\"}]},{\"@type\":\"WebSite\",\"@id\":\"https:\/\/wire-processor.eu\/en\/#website\",\"url\":\"https:\/\/wire-processor.eu\/en\/\",\"name\":\"Wire processor\",\"description\":\"Maszyny do obr\u00f3bki przewod\u00f3w\",\"publisher\":{\"@id\":\"https:\/\/wire-processor.eu\/en\/#organization\"},\"potentialAction\":[{\"@type\":\"SearchAction\",\"target\":{\"@type\":\"EntryPoint\",\"urlTemplate\":\"https:\/\/wire-processor.eu\/en\/?s={search_term_string}\"},\"query-input\":{\"@type\":\"PropertyValueSpecification\",\"valueRequired\":true,\"valueName\":\"search_term_string\"}}],\"inLanguage\":\"cs\"},{\"@type\":\"Organization\",\"@id\":\"https:\/\/wire-processor.eu\/en\/#organization\",\"name\":\"Wire processor - maszyny do przewod\u00f3w\",\"url\":\"https:\/\/wire-processor.eu\/en\/\",\"logo\":{\"@type\":\"ImageObject\",\"inLanguage\":\"cs\",\"@id\":\"https:\/\/wire-processor.eu\/en\/#\/schema\/logo\/image\/\",\"url\":\"https:\/\/wire-processor.eu\/wp-content\/uploads\/2018\/04\/Bozwang-_logo_producent1.png\",\"contentUrl\":\"https:\/\/wire-processor.eu\/wp-content\/uploads\/2018\/04\/Bozwang-_logo_producent1.png\",\"width\":250,\"height\":33,\"caption\":\"Wire processor - maszyny do przewod\u00f3w\"},\"image\":{\"@id\":\"https:\/\/wire-processor.eu\/en\/#\/schema\/logo\/image\/\"}}]}<\/script>\n<!-- \/ Yoast SEO plugin. -->","yoast_head_json":{"title":"P\u0159\u00edstroj na st\u0159\u00edh\u00e1n\u00ed a odizolov\u00e1n\u00ed izolace z kabelu 70 mm2 s jednou vinutou jednotkou BZW-882DH-70 S - Wire processor","robots":{"index":"index","follow":"follow","max-snippet":"max-snippet:-1","max-image-preview":"max-image-preview:large","max-video-preview":"max-video-preview:-1"},"canonical":"https:\/\/wire-processor.eu\/cs\/oferta\/zarizeni-pro-rezani-a-stahovani-izolace-z-vodice-70-mm2-s-jednou-navijeci-jednotkou-bzw-882dh-70-s\/","og_locale":"cs_CZ","og_type":"article","og_title":"P\u0159\u00edstroj na st\u0159\u00edh\u00e1n\u00ed a odizolov\u00e1n\u00ed izolace z kabelu 70 mm2 s jednou vinutou jednotkou BZW-882DH-70 S - Wire processor","og_description":"Jde o nov\u00fd mikroprocesorem \u0159\u00edzen\u00fd stroj pro zpracov\u00e1n\u00ed kabel\u016f. Zejm\u00e9na pou\u017e\u00edvan\u00fd pro zpracov\u00e1n\u00ed kabelov\u00fdch svazk\u016f v automobilov\u00e9m pr\u016fmyslu, energetick\u00e9m pr\u016fmyslu atd. Automatick\u00e9 st\u0159\u00edh\u00e1n\u00ed kabelu, odizolov\u00e1n\u00ed obou konc\u016f a sou\u010dasn\u00e9 odstran\u011bn\u00ed v\u00edce vrstev.      Przemys\u0142owy uk\u0142ad kontroli poziomu i precyzyjny sterownik serwomechanizmu, zapewniaj\u0105 wysok\u0105 pr\u0119dko\u015b\u0107 i stabiln\u0105 prac\u0119 przez d\u0142ugi okres u\u017cytkowania. Pr\u016fmyslov\u00fd syst\u00e9m kontroly \u00farovn\u011b a p\u0159esn\u00fd \u0159\u00eddic\u00ed syst\u00e9m servomotoru, kter\u00e9 zaji\u0161\u0165uj\u00ed vysokou rychlost a stabiln\u00ed provoz po dlouhou dobu u\u017e\u00edv\u00e1n\u00ed. Automatick\u00e1 regulace pr\u016fm\u011bru kabelu, nen\u00ed pot\u0159eba m\u011bnit \u0159ezac\u00ed n\u00e1stroje pro r\u016fzn\u00e9 druhy kabel\u016f. Kabely s vn\u011bj\u0161\u00edm pr\u016fm\u011brem men\u0161\u00edm ne\u017e 14 mm lze snadno zpracov\u00e1vat, a vysok\u00e1 hodnota tahov\u00e9 s\u00edly zaji\u0161\u0165uje vysok\u00fd v\u00fdkon pr\u00e1ce. Stroj je multifunk\u010dn\u00ed, n\u011bkolik komunika\u010dn\u00edch port\u016f je vyhrazeno pro p\u0159ipojen\u00ed pomocn\u00fdch za\u0159\u00edzen\u00ed. Pomocn\u00e1 za\u0159\u00edzen\u00ed: automatick\u00fd pod\u00e1va\u010d kabelu, za\u0159\u00edzen\u00ed na p\u0159\u00edjem kabelu, mechanick\u00e1 ramena, sestava pro nav\u00edjen\u00ed kabelu a tak d\u00e1le.","og_url":"https:\/\/wire-processor.eu\/cs\/oferta\/zarizeni-pro-rezani-a-stahovani-izolace-z-vodice-70-mm2-s-jednou-navijeci-jednotkou-bzw-882dh-70-s\/","og_site_name":"Wire processor","article_modified_time":"2024-03-27T09:16:42+00:00","og_image":[{"width":800,"height":800,"url":"https:\/\/wire-processor.eu\/wp-content\/uploads\/2019\/07\/BZW-882DH-70-S-v2.jpg","type":"image\/jpeg"}],"twitter_card":"summary_large_image","schema":{"@context":"https:\/\/schema.org","@graph":[{"@type":"WebPage","@id":"https:\/\/wire-processor.eu\/cs\/oferta\/zarizeni-pro-rezani-a-stahovani-izolace-z-vodice-70-mm2-s-jednou-navijeci-jednotkou-bzw-882dh-70-s\/","url":"https:\/\/wire-processor.eu\/cs\/oferta\/zarizeni-pro-rezani-a-stahovani-izolace-z-vodice-70-mm2-s-jednou-navijeci-jednotkou-bzw-882dh-70-s\/","name":"P\u0159\u00edstroj na st\u0159\u00edh\u00e1n\u00ed a odizolov\u00e1n\u00ed izolace z kabelu 70 mm2 s jednou vinutou jednotkou BZW-882DH-70 S - Wire processor","isPartOf":{"@id":"https:\/\/wire-processor.eu\/en\/#website"},"primaryImageOfPage":{"@id":"https:\/\/wire-processor.eu\/cs\/oferta\/zarizeni-pro-rezani-a-stahovani-izolace-z-vodice-70-mm2-s-jednou-navijeci-jednotkou-bzw-882dh-70-s\/#primaryimage"},"image":{"@id":"https:\/\/wire-processor.eu\/cs\/oferta\/zarizeni-pro-rezani-a-stahovani-izolace-z-vodice-70-mm2-s-jednou-navijeci-jednotkou-bzw-882dh-70-s\/#primaryimage"},"thumbnailUrl":"https:\/\/wire-processor.eu\/wp-content\/uploads\/2019\/07\/BZW-882DH-70-S-v2.jpg","datePublished":"2019-07-13T22:22:52+00:00","dateModified":"2024-03-27T09:16:42+00:00","breadcrumb":{"@id":"https:\/\/wire-processor.eu\/cs\/oferta\/zarizeni-pro-rezani-a-stahovani-izolace-z-vodice-70-mm2-s-jednou-navijeci-jednotkou-bzw-882dh-70-s\/#breadcrumb"},"inLanguage":"cs","potentialAction":[{"@type":"ReadAction","target":["https:\/\/wire-processor.eu\/cs\/oferta\/zarizeni-pro-rezani-a-stahovani-izolace-z-vodice-70-mm2-s-jednou-navijeci-jednotkou-bzw-882dh-70-s\/"]}]},{"@type":"ImageObject","inLanguage":"cs","@id":"https:\/\/wire-processor.eu\/cs\/oferta\/zarizeni-pro-rezani-a-stahovani-izolace-z-vodice-70-mm2-s-jednou-navijeci-jednotkou-bzw-882dh-70-s\/#primaryimage","url":"https:\/\/wire-processor.eu\/wp-content\/uploads\/2019\/07\/BZW-882DH-70-S-v2.jpg","contentUrl":"https:\/\/wire-processor.eu\/wp-content\/uploads\/2019\/07\/BZW-882DH-70-S-v2.jpg","width":800,"height":800,"caption":"Urz\u0105dzenie do ci\u0119cia i zdejmowania izolacji z przewodu 70 mm2 z jedn\u0105 jednostk\u0105 nawijaj\u0105c\u0105 BZW-882DH-70 S"},{"@type":"BreadcrumbList","@id":"https:\/\/wire-processor.eu\/cs\/oferta\/zarizeni-pro-rezani-a-stahovani-izolace-z-vodice-70-mm2-s-jednou-navijeci-jednotkou-bzw-882dh-70-s\/#breadcrumb","itemListElement":[{"@type":"ListItem","position":1,"name":"Strona g\u0142\u00f3wna","item":"https:\/\/wire-processor.eu\/cs\/"},{"@type":"ListItem","position":2,"name":"Nab\u00eddka","item":"https:\/\/wire-processor.eu\/cs\/nabidka\/"},{"@type":"ListItem","position":3,"name":"P\u0159\u00edstroj na st\u0159\u00edh\u00e1n\u00ed a odizolov\u00e1n\u00ed izolace z kabelu o pr\u016f\u0159ezu 70 mm2 s jednou nav\u00edjec\u00ed jednotkou BZW-882DH-70 S."}]},{"@type":"WebSite","@id":"https:\/\/wire-processor.eu\/en\/#website","url":"https:\/\/wire-processor.eu\/en\/","name":"Wire processor","description":"Maszyny do obr\u00f3bki przewod\u00f3w","publisher":{"@id":"https:\/\/wire-processor.eu\/en\/#organization"},"potentialAction":[{"@type":"SearchAction","target":{"@type":"EntryPoint","urlTemplate":"https:\/\/wire-processor.eu\/en\/?s={search_term_string}"},"query-input":{"@type":"PropertyValueSpecification","valueRequired":true,"valueName":"search_term_string"}}],"inLanguage":"cs"},{"@type":"Organization","@id":"https:\/\/wire-processor.eu\/en\/#organization","name":"Wire processor - maszyny do przewod\u00f3w","url":"https:\/\/wire-processor.eu\/en\/","logo":{"@type":"ImageObject","inLanguage":"cs","@id":"https:\/\/wire-processor.eu\/en\/#\/schema\/logo\/image\/","url":"https:\/\/wire-processor.eu\/wp-content\/uploads\/2018\/04\/Bozwang-_logo_producent1.png","contentUrl":"https:\/\/wire-processor.eu\/wp-content\/uploads\/2018\/04\/Bozwang-_logo_producent1.png","width":250,"height":33,"caption":"Wire processor - maszyny do przewod\u00f3w"},"image":{"@id":"https:\/\/wire-processor.eu\/en\/#\/schema\/logo\/image\/"}}]}},"_links":{"self":[{"href":"https:\/\/wire-processor.eu\/cs\/wp-json\/wp\/v2\/product\/14300","targetHints":{"allow":["GET"]}}],"collection":[{"href":"https:\/\/wire-processor.eu\/cs\/wp-json\/wp\/v2\/product"}],"about":[{"href":"https:\/\/wire-processor.eu\/cs\/wp-json\/wp\/v2\/types\/product"}],"wp:featuredmedia":[{"embeddable":true,"href":"https:\/\/wire-processor.eu\/cs\/wp-json\/wp\/v2\/media\/15019"}],"wp:attachment":[{"href":"https:\/\/wire-processor.eu\/cs\/wp-json\/wp\/v2\/media?parent=14300"}],"wp:term":[{"taxonomy":"product_brand","embeddable":true,"href":"https:\/\/wire-processor.eu\/cs\/wp-json\/wp\/v2\/product_brand?post=14300"},{"taxonomy":"product_cat","embeddable":true,"href":"https:\/\/wire-processor.eu\/cs\/wp-json\/wp\/v2\/product_cat?post=14300"},{"taxonomy":"product_tag","embeddable":true,"href":"https:\/\/wire-processor.eu\/cs\/wp-json\/wp\/v2\/product_tag?post=14300"}],"curies":[{"name":"wp","href":"https:\/\/api.w.org\/{rel}","templated":true}]}}