{"id":14306,"date":"2019-08-11T22:33:58","date_gmt":"2019-08-11T20:33:58","guid":{"rendered":"https:\/\/wire-processor.eu\/oferta\/nezarazene\/automat-pro-loupani-koncentrickych-kabelu-bzw-886d\/"},"modified":"2024-01-08T16:53:28","modified_gmt":"2024-01-08T15:53:28","slug":"automat-pro-loupani-koncentrickych-kabelu-bzw-886d","status":"publish","type":"product","link":"https:\/\/wire-processor.eu\/cs\/oferta\/automat-pro-loupani-koncentrickych-kabelu-bzw-886d\/","title":{"rendered":"Automat pro loup\u00e1n\u00ed koncentrick\u00fdch kabel\u016f BZW-886D"},"content":{"rendered":"<p>Hlavn\u011b pou\u017e\u00edvan\u00e9 pro odstra\u0148ov\u00e1n\u00ed izolace z v\u00edcevrstv\u00fdch koaxi\u00e1ln\u00edch kabel\u016f;<\/p>\n<p>Vybaven\u00e9 dotykov\u00fdm rozhran\u00edm, hloubku odizolov\u00e1n\u00ed, rychlost, vzd\u00e1lenost a \u010das rotace lze zadat digit\u00e1ln\u011b.<\/p>\n<p>Vyu\u017e\u00edv\u00e1 nejmodern\u011bj\u0161\u00ed ot\u00e1\u010dec\u00ed \u0159ezac\u00ed r\u00e1m pro zv\u00fd\u0161en\u00ed p\u0159esnosti a rychlosti zpracov\u00e1n\u00ed.<\/p>\n<p>Opre\u010den\u00e9 speci\u00e1ln\u00edm za\u0159\u00edzen\u00edm pro pozicov\u00e1n\u00ed osy a rota\u010dn\u00edm \u0159ezac\u00edm n\u00e1strojem, schopn\u00e9 odstranit a\u017e 9 vrstev, m\u016f\u017ee zpracov\u00e1vat r\u016fzn\u00e9 velikosti vodi\u010d\u016f bez pot\u0159eby v\u00fdm\u011bny no\u017e\u016f.<\/p>\n<p>Za\u0159\u00edzen\u00ed pro svorkov\u00e1n\u00ed vodi\u010d\u016f: m\u00e1 automatick\u00e9 centrov\u00e1n\u00ed.<\/p>\n","protected":false},"excerpt":{"rendered":"<p>Automatick\u00fd stroj BZW-886D je ur\u010den pro odizolov\u00e1v\u00e1n\u00ed koaxi\u00e1ln\u00edch kabel\u016f. Tento stroj se vyzna\u010duje vysokou efektivitou a \u0161irok\u00fdm rozsahem odizolov\u00e1n\u00ed od 0,1 mm do 200 mm. Je nap\u00e1jen nap\u011bt\u00edm 230V AC. BZW-886D umo\u017e\u0148uje odizolov\u00e1n\u00ed a\u017e 9 vrstev. Odizolov\u00e1n\u00ed prob\u00edh\u00e1 pomoc\u00ed rota\u010dn\u00edch no\u017e\u016f, co\u017e zaji\u0161\u0165uje velmi vysokou p\u0159esnost a rychlost operace.<br \/>\n<iframe width=\"560\" height=\"315\" src=\"https:\/\/www.youtube-nocookie.com\/embed\/GFBlyHifzN4?si=hj5uIk01Y-ZbeEzv\" title=\"YouTube video player\" frameborder=\"0\" allow=\"accelerometer; autoplay; clipboard-write; encrypted-media; gyroscope; picture-in-picture; web-share\" allowfullscreen><\/iframe><\/p>\n","protected":false},"featured_media":16734,"template":"","meta":[],"product_brand":[],"product_cat":[553],"product_tag":[],"class_list":{"0":"post-14306","1":"product","2":"type-product","3":"status-publish","4":"has-post-thumbnail","6":"product_cat-zarizeni-na-zpracovani-koncentrickych-kabelu","8":"first","9":"instock","10":"featured","11":"shipping-taxable","12":"product-type-simple"},"yoast_head":"<!-- This site is optimized with the Yoast SEO plugin v26.3 - https:\/\/yoast.com\/wordpress\/plugins\/seo\/ -->\n<title>Automat pro loup\u00e1n\u00ed koncentrick\u00fdch kabel\u016f BZW-886D - Wire processor<\/title>\n<meta name=\"description\" content=\"Za\u0159\u00edzen\u00ed pro automatick\u00e9 odizolov\u00e1n\u00ed koaxi\u00e1ln\u00edch kabel\u016f. Stroje pro zpracov\u00e1n\u00ed koaxi\u00e1ln\u00edch kabel\u016f umo\u017e\u0148uj\u00ed odizolov\u00e1n\u00ed a\u017e 9 vrstev. Stroje na zpracov\u00e1n\u00ed kabel\u016f. Vyzkou\u0161ejte!\" \/>\n<meta name=\"robots\" content=\"index, follow, max-snippet:-1, max-image-preview:large, max-video-preview:-1\" \/>\n<link rel=\"canonical\" href=\"https:\/\/wire-processor.eu\/cs\/oferta\/automat-pro-loupani-koncentrickych-kabelu-bzw-886d\/\" \/>\n<meta property=\"og:locale\" content=\"cs_CZ\" \/>\n<meta property=\"og:type\" content=\"article\" \/>\n<meta property=\"og:title\" content=\"Automat pro loup\u00e1n\u00ed koncentrick\u00fdch kabel\u016f BZW-886D - Wire processor\" \/>\n<meta property=\"og:description\" content=\"Za\u0159\u00edzen\u00ed pro automatick\u00e9 odizolov\u00e1n\u00ed koaxi\u00e1ln\u00edch kabel\u016f. Stroje pro zpracov\u00e1n\u00ed koaxi\u00e1ln\u00edch kabel\u016f umo\u017e\u0148uj\u00ed odizolov\u00e1n\u00ed a\u017e 9 vrstev. Stroje na zpracov\u00e1n\u00ed kabel\u016f. Vyzkou\u0161ejte!\" \/>\n<meta property=\"og:url\" content=\"https:\/\/wire-processor.eu\/cs\/oferta\/automat-pro-loupani-koncentrickych-kabelu-bzw-886d\/\" \/>\n<meta property=\"og:site_name\" content=\"Wire processor\" \/>\n<meta property=\"article:modified_time\" content=\"2024-01-08T15:53:28+00:00\" \/>\n<meta property=\"og:image\" content=\"https:\/\/wire-processor.eu\/wp-content\/uploads\/2019\/08\/BZW-886DV5.jpg\" \/>\n\t<meta property=\"og:image:width\" content=\"800\" \/>\n\t<meta property=\"og:image:height\" content=\"800\" \/>\n\t<meta property=\"og:image:type\" content=\"image\/jpeg\" \/>\n<meta name=\"twitter:card\" content=\"summary_large_image\" \/>\n<meta name=\"twitter:label1\" content=\"Odhadovan\u00e1 doba \u010dten\u00ed\" \/>\n\t<meta name=\"twitter:data1\" content=\"1 minuta\" \/>\n<script type=\"application\/ld+json\" class=\"yoast-schema-graph\">{\"@context\":\"https:\/\/schema.org\",\"@graph\":[{\"@type\":\"WebPage\",\"@id\":\"https:\/\/wire-processor.eu\/cs\/oferta\/automat-pro-loupani-koncentrickych-kabelu-bzw-886d\/\",\"url\":\"https:\/\/wire-processor.eu\/cs\/oferta\/automat-pro-loupani-koncentrickych-kabelu-bzw-886d\/\",\"name\":\"Automat pro loup\u00e1n\u00ed koncentrick\u00fdch kabel\u016f BZW-886D - Wire processor\",\"isPartOf\":{\"@id\":\"https:\/\/wire-processor.eu\/en\/#website\"},\"primaryImageOfPage\":{\"@id\":\"https:\/\/wire-processor.eu\/cs\/oferta\/automat-pro-loupani-koncentrickych-kabelu-bzw-886d\/#primaryimage\"},\"image\":{\"@id\":\"https:\/\/wire-processor.eu\/cs\/oferta\/automat-pro-loupani-koncentrickych-kabelu-bzw-886d\/#primaryimage\"},\"thumbnailUrl\":\"https:\/\/wire-processor.eu\/wp-content\/uploads\/2019\/08\/BZW-886DV5.jpg\",\"datePublished\":\"2019-08-11T20:33:58+00:00\",\"dateModified\":\"2024-01-08T15:53:28+00:00\",\"description\":\"Za\u0159\u00edzen\u00ed pro automatick\u00e9 odizolov\u00e1n\u00ed koaxi\u00e1ln\u00edch kabel\u016f. Stroje pro zpracov\u00e1n\u00ed koaxi\u00e1ln\u00edch kabel\u016f umo\u017e\u0148uj\u00ed odizolov\u00e1n\u00ed a\u017e 9 vrstev. Stroje na zpracov\u00e1n\u00ed kabel\u016f. Vyzkou\u0161ejte!\",\"breadcrumb\":{\"@id\":\"https:\/\/wire-processor.eu\/cs\/oferta\/automat-pro-loupani-koncentrickych-kabelu-bzw-886d\/#breadcrumb\"},\"inLanguage\":\"cs\",\"potentialAction\":[{\"@type\":\"ReadAction\",\"target\":[\"https:\/\/wire-processor.eu\/cs\/oferta\/automat-pro-loupani-koncentrickych-kabelu-bzw-886d\/\"]}]},{\"@type\":\"ImageObject\",\"inLanguage\":\"cs\",\"@id\":\"https:\/\/wire-processor.eu\/cs\/oferta\/automat-pro-loupani-koncentrickych-kabelu-bzw-886d\/#primaryimage\",\"url\":\"https:\/\/wire-processor.eu\/wp-content\/uploads\/2019\/08\/BZW-886DV5.jpg\",\"contentUrl\":\"https:\/\/wire-processor.eu\/wp-content\/uploads\/2019\/08\/BZW-886DV5.jpg\",\"width\":800,\"height\":800,\"caption\":\"Automat do skr\u00f3wania kabli koncentrycznych BZW-886D\"},{\"@type\":\"BreadcrumbList\",\"@id\":\"https:\/\/wire-processor.eu\/cs\/oferta\/automat-pro-loupani-koncentrickych-kabelu-bzw-886d\/#breadcrumb\",\"itemListElement\":[{\"@type\":\"ListItem\",\"position\":1,\"name\":\"Strona g\u0142\u00f3wna\",\"item\":\"https:\/\/wire-processor.eu\/cs\/\"},{\"@type\":\"ListItem\",\"position\":2,\"name\":\"Nab\u00eddka\",\"item\":\"https:\/\/wire-processor.eu\/cs\/nabidka\/\"},{\"@type\":\"ListItem\",\"position\":3,\"name\":\"Automat pro loup\u00e1n\u00ed koncentrick\u00fdch kabel\u016f BZW-886D\"}]},{\"@type\":\"WebSite\",\"@id\":\"https:\/\/wire-processor.eu\/en\/#website\",\"url\":\"https:\/\/wire-processor.eu\/en\/\",\"name\":\"Wire processor\",\"description\":\"Maszyny do obr\u00f3bki przewod\u00f3w\",\"publisher\":{\"@id\":\"https:\/\/wire-processor.eu\/en\/#organization\"},\"potentialAction\":[{\"@type\":\"SearchAction\",\"target\":{\"@type\":\"EntryPoint\",\"urlTemplate\":\"https:\/\/wire-processor.eu\/en\/?s={search_term_string}\"},\"query-input\":{\"@type\":\"PropertyValueSpecification\",\"valueRequired\":true,\"valueName\":\"search_term_string\"}}],\"inLanguage\":\"cs\"},{\"@type\":\"Organization\",\"@id\":\"https:\/\/wire-processor.eu\/en\/#organization\",\"name\":\"Wire processor - maszyny do przewod\u00f3w\",\"url\":\"https:\/\/wire-processor.eu\/en\/\",\"logo\":{\"@type\":\"ImageObject\",\"inLanguage\":\"cs\",\"@id\":\"https:\/\/wire-processor.eu\/en\/#\/schema\/logo\/image\/\",\"url\":\"https:\/\/wire-processor.eu\/wp-content\/uploads\/2018\/04\/Bozwang-_logo_producent1.png\",\"contentUrl\":\"https:\/\/wire-processor.eu\/wp-content\/uploads\/2018\/04\/Bozwang-_logo_producent1.png\",\"width\":250,\"height\":33,\"caption\":\"Wire processor - maszyny do przewod\u00f3w\"},\"image\":{\"@id\":\"https:\/\/wire-processor.eu\/en\/#\/schema\/logo\/image\/\"}}]}<\/script>\n<!-- \/ Yoast SEO plugin. -->","yoast_head_json":{"title":"Automat pro loup\u00e1n\u00ed koncentrick\u00fdch kabel\u016f BZW-886D - Wire processor","description":"Za\u0159\u00edzen\u00ed pro automatick\u00e9 odizolov\u00e1n\u00ed koaxi\u00e1ln\u00edch kabel\u016f. Stroje pro zpracov\u00e1n\u00ed koaxi\u00e1ln\u00edch kabel\u016f umo\u017e\u0148uj\u00ed odizolov\u00e1n\u00ed a\u017e 9 vrstev. Stroje na zpracov\u00e1n\u00ed kabel\u016f. Vyzkou\u0161ejte!","robots":{"index":"index","follow":"follow","max-snippet":"max-snippet:-1","max-image-preview":"max-image-preview:large","max-video-preview":"max-video-preview:-1"},"canonical":"https:\/\/wire-processor.eu\/cs\/oferta\/automat-pro-loupani-koncentrickych-kabelu-bzw-886d\/","og_locale":"cs_CZ","og_type":"article","og_title":"Automat pro loup\u00e1n\u00ed koncentrick\u00fdch kabel\u016f BZW-886D - Wire processor","og_description":"Za\u0159\u00edzen\u00ed pro automatick\u00e9 odizolov\u00e1n\u00ed koaxi\u00e1ln\u00edch kabel\u016f. Stroje pro zpracov\u00e1n\u00ed koaxi\u00e1ln\u00edch kabel\u016f umo\u017e\u0148uj\u00ed odizolov\u00e1n\u00ed a\u017e 9 vrstev. Stroje na zpracov\u00e1n\u00ed kabel\u016f. Vyzkou\u0161ejte!","og_url":"https:\/\/wire-processor.eu\/cs\/oferta\/automat-pro-loupani-koncentrickych-kabelu-bzw-886d\/","og_site_name":"Wire processor","article_modified_time":"2024-01-08T15:53:28+00:00","og_image":[{"width":800,"height":800,"url":"https:\/\/wire-processor.eu\/wp-content\/uploads\/2019\/08\/BZW-886DV5.jpg","type":"image\/jpeg"}],"twitter_card":"summary_large_image","twitter_misc":{"Odhadovan\u00e1 doba \u010dten\u00ed":"1 minuta"},"schema":{"@context":"https:\/\/schema.org","@graph":[{"@type":"WebPage","@id":"https:\/\/wire-processor.eu\/cs\/oferta\/automat-pro-loupani-koncentrickych-kabelu-bzw-886d\/","url":"https:\/\/wire-processor.eu\/cs\/oferta\/automat-pro-loupani-koncentrickych-kabelu-bzw-886d\/","name":"Automat pro loup\u00e1n\u00ed koncentrick\u00fdch kabel\u016f BZW-886D - Wire processor","isPartOf":{"@id":"https:\/\/wire-processor.eu\/en\/#website"},"primaryImageOfPage":{"@id":"https:\/\/wire-processor.eu\/cs\/oferta\/automat-pro-loupani-koncentrickych-kabelu-bzw-886d\/#primaryimage"},"image":{"@id":"https:\/\/wire-processor.eu\/cs\/oferta\/automat-pro-loupani-koncentrickych-kabelu-bzw-886d\/#primaryimage"},"thumbnailUrl":"https:\/\/wire-processor.eu\/wp-content\/uploads\/2019\/08\/BZW-886DV5.jpg","datePublished":"2019-08-11T20:33:58+00:00","dateModified":"2024-01-08T15:53:28+00:00","description":"Za\u0159\u00edzen\u00ed pro automatick\u00e9 odizolov\u00e1n\u00ed koaxi\u00e1ln\u00edch kabel\u016f. Stroje pro zpracov\u00e1n\u00ed koaxi\u00e1ln\u00edch kabel\u016f umo\u017e\u0148uj\u00ed odizolov\u00e1n\u00ed a\u017e 9 vrstev. Stroje na zpracov\u00e1n\u00ed kabel\u016f. Vyzkou\u0161ejte!","breadcrumb":{"@id":"https:\/\/wire-processor.eu\/cs\/oferta\/automat-pro-loupani-koncentrickych-kabelu-bzw-886d\/#breadcrumb"},"inLanguage":"cs","potentialAction":[{"@type":"ReadAction","target":["https:\/\/wire-processor.eu\/cs\/oferta\/automat-pro-loupani-koncentrickych-kabelu-bzw-886d\/"]}]},{"@type":"ImageObject","inLanguage":"cs","@id":"https:\/\/wire-processor.eu\/cs\/oferta\/automat-pro-loupani-koncentrickych-kabelu-bzw-886d\/#primaryimage","url":"https:\/\/wire-processor.eu\/wp-content\/uploads\/2019\/08\/BZW-886DV5.jpg","contentUrl":"https:\/\/wire-processor.eu\/wp-content\/uploads\/2019\/08\/BZW-886DV5.jpg","width":800,"height":800,"caption":"Automat do skr\u00f3wania kabli koncentrycznych BZW-886D"},{"@type":"BreadcrumbList","@id":"https:\/\/wire-processor.eu\/cs\/oferta\/automat-pro-loupani-koncentrickych-kabelu-bzw-886d\/#breadcrumb","itemListElement":[{"@type":"ListItem","position":1,"name":"Strona g\u0142\u00f3wna","item":"https:\/\/wire-processor.eu\/cs\/"},{"@type":"ListItem","position":2,"name":"Nab\u00eddka","item":"https:\/\/wire-processor.eu\/cs\/nabidka\/"},{"@type":"ListItem","position":3,"name":"Automat pro loup\u00e1n\u00ed koncentrick\u00fdch kabel\u016f BZW-886D"}]},{"@type":"WebSite","@id":"https:\/\/wire-processor.eu\/en\/#website","url":"https:\/\/wire-processor.eu\/en\/","name":"Wire processor","description":"Maszyny do obr\u00f3bki przewod\u00f3w","publisher":{"@id":"https:\/\/wire-processor.eu\/en\/#organization"},"potentialAction":[{"@type":"SearchAction","target":{"@type":"EntryPoint","urlTemplate":"https:\/\/wire-processor.eu\/en\/?s={search_term_string}"},"query-input":{"@type":"PropertyValueSpecification","valueRequired":true,"valueName":"search_term_string"}}],"inLanguage":"cs"},{"@type":"Organization","@id":"https:\/\/wire-processor.eu\/en\/#organization","name":"Wire processor - maszyny do przewod\u00f3w","url":"https:\/\/wire-processor.eu\/en\/","logo":{"@type":"ImageObject","inLanguage":"cs","@id":"https:\/\/wire-processor.eu\/en\/#\/schema\/logo\/image\/","url":"https:\/\/wire-processor.eu\/wp-content\/uploads\/2018\/04\/Bozwang-_logo_producent1.png","contentUrl":"https:\/\/wire-processor.eu\/wp-content\/uploads\/2018\/04\/Bozwang-_logo_producent1.png","width":250,"height":33,"caption":"Wire processor - maszyny do przewod\u00f3w"},"image":{"@id":"https:\/\/wire-processor.eu\/en\/#\/schema\/logo\/image\/"}}]}},"_links":{"self":[{"href":"https:\/\/wire-processor.eu\/cs\/wp-json\/wp\/v2\/product\/14306","targetHints":{"allow":["GET"]}}],"collection":[{"href":"https:\/\/wire-processor.eu\/cs\/wp-json\/wp\/v2\/product"}],"about":[{"href":"https:\/\/wire-processor.eu\/cs\/wp-json\/wp\/v2\/types\/product"}],"wp:featuredmedia":[{"embeddable":true,"href":"https:\/\/wire-processor.eu\/cs\/wp-json\/wp\/v2\/media\/16734"}],"wp:attachment":[{"href":"https:\/\/wire-processor.eu\/cs\/wp-json\/wp\/v2\/media?parent=14306"}],"wp:term":[{"taxonomy":"product_brand","embeddable":true,"href":"https:\/\/wire-processor.eu\/cs\/wp-json\/wp\/v2\/product_brand?post=14306"},{"taxonomy":"product_cat","embeddable":true,"href":"https:\/\/wire-processor.eu\/cs\/wp-json\/wp\/v2\/product_cat?post=14306"},{"taxonomy":"product_tag","embeddable":true,"href":"https:\/\/wire-processor.eu\/cs\/wp-json\/wp\/v2\/product_tag?post=14306"}],"curies":[{"name":"wp","href":"https:\/\/api.w.org\/{rel}","templated":true}]}}