{"id":14479,"date":"2020-03-28T13:13:16","date_gmt":"2020-03-28T12:13:16","guid":{"rendered":"https:\/\/wire-processor.eu\/oferta\/lis-pro-lisovani-koncovek-bzw-4040t\/"},"modified":"2024-03-20T14:30:04","modified_gmt":"2024-03-20T13:30:04","slug":"lis-pro-lisovani-koncovek-bzw-4040t","status":"publish","type":"product","link":"https:\/\/wire-processor.eu\/cs\/oferta\/lis-pro-lisovani-koncovek-bzw-4040t\/","title":{"rendered":"Zaklepovaln\u00edk na svorky &#8211; BZW-4040T"},"content":{"rendered":"<p>Zaklepovaln\u00edk svorek <strong>BZW-4040T<\/strong> je charakterizov\u00e1n mimo\u0159\u00e1dn\u011b tich\u00fdm provozem a \u00fasporou energie.<br \/>\nZa\u0159\u00edzen\u00ed je velmi stabiln\u00ed a m\u00e1 vysokou spolehlivost.<br \/>\nNastaviteln\u00e1 v\u00fd\u0161ka uzav\u0159en\u00ed s p\u0159esnost\u00ed 0,02 mm. Mo\u017enost pou\u017eit\u00ed r\u016fzn\u00fdch typ\u016f forem. Vybavena rychlou v\u00fdm\u011bnou formy pro zatlakov\u00e1n\u00ed.<br \/>\nSyst\u00e9m je kompatibiln\u00ed s<\/p>\n<ul>\n<li>pneumatick\u00fdmi podava\u010di,<\/li>\n<li>za\u0159\u00edzen\u00edmi pro p\u0159\u00edjem pap\u00edru z role,<\/li>\n<li>od\u0159ez\u00e1v\u00e1n\u00edm odpadk\u016f.<\/li>\n<\/ul>\n<p>BZW-4040T je vybaven syst\u00e9mem ochrany proti p\u0159et\u00ed\u017een\u00ed stroje a ochrann\u00fdm krytem pro oper\u00e1tora.<br \/>\nSyst\u00e9m sledov\u00e1n\u00ed zat\u00ed\u017een\u00ed lze nainstalovat k monitorov\u00e1n\u00ed produktu v re\u00e1ln\u00e9m \u010dase.<\/p>\n<p>Mo\u017enost instalace syst\u00e9mu pro kontrolu kvality zat\u00ed\u017een\u00ed &#8211; monitoring v\u00fdroby v re\u00e1ln\u00e9m \u010dase.<\/p>\n","protected":false},"excerpt":{"rendered":"<p>Press for crimping terminals with a power of 40 kN. Stroje na \u00fapravu vodi\u010d\u016f.<\/p>\n<p><iframe src=\"https:\/\/www.youtube-nocookie.com\/embed\/2F3d-YlLHPQ\" width=\"560\" height=\"315\" frameborder=\"0\" allowfullscreen=\"allowfullscreen\"><\/iframe><\/p>\n","protected":false},"featured_media":14426,"template":"","meta":[],"product_brand":[],"product_cat":[548],"product_tag":[737,739,740],"class_list":{"0":"post-14479","1":"product","2":"type-product","3":"status-publish","4":"has-post-thumbnail","6":"product_cat-poloautomaticka-zarizeni-na-lisovani-koncovek","7":"product_tag-lis-pro-lisovani-koncovek","8":"product_tag-lisovani-koncovek","9":"product_tag-lisovani-koncovek-cs","11":"first","12":"instock","13":"shipping-taxable","14":"product-type-simple"},"yoast_head":"<!-- This site is optimized with the Yoast SEO plugin v26.3 - https:\/\/yoast.com\/wordpress\/plugins\/seo\/ -->\n<title>Zaklepovaln\u00edk na svorky - BZW-4040T - Wire processor<\/title>\n<meta name=\"description\" content=\"Tich\u00fd, polautomatick\u00fd lis pro svorkov\u00e1n\u00ed termin\u00e1l\u016f s v\u00fdkonem 40 kN - BZW-4040T. Stroje na \u00fapravu vodi\u010d\u016f. Pr\u016fb\u011bh.\" \/>\n<meta name=\"robots\" content=\"index, follow, max-snippet:-1, max-image-preview:large, max-video-preview:-1\" \/>\n<link rel=\"canonical\" href=\"https:\/\/wire-processor.eu\/cs\/oferta\/lis-pro-lisovani-koncovek-bzw-4040t\/\" \/>\n<meta property=\"og:locale\" content=\"cs_CZ\" \/>\n<meta property=\"og:type\" content=\"article\" \/>\n<meta property=\"og:title\" content=\"Zaklepovaln\u00edk na svorky - BZW-4040T - Wire processor\" \/>\n<meta property=\"og:description\" content=\"Tich\u00fd, polautomatick\u00fd lis pro svorkov\u00e1n\u00ed termin\u00e1l\u016f s v\u00fdkonem 40 kN - BZW-4040T. Stroje na \u00fapravu vodi\u010d\u016f. Pr\u016fb\u011bh.\" \/>\n<meta property=\"og:url\" content=\"https:\/\/wire-processor.eu\/cs\/oferta\/lis-pro-lisovani-koncovek-bzw-4040t\/\" \/>\n<meta property=\"og:site_name\" content=\"Wire processor\" \/>\n<meta property=\"article:modified_time\" content=\"2024-03-20T13:30:04+00:00\" \/>\n<meta property=\"og:image\" content=\"https:\/\/wire-processor.eu\/wp-content\/uploads\/2020\/03\/Maszyny-do-terminali-BZW-4040T.jpg\" \/>\n\t<meta property=\"og:image:width\" content=\"800\" \/>\n\t<meta property=\"og:image:height\" content=\"800\" \/>\n\t<meta property=\"og:image:type\" content=\"image\/jpeg\" \/>\n<meta name=\"twitter:card\" content=\"summary_large_image\" \/>\n<meta name=\"twitter:label1\" content=\"Odhadovan\u00e1 doba \u010dten\u00ed\" \/>\n\t<meta name=\"twitter:data1\" content=\"1 minuta\" \/>\n<script type=\"application\/ld+json\" class=\"yoast-schema-graph\">{\"@context\":\"https:\/\/schema.org\",\"@graph\":[{\"@type\":\"WebPage\",\"@id\":\"https:\/\/wire-processor.eu\/cs\/oferta\/lis-pro-lisovani-koncovek-bzw-4040t\/\",\"url\":\"https:\/\/wire-processor.eu\/cs\/oferta\/lis-pro-lisovani-koncovek-bzw-4040t\/\",\"name\":\"Zaklepovaln\u00edk na svorky - BZW-4040T - Wire processor\",\"isPartOf\":{\"@id\":\"https:\/\/wire-processor.eu\/en\/#website\"},\"primaryImageOfPage\":{\"@id\":\"https:\/\/wire-processor.eu\/cs\/oferta\/lis-pro-lisovani-koncovek-bzw-4040t\/#primaryimage\"},\"image\":{\"@id\":\"https:\/\/wire-processor.eu\/cs\/oferta\/lis-pro-lisovani-koncovek-bzw-4040t\/#primaryimage\"},\"thumbnailUrl\":\"https:\/\/wire-processor.eu\/wp-content\/uploads\/2020\/03\/Maszyny-do-terminali-BZW-4040T.jpg\",\"datePublished\":\"2020-03-28T12:13:16+00:00\",\"dateModified\":\"2024-03-20T13:30:04+00:00\",\"description\":\"Tich\u00fd, polautomatick\u00fd lis pro svorkov\u00e1n\u00ed termin\u00e1l\u016f s v\u00fdkonem 40 kN - BZW-4040T. Stroje na \u00fapravu vodi\u010d\u016f. Pr\u016fb\u011bh.\",\"breadcrumb\":{\"@id\":\"https:\/\/wire-processor.eu\/cs\/oferta\/lis-pro-lisovani-koncovek-bzw-4040t\/#breadcrumb\"},\"inLanguage\":\"cs\",\"potentialAction\":[{\"@type\":\"ReadAction\",\"target\":[\"https:\/\/wire-processor.eu\/cs\/oferta\/lis-pro-lisovani-koncovek-bzw-4040t\/\"]}]},{\"@type\":\"ImageObject\",\"inLanguage\":\"cs\",\"@id\":\"https:\/\/wire-processor.eu\/cs\/oferta\/lis-pro-lisovani-koncovek-bzw-4040t\/#primaryimage\",\"url\":\"https:\/\/wire-processor.eu\/wp-content\/uploads\/2020\/03\/Maszyny-do-terminali-BZW-4040T.jpg\",\"contentUrl\":\"https:\/\/wire-processor.eu\/wp-content\/uploads\/2020\/03\/Maszyny-do-terminali-BZW-4040T.jpg\",\"width\":800,\"height\":800,\"caption\":\"Stroj na zaklepov\u00e1n\u00ed termin\u00e1l\u016f BZW-4040T\"},{\"@type\":\"BreadcrumbList\",\"@id\":\"https:\/\/wire-processor.eu\/cs\/oferta\/lis-pro-lisovani-koncovek-bzw-4040t\/#breadcrumb\",\"itemListElement\":[{\"@type\":\"ListItem\",\"position\":1,\"name\":\"Strona g\u0142\u00f3wna\",\"item\":\"https:\/\/wire-processor.eu\/cs\/\"},{\"@type\":\"ListItem\",\"position\":2,\"name\":\"Nab\u00eddka\",\"item\":\"https:\/\/wire-processor.eu\/cs\/nabidka\/\"},{\"@type\":\"ListItem\",\"position\":3,\"name\":\"Zaklepovaln\u00edk na svorky &#8211; BZW-4040T\"}]},{\"@type\":\"WebSite\",\"@id\":\"https:\/\/wire-processor.eu\/en\/#website\",\"url\":\"https:\/\/wire-processor.eu\/en\/\",\"name\":\"Wire processor\",\"description\":\"Maszyny do obr\u00f3bki przewod\u00f3w\",\"publisher\":{\"@id\":\"https:\/\/wire-processor.eu\/en\/#organization\"},\"potentialAction\":[{\"@type\":\"SearchAction\",\"target\":{\"@type\":\"EntryPoint\",\"urlTemplate\":\"https:\/\/wire-processor.eu\/en\/?s={search_term_string}\"},\"query-input\":{\"@type\":\"PropertyValueSpecification\",\"valueRequired\":true,\"valueName\":\"search_term_string\"}}],\"inLanguage\":\"cs\"},{\"@type\":\"Organization\",\"@id\":\"https:\/\/wire-processor.eu\/en\/#organization\",\"name\":\"Wire processor - maszyny do przewod\u00f3w\",\"url\":\"https:\/\/wire-processor.eu\/en\/\",\"logo\":{\"@type\":\"ImageObject\",\"inLanguage\":\"cs\",\"@id\":\"https:\/\/wire-processor.eu\/en\/#\/schema\/logo\/image\/\",\"url\":\"https:\/\/wire-processor.eu\/wp-content\/uploads\/2018\/04\/Bozwang-_logo_producent1.png\",\"contentUrl\":\"https:\/\/wire-processor.eu\/wp-content\/uploads\/2018\/04\/Bozwang-_logo_producent1.png\",\"width\":250,\"height\":33,\"caption\":\"Wire processor - maszyny do przewod\u00f3w\"},\"image\":{\"@id\":\"https:\/\/wire-processor.eu\/en\/#\/schema\/logo\/image\/\"}}]}<\/script>\n<!-- \/ Yoast SEO plugin. -->","yoast_head_json":{"title":"Zaklepovaln\u00edk na svorky - BZW-4040T - Wire processor","description":"Tich\u00fd, polautomatick\u00fd lis pro svorkov\u00e1n\u00ed termin\u00e1l\u016f s v\u00fdkonem 40 kN - BZW-4040T. Stroje na \u00fapravu vodi\u010d\u016f. Pr\u016fb\u011bh.","robots":{"index":"index","follow":"follow","max-snippet":"max-snippet:-1","max-image-preview":"max-image-preview:large","max-video-preview":"max-video-preview:-1"},"canonical":"https:\/\/wire-processor.eu\/cs\/oferta\/lis-pro-lisovani-koncovek-bzw-4040t\/","og_locale":"cs_CZ","og_type":"article","og_title":"Zaklepovaln\u00edk na svorky - BZW-4040T - Wire processor","og_description":"Tich\u00fd, polautomatick\u00fd lis pro svorkov\u00e1n\u00ed termin\u00e1l\u016f s v\u00fdkonem 40 kN - BZW-4040T. Stroje na \u00fapravu vodi\u010d\u016f. Pr\u016fb\u011bh.","og_url":"https:\/\/wire-processor.eu\/cs\/oferta\/lis-pro-lisovani-koncovek-bzw-4040t\/","og_site_name":"Wire processor","article_modified_time":"2024-03-20T13:30:04+00:00","og_image":[{"width":800,"height":800,"url":"https:\/\/wire-processor.eu\/wp-content\/uploads\/2020\/03\/Maszyny-do-terminali-BZW-4040T.jpg","type":"image\/jpeg"}],"twitter_card":"summary_large_image","twitter_misc":{"Odhadovan\u00e1 doba \u010dten\u00ed":"1 minuta"},"schema":{"@context":"https:\/\/schema.org","@graph":[{"@type":"WebPage","@id":"https:\/\/wire-processor.eu\/cs\/oferta\/lis-pro-lisovani-koncovek-bzw-4040t\/","url":"https:\/\/wire-processor.eu\/cs\/oferta\/lis-pro-lisovani-koncovek-bzw-4040t\/","name":"Zaklepovaln\u00edk na svorky - BZW-4040T - Wire processor","isPartOf":{"@id":"https:\/\/wire-processor.eu\/en\/#website"},"primaryImageOfPage":{"@id":"https:\/\/wire-processor.eu\/cs\/oferta\/lis-pro-lisovani-koncovek-bzw-4040t\/#primaryimage"},"image":{"@id":"https:\/\/wire-processor.eu\/cs\/oferta\/lis-pro-lisovani-koncovek-bzw-4040t\/#primaryimage"},"thumbnailUrl":"https:\/\/wire-processor.eu\/wp-content\/uploads\/2020\/03\/Maszyny-do-terminali-BZW-4040T.jpg","datePublished":"2020-03-28T12:13:16+00:00","dateModified":"2024-03-20T13:30:04+00:00","description":"Tich\u00fd, polautomatick\u00fd lis pro svorkov\u00e1n\u00ed termin\u00e1l\u016f s v\u00fdkonem 40 kN - BZW-4040T. Stroje na \u00fapravu vodi\u010d\u016f. Pr\u016fb\u011bh.","breadcrumb":{"@id":"https:\/\/wire-processor.eu\/cs\/oferta\/lis-pro-lisovani-koncovek-bzw-4040t\/#breadcrumb"},"inLanguage":"cs","potentialAction":[{"@type":"ReadAction","target":["https:\/\/wire-processor.eu\/cs\/oferta\/lis-pro-lisovani-koncovek-bzw-4040t\/"]}]},{"@type":"ImageObject","inLanguage":"cs","@id":"https:\/\/wire-processor.eu\/cs\/oferta\/lis-pro-lisovani-koncovek-bzw-4040t\/#primaryimage","url":"https:\/\/wire-processor.eu\/wp-content\/uploads\/2020\/03\/Maszyny-do-terminali-BZW-4040T.jpg","contentUrl":"https:\/\/wire-processor.eu\/wp-content\/uploads\/2020\/03\/Maszyny-do-terminali-BZW-4040T.jpg","width":800,"height":800,"caption":"Stroj na zaklepov\u00e1n\u00ed termin\u00e1l\u016f BZW-4040T"},{"@type":"BreadcrumbList","@id":"https:\/\/wire-processor.eu\/cs\/oferta\/lis-pro-lisovani-koncovek-bzw-4040t\/#breadcrumb","itemListElement":[{"@type":"ListItem","position":1,"name":"Strona g\u0142\u00f3wna","item":"https:\/\/wire-processor.eu\/cs\/"},{"@type":"ListItem","position":2,"name":"Nab\u00eddka","item":"https:\/\/wire-processor.eu\/cs\/nabidka\/"},{"@type":"ListItem","position":3,"name":"Zaklepovaln\u00edk na svorky &#8211; BZW-4040T"}]},{"@type":"WebSite","@id":"https:\/\/wire-processor.eu\/en\/#website","url":"https:\/\/wire-processor.eu\/en\/","name":"Wire processor","description":"Maszyny do obr\u00f3bki przewod\u00f3w","publisher":{"@id":"https:\/\/wire-processor.eu\/en\/#organization"},"potentialAction":[{"@type":"SearchAction","target":{"@type":"EntryPoint","urlTemplate":"https:\/\/wire-processor.eu\/en\/?s={search_term_string}"},"query-input":{"@type":"PropertyValueSpecification","valueRequired":true,"valueName":"search_term_string"}}],"inLanguage":"cs"},{"@type":"Organization","@id":"https:\/\/wire-processor.eu\/en\/#organization","name":"Wire processor - maszyny do przewod\u00f3w","url":"https:\/\/wire-processor.eu\/en\/","logo":{"@type":"ImageObject","inLanguage":"cs","@id":"https:\/\/wire-processor.eu\/en\/#\/schema\/logo\/image\/","url":"https:\/\/wire-processor.eu\/wp-content\/uploads\/2018\/04\/Bozwang-_logo_producent1.png","contentUrl":"https:\/\/wire-processor.eu\/wp-content\/uploads\/2018\/04\/Bozwang-_logo_producent1.png","width":250,"height":33,"caption":"Wire processor - maszyny do przewod\u00f3w"},"image":{"@id":"https:\/\/wire-processor.eu\/en\/#\/schema\/logo\/image\/"}}]}},"_links":{"self":[{"href":"https:\/\/wire-processor.eu\/cs\/wp-json\/wp\/v2\/product\/14479","targetHints":{"allow":["GET"]}}],"collection":[{"href":"https:\/\/wire-processor.eu\/cs\/wp-json\/wp\/v2\/product"}],"about":[{"href":"https:\/\/wire-processor.eu\/cs\/wp-json\/wp\/v2\/types\/product"}],"wp:featuredmedia":[{"embeddable":true,"href":"https:\/\/wire-processor.eu\/cs\/wp-json\/wp\/v2\/media\/14426"}],"wp:attachment":[{"href":"https:\/\/wire-processor.eu\/cs\/wp-json\/wp\/v2\/media?parent=14479"}],"wp:term":[{"taxonomy":"product_brand","embeddable":true,"href":"https:\/\/wire-processor.eu\/cs\/wp-json\/wp\/v2\/product_brand?post=14479"},{"taxonomy":"product_cat","embeddable":true,"href":"https:\/\/wire-processor.eu\/cs\/wp-json\/wp\/v2\/product_cat?post=14479"},{"taxonomy":"product_tag","embeddable":true,"href":"https:\/\/wire-processor.eu\/cs\/wp-json\/wp\/v2\/product_tag?post=14479"}],"curies":[{"name":"wp","href":"https:\/\/api.w.org\/{rel}","templated":true}]}}