{"id":14727,"date":"2020-12-29T21:09:53","date_gmt":"2020-12-29T20:09:53","guid":{"rendered":"https:\/\/wire-processor.eu\/oferta\/automat-pro-strihani-a-odizolovani-vodicu-bzw-882dj-s-tiskarnou-pro-potisk-vodicu-its-prv380p-w\/"},"modified":"2024-03-27T09:41:17","modified_gmt":"2024-03-27T08:41:17","slug":"automat-pro-strihani-a-odizolovani-vodicu-bzw-882dj-s-tiskarnou-pro-potisk-vodicu-its-prv380p-w","status":"publish","type":"product","link":"https:\/\/wire-processor.eu\/cs\/oferta\/automat-pro-strihani-a-odizolovani-vodicu-bzw-882dj-s-tiskarnou-pro-potisk-vodicu-its-prv380p-w\/","title":{"rendered":"Automatick\u00fd stroj na st\u0159\u00edh\u00e1n\u00ed a izolaci kabel\u016f BZW-882DJ + tisk\u00e1rna na kabely ITS-PRV380P-W."},"content":{"rendered":"<h2>Automatick\u00fd stroj na st\u0159\u00edh\u00e1n\u00ed a izolaci kabel\u016f BZW-882DJ.<\/h2>\n<p>BZW-882DJ je za\u0159\u00edzen\u00ed ur\u010den\u00e9 k st\u0159\u00edh\u00e1n\u00ed a odizolov\u00e1n\u00ed vodi\u010d\u016f o pr\u016f\u0159ezu od 0,1 do 6 mm\u00b2 pokryt\u00fdch PVC, PE, teflonem, silikonem a dal\u0161\u00edmi druhy plast\u016f. Za\u0159\u00edzen\u00ed m\u016f\u017ee st\u0159\u00edhat kabely v rozsahu od 1 do 99999 mm s p\u0159esnost\u00ed \u00b1(0,2 % * L + 1) mm. Je mo\u017en\u00e9 nastavit a\u017e 13 odlupovac\u00edch cykl\u016f pro jednu \u0159ezanou sekci. Za\u0159\u00edzen\u00ed disponuje 4 hnac\u00edmi koly. Rychlost pod\u00e1v\u00e1n\u00ed kabelu a\u017e 2 m\/s (p\u0159ibli\u017en\u011b 7,2 km\/h).<\/p>\n<p>Technick\u00e9 \u00fadaje:<\/p>\n<ul>\n<li>Nap\u00e1jen\u00ed: 230 V AC<\/li>\n<li>Hmotnost: 32 kg<\/li>\n<li>Rozm\u011bry: 420\u00d7340\u00d7280 mm<\/li>\n<li>V\u00fdkon motoru: 0,2 kW<\/li>\n<\/ul>\n<h2>Tisk\u00e1rna na kabely ITS-PRV380P-W<\/h2>\n<p>Tisk\u00e1rna na kabely ITS-PRV380P-W je charakterizov\u00e1na modern\u00edm a ergonomick\u00fdm designem. Snadn\u00e9 ovl\u00e1d\u00e1n\u00ed je zaji\u0161t\u011bno pomoc\u00ed u\u017eivatelsky p\u0159\u00edv\u011btiv\u00e9ho rozhran\u00ed a dotykov\u00e9ho ovl\u00e1d\u00e1n\u00ed na velk\u00e9m, a\u017e 8 palcov\u00e9m, barevn\u00e9m displeji. Ve tiskov\u00e9 hlavici byl pou\u017eit teplotn\u00ed senzor, kter\u00fd p\u0159edch\u00e1z\u00ed blokov\u00e1n\u00ed tisk\u00e1rny, a inkoust v n\u00e1dr\u017e\u00edch je sm\u00edch\u00e1n kontinu\u00e1ln\u00edm zp\u016fsobem. N\u00e1pln\u011b s inkoustem jsou vybaveny \u010dipy, kter\u00e9 pr\u016fb\u011b\u017en\u011b informuj\u00ed u\u017eivatele o stavu za\u0159\u00edzen\u00ed.<\/p>\n<p>V\u00fd\u0161ka vyti\u0161t\u011bn\u00e9ho textu (p\u00edsma) od 1,5 do 20 mm. Rozli\u0161en\u00ed tisku (maxim\u00e1ln\u00ed bodov\u00e1 matrice tisku):<\/p>\n<ul>\n<li>Jednotliv\u00e9 \u0159\u00e1dky: 5\u00d75; 5x 7; 8\u00d712; 11\u00d716; 17\u00d724; 24x 24; 32\u00d732<\/li>\n<li>Dv\u011b \u0159\u00e1dky: 5\u00d75; 5x 7; 8\u00d712; 12\u00d712<\/li>\n<li>T\u0159i \u0159\u00e1dky: 5\u00d75; 5\u00d77; 8\u00d78<\/li>\n<li>\u010cty\u0159i \u0159\u00e1dky: 5\u00d75; 5\u00d77<\/li>\n<\/ul>\n<p>Technick\u00e9 \u00fadaje:<\/p>\n<ul>\n<li>Nap\u00e1jen\u00ed: 230 V AC<\/li>\n<li>Vy\u017eadov\u00e1no je nap\u00e1jen\u00ed stla\u010den\u00fdm vzduchem.<\/li>\n<li>Hmotnost: 30 kg<\/li>\n<li>Rozm\u011bry: 581 x 397 x 245 mm<\/li>\n<\/ul>\n<p>&nbsp;<\/p>\n","protected":false},"excerpt":{"rendered":"<p>Prezentovan\u00e1 sada umo\u017e\u0148uje st\u0159\u00edh\u00e1n\u00ed, odlupov\u00e1n\u00ed a ozna\u010dov\u00e1n\u00ed kabel\u016f. Sada se skl\u00e1d\u00e1 z:<\/p>\n<ul>\n<li>Automatick\u00fd stroj na st\u0159\u00edh\u00e1n\u00ed a izolaci kabel\u016f BZW-882DJ.<\/li>\n<li>Tisk\u00e1rna na kabely ITS-PRV380P-W.<\/li>\n<\/ul>\n","protected":false},"featured_media":14640,"template":"","meta":[],"product_brand":[],"product_cat":[560],"product_tag":[1389,810,1390,1391,1392,811],"class_list":{"0":"post-14727","1":"product","2":"type-product","3":"status-publish","4":"has-post-thumbnail","6":"product_cat-automaty-na-zpracovani-vodicu","7":"product_tag-odepinani-kabelu","8":"product_tag-rezani-kabelu","9":"product_tag-stroje-na-kabely","10":"product_tag-stroje-na-zpracovani-kabelu","11":"product_tag-tisk-na-kabelech","12":"product_tag-tiskarna-pro-potisk-vodicu","14":"first","15":"instock","16":"shipping-taxable","17":"product-type-simple"},"yoast_head":"<!-- This site is optimized with the Yoast SEO plugin v26.3 - https:\/\/yoast.com\/wordpress\/plugins\/seo\/ -->\n<title>Automatick\u00fd stroj na st\u0159\u00edh\u00e1n\u00ed a izolaci kabel\u016f BZW-882DJ + tisk\u00e1rna na kabely ITS-PRV380P-W. - Wire processor<\/title>\n<meta name=\"description\" content=\"Sada pro st\u0159\u00edh\u00e1n\u00ed, izolaci a ozna\u010dov\u00e1n\u00ed kabel\u016f. Sklad sady: tisk\u00e1rna na kabely ITS-PRV380P-W a automatick\u00fd stroj na kabely BZW-882DJ.\" \/>\n<meta name=\"robots\" content=\"index, follow, max-snippet:-1, max-image-preview:large, max-video-preview:-1\" \/>\n<link rel=\"canonical\" href=\"https:\/\/wire-processor.eu\/cs\/oferta\/automat-pro-strihani-a-odizolovani-vodicu-bzw-882dj-s-tiskarnou-pro-potisk-vodicu-its-prv380p-w\/\" \/>\n<meta property=\"og:locale\" content=\"cs_CZ\" \/>\n<meta property=\"og:type\" content=\"article\" \/>\n<meta property=\"og:title\" content=\"Automatick\u00fd stroj na st\u0159\u00edh\u00e1n\u00ed a izolaci kabel\u016f BZW-882DJ + tisk\u00e1rna na kabely ITS-PRV380P-W. - Wire processor\" \/>\n<meta property=\"og:description\" content=\"Sada pro st\u0159\u00edh\u00e1n\u00ed, izolaci a ozna\u010dov\u00e1n\u00ed kabel\u016f. Sklad sady: tisk\u00e1rna na kabely ITS-PRV380P-W a automatick\u00fd stroj na kabely BZW-882DJ.\" \/>\n<meta property=\"og:url\" content=\"https:\/\/wire-processor.eu\/cs\/oferta\/automat-pro-strihani-a-odizolovani-vodicu-bzw-882dj-s-tiskarnou-pro-potisk-vodicu-its-prv380p-w\/\" \/>\n<meta property=\"og:site_name\" content=\"Wire processor\" \/>\n<meta property=\"article:modified_time\" content=\"2024-03-27T08:41:17+00:00\" \/>\n<meta property=\"og:image\" content=\"https:\/\/wire-processor.eu\/wp-content\/uploads\/2020\/12\/IMG_2669-Edit.jpg\" \/>\n\t<meta property=\"og:image:width\" content=\"800\" \/>\n\t<meta property=\"og:image:height\" content=\"800\" \/>\n\t<meta property=\"og:image:type\" content=\"image\/jpeg\" \/>\n<meta name=\"twitter:card\" content=\"summary_large_image\" \/>\n<meta name=\"twitter:label1\" content=\"Odhadovan\u00e1 doba \u010dten\u00ed\" \/>\n\t<meta name=\"twitter:data1\" content=\"1 minuta\" \/>\n<script type=\"application\/ld+json\" class=\"yoast-schema-graph\">{\"@context\":\"https:\/\/schema.org\",\"@graph\":[{\"@type\":\"WebPage\",\"@id\":\"https:\/\/wire-processor.eu\/cs\/oferta\/automat-pro-strihani-a-odizolovani-vodicu-bzw-882dj-s-tiskarnou-pro-potisk-vodicu-its-prv380p-w\/\",\"url\":\"https:\/\/wire-processor.eu\/cs\/oferta\/automat-pro-strihani-a-odizolovani-vodicu-bzw-882dj-s-tiskarnou-pro-potisk-vodicu-its-prv380p-w\/\",\"name\":\"Automatick\u00fd stroj na st\u0159\u00edh\u00e1n\u00ed a izolaci kabel\u016f BZW-882DJ + tisk\u00e1rna na kabely ITS-PRV380P-W. - Wire processor\",\"isPartOf\":{\"@id\":\"https:\/\/wire-processor.eu\/en\/#website\"},\"primaryImageOfPage\":{\"@id\":\"https:\/\/wire-processor.eu\/cs\/oferta\/automat-pro-strihani-a-odizolovani-vodicu-bzw-882dj-s-tiskarnou-pro-potisk-vodicu-its-prv380p-w\/#primaryimage\"},\"image\":{\"@id\":\"https:\/\/wire-processor.eu\/cs\/oferta\/automat-pro-strihani-a-odizolovani-vodicu-bzw-882dj-s-tiskarnou-pro-potisk-vodicu-its-prv380p-w\/#primaryimage\"},\"thumbnailUrl\":\"https:\/\/wire-processor.eu\/wp-content\/uploads\/2020\/12\/IMG_2669-Edit.jpg\",\"datePublished\":\"2020-12-29T20:09:53+00:00\",\"dateModified\":\"2024-03-27T08:41:17+00:00\",\"description\":\"Sada pro st\u0159\u00edh\u00e1n\u00ed, izolaci a ozna\u010dov\u00e1n\u00ed kabel\u016f. Sklad sady: tisk\u00e1rna na kabely ITS-PRV380P-W a automatick\u00fd stroj na kabely BZW-882DJ.\",\"breadcrumb\":{\"@id\":\"https:\/\/wire-processor.eu\/cs\/oferta\/automat-pro-strihani-a-odizolovani-vodicu-bzw-882dj-s-tiskarnou-pro-potisk-vodicu-its-prv380p-w\/#breadcrumb\"},\"inLanguage\":\"cs\",\"potentialAction\":[{\"@type\":\"ReadAction\",\"target\":[\"https:\/\/wire-processor.eu\/cs\/oferta\/automat-pro-strihani-a-odizolovani-vodicu-bzw-882dj-s-tiskarnou-pro-potisk-vodicu-its-prv380p-w\/\"]}]},{\"@type\":\"ImageObject\",\"inLanguage\":\"cs\",\"@id\":\"https:\/\/wire-processor.eu\/cs\/oferta\/automat-pro-strihani-a-odizolovani-vodicu-bzw-882dj-s-tiskarnou-pro-potisk-vodicu-its-prv380p-w\/#primaryimage\",\"url\":\"https:\/\/wire-processor.eu\/wp-content\/uploads\/2020\/12\/IMG_2669-Edit.jpg\",\"contentUrl\":\"https:\/\/wire-processor.eu\/wp-content\/uploads\/2020\/12\/IMG_2669-Edit.jpg\",\"width\":800,\"height\":800,\"caption\":\"Sada obsahuj\u00edc\u00ed automatick\u00fd stroj na st\u0159\u00edh\u00e1n\u00ed a izolaci kabel\u016f BZW-882DJ spole\u010dn\u011b s tisk\u00e1rnou pro tisk na kabelech.\"},{\"@type\":\"BreadcrumbList\",\"@id\":\"https:\/\/wire-processor.eu\/cs\/oferta\/automat-pro-strihani-a-odizolovani-vodicu-bzw-882dj-s-tiskarnou-pro-potisk-vodicu-its-prv380p-w\/#breadcrumb\",\"itemListElement\":[{\"@type\":\"ListItem\",\"position\":1,\"name\":\"Strona g\u0142\u00f3wna\",\"item\":\"https:\/\/wire-processor.eu\/cs\/\"},{\"@type\":\"ListItem\",\"position\":2,\"name\":\"Nab\u00eddka\",\"item\":\"https:\/\/wire-processor.eu\/cs\/nabidka\/\"},{\"@type\":\"ListItem\",\"position\":3,\"name\":\"Automatick\u00fd stroj na st\u0159\u00edh\u00e1n\u00ed a izolaci kabel\u016f BZW-882DJ + tisk\u00e1rna na kabely ITS-PRV380P-W.\"}]},{\"@type\":\"WebSite\",\"@id\":\"https:\/\/wire-processor.eu\/en\/#website\",\"url\":\"https:\/\/wire-processor.eu\/en\/\",\"name\":\"Wire processor\",\"description\":\"Maszyny do obr\u00f3bki przewod\u00f3w\",\"publisher\":{\"@id\":\"https:\/\/wire-processor.eu\/en\/#organization\"},\"potentialAction\":[{\"@type\":\"SearchAction\",\"target\":{\"@type\":\"EntryPoint\",\"urlTemplate\":\"https:\/\/wire-processor.eu\/en\/?s={search_term_string}\"},\"query-input\":{\"@type\":\"PropertyValueSpecification\",\"valueRequired\":true,\"valueName\":\"search_term_string\"}}],\"inLanguage\":\"cs\"},{\"@type\":\"Organization\",\"@id\":\"https:\/\/wire-processor.eu\/en\/#organization\",\"name\":\"Wire processor - maszyny do przewod\u00f3w\",\"url\":\"https:\/\/wire-processor.eu\/en\/\",\"logo\":{\"@type\":\"ImageObject\",\"inLanguage\":\"cs\",\"@id\":\"https:\/\/wire-processor.eu\/en\/#\/schema\/logo\/image\/\",\"url\":\"https:\/\/wire-processor.eu\/wp-content\/uploads\/2018\/04\/Bozwang-_logo_producent1.png\",\"contentUrl\":\"https:\/\/wire-processor.eu\/wp-content\/uploads\/2018\/04\/Bozwang-_logo_producent1.png\",\"width\":250,\"height\":33,\"caption\":\"Wire processor - maszyny do przewod\u00f3w\"},\"image\":{\"@id\":\"https:\/\/wire-processor.eu\/en\/#\/schema\/logo\/image\/\"}}]}<\/script>\n<!-- \/ Yoast SEO plugin. -->","yoast_head_json":{"title":"Automatick\u00fd stroj na st\u0159\u00edh\u00e1n\u00ed a izolaci kabel\u016f BZW-882DJ + tisk\u00e1rna na kabely ITS-PRV380P-W. - Wire processor","description":"Sada pro st\u0159\u00edh\u00e1n\u00ed, izolaci a ozna\u010dov\u00e1n\u00ed kabel\u016f. Sklad sady: tisk\u00e1rna na kabely ITS-PRV380P-W a automatick\u00fd stroj na kabely BZW-882DJ.","robots":{"index":"index","follow":"follow","max-snippet":"max-snippet:-1","max-image-preview":"max-image-preview:large","max-video-preview":"max-video-preview:-1"},"canonical":"https:\/\/wire-processor.eu\/cs\/oferta\/automat-pro-strihani-a-odizolovani-vodicu-bzw-882dj-s-tiskarnou-pro-potisk-vodicu-its-prv380p-w\/","og_locale":"cs_CZ","og_type":"article","og_title":"Automatick\u00fd stroj na st\u0159\u00edh\u00e1n\u00ed a izolaci kabel\u016f BZW-882DJ + tisk\u00e1rna na kabely ITS-PRV380P-W. - Wire processor","og_description":"Sada pro st\u0159\u00edh\u00e1n\u00ed, izolaci a ozna\u010dov\u00e1n\u00ed kabel\u016f. Sklad sady: tisk\u00e1rna na kabely ITS-PRV380P-W a automatick\u00fd stroj na kabely BZW-882DJ.","og_url":"https:\/\/wire-processor.eu\/cs\/oferta\/automat-pro-strihani-a-odizolovani-vodicu-bzw-882dj-s-tiskarnou-pro-potisk-vodicu-its-prv380p-w\/","og_site_name":"Wire processor","article_modified_time":"2024-03-27T08:41:17+00:00","og_image":[{"width":800,"height":800,"url":"https:\/\/wire-processor.eu\/wp-content\/uploads\/2020\/12\/IMG_2669-Edit.jpg","type":"image\/jpeg"}],"twitter_card":"summary_large_image","twitter_misc":{"Odhadovan\u00e1 doba \u010dten\u00ed":"1 minuta"},"schema":{"@context":"https:\/\/schema.org","@graph":[{"@type":"WebPage","@id":"https:\/\/wire-processor.eu\/cs\/oferta\/automat-pro-strihani-a-odizolovani-vodicu-bzw-882dj-s-tiskarnou-pro-potisk-vodicu-its-prv380p-w\/","url":"https:\/\/wire-processor.eu\/cs\/oferta\/automat-pro-strihani-a-odizolovani-vodicu-bzw-882dj-s-tiskarnou-pro-potisk-vodicu-its-prv380p-w\/","name":"Automatick\u00fd stroj na st\u0159\u00edh\u00e1n\u00ed a izolaci kabel\u016f BZW-882DJ + tisk\u00e1rna na kabely ITS-PRV380P-W. - Wire processor","isPartOf":{"@id":"https:\/\/wire-processor.eu\/en\/#website"},"primaryImageOfPage":{"@id":"https:\/\/wire-processor.eu\/cs\/oferta\/automat-pro-strihani-a-odizolovani-vodicu-bzw-882dj-s-tiskarnou-pro-potisk-vodicu-its-prv380p-w\/#primaryimage"},"image":{"@id":"https:\/\/wire-processor.eu\/cs\/oferta\/automat-pro-strihani-a-odizolovani-vodicu-bzw-882dj-s-tiskarnou-pro-potisk-vodicu-its-prv380p-w\/#primaryimage"},"thumbnailUrl":"https:\/\/wire-processor.eu\/wp-content\/uploads\/2020\/12\/IMG_2669-Edit.jpg","datePublished":"2020-12-29T20:09:53+00:00","dateModified":"2024-03-27T08:41:17+00:00","description":"Sada pro st\u0159\u00edh\u00e1n\u00ed, izolaci a ozna\u010dov\u00e1n\u00ed kabel\u016f. Sklad sady: tisk\u00e1rna na kabely ITS-PRV380P-W a automatick\u00fd stroj na kabely BZW-882DJ.","breadcrumb":{"@id":"https:\/\/wire-processor.eu\/cs\/oferta\/automat-pro-strihani-a-odizolovani-vodicu-bzw-882dj-s-tiskarnou-pro-potisk-vodicu-its-prv380p-w\/#breadcrumb"},"inLanguage":"cs","potentialAction":[{"@type":"ReadAction","target":["https:\/\/wire-processor.eu\/cs\/oferta\/automat-pro-strihani-a-odizolovani-vodicu-bzw-882dj-s-tiskarnou-pro-potisk-vodicu-its-prv380p-w\/"]}]},{"@type":"ImageObject","inLanguage":"cs","@id":"https:\/\/wire-processor.eu\/cs\/oferta\/automat-pro-strihani-a-odizolovani-vodicu-bzw-882dj-s-tiskarnou-pro-potisk-vodicu-its-prv380p-w\/#primaryimage","url":"https:\/\/wire-processor.eu\/wp-content\/uploads\/2020\/12\/IMG_2669-Edit.jpg","contentUrl":"https:\/\/wire-processor.eu\/wp-content\/uploads\/2020\/12\/IMG_2669-Edit.jpg","width":800,"height":800,"caption":"Sada obsahuj\u00edc\u00ed automatick\u00fd stroj na st\u0159\u00edh\u00e1n\u00ed a izolaci kabel\u016f BZW-882DJ spole\u010dn\u011b s tisk\u00e1rnou pro tisk na kabelech."},{"@type":"BreadcrumbList","@id":"https:\/\/wire-processor.eu\/cs\/oferta\/automat-pro-strihani-a-odizolovani-vodicu-bzw-882dj-s-tiskarnou-pro-potisk-vodicu-its-prv380p-w\/#breadcrumb","itemListElement":[{"@type":"ListItem","position":1,"name":"Strona g\u0142\u00f3wna","item":"https:\/\/wire-processor.eu\/cs\/"},{"@type":"ListItem","position":2,"name":"Nab\u00eddka","item":"https:\/\/wire-processor.eu\/cs\/nabidka\/"},{"@type":"ListItem","position":3,"name":"Automatick\u00fd stroj na st\u0159\u00edh\u00e1n\u00ed a izolaci kabel\u016f BZW-882DJ + tisk\u00e1rna na kabely ITS-PRV380P-W."}]},{"@type":"WebSite","@id":"https:\/\/wire-processor.eu\/en\/#website","url":"https:\/\/wire-processor.eu\/en\/","name":"Wire processor","description":"Maszyny do obr\u00f3bki przewod\u00f3w","publisher":{"@id":"https:\/\/wire-processor.eu\/en\/#organization"},"potentialAction":[{"@type":"SearchAction","target":{"@type":"EntryPoint","urlTemplate":"https:\/\/wire-processor.eu\/en\/?s={search_term_string}"},"query-input":{"@type":"PropertyValueSpecification","valueRequired":true,"valueName":"search_term_string"}}],"inLanguage":"cs"},{"@type":"Organization","@id":"https:\/\/wire-processor.eu\/en\/#organization","name":"Wire processor - maszyny do przewod\u00f3w","url":"https:\/\/wire-processor.eu\/en\/","logo":{"@type":"ImageObject","inLanguage":"cs","@id":"https:\/\/wire-processor.eu\/en\/#\/schema\/logo\/image\/","url":"https:\/\/wire-processor.eu\/wp-content\/uploads\/2018\/04\/Bozwang-_logo_producent1.png","contentUrl":"https:\/\/wire-processor.eu\/wp-content\/uploads\/2018\/04\/Bozwang-_logo_producent1.png","width":250,"height":33,"caption":"Wire processor - maszyny do przewod\u00f3w"},"image":{"@id":"https:\/\/wire-processor.eu\/en\/#\/schema\/logo\/image\/"}}]}},"_links":{"self":[{"href":"https:\/\/wire-processor.eu\/cs\/wp-json\/wp\/v2\/product\/14727","targetHints":{"allow":["GET"]}}],"collection":[{"href":"https:\/\/wire-processor.eu\/cs\/wp-json\/wp\/v2\/product"}],"about":[{"href":"https:\/\/wire-processor.eu\/cs\/wp-json\/wp\/v2\/types\/product"}],"wp:featuredmedia":[{"embeddable":true,"href":"https:\/\/wire-processor.eu\/cs\/wp-json\/wp\/v2\/media\/14640"}],"wp:attachment":[{"href":"https:\/\/wire-processor.eu\/cs\/wp-json\/wp\/v2\/media?parent=14727"}],"wp:term":[{"taxonomy":"product_brand","embeddable":true,"href":"https:\/\/wire-processor.eu\/cs\/wp-json\/wp\/v2\/product_brand?post=14727"},{"taxonomy":"product_cat","embeddable":true,"href":"https:\/\/wire-processor.eu\/cs\/wp-json\/wp\/v2\/product_cat?post=14727"},{"taxonomy":"product_tag","embeddable":true,"href":"https:\/\/wire-processor.eu\/cs\/wp-json\/wp\/v2\/product_tag?post=14727"}],"curies":[{"name":"wp","href":"https:\/\/api.w.org\/{rel}","templated":true}]}}