{"id":16405,"date":"2023-10-27T14:14:29","date_gmt":"2023-10-27T12:41:24","guid":{"rendered":"https:\/\/wire-processor.eu\/oferta\/bzw-g5001-inteligentni-rotacni-stroj-na-odizolovani-vysokonapetovych-kabelu-70mm2\/"},"modified":"2023-12-08T15:10:02","modified_gmt":"2023-12-08T14:10:02","slug":"bzw-g5001-inteligentni-rotacni-stroj-na-odizolovani-vysokonapetovych-kabelu-70mm2","status":"publish","type":"product","link":"https:\/\/wire-processor.eu\/cs\/oferta\/bzw-g5001-inteligentni-rotacni-stroj-na-odizolovani-vysokonapetovych-kabelu-70mm2\/","title":{"rendered":"BZW-G5001 Inteligentn\u00ed rota\u010dn\u00ed stroj na odizolov\u00e1n\u00ed vysokonap\u011b\u0165ov\u00fdch kabel\u016f (70mm2)"},"content":{"rendered":"<p>Pou\u017eit\u00ed oto\u010dn\u00e9ho dr\u017e\u00e1ku n\u00e1stroj\u016f zaji\u0161\u0165uje vysokou p\u0159esnost zpracov\u00e1n\u00ed.<\/p>\n<p>Ovl\u00e1d\u00e1n\u00ed pomoc\u00ed rozhran\u00ed s dotykov\u00fdm displejem, PLC \u0159\u00edzen\u00ed.<\/p>\n<p>Za\u0159\u00edzen\u00ed lze p\u0159ipojit k syst\u00e9mu MES pro v\u00fdm\u011bnu dat.<br \/>\n<iframe class=\"fusion-hidden\" data-privacy-type=\"youtube\" src=\"\" width=\"560\" height=\"315\" data-privacy-src=\"https:\/\/www.youtube.com\/embed\/qioGQF-DrH4?si=RI4oAWGrHzSvxY8D\" title=\"YouTube video player\" frameborder=\"0\" allow=\"accelerometer; autoplay; clipboard-write; encrypted-media; gyroscope; picture-in-picture; web-share\" allowfullscreen><\/iframe><div class=\"fusion-privacy-placeholder\" style=\"width:560px; height:315px;\" data-privacy-type=\"youtube\"><div class=\"fusion-privacy-placeholder-content\"><div class=\"fusion-privacy-label\">For privacy reasons YouTube needs your permission to be loaded. For more details, please see our <a class=\"privacy-policy-link\" href=\"https:\/\/wire-processor.eu\/polityka-prywatnosci\/\" rel=\"privacy-policy\">Polityka prywatno\u015bci<\/a>.<\/div><button data-privacy-type=\"youtube\" class=\"fusion-button button-default fusion-button-default-size button fusion-privacy-consent\">I Accept<\/button><\/div><\/div><\/p>\n","protected":false},"excerpt":{"rendered":"<p>Toto za\u0159\u00edzen\u00ed m\u016f\u017ee prov\u00e1d\u011bt funkce sk\u00f3rov\u00e1n\u00ed vysokonap\u011b\u0165ov\u00fdch vodi\u010d\u016f, odstra\u0148ov\u00e1n\u00ed hlin\u00edkov\u00e9 f\u00f3lie, st\u0159\u00edh\u00e1n\u00ed st\u00edn\u00edc\u00ed s\u00edt\u011b a odstran\u011bn\u00ed vnit\u0159n\u00ed izolace sou\u010dasn\u011b; ka\u017ed\u00e1 z funkc\u00ed m\u016f\u017ee b\u00fdt pou\u017e\u00edv\u00e1na nez\u00e1visle. Funkce BZW-G5001:<\/p>\n<ul>\n<li>odstran\u011bn\u00ed izolace z vodi\u010de,<\/li>\n<li>odstran\u011bn\u00ed f\u00f3lie,<\/li>\n<li>st\u0159\u00edh\u00e1n\u00ed st\u00edn\u00edc\u00ed s\u00edt\u011b,<\/li>\n<li>odstran\u011bn\u00ed vnit\u0159n\u00ed izolace,<\/li>\n<li>obr\u00e1cen\u00ed st\u00edn\u00edc\u00ed s\u00edt\u011b.<\/li>\n<\/ul>\n","protected":false},"featured_media":16637,"template":"","meta":[],"product_brand":[],"product_cat":[552],"product_tag":[],"class_list":{"0":"post-16405","1":"product","2":"type-product","3":"status-publish","4":"has-post-thumbnail","6":"product_cat-zarizeni-pro-zpracovani-fotovoltaickych-kabelu","8":"first","9":"instock","10":"featured","11":"shipping-taxable","12":"product-type-simple"},"yoast_head":"<!-- This site is optimized with the Yoast SEO plugin v26.3 - https:\/\/yoast.com\/wordpress\/plugins\/seo\/ -->\n<title>BZW-G5001 Inteligentn\u00ed rota\u010dn\u00ed stroj na odizolov\u00e1n\u00ed vysokonap\u011b\u0165ov\u00fdch kabel\u016f (70mm2) - Wire processor<\/title>\n<meta name=\"robots\" content=\"index, follow, max-snippet:-1, max-image-preview:large, max-video-preview:-1\" \/>\n<link rel=\"canonical\" href=\"https:\/\/wire-processor.eu\/cs\/oferta\/bzw-g5001-inteligentni-rotacni-stroj-na-odizolovani-vysokonapetovych-kabelu-70mm2\/\" \/>\n<meta property=\"og:locale\" content=\"cs_CZ\" \/>\n<meta property=\"og:type\" content=\"article\" \/>\n<meta property=\"og:title\" content=\"BZW-G5001 Inteligentn\u00ed rota\u010dn\u00ed stroj na odizolov\u00e1n\u00ed vysokonap\u011b\u0165ov\u00fdch kabel\u016f (70mm2) - Wire processor\" \/>\n<meta property=\"og:description\" content=\"Toto za\u0159\u00edzen\u00ed m\u016f\u017ee prov\u00e1d\u011bt funkce sk\u00f3rov\u00e1n\u00ed vysokonap\u011b\u0165ov\u00fdch vodi\u010d\u016f, odstra\u0148ov\u00e1n\u00ed hlin\u00edkov\u00e9 f\u00f3lie, st\u0159\u00edh\u00e1n\u00ed st\u00edn\u00edc\u00ed s\u00edt\u011b a odstran\u011bn\u00ed vnit\u0159n\u00ed izolace sou\u010dasn\u011b; ka\u017ed\u00e1 z funkc\u00ed m\u016f\u017ee b\u00fdt pou\u017e\u00edv\u00e1na nez\u00e1visle. Funkce BZW-G5001:   odstran\u011bn\u00ed izolace z vodi\u010de,  odstran\u011bn\u00ed f\u00f3lie,  st\u0159\u00edh\u00e1n\u00ed st\u00edn\u00edc\u00ed s\u00edt\u011b,  odstran\u011bn\u00ed vnit\u0159n\u00ed izolace,  obr\u00e1cen\u00ed st\u00edn\u00edc\u00ed s\u00edt\u011b.\" \/>\n<meta property=\"og:url\" content=\"https:\/\/wire-processor.eu\/cs\/oferta\/bzw-g5001-inteligentni-rotacni-stroj-na-odizolovani-vysokonapetovych-kabelu-70mm2\/\" \/>\n<meta property=\"og:site_name\" content=\"Wire processor\" \/>\n<meta property=\"article:modified_time\" content=\"2023-12-08T14:10:02+00:00\" \/>\n<meta property=\"og:image\" content=\"https:\/\/wire-processor.eu\/wp-content\/uploads\/2023\/10\/BZW-G5001-High-voltage-cable-intelligentrotary-stripping-machine-70mm2.jpg\" \/>\n\t<meta property=\"og:image:width\" content=\"800\" \/>\n\t<meta property=\"og:image:height\" content=\"800\" \/>\n\t<meta property=\"og:image:type\" content=\"image\/jpeg\" \/>\n<meta name=\"twitter:card\" content=\"summary_large_image\" \/>\n<script type=\"application\/ld+json\" class=\"yoast-schema-graph\">{\"@context\":\"https:\/\/schema.org\",\"@graph\":[{\"@type\":\"WebPage\",\"@id\":\"https:\/\/wire-processor.eu\/cs\/oferta\/bzw-g5001-inteligentni-rotacni-stroj-na-odizolovani-vysokonapetovych-kabelu-70mm2\/\",\"url\":\"https:\/\/wire-processor.eu\/cs\/oferta\/bzw-g5001-inteligentni-rotacni-stroj-na-odizolovani-vysokonapetovych-kabelu-70mm2\/\",\"name\":\"BZW-G5001 Inteligentn\u00ed rota\u010dn\u00ed stroj na odizolov\u00e1n\u00ed vysokonap\u011b\u0165ov\u00fdch kabel\u016f (70mm2) - Wire processor\",\"isPartOf\":{\"@id\":\"https:\/\/wire-processor.eu\/en\/#website\"},\"primaryImageOfPage\":{\"@id\":\"https:\/\/wire-processor.eu\/cs\/oferta\/bzw-g5001-inteligentni-rotacni-stroj-na-odizolovani-vysokonapetovych-kabelu-70mm2\/#primaryimage\"},\"image\":{\"@id\":\"https:\/\/wire-processor.eu\/cs\/oferta\/bzw-g5001-inteligentni-rotacni-stroj-na-odizolovani-vysokonapetovych-kabelu-70mm2\/#primaryimage\"},\"thumbnailUrl\":\"https:\/\/wire-processor.eu\/wp-content\/uploads\/2023\/10\/BZW-G5001-High-voltage-cable-intelligentrotary-stripping-machine-70mm2.jpg\",\"datePublished\":\"2023-10-27T12:41:24+00:00\",\"dateModified\":\"2023-12-08T14:10:02+00:00\",\"breadcrumb\":{\"@id\":\"https:\/\/wire-processor.eu\/cs\/oferta\/bzw-g5001-inteligentni-rotacni-stroj-na-odizolovani-vysokonapetovych-kabelu-70mm2\/#breadcrumb\"},\"inLanguage\":\"cs\",\"potentialAction\":[{\"@type\":\"ReadAction\",\"target\":[\"https:\/\/wire-processor.eu\/cs\/oferta\/bzw-g5001-inteligentni-rotacni-stroj-na-odizolovani-vysokonapetovych-kabelu-70mm2\/\"]}]},{\"@type\":\"ImageObject\",\"inLanguage\":\"cs\",\"@id\":\"https:\/\/wire-processor.eu\/cs\/oferta\/bzw-g5001-inteligentni-rotacni-stroj-na-odizolovani-vysokonapetovych-kabelu-70mm2\/#primaryimage\",\"url\":\"https:\/\/wire-processor.eu\/wp-content\/uploads\/2023\/10\/BZW-G5001-High-voltage-cable-intelligentrotary-stripping-machine-70mm2.jpg\",\"contentUrl\":\"https:\/\/wire-processor.eu\/wp-content\/uploads\/2023\/10\/BZW-G5001-High-voltage-cable-intelligentrotary-stripping-machine-70mm2.jpg\",\"width\":800,\"height\":800,\"caption\":\"BZW-G5001 High voltage cable intelligentrotary stripping machine (70mm2)\"},{\"@type\":\"BreadcrumbList\",\"@id\":\"https:\/\/wire-processor.eu\/cs\/oferta\/bzw-g5001-inteligentni-rotacni-stroj-na-odizolovani-vysokonapetovych-kabelu-70mm2\/#breadcrumb\",\"itemListElement\":[{\"@type\":\"ListItem\",\"position\":1,\"name\":\"Strona g\u0142\u00f3wna\",\"item\":\"https:\/\/wire-processor.eu\/cs\/\"},{\"@type\":\"ListItem\",\"position\":2,\"name\":\"Nab\u00eddka\",\"item\":\"https:\/\/wire-processor.eu\/cs\/nabidka\/\"},{\"@type\":\"ListItem\",\"position\":3,\"name\":\"BZW-G5001 Inteligentn\u00ed rota\u010dn\u00ed stroj na odizolov\u00e1n\u00ed vysokonap\u011b\u0165ov\u00fdch kabel\u016f (70mm2)\"}]},{\"@type\":\"WebSite\",\"@id\":\"https:\/\/wire-processor.eu\/en\/#website\",\"url\":\"https:\/\/wire-processor.eu\/en\/\",\"name\":\"Wire processor\",\"description\":\"Maszyny do obr\u00f3bki przewod\u00f3w\",\"publisher\":{\"@id\":\"https:\/\/wire-processor.eu\/en\/#organization\"},\"potentialAction\":[{\"@type\":\"SearchAction\",\"target\":{\"@type\":\"EntryPoint\",\"urlTemplate\":\"https:\/\/wire-processor.eu\/en\/?s={search_term_string}\"},\"query-input\":{\"@type\":\"PropertyValueSpecification\",\"valueRequired\":true,\"valueName\":\"search_term_string\"}}],\"inLanguage\":\"cs\"},{\"@type\":\"Organization\",\"@id\":\"https:\/\/wire-processor.eu\/en\/#organization\",\"name\":\"Wire processor - maszyny do przewod\u00f3w\",\"url\":\"https:\/\/wire-processor.eu\/en\/\",\"logo\":{\"@type\":\"ImageObject\",\"inLanguage\":\"cs\",\"@id\":\"https:\/\/wire-processor.eu\/en\/#\/schema\/logo\/image\/\",\"url\":\"https:\/\/wire-processor.eu\/wp-content\/uploads\/2018\/04\/Bozwang-_logo_producent1.png\",\"contentUrl\":\"https:\/\/wire-processor.eu\/wp-content\/uploads\/2018\/04\/Bozwang-_logo_producent1.png\",\"width\":250,\"height\":33,\"caption\":\"Wire processor - maszyny do przewod\u00f3w\"},\"image\":{\"@id\":\"https:\/\/wire-processor.eu\/en\/#\/schema\/logo\/image\/\"}}]}<\/script>\n<!-- \/ Yoast SEO plugin. -->","yoast_head_json":{"title":"BZW-G5001 Inteligentn\u00ed rota\u010dn\u00ed stroj na odizolov\u00e1n\u00ed vysokonap\u011b\u0165ov\u00fdch kabel\u016f (70mm2) - Wire processor","robots":{"index":"index","follow":"follow","max-snippet":"max-snippet:-1","max-image-preview":"max-image-preview:large","max-video-preview":"max-video-preview:-1"},"canonical":"https:\/\/wire-processor.eu\/cs\/oferta\/bzw-g5001-inteligentni-rotacni-stroj-na-odizolovani-vysokonapetovych-kabelu-70mm2\/","og_locale":"cs_CZ","og_type":"article","og_title":"BZW-G5001 Inteligentn\u00ed rota\u010dn\u00ed stroj na odizolov\u00e1n\u00ed vysokonap\u011b\u0165ov\u00fdch kabel\u016f (70mm2) - Wire processor","og_description":"Toto za\u0159\u00edzen\u00ed m\u016f\u017ee prov\u00e1d\u011bt funkce sk\u00f3rov\u00e1n\u00ed vysokonap\u011b\u0165ov\u00fdch vodi\u010d\u016f, odstra\u0148ov\u00e1n\u00ed hlin\u00edkov\u00e9 f\u00f3lie, st\u0159\u00edh\u00e1n\u00ed st\u00edn\u00edc\u00ed s\u00edt\u011b a odstran\u011bn\u00ed vnit\u0159n\u00ed izolace sou\u010dasn\u011b; ka\u017ed\u00e1 z funkc\u00ed m\u016f\u017ee b\u00fdt pou\u017e\u00edv\u00e1na nez\u00e1visle. Funkce BZW-G5001:   odstran\u011bn\u00ed izolace z vodi\u010de,  odstran\u011bn\u00ed f\u00f3lie,  st\u0159\u00edh\u00e1n\u00ed st\u00edn\u00edc\u00ed s\u00edt\u011b,  odstran\u011bn\u00ed vnit\u0159n\u00ed izolace,  obr\u00e1cen\u00ed st\u00edn\u00edc\u00ed s\u00edt\u011b.","og_url":"https:\/\/wire-processor.eu\/cs\/oferta\/bzw-g5001-inteligentni-rotacni-stroj-na-odizolovani-vysokonapetovych-kabelu-70mm2\/","og_site_name":"Wire processor","article_modified_time":"2023-12-08T14:10:02+00:00","og_image":[{"width":800,"height":800,"url":"https:\/\/wire-processor.eu\/wp-content\/uploads\/2023\/10\/BZW-G5001-High-voltage-cable-intelligentrotary-stripping-machine-70mm2.jpg","type":"image\/jpeg"}],"twitter_card":"summary_large_image","schema":{"@context":"https:\/\/schema.org","@graph":[{"@type":"WebPage","@id":"https:\/\/wire-processor.eu\/cs\/oferta\/bzw-g5001-inteligentni-rotacni-stroj-na-odizolovani-vysokonapetovych-kabelu-70mm2\/","url":"https:\/\/wire-processor.eu\/cs\/oferta\/bzw-g5001-inteligentni-rotacni-stroj-na-odizolovani-vysokonapetovych-kabelu-70mm2\/","name":"BZW-G5001 Inteligentn\u00ed rota\u010dn\u00ed stroj na odizolov\u00e1n\u00ed vysokonap\u011b\u0165ov\u00fdch kabel\u016f (70mm2) - Wire processor","isPartOf":{"@id":"https:\/\/wire-processor.eu\/en\/#website"},"primaryImageOfPage":{"@id":"https:\/\/wire-processor.eu\/cs\/oferta\/bzw-g5001-inteligentni-rotacni-stroj-na-odizolovani-vysokonapetovych-kabelu-70mm2\/#primaryimage"},"image":{"@id":"https:\/\/wire-processor.eu\/cs\/oferta\/bzw-g5001-inteligentni-rotacni-stroj-na-odizolovani-vysokonapetovych-kabelu-70mm2\/#primaryimage"},"thumbnailUrl":"https:\/\/wire-processor.eu\/wp-content\/uploads\/2023\/10\/BZW-G5001-High-voltage-cable-intelligentrotary-stripping-machine-70mm2.jpg","datePublished":"2023-10-27T12:41:24+00:00","dateModified":"2023-12-08T14:10:02+00:00","breadcrumb":{"@id":"https:\/\/wire-processor.eu\/cs\/oferta\/bzw-g5001-inteligentni-rotacni-stroj-na-odizolovani-vysokonapetovych-kabelu-70mm2\/#breadcrumb"},"inLanguage":"cs","potentialAction":[{"@type":"ReadAction","target":["https:\/\/wire-processor.eu\/cs\/oferta\/bzw-g5001-inteligentni-rotacni-stroj-na-odizolovani-vysokonapetovych-kabelu-70mm2\/"]}]},{"@type":"ImageObject","inLanguage":"cs","@id":"https:\/\/wire-processor.eu\/cs\/oferta\/bzw-g5001-inteligentni-rotacni-stroj-na-odizolovani-vysokonapetovych-kabelu-70mm2\/#primaryimage","url":"https:\/\/wire-processor.eu\/wp-content\/uploads\/2023\/10\/BZW-G5001-High-voltage-cable-intelligentrotary-stripping-machine-70mm2.jpg","contentUrl":"https:\/\/wire-processor.eu\/wp-content\/uploads\/2023\/10\/BZW-G5001-High-voltage-cable-intelligentrotary-stripping-machine-70mm2.jpg","width":800,"height":800,"caption":"BZW-G5001 High voltage cable intelligentrotary stripping machine (70mm2)"},{"@type":"BreadcrumbList","@id":"https:\/\/wire-processor.eu\/cs\/oferta\/bzw-g5001-inteligentni-rotacni-stroj-na-odizolovani-vysokonapetovych-kabelu-70mm2\/#breadcrumb","itemListElement":[{"@type":"ListItem","position":1,"name":"Strona g\u0142\u00f3wna","item":"https:\/\/wire-processor.eu\/cs\/"},{"@type":"ListItem","position":2,"name":"Nab\u00eddka","item":"https:\/\/wire-processor.eu\/cs\/nabidka\/"},{"@type":"ListItem","position":3,"name":"BZW-G5001 Inteligentn\u00ed rota\u010dn\u00ed stroj na odizolov\u00e1n\u00ed vysokonap\u011b\u0165ov\u00fdch kabel\u016f (70mm2)"}]},{"@type":"WebSite","@id":"https:\/\/wire-processor.eu\/en\/#website","url":"https:\/\/wire-processor.eu\/en\/","name":"Wire processor","description":"Maszyny do obr\u00f3bki przewod\u00f3w","publisher":{"@id":"https:\/\/wire-processor.eu\/en\/#organization"},"potentialAction":[{"@type":"SearchAction","target":{"@type":"EntryPoint","urlTemplate":"https:\/\/wire-processor.eu\/en\/?s={search_term_string}"},"query-input":{"@type":"PropertyValueSpecification","valueRequired":true,"valueName":"search_term_string"}}],"inLanguage":"cs"},{"@type":"Organization","@id":"https:\/\/wire-processor.eu\/en\/#organization","name":"Wire processor - maszyny do przewod\u00f3w","url":"https:\/\/wire-processor.eu\/en\/","logo":{"@type":"ImageObject","inLanguage":"cs","@id":"https:\/\/wire-processor.eu\/en\/#\/schema\/logo\/image\/","url":"https:\/\/wire-processor.eu\/wp-content\/uploads\/2018\/04\/Bozwang-_logo_producent1.png","contentUrl":"https:\/\/wire-processor.eu\/wp-content\/uploads\/2018\/04\/Bozwang-_logo_producent1.png","width":250,"height":33,"caption":"Wire processor - maszyny do przewod\u00f3w"},"image":{"@id":"https:\/\/wire-processor.eu\/en\/#\/schema\/logo\/image\/"}}]}},"_links":{"self":[{"href":"https:\/\/wire-processor.eu\/cs\/wp-json\/wp\/v2\/product\/16405","targetHints":{"allow":["GET"]}}],"collection":[{"href":"https:\/\/wire-processor.eu\/cs\/wp-json\/wp\/v2\/product"}],"about":[{"href":"https:\/\/wire-processor.eu\/cs\/wp-json\/wp\/v2\/types\/product"}],"wp:featuredmedia":[{"embeddable":true,"href":"https:\/\/wire-processor.eu\/cs\/wp-json\/wp\/v2\/media\/16637"}],"wp:attachment":[{"href":"https:\/\/wire-processor.eu\/cs\/wp-json\/wp\/v2\/media?parent=16405"}],"wp:term":[{"taxonomy":"product_brand","embeddable":true,"href":"https:\/\/wire-processor.eu\/cs\/wp-json\/wp\/v2\/product_brand?post=16405"},{"taxonomy":"product_cat","embeddable":true,"href":"https:\/\/wire-processor.eu\/cs\/wp-json\/wp\/v2\/product_cat?post=16405"},{"taxonomy":"product_tag","embeddable":true,"href":"https:\/\/wire-processor.eu\/cs\/wp-json\/wp\/v2\/product_tag?post=16405"}],"curies":[{"name":"wp","href":"https:\/\/api.w.org\/{rel}","templated":true}]}}