{"id":16447,"date":"2023-11-08T15:54:52","date_gmt":"2023-11-09T10:50:58","guid":{"rendered":"https:\/\/wire-processor.eu\/oferta\/bzw-1000ns-elektricky-tahovy-tester\/"},"modified":"2024-05-08T14:41:24","modified_gmt":"2024-05-08T12:41:24","slug":"bzw-1000ns-elektricky-tahovy-tester","status":"publish","type":"product","link":"https:\/\/wire-processor.eu\/cs\/oferta\/bzw-1000ns-elektricky-tahovy-tester\/","title":{"rendered":"BZW-1000NS Elektrick\u00fd tahov\u00fd tester"},"content":{"rendered":"<p>12 druh\u016f m\u011b\u0159ic\u00edch svorek termin\u00e1l\u016f a specializovan\u00e9 dr\u017e\u00e1ky spl\u0148uj\u00ed po\u017eadavky r\u016fznorod\u00fdch metod m\u011b\u0159ic\u00edho sv\u011br\u00e1ku.&#8220;<\/p>\n<p>Skute\u010dn\u00e1 prezentace nap\u011b\u0165ov\u00e9 k\u0159ivky, jednoduch\u00e1 a intuitivn\u00ed.<br \/>\nV\u00fdsledky m\u011b\u0159en\u00ed mohou b\u00fdt hl\u00e1\u0161eny p\u0159\u00edmo po v\u00fdrob\u011b.<\/p>\n<p>Uchov\u00e1v\u00e1n\u00ed dat nap\u011b\u0165ov\u00e9 k\u0159ivky a z\u00e1znam m\u011b\u0159en\u00ed.<br \/>\n\u010cte\u010dka \u010d\u00e1rov\u00fdch k\u00f3d\u016f pro zad\u00e1v\u00e1n\u00ed dat a ov\u011b\u0159ov\u00e1n\u00ed \u010d\u00edsel v\u00fdrobk\u016f.<\/p>\n<p>Spojen\u00ed se syst\u00e9mem MES pro interakci dat.<\/p>\n","protected":false},"excerpt":{"rendered":"<p>12 druh\u016f m\u011b\u0159ic\u00edch svorek termin\u00e1l\u016f a specializovan\u00e9 dr\u017e\u00e1ky spl\u0148uj\u00ed po\u017eadavky r\u016fznorod\u00fdch metod m\u011b\u0159ic\u00edho sv\u011br\u00e1ku.&#8220; Skute\u010dn\u00e1 prezentace nap\u011b\u0165ov\u00e9 k\u0159ivky, jednoduch\u00e1 a intuitivn\u00ed. V\u00fdsledky m\u011b\u0159en\u00ed mohou b\u00fdt hl\u00e1\u0161eny p\u0159\u00edmo po v\u00fdrob\u011b. Uchov\u00e1v\u00e1n\u00ed dat nap\u011b\u0165ov\u00e9 k\u0159ivky a z\u00e1znam m\u011b\u0159en\u00ed. \u010cte\u010dka \u010d\u00e1rov\u00fdch k\u00f3d\u016f pro zad\u00e1v\u00e1n\u00ed dat a ov\u011b\u0159ov\u00e1n\u00ed \u010d\u00edsel v\u00fdrobk\u016f. Spojen\u00ed se syst\u00e9mem MES pro interakci dat.<\/p>\n","protected":false},"featured_media":16443,"template":"","meta":[],"product_brand":[],"product_cat":[549],"product_tag":[],"class_list":{"0":"post-16447","1":"product","2":"type-product","3":"status-publish","4":"has-post-thumbnail","6":"product_cat-systemy-kontroly-a-testovani-kabelovych-svazku","8":"first","9":"instock","10":"featured","11":"shipping-taxable","12":"product-type-simple"},"yoast_head":"<!-- This site is optimized with the Yoast SEO plugin v26.3 - https:\/\/yoast.com\/wordpress\/plugins\/seo\/ -->\n<title>BZW-1000NS Elektrick\u00fd tahov\u00fd tester, lisov\u00e1n\u00ed konektor\u016f - Wire Processor<\/title>\n<meta name=\"description\" content=\"Za\u0159\u00edzen\u00ed pro testov\u00e1n\u00ed s\u00edly lisov\u00e1n\u00ed konektor\u016f, tahov\u00fd tester. Pod\u00edvejte se na stroje na testov\u00e1n\u00ed kabel\u016f.\" \/>\n<meta name=\"robots\" content=\"index, follow, max-snippet:-1, max-image-preview:large, max-video-preview:-1\" \/>\n<link rel=\"canonical\" href=\"https:\/\/wire-processor.eu\/cs\/oferta\/bzw-1000ns-elektricky-tahovy-tester\/\" \/>\n<meta property=\"og:locale\" content=\"cs_CZ\" \/>\n<meta property=\"og:type\" content=\"article\" \/>\n<meta property=\"og:title\" content=\"BZW-1000NS Elektrick\u00fd tahov\u00fd tester, lisov\u00e1n\u00ed konektor\u016f - Wire Processor\" \/>\n<meta property=\"og:description\" content=\"Za\u0159\u00edzen\u00ed pro testov\u00e1n\u00ed s\u00edly lisov\u00e1n\u00ed konektor\u016f, tahov\u00fd tester. Pod\u00edvejte se na stroje na testov\u00e1n\u00ed kabel\u016f.\" \/>\n<meta property=\"og:url\" content=\"https:\/\/wire-processor.eu\/cs\/oferta\/bzw-1000ns-elektricky-tahovy-tester\/\" \/>\n<meta property=\"og:site_name\" content=\"Wire processor\" \/>\n<meta property=\"article:modified_time\" content=\"2024-05-08T12:41:24+00:00\" \/>\n<meta property=\"og:image\" content=\"https:\/\/wire-processor.eu\/wp-content\/uploads\/2023\/11\/BZW-1000NS.jpg\" \/>\n\t<meta property=\"og:image:width\" content=\"1200\" \/>\n\t<meta property=\"og:image:height\" content=\"1200\" \/>\n\t<meta property=\"og:image:type\" content=\"image\/jpeg\" \/>\n<meta name=\"twitter:card\" content=\"summary_large_image\" \/>\n<script type=\"application\/ld+json\" class=\"yoast-schema-graph\">{\"@context\":\"https:\/\/schema.org\",\"@graph\":[{\"@type\":\"WebPage\",\"@id\":\"https:\/\/wire-processor.eu\/cs\/oferta\/bzw-1000ns-elektricky-tahovy-tester\/\",\"url\":\"https:\/\/wire-processor.eu\/cs\/oferta\/bzw-1000ns-elektricky-tahovy-tester\/\",\"name\":\"BZW-1000NS Elektrick\u00fd tahov\u00fd tester, lisov\u00e1n\u00ed konektor\u016f - Wire Processor\",\"isPartOf\":{\"@id\":\"https:\/\/wire-processor.eu\/en\/#website\"},\"primaryImageOfPage\":{\"@id\":\"https:\/\/wire-processor.eu\/cs\/oferta\/bzw-1000ns-elektricky-tahovy-tester\/#primaryimage\"},\"image\":{\"@id\":\"https:\/\/wire-processor.eu\/cs\/oferta\/bzw-1000ns-elektricky-tahovy-tester\/#primaryimage\"},\"thumbnailUrl\":\"https:\/\/wire-processor.eu\/wp-content\/uploads\/2023\/11\/BZW-1000NS.jpg\",\"datePublished\":\"2023-11-09T10:50:58+00:00\",\"dateModified\":\"2024-05-08T12:41:24+00:00\",\"description\":\"Za\u0159\u00edzen\u00ed pro testov\u00e1n\u00ed s\u00edly lisov\u00e1n\u00ed konektor\u016f, tahov\u00fd tester. Pod\u00edvejte se na stroje na testov\u00e1n\u00ed kabel\u016f.\",\"breadcrumb\":{\"@id\":\"https:\/\/wire-processor.eu\/cs\/oferta\/bzw-1000ns-elektricky-tahovy-tester\/#breadcrumb\"},\"inLanguage\":\"cs\",\"potentialAction\":[{\"@type\":\"ReadAction\",\"target\":[\"https:\/\/wire-processor.eu\/cs\/oferta\/bzw-1000ns-elektricky-tahovy-tester\/\"]}]},{\"@type\":\"ImageObject\",\"inLanguage\":\"cs\",\"@id\":\"https:\/\/wire-processor.eu\/cs\/oferta\/bzw-1000ns-elektricky-tahovy-tester\/#primaryimage\",\"url\":\"https:\/\/wire-processor.eu\/wp-content\/uploads\/2023\/11\/BZW-1000NS.jpg\",\"contentUrl\":\"https:\/\/wire-processor.eu\/wp-content\/uploads\/2023\/11\/BZW-1000NS.jpg\",\"width\":1200,\"height\":1200,\"caption\":\"BZW-1000 NS Elektryczny tester rozci\u0105gania\"},{\"@type\":\"BreadcrumbList\",\"@id\":\"https:\/\/wire-processor.eu\/cs\/oferta\/bzw-1000ns-elektricky-tahovy-tester\/#breadcrumb\",\"itemListElement\":[{\"@type\":\"ListItem\",\"position\":1,\"name\":\"Strona g\u0142\u00f3wna\",\"item\":\"https:\/\/wire-processor.eu\/cs\/\"},{\"@type\":\"ListItem\",\"position\":2,\"name\":\"Nab\u00eddka\",\"item\":\"https:\/\/wire-processor.eu\/cs\/nabidka\/\"},{\"@type\":\"ListItem\",\"position\":3,\"name\":\"BZW-1000NS Elektrick\u00fd tahov\u00fd tester\"}]},{\"@type\":\"WebSite\",\"@id\":\"https:\/\/wire-processor.eu\/en\/#website\",\"url\":\"https:\/\/wire-processor.eu\/en\/\",\"name\":\"Wire processor\",\"description\":\"Maszyny do obr\u00f3bki przewod\u00f3w\",\"publisher\":{\"@id\":\"https:\/\/wire-processor.eu\/en\/#organization\"},\"potentialAction\":[{\"@type\":\"SearchAction\",\"target\":{\"@type\":\"EntryPoint\",\"urlTemplate\":\"https:\/\/wire-processor.eu\/en\/?s={search_term_string}\"},\"query-input\":{\"@type\":\"PropertyValueSpecification\",\"valueRequired\":true,\"valueName\":\"search_term_string\"}}],\"inLanguage\":\"cs\"},{\"@type\":\"Organization\",\"@id\":\"https:\/\/wire-processor.eu\/en\/#organization\",\"name\":\"Wire processor - maszyny do przewod\u00f3w\",\"url\":\"https:\/\/wire-processor.eu\/en\/\",\"logo\":{\"@type\":\"ImageObject\",\"inLanguage\":\"cs\",\"@id\":\"https:\/\/wire-processor.eu\/en\/#\/schema\/logo\/image\/\",\"url\":\"https:\/\/wire-processor.eu\/wp-content\/uploads\/2018\/04\/Bozwang-_logo_producent1.png\",\"contentUrl\":\"https:\/\/wire-processor.eu\/wp-content\/uploads\/2018\/04\/Bozwang-_logo_producent1.png\",\"width\":250,\"height\":33,\"caption\":\"Wire processor - maszyny do przewod\u00f3w\"},\"image\":{\"@id\":\"https:\/\/wire-processor.eu\/en\/#\/schema\/logo\/image\/\"}}]}<\/script>\n<!-- \/ Yoast SEO plugin. -->","yoast_head_json":{"title":"BZW-1000NS Elektrick\u00fd tahov\u00fd tester, lisov\u00e1n\u00ed konektor\u016f - Wire Processor","description":"Za\u0159\u00edzen\u00ed pro testov\u00e1n\u00ed s\u00edly lisov\u00e1n\u00ed konektor\u016f, tahov\u00fd tester. Pod\u00edvejte se na stroje na testov\u00e1n\u00ed kabel\u016f.","robots":{"index":"index","follow":"follow","max-snippet":"max-snippet:-1","max-image-preview":"max-image-preview:large","max-video-preview":"max-video-preview:-1"},"canonical":"https:\/\/wire-processor.eu\/cs\/oferta\/bzw-1000ns-elektricky-tahovy-tester\/","og_locale":"cs_CZ","og_type":"article","og_title":"BZW-1000NS Elektrick\u00fd tahov\u00fd tester, lisov\u00e1n\u00ed konektor\u016f - Wire Processor","og_description":"Za\u0159\u00edzen\u00ed pro testov\u00e1n\u00ed s\u00edly lisov\u00e1n\u00ed konektor\u016f, tahov\u00fd tester. Pod\u00edvejte se na stroje na testov\u00e1n\u00ed kabel\u016f.","og_url":"https:\/\/wire-processor.eu\/cs\/oferta\/bzw-1000ns-elektricky-tahovy-tester\/","og_site_name":"Wire processor","article_modified_time":"2024-05-08T12:41:24+00:00","og_image":[{"width":1200,"height":1200,"url":"https:\/\/wire-processor.eu\/wp-content\/uploads\/2023\/11\/BZW-1000NS.jpg","type":"image\/jpeg"}],"twitter_card":"summary_large_image","schema":{"@context":"https:\/\/schema.org","@graph":[{"@type":"WebPage","@id":"https:\/\/wire-processor.eu\/cs\/oferta\/bzw-1000ns-elektricky-tahovy-tester\/","url":"https:\/\/wire-processor.eu\/cs\/oferta\/bzw-1000ns-elektricky-tahovy-tester\/","name":"BZW-1000NS Elektrick\u00fd tahov\u00fd tester, lisov\u00e1n\u00ed konektor\u016f - Wire Processor","isPartOf":{"@id":"https:\/\/wire-processor.eu\/en\/#website"},"primaryImageOfPage":{"@id":"https:\/\/wire-processor.eu\/cs\/oferta\/bzw-1000ns-elektricky-tahovy-tester\/#primaryimage"},"image":{"@id":"https:\/\/wire-processor.eu\/cs\/oferta\/bzw-1000ns-elektricky-tahovy-tester\/#primaryimage"},"thumbnailUrl":"https:\/\/wire-processor.eu\/wp-content\/uploads\/2023\/11\/BZW-1000NS.jpg","datePublished":"2023-11-09T10:50:58+00:00","dateModified":"2024-05-08T12:41:24+00:00","description":"Za\u0159\u00edzen\u00ed pro testov\u00e1n\u00ed s\u00edly lisov\u00e1n\u00ed konektor\u016f, tahov\u00fd tester. Pod\u00edvejte se na stroje na testov\u00e1n\u00ed kabel\u016f.","breadcrumb":{"@id":"https:\/\/wire-processor.eu\/cs\/oferta\/bzw-1000ns-elektricky-tahovy-tester\/#breadcrumb"},"inLanguage":"cs","potentialAction":[{"@type":"ReadAction","target":["https:\/\/wire-processor.eu\/cs\/oferta\/bzw-1000ns-elektricky-tahovy-tester\/"]}]},{"@type":"ImageObject","inLanguage":"cs","@id":"https:\/\/wire-processor.eu\/cs\/oferta\/bzw-1000ns-elektricky-tahovy-tester\/#primaryimage","url":"https:\/\/wire-processor.eu\/wp-content\/uploads\/2023\/11\/BZW-1000NS.jpg","contentUrl":"https:\/\/wire-processor.eu\/wp-content\/uploads\/2023\/11\/BZW-1000NS.jpg","width":1200,"height":1200,"caption":"BZW-1000 NS Elektryczny tester rozci\u0105gania"},{"@type":"BreadcrumbList","@id":"https:\/\/wire-processor.eu\/cs\/oferta\/bzw-1000ns-elektricky-tahovy-tester\/#breadcrumb","itemListElement":[{"@type":"ListItem","position":1,"name":"Strona g\u0142\u00f3wna","item":"https:\/\/wire-processor.eu\/cs\/"},{"@type":"ListItem","position":2,"name":"Nab\u00eddka","item":"https:\/\/wire-processor.eu\/cs\/nabidka\/"},{"@type":"ListItem","position":3,"name":"BZW-1000NS Elektrick\u00fd tahov\u00fd tester"}]},{"@type":"WebSite","@id":"https:\/\/wire-processor.eu\/en\/#website","url":"https:\/\/wire-processor.eu\/en\/","name":"Wire processor","description":"Maszyny do obr\u00f3bki przewod\u00f3w","publisher":{"@id":"https:\/\/wire-processor.eu\/en\/#organization"},"potentialAction":[{"@type":"SearchAction","target":{"@type":"EntryPoint","urlTemplate":"https:\/\/wire-processor.eu\/en\/?s={search_term_string}"},"query-input":{"@type":"PropertyValueSpecification","valueRequired":true,"valueName":"search_term_string"}}],"inLanguage":"cs"},{"@type":"Organization","@id":"https:\/\/wire-processor.eu\/en\/#organization","name":"Wire processor - maszyny do przewod\u00f3w","url":"https:\/\/wire-processor.eu\/en\/","logo":{"@type":"ImageObject","inLanguage":"cs","@id":"https:\/\/wire-processor.eu\/en\/#\/schema\/logo\/image\/","url":"https:\/\/wire-processor.eu\/wp-content\/uploads\/2018\/04\/Bozwang-_logo_producent1.png","contentUrl":"https:\/\/wire-processor.eu\/wp-content\/uploads\/2018\/04\/Bozwang-_logo_producent1.png","width":250,"height":33,"caption":"Wire processor - maszyny do przewod\u00f3w"},"image":{"@id":"https:\/\/wire-processor.eu\/en\/#\/schema\/logo\/image\/"}}]}},"_links":{"self":[{"href":"https:\/\/wire-processor.eu\/cs\/wp-json\/wp\/v2\/product\/16447","targetHints":{"allow":["GET"]}}],"collection":[{"href":"https:\/\/wire-processor.eu\/cs\/wp-json\/wp\/v2\/product"}],"about":[{"href":"https:\/\/wire-processor.eu\/cs\/wp-json\/wp\/v2\/types\/product"}],"wp:featuredmedia":[{"embeddable":true,"href":"https:\/\/wire-processor.eu\/cs\/wp-json\/wp\/v2\/media\/16443"}],"wp:attachment":[{"href":"https:\/\/wire-processor.eu\/cs\/wp-json\/wp\/v2\/media?parent=16447"}],"wp:term":[{"taxonomy":"product_brand","embeddable":true,"href":"https:\/\/wire-processor.eu\/cs\/wp-json\/wp\/v2\/product_brand?post=16447"},{"taxonomy":"product_cat","embeddable":true,"href":"https:\/\/wire-processor.eu\/cs\/wp-json\/wp\/v2\/product_cat?post=16447"},{"taxonomy":"product_tag","embeddable":true,"href":"https:\/\/wire-processor.eu\/cs\/wp-json\/wp\/v2\/product_tag?post=16447"}],"curies":[{"name":"wp","href":"https:\/\/api.w.org\/{rel}","templated":true}]}}