{"id":16450,"date":"2023-11-09T12:31:23","date_gmt":"2023-11-09T11:31:23","guid":{"rendered":"https:\/\/wire-processor.eu\/?post_type=product&#038;p=16450"},"modified":"2024-03-20T12:38:34","modified_gmt":"2024-03-20T11:38:34","slug":"automat-pro-rezani-odizolovani-vodicu-s-dvojitou-izolaci-bzw-50wx","status":"publish","type":"product","link":"https:\/\/wire-processor.eu\/cs\/oferta\/automat-pro-rezani-odizolovani-vodicu-s-dvojitou-izolaci-bzw-50wx\/","title":{"rendered":"Automat pro \u0159ez\u00e1n\u00ed, odizolov\u00e1n\u00ed vodi\u010d\u016f s dvojitou izolac\u00ed  BZW-50WX"},"content":{"rendered":"<p><strong>BZW-50WX<\/strong> je modern\u00ed automat na st\u0159\u00edh\u00e1n\u00ed a odizolov\u00e1v\u00e1n\u00ed dvojit\u011b izolovan\u00fdch vodi\u010d\u016f. Stroj se vyzna\u010duje vysokou \u00fa\u010dinnost\u00ed.<br \/>\nJe vyroben z materi\u00e1l\u016f vysok\u00e9 kvality. BZW-50WX je vybaven po\u010d\u00edta\u010dem s dotykov\u00fdm ovl\u00e1dac\u00edm panelem. V pam\u011bti po\u010d\u00edta\u010de lze ulo\u017eit mnoho program\u016f pro zpracov\u00e1n\u00ed vodi\u010d\u016f, co\u017e umo\u017e\u0148uje, \u017ee jednou nastaven\u00fd program pro konkr\u00e9tn\u00ed vodi\u010d m\u016f\u017ee b\u00fdt na\u010dten bez nutnosti op\u011btovn\u00e9ho nastaven\u00ed.<\/p>\n<p>Zvednut\u00ed hlavn\u00edho krytu zastav\u00ed za\u0159\u00edzen\u00ed, co\u017e chr\u00e1n\u00ed p\u0159ed n\u00e1hodn\u00fdm otev\u0159en\u00edm. Nav\u00edc stroj obsahuje z\u00e1sobn\u00edk na n\u00e1\u0159ad\u00ed a komoru pro odpady vznikl\u00e9 p\u0159i zpracov\u00e1n\u00ed vodi\u010d\u016f. BZW-50WX je nap\u00e1jen st\u0159\u00eddav\u00fdm nap\u011bt\u00edm 230V a pro provoz vy\u017eaduje p\u0159ipojen\u00ed stla\u010den\u00e9ho vzduchu.<\/p>\n<p>Z\u00e1kladn\u00ed parametry za\u0159\u00edzen\u00ed:<\/p>\n<ul>\n<li>menu v polsk\u00e9m, anglick\u00e9m jazyce &#8211; nav\u00edc na p\u0159\u00e1n\u00ed z\u00e1kazn\u00edka m\u016f\u017eeme zav\u00e9st jak\u00fdkoli jin\u00fd jazyk,<\/li>\n<li>typ vodi\u010de \u2013 \u00f84-18 mm V\u00edcevrstv\u00fd kulat\u00fd nebo ploch\u00fd,<\/li>\n<li>funkce \u2013 st\u0159\u00edh\u00e1n\u00ed, odizolov\u00e1v\u00e1n\u00ed, poloodizolov\u00e1v\u00e1n\u00ed, v\u00edcevrstv\u00e9 kulat\u00e9 a ploch\u00e9 vodi\u010de,<\/li>\n<li>po\u010det vrstev \u2013 max. 6,<\/li>\n<li>rozm\u011bry \u2013 950 x 720 x 1450,<\/li>\n<li>v\u00e1ha \u2013 320kg.<\/li>\n<\/ul>\n<p>Pro z\u00edsk\u00e1n\u00ed podrobn\u00fdch informac\u00ed o BZW-50WX pros\u00edm kontaktujte obchodn\u00ed odd\u011blen\u00ed na +48 886 788 660 nebo e-mailem na <a href=\"mailto:info@wire-processor.eu\">info@wire-processor.eu<\/a>.<\/p>\n","protected":false},"excerpt":{"rendered":"<p><iframe src=\"https:\/\/www.youtube.com\/embed\/xAYUhWSN8A8\" width=\"560\" height=\"315\" frameborder=\"0\" allowfullscreen=\"allowfullscreen\"><\/iframe><\/p>\n","protected":false},"featured_media":16439,"template":"","meta":[],"product_brand":[],"product_cat":[560],"product_tag":[],"class_list":{"0":"post-16450","1":"product","2":"type-product","3":"status-publish","4":"has-post-thumbnail","6":"product_cat-automaty-na-zpracovani-vodicu","8":"first","9":"instock","10":"featured","11":"shipping-taxable","12":"product-type-simple"},"yoast_head":"<!-- This site is optimized with the Yoast SEO plugin v26.3 - https:\/\/yoast.com\/wordpress\/plugins\/seo\/ -->\n<title>Automat pro \u0159ez\u00e1n\u00ed, odizolov\u00e1n\u00ed vodi\u010d\u016f s dvojitou izolac\u00ed BZW-50WX - Wire processor<\/title>\n<meta name=\"description\" content=\"&quot;BZW-50WX - Automat na st\u0159\u00edh\u00e1n\u00ed, odizolov\u00e1v\u00e1n\u00ed dvojit\u011b izolovan\u00fdch vodi\u010d\u016f. Klikn\u011bte a sezn\u00e1mte se s BZW-50WX.\" \/>\n<meta name=\"robots\" content=\"index, follow, max-snippet:-1, max-image-preview:large, max-video-preview:-1\" \/>\n<link rel=\"canonical\" href=\"https:\/\/wire-processor.eu\/cs\/oferta\/automat-pro-rezani-odizolovani-vodicu-s-dvojitou-izolaci-bzw-50wx\/\" \/>\n<meta property=\"og:locale\" content=\"cs_CZ\" \/>\n<meta property=\"og:type\" content=\"article\" \/>\n<meta property=\"og:title\" content=\"Automat pro \u0159ez\u00e1n\u00ed, odizolov\u00e1n\u00ed vodi\u010d\u016f s dvojitou izolac\u00ed BZW-50WX - Wire processor\" \/>\n<meta property=\"og:description\" content=\"&quot;BZW-50WX - Automat na st\u0159\u00edh\u00e1n\u00ed, odizolov\u00e1v\u00e1n\u00ed dvojit\u011b izolovan\u00fdch vodi\u010d\u016f. Klikn\u011bte a sezn\u00e1mte se s BZW-50WX.\" \/>\n<meta property=\"og:url\" content=\"https:\/\/wire-processor.eu\/cs\/oferta\/automat-pro-rezani-odizolovani-vodicu-s-dvojitou-izolaci-bzw-50wx\/\" \/>\n<meta property=\"og:site_name\" content=\"Wire processor\" \/>\n<meta property=\"article:modified_time\" content=\"2024-03-20T11:38:34+00:00\" \/>\n<meta property=\"og:image\" content=\"https:\/\/wire-processor.eu\/wp-content\/uploads\/2018\/04\/IMG_4795-bzw.jpg\" \/>\n\t<meta property=\"og:image:width\" content=\"800\" \/>\n\t<meta property=\"og:image:height\" content=\"800\" \/>\n\t<meta property=\"og:image:type\" content=\"image\/jpeg\" \/>\n<meta name=\"twitter:card\" content=\"summary_large_image\" \/>\n<meta name=\"twitter:label1\" content=\"Odhadovan\u00e1 doba \u010dten\u00ed\" \/>\n\t<meta name=\"twitter:data1\" content=\"1 minuta\" \/>\n<script type=\"application\/ld+json\" class=\"yoast-schema-graph\">{\"@context\":\"https:\/\/schema.org\",\"@graph\":[{\"@type\":\"WebPage\",\"@id\":\"https:\/\/wire-processor.eu\/cs\/oferta\/automat-pro-rezani-odizolovani-vodicu-s-dvojitou-izolaci-bzw-50wx\/\",\"url\":\"https:\/\/wire-processor.eu\/cs\/oferta\/automat-pro-rezani-odizolovani-vodicu-s-dvojitou-izolaci-bzw-50wx\/\",\"name\":\"Automat pro \u0159ez\u00e1n\u00ed, odizolov\u00e1n\u00ed vodi\u010d\u016f s dvojitou izolac\u00ed BZW-50WX - Wire processor\",\"isPartOf\":{\"@id\":\"https:\/\/wire-processor.eu\/en\/#website\"},\"primaryImageOfPage\":{\"@id\":\"https:\/\/wire-processor.eu\/cs\/oferta\/automat-pro-rezani-odizolovani-vodicu-s-dvojitou-izolaci-bzw-50wx\/#primaryimage\"},\"image\":{\"@id\":\"https:\/\/wire-processor.eu\/cs\/oferta\/automat-pro-rezani-odizolovani-vodicu-s-dvojitou-izolaci-bzw-50wx\/#primaryimage\"},\"thumbnailUrl\":\"https:\/\/wire-processor.eu\/wp-content\/uploads\/2018\/04\/IMG_4795-bzw.jpg\",\"datePublished\":\"2023-11-09T11:31:23+00:00\",\"dateModified\":\"2024-03-20T11:38:34+00:00\",\"description\":\"\\\"BZW-50WX - Automat na st\u0159\u00edh\u00e1n\u00ed, odizolov\u00e1v\u00e1n\u00ed dvojit\u011b izolovan\u00fdch vodi\u010d\u016f. Klikn\u011bte a sezn\u00e1mte se s BZW-50WX.\",\"breadcrumb\":{\"@id\":\"https:\/\/wire-processor.eu\/cs\/oferta\/automat-pro-rezani-odizolovani-vodicu-s-dvojitou-izolaci-bzw-50wx\/#breadcrumb\"},\"inLanguage\":\"cs\",\"potentialAction\":[{\"@type\":\"ReadAction\",\"target\":[\"https:\/\/wire-processor.eu\/cs\/oferta\/automat-pro-rezani-odizolovani-vodicu-s-dvojitou-izolaci-bzw-50wx\/\"]}]},{\"@type\":\"ImageObject\",\"inLanguage\":\"cs\",\"@id\":\"https:\/\/wire-processor.eu\/cs\/oferta\/automat-pro-rezani-odizolovani-vodicu-s-dvojitou-izolaci-bzw-50wx\/#primaryimage\",\"url\":\"https:\/\/wire-processor.eu\/wp-content\/uploads\/2018\/04\/IMG_4795-bzw.jpg\",\"contentUrl\":\"https:\/\/wire-processor.eu\/wp-content\/uploads\/2018\/04\/IMG_4795-bzw.jpg\",\"width\":800,\"height\":800,\"caption\":\"Stroj na \u0159ez\u00e1n\u00ed a odizolov\u00e1n\u00ed dvojit\u011b izolovan\u00fdch dr\u00e1t\u016f do 35mm2 BZW-882DH50-WX\"},{\"@type\":\"BreadcrumbList\",\"@id\":\"https:\/\/wire-processor.eu\/cs\/oferta\/automat-pro-rezani-odizolovani-vodicu-s-dvojitou-izolaci-bzw-50wx\/#breadcrumb\",\"itemListElement\":[{\"@type\":\"ListItem\",\"position\":1,\"name\":\"Strona g\u0142\u00f3wna\",\"item\":\"https:\/\/wire-processor.eu\/cs\/\"},{\"@type\":\"ListItem\",\"position\":2,\"name\":\"Nab\u00eddka\",\"item\":\"https:\/\/wire-processor.eu\/cs\/nabidka\/\"},{\"@type\":\"ListItem\",\"position\":3,\"name\":\"Automat pro \u0159ez\u00e1n\u00ed, odizolov\u00e1n\u00ed vodi\u010d\u016f s dvojitou izolac\u00ed BZW-50WX\"}]},{\"@type\":\"WebSite\",\"@id\":\"https:\/\/wire-processor.eu\/en\/#website\",\"url\":\"https:\/\/wire-processor.eu\/en\/\",\"name\":\"Wire processor\",\"description\":\"Maszyny do obr\u00f3bki przewod\u00f3w\",\"publisher\":{\"@id\":\"https:\/\/wire-processor.eu\/en\/#organization\"},\"potentialAction\":[{\"@type\":\"SearchAction\",\"target\":{\"@type\":\"EntryPoint\",\"urlTemplate\":\"https:\/\/wire-processor.eu\/en\/?s={search_term_string}\"},\"query-input\":{\"@type\":\"PropertyValueSpecification\",\"valueRequired\":true,\"valueName\":\"search_term_string\"}}],\"inLanguage\":\"cs\"},{\"@type\":\"Organization\",\"@id\":\"https:\/\/wire-processor.eu\/en\/#organization\",\"name\":\"Wire processor - maszyny do przewod\u00f3w\",\"url\":\"https:\/\/wire-processor.eu\/en\/\",\"logo\":{\"@type\":\"ImageObject\",\"inLanguage\":\"cs\",\"@id\":\"https:\/\/wire-processor.eu\/en\/#\/schema\/logo\/image\/\",\"url\":\"https:\/\/wire-processor.eu\/wp-content\/uploads\/2018\/04\/Bozwang-_logo_producent1.png\",\"contentUrl\":\"https:\/\/wire-processor.eu\/wp-content\/uploads\/2018\/04\/Bozwang-_logo_producent1.png\",\"width\":250,\"height\":33,\"caption\":\"Wire processor - maszyny do przewod\u00f3w\"},\"image\":{\"@id\":\"https:\/\/wire-processor.eu\/en\/#\/schema\/logo\/image\/\"}}]}<\/script>\n<!-- \/ Yoast SEO plugin. -->","yoast_head_json":{"title":"Automat pro \u0159ez\u00e1n\u00ed, odizolov\u00e1n\u00ed vodi\u010d\u016f s dvojitou izolac\u00ed BZW-50WX - Wire processor","description":"\"BZW-50WX - Automat na st\u0159\u00edh\u00e1n\u00ed, odizolov\u00e1v\u00e1n\u00ed dvojit\u011b izolovan\u00fdch vodi\u010d\u016f. Klikn\u011bte a sezn\u00e1mte se s BZW-50WX.","robots":{"index":"index","follow":"follow","max-snippet":"max-snippet:-1","max-image-preview":"max-image-preview:large","max-video-preview":"max-video-preview:-1"},"canonical":"https:\/\/wire-processor.eu\/cs\/oferta\/automat-pro-rezani-odizolovani-vodicu-s-dvojitou-izolaci-bzw-50wx\/","og_locale":"cs_CZ","og_type":"article","og_title":"Automat pro \u0159ez\u00e1n\u00ed, odizolov\u00e1n\u00ed vodi\u010d\u016f s dvojitou izolac\u00ed BZW-50WX - Wire processor","og_description":"\"BZW-50WX - Automat na st\u0159\u00edh\u00e1n\u00ed, odizolov\u00e1v\u00e1n\u00ed dvojit\u011b izolovan\u00fdch vodi\u010d\u016f. Klikn\u011bte a sezn\u00e1mte se s BZW-50WX.","og_url":"https:\/\/wire-processor.eu\/cs\/oferta\/automat-pro-rezani-odizolovani-vodicu-s-dvojitou-izolaci-bzw-50wx\/","og_site_name":"Wire processor","article_modified_time":"2024-03-20T11:38:34+00:00","og_image":[{"width":800,"height":800,"url":"https:\/\/wire-processor.eu\/wp-content\/uploads\/2018\/04\/IMG_4795-bzw.jpg","type":"image\/jpeg"}],"twitter_card":"summary_large_image","twitter_misc":{"Odhadovan\u00e1 doba \u010dten\u00ed":"1 minuta"},"schema":{"@context":"https:\/\/schema.org","@graph":[{"@type":"WebPage","@id":"https:\/\/wire-processor.eu\/cs\/oferta\/automat-pro-rezani-odizolovani-vodicu-s-dvojitou-izolaci-bzw-50wx\/","url":"https:\/\/wire-processor.eu\/cs\/oferta\/automat-pro-rezani-odizolovani-vodicu-s-dvojitou-izolaci-bzw-50wx\/","name":"Automat pro \u0159ez\u00e1n\u00ed, odizolov\u00e1n\u00ed vodi\u010d\u016f s dvojitou izolac\u00ed BZW-50WX - Wire processor","isPartOf":{"@id":"https:\/\/wire-processor.eu\/en\/#website"},"primaryImageOfPage":{"@id":"https:\/\/wire-processor.eu\/cs\/oferta\/automat-pro-rezani-odizolovani-vodicu-s-dvojitou-izolaci-bzw-50wx\/#primaryimage"},"image":{"@id":"https:\/\/wire-processor.eu\/cs\/oferta\/automat-pro-rezani-odizolovani-vodicu-s-dvojitou-izolaci-bzw-50wx\/#primaryimage"},"thumbnailUrl":"https:\/\/wire-processor.eu\/wp-content\/uploads\/2018\/04\/IMG_4795-bzw.jpg","datePublished":"2023-11-09T11:31:23+00:00","dateModified":"2024-03-20T11:38:34+00:00","description":"\"BZW-50WX - Automat na st\u0159\u00edh\u00e1n\u00ed, odizolov\u00e1v\u00e1n\u00ed dvojit\u011b izolovan\u00fdch vodi\u010d\u016f. Klikn\u011bte a sezn\u00e1mte se s BZW-50WX.","breadcrumb":{"@id":"https:\/\/wire-processor.eu\/cs\/oferta\/automat-pro-rezani-odizolovani-vodicu-s-dvojitou-izolaci-bzw-50wx\/#breadcrumb"},"inLanguage":"cs","potentialAction":[{"@type":"ReadAction","target":["https:\/\/wire-processor.eu\/cs\/oferta\/automat-pro-rezani-odizolovani-vodicu-s-dvojitou-izolaci-bzw-50wx\/"]}]},{"@type":"ImageObject","inLanguage":"cs","@id":"https:\/\/wire-processor.eu\/cs\/oferta\/automat-pro-rezani-odizolovani-vodicu-s-dvojitou-izolaci-bzw-50wx\/#primaryimage","url":"https:\/\/wire-processor.eu\/wp-content\/uploads\/2018\/04\/IMG_4795-bzw.jpg","contentUrl":"https:\/\/wire-processor.eu\/wp-content\/uploads\/2018\/04\/IMG_4795-bzw.jpg","width":800,"height":800,"caption":"Stroj na \u0159ez\u00e1n\u00ed a odizolov\u00e1n\u00ed dvojit\u011b izolovan\u00fdch dr\u00e1t\u016f do 35mm2 BZW-882DH50-WX"},{"@type":"BreadcrumbList","@id":"https:\/\/wire-processor.eu\/cs\/oferta\/automat-pro-rezani-odizolovani-vodicu-s-dvojitou-izolaci-bzw-50wx\/#breadcrumb","itemListElement":[{"@type":"ListItem","position":1,"name":"Strona g\u0142\u00f3wna","item":"https:\/\/wire-processor.eu\/cs\/"},{"@type":"ListItem","position":2,"name":"Nab\u00eddka","item":"https:\/\/wire-processor.eu\/cs\/nabidka\/"},{"@type":"ListItem","position":3,"name":"Automat pro \u0159ez\u00e1n\u00ed, odizolov\u00e1n\u00ed vodi\u010d\u016f s dvojitou izolac\u00ed BZW-50WX"}]},{"@type":"WebSite","@id":"https:\/\/wire-processor.eu\/en\/#website","url":"https:\/\/wire-processor.eu\/en\/","name":"Wire processor","description":"Maszyny do obr\u00f3bki przewod\u00f3w","publisher":{"@id":"https:\/\/wire-processor.eu\/en\/#organization"},"potentialAction":[{"@type":"SearchAction","target":{"@type":"EntryPoint","urlTemplate":"https:\/\/wire-processor.eu\/en\/?s={search_term_string}"},"query-input":{"@type":"PropertyValueSpecification","valueRequired":true,"valueName":"search_term_string"}}],"inLanguage":"cs"},{"@type":"Organization","@id":"https:\/\/wire-processor.eu\/en\/#organization","name":"Wire processor - maszyny do przewod\u00f3w","url":"https:\/\/wire-processor.eu\/en\/","logo":{"@type":"ImageObject","inLanguage":"cs","@id":"https:\/\/wire-processor.eu\/en\/#\/schema\/logo\/image\/","url":"https:\/\/wire-processor.eu\/wp-content\/uploads\/2018\/04\/Bozwang-_logo_producent1.png","contentUrl":"https:\/\/wire-processor.eu\/wp-content\/uploads\/2018\/04\/Bozwang-_logo_producent1.png","width":250,"height":33,"caption":"Wire processor - maszyny do przewod\u00f3w"},"image":{"@id":"https:\/\/wire-processor.eu\/en\/#\/schema\/logo\/image\/"}}]}},"_links":{"self":[{"href":"https:\/\/wire-processor.eu\/cs\/wp-json\/wp\/v2\/product\/16450","targetHints":{"allow":["GET"]}}],"collection":[{"href":"https:\/\/wire-processor.eu\/cs\/wp-json\/wp\/v2\/product"}],"about":[{"href":"https:\/\/wire-processor.eu\/cs\/wp-json\/wp\/v2\/types\/product"}],"wp:featuredmedia":[{"embeddable":true,"href":"https:\/\/wire-processor.eu\/cs\/wp-json\/wp\/v2\/media\/16439"}],"wp:attachment":[{"href":"https:\/\/wire-processor.eu\/cs\/wp-json\/wp\/v2\/media?parent=16450"}],"wp:term":[{"taxonomy":"product_brand","embeddable":true,"href":"https:\/\/wire-processor.eu\/cs\/wp-json\/wp\/v2\/product_brand?post=16450"},{"taxonomy":"product_cat","embeddable":true,"href":"https:\/\/wire-processor.eu\/cs\/wp-json\/wp\/v2\/product_cat?post=16450"},{"taxonomy":"product_tag","embeddable":true,"href":"https:\/\/wire-processor.eu\/cs\/wp-json\/wp\/v2\/product_tag?post=16450"}],"curies":[{"name":"wp","href":"https:\/\/api.w.org\/{rel}","templated":true}]}}