{"id":16579,"date":"2023-11-17T14:47:29","date_gmt":"2023-11-24T10:01:59","guid":{"rendered":"https:\/\/wire-processor.eu\/oferta\/bzw-886as-stroj-na-loupani-koaxialnich-kabelu-se-servomechanismem\/"},"modified":"2024-02-27T10:10:42","modified_gmt":"2024-02-27T09:10:42","slug":"bzw-886as-stroj-na-loupani-koaxialnich-kabelu-se-servomechanismem","status":"publish","type":"product","link":"https:\/\/wire-processor.eu\/cs\/oferta\/bzw-886as-stroj-na-loupani-koaxialnich-kabelu-se-servomechanismem\/","title":{"rendered":"BZW-886AS stroj na loupan\u00ed koaxi\u00e1ln\u00edch kabel\u016f se servomechanismem."},"content":{"rendered":"<p><strong>BZW-886AS<\/strong> je pln\u011b programovateln\u00fd stroj se servomechanismem pro loupan\u00ed, kter\u00fd je ur\u010den pro loupan\u00ed v\u00edcevrstv\u00fdch koaxi\u00e1ln\u00edch kabel\u016f, v\u00edcej\u00e1drov\u00fdch kabel\u016f v opleten\u00ed a jader vodi\u010d\u016f v po\u0159ad\u00ed programov\u00e1n\u00ed.<\/p>\n<p>Vysok\u00e1 p\u0159esnost loupan\u00ed koaxi\u00e1ln\u00edho kabelu umo\u017e\u0148uje zpracov\u00e1n\u00ed a\u017e p\u011bti vrstev.<\/p>\n<p>V souladu s v\u00fdrobn\u00edmi po\u017eadavky je mo\u017en\u00e9 naprogramovat cyklus zpracov\u00e1n\u00ed pro mnoho pr\u016fm\u011br\u016f vodi\u010d\u016f; v\u00fdrobn\u00ed proces lze ulo\u017eit do n\u011bkolika skupin, co\u017e umo\u017e\u0148uje rychlou zm\u011bnu pro mal\u00e9 \u0161ar\u017ee objedn\u00e1vek.<\/p>\n<p>N\u00e1padit\u00fd n\u00e1vrh ochrann\u00e9ho krytu zaji\u0161\u0165uje bezpe\u010dnou pr\u00e1ci bez ztr\u00e1ty efektivity.<\/p>\n<p>Odpadov\u00fd kontejner slou\u017e\u00ed k sb\u00edr\u00e1n\u00ed zbytk\u016f vodi\u010d\u016f a udr\u017een\u00ed \u010distoty za\u0159\u00edzen\u00ed.<\/p>\n<p>Intuitivn\u00ed a u\u017eivatelsky p\u0159\u00edv\u011btiv\u00fd grafick\u00fd rozhran\u00ed syst\u00e9mu HMI usnad\u0148uje obsluhu, \u010d\u00edm\u017e ji \u010din\u00ed pohodln\u011bj\u0161\u00ed a rychlej\u0161\u00ed.<\/p>\n<p>Rychl\u00e1 zm\u011bna procesu pomoc\u00ed voliteln\u00e9ho pistoletov\u00e9ho skeneru.<br \/>\nN\u00ed\u017ee jsou uvedeny mo\u017en\u00e9 operace proveden\u00e9 s pou\u017eit\u00edm BZW-886AS.<\/p>\n<p><img decoding=\"async\" class=\"alignnone wp-image-16543\" src=\"https:\/\/wire-processor.eu\/wp-content\/uploads\/2023\/11\/bzw-886AS-12.jpg\" alt=\"\" width=\"893\" height=\"204\" srcset=\"https:\/\/wire-processor.eu\/wp-content\/uploads\/2023\/11\/bzw-886AS-12-200x46.jpg 200w, https:\/\/wire-processor.eu\/wp-content\/uploads\/2023\/11\/bzw-886AS-12-300x69.jpg 300w, https:\/\/wire-processor.eu\/wp-content\/uploads\/2023\/11\/bzw-886AS-12-400x91.jpg 400w, https:\/\/wire-processor.eu\/wp-content\/uploads\/2023\/11\/bzw-886AS-12-600x137.jpg 600w, https:\/\/wire-processor.eu\/wp-content\/uploads\/2023\/11\/bzw-886AS-12-768x175.jpg 768w, https:\/\/wire-processor.eu\/wp-content\/uploads\/2023\/11\/bzw-886AS-12-800x183.jpg 800w, https:\/\/wire-processor.eu\/wp-content\/uploads\/2023\/11\/bzw-886AS-12-1024x234.jpg 1024w, https:\/\/wire-processor.eu\/wp-content\/uploads\/2023\/11\/bzw-886AS-12.jpg 1200w\" sizes=\"(max-width: 893px) 100vw, 893px\" \/><\/p>\n<p>&nbsp;<\/p>\n","protected":false},"excerpt":{"rendered":"<p><img decoding=\"async\" class=\"alignnone wp-image-16543\" src=\"https:\/\/wire-processor.eu\/wp-content\/uploads\/2023\/11\/bzw-886AS-12.jpg\" alt=\"\" width=\"972\" height=\"222\" srcset=\"https:\/\/wire-processor.eu\/wp-content\/uploads\/2023\/11\/bzw-886AS-12-200x46.jpg 200w, https:\/\/wire-processor.eu\/wp-content\/uploads\/2023\/11\/bzw-886AS-12-300x69.jpg 300w, https:\/\/wire-processor.eu\/wp-content\/uploads\/2023\/11\/bzw-886AS-12-400x91.jpg 400w, https:\/\/wire-processor.eu\/wp-content\/uploads\/2023\/11\/bzw-886AS-12-600x137.jpg 600w, https:\/\/wire-processor.eu\/wp-content\/uploads\/2023\/11\/bzw-886AS-12-768x175.jpg 768w, https:\/\/wire-processor.eu\/wp-content\/uploads\/2023\/11\/bzw-886AS-12-800x183.jpg 800w, https:\/\/wire-processor.eu\/wp-content\/uploads\/2023\/11\/bzw-886AS-12-1024x234.jpg 1024w, https:\/\/wire-processor.eu\/wp-content\/uploads\/2023\/11\/bzw-886AS-12.jpg 1200w\" sizes=\"(max-width: 972px) 100vw, 972px\" \/><\/p>\n<p><iframe width=\"560\" height=\"315\" src=\"https:\/\/www.youtube-nocookie.com\/embed\/BOtvDGaNjRk?si=9To19RIwToNzJDUn\" title=\"YouTube video player\" frameborder=\"0\" allow=\"accelerometer; autoplay; clipboard-write; encrypted-media; gyroscope; picture-in-picture; web-share\" allowfullscreen=\"\"><\/iframe><\/p>\n","protected":false},"featured_media":16824,"template":"","meta":[],"product_brand":[],"product_cat":[553],"product_tag":[],"class_list":{"0":"post-16579","1":"product","2":"type-product","3":"status-publish","4":"has-post-thumbnail","6":"product_cat-zarizeni-na-zpracovani-koncentrickych-kabelu","8":"first","9":"instock","10":"featured","11":"shipping-taxable","12":"product-type-simple"},"yoast_head":"<!-- This site is optimized with the Yoast SEO plugin v26.3 - https:\/\/yoast.com\/wordpress\/plugins\/seo\/ -->\n<title>BZW-886AS stroj na loupan\u00ed koaxi\u00e1ln\u00edch kabel\u016f se servomechanismem. - Wire processor<\/title>\n<meta name=\"description\" content=\"Za\u0159\u00edzen\u00ed ur\u010den\u00e9 pro loupan\u00ed v\u00edcevrstv\u00fdch koaxi\u00e1ln\u00edch kabel\u016f, v\u00edcej\u00e1drov\u00fdch kabel\u016f v opleten\u00ed a jader vodi\u010d\u016f BZW-886AS - zkontroluj!\" \/>\n<meta name=\"robots\" content=\"index, follow, max-snippet:-1, max-image-preview:large, max-video-preview:-1\" \/>\n<link rel=\"canonical\" href=\"https:\/\/wire-processor.eu\/cs\/oferta\/bzw-886as-stroj-na-loupani-koaxialnich-kabelu-se-servomechanismem\/\" \/>\n<meta property=\"og:locale\" content=\"cs_CZ\" \/>\n<meta property=\"og:type\" content=\"article\" \/>\n<meta property=\"og:title\" content=\"BZW-886AS stroj na loupan\u00ed koaxi\u00e1ln\u00edch kabel\u016f se servomechanismem. - Wire processor\" \/>\n<meta property=\"og:description\" content=\"Za\u0159\u00edzen\u00ed ur\u010den\u00e9 pro loupan\u00ed v\u00edcevrstv\u00fdch koaxi\u00e1ln\u00edch kabel\u016f, v\u00edcej\u00e1drov\u00fdch kabel\u016f v opleten\u00ed a jader vodi\u010d\u016f BZW-886AS - zkontroluj!\" \/>\n<meta property=\"og:url\" content=\"https:\/\/wire-processor.eu\/cs\/oferta\/bzw-886as-stroj-na-loupani-koaxialnich-kabelu-se-servomechanismem\/\" \/>\n<meta property=\"og:site_name\" content=\"Wire processor\" \/>\n<meta property=\"article:modified_time\" content=\"2024-02-27T09:10:42+00:00\" \/>\n<meta property=\"og:image\" content=\"https:\/\/wire-processor.eu\/wp-content\/uploads\/2023\/11\/BZW-886AS-www.jpg\" \/>\n\t<meta property=\"og:image:width\" content=\"800\" \/>\n\t<meta property=\"og:image:height\" content=\"800\" \/>\n\t<meta property=\"og:image:type\" content=\"image\/jpeg\" \/>\n<meta name=\"twitter:card\" content=\"summary_large_image\" \/>\n<meta name=\"twitter:label1\" content=\"Odhadovan\u00e1 doba \u010dten\u00ed\" \/>\n\t<meta name=\"twitter:data1\" content=\"1 minuta\" \/>\n<script type=\"application\/ld+json\" class=\"yoast-schema-graph\">{\"@context\":\"https:\/\/schema.org\",\"@graph\":[{\"@type\":\"WebPage\",\"@id\":\"https:\/\/wire-processor.eu\/cs\/oferta\/bzw-886as-stroj-na-loupani-koaxialnich-kabelu-se-servomechanismem\/\",\"url\":\"https:\/\/wire-processor.eu\/cs\/oferta\/bzw-886as-stroj-na-loupani-koaxialnich-kabelu-se-servomechanismem\/\",\"name\":\"BZW-886AS stroj na loupan\u00ed koaxi\u00e1ln\u00edch kabel\u016f se servomechanismem. - Wire processor\",\"isPartOf\":{\"@id\":\"https:\/\/wire-processor.eu\/en\/#website\"},\"primaryImageOfPage\":{\"@id\":\"https:\/\/wire-processor.eu\/cs\/oferta\/bzw-886as-stroj-na-loupani-koaxialnich-kabelu-se-servomechanismem\/#primaryimage\"},\"image\":{\"@id\":\"https:\/\/wire-processor.eu\/cs\/oferta\/bzw-886as-stroj-na-loupani-koaxialnich-kabelu-se-servomechanismem\/#primaryimage\"},\"thumbnailUrl\":\"https:\/\/wire-processor.eu\/wp-content\/uploads\/2023\/11\/BZW-886AS-www.jpg\",\"datePublished\":\"2023-11-24T10:01:59+00:00\",\"dateModified\":\"2024-02-27T09:10:42+00:00\",\"description\":\"Za\u0159\u00edzen\u00ed ur\u010den\u00e9 pro loupan\u00ed v\u00edcevrstv\u00fdch koaxi\u00e1ln\u00edch kabel\u016f, v\u00edcej\u00e1drov\u00fdch kabel\u016f v opleten\u00ed a jader vodi\u010d\u016f BZW-886AS - zkontroluj!\",\"breadcrumb\":{\"@id\":\"https:\/\/wire-processor.eu\/cs\/oferta\/bzw-886as-stroj-na-loupani-koaxialnich-kabelu-se-servomechanismem\/#breadcrumb\"},\"inLanguage\":\"cs\",\"potentialAction\":[{\"@type\":\"ReadAction\",\"target\":[\"https:\/\/wire-processor.eu\/cs\/oferta\/bzw-886as-stroj-na-loupani-koaxialnich-kabelu-se-servomechanismem\/\"]}]},{\"@type\":\"ImageObject\",\"inLanguage\":\"cs\",\"@id\":\"https:\/\/wire-processor.eu\/cs\/oferta\/bzw-886as-stroj-na-loupani-koaxialnich-kabelu-se-servomechanismem\/#primaryimage\",\"url\":\"https:\/\/wire-processor.eu\/wp-content\/uploads\/2023\/11\/BZW-886AS-www.jpg\",\"contentUrl\":\"https:\/\/wire-processor.eu\/wp-content\/uploads\/2023\/11\/BZW-886AS-www.jpg\",\"width\":800,\"height\":800,\"caption\":\"BZW-886AS stroj na loupan\u00ed koaxi\u00e1ln\u00edch kabel\u016f se servomechanismem.\"},{\"@type\":\"BreadcrumbList\",\"@id\":\"https:\/\/wire-processor.eu\/cs\/oferta\/bzw-886as-stroj-na-loupani-koaxialnich-kabelu-se-servomechanismem\/#breadcrumb\",\"itemListElement\":[{\"@type\":\"ListItem\",\"position\":1,\"name\":\"Strona g\u0142\u00f3wna\",\"item\":\"https:\/\/wire-processor.eu\/cs\/\"},{\"@type\":\"ListItem\",\"position\":2,\"name\":\"Nab\u00eddka\",\"item\":\"https:\/\/wire-processor.eu\/cs\/nabidka\/\"},{\"@type\":\"ListItem\",\"position\":3,\"name\":\"BZW-886AS stroj na loupan\u00ed koaxi\u00e1ln\u00edch kabel\u016f se servomechanismem.\"}]},{\"@type\":\"WebSite\",\"@id\":\"https:\/\/wire-processor.eu\/en\/#website\",\"url\":\"https:\/\/wire-processor.eu\/en\/\",\"name\":\"Wire processor\",\"description\":\"Maszyny do obr\u00f3bki przewod\u00f3w\",\"publisher\":{\"@id\":\"https:\/\/wire-processor.eu\/en\/#organization\"},\"potentialAction\":[{\"@type\":\"SearchAction\",\"target\":{\"@type\":\"EntryPoint\",\"urlTemplate\":\"https:\/\/wire-processor.eu\/en\/?s={search_term_string}\"},\"query-input\":{\"@type\":\"PropertyValueSpecification\",\"valueRequired\":true,\"valueName\":\"search_term_string\"}}],\"inLanguage\":\"cs\"},{\"@type\":\"Organization\",\"@id\":\"https:\/\/wire-processor.eu\/en\/#organization\",\"name\":\"Wire processor - maszyny do przewod\u00f3w\",\"url\":\"https:\/\/wire-processor.eu\/en\/\",\"logo\":{\"@type\":\"ImageObject\",\"inLanguage\":\"cs\",\"@id\":\"https:\/\/wire-processor.eu\/en\/#\/schema\/logo\/image\/\",\"url\":\"https:\/\/wire-processor.eu\/wp-content\/uploads\/2018\/04\/Bozwang-_logo_producent1.png\",\"contentUrl\":\"https:\/\/wire-processor.eu\/wp-content\/uploads\/2018\/04\/Bozwang-_logo_producent1.png\",\"width\":250,\"height\":33,\"caption\":\"Wire processor - maszyny do przewod\u00f3w\"},\"image\":{\"@id\":\"https:\/\/wire-processor.eu\/en\/#\/schema\/logo\/image\/\"}}]}<\/script>\n<!-- \/ Yoast SEO plugin. -->","yoast_head_json":{"title":"BZW-886AS stroj na loupan\u00ed koaxi\u00e1ln\u00edch kabel\u016f se servomechanismem. - Wire processor","description":"Za\u0159\u00edzen\u00ed ur\u010den\u00e9 pro loupan\u00ed v\u00edcevrstv\u00fdch koaxi\u00e1ln\u00edch kabel\u016f, v\u00edcej\u00e1drov\u00fdch kabel\u016f v opleten\u00ed a jader vodi\u010d\u016f BZW-886AS - zkontroluj!","robots":{"index":"index","follow":"follow","max-snippet":"max-snippet:-1","max-image-preview":"max-image-preview:large","max-video-preview":"max-video-preview:-1"},"canonical":"https:\/\/wire-processor.eu\/cs\/oferta\/bzw-886as-stroj-na-loupani-koaxialnich-kabelu-se-servomechanismem\/","og_locale":"cs_CZ","og_type":"article","og_title":"BZW-886AS stroj na loupan\u00ed koaxi\u00e1ln\u00edch kabel\u016f se servomechanismem. - Wire processor","og_description":"Za\u0159\u00edzen\u00ed ur\u010den\u00e9 pro loupan\u00ed v\u00edcevrstv\u00fdch koaxi\u00e1ln\u00edch kabel\u016f, v\u00edcej\u00e1drov\u00fdch kabel\u016f v opleten\u00ed a jader vodi\u010d\u016f BZW-886AS - zkontroluj!","og_url":"https:\/\/wire-processor.eu\/cs\/oferta\/bzw-886as-stroj-na-loupani-koaxialnich-kabelu-se-servomechanismem\/","og_site_name":"Wire processor","article_modified_time":"2024-02-27T09:10:42+00:00","og_image":[{"width":800,"height":800,"url":"https:\/\/wire-processor.eu\/wp-content\/uploads\/2023\/11\/BZW-886AS-www.jpg","type":"image\/jpeg"}],"twitter_card":"summary_large_image","twitter_misc":{"Odhadovan\u00e1 doba \u010dten\u00ed":"1 minuta"},"schema":{"@context":"https:\/\/schema.org","@graph":[{"@type":"WebPage","@id":"https:\/\/wire-processor.eu\/cs\/oferta\/bzw-886as-stroj-na-loupani-koaxialnich-kabelu-se-servomechanismem\/","url":"https:\/\/wire-processor.eu\/cs\/oferta\/bzw-886as-stroj-na-loupani-koaxialnich-kabelu-se-servomechanismem\/","name":"BZW-886AS stroj na loupan\u00ed koaxi\u00e1ln\u00edch kabel\u016f se servomechanismem. - Wire processor","isPartOf":{"@id":"https:\/\/wire-processor.eu\/en\/#website"},"primaryImageOfPage":{"@id":"https:\/\/wire-processor.eu\/cs\/oferta\/bzw-886as-stroj-na-loupani-koaxialnich-kabelu-se-servomechanismem\/#primaryimage"},"image":{"@id":"https:\/\/wire-processor.eu\/cs\/oferta\/bzw-886as-stroj-na-loupani-koaxialnich-kabelu-se-servomechanismem\/#primaryimage"},"thumbnailUrl":"https:\/\/wire-processor.eu\/wp-content\/uploads\/2023\/11\/BZW-886AS-www.jpg","datePublished":"2023-11-24T10:01:59+00:00","dateModified":"2024-02-27T09:10:42+00:00","description":"Za\u0159\u00edzen\u00ed ur\u010den\u00e9 pro loupan\u00ed v\u00edcevrstv\u00fdch koaxi\u00e1ln\u00edch kabel\u016f, v\u00edcej\u00e1drov\u00fdch kabel\u016f v opleten\u00ed a jader vodi\u010d\u016f BZW-886AS - zkontroluj!","breadcrumb":{"@id":"https:\/\/wire-processor.eu\/cs\/oferta\/bzw-886as-stroj-na-loupani-koaxialnich-kabelu-se-servomechanismem\/#breadcrumb"},"inLanguage":"cs","potentialAction":[{"@type":"ReadAction","target":["https:\/\/wire-processor.eu\/cs\/oferta\/bzw-886as-stroj-na-loupani-koaxialnich-kabelu-se-servomechanismem\/"]}]},{"@type":"ImageObject","inLanguage":"cs","@id":"https:\/\/wire-processor.eu\/cs\/oferta\/bzw-886as-stroj-na-loupani-koaxialnich-kabelu-se-servomechanismem\/#primaryimage","url":"https:\/\/wire-processor.eu\/wp-content\/uploads\/2023\/11\/BZW-886AS-www.jpg","contentUrl":"https:\/\/wire-processor.eu\/wp-content\/uploads\/2023\/11\/BZW-886AS-www.jpg","width":800,"height":800,"caption":"BZW-886AS stroj na loupan\u00ed koaxi\u00e1ln\u00edch kabel\u016f se servomechanismem."},{"@type":"BreadcrumbList","@id":"https:\/\/wire-processor.eu\/cs\/oferta\/bzw-886as-stroj-na-loupani-koaxialnich-kabelu-se-servomechanismem\/#breadcrumb","itemListElement":[{"@type":"ListItem","position":1,"name":"Strona g\u0142\u00f3wna","item":"https:\/\/wire-processor.eu\/cs\/"},{"@type":"ListItem","position":2,"name":"Nab\u00eddka","item":"https:\/\/wire-processor.eu\/cs\/nabidka\/"},{"@type":"ListItem","position":3,"name":"BZW-886AS stroj na loupan\u00ed koaxi\u00e1ln\u00edch kabel\u016f se servomechanismem."}]},{"@type":"WebSite","@id":"https:\/\/wire-processor.eu\/en\/#website","url":"https:\/\/wire-processor.eu\/en\/","name":"Wire processor","description":"Maszyny do obr\u00f3bki przewod\u00f3w","publisher":{"@id":"https:\/\/wire-processor.eu\/en\/#organization"},"potentialAction":[{"@type":"SearchAction","target":{"@type":"EntryPoint","urlTemplate":"https:\/\/wire-processor.eu\/en\/?s={search_term_string}"},"query-input":{"@type":"PropertyValueSpecification","valueRequired":true,"valueName":"search_term_string"}}],"inLanguage":"cs"},{"@type":"Organization","@id":"https:\/\/wire-processor.eu\/en\/#organization","name":"Wire processor - maszyny do przewod\u00f3w","url":"https:\/\/wire-processor.eu\/en\/","logo":{"@type":"ImageObject","inLanguage":"cs","@id":"https:\/\/wire-processor.eu\/en\/#\/schema\/logo\/image\/","url":"https:\/\/wire-processor.eu\/wp-content\/uploads\/2018\/04\/Bozwang-_logo_producent1.png","contentUrl":"https:\/\/wire-processor.eu\/wp-content\/uploads\/2018\/04\/Bozwang-_logo_producent1.png","width":250,"height":33,"caption":"Wire processor - maszyny do przewod\u00f3w"},"image":{"@id":"https:\/\/wire-processor.eu\/en\/#\/schema\/logo\/image\/"}}]}},"_links":{"self":[{"href":"https:\/\/wire-processor.eu\/cs\/wp-json\/wp\/v2\/product\/16579","targetHints":{"allow":["GET"]}}],"collection":[{"href":"https:\/\/wire-processor.eu\/cs\/wp-json\/wp\/v2\/product"}],"about":[{"href":"https:\/\/wire-processor.eu\/cs\/wp-json\/wp\/v2\/types\/product"}],"wp:featuredmedia":[{"embeddable":true,"href":"https:\/\/wire-processor.eu\/cs\/wp-json\/wp\/v2\/media\/16824"}],"wp:attachment":[{"href":"https:\/\/wire-processor.eu\/cs\/wp-json\/wp\/v2\/media?parent=16579"}],"wp:term":[{"taxonomy":"product_brand","embeddable":true,"href":"https:\/\/wire-processor.eu\/cs\/wp-json\/wp\/v2\/product_brand?post=16579"},{"taxonomy":"product_cat","embeddable":true,"href":"https:\/\/wire-processor.eu\/cs\/wp-json\/wp\/v2\/product_cat?post=16579"},{"taxonomy":"product_tag","embeddable":true,"href":"https:\/\/wire-processor.eu\/cs\/wp-json\/wp\/v2\/product_tag?post=16579"}],"curies":[{"name":"wp","href":"https:\/\/api.w.org\/{rel}","templated":true}]}}