{"id":16838,"date":"2024-02-21T14:06:30","date_gmt":"2024-02-26T11:17:19","guid":{"rendered":"https:\/\/wire-processor.eu\/oferta\/bzw-f4g-je-polovicne-automaticky-stroj-pro-stiskani-konektoru-kabelu-znacky-harting\/"},"modified":"2024-02-26T12:17:19","modified_gmt":"2024-02-26T11:17:19","slug":"bzw-f4g-je-polovicne-automaticky-stroj-pro-stiskani-konektoru-kabelu-znacky-harting","status":"publish","type":"product","link":"https:\/\/wire-processor.eu\/cs\/oferta\/bzw-f4g-je-polovicne-automaticky-stroj-pro-stiskani-konektoru-kabelu-znacky-harting\/","title":{"rendered":"BZW-F4+G je polovi\u010dn\u011b automatick\u00fd stroj pro stisk\u00e1n\u00ed konektor\u016f kabel\u016f zna\u010dky Harting."},"content":{"rendered":"<p><strong>BZW-F4+G<\/strong> je pokro\u010dil\u00fd stroj na zacisk\u00e1v\u00e1n\u00ed termin\u00e1l\u016f od firmy Harting, vybaven\u00fd pr\u016fmyslov\u00fdm \u0159\u00eddic\u00edm syst\u00e9mem, kter\u00fd zaji\u0161\u0165uje stabiln\u00ed provoz. D\u00edky sv\u00e9 kompaktn\u00ed konstrukci, jednoduch\u00e9 obsluze a snadn\u00e9mu syst\u00e9mu \u00fadr\u017eby je tato stroj vhodn\u00e1 pro v\u00fdrobce s vysokou v\u00fdkonnost\u00ed a minim\u00e1ln\u00edmi n\u00e1roky na \u00fadr\u017ebu, co umo\u017e\u0148uje u\u0161et\u0159it n\u00e1klady spojen\u00e9 s v\u00fdpadkem stroje.<\/p>\n<p>Hlavn\u00ed vlastnosti produktu:<\/p>\n<ul>\n<li>Funkce ovinut\u00ed dr\u00e1t\u016f, kter\u00e1 zabr\u00e1n\u00ed jejich p\u0159evr\u00e1cen\u00ed a zvy\u0161uje v\u00fdrobn\u00ed v\u00fdkon.<\/li>\n<li>Nen\u00ed pot\u0159eba v\u00fdm\u011bny vibra\u010dn\u00ed desky, co zvy\u0161uje efektivitu pr\u00e1ce.<\/li>\n<li>Mo\u017enost vizualizace pracovn\u00edho procesu, umo\u017e\u0148uj\u00edc\u00ed monitorov\u00e1n\u00ed operac\u00ed v re\u00e1ln\u00e9m \u010dase.<\/li>\n<li>Ovl\u00e1d\u00e1n\u00ed pomoc\u00ed dotykov\u00e9 obrazovky umo\u017e\u0148uj\u00edc\u00ed snadn\u00e9 nastaven\u00ed parametr\u016f, jako je s\u00edla zacisk\u00e1n\u00ed a hloubka odstran\u011bn\u00ed izolace.<\/li>\n<li>Mo\u017enost sou\u010dasn\u00e9ho odstra\u0148ov\u00e1n\u00ed izolace, ovinov\u00e1n\u00ed, navl\u00e9k\u00e1n\u00ed a stisknut\u00ed, co v\u00fdrazn\u011b zvy\u0161uje v\u00fdrobn\u00ed v\u00fdkon.<\/li>\n<\/ul>\n<p><iframe title=\"YouTube video player\" src=\"https:\/\/www.youtube-nocookie.com\/embed\/E3EYhfqEslM?si=yYzVMpcmPdhUJIP1\" width=\"560\" height=\"315\" frameborder=\"0\" allowfullscreen=\"allowfullscreen\"><\/iframe><\/p>\n","protected":false},"excerpt":{"rendered":"<p>BZW-F4+G je modern\u00ed stroj pro stiskov\u00e1n\u00ed termin\u00e1l\u016f zna\u010dky Harting, kter\u00fd nab\u00edz\u00ed stabiln\u00ed provoz a snadnou obsluhu. D\u00edky sv\u00e9 kompaktn\u00ed konstrukci a pokro\u010dil\u00fdm funkc\u00edm je ide\u00e1ln\u00edm \u0159e\u0161en\u00edm pro v\u00fdrobce hledaj\u00edc\u00ed efektivn\u00ed n\u00e1stroj pro stisk\u00e1v\u00e1n\u00ed termin\u00e1l\u016f typu Harting. BZW-F4+G disponuje funkcemi odstran\u011bn\u00ed izolace, ovinov\u00e1n\u00ed, navl\u00e9k\u00e1n\u00ed a stisknut\u00ed, co v\u00fdrazn\u011b zvy\u0161uje v\u00fdrobn\u00ed v\u00fdkon.<\/p>\n","protected":false},"featured_media":16829,"template":"","meta":[],"product_brand":[],"product_cat":[548],"product_tag":[],"class_list":{"0":"post-16838","1":"product","2":"type-product","3":"status-publish","4":"has-post-thumbnail","6":"product_cat-poloautomaticka-zarizeni-na-lisovani-koncovek","8":"first","9":"instock","10":"shipping-taxable","11":"product-type-simple"},"yoast_head":"<!-- This site is optimized with the Yoast SEO plugin v26.3 - https:\/\/yoast.com\/wordpress\/plugins\/seo\/ -->\n<title>BZW-F4+G je polovi\u010dn\u011b automatick\u00fd stroj pro stisk\u00e1n\u00ed konektor\u016f kabel\u016f zna\u010dky Harting. - Wire processor<\/title>\n<meta name=\"description\" content=\"BZW-F4+G je modern\u00ed stroj pro stiskov\u00e1n\u00ed termin\u00e1l\u016f zna\u010dky Harting, kter\u00fd nab\u00edz\u00ed stabiln\u00ed provoz a snadnou obsluhu. BZW-F4+G disponuje funkcemi odstran\u011bn\u00ed izolace, zakroucen\u00ed, navle\u010den\u00ed a stisknut\u00ed, co v\u00fdrazn\u011b zvy\u0161uje v\u00fdrobn\u00ed v\u00fdkon.\" \/>\n<meta name=\"robots\" content=\"index, follow, max-snippet:-1, max-image-preview:large, max-video-preview:-1\" \/>\n<link rel=\"canonical\" href=\"https:\/\/wire-processor.eu\/cs\/oferta\/bzw-f4g-je-polovicne-automaticky-stroj-pro-stiskani-konektoru-kabelu-znacky-harting\/\" \/>\n<meta property=\"og:locale\" content=\"cs_CZ\" \/>\n<meta property=\"og:type\" content=\"article\" \/>\n<meta property=\"og:title\" content=\"BZW-F4+G je polovi\u010dn\u011b automatick\u00fd stroj pro stisk\u00e1n\u00ed konektor\u016f kabel\u016f zna\u010dky Harting. - Wire processor\" \/>\n<meta property=\"og:description\" content=\"BZW-F4+G je modern\u00ed stroj pro stiskov\u00e1n\u00ed termin\u00e1l\u016f zna\u010dky Harting, kter\u00fd nab\u00edz\u00ed stabiln\u00ed provoz a snadnou obsluhu. BZW-F4+G disponuje funkcemi odstran\u011bn\u00ed izolace, zakroucen\u00ed, navle\u010den\u00ed a stisknut\u00ed, co v\u00fdrazn\u011b zvy\u0161uje v\u00fdrobn\u00ed v\u00fdkon.\" \/>\n<meta property=\"og:url\" content=\"https:\/\/wire-processor.eu\/cs\/oferta\/bzw-f4g-je-polovicne-automaticky-stroj-pro-stiskani-konektoru-kabelu-znacky-harting\/\" \/>\n<meta property=\"og:site_name\" content=\"Wire processor\" \/>\n<meta property=\"og:image\" content=\"https:\/\/wire-processor.eu\/wp-content\/uploads\/2024\/02\/BZW-F4G.jpg\" \/>\n\t<meta property=\"og:image:width\" content=\"800\" \/>\n\t<meta property=\"og:image:height\" content=\"800\" \/>\n\t<meta property=\"og:image:type\" content=\"image\/jpeg\" \/>\n<meta name=\"twitter:card\" content=\"summary_large_image\" \/>\n<meta name=\"twitter:label1\" content=\"Odhadovan\u00e1 doba \u010dten\u00ed\" \/>\n\t<meta name=\"twitter:data1\" content=\"1 minuta\" \/>\n<script type=\"application\/ld+json\" class=\"yoast-schema-graph\">{\"@context\":\"https:\/\/schema.org\",\"@graph\":[{\"@type\":\"WebPage\",\"@id\":\"https:\/\/wire-processor.eu\/cs\/oferta\/bzw-f4g-je-polovicne-automaticky-stroj-pro-stiskani-konektoru-kabelu-znacky-harting\/\",\"url\":\"https:\/\/wire-processor.eu\/cs\/oferta\/bzw-f4g-je-polovicne-automaticky-stroj-pro-stiskani-konektoru-kabelu-znacky-harting\/\",\"name\":\"BZW-F4+G je polovi\u010dn\u011b automatick\u00fd stroj pro stisk\u00e1n\u00ed konektor\u016f kabel\u016f zna\u010dky Harting. - Wire processor\",\"isPartOf\":{\"@id\":\"https:\/\/wire-processor.eu\/en\/#website\"},\"primaryImageOfPage\":{\"@id\":\"https:\/\/wire-processor.eu\/cs\/oferta\/bzw-f4g-je-polovicne-automaticky-stroj-pro-stiskani-konektoru-kabelu-znacky-harting\/#primaryimage\"},\"image\":{\"@id\":\"https:\/\/wire-processor.eu\/cs\/oferta\/bzw-f4g-je-polovicne-automaticky-stroj-pro-stiskani-konektoru-kabelu-znacky-harting\/#primaryimage\"},\"thumbnailUrl\":\"https:\/\/wire-processor.eu\/wp-content\/uploads\/2024\/02\/BZW-F4G.jpg\",\"datePublished\":\"2024-02-26T11:17:19+00:00\",\"description\":\"BZW-F4+G je modern\u00ed stroj pro stiskov\u00e1n\u00ed termin\u00e1l\u016f zna\u010dky Harting, kter\u00fd nab\u00edz\u00ed stabiln\u00ed provoz a snadnou obsluhu. BZW-F4+G disponuje funkcemi odstran\u011bn\u00ed izolace, zakroucen\u00ed, navle\u010den\u00ed a stisknut\u00ed, co v\u00fdrazn\u011b zvy\u0161uje v\u00fdrobn\u00ed v\u00fdkon.\",\"breadcrumb\":{\"@id\":\"https:\/\/wire-processor.eu\/cs\/oferta\/bzw-f4g-je-polovicne-automaticky-stroj-pro-stiskani-konektoru-kabelu-znacky-harting\/#breadcrumb\"},\"inLanguage\":\"cs\",\"potentialAction\":[{\"@type\":\"ReadAction\",\"target\":[\"https:\/\/wire-processor.eu\/cs\/oferta\/bzw-f4g-je-polovicne-automaticky-stroj-pro-stiskani-konektoru-kabelu-znacky-harting\/\"]}]},{\"@type\":\"ImageObject\",\"inLanguage\":\"cs\",\"@id\":\"https:\/\/wire-processor.eu\/cs\/oferta\/bzw-f4g-je-polovicne-automaticky-stroj-pro-stiskani-konektoru-kabelu-znacky-harting\/#primaryimage\",\"url\":\"https:\/\/wire-processor.eu\/wp-content\/uploads\/2024\/02\/BZW-F4G.jpg\",\"contentUrl\":\"https:\/\/wire-processor.eu\/wp-content\/uploads\/2024\/02\/BZW-F4G.jpg\",\"width\":800,\"height\":800,\"caption\":\"BZW-F4+G to p\u00f3\u0142automatyczna maszyna do zaciskania ko\u0144c\u00f3wek kablowych Harting\"},{\"@type\":\"BreadcrumbList\",\"@id\":\"https:\/\/wire-processor.eu\/cs\/oferta\/bzw-f4g-je-polovicne-automaticky-stroj-pro-stiskani-konektoru-kabelu-znacky-harting\/#breadcrumb\",\"itemListElement\":[{\"@type\":\"ListItem\",\"position\":1,\"name\":\"Strona g\u0142\u00f3wna\",\"item\":\"https:\/\/wire-processor.eu\/cs\/\"},{\"@type\":\"ListItem\",\"position\":2,\"name\":\"Nab\u00eddka\",\"item\":\"https:\/\/wire-processor.eu\/cs\/nabidka\/\"},{\"@type\":\"ListItem\",\"position\":3,\"name\":\"BZW-F4+G je polovi\u010dn\u011b automatick\u00fd stroj pro stisk\u00e1n\u00ed konektor\u016f kabel\u016f zna\u010dky Harting.\"}]},{\"@type\":\"WebSite\",\"@id\":\"https:\/\/wire-processor.eu\/en\/#website\",\"url\":\"https:\/\/wire-processor.eu\/en\/\",\"name\":\"Wire processor\",\"description\":\"Maszyny do obr\u00f3bki przewod\u00f3w\",\"publisher\":{\"@id\":\"https:\/\/wire-processor.eu\/en\/#organization\"},\"potentialAction\":[{\"@type\":\"SearchAction\",\"target\":{\"@type\":\"EntryPoint\",\"urlTemplate\":\"https:\/\/wire-processor.eu\/en\/?s={search_term_string}\"},\"query-input\":{\"@type\":\"PropertyValueSpecification\",\"valueRequired\":true,\"valueName\":\"search_term_string\"}}],\"inLanguage\":\"cs\"},{\"@type\":\"Organization\",\"@id\":\"https:\/\/wire-processor.eu\/en\/#organization\",\"name\":\"Wire processor - maszyny do przewod\u00f3w\",\"url\":\"https:\/\/wire-processor.eu\/en\/\",\"logo\":{\"@type\":\"ImageObject\",\"inLanguage\":\"cs\",\"@id\":\"https:\/\/wire-processor.eu\/en\/#\/schema\/logo\/image\/\",\"url\":\"https:\/\/wire-processor.eu\/wp-content\/uploads\/2018\/04\/Bozwang-_logo_producent1.png\",\"contentUrl\":\"https:\/\/wire-processor.eu\/wp-content\/uploads\/2018\/04\/Bozwang-_logo_producent1.png\",\"width\":250,\"height\":33,\"caption\":\"Wire processor - maszyny do przewod\u00f3w\"},\"image\":{\"@id\":\"https:\/\/wire-processor.eu\/en\/#\/schema\/logo\/image\/\"}}]}<\/script>\n<!-- \/ Yoast SEO plugin. -->","yoast_head_json":{"title":"BZW-F4+G je polovi\u010dn\u011b automatick\u00fd stroj pro stisk\u00e1n\u00ed konektor\u016f kabel\u016f zna\u010dky Harting. - Wire processor","description":"BZW-F4+G je modern\u00ed stroj pro stiskov\u00e1n\u00ed termin\u00e1l\u016f zna\u010dky Harting, kter\u00fd nab\u00edz\u00ed stabiln\u00ed provoz a snadnou obsluhu. BZW-F4+G disponuje funkcemi odstran\u011bn\u00ed izolace, zakroucen\u00ed, navle\u010den\u00ed a stisknut\u00ed, co v\u00fdrazn\u011b zvy\u0161uje v\u00fdrobn\u00ed v\u00fdkon.","robots":{"index":"index","follow":"follow","max-snippet":"max-snippet:-1","max-image-preview":"max-image-preview:large","max-video-preview":"max-video-preview:-1"},"canonical":"https:\/\/wire-processor.eu\/cs\/oferta\/bzw-f4g-je-polovicne-automaticky-stroj-pro-stiskani-konektoru-kabelu-znacky-harting\/","og_locale":"cs_CZ","og_type":"article","og_title":"BZW-F4+G je polovi\u010dn\u011b automatick\u00fd stroj pro stisk\u00e1n\u00ed konektor\u016f kabel\u016f zna\u010dky Harting. - Wire processor","og_description":"BZW-F4+G je modern\u00ed stroj pro stiskov\u00e1n\u00ed termin\u00e1l\u016f zna\u010dky Harting, kter\u00fd nab\u00edz\u00ed stabiln\u00ed provoz a snadnou obsluhu. BZW-F4+G disponuje funkcemi odstran\u011bn\u00ed izolace, zakroucen\u00ed, navle\u010den\u00ed a stisknut\u00ed, co v\u00fdrazn\u011b zvy\u0161uje v\u00fdrobn\u00ed v\u00fdkon.","og_url":"https:\/\/wire-processor.eu\/cs\/oferta\/bzw-f4g-je-polovicne-automaticky-stroj-pro-stiskani-konektoru-kabelu-znacky-harting\/","og_site_name":"Wire processor","og_image":[{"width":800,"height":800,"url":"https:\/\/wire-processor.eu\/wp-content\/uploads\/2024\/02\/BZW-F4G.jpg","type":"image\/jpeg"}],"twitter_card":"summary_large_image","twitter_misc":{"Odhadovan\u00e1 doba \u010dten\u00ed":"1 minuta"},"schema":{"@context":"https:\/\/schema.org","@graph":[{"@type":"WebPage","@id":"https:\/\/wire-processor.eu\/cs\/oferta\/bzw-f4g-je-polovicne-automaticky-stroj-pro-stiskani-konektoru-kabelu-znacky-harting\/","url":"https:\/\/wire-processor.eu\/cs\/oferta\/bzw-f4g-je-polovicne-automaticky-stroj-pro-stiskani-konektoru-kabelu-znacky-harting\/","name":"BZW-F4+G je polovi\u010dn\u011b automatick\u00fd stroj pro stisk\u00e1n\u00ed konektor\u016f kabel\u016f zna\u010dky Harting. - Wire processor","isPartOf":{"@id":"https:\/\/wire-processor.eu\/en\/#website"},"primaryImageOfPage":{"@id":"https:\/\/wire-processor.eu\/cs\/oferta\/bzw-f4g-je-polovicne-automaticky-stroj-pro-stiskani-konektoru-kabelu-znacky-harting\/#primaryimage"},"image":{"@id":"https:\/\/wire-processor.eu\/cs\/oferta\/bzw-f4g-je-polovicne-automaticky-stroj-pro-stiskani-konektoru-kabelu-znacky-harting\/#primaryimage"},"thumbnailUrl":"https:\/\/wire-processor.eu\/wp-content\/uploads\/2024\/02\/BZW-F4G.jpg","datePublished":"2024-02-26T11:17:19+00:00","description":"BZW-F4+G je modern\u00ed stroj pro stiskov\u00e1n\u00ed termin\u00e1l\u016f zna\u010dky Harting, kter\u00fd nab\u00edz\u00ed stabiln\u00ed provoz a snadnou obsluhu. BZW-F4+G disponuje funkcemi odstran\u011bn\u00ed izolace, zakroucen\u00ed, navle\u010den\u00ed a stisknut\u00ed, co v\u00fdrazn\u011b zvy\u0161uje v\u00fdrobn\u00ed v\u00fdkon.","breadcrumb":{"@id":"https:\/\/wire-processor.eu\/cs\/oferta\/bzw-f4g-je-polovicne-automaticky-stroj-pro-stiskani-konektoru-kabelu-znacky-harting\/#breadcrumb"},"inLanguage":"cs","potentialAction":[{"@type":"ReadAction","target":["https:\/\/wire-processor.eu\/cs\/oferta\/bzw-f4g-je-polovicne-automaticky-stroj-pro-stiskani-konektoru-kabelu-znacky-harting\/"]}]},{"@type":"ImageObject","inLanguage":"cs","@id":"https:\/\/wire-processor.eu\/cs\/oferta\/bzw-f4g-je-polovicne-automaticky-stroj-pro-stiskani-konektoru-kabelu-znacky-harting\/#primaryimage","url":"https:\/\/wire-processor.eu\/wp-content\/uploads\/2024\/02\/BZW-F4G.jpg","contentUrl":"https:\/\/wire-processor.eu\/wp-content\/uploads\/2024\/02\/BZW-F4G.jpg","width":800,"height":800,"caption":"BZW-F4+G to p\u00f3\u0142automatyczna maszyna do zaciskania ko\u0144c\u00f3wek kablowych Harting"},{"@type":"BreadcrumbList","@id":"https:\/\/wire-processor.eu\/cs\/oferta\/bzw-f4g-je-polovicne-automaticky-stroj-pro-stiskani-konektoru-kabelu-znacky-harting\/#breadcrumb","itemListElement":[{"@type":"ListItem","position":1,"name":"Strona g\u0142\u00f3wna","item":"https:\/\/wire-processor.eu\/cs\/"},{"@type":"ListItem","position":2,"name":"Nab\u00eddka","item":"https:\/\/wire-processor.eu\/cs\/nabidka\/"},{"@type":"ListItem","position":3,"name":"BZW-F4+G je polovi\u010dn\u011b automatick\u00fd stroj pro stisk\u00e1n\u00ed konektor\u016f kabel\u016f zna\u010dky Harting."}]},{"@type":"WebSite","@id":"https:\/\/wire-processor.eu\/en\/#website","url":"https:\/\/wire-processor.eu\/en\/","name":"Wire processor","description":"Maszyny do obr\u00f3bki przewod\u00f3w","publisher":{"@id":"https:\/\/wire-processor.eu\/en\/#organization"},"potentialAction":[{"@type":"SearchAction","target":{"@type":"EntryPoint","urlTemplate":"https:\/\/wire-processor.eu\/en\/?s={search_term_string}"},"query-input":{"@type":"PropertyValueSpecification","valueRequired":true,"valueName":"search_term_string"}}],"inLanguage":"cs"},{"@type":"Organization","@id":"https:\/\/wire-processor.eu\/en\/#organization","name":"Wire processor - maszyny do przewod\u00f3w","url":"https:\/\/wire-processor.eu\/en\/","logo":{"@type":"ImageObject","inLanguage":"cs","@id":"https:\/\/wire-processor.eu\/en\/#\/schema\/logo\/image\/","url":"https:\/\/wire-processor.eu\/wp-content\/uploads\/2018\/04\/Bozwang-_logo_producent1.png","contentUrl":"https:\/\/wire-processor.eu\/wp-content\/uploads\/2018\/04\/Bozwang-_logo_producent1.png","width":250,"height":33,"caption":"Wire processor - maszyny do przewod\u00f3w"},"image":{"@id":"https:\/\/wire-processor.eu\/en\/#\/schema\/logo\/image\/"}}]}},"_links":{"self":[{"href":"https:\/\/wire-processor.eu\/cs\/wp-json\/wp\/v2\/product\/16838","targetHints":{"allow":["GET"]}}],"collection":[{"href":"https:\/\/wire-processor.eu\/cs\/wp-json\/wp\/v2\/product"}],"about":[{"href":"https:\/\/wire-processor.eu\/cs\/wp-json\/wp\/v2\/types\/product"}],"wp:featuredmedia":[{"embeddable":true,"href":"https:\/\/wire-processor.eu\/cs\/wp-json\/wp\/v2\/media\/16829"}],"wp:attachment":[{"href":"https:\/\/wire-processor.eu\/cs\/wp-json\/wp\/v2\/media?parent=16838"}],"wp:term":[{"taxonomy":"product_brand","embeddable":true,"href":"https:\/\/wire-processor.eu\/cs\/wp-json\/wp\/v2\/product_brand?post=16838"},{"taxonomy":"product_cat","embeddable":true,"href":"https:\/\/wire-processor.eu\/cs\/wp-json\/wp\/v2\/product_cat?post=16838"},{"taxonomy":"product_tag","embeddable":true,"href":"https:\/\/wire-processor.eu\/cs\/wp-json\/wp\/v2\/product_tag?post=16838"}],"curies":[{"name":"wp","href":"https:\/\/api.w.org\/{rel}","templated":true}]}}