{"id":16870,"date":"2023-10-02T11:01:55","date_gmt":"2024-03-20T09:20:00","guid":{"rendered":"https:\/\/wire-processor.eu\/oferta\/bzw-6-0fk01-polootomatizovana-linka-na-zpracovani-kabelu-fakra\/"},"modified":"2024-03-20T10:20:00","modified_gmt":"2024-03-20T09:20:00","slug":"bzw-6-0fk01-polootomatizovana-linka-na-zpracovani-kabelu-fakra","status":"publish","type":"product","link":"https:\/\/wire-processor.eu\/cs\/oferta\/bzw-6-0fk01-polootomatizovana-linka-na-zpracovani-kabelu-fakra\/","title":{"rendered":"BZW-6.0FK01 &#8211; Polootomatizovan\u00e1 linka na zpracov\u00e1n\u00ed kabel\u016f FAKRA"},"content":{"rendered":"<p>Stroj vyu\u017e\u00edv\u00e1 PLC \u0159adi\u010d, optickou komunikaci, pln\u00fd servosyst\u00e9m pro stabiln\u00ed a efektivn\u00ed provoz.<br \/>\nOvl\u00e1d\u00e1n\u00ed p\u0159es dotykovou obrazovku, parametry mohou b\u00fdt ukl\u00e1d\u00e1ny, m\u016f\u017ee tak\u00e9 vyu\u017e\u00edvat pracovn\u00ed list pro v\u00fdrobu.<br \/>\nStroj je vybaven OES pro monitorov\u00e1n\u00ed s\u00edly stla\u010den\u00ed b\u011bhem v\u00fdroby.<\/p>\n<p><strong>Funkce:<\/strong><br \/>\nOdstran\u011bn\u00ed izolace z vodi\u010de, stla\u010den\u00ed ochrann\u00e9ho krou\u017eku, posun ochrann\u00e9 s\u00edt\u011b, odstran\u011bn\u00ed f\u00f3lie, odstran\u011bn\u00ed a stla\u010den\u00ed vnit\u0159n\u00edho vodi\u010de, kontrola vodivosti, stla\u010den\u00ed vn\u011bj\u0161\u00edho vodi\u010de, kontrola NCT, p\u0159\u00edjem vodi\u010d\u016f (dal\u0161\u00ed funkce mohou b\u00fdt p\u0159izp\u016fsobeny na objedn\u00e1vku).<\/p>\n<p><strong>Inspekce:<\/strong><br \/>\nKontrola pod\u00e1v\u00e1n\u00ed vodi\u010de, kontrola tlaku stla\u010den\u00ed, kontrola ochrann\u00e9 s\u00edt\u011b, kontrola vodivosti, kontrola tlaku vzduchu.<\/p>\n<p><strong>Pou\u017eit\u00fd aplik\u00e1tor:<\/strong><br \/>\nAplik\u00e1tor OTP, evropsk\u00fd mechanick\u00fd aplik\u00e1tor a pneumatick\u00fd aplik\u00e1tor.<\/p>\n","protected":false},"excerpt":{"rendered":"<p>Polootomatizovan\u00e1 linka <strong>BZW-6.0FK01<\/strong> je hlavn\u011b pou\u017e\u00edv\u00e1na pro zpracov\u00e1n\u00ed kabel\u016f <strong>Fakra.<\/strong> Stroj je vyroben v modul\u00e1rn\u00edm stylu, vyzna\u010duje se stabiln\u00edm v\u00fdkonem a vysok\u00fdm koeficientem kvality. M\u016f\u017ee tak\u00e9 prov\u00e1d\u011bt inteligentn\u00ed \u0159\u00edzen\u00ed, sledovat z\u00e1znamy inspekc\u00ed a v\u00fdrobn\u00edch postup\u016f b\u011bhem denn\u00ed pr\u00e1ce, a tak\u00e9 se m\u016f\u017ee spojit se syst\u00e9mem MES (Manufacturing Execution System) a sd\u00edlet data za \u00fa\u010delem zlep\u0161en\u00ed kvality produktu a sn\u00ed\u017een\u00ed n\u00e1klad\u016f na pr\u00e1ci.<\/p>\n","protected":false},"featured_media":16189,"template":"","meta":[],"product_brand":[],"product_cat":[1363],"product_tag":[],"class_list":{"0":"post-16870","1":"product","2":"type-product","3":"status-publish","4":"has-post-thumbnail","6":"product_cat-fakra-inteligentni-vyrobni-linky","8":"first","9":"instock","10":"shipping-taxable","11":"product-type-simple"},"yoast_head":"<!-- This site is optimized with the Yoast SEO plugin v26.3 - https:\/\/yoast.com\/wordpress\/plugins\/seo\/ -->\n<title>BZW-6.0FK01 - Polootomatizovan\u00e1 linka na zpracov\u00e1n\u00ed kabel\u016f FAKRA - Wire processor<\/title>\n<meta name=\"robots\" content=\"index, follow, max-snippet:-1, max-image-preview:large, max-video-preview:-1\" \/>\n<link rel=\"canonical\" href=\"https:\/\/wire-processor.eu\/cs\/oferta\/bzw-6-0fk01-polootomatizovana-linka-na-zpracovani-kabelu-fakra\/\" \/>\n<meta property=\"og:locale\" content=\"cs_CZ\" \/>\n<meta property=\"og:type\" content=\"article\" \/>\n<meta property=\"og:title\" content=\"BZW-6.0FK01 - Polootomatizovan\u00e1 linka na zpracov\u00e1n\u00ed kabel\u016f FAKRA - Wire processor\" \/>\n<meta property=\"og:description\" content=\"Polootomatizovan\u00e1 linka BZW-6.0FK01 je hlavn\u011b pou\u017e\u00edv\u00e1na pro zpracov\u00e1n\u00ed kabel\u016f Fakra. Stroj je vyroben v modul\u00e1rn\u00edm stylu, vyzna\u010duje se stabiln\u00edm v\u00fdkonem a vysok\u00fdm koeficientem kvality. M\u016f\u017ee tak\u00e9 prov\u00e1d\u011bt inteligentn\u00ed \u0159\u00edzen\u00ed, sledovat z\u00e1znamy inspekc\u00ed a v\u00fdrobn\u00edch postup\u016f b\u011bhem denn\u00ed pr\u00e1ce, a tak\u00e9 se m\u016f\u017ee spojit se syst\u00e9mem MES (Manufacturing Execution System) a sd\u00edlet data za \u00fa\u010delem zlep\u0161en\u00ed kvality produktu a sn\u00ed\u017een\u00ed n\u00e1klad\u016f na pr\u00e1ci.\" \/>\n<meta property=\"og:url\" content=\"https:\/\/wire-processor.eu\/cs\/oferta\/bzw-6-0fk01-polootomatizovana-linka-na-zpracovani-kabelu-fakra\/\" \/>\n<meta property=\"og:site_name\" content=\"Wire processor\" \/>\n<meta property=\"og:image\" content=\"https:\/\/wire-processor.eu\/wp-content\/uploads\/2023\/10\/fakra.jpg\" \/>\n\t<meta property=\"og:image:width\" content=\"800\" \/>\n\t<meta property=\"og:image:height\" content=\"800\" \/>\n\t<meta property=\"og:image:type\" content=\"image\/jpeg\" \/>\n<meta name=\"twitter:card\" content=\"summary_large_image\" \/>\n<meta name=\"twitter:label1\" content=\"Odhadovan\u00e1 doba \u010dten\u00ed\" \/>\n\t<meta name=\"twitter:data1\" content=\"1 minuta\" \/>\n<script type=\"application\/ld+json\" class=\"yoast-schema-graph\">{\"@context\":\"https:\/\/schema.org\",\"@graph\":[{\"@type\":\"WebPage\",\"@id\":\"https:\/\/wire-processor.eu\/cs\/oferta\/bzw-6-0fk01-polootomatizovana-linka-na-zpracovani-kabelu-fakra\/\",\"url\":\"https:\/\/wire-processor.eu\/cs\/oferta\/bzw-6-0fk01-polootomatizovana-linka-na-zpracovani-kabelu-fakra\/\",\"name\":\"BZW-6.0FK01 - Polootomatizovan\u00e1 linka na zpracov\u00e1n\u00ed kabel\u016f FAKRA - Wire processor\",\"isPartOf\":{\"@id\":\"https:\/\/wire-processor.eu\/en\/#website\"},\"primaryImageOfPage\":{\"@id\":\"https:\/\/wire-processor.eu\/cs\/oferta\/bzw-6-0fk01-polootomatizovana-linka-na-zpracovani-kabelu-fakra\/#primaryimage\"},\"image\":{\"@id\":\"https:\/\/wire-processor.eu\/cs\/oferta\/bzw-6-0fk01-polootomatizovana-linka-na-zpracovani-kabelu-fakra\/#primaryimage\"},\"thumbnailUrl\":\"https:\/\/wire-processor.eu\/wp-content\/uploads\/2023\/10\/fakra.jpg\",\"datePublished\":\"2024-03-20T09:20:00+00:00\",\"breadcrumb\":{\"@id\":\"https:\/\/wire-processor.eu\/cs\/oferta\/bzw-6-0fk01-polootomatizovana-linka-na-zpracovani-kabelu-fakra\/#breadcrumb\"},\"inLanguage\":\"cs\",\"potentialAction\":[{\"@type\":\"ReadAction\",\"target\":[\"https:\/\/wire-processor.eu\/cs\/oferta\/bzw-6-0fk01-polootomatizovana-linka-na-zpracovani-kabelu-fakra\/\"]}]},{\"@type\":\"ImageObject\",\"inLanguage\":\"cs\",\"@id\":\"https:\/\/wire-processor.eu\/cs\/oferta\/bzw-6-0fk01-polootomatizovana-linka-na-zpracovani-kabelu-fakra\/#primaryimage\",\"url\":\"https:\/\/wire-processor.eu\/wp-content\/uploads\/2023\/10\/fakra.jpg\",\"contentUrl\":\"https:\/\/wire-processor.eu\/wp-content\/uploads\/2023\/10\/fakra.jpg\",\"width\":800,\"height\":800,\"caption\":\"e\u0161en\u00ed pro v\u00fdrobu kabel\u016f Fakra\"},{\"@type\":\"BreadcrumbList\",\"@id\":\"https:\/\/wire-processor.eu\/cs\/oferta\/bzw-6-0fk01-polootomatizovana-linka-na-zpracovani-kabelu-fakra\/#breadcrumb\",\"itemListElement\":[{\"@type\":\"ListItem\",\"position\":1,\"name\":\"Strona g\u0142\u00f3wna\",\"item\":\"https:\/\/wire-processor.eu\/cs\/\"},{\"@type\":\"ListItem\",\"position\":2,\"name\":\"Nab\u00eddka\",\"item\":\"https:\/\/wire-processor.eu\/cs\/nabidka\/\"},{\"@type\":\"ListItem\",\"position\":3,\"name\":\"BZW-6.0FK01 &#8211; Polootomatizovan\u00e1 linka na zpracov\u00e1n\u00ed kabel\u016f FAKRA\"}]},{\"@type\":\"WebSite\",\"@id\":\"https:\/\/wire-processor.eu\/en\/#website\",\"url\":\"https:\/\/wire-processor.eu\/en\/\",\"name\":\"Wire processor\",\"description\":\"Maszyny do obr\u00f3bki przewod\u00f3w\",\"publisher\":{\"@id\":\"https:\/\/wire-processor.eu\/en\/#organization\"},\"potentialAction\":[{\"@type\":\"SearchAction\",\"target\":{\"@type\":\"EntryPoint\",\"urlTemplate\":\"https:\/\/wire-processor.eu\/en\/?s={search_term_string}\"},\"query-input\":{\"@type\":\"PropertyValueSpecification\",\"valueRequired\":true,\"valueName\":\"search_term_string\"}}],\"inLanguage\":\"cs\"},{\"@type\":\"Organization\",\"@id\":\"https:\/\/wire-processor.eu\/en\/#organization\",\"name\":\"Wire processor - maszyny do przewod\u00f3w\",\"url\":\"https:\/\/wire-processor.eu\/en\/\",\"logo\":{\"@type\":\"ImageObject\",\"inLanguage\":\"cs\",\"@id\":\"https:\/\/wire-processor.eu\/en\/#\/schema\/logo\/image\/\",\"url\":\"https:\/\/wire-processor.eu\/wp-content\/uploads\/2018\/04\/Bozwang-_logo_producent1.png\",\"contentUrl\":\"https:\/\/wire-processor.eu\/wp-content\/uploads\/2018\/04\/Bozwang-_logo_producent1.png\",\"width\":250,\"height\":33,\"caption\":\"Wire processor - maszyny do przewod\u00f3w\"},\"image\":{\"@id\":\"https:\/\/wire-processor.eu\/en\/#\/schema\/logo\/image\/\"}}]}<\/script>\n<!-- \/ Yoast SEO plugin. -->","yoast_head_json":{"title":"BZW-6.0FK01 - Polootomatizovan\u00e1 linka na zpracov\u00e1n\u00ed kabel\u016f FAKRA - Wire processor","robots":{"index":"index","follow":"follow","max-snippet":"max-snippet:-1","max-image-preview":"max-image-preview:large","max-video-preview":"max-video-preview:-1"},"canonical":"https:\/\/wire-processor.eu\/cs\/oferta\/bzw-6-0fk01-polootomatizovana-linka-na-zpracovani-kabelu-fakra\/","og_locale":"cs_CZ","og_type":"article","og_title":"BZW-6.0FK01 - Polootomatizovan\u00e1 linka na zpracov\u00e1n\u00ed kabel\u016f FAKRA - Wire processor","og_description":"Polootomatizovan\u00e1 linka BZW-6.0FK01 je hlavn\u011b pou\u017e\u00edv\u00e1na pro zpracov\u00e1n\u00ed kabel\u016f Fakra. Stroj je vyroben v modul\u00e1rn\u00edm stylu, vyzna\u010duje se stabiln\u00edm v\u00fdkonem a vysok\u00fdm koeficientem kvality. M\u016f\u017ee tak\u00e9 prov\u00e1d\u011bt inteligentn\u00ed \u0159\u00edzen\u00ed, sledovat z\u00e1znamy inspekc\u00ed a v\u00fdrobn\u00edch postup\u016f b\u011bhem denn\u00ed pr\u00e1ce, a tak\u00e9 se m\u016f\u017ee spojit se syst\u00e9mem MES (Manufacturing Execution System) a sd\u00edlet data za \u00fa\u010delem zlep\u0161en\u00ed kvality produktu a sn\u00ed\u017een\u00ed n\u00e1klad\u016f na pr\u00e1ci.","og_url":"https:\/\/wire-processor.eu\/cs\/oferta\/bzw-6-0fk01-polootomatizovana-linka-na-zpracovani-kabelu-fakra\/","og_site_name":"Wire processor","og_image":[{"width":800,"height":800,"url":"https:\/\/wire-processor.eu\/wp-content\/uploads\/2023\/10\/fakra.jpg","type":"image\/jpeg"}],"twitter_card":"summary_large_image","twitter_misc":{"Odhadovan\u00e1 doba \u010dten\u00ed":"1 minuta"},"schema":{"@context":"https:\/\/schema.org","@graph":[{"@type":"WebPage","@id":"https:\/\/wire-processor.eu\/cs\/oferta\/bzw-6-0fk01-polootomatizovana-linka-na-zpracovani-kabelu-fakra\/","url":"https:\/\/wire-processor.eu\/cs\/oferta\/bzw-6-0fk01-polootomatizovana-linka-na-zpracovani-kabelu-fakra\/","name":"BZW-6.0FK01 - Polootomatizovan\u00e1 linka na zpracov\u00e1n\u00ed kabel\u016f FAKRA - Wire processor","isPartOf":{"@id":"https:\/\/wire-processor.eu\/en\/#website"},"primaryImageOfPage":{"@id":"https:\/\/wire-processor.eu\/cs\/oferta\/bzw-6-0fk01-polootomatizovana-linka-na-zpracovani-kabelu-fakra\/#primaryimage"},"image":{"@id":"https:\/\/wire-processor.eu\/cs\/oferta\/bzw-6-0fk01-polootomatizovana-linka-na-zpracovani-kabelu-fakra\/#primaryimage"},"thumbnailUrl":"https:\/\/wire-processor.eu\/wp-content\/uploads\/2023\/10\/fakra.jpg","datePublished":"2024-03-20T09:20:00+00:00","breadcrumb":{"@id":"https:\/\/wire-processor.eu\/cs\/oferta\/bzw-6-0fk01-polootomatizovana-linka-na-zpracovani-kabelu-fakra\/#breadcrumb"},"inLanguage":"cs","potentialAction":[{"@type":"ReadAction","target":["https:\/\/wire-processor.eu\/cs\/oferta\/bzw-6-0fk01-polootomatizovana-linka-na-zpracovani-kabelu-fakra\/"]}]},{"@type":"ImageObject","inLanguage":"cs","@id":"https:\/\/wire-processor.eu\/cs\/oferta\/bzw-6-0fk01-polootomatizovana-linka-na-zpracovani-kabelu-fakra\/#primaryimage","url":"https:\/\/wire-processor.eu\/wp-content\/uploads\/2023\/10\/fakra.jpg","contentUrl":"https:\/\/wire-processor.eu\/wp-content\/uploads\/2023\/10\/fakra.jpg","width":800,"height":800,"caption":"e\u0161en\u00ed pro v\u00fdrobu kabel\u016f Fakra"},{"@type":"BreadcrumbList","@id":"https:\/\/wire-processor.eu\/cs\/oferta\/bzw-6-0fk01-polootomatizovana-linka-na-zpracovani-kabelu-fakra\/#breadcrumb","itemListElement":[{"@type":"ListItem","position":1,"name":"Strona g\u0142\u00f3wna","item":"https:\/\/wire-processor.eu\/cs\/"},{"@type":"ListItem","position":2,"name":"Nab\u00eddka","item":"https:\/\/wire-processor.eu\/cs\/nabidka\/"},{"@type":"ListItem","position":3,"name":"BZW-6.0FK01 &#8211; Polootomatizovan\u00e1 linka na zpracov\u00e1n\u00ed kabel\u016f FAKRA"}]},{"@type":"WebSite","@id":"https:\/\/wire-processor.eu\/en\/#website","url":"https:\/\/wire-processor.eu\/en\/","name":"Wire processor","description":"Maszyny do obr\u00f3bki przewod\u00f3w","publisher":{"@id":"https:\/\/wire-processor.eu\/en\/#organization"},"potentialAction":[{"@type":"SearchAction","target":{"@type":"EntryPoint","urlTemplate":"https:\/\/wire-processor.eu\/en\/?s={search_term_string}"},"query-input":{"@type":"PropertyValueSpecification","valueRequired":true,"valueName":"search_term_string"}}],"inLanguage":"cs"},{"@type":"Organization","@id":"https:\/\/wire-processor.eu\/en\/#organization","name":"Wire processor - maszyny do przewod\u00f3w","url":"https:\/\/wire-processor.eu\/en\/","logo":{"@type":"ImageObject","inLanguage":"cs","@id":"https:\/\/wire-processor.eu\/en\/#\/schema\/logo\/image\/","url":"https:\/\/wire-processor.eu\/wp-content\/uploads\/2018\/04\/Bozwang-_logo_producent1.png","contentUrl":"https:\/\/wire-processor.eu\/wp-content\/uploads\/2018\/04\/Bozwang-_logo_producent1.png","width":250,"height":33,"caption":"Wire processor - maszyny do przewod\u00f3w"},"image":{"@id":"https:\/\/wire-processor.eu\/en\/#\/schema\/logo\/image\/"}}]}},"_links":{"self":[{"href":"https:\/\/wire-processor.eu\/cs\/wp-json\/wp\/v2\/product\/16870","targetHints":{"allow":["GET"]}}],"collection":[{"href":"https:\/\/wire-processor.eu\/cs\/wp-json\/wp\/v2\/product"}],"about":[{"href":"https:\/\/wire-processor.eu\/cs\/wp-json\/wp\/v2\/types\/product"}],"wp:featuredmedia":[{"embeddable":true,"href":"https:\/\/wire-processor.eu\/cs\/wp-json\/wp\/v2\/media\/16189"}],"wp:attachment":[{"href":"https:\/\/wire-processor.eu\/cs\/wp-json\/wp\/v2\/media?parent=16870"}],"wp:term":[{"taxonomy":"product_brand","embeddable":true,"href":"https:\/\/wire-processor.eu\/cs\/wp-json\/wp\/v2\/product_brand?post=16870"},{"taxonomy":"product_cat","embeddable":true,"href":"https:\/\/wire-processor.eu\/cs\/wp-json\/wp\/v2\/product_cat?post=16870"},{"taxonomy":"product_tag","embeddable":true,"href":"https:\/\/wire-processor.eu\/cs\/wp-json\/wp\/v2\/product_tag?post=16870"}],"curies":[{"name":"wp","href":"https:\/\/api.w.org\/{rel}","templated":true}]}}