{"id":16872,"date":"2021-06-30T12:17:56","date_gmt":"2024-03-20T09:26:49","guid":{"rendered":"https:\/\/wire-processor.eu\/oferta\/manualni-zarizeni-pro-aplikaci-zatezovacich-pasku-na-kabely-bzw-20\/"},"modified":"2024-03-20T10:26:49","modified_gmt":"2024-03-20T09:26:49","slug":"manualni-zarizeni-pro-aplikaci-zatezovacich-pasku-na-kabely-bzw-20","status":"publish","type":"product","link":"https:\/\/wire-processor.eu\/cs\/oferta\/manualni-zarizeni-pro-aplikaci-zatezovacich-pasku-na-kabely-bzw-20\/","title":{"rendered":"Manu\u00e1ln\u00ed za\u0159\u00edzen\u00ed pro aplikaci zat\u011b\u017eovac\u00edch p\u00e1sk\u016f na kabely &#8211; BZW-20"},"content":{"rendered":"<p>BZW-20 je vhodn\u00fd pro v\u00e1z\u00e1n\u00ed svazk\u016f kabel\u016f letadel, vlak\u016f, lod\u00ed, automobil\u016f, komunika\u010dn\u00edho za\u0159\u00edzen\u00ed, dom\u00e1c\u00edch spot\u0159ebi\u010d\u016f a dal\u0161\u00edch velk\u00fdch elektromechanick\u00fdch za\u0159\u00edzen\u00ed apod. M\u00e1 tak\u00e9 vyu\u017eit\u00ed p\u0159i balen\u00ed a upev\u0148ov\u00e1n\u00ed dal\u0161\u00edch produkt\u016f, jako je balen\u00ed potravin.<\/p>\n","protected":false},"excerpt":{"rendered":"<p>BZW-20 je vhodn\u00fd pro v\u00e1z\u00e1n\u00ed svazk\u016f kabel\u016f letadel, vlak\u016f, lod\u00ed, automobil\u016f, komunika\u010dn\u00edho za\u0159\u00edzen\u00ed, dom\u00e1c\u00edch spot\u0159ebi\u010d\u016f a dal\u0161\u00edch velk\u00fdch elektromechanick\u00fdch za\u0159\u00edzen\u00ed apod. M\u00e1 tak\u00e9 vyu\u017eit\u00ed p\u0159i balen\u00ed a upev\u0148ov\u00e1n\u00ed dal\u0161\u00edch produkt\u016f, jako je balen\u00ed potravin.<\/p>\n","protected":false},"featured_media":15101,"template":"","meta":[],"product_brand":[],"product_cat":[555],"product_tag":[],"class_list":{"0":"post-16872","1":"product","2":"type-product","3":"status-publish","4":"has-post-thumbnail","6":"product_cat-navijeni-vazani-a-paskovani","8":"first","9":"instock","10":"shipping-taxable","11":"product-type-simple"},"yoast_head":"<!-- This site is optimized with the Yoast SEO plugin v26.3 - https:\/\/yoast.com\/wordpress\/plugins\/seo\/ -->\n<title>Manu\u00e1ln\u00ed za\u0159\u00edzen\u00ed pro aplikaci zat\u011b\u017eovac\u00edch p\u00e1sk\u016f na kabely - BZW-20 - Wire processor<\/title>\n<meta name=\"description\" content=\"Manu\u00e1ln\u00ed stroj pro aplikaci izolovan\u00fdch zacisk\u016f na kabelov\u00fdch svazc\u00edch. Zapoznaj si\u0119 z nasz\u0105 ofert\u0105 maszyn do przewod\u00f3w.\" \/>\n<meta name=\"robots\" content=\"index, follow, max-snippet:-1, max-image-preview:large, max-video-preview:-1\" \/>\n<link rel=\"canonical\" href=\"https:\/\/wire-processor.eu\/cs\/oferta\/manualni-zarizeni-pro-aplikaci-zatezovacich-pasku-na-kabely-bzw-20\/\" \/>\n<meta property=\"og:locale\" content=\"cs_CZ\" \/>\n<meta property=\"og:type\" content=\"article\" \/>\n<meta property=\"og:title\" content=\"Manu\u00e1ln\u00ed za\u0159\u00edzen\u00ed pro aplikaci zat\u011b\u017eovac\u00edch p\u00e1sk\u016f na kabely - BZW-20 - Wire processor\" \/>\n<meta property=\"og:description\" content=\"Manu\u00e1ln\u00ed stroj pro aplikaci izolovan\u00fdch zacisk\u016f na kabelov\u00fdch svazc\u00edch. Zapoznaj si\u0119 z nasz\u0105 ofert\u0105 maszyn do przewod\u00f3w.\" \/>\n<meta property=\"og:url\" content=\"https:\/\/wire-processor.eu\/cs\/oferta\/manualni-zarizeni-pro-aplikaci-zatezovacich-pasku-na-kabely-bzw-20\/\" \/>\n<meta property=\"og:site_name\" content=\"Wire processor\" \/>\n<meta property=\"og:image\" content=\"https:\/\/wire-processor.eu\/wp-content\/uploads\/2021\/06\/Urz\u0105dzenie-do-nak\u0142adania-opasek-zaciskowych-na-przewody-BZW-20.jpg\" \/>\n\t<meta property=\"og:image:width\" content=\"800\" \/>\n\t<meta property=\"og:image:height\" content=\"800\" \/>\n\t<meta property=\"og:image:type\" content=\"image\/jpeg\" \/>\n<meta name=\"twitter:card\" content=\"summary_large_image\" \/>\n<script type=\"application\/ld+json\" class=\"yoast-schema-graph\">{\"@context\":\"https:\/\/schema.org\",\"@graph\":[{\"@type\":\"WebPage\",\"@id\":\"https:\/\/wire-processor.eu\/cs\/oferta\/manualni-zarizeni-pro-aplikaci-zatezovacich-pasku-na-kabely-bzw-20\/\",\"url\":\"https:\/\/wire-processor.eu\/cs\/oferta\/manualni-zarizeni-pro-aplikaci-zatezovacich-pasku-na-kabely-bzw-20\/\",\"name\":\"Manu\u00e1ln\u00ed za\u0159\u00edzen\u00ed pro aplikaci zat\u011b\u017eovac\u00edch p\u00e1sk\u016f na kabely - BZW-20 - Wire processor\",\"isPartOf\":{\"@id\":\"https:\/\/wire-processor.eu\/en\/#website\"},\"primaryImageOfPage\":{\"@id\":\"https:\/\/wire-processor.eu\/cs\/oferta\/manualni-zarizeni-pro-aplikaci-zatezovacich-pasku-na-kabely-bzw-20\/#primaryimage\"},\"image\":{\"@id\":\"https:\/\/wire-processor.eu\/cs\/oferta\/manualni-zarizeni-pro-aplikaci-zatezovacich-pasku-na-kabely-bzw-20\/#primaryimage\"},\"thumbnailUrl\":\"https:\/\/wire-processor.eu\/wp-content\/uploads\/2021\/06\/Urz\u0105dzenie-do-nak\u0142adania-opasek-zaciskowych-na-przewody-BZW-20.jpg\",\"datePublished\":\"2024-03-20T09:26:49+00:00\",\"description\":\"Manu\u00e1ln\u00ed stroj pro aplikaci izolovan\u00fdch zacisk\u016f na kabelov\u00fdch svazc\u00edch. Zapoznaj si\u0119 z nasz\u0105 ofert\u0105 maszyn do przewod\u00f3w.\",\"breadcrumb\":{\"@id\":\"https:\/\/wire-processor.eu\/cs\/oferta\/manualni-zarizeni-pro-aplikaci-zatezovacich-pasku-na-kabely-bzw-20\/#breadcrumb\"},\"inLanguage\":\"cs\",\"potentialAction\":[{\"@type\":\"ReadAction\",\"target\":[\"https:\/\/wire-processor.eu\/cs\/oferta\/manualni-zarizeni-pro-aplikaci-zatezovacich-pasku-na-kabely-bzw-20\/\"]}]},{\"@type\":\"ImageObject\",\"inLanguage\":\"cs\",\"@id\":\"https:\/\/wire-processor.eu\/cs\/oferta\/manualni-zarizeni-pro-aplikaci-zatezovacich-pasku-na-kabely-bzw-20\/#primaryimage\",\"url\":\"https:\/\/wire-processor.eu\/wp-content\/uploads\/2021\/06\/Urz\u0105dzenie-do-nak\u0142adania-opasek-zaciskowych-na-przewody-BZW-20.jpg\",\"contentUrl\":\"https:\/\/wire-processor.eu\/wp-content\/uploads\/2021\/06\/Urz\u0105dzenie-do-nak\u0142adania-opasek-zaciskowych-na-przewody-BZW-20.jpg\",\"width\":800,\"height\":800,\"caption\":\"Urz\u0105dzenie do nak\u0142adania opasek zaciskowych na przewody - BZW-20\"},{\"@type\":\"BreadcrumbList\",\"@id\":\"https:\/\/wire-processor.eu\/cs\/oferta\/manualni-zarizeni-pro-aplikaci-zatezovacich-pasku-na-kabely-bzw-20\/#breadcrumb\",\"itemListElement\":[{\"@type\":\"ListItem\",\"position\":1,\"name\":\"Strona g\u0142\u00f3wna\",\"item\":\"https:\/\/wire-processor.eu\/cs\/\"},{\"@type\":\"ListItem\",\"position\":2,\"name\":\"Nab\u00eddka\",\"item\":\"https:\/\/wire-processor.eu\/cs\/nabidka\/\"},{\"@type\":\"ListItem\",\"position\":3,\"name\":\"Manu\u00e1ln\u00ed za\u0159\u00edzen\u00ed pro aplikaci zat\u011b\u017eovac\u00edch p\u00e1sk\u016f na kabely &#8211; BZW-20\"}]},{\"@type\":\"WebSite\",\"@id\":\"https:\/\/wire-processor.eu\/en\/#website\",\"url\":\"https:\/\/wire-processor.eu\/en\/\",\"name\":\"Wire processor\",\"description\":\"Maszyny do obr\u00f3bki przewod\u00f3w\",\"publisher\":{\"@id\":\"https:\/\/wire-processor.eu\/en\/#organization\"},\"potentialAction\":[{\"@type\":\"SearchAction\",\"target\":{\"@type\":\"EntryPoint\",\"urlTemplate\":\"https:\/\/wire-processor.eu\/en\/?s={search_term_string}\"},\"query-input\":{\"@type\":\"PropertyValueSpecification\",\"valueRequired\":true,\"valueName\":\"search_term_string\"}}],\"inLanguage\":\"cs\"},{\"@type\":\"Organization\",\"@id\":\"https:\/\/wire-processor.eu\/en\/#organization\",\"name\":\"Wire processor - maszyny do przewod\u00f3w\",\"url\":\"https:\/\/wire-processor.eu\/en\/\",\"logo\":{\"@type\":\"ImageObject\",\"inLanguage\":\"cs\",\"@id\":\"https:\/\/wire-processor.eu\/en\/#\/schema\/logo\/image\/\",\"url\":\"https:\/\/wire-processor.eu\/wp-content\/uploads\/2018\/04\/Bozwang-_logo_producent1.png\",\"contentUrl\":\"https:\/\/wire-processor.eu\/wp-content\/uploads\/2018\/04\/Bozwang-_logo_producent1.png\",\"width\":250,\"height\":33,\"caption\":\"Wire processor - maszyny do przewod\u00f3w\"},\"image\":{\"@id\":\"https:\/\/wire-processor.eu\/en\/#\/schema\/logo\/image\/\"}}]}<\/script>\n<!-- \/ Yoast SEO plugin. -->","yoast_head_json":{"title":"Manu\u00e1ln\u00ed za\u0159\u00edzen\u00ed pro aplikaci zat\u011b\u017eovac\u00edch p\u00e1sk\u016f na kabely - BZW-20 - Wire processor","description":"Manu\u00e1ln\u00ed stroj pro aplikaci izolovan\u00fdch zacisk\u016f na kabelov\u00fdch svazc\u00edch. Zapoznaj si\u0119 z nasz\u0105 ofert\u0105 maszyn do przewod\u00f3w.","robots":{"index":"index","follow":"follow","max-snippet":"max-snippet:-1","max-image-preview":"max-image-preview:large","max-video-preview":"max-video-preview:-1"},"canonical":"https:\/\/wire-processor.eu\/cs\/oferta\/manualni-zarizeni-pro-aplikaci-zatezovacich-pasku-na-kabely-bzw-20\/","og_locale":"cs_CZ","og_type":"article","og_title":"Manu\u00e1ln\u00ed za\u0159\u00edzen\u00ed pro aplikaci zat\u011b\u017eovac\u00edch p\u00e1sk\u016f na kabely - BZW-20 - Wire processor","og_description":"Manu\u00e1ln\u00ed stroj pro aplikaci izolovan\u00fdch zacisk\u016f na kabelov\u00fdch svazc\u00edch. Zapoznaj si\u0119 z nasz\u0105 ofert\u0105 maszyn do przewod\u00f3w.","og_url":"https:\/\/wire-processor.eu\/cs\/oferta\/manualni-zarizeni-pro-aplikaci-zatezovacich-pasku-na-kabely-bzw-20\/","og_site_name":"Wire processor","og_image":[{"width":800,"height":800,"url":"https:\/\/wire-processor.eu\/wp-content\/uploads\/2021\/06\/Urz\u0105dzenie-do-nak\u0142adania-opasek-zaciskowych-na-przewody-BZW-20.jpg","type":"image\/jpeg"}],"twitter_card":"summary_large_image","schema":{"@context":"https:\/\/schema.org","@graph":[{"@type":"WebPage","@id":"https:\/\/wire-processor.eu\/cs\/oferta\/manualni-zarizeni-pro-aplikaci-zatezovacich-pasku-na-kabely-bzw-20\/","url":"https:\/\/wire-processor.eu\/cs\/oferta\/manualni-zarizeni-pro-aplikaci-zatezovacich-pasku-na-kabely-bzw-20\/","name":"Manu\u00e1ln\u00ed za\u0159\u00edzen\u00ed pro aplikaci zat\u011b\u017eovac\u00edch p\u00e1sk\u016f na kabely - BZW-20 - Wire processor","isPartOf":{"@id":"https:\/\/wire-processor.eu\/en\/#website"},"primaryImageOfPage":{"@id":"https:\/\/wire-processor.eu\/cs\/oferta\/manualni-zarizeni-pro-aplikaci-zatezovacich-pasku-na-kabely-bzw-20\/#primaryimage"},"image":{"@id":"https:\/\/wire-processor.eu\/cs\/oferta\/manualni-zarizeni-pro-aplikaci-zatezovacich-pasku-na-kabely-bzw-20\/#primaryimage"},"thumbnailUrl":"https:\/\/wire-processor.eu\/wp-content\/uploads\/2021\/06\/Urz\u0105dzenie-do-nak\u0142adania-opasek-zaciskowych-na-przewody-BZW-20.jpg","datePublished":"2024-03-20T09:26:49+00:00","description":"Manu\u00e1ln\u00ed stroj pro aplikaci izolovan\u00fdch zacisk\u016f na kabelov\u00fdch svazc\u00edch. Zapoznaj si\u0119 z nasz\u0105 ofert\u0105 maszyn do przewod\u00f3w.","breadcrumb":{"@id":"https:\/\/wire-processor.eu\/cs\/oferta\/manualni-zarizeni-pro-aplikaci-zatezovacich-pasku-na-kabely-bzw-20\/#breadcrumb"},"inLanguage":"cs","potentialAction":[{"@type":"ReadAction","target":["https:\/\/wire-processor.eu\/cs\/oferta\/manualni-zarizeni-pro-aplikaci-zatezovacich-pasku-na-kabely-bzw-20\/"]}]},{"@type":"ImageObject","inLanguage":"cs","@id":"https:\/\/wire-processor.eu\/cs\/oferta\/manualni-zarizeni-pro-aplikaci-zatezovacich-pasku-na-kabely-bzw-20\/#primaryimage","url":"https:\/\/wire-processor.eu\/wp-content\/uploads\/2021\/06\/Urz\u0105dzenie-do-nak\u0142adania-opasek-zaciskowych-na-przewody-BZW-20.jpg","contentUrl":"https:\/\/wire-processor.eu\/wp-content\/uploads\/2021\/06\/Urz\u0105dzenie-do-nak\u0142adania-opasek-zaciskowych-na-przewody-BZW-20.jpg","width":800,"height":800,"caption":"Urz\u0105dzenie do nak\u0142adania opasek zaciskowych na przewody - BZW-20"},{"@type":"BreadcrumbList","@id":"https:\/\/wire-processor.eu\/cs\/oferta\/manualni-zarizeni-pro-aplikaci-zatezovacich-pasku-na-kabely-bzw-20\/#breadcrumb","itemListElement":[{"@type":"ListItem","position":1,"name":"Strona g\u0142\u00f3wna","item":"https:\/\/wire-processor.eu\/cs\/"},{"@type":"ListItem","position":2,"name":"Nab\u00eddka","item":"https:\/\/wire-processor.eu\/cs\/nabidka\/"},{"@type":"ListItem","position":3,"name":"Manu\u00e1ln\u00ed za\u0159\u00edzen\u00ed pro aplikaci zat\u011b\u017eovac\u00edch p\u00e1sk\u016f na kabely &#8211; BZW-20"}]},{"@type":"WebSite","@id":"https:\/\/wire-processor.eu\/en\/#website","url":"https:\/\/wire-processor.eu\/en\/","name":"Wire processor","description":"Maszyny do obr\u00f3bki przewod\u00f3w","publisher":{"@id":"https:\/\/wire-processor.eu\/en\/#organization"},"potentialAction":[{"@type":"SearchAction","target":{"@type":"EntryPoint","urlTemplate":"https:\/\/wire-processor.eu\/en\/?s={search_term_string}"},"query-input":{"@type":"PropertyValueSpecification","valueRequired":true,"valueName":"search_term_string"}}],"inLanguage":"cs"},{"@type":"Organization","@id":"https:\/\/wire-processor.eu\/en\/#organization","name":"Wire processor - maszyny do przewod\u00f3w","url":"https:\/\/wire-processor.eu\/en\/","logo":{"@type":"ImageObject","inLanguage":"cs","@id":"https:\/\/wire-processor.eu\/en\/#\/schema\/logo\/image\/","url":"https:\/\/wire-processor.eu\/wp-content\/uploads\/2018\/04\/Bozwang-_logo_producent1.png","contentUrl":"https:\/\/wire-processor.eu\/wp-content\/uploads\/2018\/04\/Bozwang-_logo_producent1.png","width":250,"height":33,"caption":"Wire processor - maszyny do przewod\u00f3w"},"image":{"@id":"https:\/\/wire-processor.eu\/en\/#\/schema\/logo\/image\/"}}]}},"_links":{"self":[{"href":"https:\/\/wire-processor.eu\/cs\/wp-json\/wp\/v2\/product\/16872","targetHints":{"allow":["GET"]}}],"collection":[{"href":"https:\/\/wire-processor.eu\/cs\/wp-json\/wp\/v2\/product"}],"about":[{"href":"https:\/\/wire-processor.eu\/cs\/wp-json\/wp\/v2\/types\/product"}],"wp:featuredmedia":[{"embeddable":true,"href":"https:\/\/wire-processor.eu\/cs\/wp-json\/wp\/v2\/media\/15101"}],"wp:attachment":[{"href":"https:\/\/wire-processor.eu\/cs\/wp-json\/wp\/v2\/media?parent=16872"}],"wp:term":[{"taxonomy":"product_brand","embeddable":true,"href":"https:\/\/wire-processor.eu\/cs\/wp-json\/wp\/v2\/product_brand?post=16872"},{"taxonomy":"product_cat","embeddable":true,"href":"https:\/\/wire-processor.eu\/cs\/wp-json\/wp\/v2\/product_cat?post=16872"},{"taxonomy":"product_tag","embeddable":true,"href":"https:\/\/wire-processor.eu\/cs\/wp-json\/wp\/v2\/product_tag?post=16872"}],"curies":[{"name":"wp","href":"https:\/\/api.w.org\/{rel}","templated":true}]}}