{"id":16878,"date":"2021-06-21T22:32:07","date_gmt":"2024-03-20T12:25:22","guid":{"rendered":"https:\/\/wire-processor.eu\/oferta\/zarizeni-pro-automaticke-odstranovani-hlinikove-folie-bzw-886l\/"},"modified":"2024-03-20T13:25:22","modified_gmt":"2024-03-20T12:25:22","slug":"zarizeni-pro-automaticke-odstranovani-hlinikove-folie-bzw-886l","status":"publish","type":"product","link":"https:\/\/wire-processor.eu\/cs\/oferta\/zarizeni-pro-automaticke-odstranovani-hlinikove-folie-bzw-886l\/","title":{"rendered":"Za\u0159\u00edzen\u00ed pro automatick\u00e9 odstra\u0148ov\u00e1n\u00ed hlin\u00edkov\u00e9 f\u00f3lie BZW-886L"},"content":{"rendered":"","protected":false},"excerpt":{"rendered":"","protected":false},"featured_media":14988,"template":"","meta":[],"product_brand":[],"product_cat":[556],"product_tag":[],"class_list":{"0":"post-16878","1":"product","2":"type-product","3":"status-publish","4":"has-post-thumbnail","6":"product_cat-ostatni","8":"first","9":"instock","10":"shipping-taxable","11":"product-type-simple"},"yoast_head":"<!-- This site is optimized with the Yoast SEO plugin v26.3 - https:\/\/yoast.com\/wordpress\/plugins\/seo\/ -->\n<title>Za\u0159\u00edzen\u00ed pro automatick\u00e9 odstra\u0148ov\u00e1n\u00ed hlin\u00edkov\u00e9 f\u00f3lie BZW-886L - Wire processor<\/title>\n<meta name=\"robots\" content=\"index, follow, max-snippet:-1, max-image-preview:large, max-video-preview:-1\" \/>\n<link rel=\"canonical\" href=\"https:\/\/wire-processor.eu\/oferta\/zarizeni-pro-automaticke-odstranovani-hlinikove-folie-bzw-886l\/\" \/>\n<meta property=\"og:locale\" content=\"cs_CZ\" \/>\n<meta property=\"og:type\" content=\"article\" \/>\n<meta property=\"og:title\" content=\"Za\u0159\u00edzen\u00ed pro automatick\u00e9 odstra\u0148ov\u00e1n\u00ed hlin\u00edkov\u00e9 f\u00f3lie BZW-886L - Wire processor\" \/>\n<meta property=\"og:url\" content=\"https:\/\/wire-processor.eu\/oferta\/zarizeni-pro-automaticke-odstranovani-hlinikove-folie-bzw-886l\/\" \/>\n<meta property=\"og:site_name\" content=\"Wire processor\" \/>\n<meta name=\"twitter:card\" content=\"summary_large_image\" \/>\n<script type=\"application\/ld+json\" class=\"yoast-schema-graph\">{\"@context\":\"https:\/\/schema.org\",\"@graph\":[{\"@type\":\"WebPage\",\"@id\":\"https:\/\/wire-processor.eu\/oferta\/zarizeni-pro-automaticke-odstranovani-hlinikove-folie-bzw-886l\/\",\"url\":\"https:\/\/wire-processor.eu\/oferta\/zarizeni-pro-automaticke-odstranovani-hlinikove-folie-bzw-886l\/\",\"name\":\"Za\u0159\u00edzen\u00ed pro automatick\u00e9 odstra\u0148ov\u00e1n\u00ed hlin\u00edkov\u00e9 f\u00f3lie BZW-886L - Wire processor\",\"isPartOf\":{\"@id\":\"https:\/\/wire-processor.eu\/en\/#website\"},\"primaryImageOfPage\":{\"@id\":\"https:\/\/wire-processor.eu\/oferta\/zarizeni-pro-automaticke-odstranovani-hlinikove-folie-bzw-886l\/#primaryimage\"},\"image\":{\"@id\":\"https:\/\/wire-processor.eu\/oferta\/zarizeni-pro-automaticke-odstranovani-hlinikove-folie-bzw-886l\/#primaryimage\"},\"thumbnailUrl\":\"https:\/\/wire-processor.eu\/wp-content\/uploads\/2021\/06\/Bez-nazwy-1.jpg\",\"datePublished\":\"2024-03-20T12:25:22+00:00\",\"breadcrumb\":{\"@id\":\"https:\/\/wire-processor.eu\/oferta\/zarizeni-pro-automaticke-odstranovani-hlinikove-folie-bzw-886l\/#breadcrumb\"},\"inLanguage\":\"cs\",\"potentialAction\":[{\"@type\":\"ReadAction\",\"target\":[\"https:\/\/wire-processor.eu\/oferta\/zarizeni-pro-automaticke-odstranovani-hlinikove-folie-bzw-886l\/\"]}]},{\"@type\":\"ImageObject\",\"inLanguage\":\"cs\",\"@id\":\"https:\/\/wire-processor.eu\/oferta\/zarizeni-pro-automaticke-odstranovani-hlinikove-folie-bzw-886l\/#primaryimage\",\"url\":\"https:\/\/wire-processor.eu\/wp-content\/uploads\/2021\/06\/Bez-nazwy-1.jpg\",\"contentUrl\":\"https:\/\/wire-processor.eu\/wp-content\/uploads\/2021\/06\/Bez-nazwy-1.jpg\",\"width\":800,\"height\":800,\"caption\":\"BZW886L maszyna do automatycznego usuwania folii aluminiowej.jpg\"},{\"@type\":\"BreadcrumbList\",\"@id\":\"https:\/\/wire-processor.eu\/oferta\/zarizeni-pro-automaticke-odstranovani-hlinikove-folie-bzw-886l\/#breadcrumb\",\"itemListElement\":[{\"@type\":\"ListItem\",\"position\":1,\"name\":\"Strona g\u0142\u00f3wna\",\"item\":\"https:\/\/wire-processor.eu\/cs\/\"},{\"@type\":\"ListItem\",\"position\":2,\"name\":\"Nab\u00eddka\",\"item\":\"https:\/\/wire-processor.eu\/cs\/nabidka\/\"},{\"@type\":\"ListItem\",\"position\":3,\"name\":\"Za\u0159\u00edzen\u00ed pro automatick\u00e9 odstra\u0148ov\u00e1n\u00ed hlin\u00edkov\u00e9 f\u00f3lie BZW-886L\"}]},{\"@type\":\"WebSite\",\"@id\":\"https:\/\/wire-processor.eu\/en\/#website\",\"url\":\"https:\/\/wire-processor.eu\/en\/\",\"name\":\"Wire processor\",\"description\":\"Maszyny do obr\u00f3bki przewod\u00f3w\",\"publisher\":{\"@id\":\"https:\/\/wire-processor.eu\/en\/#organization\"},\"potentialAction\":[{\"@type\":\"SearchAction\",\"target\":{\"@type\":\"EntryPoint\",\"urlTemplate\":\"https:\/\/wire-processor.eu\/en\/?s={search_term_string}\"},\"query-input\":{\"@type\":\"PropertyValueSpecification\",\"valueRequired\":true,\"valueName\":\"search_term_string\"}}],\"inLanguage\":\"cs\"},{\"@type\":\"Organization\",\"@id\":\"https:\/\/wire-processor.eu\/en\/#organization\",\"name\":\"Wire processor - maszyny do przewod\u00f3w\",\"url\":\"https:\/\/wire-processor.eu\/en\/\",\"logo\":{\"@type\":\"ImageObject\",\"inLanguage\":\"cs\",\"@id\":\"https:\/\/wire-processor.eu\/en\/#\/schema\/logo\/image\/\",\"url\":\"https:\/\/wire-processor.eu\/wp-content\/uploads\/2018\/04\/Bozwang-_logo_producent1.png\",\"contentUrl\":\"https:\/\/wire-processor.eu\/wp-content\/uploads\/2018\/04\/Bozwang-_logo_producent1.png\",\"width\":250,\"height\":33,\"caption\":\"Wire processor - maszyny do przewod\u00f3w\"},\"image\":{\"@id\":\"https:\/\/wire-processor.eu\/en\/#\/schema\/logo\/image\/\"}}]}<\/script>\n<!-- \/ Yoast SEO plugin. -->","yoast_head_json":{"title":"Za\u0159\u00edzen\u00ed pro automatick\u00e9 odstra\u0148ov\u00e1n\u00ed hlin\u00edkov\u00e9 f\u00f3lie BZW-886L - Wire processor","robots":{"index":"index","follow":"follow","max-snippet":"max-snippet:-1","max-image-preview":"max-image-preview:large","max-video-preview":"max-video-preview:-1"},"canonical":"https:\/\/wire-processor.eu\/oferta\/zarizeni-pro-automaticke-odstranovani-hlinikove-folie-bzw-886l\/","og_locale":"cs_CZ","og_type":"article","og_title":"Za\u0159\u00edzen\u00ed pro automatick\u00e9 odstra\u0148ov\u00e1n\u00ed hlin\u00edkov\u00e9 f\u00f3lie BZW-886L - Wire processor","og_url":"https:\/\/wire-processor.eu\/oferta\/zarizeni-pro-automaticke-odstranovani-hlinikove-folie-bzw-886l\/","og_site_name":"Wire processor","twitter_card":"summary_large_image","schema":{"@context":"https:\/\/schema.org","@graph":[{"@type":"WebPage","@id":"https:\/\/wire-processor.eu\/oferta\/zarizeni-pro-automaticke-odstranovani-hlinikove-folie-bzw-886l\/","url":"https:\/\/wire-processor.eu\/oferta\/zarizeni-pro-automaticke-odstranovani-hlinikove-folie-bzw-886l\/","name":"Za\u0159\u00edzen\u00ed pro automatick\u00e9 odstra\u0148ov\u00e1n\u00ed hlin\u00edkov\u00e9 f\u00f3lie BZW-886L - Wire processor","isPartOf":{"@id":"https:\/\/wire-processor.eu\/en\/#website"},"primaryImageOfPage":{"@id":"https:\/\/wire-processor.eu\/oferta\/zarizeni-pro-automaticke-odstranovani-hlinikove-folie-bzw-886l\/#primaryimage"},"image":{"@id":"https:\/\/wire-processor.eu\/oferta\/zarizeni-pro-automaticke-odstranovani-hlinikove-folie-bzw-886l\/#primaryimage"},"thumbnailUrl":"https:\/\/wire-processor.eu\/wp-content\/uploads\/2021\/06\/Bez-nazwy-1.jpg","datePublished":"2024-03-20T12:25:22+00:00","breadcrumb":{"@id":"https:\/\/wire-processor.eu\/oferta\/zarizeni-pro-automaticke-odstranovani-hlinikove-folie-bzw-886l\/#breadcrumb"},"inLanguage":"cs","potentialAction":[{"@type":"ReadAction","target":["https:\/\/wire-processor.eu\/oferta\/zarizeni-pro-automaticke-odstranovani-hlinikove-folie-bzw-886l\/"]}]},{"@type":"ImageObject","inLanguage":"cs","@id":"https:\/\/wire-processor.eu\/oferta\/zarizeni-pro-automaticke-odstranovani-hlinikove-folie-bzw-886l\/#primaryimage","url":"https:\/\/wire-processor.eu\/wp-content\/uploads\/2021\/06\/Bez-nazwy-1.jpg","contentUrl":"https:\/\/wire-processor.eu\/wp-content\/uploads\/2021\/06\/Bez-nazwy-1.jpg","width":800,"height":800,"caption":"BZW886L maszyna do automatycznego usuwania folii aluminiowej.jpg"},{"@type":"BreadcrumbList","@id":"https:\/\/wire-processor.eu\/oferta\/zarizeni-pro-automaticke-odstranovani-hlinikove-folie-bzw-886l\/#breadcrumb","itemListElement":[{"@type":"ListItem","position":1,"name":"Strona g\u0142\u00f3wna","item":"https:\/\/wire-processor.eu\/cs\/"},{"@type":"ListItem","position":2,"name":"Nab\u00eddka","item":"https:\/\/wire-processor.eu\/cs\/nabidka\/"},{"@type":"ListItem","position":3,"name":"Za\u0159\u00edzen\u00ed pro automatick\u00e9 odstra\u0148ov\u00e1n\u00ed hlin\u00edkov\u00e9 f\u00f3lie BZW-886L"}]},{"@type":"WebSite","@id":"https:\/\/wire-processor.eu\/en\/#website","url":"https:\/\/wire-processor.eu\/en\/","name":"Wire processor","description":"Maszyny do obr\u00f3bki przewod\u00f3w","publisher":{"@id":"https:\/\/wire-processor.eu\/en\/#organization"},"potentialAction":[{"@type":"SearchAction","target":{"@type":"EntryPoint","urlTemplate":"https:\/\/wire-processor.eu\/en\/?s={search_term_string}"},"query-input":{"@type":"PropertyValueSpecification","valueRequired":true,"valueName":"search_term_string"}}],"inLanguage":"cs"},{"@type":"Organization","@id":"https:\/\/wire-processor.eu\/en\/#organization","name":"Wire processor - maszyny do przewod\u00f3w","url":"https:\/\/wire-processor.eu\/en\/","logo":{"@type":"ImageObject","inLanguage":"cs","@id":"https:\/\/wire-processor.eu\/en\/#\/schema\/logo\/image\/","url":"https:\/\/wire-processor.eu\/wp-content\/uploads\/2018\/04\/Bozwang-_logo_producent1.png","contentUrl":"https:\/\/wire-processor.eu\/wp-content\/uploads\/2018\/04\/Bozwang-_logo_producent1.png","width":250,"height":33,"caption":"Wire processor - maszyny do przewod\u00f3w"},"image":{"@id":"https:\/\/wire-processor.eu\/en\/#\/schema\/logo\/image\/"}}]}},"_links":{"self":[{"href":"https:\/\/wire-processor.eu\/cs\/wp-json\/wp\/v2\/product\/16878","targetHints":{"allow":["GET"]}}],"collection":[{"href":"https:\/\/wire-processor.eu\/cs\/wp-json\/wp\/v2\/product"}],"about":[{"href":"https:\/\/wire-processor.eu\/cs\/wp-json\/wp\/v2\/types\/product"}],"wp:featuredmedia":[{"embeddable":true,"href":"https:\/\/wire-processor.eu\/cs\/wp-json\/wp\/v2\/media\/14988"}],"wp:attachment":[{"href":"https:\/\/wire-processor.eu\/cs\/wp-json\/wp\/v2\/media?parent=16878"}],"wp:term":[{"taxonomy":"product_brand","embeddable":true,"href":"https:\/\/wire-processor.eu\/cs\/wp-json\/wp\/v2\/product_brand?post=16878"},{"taxonomy":"product_cat","embeddable":true,"href":"https:\/\/wire-processor.eu\/cs\/wp-json\/wp\/v2\/product_cat?post=16878"},{"taxonomy":"product_tag","embeddable":true,"href":"https:\/\/wire-processor.eu\/cs\/wp-json\/wp\/v2\/product_tag?post=16878"}],"curies":[{"name":"wp","href":"https:\/\/api.w.org\/{rel}","templated":true}]}}