{"id":16990,"date":"2024-04-10T13:24:23","date_gmt":"2024-04-10T11:24:24","guid":{"rendered":"https:\/\/wire-processor.eu\/?post_type=product&#038;p=16990"},"modified":"2024-04-12T14:00:10","modified_gmt":"2024-04-12T12:00:10","slug":"zaklepovalnik-na-svorky-bzw-sf-4040t","status":"publish","type":"product","link":"https:\/\/wire-processor.eu\/cs\/oferta\/zaklepovalnik-na-svorky-bzw-sf-4040t\/","title":{"rendered":"Zaklepovaln\u00edk na svorky &#8211; BZW-SF-4040T"},"content":{"rendered":"<p><strong>Vlastnosti produktu:<\/strong><\/p>\n<p><strong>P\u0159esnost a stabilita:<\/strong> Servopohonov\u00fd zaciskac\u00ed syst\u00e9m v BZW-SF-4040T zaji\u0161\u0165uje vysokou p\u0159esnost zacisk\u00e1n\u00ed. To znamen\u00e1 vy\u0161\u0161\u00ed kvalitu spojen\u00ed s men\u0161\u00edmi ztr\u00e1tami a opakovanou pr\u00e1ci.<br \/>\n<strong>Automatick\u00e9 regulace:<\/strong> V\u00fd\u0161ku zacisk\u00e1n\u00ed lze digit\u00e1ln\u011b regulovat s mimo\u0159\u00e1dnou p\u0159esnost\u00ed 0,001 mm, co\u017e umo\u017e\u0148uje pe\u010dlivou kontrolu nad zaciskac\u00edm procesem a adaptaci na r\u016fzn\u00e9 velikosti konektor\u016f.<br \/>\n<strong>Zaji\u0161t\u011bn\u00ed kvality:<\/strong> S vestav\u011bn\u00fdm syst\u00e9mem \u0159\u00edzen\u00ed tlaku BZW-SF-4040T monitoruje zaciskac\u00ed proces v re\u00e1ln\u00e9m \u010dase a zaji\u0161\u0165uje, \u017ee ka\u017ed\u00fd produkt spl\u0148uje nejvy\u0161\u0161\u00ed standardy kvality.<br \/>\n<strong>Flexibiln\u00ed v\u00fdroba:<\/strong> U\u017eivatel\u00e9 mohou ukl\u00e1dat parametry procesu pro r\u016fzn\u00e9 v\u00fdrobn\u00ed cykly, co\u017e usnad\u0148uje rychl\u00e9 p\u0159ep\u00edn\u00e1n\u00ed mezi mal\u00fdmi objedn\u00e1vkami a sni\u017euje \u010das p\u0159estoj\u016f, \u010d\u00edm\u017e zvy\u0161uje produktivitu.<\/p>\n","protected":false},"excerpt":{"rendered":"<p>BZW-SF-4040T, multifunk\u010dn\u00ed lis na krimpov\u00e1n\u00ed konektor\u016f. Vybr\u00e1n s pokro\u010dil\u00fdm servomotorov\u00fdm \u0159\u00eddic\u00edm syst\u00e9mem a voliteln\u00fdm opera\u010dn\u00edm syst\u00e9mem PC. Nab\u00edz\u00ed nep\u0159ekonateln\u00e9 mo\u017enosti sb\u011bru dat o krimpovac\u00edch procesech, co\u017e umo\u017e\u0148uje sledov\u00e1n\u00ed a kontrolu kvality v re\u00e1ln\u00e9m \u010dase. Nav\u00edc je mo\u017en\u00e9 toto za\u0159\u00edzen\u00ed integrovat do syst\u00e9m\u016f MES, \u010d\u00edm\u017e se zvy\u0161uje jeho u\u017eite\u010dnost v modern\u00edch v\u00fdrobn\u00edch konfigurac\u00edch.<br \/>\n<iframe title=\"YouTube video player\" src=\"https:\/\/www.youtube-nocookie.com\/embed\/Yhzm4YsWyao?si=fn5zct-C6LRmpLJR\" width=\"560\" height=\"315\" frameborder=\"0\" allowfullscreen=\"allowfullscreen\"><\/iframe><\/p>\n","protected":false},"featured_media":16994,"template":"","meta":[],"product_brand":[],"product_cat":[548],"product_tag":[737,740,739],"class_list":{"0":"post-16990","1":"product","2":"type-product","3":"status-publish","4":"has-post-thumbnail","6":"product_cat-poloautomaticka-zarizeni-na-lisovani-koncovek","7":"product_tag-lis-pro-lisovani-koncovek","8":"product_tag-lisovani-koncovek-cs","9":"product_tag-lisovani-koncovek","11":"first","12":"instock","13":"shipping-taxable","14":"product-type-simple"},"yoast_head":"<!-- This site is optimized with the Yoast SEO plugin v26.3 - https:\/\/yoast.com\/wordpress\/plugins\/seo\/ -->\n<title>Zaklepovaln\u00edk na svorky - BZW-SF-4040T - Wire processor<\/title>\n<meta name=\"description\" content=\"Tich\u00fd, polautomatick\u00fd lis pro svorkov\u00e1n\u00ed termin\u00e1l\u016f s v\u00fdkonem 40 kN - BZW-4040T. Stroje na \u00fapravu vodi\u010d\u016f. Pr\u016fb\u011bh.\" \/>\n<meta name=\"robots\" content=\"index, follow, max-snippet:-1, max-image-preview:large, max-video-preview:-1\" \/>\n<link rel=\"canonical\" href=\"https:\/\/wire-processor.eu\/cs\/oferta\/zaklepovalnik-na-svorky-bzw-sf-4040t\/\" \/>\n<meta property=\"og:locale\" content=\"cs_CZ\" \/>\n<meta property=\"og:type\" content=\"article\" \/>\n<meta property=\"og:title\" content=\"Zaklepovaln\u00edk na svorky - BZW-SF-4040T - Wire processor\" \/>\n<meta property=\"og:description\" content=\"Tich\u00fd, polautomatick\u00fd lis pro svorkov\u00e1n\u00ed termin\u00e1l\u016f s v\u00fdkonem 40 kN - BZW-4040T. Stroje na \u00fapravu vodi\u010d\u016f. Pr\u016fb\u011bh.\" \/>\n<meta property=\"og:url\" content=\"https:\/\/wire-processor.eu\/cs\/oferta\/zaklepovalnik-na-svorky-bzw-sf-4040t\/\" \/>\n<meta property=\"og:site_name\" content=\"Wire processor\" \/>\n<meta property=\"article:modified_time\" content=\"2024-04-12T12:00:10+00:00\" \/>\n<meta property=\"og:image\" content=\"https:\/\/wire-processor.eu\/wp-content\/uploads\/2024\/04\/BZW-SF-4040T-wire-processing.jpg\" \/>\n\t<meta property=\"og:image:width\" content=\"800\" \/>\n\t<meta property=\"og:image:height\" content=\"800\" \/>\n\t<meta property=\"og:image:type\" content=\"image\/jpeg\" \/>\n<meta name=\"twitter:card\" content=\"summary_large_image\" \/>\n<meta name=\"twitter:label1\" content=\"Odhadovan\u00e1 doba \u010dten\u00ed\" \/>\n\t<meta name=\"twitter:data1\" content=\"1 minuta\" \/>\n<script type=\"application\/ld+json\" class=\"yoast-schema-graph\">{\"@context\":\"https:\/\/schema.org\",\"@graph\":[{\"@type\":\"WebPage\",\"@id\":\"https:\/\/wire-processor.eu\/cs\/oferta\/zaklepovalnik-na-svorky-bzw-sf-4040t\/\",\"url\":\"https:\/\/wire-processor.eu\/cs\/oferta\/zaklepovalnik-na-svorky-bzw-sf-4040t\/\",\"name\":\"Zaklepovaln\u00edk na svorky - BZW-SF-4040T - Wire processor\",\"isPartOf\":{\"@id\":\"https:\/\/wire-processor.eu\/en\/#website\"},\"primaryImageOfPage\":{\"@id\":\"https:\/\/wire-processor.eu\/cs\/oferta\/zaklepovalnik-na-svorky-bzw-sf-4040t\/#primaryimage\"},\"image\":{\"@id\":\"https:\/\/wire-processor.eu\/cs\/oferta\/zaklepovalnik-na-svorky-bzw-sf-4040t\/#primaryimage\"},\"thumbnailUrl\":\"https:\/\/wire-processor.eu\/wp-content\/uploads\/2024\/04\/BZW-SF-4040T-wire-processing.jpg\",\"datePublished\":\"2024-04-10T11:24:24+00:00\",\"dateModified\":\"2024-04-12T12:00:10+00:00\",\"description\":\"Tich\u00fd, polautomatick\u00fd lis pro svorkov\u00e1n\u00ed termin\u00e1l\u016f s v\u00fdkonem 40 kN - BZW-4040T. Stroje na \u00fapravu vodi\u010d\u016f. Pr\u016fb\u011bh.\",\"breadcrumb\":{\"@id\":\"https:\/\/wire-processor.eu\/cs\/oferta\/zaklepovalnik-na-svorky-bzw-sf-4040t\/#breadcrumb\"},\"inLanguage\":\"cs\",\"potentialAction\":[{\"@type\":\"ReadAction\",\"target\":[\"https:\/\/wire-processor.eu\/cs\/oferta\/zaklepovalnik-na-svorky-bzw-sf-4040t\/\"]}]},{\"@type\":\"ImageObject\",\"inLanguage\":\"cs\",\"@id\":\"https:\/\/wire-processor.eu\/cs\/oferta\/zaklepovalnik-na-svorky-bzw-sf-4040t\/#primaryimage\",\"url\":\"https:\/\/wire-processor.eu\/wp-content\/uploads\/2024\/04\/BZW-SF-4040T-wire-processing.jpg\",\"contentUrl\":\"https:\/\/wire-processor.eu\/wp-content\/uploads\/2024\/04\/BZW-SF-4040T-wire-processing.jpg\",\"width\":800,\"height\":800,\"caption\":\"Wire processing machines catalog - its-aim\"},{\"@type\":\"BreadcrumbList\",\"@id\":\"https:\/\/wire-processor.eu\/cs\/oferta\/zaklepovalnik-na-svorky-bzw-sf-4040t\/#breadcrumb\",\"itemListElement\":[{\"@type\":\"ListItem\",\"position\":1,\"name\":\"Strona g\u0142\u00f3wna\",\"item\":\"https:\/\/wire-processor.eu\/cs\/\"},{\"@type\":\"ListItem\",\"position\":2,\"name\":\"Nab\u00eddka\",\"item\":\"https:\/\/wire-processor.eu\/cs\/nabidka\/\"},{\"@type\":\"ListItem\",\"position\":3,\"name\":\"Zaklepovaln\u00edk na svorky &#8211; BZW-SF-4040T\"}]},{\"@type\":\"WebSite\",\"@id\":\"https:\/\/wire-processor.eu\/en\/#website\",\"url\":\"https:\/\/wire-processor.eu\/en\/\",\"name\":\"Wire processor\",\"description\":\"Maszyny do obr\u00f3bki przewod\u00f3w\",\"publisher\":{\"@id\":\"https:\/\/wire-processor.eu\/en\/#organization\"},\"potentialAction\":[{\"@type\":\"SearchAction\",\"target\":{\"@type\":\"EntryPoint\",\"urlTemplate\":\"https:\/\/wire-processor.eu\/en\/?s={search_term_string}\"},\"query-input\":{\"@type\":\"PropertyValueSpecification\",\"valueRequired\":true,\"valueName\":\"search_term_string\"}}],\"inLanguage\":\"cs\"},{\"@type\":\"Organization\",\"@id\":\"https:\/\/wire-processor.eu\/en\/#organization\",\"name\":\"Wire processor - maszyny do przewod\u00f3w\",\"url\":\"https:\/\/wire-processor.eu\/en\/\",\"logo\":{\"@type\":\"ImageObject\",\"inLanguage\":\"cs\",\"@id\":\"https:\/\/wire-processor.eu\/en\/#\/schema\/logo\/image\/\",\"url\":\"https:\/\/wire-processor.eu\/wp-content\/uploads\/2018\/04\/Bozwang-_logo_producent1.png\",\"contentUrl\":\"https:\/\/wire-processor.eu\/wp-content\/uploads\/2018\/04\/Bozwang-_logo_producent1.png\",\"width\":250,\"height\":33,\"caption\":\"Wire processor - maszyny do przewod\u00f3w\"},\"image\":{\"@id\":\"https:\/\/wire-processor.eu\/en\/#\/schema\/logo\/image\/\"}}]}<\/script>\n<!-- \/ Yoast SEO plugin. -->","yoast_head_json":{"title":"Zaklepovaln\u00edk na svorky - BZW-SF-4040T - Wire processor","description":"Tich\u00fd, polautomatick\u00fd lis pro svorkov\u00e1n\u00ed termin\u00e1l\u016f s v\u00fdkonem 40 kN - BZW-4040T. Stroje na \u00fapravu vodi\u010d\u016f. Pr\u016fb\u011bh.","robots":{"index":"index","follow":"follow","max-snippet":"max-snippet:-1","max-image-preview":"max-image-preview:large","max-video-preview":"max-video-preview:-1"},"canonical":"https:\/\/wire-processor.eu\/cs\/oferta\/zaklepovalnik-na-svorky-bzw-sf-4040t\/","og_locale":"cs_CZ","og_type":"article","og_title":"Zaklepovaln\u00edk na svorky - BZW-SF-4040T - Wire processor","og_description":"Tich\u00fd, polautomatick\u00fd lis pro svorkov\u00e1n\u00ed termin\u00e1l\u016f s v\u00fdkonem 40 kN - BZW-4040T. Stroje na \u00fapravu vodi\u010d\u016f. Pr\u016fb\u011bh.","og_url":"https:\/\/wire-processor.eu\/cs\/oferta\/zaklepovalnik-na-svorky-bzw-sf-4040t\/","og_site_name":"Wire processor","article_modified_time":"2024-04-12T12:00:10+00:00","og_image":[{"width":800,"height":800,"url":"https:\/\/wire-processor.eu\/wp-content\/uploads\/2024\/04\/BZW-SF-4040T-wire-processing.jpg","type":"image\/jpeg"}],"twitter_card":"summary_large_image","twitter_misc":{"Odhadovan\u00e1 doba \u010dten\u00ed":"1 minuta"},"schema":{"@context":"https:\/\/schema.org","@graph":[{"@type":"WebPage","@id":"https:\/\/wire-processor.eu\/cs\/oferta\/zaklepovalnik-na-svorky-bzw-sf-4040t\/","url":"https:\/\/wire-processor.eu\/cs\/oferta\/zaklepovalnik-na-svorky-bzw-sf-4040t\/","name":"Zaklepovaln\u00edk na svorky - BZW-SF-4040T - Wire processor","isPartOf":{"@id":"https:\/\/wire-processor.eu\/en\/#website"},"primaryImageOfPage":{"@id":"https:\/\/wire-processor.eu\/cs\/oferta\/zaklepovalnik-na-svorky-bzw-sf-4040t\/#primaryimage"},"image":{"@id":"https:\/\/wire-processor.eu\/cs\/oferta\/zaklepovalnik-na-svorky-bzw-sf-4040t\/#primaryimage"},"thumbnailUrl":"https:\/\/wire-processor.eu\/wp-content\/uploads\/2024\/04\/BZW-SF-4040T-wire-processing.jpg","datePublished":"2024-04-10T11:24:24+00:00","dateModified":"2024-04-12T12:00:10+00:00","description":"Tich\u00fd, polautomatick\u00fd lis pro svorkov\u00e1n\u00ed termin\u00e1l\u016f s v\u00fdkonem 40 kN - BZW-4040T. Stroje na \u00fapravu vodi\u010d\u016f. Pr\u016fb\u011bh.","breadcrumb":{"@id":"https:\/\/wire-processor.eu\/cs\/oferta\/zaklepovalnik-na-svorky-bzw-sf-4040t\/#breadcrumb"},"inLanguage":"cs","potentialAction":[{"@type":"ReadAction","target":["https:\/\/wire-processor.eu\/cs\/oferta\/zaklepovalnik-na-svorky-bzw-sf-4040t\/"]}]},{"@type":"ImageObject","inLanguage":"cs","@id":"https:\/\/wire-processor.eu\/cs\/oferta\/zaklepovalnik-na-svorky-bzw-sf-4040t\/#primaryimage","url":"https:\/\/wire-processor.eu\/wp-content\/uploads\/2024\/04\/BZW-SF-4040T-wire-processing.jpg","contentUrl":"https:\/\/wire-processor.eu\/wp-content\/uploads\/2024\/04\/BZW-SF-4040T-wire-processing.jpg","width":800,"height":800,"caption":"Wire processing machines catalog - its-aim"},{"@type":"BreadcrumbList","@id":"https:\/\/wire-processor.eu\/cs\/oferta\/zaklepovalnik-na-svorky-bzw-sf-4040t\/#breadcrumb","itemListElement":[{"@type":"ListItem","position":1,"name":"Strona g\u0142\u00f3wna","item":"https:\/\/wire-processor.eu\/cs\/"},{"@type":"ListItem","position":2,"name":"Nab\u00eddka","item":"https:\/\/wire-processor.eu\/cs\/nabidka\/"},{"@type":"ListItem","position":3,"name":"Zaklepovaln\u00edk na svorky &#8211; BZW-SF-4040T"}]},{"@type":"WebSite","@id":"https:\/\/wire-processor.eu\/en\/#website","url":"https:\/\/wire-processor.eu\/en\/","name":"Wire processor","description":"Maszyny do obr\u00f3bki przewod\u00f3w","publisher":{"@id":"https:\/\/wire-processor.eu\/en\/#organization"},"potentialAction":[{"@type":"SearchAction","target":{"@type":"EntryPoint","urlTemplate":"https:\/\/wire-processor.eu\/en\/?s={search_term_string}"},"query-input":{"@type":"PropertyValueSpecification","valueRequired":true,"valueName":"search_term_string"}}],"inLanguage":"cs"},{"@type":"Organization","@id":"https:\/\/wire-processor.eu\/en\/#organization","name":"Wire processor - maszyny do przewod\u00f3w","url":"https:\/\/wire-processor.eu\/en\/","logo":{"@type":"ImageObject","inLanguage":"cs","@id":"https:\/\/wire-processor.eu\/en\/#\/schema\/logo\/image\/","url":"https:\/\/wire-processor.eu\/wp-content\/uploads\/2018\/04\/Bozwang-_logo_producent1.png","contentUrl":"https:\/\/wire-processor.eu\/wp-content\/uploads\/2018\/04\/Bozwang-_logo_producent1.png","width":250,"height":33,"caption":"Wire processor - maszyny do przewod\u00f3w"},"image":{"@id":"https:\/\/wire-processor.eu\/en\/#\/schema\/logo\/image\/"}}]}},"_links":{"self":[{"href":"https:\/\/wire-processor.eu\/cs\/wp-json\/wp\/v2\/product\/16990","targetHints":{"allow":["GET"]}}],"collection":[{"href":"https:\/\/wire-processor.eu\/cs\/wp-json\/wp\/v2\/product"}],"about":[{"href":"https:\/\/wire-processor.eu\/cs\/wp-json\/wp\/v2\/types\/product"}],"wp:featuredmedia":[{"embeddable":true,"href":"https:\/\/wire-processor.eu\/cs\/wp-json\/wp\/v2\/media\/16994"}],"wp:attachment":[{"href":"https:\/\/wire-processor.eu\/cs\/wp-json\/wp\/v2\/media?parent=16990"}],"wp:term":[{"taxonomy":"product_brand","embeddable":true,"href":"https:\/\/wire-processor.eu\/cs\/wp-json\/wp\/v2\/product_brand?post=16990"},{"taxonomy":"product_cat","embeddable":true,"href":"https:\/\/wire-processor.eu\/cs\/wp-json\/wp\/v2\/product_cat?post=16990"},{"taxonomy":"product_tag","embeddable":true,"href":"https:\/\/wire-processor.eu\/cs\/wp-json\/wp\/v2\/product_tag?post=16990"}],"curies":[{"name":"wp","href":"https:\/\/api.w.org\/{rel}","templated":true}]}}