{"id":17083,"date":"2024-05-10T12:12:40","date_gmt":"2024-05-13T11:46:22","guid":{"rendered":"https:\/\/wire-processor.eu\/oferta\/ultrazvukova-svarecka-kabelu-bzw-9a\/"},"modified":"2024-05-13T13:46:22","modified_gmt":"2024-05-13T11:46:22","slug":"ultrazvukova-svarecka-kabelu-bzw-9a","status":"publish","type":"product","link":"https:\/\/wire-processor.eu\/cs\/oferta\/ultrazvukova-svarecka-kabelu-bzw-9a\/","title":{"rendered":"Ultrazvukov\u00e1 sv\u00e1\u0159e\u010dka kabel\u016f BZW-9A"},"content":{"rendered":"<p><strong>Vysoce technologick\u00e9 komponenty:<\/strong> Vybaveny vysoce kvalitn\u00edmi akustick\u00fdmi komponenty pro spolehliv\u00fd a stabiln\u00ed provoz.<\/p>\n<p><strong>U\u017eivatelsky p\u0159\u00edv\u011btiv\u00e9 rozhran\u00ed: obsluha si m\u016f\u017ee vybrat mezi dotykovou obrazovkou nebo rozhran\u00edm pr\u016fmyslov\u00e9ho po\u010d\u00edta\u010de pro jednoduch\u00e9 a inteligentn\u00ed ovl\u00e1d\u00e1n\u00ed.<\/strong> Parametry receptury stroje lze snadno nastavit a ulo\u017eit, co\u017e umo\u017e\u0148uje rychl\u00e9 p\u0159ep\u00edn\u00e1n\u00ed mezi t\u011bsnic\u00edmi recepturami pro v\u00fdrobu r\u016fzn\u00fdch v\u00fdrobk\u016f.<\/p>\n<p><strong>Optim\u00e1ln\u00ed sva\u0159ovac\u00ed v\u00fdkon: <\/strong> BZW-9A dok\u00e1\u017ee sva\u0159ovat m\u011bd\u011bn\u00fd dr\u00e1t od 0,5 mm\u00b2 do 50 mm\u00b2, tak\u017ee je univerz\u00e1ln\u00ed pro r\u016fzn\u00e9 pot\u0159eby zapojen\u00ed.<\/p>\n<p><strong>Specifikace:<\/strong><\/p>\n<ul>\n<li>Sva\u0159itelnost: 0,5-25 mm\u00b2 \/ 50 mm\u00b2<\/li>\n<li>Maxim\u00e1ln\u00ed v\u00fdkon: k dispozici jsou modely 2600 W a 5000 W<\/li>\n<li>Frekvence: 20 kHz zaji\u0161\u0165uje p\u0159esn\u00e9 a \u00fa\u010dinn\u00e9 sva\u0159ov\u00e1n\u00ed.<\/li>\n<li>Nap\u00e1jen\u00ed: AC 220V 60Hz<\/li>\n<li>Po\u017eadavky na zdroj vzduchu: \u010cist\u00fd, such\u00fd stla\u010den\u00fd vzduch.<\/li>\n<li>Provozn\u00ed tlak: 0,1-0,6 MPa<\/li>\n<li>Fyzick\u00e1 hmotnost: 100 kg<\/li>\n<li>Rozm\u011bry: 1100 mm x 700 mm x 1200 mm<\/li>\n<\/ul>\n<p><strong>Aplikace<\/strong><br \/>\nIde\u00e1ln\u00ed pro sva\u0159ov\u00e1n\u00ed kabelov\u00fdch svazk\u016f, zejm\u00e9na v automobilov\u00e9m, elektronick\u00e9m a elektrotechnick\u00e9m pr\u016fmyslu, kde je d\u016fle\u017eit\u00e1 vysok\u00e1 p\u0159esnost a odolnost.<\/p>\n<p>BZW-9A nastavuje nov\u00e9 standardy v oblasti ultrazvukov\u00e9ho sva\u0159ov\u00e1n\u00ed a nab\u00edz\u00ed ekologick\u00e9, bezpe\u010dn\u00e9 a n\u00e1kladov\u011b efektivn\u00ed \u0159e\u0161en\u00ed pro pot\u0159eby modern\u00ed v\u00fdroby.<\/p>\n","protected":false},"excerpt":{"rendered":"<p>Ultrazvukov\u00e1 sv\u00e1\u0159e\u010dka BZW-9A je za\u0159\u00edzen\u00ed speci\u00e1ln\u011b navr\u017een\u00e9 pro spojov\u00e1n\u00ed m\u011bd\u011bn\u00fdch dr\u00e1t\u016f pomoc\u00ed pokro\u010dil\u00e9 ultrazvukov\u00e9 technologie. Za\u0159\u00edzen\u00ed integruje nejnov\u011bj\u0161\u00ed objevy v oblasti akustiky, mechaniky a polymern\u00ed v\u011bdy, aby poskytlo bezkonkuren\u010dn\u00ed v\u00fdkon a spolehlivost v aplikac\u00edch spojov\u00e1n\u00ed vodi\u010d\u016f.<\/p>\n","protected":false},"featured_media":17079,"template":"","meta":[],"product_brand":[],"product_cat":[1499],"product_tag":[],"class_list":{"0":"post-17083","1":"product","2":"type-product","3":"status-publish","4":"has-post-thumbnail","6":"product_cat-ultrazvukove-svarovani-dratem","8":"first","9":"instock","10":"shipping-taxable","11":"product-type-simple"},"yoast_head":"<!-- This site is optimized with the Yoast SEO plugin v26.3 - https:\/\/yoast.com\/wordpress\/plugins\/seo\/ -->\n<title>Ultrazvukov\u00e1 sv\u00e1\u0159e\u010dka kabel\u016f BZW-9A - Wire processor<\/title>\n<meta name=\"description\" content=\"Ultrazvukov\u00e1 sv\u00e1\u0159e\u010dka BZW-9A je za\u0159\u00edzen\u00ed speci\u00e1ln\u011b navr\u017een\u00e9 pro spojov\u00e1n\u00ed m\u011bd\u011bn\u00fdch dr\u00e1t\u016f pomoc\u00ed pokro\u010dil\u00e9 ultrazvukov\u00e9 technologie.\" \/>\n<meta name=\"robots\" content=\"index, follow, max-snippet:-1, max-image-preview:large, max-video-preview:-1\" \/>\n<link rel=\"canonical\" href=\"https:\/\/wire-processor.eu\/cs\/oferta\/ultrazvukova-svarecka-kabelu-bzw-9a\/\" \/>\n<meta property=\"og:locale\" content=\"cs_CZ\" \/>\n<meta property=\"og:type\" content=\"article\" \/>\n<meta property=\"og:title\" content=\"Ultrazvukov\u00e1 sv\u00e1\u0159e\u010dka kabel\u016f BZW-9A - Wire processor\" \/>\n<meta property=\"og:description\" content=\"Ultrazvukov\u00e1 sv\u00e1\u0159e\u010dka BZW-9A je za\u0159\u00edzen\u00ed speci\u00e1ln\u011b navr\u017een\u00e9 pro spojov\u00e1n\u00ed m\u011bd\u011bn\u00fdch dr\u00e1t\u016f pomoc\u00ed pokro\u010dil\u00e9 ultrazvukov\u00e9 technologie.\" \/>\n<meta property=\"og:url\" content=\"https:\/\/wire-processor.eu\/cs\/oferta\/ultrazvukova-svarecka-kabelu-bzw-9a\/\" \/>\n<meta property=\"og:site_name\" content=\"Wire processor\" \/>\n<meta property=\"og:image\" content=\"https:\/\/wire-processor.eu\/wp-content\/uploads\/2024\/05\/bzw-a9.jpg\" \/>\n\t<meta property=\"og:image:width\" content=\"800\" \/>\n\t<meta property=\"og:image:height\" content=\"800\" \/>\n\t<meta property=\"og:image:type\" content=\"image\/jpeg\" \/>\n<meta name=\"twitter:card\" content=\"summary_large_image\" \/>\n<meta name=\"twitter:label1\" content=\"Odhadovan\u00e1 doba \u010dten\u00ed\" \/>\n\t<meta name=\"twitter:data1\" content=\"1 minuta\" \/>\n<script type=\"application\/ld+json\" class=\"yoast-schema-graph\">{\"@context\":\"https:\/\/schema.org\",\"@graph\":[{\"@type\":\"WebPage\",\"@id\":\"https:\/\/wire-processor.eu\/cs\/oferta\/ultrazvukova-svarecka-kabelu-bzw-9a\/\",\"url\":\"https:\/\/wire-processor.eu\/cs\/oferta\/ultrazvukova-svarecka-kabelu-bzw-9a\/\",\"name\":\"Ultrazvukov\u00e1 sv\u00e1\u0159e\u010dka kabel\u016f BZW-9A - Wire processor\",\"isPartOf\":{\"@id\":\"https:\/\/wire-processor.eu\/en\/#website\"},\"primaryImageOfPage\":{\"@id\":\"https:\/\/wire-processor.eu\/cs\/oferta\/ultrazvukova-svarecka-kabelu-bzw-9a\/#primaryimage\"},\"image\":{\"@id\":\"https:\/\/wire-processor.eu\/cs\/oferta\/ultrazvukova-svarecka-kabelu-bzw-9a\/#primaryimage\"},\"thumbnailUrl\":\"https:\/\/wire-processor.eu\/wp-content\/uploads\/2024\/05\/bzw-a9.jpg\",\"datePublished\":\"2024-05-13T11:46:22+00:00\",\"description\":\"Ultrazvukov\u00e1 sv\u00e1\u0159e\u010dka BZW-9A je za\u0159\u00edzen\u00ed speci\u00e1ln\u011b navr\u017een\u00e9 pro spojov\u00e1n\u00ed m\u011bd\u011bn\u00fdch dr\u00e1t\u016f pomoc\u00ed pokro\u010dil\u00e9 ultrazvukov\u00e9 technologie.\",\"breadcrumb\":{\"@id\":\"https:\/\/wire-processor.eu\/cs\/oferta\/ultrazvukova-svarecka-kabelu-bzw-9a\/#breadcrumb\"},\"inLanguage\":\"cs\",\"potentialAction\":[{\"@type\":\"ReadAction\",\"target\":[\"https:\/\/wire-processor.eu\/cs\/oferta\/ultrazvukova-svarecka-kabelu-bzw-9a\/\"]}]},{\"@type\":\"ImageObject\",\"inLanguage\":\"cs\",\"@id\":\"https:\/\/wire-processor.eu\/cs\/oferta\/ultrazvukova-svarecka-kabelu-bzw-9a\/#primaryimage\",\"url\":\"https:\/\/wire-processor.eu\/wp-content\/uploads\/2024\/05\/bzw-a9.jpg\",\"contentUrl\":\"https:\/\/wire-processor.eu\/wp-content\/uploads\/2024\/05\/bzw-a9.jpg\",\"width\":800,\"height\":800,\"caption\":\"Stroj na ultrazvukov\u00e9 sva\u0159ov\u00e1n\u00ed kabel\u016f BZW-9A\"},{\"@type\":\"BreadcrumbList\",\"@id\":\"https:\/\/wire-processor.eu\/cs\/oferta\/ultrazvukova-svarecka-kabelu-bzw-9a\/#breadcrumb\",\"itemListElement\":[{\"@type\":\"ListItem\",\"position\":1,\"name\":\"Strona g\u0142\u00f3wna\",\"item\":\"https:\/\/wire-processor.eu\/cs\/\"},{\"@type\":\"ListItem\",\"position\":2,\"name\":\"Nab\u00eddka\",\"item\":\"https:\/\/wire-processor.eu\/cs\/nabidka\/\"},{\"@type\":\"ListItem\",\"position\":3,\"name\":\"Ultrazvukov\u00e1 sv\u00e1\u0159e\u010dka kabel\u016f BZW-9A\"}]},{\"@type\":\"WebSite\",\"@id\":\"https:\/\/wire-processor.eu\/en\/#website\",\"url\":\"https:\/\/wire-processor.eu\/en\/\",\"name\":\"Wire processor\",\"description\":\"Maszyny do obr\u00f3bki przewod\u00f3w\",\"publisher\":{\"@id\":\"https:\/\/wire-processor.eu\/en\/#organization\"},\"potentialAction\":[{\"@type\":\"SearchAction\",\"target\":{\"@type\":\"EntryPoint\",\"urlTemplate\":\"https:\/\/wire-processor.eu\/en\/?s={search_term_string}\"},\"query-input\":{\"@type\":\"PropertyValueSpecification\",\"valueRequired\":true,\"valueName\":\"search_term_string\"}}],\"inLanguage\":\"cs\"},{\"@type\":\"Organization\",\"@id\":\"https:\/\/wire-processor.eu\/en\/#organization\",\"name\":\"Wire processor - maszyny do przewod\u00f3w\",\"url\":\"https:\/\/wire-processor.eu\/en\/\",\"logo\":{\"@type\":\"ImageObject\",\"inLanguage\":\"cs\",\"@id\":\"https:\/\/wire-processor.eu\/en\/#\/schema\/logo\/image\/\",\"url\":\"https:\/\/wire-processor.eu\/wp-content\/uploads\/2018\/04\/Bozwang-_logo_producent1.png\",\"contentUrl\":\"https:\/\/wire-processor.eu\/wp-content\/uploads\/2018\/04\/Bozwang-_logo_producent1.png\",\"width\":250,\"height\":33,\"caption\":\"Wire processor - maszyny do przewod\u00f3w\"},\"image\":{\"@id\":\"https:\/\/wire-processor.eu\/en\/#\/schema\/logo\/image\/\"}}]}<\/script>\n<!-- \/ Yoast SEO plugin. -->","yoast_head_json":{"title":"Ultrazvukov\u00e1 sv\u00e1\u0159e\u010dka kabel\u016f BZW-9A - Wire processor","description":"Ultrazvukov\u00e1 sv\u00e1\u0159e\u010dka BZW-9A je za\u0159\u00edzen\u00ed speci\u00e1ln\u011b navr\u017een\u00e9 pro spojov\u00e1n\u00ed m\u011bd\u011bn\u00fdch dr\u00e1t\u016f pomoc\u00ed pokro\u010dil\u00e9 ultrazvukov\u00e9 technologie.","robots":{"index":"index","follow":"follow","max-snippet":"max-snippet:-1","max-image-preview":"max-image-preview:large","max-video-preview":"max-video-preview:-1"},"canonical":"https:\/\/wire-processor.eu\/cs\/oferta\/ultrazvukova-svarecka-kabelu-bzw-9a\/","og_locale":"cs_CZ","og_type":"article","og_title":"Ultrazvukov\u00e1 sv\u00e1\u0159e\u010dka kabel\u016f BZW-9A - Wire processor","og_description":"Ultrazvukov\u00e1 sv\u00e1\u0159e\u010dka BZW-9A je za\u0159\u00edzen\u00ed speci\u00e1ln\u011b navr\u017een\u00e9 pro spojov\u00e1n\u00ed m\u011bd\u011bn\u00fdch dr\u00e1t\u016f pomoc\u00ed pokro\u010dil\u00e9 ultrazvukov\u00e9 technologie.","og_url":"https:\/\/wire-processor.eu\/cs\/oferta\/ultrazvukova-svarecka-kabelu-bzw-9a\/","og_site_name":"Wire processor","og_image":[{"width":800,"height":800,"url":"https:\/\/wire-processor.eu\/wp-content\/uploads\/2024\/05\/bzw-a9.jpg","type":"image\/jpeg"}],"twitter_card":"summary_large_image","twitter_misc":{"Odhadovan\u00e1 doba \u010dten\u00ed":"1 minuta"},"schema":{"@context":"https:\/\/schema.org","@graph":[{"@type":"WebPage","@id":"https:\/\/wire-processor.eu\/cs\/oferta\/ultrazvukova-svarecka-kabelu-bzw-9a\/","url":"https:\/\/wire-processor.eu\/cs\/oferta\/ultrazvukova-svarecka-kabelu-bzw-9a\/","name":"Ultrazvukov\u00e1 sv\u00e1\u0159e\u010dka kabel\u016f BZW-9A - Wire processor","isPartOf":{"@id":"https:\/\/wire-processor.eu\/en\/#website"},"primaryImageOfPage":{"@id":"https:\/\/wire-processor.eu\/cs\/oferta\/ultrazvukova-svarecka-kabelu-bzw-9a\/#primaryimage"},"image":{"@id":"https:\/\/wire-processor.eu\/cs\/oferta\/ultrazvukova-svarecka-kabelu-bzw-9a\/#primaryimage"},"thumbnailUrl":"https:\/\/wire-processor.eu\/wp-content\/uploads\/2024\/05\/bzw-a9.jpg","datePublished":"2024-05-13T11:46:22+00:00","description":"Ultrazvukov\u00e1 sv\u00e1\u0159e\u010dka BZW-9A je za\u0159\u00edzen\u00ed speci\u00e1ln\u011b navr\u017een\u00e9 pro spojov\u00e1n\u00ed m\u011bd\u011bn\u00fdch dr\u00e1t\u016f pomoc\u00ed pokro\u010dil\u00e9 ultrazvukov\u00e9 technologie.","breadcrumb":{"@id":"https:\/\/wire-processor.eu\/cs\/oferta\/ultrazvukova-svarecka-kabelu-bzw-9a\/#breadcrumb"},"inLanguage":"cs","potentialAction":[{"@type":"ReadAction","target":["https:\/\/wire-processor.eu\/cs\/oferta\/ultrazvukova-svarecka-kabelu-bzw-9a\/"]}]},{"@type":"ImageObject","inLanguage":"cs","@id":"https:\/\/wire-processor.eu\/cs\/oferta\/ultrazvukova-svarecka-kabelu-bzw-9a\/#primaryimage","url":"https:\/\/wire-processor.eu\/wp-content\/uploads\/2024\/05\/bzw-a9.jpg","contentUrl":"https:\/\/wire-processor.eu\/wp-content\/uploads\/2024\/05\/bzw-a9.jpg","width":800,"height":800,"caption":"Stroj na ultrazvukov\u00e9 sva\u0159ov\u00e1n\u00ed kabel\u016f BZW-9A"},{"@type":"BreadcrumbList","@id":"https:\/\/wire-processor.eu\/cs\/oferta\/ultrazvukova-svarecka-kabelu-bzw-9a\/#breadcrumb","itemListElement":[{"@type":"ListItem","position":1,"name":"Strona g\u0142\u00f3wna","item":"https:\/\/wire-processor.eu\/cs\/"},{"@type":"ListItem","position":2,"name":"Nab\u00eddka","item":"https:\/\/wire-processor.eu\/cs\/nabidka\/"},{"@type":"ListItem","position":3,"name":"Ultrazvukov\u00e1 sv\u00e1\u0159e\u010dka kabel\u016f BZW-9A"}]},{"@type":"WebSite","@id":"https:\/\/wire-processor.eu\/en\/#website","url":"https:\/\/wire-processor.eu\/en\/","name":"Wire processor","description":"Maszyny do obr\u00f3bki przewod\u00f3w","publisher":{"@id":"https:\/\/wire-processor.eu\/en\/#organization"},"potentialAction":[{"@type":"SearchAction","target":{"@type":"EntryPoint","urlTemplate":"https:\/\/wire-processor.eu\/en\/?s={search_term_string}"},"query-input":{"@type":"PropertyValueSpecification","valueRequired":true,"valueName":"search_term_string"}}],"inLanguage":"cs"},{"@type":"Organization","@id":"https:\/\/wire-processor.eu\/en\/#organization","name":"Wire processor - maszyny do przewod\u00f3w","url":"https:\/\/wire-processor.eu\/en\/","logo":{"@type":"ImageObject","inLanguage":"cs","@id":"https:\/\/wire-processor.eu\/en\/#\/schema\/logo\/image\/","url":"https:\/\/wire-processor.eu\/wp-content\/uploads\/2018\/04\/Bozwang-_logo_producent1.png","contentUrl":"https:\/\/wire-processor.eu\/wp-content\/uploads\/2018\/04\/Bozwang-_logo_producent1.png","width":250,"height":33,"caption":"Wire processor - maszyny do przewod\u00f3w"},"image":{"@id":"https:\/\/wire-processor.eu\/en\/#\/schema\/logo\/image\/"}}]}},"_links":{"self":[{"href":"https:\/\/wire-processor.eu\/cs\/wp-json\/wp\/v2\/product\/17083","targetHints":{"allow":["GET"]}}],"collection":[{"href":"https:\/\/wire-processor.eu\/cs\/wp-json\/wp\/v2\/product"}],"about":[{"href":"https:\/\/wire-processor.eu\/cs\/wp-json\/wp\/v2\/types\/product"}],"wp:featuredmedia":[{"embeddable":true,"href":"https:\/\/wire-processor.eu\/cs\/wp-json\/wp\/v2\/media\/17079"}],"wp:attachment":[{"href":"https:\/\/wire-processor.eu\/cs\/wp-json\/wp\/v2\/media?parent=17083"}],"wp:term":[{"taxonomy":"product_brand","embeddable":true,"href":"https:\/\/wire-processor.eu\/cs\/wp-json\/wp\/v2\/product_brand?post=17083"},{"taxonomy":"product_cat","embeddable":true,"href":"https:\/\/wire-processor.eu\/cs\/wp-json\/wp\/v2\/product_cat?post=17083"},{"taxonomy":"product_tag","embeddable":true,"href":"https:\/\/wire-processor.eu\/cs\/wp-json\/wp\/v2\/product_tag?post=17083"}],"curies":[{"name":"wp","href":"https:\/\/api.w.org\/{rel}","templated":true}]}}