{"id":17377,"date":"2025-08-24T21:05:06","date_gmt":"2025-08-24T19:05:06","guid":{"rendered":"https:\/\/wire-processor.eu\/?post_type=product&#038;p=17377"},"modified":"2025-08-24T21:23:20","modified_gmt":"2025-08-24T19:23:20","slug":"bzw-f4z-poloautomaticky-stroj-na-odizolovani-a-krimpovani-dutinkovych-kabelovych-koncovek","status":"publish","type":"product","link":"https:\/\/wire-processor.eu\/cs\/oferta\/bzw-f4z-poloautomaticky-stroj-na-odizolovani-a-krimpovani-dutinkovych-kabelovych-koncovek\/","title":{"rendered":"BZW-F4Z Poloautomatick\u00fd stroj na odizolov\u00e1n\u00ed a krimpov\u00e1n\u00ed dutinkov\u00fdch kabelov\u00fdch koncovek"},"content":{"rendered":"<p><strong>Stroj BZW-F4+Z<\/strong> je modern\u00ed poloautomatick\u00e9 za\u0159\u00edzen\u00ed ur\u010den\u00e9 pro rychl\u00e9 a p\u0159esn\u00e9 zpracov\u00e1n\u00ed vodi\u010d\u016f. V jednom cyklu m\u016f\u017ee za\u0159\u00edzen\u00ed odstranit izolaci, sto\u010dit vodi\u010de, nasadit dutinku a prov\u00e9st jej\u00ed krimpov\u00e1n\u00ed, co\u017e v\u00fdrazn\u011b zvy\u0161uje efektivitu v\u00fdroby a sni\u017euje riziko mont\u00e1\u017en\u00edch chyb.<\/p>\n<p>D\u00edky dotykov\u00e9mu ovl\u00e1dac\u00edmu panelu m\u016f\u017ee obsluha snadno nastavit pracovn\u00ed parametry, jako je d\u00e9lka a hloubka odizolov\u00e1n\u00ed. Stroj vyu\u017e\u00edv\u00e1 vysoce kvalitn\u00ed dov\u00e1\u017een\u00e9 pneumatick\u00e9 komponenty, kter\u00e9 zaji\u0161\u0165uj\u00ed stabiln\u00ed provoz a dlouhou \u017eivotnost za\u0159\u00edzen\u00ed.<\/p>\n<p>Hlavn\u00ed vlastnosti:<\/p>\n<p>&nbsp;<\/p>\n<ul>\n<li>Funkce st\u00e1\u010den\u00ed vodi\u010d\u016f \u2013 zabra\u0148uje opa\u010dn\u00e9mu uspo\u0159\u00e1d\u00e1n\u00ed \u017eil a zlep\u0161uje kvalitu spoj\u016f.<\/li>\n<li>Nen\u00ed nutn\u00e1 v\u00fdm\u011bna vibra\u010dn\u00ed desky \u2013 vy\u0161\u0161\u00ed efektivita pr\u00e1ce.<\/li>\n<li>Snadn\u00e1 v\u00fdm\u011bna n\u00e1stroje pro zav\u00e1d\u011bn\u00ed vodi\u010d\u016f.<\/li>\n<li>Dotykov\u00e1 obrazovka s mo\u017enost\u00ed nastaven\u00ed parametr\u016f (d\u00e9lka a hloubka odizolov\u00e1n\u00ed).<\/li>\n<li>Vysoce kvalitn\u00ed pneumatick\u00e9 komponenty zaji\u0161\u0165uj\u00edc\u00ed stabiln\u00ed provoz.<\/li>\n<li>Multifunk\u010dn\u00ed zpracov\u00e1n\u00ed v jednom cyklu: odizolov\u00e1n\u00ed, st\u00e1\u010den\u00ed, nasazen\u00ed dutinky a krimpov\u00e1n\u00ed \u2013 maxim\u00e1ln\u00ed \u00faspora \u010dasu.<\/li>\n<\/ul>\n","protected":false},"excerpt":{"rendered":"<p>Stroj <strong data-start=\"57\" data-end=\"69\">BZW-F4+Z<\/strong> je modern\u00ed poloautomatick\u00e9 za\u0159\u00edzen\u00ed ur\u010den\u00e9 pro rychl\u00e9 a p\u0159esn\u00e9 zpracov\u00e1n\u00ed vodi\u010d\u016f. V jednom cyklu m\u016f\u017ee za\u0159\u00edzen\u00ed odstranit izolaci, sto\u010dit vodi\u010de, nasadit dutinku a prov\u00e9st jej\u00ed krimpov\u00e1n\u00ed, co\u017e v\u00fdrazn\u011b zvy\u0161uje efektivitu v\u00fdroby a sni\u017euje riziko mont\u00e1\u017en\u00edch chyb.<\/p>\n<p><img decoding=\"async\" class=\"alignnone size-full wp-image-17385\" src=\"https:\/\/wire-processor.eu\/wp-content\/uploads\/2025\/08\/Zrzut-ekranu-2025-08-24-o-21.12.04.png\" alt=\"\" width=\"931\" height=\"236\" srcset=\"https:\/\/wire-processor.eu\/wp-content\/uploads\/2025\/08\/Zrzut-ekranu-2025-08-24-o-21.12.04-200x51.png 200w, https:\/\/wire-processor.eu\/wp-content\/uploads\/2025\/08\/Zrzut-ekranu-2025-08-24-o-21.12.04-300x76.png 300w, https:\/\/wire-processor.eu\/wp-content\/uploads\/2025\/08\/Zrzut-ekranu-2025-08-24-o-21.12.04-400x101.png 400w, https:\/\/wire-processor.eu\/wp-content\/uploads\/2025\/08\/Zrzut-ekranu-2025-08-24-o-21.12.04-600x152.png 600w, https:\/\/wire-processor.eu\/wp-content\/uploads\/2025\/08\/Zrzut-ekranu-2025-08-24-o-21.12.04-768x195.png 768w, https:\/\/wire-processor.eu\/wp-content\/uploads\/2025\/08\/Zrzut-ekranu-2025-08-24-o-21.12.04-800x203.png 800w, https:\/\/wire-processor.eu\/wp-content\/uploads\/2025\/08\/Zrzut-ekranu-2025-08-24-o-21.12.04.png 931w\" sizes=\"(max-width: 931px) 100vw, 931px\" \/><\/p>\n","protected":false},"featured_media":16829,"template":"","meta":[],"product_brand":[],"product_cat":[548],"product_tag":[],"class_list":{"0":"post-17377","1":"product","2":"type-product","3":"status-publish","4":"has-post-thumbnail","6":"product_cat-poloautomaticka-zarizeni-na-lisovani-koncovek","8":"first","9":"instock","10":"shipping-taxable","11":"product-type-simple"},"yoast_head":"<!-- This site is optimized with the Yoast SEO plugin v26.3 - https:\/\/yoast.com\/wordpress\/plugins\/seo\/ -->\n<title>BZW-F4Z Poloautomatick\u00fd stroj na odizolov\u00e1n\u00ed a krimpov\u00e1n\u00ed dutinkov\u00fdch kabelov\u00fdch koncovek - Wire processor<\/title>\n<meta name=\"description\" content=\"Stroj BZW-F4+Z je modern\u00ed poloautomatick\u00e9 za\u0159\u00edzen\u00ed ur\u010den\u00e9 pro rychl\u00e9 a p\u0159esn\u00e9 zpracov\u00e1n\u00ed vodi\u010d\u016f. V jednom cyklu m\u016f\u017ee za\u0159\u00edzen\u00ed odstranit izolaci, sto\u010dit vodi\u010de, nasadit dutinku a prov\u00e9st jej\u00ed krimpov\u00e1n\u00ed, co\u017e v\u00fdrazn\u011b zvy\u0161uje efektivitu v\u00fdroby a sni\u017euje riziko mont\u00e1\u017en\u00edch chyb.\" \/>\n<meta name=\"robots\" content=\"index, follow, max-snippet:-1, max-image-preview:large, max-video-preview:-1\" \/>\n<link rel=\"canonical\" href=\"https:\/\/wire-processor.eu\/cs\/oferta\/bzw-f4z-poloautomaticky-stroj-na-odizolovani-a-krimpovani-dutinkovych-kabelovych-koncovek\/\" \/>\n<meta property=\"og:locale\" content=\"cs_CZ\" \/>\n<meta property=\"og:type\" content=\"article\" \/>\n<meta property=\"og:title\" content=\"BZW-F4Z Poloautomatick\u00fd stroj na odizolov\u00e1n\u00ed a krimpov\u00e1n\u00ed dutinkov\u00fdch kabelov\u00fdch koncovek - Wire processor\" \/>\n<meta property=\"og:description\" content=\"Stroj BZW-F4+Z je modern\u00ed poloautomatick\u00e9 za\u0159\u00edzen\u00ed ur\u010den\u00e9 pro rychl\u00e9 a p\u0159esn\u00e9 zpracov\u00e1n\u00ed vodi\u010d\u016f. V jednom cyklu m\u016f\u017ee za\u0159\u00edzen\u00ed odstranit izolaci, sto\u010dit vodi\u010de, nasadit dutinku a prov\u00e9st jej\u00ed krimpov\u00e1n\u00ed, co\u017e v\u00fdrazn\u011b zvy\u0161uje efektivitu v\u00fdroby a sni\u017euje riziko mont\u00e1\u017en\u00edch chyb.\" \/>\n<meta property=\"og:url\" content=\"https:\/\/wire-processor.eu\/cs\/oferta\/bzw-f4z-poloautomaticky-stroj-na-odizolovani-a-krimpovani-dutinkovych-kabelovych-koncovek\/\" \/>\n<meta property=\"og:site_name\" content=\"Wire processor\" \/>\n<meta property=\"article:modified_time\" content=\"2025-08-24T19:23:20+00:00\" \/>\n<meta property=\"og:image\" content=\"https:\/\/wire-processor.eu\/wp-content\/uploads\/2024\/02\/BZW-F4G.jpg\" \/>\n\t<meta property=\"og:image:width\" content=\"800\" \/>\n\t<meta property=\"og:image:height\" content=\"800\" \/>\n\t<meta property=\"og:image:type\" content=\"image\/jpeg\" \/>\n<meta name=\"twitter:card\" content=\"summary_large_image\" \/>\n<meta name=\"twitter:label1\" content=\"Odhadovan\u00e1 doba \u010dten\u00ed\" \/>\n\t<meta name=\"twitter:data1\" content=\"1 minuta\" \/>\n<script type=\"application\/ld+json\" class=\"yoast-schema-graph\">{\"@context\":\"https:\/\/schema.org\",\"@graph\":[{\"@type\":\"WebPage\",\"@id\":\"https:\/\/wire-processor.eu\/cs\/oferta\/bzw-f4z-poloautomaticky-stroj-na-odizolovani-a-krimpovani-dutinkovych-kabelovych-koncovek\/\",\"url\":\"https:\/\/wire-processor.eu\/cs\/oferta\/bzw-f4z-poloautomaticky-stroj-na-odizolovani-a-krimpovani-dutinkovych-kabelovych-koncovek\/\",\"name\":\"BZW-F4Z Poloautomatick\u00fd stroj na odizolov\u00e1n\u00ed a krimpov\u00e1n\u00ed dutinkov\u00fdch kabelov\u00fdch koncovek - Wire processor\",\"isPartOf\":{\"@id\":\"https:\/\/wire-processor.eu\/en\/#website\"},\"primaryImageOfPage\":{\"@id\":\"https:\/\/wire-processor.eu\/cs\/oferta\/bzw-f4z-poloautomaticky-stroj-na-odizolovani-a-krimpovani-dutinkovych-kabelovych-koncovek\/#primaryimage\"},\"image\":{\"@id\":\"https:\/\/wire-processor.eu\/cs\/oferta\/bzw-f4z-poloautomaticky-stroj-na-odizolovani-a-krimpovani-dutinkovych-kabelovych-koncovek\/#primaryimage\"},\"thumbnailUrl\":\"https:\/\/wire-processor.eu\/wp-content\/uploads\/2024\/02\/BZW-F4G.jpg\",\"datePublished\":\"2025-08-24T19:05:06+00:00\",\"dateModified\":\"2025-08-24T19:23:20+00:00\",\"description\":\"Stroj BZW-F4+Z je modern\u00ed poloautomatick\u00e9 za\u0159\u00edzen\u00ed ur\u010den\u00e9 pro rychl\u00e9 a p\u0159esn\u00e9 zpracov\u00e1n\u00ed vodi\u010d\u016f. V jednom cyklu m\u016f\u017ee za\u0159\u00edzen\u00ed odstranit izolaci, sto\u010dit vodi\u010de, nasadit dutinku a prov\u00e9st jej\u00ed krimpov\u00e1n\u00ed, co\u017e v\u00fdrazn\u011b zvy\u0161uje efektivitu v\u00fdroby a sni\u017euje riziko mont\u00e1\u017en\u00edch chyb.\",\"breadcrumb\":{\"@id\":\"https:\/\/wire-processor.eu\/cs\/oferta\/bzw-f4z-poloautomaticky-stroj-na-odizolovani-a-krimpovani-dutinkovych-kabelovych-koncovek\/#breadcrumb\"},\"inLanguage\":\"cs\",\"potentialAction\":[{\"@type\":\"ReadAction\",\"target\":[\"https:\/\/wire-processor.eu\/cs\/oferta\/bzw-f4z-poloautomaticky-stroj-na-odizolovani-a-krimpovani-dutinkovych-kabelovych-koncovek\/\"]}]},{\"@type\":\"ImageObject\",\"inLanguage\":\"cs\",\"@id\":\"https:\/\/wire-processor.eu\/cs\/oferta\/bzw-f4z-poloautomaticky-stroj-na-odizolovani-a-krimpovani-dutinkovych-kabelovych-koncovek\/#primaryimage\",\"url\":\"https:\/\/wire-processor.eu\/wp-content\/uploads\/2024\/02\/BZW-F4G.jpg\",\"contentUrl\":\"https:\/\/wire-processor.eu\/wp-content\/uploads\/2024\/02\/BZW-F4G.jpg\",\"width\":800,\"height\":800,\"caption\":\"BZW-F4+G to p\u00f3\u0142automatyczna maszyna do zaciskania ko\u0144c\u00f3wek kablowych Harting\"},{\"@type\":\"BreadcrumbList\",\"@id\":\"https:\/\/wire-processor.eu\/cs\/oferta\/bzw-f4z-poloautomaticky-stroj-na-odizolovani-a-krimpovani-dutinkovych-kabelovych-koncovek\/#breadcrumb\",\"itemListElement\":[{\"@type\":\"ListItem\",\"position\":1,\"name\":\"Strona g\u0142\u00f3wna\",\"item\":\"https:\/\/wire-processor.eu\/cs\/\"},{\"@type\":\"ListItem\",\"position\":2,\"name\":\"Nab\u00eddka\",\"item\":\"https:\/\/wire-processor.eu\/cs\/nabidka\/\"},{\"@type\":\"ListItem\",\"position\":3,\"name\":\"BZW-F4Z Poloautomatick\u00fd stroj na odizolov\u00e1n\u00ed a krimpov\u00e1n\u00ed dutinkov\u00fdch kabelov\u00fdch koncovek\"}]},{\"@type\":\"WebSite\",\"@id\":\"https:\/\/wire-processor.eu\/en\/#website\",\"url\":\"https:\/\/wire-processor.eu\/en\/\",\"name\":\"Wire processor\",\"description\":\"Maszyny do obr\u00f3bki przewod\u00f3w\",\"publisher\":{\"@id\":\"https:\/\/wire-processor.eu\/en\/#organization\"},\"potentialAction\":[{\"@type\":\"SearchAction\",\"target\":{\"@type\":\"EntryPoint\",\"urlTemplate\":\"https:\/\/wire-processor.eu\/en\/?s={search_term_string}\"},\"query-input\":{\"@type\":\"PropertyValueSpecification\",\"valueRequired\":true,\"valueName\":\"search_term_string\"}}],\"inLanguage\":\"cs\"},{\"@type\":\"Organization\",\"@id\":\"https:\/\/wire-processor.eu\/en\/#organization\",\"name\":\"Wire processor - maszyny do przewod\u00f3w\",\"url\":\"https:\/\/wire-processor.eu\/en\/\",\"logo\":{\"@type\":\"ImageObject\",\"inLanguage\":\"cs\",\"@id\":\"https:\/\/wire-processor.eu\/en\/#\/schema\/logo\/image\/\",\"url\":\"https:\/\/wire-processor.eu\/wp-content\/uploads\/2018\/04\/Bozwang-_logo_producent1.png\",\"contentUrl\":\"https:\/\/wire-processor.eu\/wp-content\/uploads\/2018\/04\/Bozwang-_logo_producent1.png\",\"width\":250,\"height\":33,\"caption\":\"Wire processor - maszyny do przewod\u00f3w\"},\"image\":{\"@id\":\"https:\/\/wire-processor.eu\/en\/#\/schema\/logo\/image\/\"}}]}<\/script>\n<!-- \/ Yoast SEO plugin. -->","yoast_head_json":{"title":"BZW-F4Z Poloautomatick\u00fd stroj na odizolov\u00e1n\u00ed a krimpov\u00e1n\u00ed dutinkov\u00fdch kabelov\u00fdch koncovek - Wire processor","description":"Stroj BZW-F4+Z je modern\u00ed poloautomatick\u00e9 za\u0159\u00edzen\u00ed ur\u010den\u00e9 pro rychl\u00e9 a p\u0159esn\u00e9 zpracov\u00e1n\u00ed vodi\u010d\u016f. V jednom cyklu m\u016f\u017ee za\u0159\u00edzen\u00ed odstranit izolaci, sto\u010dit vodi\u010de, nasadit dutinku a prov\u00e9st jej\u00ed krimpov\u00e1n\u00ed, co\u017e v\u00fdrazn\u011b zvy\u0161uje efektivitu v\u00fdroby a sni\u017euje riziko mont\u00e1\u017en\u00edch chyb.","robots":{"index":"index","follow":"follow","max-snippet":"max-snippet:-1","max-image-preview":"max-image-preview:large","max-video-preview":"max-video-preview:-1"},"canonical":"https:\/\/wire-processor.eu\/cs\/oferta\/bzw-f4z-poloautomaticky-stroj-na-odizolovani-a-krimpovani-dutinkovych-kabelovych-koncovek\/","og_locale":"cs_CZ","og_type":"article","og_title":"BZW-F4Z Poloautomatick\u00fd stroj na odizolov\u00e1n\u00ed a krimpov\u00e1n\u00ed dutinkov\u00fdch kabelov\u00fdch koncovek - Wire processor","og_description":"Stroj BZW-F4+Z je modern\u00ed poloautomatick\u00e9 za\u0159\u00edzen\u00ed ur\u010den\u00e9 pro rychl\u00e9 a p\u0159esn\u00e9 zpracov\u00e1n\u00ed vodi\u010d\u016f. V jednom cyklu m\u016f\u017ee za\u0159\u00edzen\u00ed odstranit izolaci, sto\u010dit vodi\u010de, nasadit dutinku a prov\u00e9st jej\u00ed krimpov\u00e1n\u00ed, co\u017e v\u00fdrazn\u011b zvy\u0161uje efektivitu v\u00fdroby a sni\u017euje riziko mont\u00e1\u017en\u00edch chyb.","og_url":"https:\/\/wire-processor.eu\/cs\/oferta\/bzw-f4z-poloautomaticky-stroj-na-odizolovani-a-krimpovani-dutinkovych-kabelovych-koncovek\/","og_site_name":"Wire processor","article_modified_time":"2025-08-24T19:23:20+00:00","og_image":[{"width":800,"height":800,"url":"https:\/\/wire-processor.eu\/wp-content\/uploads\/2024\/02\/BZW-F4G.jpg","type":"image\/jpeg"}],"twitter_card":"summary_large_image","twitter_misc":{"Odhadovan\u00e1 doba \u010dten\u00ed":"1 minuta"},"schema":{"@context":"https:\/\/schema.org","@graph":[{"@type":"WebPage","@id":"https:\/\/wire-processor.eu\/cs\/oferta\/bzw-f4z-poloautomaticky-stroj-na-odizolovani-a-krimpovani-dutinkovych-kabelovych-koncovek\/","url":"https:\/\/wire-processor.eu\/cs\/oferta\/bzw-f4z-poloautomaticky-stroj-na-odizolovani-a-krimpovani-dutinkovych-kabelovych-koncovek\/","name":"BZW-F4Z Poloautomatick\u00fd stroj na odizolov\u00e1n\u00ed a krimpov\u00e1n\u00ed dutinkov\u00fdch kabelov\u00fdch koncovek - Wire processor","isPartOf":{"@id":"https:\/\/wire-processor.eu\/en\/#website"},"primaryImageOfPage":{"@id":"https:\/\/wire-processor.eu\/cs\/oferta\/bzw-f4z-poloautomaticky-stroj-na-odizolovani-a-krimpovani-dutinkovych-kabelovych-koncovek\/#primaryimage"},"image":{"@id":"https:\/\/wire-processor.eu\/cs\/oferta\/bzw-f4z-poloautomaticky-stroj-na-odizolovani-a-krimpovani-dutinkovych-kabelovych-koncovek\/#primaryimage"},"thumbnailUrl":"https:\/\/wire-processor.eu\/wp-content\/uploads\/2024\/02\/BZW-F4G.jpg","datePublished":"2025-08-24T19:05:06+00:00","dateModified":"2025-08-24T19:23:20+00:00","description":"Stroj BZW-F4+Z je modern\u00ed poloautomatick\u00e9 za\u0159\u00edzen\u00ed ur\u010den\u00e9 pro rychl\u00e9 a p\u0159esn\u00e9 zpracov\u00e1n\u00ed vodi\u010d\u016f. V jednom cyklu m\u016f\u017ee za\u0159\u00edzen\u00ed odstranit izolaci, sto\u010dit vodi\u010de, nasadit dutinku a prov\u00e9st jej\u00ed krimpov\u00e1n\u00ed, co\u017e v\u00fdrazn\u011b zvy\u0161uje efektivitu v\u00fdroby a sni\u017euje riziko mont\u00e1\u017en\u00edch chyb.","breadcrumb":{"@id":"https:\/\/wire-processor.eu\/cs\/oferta\/bzw-f4z-poloautomaticky-stroj-na-odizolovani-a-krimpovani-dutinkovych-kabelovych-koncovek\/#breadcrumb"},"inLanguage":"cs","potentialAction":[{"@type":"ReadAction","target":["https:\/\/wire-processor.eu\/cs\/oferta\/bzw-f4z-poloautomaticky-stroj-na-odizolovani-a-krimpovani-dutinkovych-kabelovych-koncovek\/"]}]},{"@type":"ImageObject","inLanguage":"cs","@id":"https:\/\/wire-processor.eu\/cs\/oferta\/bzw-f4z-poloautomaticky-stroj-na-odizolovani-a-krimpovani-dutinkovych-kabelovych-koncovek\/#primaryimage","url":"https:\/\/wire-processor.eu\/wp-content\/uploads\/2024\/02\/BZW-F4G.jpg","contentUrl":"https:\/\/wire-processor.eu\/wp-content\/uploads\/2024\/02\/BZW-F4G.jpg","width":800,"height":800,"caption":"BZW-F4+G to p\u00f3\u0142automatyczna maszyna do zaciskania ko\u0144c\u00f3wek kablowych Harting"},{"@type":"BreadcrumbList","@id":"https:\/\/wire-processor.eu\/cs\/oferta\/bzw-f4z-poloautomaticky-stroj-na-odizolovani-a-krimpovani-dutinkovych-kabelovych-koncovek\/#breadcrumb","itemListElement":[{"@type":"ListItem","position":1,"name":"Strona g\u0142\u00f3wna","item":"https:\/\/wire-processor.eu\/cs\/"},{"@type":"ListItem","position":2,"name":"Nab\u00eddka","item":"https:\/\/wire-processor.eu\/cs\/nabidka\/"},{"@type":"ListItem","position":3,"name":"BZW-F4Z Poloautomatick\u00fd stroj na odizolov\u00e1n\u00ed a krimpov\u00e1n\u00ed dutinkov\u00fdch kabelov\u00fdch koncovek"}]},{"@type":"WebSite","@id":"https:\/\/wire-processor.eu\/en\/#website","url":"https:\/\/wire-processor.eu\/en\/","name":"Wire processor","description":"Maszyny do obr\u00f3bki przewod\u00f3w","publisher":{"@id":"https:\/\/wire-processor.eu\/en\/#organization"},"potentialAction":[{"@type":"SearchAction","target":{"@type":"EntryPoint","urlTemplate":"https:\/\/wire-processor.eu\/en\/?s={search_term_string}"},"query-input":{"@type":"PropertyValueSpecification","valueRequired":true,"valueName":"search_term_string"}}],"inLanguage":"cs"},{"@type":"Organization","@id":"https:\/\/wire-processor.eu\/en\/#organization","name":"Wire processor - maszyny do przewod\u00f3w","url":"https:\/\/wire-processor.eu\/en\/","logo":{"@type":"ImageObject","inLanguage":"cs","@id":"https:\/\/wire-processor.eu\/en\/#\/schema\/logo\/image\/","url":"https:\/\/wire-processor.eu\/wp-content\/uploads\/2018\/04\/Bozwang-_logo_producent1.png","contentUrl":"https:\/\/wire-processor.eu\/wp-content\/uploads\/2018\/04\/Bozwang-_logo_producent1.png","width":250,"height":33,"caption":"Wire processor - maszyny do przewod\u00f3w"},"image":{"@id":"https:\/\/wire-processor.eu\/en\/#\/schema\/logo\/image\/"}}]}},"_links":{"self":[{"href":"https:\/\/wire-processor.eu\/cs\/wp-json\/wp\/v2\/product\/17377","targetHints":{"allow":["GET"]}}],"collection":[{"href":"https:\/\/wire-processor.eu\/cs\/wp-json\/wp\/v2\/product"}],"about":[{"href":"https:\/\/wire-processor.eu\/cs\/wp-json\/wp\/v2\/types\/product"}],"wp:featuredmedia":[{"embeddable":true,"href":"https:\/\/wire-processor.eu\/cs\/wp-json\/wp\/v2\/media\/16829"}],"wp:attachment":[{"href":"https:\/\/wire-processor.eu\/cs\/wp-json\/wp\/v2\/media?parent=17377"}],"wp:term":[{"taxonomy":"product_brand","embeddable":true,"href":"https:\/\/wire-processor.eu\/cs\/wp-json\/wp\/v2\/product_brand?post=17377"},{"taxonomy":"product_cat","embeddable":true,"href":"https:\/\/wire-processor.eu\/cs\/wp-json\/wp\/v2\/product_cat?post=17377"},{"taxonomy":"product_tag","embeddable":true,"href":"https:\/\/wire-processor.eu\/cs\/wp-json\/wp\/v2\/product_tag?post=17377"}],"curies":[{"name":"wp","href":"https:\/\/api.w.org\/{rel}","templated":true}]}}