{"id":13183,"date":"2019-01-05T21:02:53","date_gmt":"2019-01-05T20:02:53","guid":{"rendered":"https:\/\/wire-processor.eu\/?page_id=13183"},"modified":"2022-12-31T13:09:44","modified_gmt":"2022-12-31T12:09:44","slug":"privacy-policy","status":"publish","type":"page","link":"https:\/\/wire-processor.eu\/en\/privacy-policy\/","title":{"rendered":"Privacy Policy"},"content":{"rendered":"<p style=\"text-align: center;\"><strong>INFORMACJE DOTYCZ\u0104CE DANYCH OSOBOWYCH<\/strong><\/p>\n<p>Informujemy, ze administratorem Pa\u0144stwa danych osobowych jest\u00a0 ITS-AIM s.r.o., Hlucholazsk\u00e1 58, Mikulovice 79084, \u010cesk\u00e1 republika. To oznacza, ze odpowiadamy za wykorzystanie danych w spos\u00f3b bezpieczny, zgodny z umow\u0105 oraz obowi\u0105zuj\u0105cymi przepisami.<\/p>\n<p style=\"text-align: center;\"><strong>\u00a7 1<\/strong><\/p>\n<p style=\"text-align: center;\"><strong>Dane osobowe b\u0119d\u0105 przetwarzane przez\u00a0 ITS &#8211; AIM s.r.o. w szczeg\u00f3lno\u015bci:<\/strong><\/p>\n<p>1.Na podstawie art.6 ust. 1 lit. b i lit. c RODO w celu:<\/p>\n<p>a. Podj\u0119cia dzia\u0142a\u0144 przed zawarciem umowy na \u017c\u0105danie osoby, kt\u00f3rej dane dotycz\u0105 lub wykonania umowy, kt\u00f3rej stron\u0105 jest osoba , kt\u00f3rej dane dotycz\u0105 ( dane niezb\u0119dne do zawarcia umowy s\u0105 wskazane na formularzu umowy ),<\/p>\n<p>b. Wype\u0142nienie obowi\u0105zku prawnego ci\u0105\u017c\u0105cego na Administratorze;<\/p>\n<p>2. Na podstawie prawnie uzasadnionego interesu<strong> ITS &#8211; AIM s.r.o.<\/strong> , tj. na podstawie art. 6 ust. 1, lit. f RODO w celu:<\/p>\n<p>a. Marketingu produkt\u00f3w lub us\u0142ug w\u0142asnych, w tym spersonalizowanych na podstawie profilu klienta,<\/p>\n<p>b. Organizowania i przeprowadzania konkurs\u00f3w oraz innych akcji marketingowych,<\/p>\n<p>c. Dochodzenia lub zabezpieczenia roszcze\u0144,<\/p>\n<p>d. Prowadzenia analiz jako\u015bci technicznej \u015bwiadczonych us\u0142ug i sprz\u0119tu.<\/p>\n<p>e. Wykonywania ci\u0105\u017c\u0105cych na nas obowi\u0105zk\u00f3w prawnych, np.:<\/p>\n<p>f. Wystawienie i przechowywanie faktur oraz dokument\u00f3w ksi\u0119gowych ,<\/p>\n<p>g. Udzielania odpowiedzi na reklamacje w terminie i formie przewidzianych przepisami,<\/p>\n<p style=\"text-align: center;\"><strong>\u00a7 2<\/strong><\/p>\n<p style=\"text-align: center;\"><strong>Z danych potrzebnych do realizacji obowi\u0105zk\u00f3w prawnych b\u0119dziemy korzysta\u0107 :<\/strong><\/p>\n<p>a. Przez czas wykonywania obowi\u0105zk\u00f3w np. wystawienia faktury ( podstawa prawna: art. 6 ust. 1 c RODO,<\/p>\n<p>b. Przez czas, w kt\u00f3rym przepisy nakazuj\u0105 na przechowywa\u0107 dane, np. podatkowe.<\/p>\n<p>c. Przez czas, w kt\u00f3rym mo\u017cemy ponie\u015b\u0107 konsekwencje prawne niewykonania obowi\u0105zku, np. otrzyma\u0107 kar\u0119 finansow\u0105 od urz\u0119d\u00f3w pa\u0144stwowych ( podstawa prawna: art. 6 ust. 1 lit 1 f RODO ),<\/p>\n<p>d. Wykrywania nadu\u017cy\u0107 i zapobiegania im \u2013 przez czas trwania umowy a nast\u0119pnie przez okres , po kt\u00f3rym si\u0119 przedawniaj\u0105 roszczenia wynikaj\u0105ce z \u0142\u0105cz\u0105cej z klientem umowy, a w przypadku dochodzenia przez nas roszcze\u0144 lub zawiadamiania w\u0142a\u015bciwych organ\u00f3w &#8211; przez czas trwania takich post\u0119powa\u0144 ( podstawa prawna : nasz prawnie uzasadniony interes),<\/p>\n<p>e. Ustalenia, obrony i dochodzenia roszcze\u0144, co obejmuje m.in. sprzeda\u017c naszych wierzytelno\u015bci z umowy innemu podmiotowi \u2013 przez okres, po kt\u00f3rym przedawniaj\u0105 si\u0119 roszczenia wynikaj\u0105ce z umowy ( podstawa prawna : nasz prawnie uzasadniony interes),<\/p>\n<p>f. Tworzenia zestawie\u0144, analiz statystyk na nasze potrzeby wewn\u0119trzne, obejmuje to w szczeg\u00f3lno\u015bci raportowanie, badania marketingowe, planowanie rozwoju us\u0142ug, prace rozwojowe w systemach informatycznych \u2013 przez czas trwania umowy, a nast\u0119pnie nie d\u0142u\u017cej ni\u017c przez okres, po kt\u00f3rym si\u0119 przedawniaj\u0105 si\u0119 roszczenia wynikaj\u0105ce z umowy ( podstawa prawna: nasz prawnie uzasadniony interes ),<\/p>\n<p>g. Weryfikacji wiarygodno\u015bci p\u0142atniczej \u2013 przez okres niezb\u0119dny do dokonania takiej oceny przy zawarciu, przed\u0142u\u017ceniu lub rozszerzeniu zakresu tej lub kolejnej umowy oraz do rozpatrywania zwi\u0105zanych z tym reklamacji ( podstawa prawna: wykonanie umowy ) dotyczy to tak\u017ce danych uzyskanych przez nas z innych \u017ar\u00f3de\u0142.<\/p>\n<p style=\"text-align: center;\"><strong>\u00a7 3<\/strong><\/p>\n<p style=\"text-align: center;\"><strong>Okres, przez kt\u00f3ry dane osobowe b\u0119d\u0105 przetwarzane<\/strong><\/p>\n<p style=\"text-align: left;\">1. Dane osobowe przetwarzane w celu zawarcia lub wykonania umowy oraz wype\u0142nienia obowi\u0105zku prawnego Administratora b\u0119d\u0105 przechowywane przez okres obowi\u0105zywania umowy, a po jego up\u0142ywie przez okres niezb\u0119dny do:<\/p>\n<p>a. Posprzeda\u017cowej obs\u0142ugi klient\u00f3w ( np. obs\u0142uga reklamacji),<\/p>\n<p>b. Zabezpieczenia lub dochodzenia ewentualnych roszcze\u0144 przys\u0142uguj\u0105cych ITS &#8211; AIM s.r.o.,<\/p>\n<p>c. Wype\u0142nienia obowi\u0105zku prawnego Administratora ( np. wynikaj\u0105cego z przepis\u00f3w podatkowych lub rachunkowych);<\/p>\n<p>2. Dane osobowe przetwarzane na potrzeby marketingu produkt\u00f3w lub us\u0142ug w\u0142asnych, na postawie uzasadnionego interesu prawnego, b\u0119d\u0105 przetwarzane do czasu zg\u0142oszenia sprzeciwu przez osob\u0119, kt\u00f3rej dane dotycz\u0105;<\/p>\n<p>3. Dane osobowe przetwarzane na podstawie odr\u0119bnej zgody b\u0119d\u0105 przechowywane do czasu jej odwo\u0142ania.<\/p>\n<p style=\"text-align: center;\"><strong>\u00a7 4<\/strong><\/p>\n<p style=\"text-align: center;\"><strong>Prawa osoby, kt\u00f3rej dotycz\u0105 dane osobowe.<\/strong><\/p>\n<p>1.Prawo dost\u0119pu do tre\u015bci swoich danych osobowych, czyli prawo do uzyskania potwierdzenia czy Administrator przetwarza dane oraz informacji dotycz\u0105cych takiego przetwarzania,<\/p>\n<p>2. Prawo do sprostowania danych, je\u017celi dane przetwarzane przez Administratora s\u0105 nieprawid\u0142owe lub niekompletne,<\/p>\n<p>3. Prawo do \u017c\u0105dania od Administratora usuni\u0119cia danych,<\/p>\n<p>4. Prawo \u017c\u0105dania od Administratora ograniczenia przetwarzania danych,<\/p>\n<p>5. Prawo do przenoszenia danych, czyli prawo do otrzymania dostarczonych Administratorowi danych osobowych oraz przes\u0142ania ich innemu administratorowi,<\/p>\n<p>6. Prawo wniesienia sprzeciwu wobec przetwarzania danych na podstawie uzasadnionego interesu Administratora lub wobec przetwarzania w celu marketingu bezpo\u015bredniego,<\/p>\n<p>7. Prawo wniesienia skargi do polskiego organu nadzorczego lub organu nadzorczego innego pa\u0144stwa cz\u0142onkowskiego Unii Europejskiej, w\u0142a\u015bciwego ze wzgl\u0119du na miejsce zwyk\u0142ego pobytu lub pracy osoby, kt\u00f3rej dane dotycz\u0105 lub ze wzgl\u0119du na miejsce domniemanego naruszenia RODO,<\/p>\n<p>8. Prawo do cofni\u0119cia zgody w dowolnym momencie ( bez wp\u0142ywu na zgodno\u015b\u0107 z prawem przetwarzania, kt\u00f3rego dokonano na podstawie zgody przed jej cofni\u0119ciem),<\/p>\n<p>9. Prawo do uzyskania interwencji ludzkiej ze strony Administratora, wyra\u017ceniu w\u0142asnego stanowiska i do zakwestionowania decyzji opartej na zautomatyzowanym przetwarzaniu danych<\/p>\n<p>10. Prawa wymienione w punktach 1-9 mo\u017cna zrealizowa\u0107 przez kontakt z Administratorem tj.\u00a0\u00a0<strong>ITS &#8211; AIM s.r.o. <\/strong>, tel.<strong> + 48886 788 660 <\/strong>e-mail:<strong> bh@wire-processor.eu<\/strong><\/p>\n<p style=\"text-align: center;\"><strong>\u00a7 5<\/strong><\/p>\n<p style=\"text-align: center;\"><strong>Cookies<\/strong><\/p>\n<p>W celu dostosowania tre\u015bci i us\u0142ug dost\u0119pnych za po\u015brednictwem portalu\u00a0wire-processor.eu do indywidualnych potrzeb i zainteresowa\u0144 U\u017cytkownik\u00f3w, Administrator u\u017cywa tzw. cookies, czyli kr\u00f3tkich informacji tekstowych zapisywanych na komputerze U\u017cytkownika, kt\u00f3re serwer mo\u017ce odczyta\u0107 przy ka\u017cdorazowym po\u0142\u0105czeniu si\u0119 z tego komputera. Cookies dostarczaj\u0105 danych statystycznych o ruchu U\u017cytkownik\u00f3w i korzystaniu przez nich z poszczeg\u00f3lnych stron portalu oraz umo\u017cliwiaj\u0105 sprawne identyfikowanie U\u017cytkownika i jego preferencji, co pozwala na poznanie jego zachowa\u0144 i zainteresowa\u0144. U\u017cytkownik mo\u017ce w ka\u017cdej chwili wy\u0142\u0105czy\u0107 w swojej przegl\u0105darce opcj\u0119 przyjmowania cookies, jednak\u017ce wy\u0142\u0105czenie cookies mo\u017ce spowodowa\u0107 utrudnienia czy wr\u0119cz uniemo\u017cliwi\u0107 korzystanie z niniejszego portalu. W wielu przypadkach oprogramowanie s\u0142u\u017c\u0105ce do przegl\u0105dania stron internetowych (przegl\u0105darka internetowa) domy\u015blnie dopuszcza przechowywanie plik\u00f3w cookies w urz\u0105dzeniu ko\u0144cowym U\u017cytkownika. U\u017cytkownicy strony internetowej wire-processor.eu mog\u0105 dokona\u0107 w ka\u017cdym czasie zmiany ustawie\u0144 dotycz\u0105cych plik\u00f3w cookies. Ustawienia te mog\u0105 zosta\u0107 zmienione w szczeg\u00f3lno\u015bci w taki spos\u00f3b, aby blokowa\u0107 automatyczn\u0105 obs\u0142ug\u0119 plik\u00f3w cookies w ustawieniach przegl\u0105darki internetowej b\u0105d\u017a informowa\u0107 o ich ka\u017cdorazowym zamieszczeniu w urz\u0105dzeniu U\u017cytkownika strony internetowej wire-processor.eu . Szczeg\u00f3\u0142owe informacje o mo\u017cliwo\u015bci i sposobach obs\u0142ugi plik\u00f3w cookies dost\u0119pne s\u0105 w ustawieniach oprogramowania (przegl\u0105darki internetowej).<\/p>\n<p>https:\/\/support.microsoft.com\/pl-pl\/help\/17442\/windows-internet-explorer-delete-manage-cookies<br \/>\nhttps:\/\/support.google.com\/chrome\/answer\/95647?co=GENIE.Platform%3DDesktop&#038;hl=pl<br \/>\nhttps:\/\/support.mozilla.org\/pl\/kb\/usuwanie-ciasteczek<br \/>\nhttps:\/\/support.apple.com\/kb\/ph21411?locale=pl_PL<br \/>\nhttp:\/\/help.opera.com\/Windows\/12.10\/pl\/cookies.htmlhttps:\/\/support.mozilla.org\/pl\/kb\/usuwanie-ciasteczek<\/p>\n<p style=\"text-align: center;\"><strong>\u00a7 6<\/strong><\/p>\n<p style=\"text-align: center;\"><strong>Skarga<\/strong><\/p>\n<p>Maj\u0105 Pa\u0144stwo prawo wnie\u015b\u0107 skarg\u0119 do Prezesa Urz\u0119du Ochrony Danych Osobowych, je\u017celi uwa\u017caj\u0105 Pa\u0144stwo, \u017ce przetwarzanie Pa\u0144stwa danych osobowych narusza przepisy prawa.<\/p>\n<ul>\n<li>Rozporz\u0105dzenie Parlamentu Europejskiego i Rady (UE) 2016\/679 z dnia 27 kwietnia 2016r w sprawie ochrony os\u00f3b fizycznych w zwi\u0105zku z przetwarzaniem danych osobowych i w sprawie swobodnego przep\u0142ywu takich danych oraz uchylenia dyrektywy 95.46\/WE (og\u00f3lne rozporz\u0105dzenie o ochronie danych).<\/li>\n<\/ul>\n","protected":false},"excerpt":{"rendered":"<p>INFORMACJE DOTYCZ\u0104CE DANYCH OSOBOWYCH Informujemy, ze administratorem Pa\u0144stwa danych osobowych jest\u00a0 ITS-AIM s.r.o., Hlucholazsk\u00e1 58, Mikulovice 79084, \u010cesk\u00e1 republika. To oznacza, ze odpowiadamy za wykorzystanie danych w spos\u00f3b bezpieczny, zgodny z umow\u0105 oraz obowi\u0105zuj\u0105cymi przepisami. \u00a7 1 Dane osobowe b\u0119d\u0105 przetwarzane przez\u00a0 ITS &#8211; AIM s.r.o. w szczeg\u00f3lno\u015bci: 1.Na podstawie art.6 ust. 1 lit. b<\/p>\n","protected":false},"author":5,"featured_media":0,"parent":0,"menu_order":0,"comment_status":"closed","ping_status":"closed","template":"","meta":{"footnotes":""},"class_list":["post-13183","page","type-page","status-publish","hentry"],"yoast_head":"<!-- This site is optimized with the Yoast SEO plugin v26.3 - https:\/\/yoast.com\/wordpress\/plugins\/seo\/ -->\n<title>Privacy Policy - Wire processor<\/title>\n<meta name=\"robots\" content=\"noindex, nofollow\" \/>\n<meta property=\"og:locale\" content=\"en_US\" \/>\n<meta property=\"og:type\" content=\"article\" \/>\n<meta property=\"og:title\" content=\"Privacy Policy - Wire processor\" \/>\n<meta property=\"og:description\" content=\"INFORMACJE DOTYCZ\u0104CE DANYCH OSOBOWYCH Informujemy, ze administratorem Pa\u0144stwa danych osobowych jest\u00a0 ITS-AIM s.r.o., Hlucholazsk\u00e1 58, Mikulovice 79084, \u010cesk\u00e1 republika. To oznacza, ze odpowiadamy za wykorzystanie danych w spos\u00f3b bezpieczny, zgodny z umow\u0105 oraz obowi\u0105zuj\u0105cymi przepisami. \u00a7 1 Dane osobowe b\u0119d\u0105 przetwarzane przez\u00a0 ITS &#8211; AIM s.r.o. w szczeg\u00f3lno\u015bci: 1.Na podstawie art.6 ust. 1 lit. b\" \/>\n<meta property=\"og:url\" content=\"https:\/\/wire-processor.eu\/en\/privacy-policy\/\" \/>\n<meta property=\"og:site_name\" content=\"Wire processor\" \/>\n<meta property=\"article:modified_time\" content=\"2022-12-31T12:09:44+00:00\" \/>\n<meta name=\"twitter:card\" content=\"summary_large_image\" \/>\n<meta name=\"twitter:label1\" content=\"Est. reading time\" \/>\n\t<meta name=\"twitter:data1\" content=\"6 minutes\" \/>\n<script type=\"application\/ld+json\" class=\"yoast-schema-graph\">{\"@context\":\"https:\/\/schema.org\",\"@graph\":[{\"@type\":\"WebPage\",\"@id\":\"https:\/\/wire-processor.eu\/en\/privacy-policy\/\",\"url\":\"https:\/\/wire-processor.eu\/en\/privacy-policy\/\",\"name\":\"Privacy Policy - Wire processor\",\"isPartOf\":{\"@id\":\"https:\/\/wire-processor.eu\/en\/#website\"},\"datePublished\":\"2019-01-05T20:02:53+00:00\",\"dateModified\":\"2022-12-31T12:09:44+00:00\",\"breadcrumb\":{\"@id\":\"https:\/\/wire-processor.eu\/en\/privacy-policy\/#breadcrumb\"},\"inLanguage\":\"en-US\",\"potentialAction\":[{\"@type\":\"ReadAction\",\"target\":[\"https:\/\/wire-processor.eu\/en\/privacy-policy\/\"]}]},{\"@type\":\"BreadcrumbList\",\"@id\":\"https:\/\/wire-processor.eu\/en\/privacy-policy\/#breadcrumb\",\"itemListElement\":[{\"@type\":\"ListItem\",\"position\":1,\"name\":\"Strona g\u0142\u00f3wna\",\"item\":\"https:\/\/wire-processor.eu\/en\/\"},{\"@type\":\"ListItem\",\"position\":2,\"name\":\"Privacy Policy\"}]},{\"@type\":\"WebSite\",\"@id\":\"https:\/\/wire-processor.eu\/en\/#website\",\"url\":\"https:\/\/wire-processor.eu\/en\/\",\"name\":\"Wire processor\",\"description\":\"Maszyny do obr\u00f3bki przewod\u00f3w\",\"publisher\":{\"@id\":\"https:\/\/wire-processor.eu\/en\/#organization\"},\"potentialAction\":[{\"@type\":\"SearchAction\",\"target\":{\"@type\":\"EntryPoint\",\"urlTemplate\":\"https:\/\/wire-processor.eu\/en\/?s={search_term_string}\"},\"query-input\":{\"@type\":\"PropertyValueSpecification\",\"valueRequired\":true,\"valueName\":\"search_term_string\"}}],\"inLanguage\":\"en-US\"},{\"@type\":\"Organization\",\"@id\":\"https:\/\/wire-processor.eu\/en\/#organization\",\"name\":\"Wire processor - maszyny do przewod\u00f3w\",\"url\":\"https:\/\/wire-processor.eu\/en\/\",\"logo\":{\"@type\":\"ImageObject\",\"inLanguage\":\"en-US\",\"@id\":\"https:\/\/wire-processor.eu\/en\/#\/schema\/logo\/image\/\",\"url\":\"https:\/\/wire-processor.eu\/wp-content\/uploads\/2018\/04\/Bozwang-_logo_producent1.png\",\"contentUrl\":\"https:\/\/wire-processor.eu\/wp-content\/uploads\/2018\/04\/Bozwang-_logo_producent1.png\",\"width\":250,\"height\":33,\"caption\":\"Wire processor - maszyny do przewod\u00f3w\"},\"image\":{\"@id\":\"https:\/\/wire-processor.eu\/en\/#\/schema\/logo\/image\/\"}}]}<\/script>\n<!-- \/ Yoast SEO plugin. -->","yoast_head_json":{"title":"Privacy Policy - Wire processor","robots":{"index":"noindex","follow":"nofollow"},"og_locale":"en_US","og_type":"article","og_title":"Privacy Policy - Wire processor","og_description":"INFORMACJE DOTYCZ\u0104CE DANYCH OSOBOWYCH Informujemy, ze administratorem Pa\u0144stwa danych osobowych jest\u00a0 ITS-AIM s.r.o., Hlucholazsk\u00e1 58, Mikulovice 79084, \u010cesk\u00e1 republika. To oznacza, ze odpowiadamy za wykorzystanie danych w spos\u00f3b bezpieczny, zgodny z umow\u0105 oraz obowi\u0105zuj\u0105cymi przepisami. \u00a7 1 Dane osobowe b\u0119d\u0105 przetwarzane przez\u00a0 ITS &#8211; AIM s.r.o. w szczeg\u00f3lno\u015bci: 1.Na podstawie art.6 ust. 1 lit. b","og_url":"https:\/\/wire-processor.eu\/en\/privacy-policy\/","og_site_name":"Wire processor","article_modified_time":"2022-12-31T12:09:44+00:00","twitter_card":"summary_large_image","twitter_misc":{"Est. reading time":"6 minutes"},"schema":{"@context":"https:\/\/schema.org","@graph":[{"@type":"WebPage","@id":"https:\/\/wire-processor.eu\/en\/privacy-policy\/","url":"https:\/\/wire-processor.eu\/en\/privacy-policy\/","name":"Privacy Policy - Wire processor","isPartOf":{"@id":"https:\/\/wire-processor.eu\/en\/#website"},"datePublished":"2019-01-05T20:02:53+00:00","dateModified":"2022-12-31T12:09:44+00:00","breadcrumb":{"@id":"https:\/\/wire-processor.eu\/en\/privacy-policy\/#breadcrumb"},"inLanguage":"en-US","potentialAction":[{"@type":"ReadAction","target":["https:\/\/wire-processor.eu\/en\/privacy-policy\/"]}]},{"@type":"BreadcrumbList","@id":"https:\/\/wire-processor.eu\/en\/privacy-policy\/#breadcrumb","itemListElement":[{"@type":"ListItem","position":1,"name":"Strona g\u0142\u00f3wna","item":"https:\/\/wire-processor.eu\/en\/"},{"@type":"ListItem","position":2,"name":"Privacy Policy"}]},{"@type":"WebSite","@id":"https:\/\/wire-processor.eu\/en\/#website","url":"https:\/\/wire-processor.eu\/en\/","name":"Wire processor","description":"Maszyny do obr\u00f3bki przewod\u00f3w","publisher":{"@id":"https:\/\/wire-processor.eu\/en\/#organization"},"potentialAction":[{"@type":"SearchAction","target":{"@type":"EntryPoint","urlTemplate":"https:\/\/wire-processor.eu\/en\/?s={search_term_string}"},"query-input":{"@type":"PropertyValueSpecification","valueRequired":true,"valueName":"search_term_string"}}],"inLanguage":"en-US"},{"@type":"Organization","@id":"https:\/\/wire-processor.eu\/en\/#organization","name":"Wire processor - maszyny do przewod\u00f3w","url":"https:\/\/wire-processor.eu\/en\/","logo":{"@type":"ImageObject","inLanguage":"en-US","@id":"https:\/\/wire-processor.eu\/en\/#\/schema\/logo\/image\/","url":"https:\/\/wire-processor.eu\/wp-content\/uploads\/2018\/04\/Bozwang-_logo_producent1.png","contentUrl":"https:\/\/wire-processor.eu\/wp-content\/uploads\/2018\/04\/Bozwang-_logo_producent1.png","width":250,"height":33,"caption":"Wire processor - maszyny do przewod\u00f3w"},"image":{"@id":"https:\/\/wire-processor.eu\/en\/#\/schema\/logo\/image\/"}}]}},"_links":{"self":[{"href":"https:\/\/wire-processor.eu\/en\/wp-json\/wp\/v2\/pages\/13183","targetHints":{"allow":["GET"]}}],"collection":[{"href":"https:\/\/wire-processor.eu\/en\/wp-json\/wp\/v2\/pages"}],"about":[{"href":"https:\/\/wire-processor.eu\/en\/wp-json\/wp\/v2\/types\/page"}],"author":[{"embeddable":true,"href":"https:\/\/wire-processor.eu\/en\/wp-json\/wp\/v2\/users\/5"}],"replies":[{"embeddable":true,"href":"https:\/\/wire-processor.eu\/en\/wp-json\/wp\/v2\/comments?post=13183"}],"version-history":[{"count":5,"href":"https:\/\/wire-processor.eu\/en\/wp-json\/wp\/v2\/pages\/13183\/revisions"}],"predecessor-version":[{"id":13827,"href":"https:\/\/wire-processor.eu\/en\/wp-json\/wp\/v2\/pages\/13183\/revisions\/13827"}],"wp:attachment":[{"href":"https:\/\/wire-processor.eu\/en\/wp-json\/wp\/v2\/media?parent=13183"}],"curies":[{"name":"wp","href":"https:\/\/api.w.org\/{rel}","templated":true}]}}