{"id":13473,"date":"2018-04-28T21:33:35","date_gmt":"2018-04-28T19:33:35","guid":{"rendered":"https:\/\/wire-processor.eu\/oferta\/uncategorized\/bzw-882d-computerized-cutting-and-stripping-machine\/"},"modified":"2019-07-19T19:49:17","modified_gmt":"2019-07-19T17:49:17","slug":"bzw-882d-computerized-cutting-and-stripping-machine","status":"publish","type":"product","link":"https:\/\/wire-processor.eu\/en\/oferta\/bzw-882d-computerized-cutting-and-stripping-machine\/","title":{"rendered":"BZW-882D Computerized cutting and stripping machine"},"content":{"rendered":"","protected":false},"excerpt":{"rendered":"<ul>\n<li>Cutting length: 1 mm &#8211; 99999 mm<\/li>\n<li>Middle stripping: 4 stripping positions in the middle.<\/li>\n<li>Cutting tolerance: 0,002 x L mm (within) x L= cutting length<\/li>\n<li>Stripping length: wire head: 0 &#8211; 30mm, wire end: 0 &#8211; 15mm<\/li>\n<li>Applicable wire core area: 0,1- 6,0 mm\u00b2 (AWG 30#-10#)<\/li>\n<li>Applicable wire: plastic, PVC, Teflon, glass materials wire.<\/li>\n<li>Max. Guide bushing diameter: 10<\/li>\n<li>Blade materials: hard tungsten steel (long service time)<\/li>\n<li>Stripping capacity per hour: within length 100 mm, 7000 &#8211; 3000 pieces<\/li>\n<li>Output speed: Express<\/li>\n<li>Wire outer diameter adjustment: needed<\/li>\n<li>Stripping quality: excellent<\/li>\n<li>Wheel clamping force adjustment: have<\/li>\n<li>Speed adjusting rates: 0 &#8211; 9<\/li>\n<li>Stripping pressure adjustment: adjustable<\/li>\n<li>Drive: 4 Wheels driving<\/li>\n<li>Feedback from customer: extremely good<\/li>\n<li>Outer dimension: 420 x 340 x 280 mm<\/li>\n<li>Weight: 28 kg<\/li>\n<li>Power supply: AC220V\/50Hz (optional AC110V\/60Hz)<\/li>\n<li>Power: 200 W<\/li>\n<\/ul>\n","protected":false},"featured_media":14800,"template":"","meta":[],"product_brand":[],"product_cat":[133],"product_tag":[509,508],"class_list":{"0":"post-13473","1":"product","2":"type-product","3":"status-publish","4":"has-post-thumbnail","6":"product_cat-automatic-wire-cutting-and-stripping-machines","7":"product_tag-stripping-machine","8":"product_tag-wire-cutting","10":"first","11":"instock","12":"featured","13":"shipping-taxable","14":"product-type-simple"},"yoast_head":"<!-- This site is optimized with the Yoast SEO plugin v26.3 - https:\/\/yoast.com\/wordpress\/plugins\/seo\/ -->\n<title>BZW-882D Computerized cutting and stripping machine - Wire processor<\/title>\n<meta name=\"description\" content=\"BZW-882D automat do sk\u00f3rowania, p\u00f3\u0142sk\u00f3rowania, sk\u00f3rowania wewn\u0119trznego, ci\u0119cia przewod\u00f3w. Wysoka wydjano\u015b\u0107 maszyny do obr\u00f3bki przewod\u00f3w. Zobacz wideo.\" \/>\n<meta name=\"robots\" content=\"index, follow, max-snippet:-1, max-image-preview:large, max-video-preview:-1\" \/>\n<link rel=\"canonical\" href=\"https:\/\/wire-processor.eu\/en\/oferta\/bzw-882d-computerized-cutting-and-stripping-machine\/\" \/>\n<meta property=\"og:locale\" content=\"en_US\" \/>\n<meta property=\"og:type\" content=\"article\" \/>\n<meta property=\"og:title\" content=\"BZW-882D Computerized cutting and stripping machine - Wire processor\" \/>\n<meta property=\"og:description\" content=\"BZW-882D automat do sk\u00f3rowania, p\u00f3\u0142sk\u00f3rowania, sk\u00f3rowania wewn\u0119trznego, ci\u0119cia przewod\u00f3w. Wysoka wydjano\u015b\u0107 maszyny do obr\u00f3bki przewod\u00f3w. Zobacz wideo.\" \/>\n<meta property=\"og:url\" content=\"https:\/\/wire-processor.eu\/en\/oferta\/bzw-882d-computerized-cutting-and-stripping-machine\/\" \/>\n<meta property=\"og:site_name\" content=\"Wire processor\" \/>\n<meta property=\"article:modified_time\" content=\"2019-07-19T17:49:17+00:00\" \/>\n<meta property=\"og:image\" content=\"https:\/\/wire-processor.eu\/wp-content\/uploads\/2018\/04\/bzw-882d-5.jpg\" \/>\n\t<meta property=\"og:image:width\" content=\"800\" \/>\n\t<meta property=\"og:image:height\" content=\"800\" \/>\n\t<meta property=\"og:image:type\" content=\"image\/jpeg\" \/>\n<meta name=\"twitter:card\" content=\"summary_large_image\" \/>\n<script type=\"application\/ld+json\" class=\"yoast-schema-graph\">{\"@context\":\"https:\/\/schema.org\",\"@graph\":[{\"@type\":\"WebPage\",\"@id\":\"https:\/\/wire-processor.eu\/en\/oferta\/bzw-882d-computerized-cutting-and-stripping-machine\/\",\"url\":\"https:\/\/wire-processor.eu\/en\/oferta\/bzw-882d-computerized-cutting-and-stripping-machine\/\",\"name\":\"BZW-882D Computerized cutting and stripping machine - Wire processor\",\"isPartOf\":{\"@id\":\"https:\/\/wire-processor.eu\/en\/#website\"},\"primaryImageOfPage\":{\"@id\":\"https:\/\/wire-processor.eu\/en\/oferta\/bzw-882d-computerized-cutting-and-stripping-machine\/#primaryimage\"},\"image\":{\"@id\":\"https:\/\/wire-processor.eu\/en\/oferta\/bzw-882d-computerized-cutting-and-stripping-machine\/#primaryimage\"},\"thumbnailUrl\":\"https:\/\/wire-processor.eu\/wp-content\/uploads\/2018\/04\/bzw-882d-5.jpg\",\"datePublished\":\"2018-04-28T19:33:35+00:00\",\"dateModified\":\"2019-07-19T17:49:17+00:00\",\"description\":\"BZW-882D automat do sk\u00f3rowania, p\u00f3\u0142sk\u00f3rowania, sk\u00f3rowania wewn\u0119trznego, ci\u0119cia przewod\u00f3w. Wysoka wydjano\u015b\u0107 maszyny do obr\u00f3bki przewod\u00f3w. Zobacz wideo.\",\"breadcrumb\":{\"@id\":\"https:\/\/wire-processor.eu\/en\/oferta\/bzw-882d-computerized-cutting-and-stripping-machine\/#breadcrumb\"},\"inLanguage\":\"en-US\",\"potentialAction\":[{\"@type\":\"ReadAction\",\"target\":[\"https:\/\/wire-processor.eu\/en\/oferta\/bzw-882d-computerized-cutting-and-stripping-machine\/\"]}]},{\"@type\":\"ImageObject\",\"inLanguage\":\"en-US\",\"@id\":\"https:\/\/wire-processor.eu\/en\/oferta\/bzw-882d-computerized-cutting-and-stripping-machine\/#primaryimage\",\"url\":\"https:\/\/wire-processor.eu\/wp-content\/uploads\/2018\/04\/bzw-882d-5.jpg\",\"contentUrl\":\"https:\/\/wire-processor.eu\/wp-content\/uploads\/2018\/04\/bzw-882d-5.jpg\",\"width\":800,\"height\":800,\"caption\":\"Computerized Cutting and Stripping Machine BZW-882D\"},{\"@type\":\"BreadcrumbList\",\"@id\":\"https:\/\/wire-processor.eu\/en\/oferta\/bzw-882d-computerized-cutting-and-stripping-machine\/#breadcrumb\",\"itemListElement\":[{\"@type\":\"ListItem\",\"position\":1,\"name\":\"Strona g\u0142\u00f3wna\",\"item\":\"https:\/\/wire-processor.eu\/en\/\"},{\"@type\":\"ListItem\",\"position\":2,\"name\":\"Offer\",\"item\":\"https:\/\/wire-processor.eu\/en\/offer\/\"},{\"@type\":\"ListItem\",\"position\":3,\"name\":\"BZW-882D Computerized cutting and stripping machine\"}]},{\"@type\":\"WebSite\",\"@id\":\"https:\/\/wire-processor.eu\/en\/#website\",\"url\":\"https:\/\/wire-processor.eu\/en\/\",\"name\":\"Wire processor\",\"description\":\"Maszyny do obr\u00f3bki przewod\u00f3w\",\"publisher\":{\"@id\":\"https:\/\/wire-processor.eu\/en\/#organization\"},\"potentialAction\":[{\"@type\":\"SearchAction\",\"target\":{\"@type\":\"EntryPoint\",\"urlTemplate\":\"https:\/\/wire-processor.eu\/en\/?s={search_term_string}\"},\"query-input\":{\"@type\":\"PropertyValueSpecification\",\"valueRequired\":true,\"valueName\":\"search_term_string\"}}],\"inLanguage\":\"en-US\"},{\"@type\":\"Organization\",\"@id\":\"https:\/\/wire-processor.eu\/en\/#organization\",\"name\":\"Wire processor - maszyny do przewod\u00f3w\",\"url\":\"https:\/\/wire-processor.eu\/en\/\",\"logo\":{\"@type\":\"ImageObject\",\"inLanguage\":\"en-US\",\"@id\":\"https:\/\/wire-processor.eu\/en\/#\/schema\/logo\/image\/\",\"url\":\"https:\/\/wire-processor.eu\/wp-content\/uploads\/2018\/04\/Bozwang-_logo_producent1.png\",\"contentUrl\":\"https:\/\/wire-processor.eu\/wp-content\/uploads\/2018\/04\/Bozwang-_logo_producent1.png\",\"width\":250,\"height\":33,\"caption\":\"Wire processor - maszyny do przewod\u00f3w\"},\"image\":{\"@id\":\"https:\/\/wire-processor.eu\/en\/#\/schema\/logo\/image\/\"}}]}<\/script>\n<!-- \/ Yoast SEO plugin. -->","yoast_head_json":{"title":"BZW-882D Computerized cutting and stripping machine - Wire processor","description":"BZW-882D automat do sk\u00f3rowania, p\u00f3\u0142sk\u00f3rowania, sk\u00f3rowania wewn\u0119trznego, ci\u0119cia przewod\u00f3w. Wysoka wydjano\u015b\u0107 maszyny do obr\u00f3bki przewod\u00f3w. Zobacz wideo.","robots":{"index":"index","follow":"follow","max-snippet":"max-snippet:-1","max-image-preview":"max-image-preview:large","max-video-preview":"max-video-preview:-1"},"canonical":"https:\/\/wire-processor.eu\/en\/oferta\/bzw-882d-computerized-cutting-and-stripping-machine\/","og_locale":"en_US","og_type":"article","og_title":"BZW-882D Computerized cutting and stripping machine - Wire processor","og_description":"BZW-882D automat do sk\u00f3rowania, p\u00f3\u0142sk\u00f3rowania, sk\u00f3rowania wewn\u0119trznego, ci\u0119cia przewod\u00f3w. Wysoka wydjano\u015b\u0107 maszyny do obr\u00f3bki przewod\u00f3w. Zobacz wideo.","og_url":"https:\/\/wire-processor.eu\/en\/oferta\/bzw-882d-computerized-cutting-and-stripping-machine\/","og_site_name":"Wire processor","article_modified_time":"2019-07-19T17:49:17+00:00","og_image":[{"width":800,"height":800,"url":"https:\/\/wire-processor.eu\/wp-content\/uploads\/2018\/04\/bzw-882d-5.jpg","type":"image\/jpeg"}],"twitter_card":"summary_large_image","schema":{"@context":"https:\/\/schema.org","@graph":[{"@type":"WebPage","@id":"https:\/\/wire-processor.eu\/en\/oferta\/bzw-882d-computerized-cutting-and-stripping-machine\/","url":"https:\/\/wire-processor.eu\/en\/oferta\/bzw-882d-computerized-cutting-and-stripping-machine\/","name":"BZW-882D Computerized cutting and stripping machine - Wire processor","isPartOf":{"@id":"https:\/\/wire-processor.eu\/en\/#website"},"primaryImageOfPage":{"@id":"https:\/\/wire-processor.eu\/en\/oferta\/bzw-882d-computerized-cutting-and-stripping-machine\/#primaryimage"},"image":{"@id":"https:\/\/wire-processor.eu\/en\/oferta\/bzw-882d-computerized-cutting-and-stripping-machine\/#primaryimage"},"thumbnailUrl":"https:\/\/wire-processor.eu\/wp-content\/uploads\/2018\/04\/bzw-882d-5.jpg","datePublished":"2018-04-28T19:33:35+00:00","dateModified":"2019-07-19T17:49:17+00:00","description":"BZW-882D automat do sk\u00f3rowania, p\u00f3\u0142sk\u00f3rowania, sk\u00f3rowania wewn\u0119trznego, ci\u0119cia przewod\u00f3w. Wysoka wydjano\u015b\u0107 maszyny do obr\u00f3bki przewod\u00f3w. Zobacz wideo.","breadcrumb":{"@id":"https:\/\/wire-processor.eu\/en\/oferta\/bzw-882d-computerized-cutting-and-stripping-machine\/#breadcrumb"},"inLanguage":"en-US","potentialAction":[{"@type":"ReadAction","target":["https:\/\/wire-processor.eu\/en\/oferta\/bzw-882d-computerized-cutting-and-stripping-machine\/"]}]},{"@type":"ImageObject","inLanguage":"en-US","@id":"https:\/\/wire-processor.eu\/en\/oferta\/bzw-882d-computerized-cutting-and-stripping-machine\/#primaryimage","url":"https:\/\/wire-processor.eu\/wp-content\/uploads\/2018\/04\/bzw-882d-5.jpg","contentUrl":"https:\/\/wire-processor.eu\/wp-content\/uploads\/2018\/04\/bzw-882d-5.jpg","width":800,"height":800,"caption":"Computerized Cutting and Stripping Machine BZW-882D"},{"@type":"BreadcrumbList","@id":"https:\/\/wire-processor.eu\/en\/oferta\/bzw-882d-computerized-cutting-and-stripping-machine\/#breadcrumb","itemListElement":[{"@type":"ListItem","position":1,"name":"Strona g\u0142\u00f3wna","item":"https:\/\/wire-processor.eu\/en\/"},{"@type":"ListItem","position":2,"name":"Offer","item":"https:\/\/wire-processor.eu\/en\/offer\/"},{"@type":"ListItem","position":3,"name":"BZW-882D Computerized cutting and stripping machine"}]},{"@type":"WebSite","@id":"https:\/\/wire-processor.eu\/en\/#website","url":"https:\/\/wire-processor.eu\/en\/","name":"Wire processor","description":"Maszyny do obr\u00f3bki przewod\u00f3w","publisher":{"@id":"https:\/\/wire-processor.eu\/en\/#organization"},"potentialAction":[{"@type":"SearchAction","target":{"@type":"EntryPoint","urlTemplate":"https:\/\/wire-processor.eu\/en\/?s={search_term_string}"},"query-input":{"@type":"PropertyValueSpecification","valueRequired":true,"valueName":"search_term_string"}}],"inLanguage":"en-US"},{"@type":"Organization","@id":"https:\/\/wire-processor.eu\/en\/#organization","name":"Wire processor - maszyny do przewod\u00f3w","url":"https:\/\/wire-processor.eu\/en\/","logo":{"@type":"ImageObject","inLanguage":"en-US","@id":"https:\/\/wire-processor.eu\/en\/#\/schema\/logo\/image\/","url":"https:\/\/wire-processor.eu\/wp-content\/uploads\/2018\/04\/Bozwang-_logo_producent1.png","contentUrl":"https:\/\/wire-processor.eu\/wp-content\/uploads\/2018\/04\/Bozwang-_logo_producent1.png","width":250,"height":33,"caption":"Wire processor - maszyny do przewod\u00f3w"},"image":{"@id":"https:\/\/wire-processor.eu\/en\/#\/schema\/logo\/image\/"}}]}},"_links":{"self":[{"href":"https:\/\/wire-processor.eu\/en\/wp-json\/wp\/v2\/product\/13473","targetHints":{"allow":["GET"]}}],"collection":[{"href":"https:\/\/wire-processor.eu\/en\/wp-json\/wp\/v2\/product"}],"about":[{"href":"https:\/\/wire-processor.eu\/en\/wp-json\/wp\/v2\/types\/product"}],"wp:featuredmedia":[{"embeddable":true,"href":"https:\/\/wire-processor.eu\/en\/wp-json\/wp\/v2\/media\/14800"}],"wp:attachment":[{"href":"https:\/\/wire-processor.eu\/en\/wp-json\/wp\/v2\/media?parent=13473"}],"wp:term":[{"taxonomy":"product_brand","embeddable":true,"href":"https:\/\/wire-processor.eu\/en\/wp-json\/wp\/v2\/product_brand?post=13473"},{"taxonomy":"product_cat","embeddable":true,"href":"https:\/\/wire-processor.eu\/en\/wp-json\/wp\/v2\/product_cat?post=13473"},{"taxonomy":"product_tag","embeddable":true,"href":"https:\/\/wire-processor.eu\/en\/wp-json\/wp\/v2\/product_tag?post=13473"}],"curies":[{"name":"wp","href":"https:\/\/api.w.org\/{rel}","templated":true}]}}