{"id":14672,"date":"2020-12-29T21:09:53","date_gmt":"2020-12-29T20:09:53","guid":{"rendered":"https:\/\/wire-processor.eu\/oferta\/bzw-882dj-servo-wire-cutting-and-stripping-machine-its-prv380p-w-wire-printer\/"},"modified":"2024-03-20T13:48:31","modified_gmt":"2024-03-20T12:48:31","slug":"bzw-882dj-servo-wire-cutting-and-stripping-machine-its-prv380p-w-wire-printer","status":"publish","type":"product","link":"https:\/\/wire-processor.eu\/en\/oferta\/bzw-882dj-servo-wire-cutting-and-stripping-machine-its-prv380p-w-wire-printer\/","title":{"rendered":"Automatic wire cutting and stripping machine BZW-882DJ + wire printer ITS-PRV380P-W"},"content":{"rendered":"<h2>Automatic wire cutting and stripping machine BZW-882DJ<\/h2>\n<p>BZW-882DJ is a device designed for cutting and stripping wires with a cross-section from 0.1 to 6 mm\u00b2 covered with PVC, PE, Teflon, silicone, and other types of plastic. The device can strip wires in the range from 1 to 99999 mm with a precision of \u00b1(0.2%*L+1) mm. It is possible to set up to 13 stripping lengths for a single cut section. The device has 4 drive wheels. The wire feeding speed is up to 2m\/s (approximately 7.2 km\/h).<\/p>\n<p>Technical specifications:<\/p>\n<ul>\n<li>Power supply: 230V AC<\/li>\n<li>Weight: 32kg<\/li>\n<li>Dimensions: 420\u00d7340\u00d7280mm<\/li>\n<li>Motor power: 0.2 kW<\/li>\n<\/ul>\n<h2>Wire printer ITS-PRV380P-W<\/h2>\n<p>The wire printer ITS-PRV380P-W is characterized by a modern and ergonomic design. Ease of use is ensured by a user-friendly interface and touchscreen control on a large, 8-inch color display. A thermal sensor is used in the printing head to prevent printer jams, and the ink in the tanks is mixed continuously. The ink cartridges are equipped with chips that continuously inform the user about the device&#8217;s status.<\/p>\n<p>The height of the printed text (font) ranges from 1.5 to 20 mm. Print resolution (maximum dot matrix print):<\/p>\n<ul>\n<li>Single line: 5\u00d75; 5&#215;7; 8\u00d712; 11\u00d716; 17\u00d724; 24&#215;24; 32\u00d732.<\/li>\n<li>Two lines: 5\u00d75; 5&#215;7; 8\u00d712; 12\u00d712.<\/li>\n<li>Three lines: 5\u00d75; 5\u00d77; 8\u00d78.<\/li>\n<li>Four lines: 5\u00d75; 5\u00d77.<\/li>\n<\/ul>\n<p>Technical specifications:<\/p>\n<ul>\n<li>Power supply: 230V AC<\/li>\n<li>required compressed air supply<\/li>\n<li>weight 30 kg<\/li>\n<li>dimensions 581 x 397 x 245 mm<\/li>\n<\/ul>\n<p>&nbsp;<\/p>\n","protected":false},"excerpt":{"rendered":"<p>The presented set allows for cutting, stripping, and marking wires. A set consisting of:<\/p>\n<ul>\n<li>automatic wire cutting and stripping machine BZW-882DJ<\/li>\n<li>wire printer ITS-PRV380P-W<\/li>\n<\/ul>\n","protected":false},"featured_media":14641,"template":"","meta":[],"product_brand":[],"product_cat":[133],"product_tag":[796,799,798,509,508,797],"class_list":{"0":"post-14672","1":"product","2":"type-product","3":"status-publish","4":"has-post-thumbnail","6":"product_cat-automatic-wire-cutting-and-stripping-machines","7":"product_tag-machines-for-wires","8":"product_tag-printer-for-wires","9":"product_tag-printing-on-wires","10":"product_tag-stripping-machine","11":"product_tag-wire-cutting","12":"product_tag-wire-processing-machines","14":"first","15":"instock","16":"shipping-taxable","17":"product-type-simple"},"yoast_head":"<!-- This site is optimized with the Yoast SEO plugin v26.3 - https:\/\/yoast.com\/wordpress\/plugins\/seo\/ -->\n<title>Automatic wire cutting and stripping machine BZW-882DJ + wire printer ITS-PRV380P-W - Wire processor<\/title>\n<meta name=\"description\" content=\"Set for cutting, stripping, and marking wires. The set consists of the wire printer ITS-PRV380P-W and the wire automatic machine BZW-882DJ.\" \/>\n<meta name=\"robots\" content=\"index, follow, max-snippet:-1, max-image-preview:large, max-video-preview:-1\" \/>\n<link rel=\"canonical\" href=\"https:\/\/wire-processor.eu\/en\/oferta\/bzw-882dj-servo-wire-cutting-and-stripping-machine-its-prv380p-w-wire-printer\/\" \/>\n<meta property=\"og:locale\" content=\"en_US\" \/>\n<meta property=\"og:type\" content=\"article\" \/>\n<meta property=\"og:title\" content=\"Automatic wire cutting and stripping machine BZW-882DJ + wire printer ITS-PRV380P-W - Wire processor\" \/>\n<meta property=\"og:description\" content=\"Set for cutting, stripping, and marking wires. The set consists of the wire printer ITS-PRV380P-W and the wire automatic machine BZW-882DJ.\" \/>\n<meta property=\"og:url\" content=\"https:\/\/wire-processor.eu\/en\/oferta\/bzw-882dj-servo-wire-cutting-and-stripping-machine-its-prv380p-w-wire-printer\/\" \/>\n<meta property=\"og:site_name\" content=\"Wire processor\" \/>\n<meta property=\"article:modified_time\" content=\"2024-03-20T12:48:31+00:00\" \/>\n<meta property=\"og:image\" content=\"https:\/\/wire-processor.eu\/wp-content\/uploads\/2020\/12\/IMG_2669-Edit.jpg\" \/>\n\t<meta property=\"og:image:width\" content=\"800\" \/>\n\t<meta property=\"og:image:height\" content=\"800\" \/>\n\t<meta property=\"og:image:type\" content=\"image\/jpeg\" \/>\n<meta name=\"twitter:card\" content=\"summary_large_image\" \/>\n<meta name=\"twitter:label1\" content=\"Est. reading time\" \/>\n\t<meta name=\"twitter:data1\" content=\"1 minute\" \/>\n<script type=\"application\/ld+json\" class=\"yoast-schema-graph\">{\"@context\":\"https:\/\/schema.org\",\"@graph\":[{\"@type\":\"WebPage\",\"@id\":\"https:\/\/wire-processor.eu\/en\/oferta\/bzw-882dj-servo-wire-cutting-and-stripping-machine-its-prv380p-w-wire-printer\/\",\"url\":\"https:\/\/wire-processor.eu\/en\/oferta\/bzw-882dj-servo-wire-cutting-and-stripping-machine-its-prv380p-w-wire-printer\/\",\"name\":\"Automatic wire cutting and stripping machine BZW-882DJ + wire printer ITS-PRV380P-W - Wire processor\",\"isPartOf\":{\"@id\":\"https:\/\/wire-processor.eu\/en\/#website\"},\"primaryImageOfPage\":{\"@id\":\"https:\/\/wire-processor.eu\/en\/oferta\/bzw-882dj-servo-wire-cutting-and-stripping-machine-its-prv380p-w-wire-printer\/#primaryimage\"},\"image\":{\"@id\":\"https:\/\/wire-processor.eu\/en\/oferta\/bzw-882dj-servo-wire-cutting-and-stripping-machine-its-prv380p-w-wire-printer\/#primaryimage\"},\"thumbnailUrl\":\"https:\/\/wire-processor.eu\/wp-content\/uploads\/2020\/12\/IMG_2669-Edit.jpg\",\"datePublished\":\"2020-12-29T20:09:53+00:00\",\"dateModified\":\"2024-03-20T12:48:31+00:00\",\"description\":\"Set for cutting, stripping, and marking wires. The set consists of the wire printer ITS-PRV380P-W and the wire automatic machine BZW-882DJ.\",\"breadcrumb\":{\"@id\":\"https:\/\/wire-processor.eu\/en\/oferta\/bzw-882dj-servo-wire-cutting-and-stripping-machine-its-prv380p-w-wire-printer\/#breadcrumb\"},\"inLanguage\":\"en-US\",\"potentialAction\":[{\"@type\":\"ReadAction\",\"target\":[\"https:\/\/wire-processor.eu\/en\/oferta\/bzw-882dj-servo-wire-cutting-and-stripping-machine-its-prv380p-w-wire-printer\/\"]}]},{\"@type\":\"ImageObject\",\"inLanguage\":\"en-US\",\"@id\":\"https:\/\/wire-processor.eu\/en\/oferta\/bzw-882dj-servo-wire-cutting-and-stripping-machine-its-prv380p-w-wire-printer\/#primaryimage\",\"url\":\"https:\/\/wire-processor.eu\/wp-content\/uploads\/2020\/12\/IMG_2669-Edit.jpg\",\"contentUrl\":\"https:\/\/wire-processor.eu\/wp-content\/uploads\/2020\/12\/IMG_2669-Edit.jpg\",\"width\":800,\"height\":800,\"caption\":\"Automatic set for cutting and stripping wires BZW-882DJ with a printer for printing on wires\"},{\"@type\":\"BreadcrumbList\",\"@id\":\"https:\/\/wire-processor.eu\/en\/oferta\/bzw-882dj-servo-wire-cutting-and-stripping-machine-its-prv380p-w-wire-printer\/#breadcrumb\",\"itemListElement\":[{\"@type\":\"ListItem\",\"position\":1,\"name\":\"Strona g\u0142\u00f3wna\",\"item\":\"https:\/\/wire-processor.eu\/en\/\"},{\"@type\":\"ListItem\",\"position\":2,\"name\":\"Offer\",\"item\":\"https:\/\/wire-processor.eu\/en\/offer\/\"},{\"@type\":\"ListItem\",\"position\":3,\"name\":\"Automatic wire cutting and stripping machine BZW-882DJ + wire printer ITS-PRV380P-W\"}]},{\"@type\":\"WebSite\",\"@id\":\"https:\/\/wire-processor.eu\/en\/#website\",\"url\":\"https:\/\/wire-processor.eu\/en\/\",\"name\":\"Wire processor\",\"description\":\"Maszyny do obr\u00f3bki przewod\u00f3w\",\"publisher\":{\"@id\":\"https:\/\/wire-processor.eu\/en\/#organization\"},\"potentialAction\":[{\"@type\":\"SearchAction\",\"target\":{\"@type\":\"EntryPoint\",\"urlTemplate\":\"https:\/\/wire-processor.eu\/en\/?s={search_term_string}\"},\"query-input\":{\"@type\":\"PropertyValueSpecification\",\"valueRequired\":true,\"valueName\":\"search_term_string\"}}],\"inLanguage\":\"en-US\"},{\"@type\":\"Organization\",\"@id\":\"https:\/\/wire-processor.eu\/en\/#organization\",\"name\":\"Wire processor - maszyny do przewod\u00f3w\",\"url\":\"https:\/\/wire-processor.eu\/en\/\",\"logo\":{\"@type\":\"ImageObject\",\"inLanguage\":\"en-US\",\"@id\":\"https:\/\/wire-processor.eu\/en\/#\/schema\/logo\/image\/\",\"url\":\"https:\/\/wire-processor.eu\/wp-content\/uploads\/2018\/04\/Bozwang-_logo_producent1.png\",\"contentUrl\":\"https:\/\/wire-processor.eu\/wp-content\/uploads\/2018\/04\/Bozwang-_logo_producent1.png\",\"width\":250,\"height\":33,\"caption\":\"Wire processor - maszyny do przewod\u00f3w\"},\"image\":{\"@id\":\"https:\/\/wire-processor.eu\/en\/#\/schema\/logo\/image\/\"}}]}<\/script>\n<!-- \/ Yoast SEO plugin. -->","yoast_head_json":{"title":"Automatic wire cutting and stripping machine BZW-882DJ + wire printer ITS-PRV380P-W - Wire processor","description":"Set for cutting, stripping, and marking wires. The set consists of the wire printer ITS-PRV380P-W and the wire automatic machine BZW-882DJ.","robots":{"index":"index","follow":"follow","max-snippet":"max-snippet:-1","max-image-preview":"max-image-preview:large","max-video-preview":"max-video-preview:-1"},"canonical":"https:\/\/wire-processor.eu\/en\/oferta\/bzw-882dj-servo-wire-cutting-and-stripping-machine-its-prv380p-w-wire-printer\/","og_locale":"en_US","og_type":"article","og_title":"Automatic wire cutting and stripping machine BZW-882DJ + wire printer ITS-PRV380P-W - Wire processor","og_description":"Set for cutting, stripping, and marking wires. The set consists of the wire printer ITS-PRV380P-W and the wire automatic machine BZW-882DJ.","og_url":"https:\/\/wire-processor.eu\/en\/oferta\/bzw-882dj-servo-wire-cutting-and-stripping-machine-its-prv380p-w-wire-printer\/","og_site_name":"Wire processor","article_modified_time":"2024-03-20T12:48:31+00:00","og_image":[{"width":800,"height":800,"url":"https:\/\/wire-processor.eu\/wp-content\/uploads\/2020\/12\/IMG_2669-Edit.jpg","type":"image\/jpeg"}],"twitter_card":"summary_large_image","twitter_misc":{"Est. reading time":"1 minute"},"schema":{"@context":"https:\/\/schema.org","@graph":[{"@type":"WebPage","@id":"https:\/\/wire-processor.eu\/en\/oferta\/bzw-882dj-servo-wire-cutting-and-stripping-machine-its-prv380p-w-wire-printer\/","url":"https:\/\/wire-processor.eu\/en\/oferta\/bzw-882dj-servo-wire-cutting-and-stripping-machine-its-prv380p-w-wire-printer\/","name":"Automatic wire cutting and stripping machine BZW-882DJ + wire printer ITS-PRV380P-W - Wire processor","isPartOf":{"@id":"https:\/\/wire-processor.eu\/en\/#website"},"primaryImageOfPage":{"@id":"https:\/\/wire-processor.eu\/en\/oferta\/bzw-882dj-servo-wire-cutting-and-stripping-machine-its-prv380p-w-wire-printer\/#primaryimage"},"image":{"@id":"https:\/\/wire-processor.eu\/en\/oferta\/bzw-882dj-servo-wire-cutting-and-stripping-machine-its-prv380p-w-wire-printer\/#primaryimage"},"thumbnailUrl":"https:\/\/wire-processor.eu\/wp-content\/uploads\/2020\/12\/IMG_2669-Edit.jpg","datePublished":"2020-12-29T20:09:53+00:00","dateModified":"2024-03-20T12:48:31+00:00","description":"Set for cutting, stripping, and marking wires. The set consists of the wire printer ITS-PRV380P-W and the wire automatic machine BZW-882DJ.","breadcrumb":{"@id":"https:\/\/wire-processor.eu\/en\/oferta\/bzw-882dj-servo-wire-cutting-and-stripping-machine-its-prv380p-w-wire-printer\/#breadcrumb"},"inLanguage":"en-US","potentialAction":[{"@type":"ReadAction","target":["https:\/\/wire-processor.eu\/en\/oferta\/bzw-882dj-servo-wire-cutting-and-stripping-machine-its-prv380p-w-wire-printer\/"]}]},{"@type":"ImageObject","inLanguage":"en-US","@id":"https:\/\/wire-processor.eu\/en\/oferta\/bzw-882dj-servo-wire-cutting-and-stripping-machine-its-prv380p-w-wire-printer\/#primaryimage","url":"https:\/\/wire-processor.eu\/wp-content\/uploads\/2020\/12\/IMG_2669-Edit.jpg","contentUrl":"https:\/\/wire-processor.eu\/wp-content\/uploads\/2020\/12\/IMG_2669-Edit.jpg","width":800,"height":800,"caption":"Automatic set for cutting and stripping wires BZW-882DJ with a printer for printing on wires"},{"@type":"BreadcrumbList","@id":"https:\/\/wire-processor.eu\/en\/oferta\/bzw-882dj-servo-wire-cutting-and-stripping-machine-its-prv380p-w-wire-printer\/#breadcrumb","itemListElement":[{"@type":"ListItem","position":1,"name":"Strona g\u0142\u00f3wna","item":"https:\/\/wire-processor.eu\/en\/"},{"@type":"ListItem","position":2,"name":"Offer","item":"https:\/\/wire-processor.eu\/en\/offer\/"},{"@type":"ListItem","position":3,"name":"Automatic wire cutting and stripping machine BZW-882DJ + wire printer ITS-PRV380P-W"}]},{"@type":"WebSite","@id":"https:\/\/wire-processor.eu\/en\/#website","url":"https:\/\/wire-processor.eu\/en\/","name":"Wire processor","description":"Maszyny do obr\u00f3bki przewod\u00f3w","publisher":{"@id":"https:\/\/wire-processor.eu\/en\/#organization"},"potentialAction":[{"@type":"SearchAction","target":{"@type":"EntryPoint","urlTemplate":"https:\/\/wire-processor.eu\/en\/?s={search_term_string}"},"query-input":{"@type":"PropertyValueSpecification","valueRequired":true,"valueName":"search_term_string"}}],"inLanguage":"en-US"},{"@type":"Organization","@id":"https:\/\/wire-processor.eu\/en\/#organization","name":"Wire processor - maszyny do przewod\u00f3w","url":"https:\/\/wire-processor.eu\/en\/","logo":{"@type":"ImageObject","inLanguage":"en-US","@id":"https:\/\/wire-processor.eu\/en\/#\/schema\/logo\/image\/","url":"https:\/\/wire-processor.eu\/wp-content\/uploads\/2018\/04\/Bozwang-_logo_producent1.png","contentUrl":"https:\/\/wire-processor.eu\/wp-content\/uploads\/2018\/04\/Bozwang-_logo_producent1.png","width":250,"height":33,"caption":"Wire processor - maszyny do przewod\u00f3w"},"image":{"@id":"https:\/\/wire-processor.eu\/en\/#\/schema\/logo\/image\/"}}]}},"_links":{"self":[{"href":"https:\/\/wire-processor.eu\/en\/wp-json\/wp\/v2\/product\/14672","targetHints":{"allow":["GET"]}}],"collection":[{"href":"https:\/\/wire-processor.eu\/en\/wp-json\/wp\/v2\/product"}],"about":[{"href":"https:\/\/wire-processor.eu\/en\/wp-json\/wp\/v2\/types\/product"}],"wp:featuredmedia":[{"embeddable":true,"href":"https:\/\/wire-processor.eu\/en\/wp-json\/wp\/v2\/media\/14641"}],"wp:attachment":[{"href":"https:\/\/wire-processor.eu\/en\/wp-json\/wp\/v2\/media?parent=14672"}],"wp:term":[{"taxonomy":"product_brand","embeddable":true,"href":"https:\/\/wire-processor.eu\/en\/wp-json\/wp\/v2\/product_brand?post=14672"},{"taxonomy":"product_cat","embeddable":true,"href":"https:\/\/wire-processor.eu\/en\/wp-json\/wp\/v2\/product_cat?post=14672"},{"taxonomy":"product_tag","embeddable":true,"href":"https:\/\/wire-processor.eu\/en\/wp-json\/wp\/v2\/product_tag?post=14672"}],"curies":[{"name":"wp","href":"https:\/\/api.w.org\/{rel}","templated":true}]}}